{"id":11173,"date":"2025-12-10T16:47:10","date_gmt":"2025-12-10T16:47:10","guid":{"rendered":"https:\/\/www.deleurope.com\/veranstaltungen\/neue-testseite\/"},"modified":"2025-12-10T16:48:31","modified_gmt":"2025-12-10T16:48:31","slug":"neue-testseite","status":"publish","type":"page","link":"https:\/\/www.deleurope.com\/de\/neue-testseite\/","title":{"rendered":"neue Testseite"},"content":{"rendered":"\n<p>lorem ipsum en text in de<\/p>\n\n<div class=\"wp-block-contact-form-7-contact-form-selector\">\n<div class=\"wpcf7 no-js\" id=\"wpcf7-f11070-o1\" lang=\"de-DE\" dir=\"ltr\" data-wpcf7-id=\"11070\">\n<div class=\"screen-reader-response\"><p role=\"status\" aria-live=\"polite\" aria-atomic=\"true\"><\/p> <ul><\/ul><\/div>\n<form action=\"\/de\/wp-json\/wp\/v2\/pages\/11173#wpcf7-f11070-o1\" method=\"post\" class=\"wpcf7-form init\" aria-label=\"Kontaktformular\" novalidate=\"novalidate\" data-status=\"init\">\n<fieldset class=\"hidden-fields-container\"><input type=\"hidden\" name=\"_wpcf7\" value=\"11070\" \/><input type=\"hidden\" name=\"_wpcf7_version\" value=\"6.1.5\" \/><input type=\"hidden\" name=\"_wpcf7_locale\" value=\"de_DE\" \/><input type=\"hidden\" name=\"_wpcf7_unit_tag\" value=\"wpcf7-f11070-o1\" \/><input type=\"hidden\" name=\"_wpcf7_container_post\" value=\"0\" \/><input type=\"hidden\" name=\"_wpcf7_posted_data_hash\" value=\"\" \/>\n<\/fieldset>\n<p><span class=\"wpcf7-form-control-wrap\" data-name=\"firstname\"><input size=\"40\" maxlength=\"400\" class=\"wpcf7-form-control wpcf7-text wpcf7-validates-as-required half\" aria-required=\"true\" aria-invalid=\"false\" placeholder=\"Vorname*\" value=\"\" type=\"text\" name=\"firstname\" \/><\/span><br \/>\n<span class=\"wpcf7-form-control-wrap\" data-name=\"lastname\"><input size=\"40\" maxlength=\"400\" class=\"wpcf7-form-control wpcf7-text wpcf7-validates-as-required half\" aria-required=\"true\" aria-invalid=\"false\" placeholder=\"Nachname*\" value=\"\" type=\"text\" name=\"lastname\" \/><\/span><br \/>\n<span class=\"wpcf7-form-control-wrap\" data-name=\"email\"><input size=\"40\" maxlength=\"400\" class=\"wpcf7-form-control wpcf7-email wpcf7-validates-as-required wpcf7-text wpcf7-validates-as-email half\" aria-required=\"true\" aria-invalid=\"false\" placeholder=\"Email*\" value=\"\" type=\"email\" name=\"email\" \/><\/span><br \/>\n<span class=\"wpcf7-form-control-wrap\" data-name=\"telephone\"><input size=\"40\" maxlength=\"400\" class=\"wpcf7-form-control wpcf7-tel wpcf7-validates-as-required wpcf7-text wpcf7-validates-as-tel half\" aria-required=\"true\" aria-invalid=\"false\" placeholder=\"Telefon*\" value=\"\" type=\"tel\" name=\"telephone\" \/><\/span><br \/>\n<span class=\"wpcf7-form-control-wrap\" data-name=\"company\"><input size=\"40\" maxlength=\"400\" class=\"wpcf7-form-control wpcf7-text wpcf7-validates-as-required half\" aria-required=\"true\" aria-invalid=\"false\" placeholder=\"Company name (optional)\" value=\"\" type=\"text\" name=\"company\" \/><\/span><br \/>\n<span class=\"wpcf7-form-control-wrap\" data-name=\"eventdate\"><input class=\"wpcf7-form-control wpcf7-date wpcf7-validates-as-required wpcf7-validates-as-date half\" aria-required=\"true\" aria-invalid=\"false\" placeholder=\"Bevorzugtes Veranstaltungsdatum*\" value=\"\" type=\"date\" name=\"eventdate\" \/><\/span><br \/>\n<span class=\"wpcf7-form-control-wrap\" data-name=\"eventtype\"><select class=\"wpcf7-form-control wpcf7-select wpcf7-validates-as-required half\" aria-required=\"true\" aria-invalid=\"false\" name=\"eventtype\"><option value=\"\">Veranstaltungstyp*<\/option><option value=\"Besprechung\">Besprechung<\/option><option value=\"Konferenz\">Konferenz<\/option><option value=\"Vorstandssitzung\">Vorstandssitzung<\/option><option value=\"Privates Mittag-\/Abendessen\">Privates Mittag-\/Abendessen<\/option><option value=\"Empfang\">Empfang<\/option><option value=\"Gesellschaftliches Ereignis\">Gesellschaftliches Ereignis<\/option><option value=\"Sonstiges\">Sonstiges<\/option><\/select><\/span><br \/>\n<span class=\"wpcf7-form-control-wrap\" data-name=\"numberofguests\"><select class=\"wpcf7-form-control wpcf7-select wpcf7-validates-as-required half\" aria-required=\"true\" aria-invalid=\"false\" name=\"numberofguests\"><option value=\"Anzahl der G\u00e4ste*\">Anzahl der G\u00e4ste*<\/option><option value=\"0-10\">0-10<\/option><option value=\"11\u201320\">11\u201320<\/option><option value=\"21\u201340\">21\u201340<\/option><option value=\"41\u201380\">41\u201380<\/option><option value=\"80+\">80+<\/option><\/select><\/span><br \/>\n<span class=\"wpcf7-form-control-wrap\" data-name=\"timeslot\"><select class=\"wpcf7-form-control wpcf7-select wpcf7-validates-as-required half\" aria-required=\"true\" aria-invalid=\"false\" name=\"timeslot\"><option value=\"\">Bevorzugtes Zeitfenster*<\/option><option value=\"Morgen\">Morgen<\/option><option value=\"Nachmittag\">Nachmittag<\/option><option value=\"Abend\">Abend<\/option><option value=\"Ganzer Tag\">Ganzer Tag<\/option><\/select><\/span><br \/>\n<span class=\"wpcf7-form-control-wrap\" data-name=\"setup\"><select class=\"wpcf7-form-control wpcf7-select half\" aria-invalid=\"false\" name=\"setup\"><option value=\"\">Raumeinrichtung (optional)<\/option><option value=\"Individuell\">Individuell<\/option><option value=\"Sitzungssaal\">Sitzungssaal<\/option><option value=\"Theater\">Theater<\/option><option value=\"Klassenzimmer\">Klassenzimmer<\/option><option value=\"U-Form\">U-Form<\/option><option value=\"Kabarett\">Kabarett<\/option><option value=\"Stehempfang\">Stehempfang<\/option><\/select><\/span><br \/>\n<span class=\"wpcf7-form-control-wrap\" data-name=\"accommodation\"><select class=\"wpcf7-form-control wpcf7-select half\" aria-invalid=\"false\" name=\"accommodation\"><option value=\"\">Unterkunft erforderlich? (optional)<\/option><option value=\"Ja\">Ja<\/option><option value=\"Nein\">Nein<\/option><option value=\"Noch zu best\u00e4tigen\">Noch zu best\u00e4tigen<\/option><\/select><\/span><br \/>\n<span class=\"wpcf7-form-control-wrap\" data-name=\"message\"><textarea cols=\"40\" rows=\"10\" maxlength=\"2000\" class=\"wpcf7-form-control wpcf7-textarea full\" aria-invalid=\"false\" placeholder=\"Erz\u00e4hlen Sie uns mehr \u00fcber Ihr Meeting oder Event, einschlie\u00dflich bevorzugter Zeiten, Agenda, technischen Anforderungen und weiteren besonderen W\u00fcnschen..\" name=\"message\"><\/textarea><\/span>\n<\/p>\n<p class=\"privacy-contact\">This site is protected by reCAPTCHA and the Google<br \/>\n<a href=\"\/privacy-policy-2\/\">PRIVACY POLICY<\/a> and<br \/>\n<a href=\"\/terms-conditions\/\">TERMS OF SERVICE<\/a> apply.\n<\/p>\n<p><input class=\"wpcf7-form-control wpcf7-submit has-spinner\" type=\"submit\" value=\"Anfrage senden\" \/>\n<\/p><noscript>\n\t\t\t<div class=\"wpcf7-response-output wpcf7-spam-blocked\">Your browser does not support JavaScript!. Please enable javascript in your browser in order to get form work properly.<\/div>\n\t<\/noscript><script type='text\/javascript'>\n\n\t\t\t\t\t\tif(contactform === undefined){\n\t\t\t\t\t\t\tvar contactform = [];\n\t\t\t\t\t\t}\n\t\t\t\t\t\tvar innerVal = [11070,'mail_sent_ok','Vielen Dank f&uuml;r Ihre Nachricht. Sie wurde abgeschickt.'];\n\t\t\t\t\t\tcontactform.push(innerVal);\n\t\t\t\t\t\tvar innerVal = [11070,'mail_sent_ng','Es ist ein Fehler beim Senden Ihrer Nachricht aufgetreten. Bitte versuchen Sie es sp&auml;ter noch einmal.'];\n\t\t\t\t\t\tcontactform.push(innerVal);\n\t\t\t\t\t\tvar innerVal = [11070,'validation_error','Ein oder mehrere Felder weisen einen Fehler auf. Bitte &uuml;berpr&uuml;fen Sie das und versuchen Sie es erneut.'];\n\t\t\t\t\t\tcontactform.push(innerVal);\n\t\t\t\t\t\tvar innerVal = [11070,'spam','Es ist ein Fehler beim Senden Ihrer Nachricht aufgetreten. Bitte versuchen Sie es sp&auml;ter noch einmal.'];\n\t\t\t\t\t\tcontactform.push(innerVal);\n\t\t\t\t\t\tvar innerVal = [11070,'accept_terms','Sie m&uuml;ssen die Bedingungen und Konditionen akzeptieren, bevor Sie Ihre Nachricht senden k&ouml;nnen.'];\n\t\t\t\t\t\tcontactform.push(innerVal);\n\t\t\t\t\t\tvar innerVal = [11070,'invalid_required','Bitte f&uuml;llen Sie dieses Feld aus.'];\n\t\t\t\t\t\tcontactform.push(innerVal);\n\t\t\t\t\t\tvar innerVal = [11070,'invalid_too_long','Dieses Feld hat eine zu lange Eingabe.'];\n\t\t\t\t\t\tcontactform.push(innerVal);\n\t\t\t\t\t\tvar innerVal = [11070,'invalid_too_short','Dieses Feld hat eine zu kurze Eingabe.'];\n\t\t\t\t\t\tcontactform.push(innerVal);\n\t\t\t\t\t\tvar innerVal = [11070,'upload_failed','Es ist ein unbekannter Fehler beim Hochladen der Datei aufgetreten.'];\n\t\t\t\t\t\tcontactform.push(innerVal);\n\t\t\t\t\t\tvar innerVal = [11070,'upload_file_type_invalid','Es ist nicht erlaubt, Dateien dieses Typs hochzuladen.'];\n\t\t\t\t\t\tcontactform.push(innerVal);\n\t\t\t\t\t\tvar innerVal = [11070,'upload_file_too_large','Die hochgeladene Datei ist zu gro&szlig;.'];\n\t\t\t\t\t\tcontactform.push(innerVal);\n\t\t\t\t\t\tvar innerVal = [11070,'upload_failed_php_error','Beim Hochladen der Datei ist ein Fehler aufgetreten.'];\n\t\t\t\t\t\tcontactform.push(innerVal);\n\t\t\t\t\t\tvar innerVal = [11070,'invalid_date','Bitte geben Sie ein Datum im Format JJJJ-MM-TT ein.'];\n\t\t\t\t\t\tcontactform.push(innerVal);\n\t\t\t\t\t\tvar innerVal = [11070,'date_too_early','Dieses Feld hat ein zu fr&uuml;hes Datum.'];\n\t\t\t\t\t\tcontactform.push(innerVal);\n\t\t\t\t\t\tvar innerVal = [11070,'date_too_late','Dieses Feld hat ein zu sp&auml;tes Datum.'];\n\t\t\t\t\t\tcontactform.push(innerVal);\n\t\t\t\t\t\tvar innerVal = [11070,'invalid_number','Bitte geben Sie eine Nummer ein.'];\n\t\t\t\t\t\tcontactform.push(innerVal);\n\t\t\t\t\t\tvar innerVal = [11070,'number_too_small','Dieses Feld hat eine zu kleine Zahl.'];\n\t\t\t\t\t\tcontactform.push(innerVal);\n\t\t\t\t\t\tvar innerVal = [11070,'number_too_large','Dieses Feld hat eine zu gro&szlig;e Zahl.'];\n\t\t\t\t\t\tcontactform.push(innerVal);\n\t\t\t\t\t\tvar innerVal = [11070,'quiz_answer_not_correct','Die Antwort auf das Quiz ist falsch.'];\n\t\t\t\t\t\tcontactform.push(innerVal);\n\t\t\t\t\t\tvar innerVal = [11070,'invalid_email','Bitte geben Sie eine E-Mail Adresse ein.'];\n\t\t\t\t\t\tcontactform.push(innerVal);\n\t\t\t\t\t\tvar innerVal = [11070,'invalid_url','Bitte geben Sie eine URL ein.'];\n\t\t\t\t\t\tcontactform.push(innerVal);\n\t\t\t\t\t\tvar innerVal = [11070,'invalid_tel','Bitte geben Sie eine Telefonnummer ein.'];\n\t\t\t\t\t\tcontactform.push(innerVal);\n\t\t\t\t\t\tvar innerVal = [11070,'gdpr',''];\n\t\t\t\t\t\tcontactform.push(innerVal);\n\t\t\t\t\t\t<\/script><div class=\"wpcf7-response-output\" aria-hidden=\"true\"><\/div>\n<\/form>\n<\/div>\n<\/div>\n","protected":false},"excerpt":{"rendered":"<p>lorem ipsum en text in de<\/p>\n","protected":false},"author":2,"featured_media":0,"parent":0,"menu_order":0,"comment_status":"closed","ping_status":"closed","template":"","meta":{"_acf_changed":false,"footnotes":""},"class_list":["post-11173","page","type-page","status-publish","hentry"],"acf":[],"yoast_head":"<!-- This site is optimized with the Yoast SEO plugin v27.3 - https:\/\/yoast.com\/product\/yoast-seo-wordpress\/ -->\n<title>neue Testseite - De L&#039;Europe Amsterdam<\/title>\n<meta name=\"robots\" content=\"index, follow, max-snippet:-1, max-image-preview:large, max-video-preview:-1\" \/>\n<link rel=\"canonical\" href=\"https:\/\/www.deleurope.com\/de\/neue-testseite\/\" \/>\n<meta property=\"og:locale\" content=\"de_DE\" \/>\n<meta property=\"og:type\" content=\"article\" \/>\n<meta property=\"og:title\" content=\"neue Testseite - De L&#039;Europe Amsterdam\" \/>\n<meta property=\"og:description\" content=\"lorem ipsum en text in de\" \/>\n<meta property=\"og:url\" content=\"https:\/\/www.deleurope.com\/de\/neue-testseite\/\" \/>\n<meta property=\"og:site_name\" content=\"De L&#039;Europe Amsterdam\" \/>\n<meta property=\"article:modified_time\" content=\"2025-12-10T16:48:31+00:00\" \/>\n<meta name=\"twitter:card\" content=\"summary_large_image\" \/>\n<script type=\"application\/ld+json\" class=\"yoast-schema-graph\">{\"@context\":\"https:\\\/\\\/schema.org\",\"@graph\":[{\"@type\":\"WebPage\",\"@id\":\"https:\\\/\\\/www.deleurope.com\\\/de\\\/neue-testseite\\\/\",\"url\":\"https:\\\/\\\/www.deleurope.com\\\/de\\\/neue-testseite\\\/\",\"name\":\"neue Testseite - De L&#039;Europe Amsterdam\",\"isPartOf\":{\"@id\":\"https:\\\/\\\/www.deleurope.com\\\/de\\\/#website\"},\"datePublished\":\"2025-12-10T16:47:10+00:00\",\"dateModified\":\"2025-12-10T16:48:31+00:00\",\"breadcrumb\":{\"@id\":\"https:\\\/\\\/www.deleurope.com\\\/de\\\/neue-testseite\\\/#breadcrumb\"},\"inLanguage\":\"de-DE\",\"potentialAction\":[{\"@type\":\"ReadAction\",\"target\":[\"https:\\\/\\\/www.deleurope.com\\\/de\\\/neue-testseite\\\/\"]}]},{\"@type\":\"BreadcrumbList\",\"@id\":\"https:\\\/\\\/www.deleurope.com\\\/de\\\/neue-testseite\\\/#breadcrumb\",\"itemListElement\":[{\"@type\":\"ListItem\",\"position\":1,\"name\":\"Home\",\"item\":\"https:\\\/\\\/www.deleurope.com\\\/de\\\/\"},{\"@type\":\"ListItem\",\"position\":2,\"name\":\"Private Veranstaltungsr\u00e4ume\",\"item\":\"https:\\\/\\\/www.deleurope.com\\\/de\\\/veranstaltungen\\\/\"},{\"@type\":\"ListItem\",\"position\":3,\"name\":\"neue Testseite\"}]},{\"@type\":\"WebSite\",\"@id\":\"https:\\\/\\\/www.deleurope.com\\\/de\\\/#website\",\"url\":\"https:\\\/\\\/www.deleurope.com\\\/de\\\/\",\"name\":\"De L&#039;Europe Amsterdam\",\"description\":\"Home of original Amsterdam luxury.\",\"potentialAction\":[{\"@type\":\"SearchAction\",\"target\":{\"@type\":\"EntryPoint\",\"urlTemplate\":\"https:\\\/\\\/www.deleurope.com\\\/de\\\/?s={search_term_string}\"},\"query-input\":{\"@type\":\"PropertyValueSpecification\",\"valueRequired\":true,\"valueName\":\"search_term_string\"}}],\"inLanguage\":\"de-DE\"}]}<\/script>\n<!-- \/ Yoast SEO plugin. -->","yoast_head_json":{"title":"neue Testseite - De L&#039;Europe Amsterdam","robots":{"index":"index","follow":"follow","max-snippet":"max-snippet:-1","max-image-preview":"max-image-preview:large","max-video-preview":"max-video-preview:-1"},"canonical":"https:\/\/www.deleurope.com\/de\/neue-testseite\/","og_locale":"de_DE","og_type":"article","og_title":"neue Testseite - De L&#039;Europe Amsterdam","og_description":"lorem ipsum en text in de","og_url":"https:\/\/www.deleurope.com\/de\/neue-testseite\/","og_site_name":"De L&#039;Europe Amsterdam","article_modified_time":"2025-12-10T16:48:31+00:00","twitter_card":"summary_large_image","schema":{"@context":"https:\/\/schema.org","@graph":[{"@type":"WebPage","@id":"https:\/\/www.deleurope.com\/de\/neue-testseite\/","url":"https:\/\/www.deleurope.com\/de\/neue-testseite\/","name":"neue Testseite - De L&#039;Europe Amsterdam","isPartOf":{"@id":"https:\/\/www.deleurope.com\/de\/#website"},"datePublished":"2025-12-10T16:47:10+00:00","dateModified":"2025-12-10T16:48:31+00:00","breadcrumb":{"@id":"https:\/\/www.deleurope.com\/de\/neue-testseite\/#breadcrumb"},"inLanguage":"de-DE","potentialAction":[{"@type":"ReadAction","target":["https:\/\/www.deleurope.com\/de\/neue-testseite\/"]}]},{"@type":"BreadcrumbList","@id":"https:\/\/www.deleurope.com\/de\/neue-testseite\/#breadcrumb","itemListElement":[{"@type":"ListItem","position":1,"name":"Home","item":"https:\/\/www.deleurope.com\/de\/"},{"@type":"ListItem","position":2,"name":"Private Veranstaltungsr\u00e4ume","item":"https:\/\/www.deleurope.com\/de\/veranstaltungen\/"},{"@type":"ListItem","position":3,"name":"neue Testseite"}]},{"@type":"WebSite","@id":"https:\/\/www.deleurope.com\/de\/#website","url":"https:\/\/www.deleurope.com\/de\/","name":"De L&#039;Europe Amsterdam","description":"Home of original Amsterdam luxury.","potentialAction":[{"@type":"SearchAction","target":{"@type":"EntryPoint","urlTemplate":"https:\/\/www.deleurope.com\/de\/?s={search_term_string}"},"query-input":{"@type":"PropertyValueSpecification","valueRequired":true,"valueName":"search_term_string"}}],"inLanguage":"de-DE"}]}},"featured_image_src":null,"featured_image_src_square":null,"_links":{"self":[{"href":"https:\/\/www.deleurope.com\/de\/wp-json\/wp\/v2\/pages\/11173","targetHints":{"allow":["GET"]}}],"collection":[{"href":"https:\/\/www.deleurope.com\/de\/wp-json\/wp\/v2\/pages"}],"about":[{"href":"https:\/\/www.deleurope.com\/de\/wp-json\/wp\/v2\/types\/page"}],"author":[{"embeddable":true,"href":"https:\/\/www.deleurope.com\/de\/wp-json\/wp\/v2\/users\/2"}],"replies":[{"embeddable":true,"href":"https:\/\/www.deleurope.com\/de\/wp-json\/wp\/v2\/comments?post=11173"}],"version-history":[{"count":0,"href":"https:\/\/www.deleurope.com\/de\/wp-json\/wp\/v2\/pages\/11173\/revisions"}],"wp:attachment":[{"href":"https:\/\/www.deleurope.com\/de\/wp-json\/wp\/v2\/media?parent=11173"}],"curies":[{"name":"wp","href":"https:\/\/api.w.org\/{rel}","templated":true}]}}