{"id":11218,"date":"2025-12-11T15:36:06","date_gmt":"2025-12-11T15:36:06","guid":{"rendered":"https:\/\/www.deleurope.com\/wellness\/biologique-recherche-amsterdam\/"},"modified":"2025-12-29T09:15:51","modified_gmt":"2025-12-29T09:15:51","slug":"biologique-recherche-amsterdam","status":"publish","type":"page","link":"https:\/\/www.deleurope.com\/de\/wellness\/biologique-recherche-amsterdam\/","title":{"rendered":"BIOLOGIQUE RECHERCHE AMSTERDAM"},"content":{"rendered":"\n<div class=\"wp-block-columns is-layout-flex wp-container-core-columns-is-layout-9d6595d7 wp-block-columns-is-layout-flex\">\n<div class=\"wp-block-column description-and-button is-layout-flow wp-block-column-is-layout-flow\">\n<p class=\"has-text-align-center rooms-description-white-box has-large-font-size\">Entdecken Sie einen raffinierten Ansatz f\u00fcr <strong>Wellness, Sch\u00f6nheit und Entspannung<\/strong> im De L&#8217;Europe Amsterdam. Unsere Mind &amp; Body-Erlebnisse basieren auf Handwerkskunst, Pr\u00e4zision und Ergebnissen und bieten einige der besten Spa-Behandlungen in Amsterdam. Das Herzst\u00fcck unserer Philosophie ist die Zusammenarbeit mit <strong>Biologique Recherche<\/strong>, dem renommierten Pariser Hautpflegeunternehmen, das f\u00fcr seine klinische Methodik, seine hochwirksamen Rezepturen und seine ganz pers\u00f6nlichen Behandlungen im Herzen von Amsterdam bekannt ist.  <br\/><br\/>Monday to Sunday | 11h00 &#8211; 19h00<\/p>\n<\/div>\n<\/div>\n\n<div class=\"wp-block-columns text-on-left wrap-2-columns eat-and-drink-cards top-border is-layout-flex wp-container-core-columns-is-layout-9d6595d7 wp-block-columns-is-layout-flex\" id=\"graziella\">\n<div class=\"wp-block-column is-vertically-aligned-center middle-align is-layout-flow wp-block-column-is-layout-flow\" style=\"flex-basis:50%\">\n<h2 class=\"wp-block-heading has-text-align-center has-extra-large-font-size\" style=\"text-transform:capitalize\">Biologique Recherche Amsterdam<\/h2>\n\n\n\n<p class=\"has-text-align-center\"><strong>HOCHLEISTUNGS-GESICHTSBEHANDLUNGEN<\/strong><\/p>\n\n\n\n<div class=\"wp-block-group\"><div class=\"wp-block-group__inner-container is-layout-constrained wp-block-group-is-layout-constrained\">\n<p class=\"has-text-align-center\">Wir sind stolz darauf, <strong>Biologique Recherche<\/strong> nach Amsterdam zu bringen &#8211; eine Hautpflegephilosophie, die sich durch wissenschaftliche Pr\u00e4zision, potente botanische und biotechnologische Inhaltsstoffe und ma\u00dfgeschneiderte Behandlungsprotokolle auszeichnet. Auf der Grundlage von mehr als 45 Jahren Forschung wird jedes Ritual auf Ihren individuellen <strong>Skin Instant\u00ae<\/strong> zugeschnitten und sorgt f\u00fcr sichtbare Ergebnisse und eine lang anhaltende Hautver\u00e4nderung. <\/p>\n\n\n\n<p class=\"has-text-align-center\">Von gezielten Gesichtsbehandlungen bis hin zu fortschrittlichen Lifting-Ritualen bietet Biologique Recherche eines der effektivsten und luxuri\u00f6sesten Angebote f\u00fcr Gesichtsbehandlungen in Amsterdam.<\/p>\n\n\n\n<div class=\"wp-block-buttons is-horizontal is-content-justification-center is-layout-flex wp-container-core-buttons-is-layout-499968f5 wp-block-buttons-is-layout-flex\">\n<div class=\"wp-block-button is-style-outline is-style-outline--1\"><a class=\"wp-block-button__link has-central-palette-1-color has-text-color has-text-align-center wp-element-button\" href=\"https:\/\/online.flippingbook.com\/view\/320293294\/3\/\" style=\"border-radius:0px;text-transform:uppercase\" target=\"_blank\" rel=\"noreferrer noopener\">MEN\u00dc BEHANDLUNG<\/a><\/div>\n<\/div>\n<\/div><\/div>\n<\/div>\n\n\n\n<div class=\"wp-block-column slider-wrap padding-left-md is-layout-flow wp-block-column-is-layout-flow\" style=\"flex-basis:50%\">\n<figure class=\"wp-block-image size-full\"><img loading=\"lazy\" decoding=\"async\" width=\"2049\" height=\"2560\" src=\"https:\/\/www.deleurope.com\/wp-content\/uploads\/2025\/12\/9-scaled.jpg\" alt=\"\" class=\"wp-image-11321\" style=\"aspect-ratio:4\/3;object-fit:cover\" srcset=\"https:\/\/www.deleurope.com\/wp-content\/uploads\/2025\/12\/9-scaled.jpg 2049w, https:\/\/www.deleurope.com\/wp-content\/uploads\/2025\/12\/9-768x960.jpg 768w, https:\/\/www.deleurope.com\/wp-content\/uploads\/2025\/12\/9-1229x1536.jpg 1229w, https:\/\/www.deleurope.com\/wp-content\/uploads\/2025\/12\/9-1639x2048.jpg 1639w\" sizes=\"auto, (max-width: 2049px) 100vw, 2049px\" \/><\/figure>\n<\/div>\n<\/div>\n\n<div class=\"wp-block-columns no-border-top with-subheader image_left_text_bg_right wrap-2-columns is-layout-flex wp-container-core-columns-is-layout-9d6595d7 wp-block-columns-is-layout-flex\">\n<div class=\"wp-block-column slider-wrap is-layout-flow wp-block-column-is-layout-flow\" style=\"flex-basis:50%\">\n<figure class=\"wp-block-image size-full\"><img loading=\"lazy\" decoding=\"async\" width=\"2048\" height=\"2560\" src=\"https:\/\/www.deleurope.com\/wp-content\/uploads\/2025\/12\/11-scaled.jpg\" alt=\"\" class=\"wp-image-11326\" srcset=\"https:\/\/www.deleurope.com\/wp-content\/uploads\/2025\/12\/11-scaled.jpg 2048w, https:\/\/www.deleurope.com\/wp-content\/uploads\/2025\/12\/11-768x960.jpg 768w, https:\/\/www.deleurope.com\/wp-content\/uploads\/2025\/12\/11-1229x1536.jpg 1229w, https:\/\/www.deleurope.com\/wp-content\/uploads\/2025\/12\/11-1638x2048.jpg 1638w\" sizes=\"auto, (max-width: 2048px) 100vw, 2048px\" \/><\/figure>\n<\/div>\n\n\n\n<div class=\"wp-block-column is-vertically-aligned-center middle-align is-layout-flow wp-block-column-is-layout-flow\" style=\"flex-basis:50%\">\n<div class=\"wp-block-columns is-layout-flex wp-container-core-columns-is-layout-9d6595d7 wp-block-columns-is-layout-flex\">\n<div class=\"wp-block-column has-central-palette-4-background-color has-background is-layout-flow wp-block-column-is-layout-flow\">\n<h2 class=\"wp-block-heading has-text-align-center has-extra-large-font-size\">BEHANDLUNGEN<\/h2>\n\n\n\n<h4 class=\"wp-block-heading has-text-align-center\">Unser Men\u00fc enth\u00e4lt eine ausgew\u00e4hlte Auswahl an Behandlungen, die in 60-, 90- und 120-min\u00fctigen Sitzungen angeboten werden,<\/h4>\n\n\n\n<ul class=\"wp-block-list\">\n<li><strong>SOIN RESTRUCTURANT ET LISSANT<\/strong><br\/>Eine restrukturierende und gl\u00e4ttende Behandlung, die die Elastizit\u00e4t verbessert, die Textur verfeinert und die nat\u00fcrlichen Konturen wiederherstellt. Ideal f\u00fcr Haut, die Spannkraft, Straffheit und neue Vitalit\u00e4t ben\u00f6tigt. <\/li>\n\n\n\n<li><strong>SOIN MC110<\/strong><br\/>Entwickelt, um das Erscheinungsbild von Falten und feinen Linien zu mildern, revitalisiert diese Behandlung glanzlose Skin Instants\u00ae. Gesicht, Hals und Dekollet\u00e9 erscheinen definierter, straffer und strahlender. <\/li>\n\n\n\n<li><strong>SOIN LIFT C.V.S.<\/strong><br\/>Ein Peeling- und Straffungsritual, das eine spezielle manuelle Lifting-Technik verwendet. Perfekt f\u00fcr dickere oder m\u00fcde Skin Instants\u00ae, die neue Festigkeit und ein geliftetes, jugendlicheres Aussehen w\u00fcnschen. <\/li>\n\n\n\n<li><strong>SOIN SECONDE PEAU<br\/><\/strong>Diese regenerierende und straffende Behandlung besteht aus einer elektrogesponnenen Maske mit 80% Hyalurons\u00e4ure in pharmazeutischer Qualit\u00e4t. Sie wurde f\u00fcr ver\u00e4nderte Skin Instants\u00ae entwickelt und liefert au\u00dfergew\u00f6hnliche aufpolsternde, gl\u00e4ttende und revitalisierende Ergebnisse <\/li>\n<\/ul>\n\n\n\n<div class=\"wp-block-buttons is-content-justification-center is-layout-flex wp-container-core-buttons-is-layout-16018d1d wp-block-buttons-is-layout-flex\">\n<div class=\"wp-block-button is-style-outline is-style-outline--2\"><a class=\"wp-block-button__link wp-element-button\" href=\"#request\" style=\"border-radius:0px;text-transform:uppercase\">Behandlung anfordern<\/a><\/div>\n<\/div>\n<\/div>\n<\/div>\n<\/div>\n<\/div>\n\n<div class=\"wp-block-columns text-on-left wrap-2-columns eat-and-drink-cards is-layout-flex wp-container-core-columns-is-layout-9d6595d7 wp-block-columns-is-layout-flex\" id=\"graziella\">\n<div class=\"wp-block-column is-vertically-aligned-center middle-align is-layout-flow wp-block-column-is-layout-flow\" style=\"flex-basis:50%\">\n<h2 class=\"wp-block-heading has-text-align-center has-extra-large-font-size\" style=\"text-transform:capitalize\">Biologique Recherche Methodik<\/h2>\n\n\n\n<div class=\"wp-block-group\"><div class=\"wp-block-group__inner-container is-layout-constrained wp-block-group-is-layout-constrained\">\n<p class=\"has-text-align-center\">Jede <strong>Behandlung von Biologique Recherche<\/strong> folgt einer dreistufigen Methodik, die Pr\u00e4zision, Leistung und eine tiefgreifende Transformation der Haut gew\u00e4hrleistet.<\/p>\n\n\n\n<p class=\"has-text-align-center\"><strong>ASSESMENT<\/strong><br\/>Eine pers\u00f6nliche Diagnose mit Skin Instant\u00ae Lab, VisioLab\u00ae und einer ausf\u00fchrlichen Beratung. Diese Bewertung definiert Ihren Skin Instant\u00ae und bestimmt die geeignete Behandlung und die entsprechenden Produkte. <\/p>\n\n\n\n<p class=\"has-text-align-center\"><strong>VORBEREITUNG<\/strong><br\/>Die Haut wird mit der ikonischen Lotion P50 von Biologique Recherche, einer Gesichtsmassage und einer reinigenden Maske gr\u00fcndlich gereinigt und verfeinert &#8211; damit die Wirkstoffe ihre Wirkung optimal entfalten k\u00f6nnen.<\/p>\n\n\n\n<p class=\"has-text-align-center\"><strong>BEHANDLUNG<\/strong><br\/>Hochkonzentrierte Seren, Cremes und Finishing-Formulierungen werden mit pr\u00e4zisen, manuellen Techniken aufgetragen, die die Regeneration stimulieren, die Konturen formen und die Elastizit\u00e4t verbessern &#8211; f\u00fcr einen revitalisierten, strahlenden Teint.<\/p>\n\n\n\n<div class=\"wp-block-buttons is-horizontal is-content-justification-center is-layout-flex wp-container-core-buttons-is-layout-499968f5 wp-block-buttons-is-layout-flex\">\n<div class=\"wp-block-button is-style-outline is-style-outline--3\"><a class=\"wp-block-button__link has-central-palette-1-color has-text-color has-text-align-center wp-element-button\" href=\"#request\" style=\"border-radius:0px;text-transform:uppercase\">BEHANDLUNG ANFORDERN<\/a><\/div>\n<\/div>\n<\/div><\/div>\n<\/div>\n\n\n\n<div class=\"wp-block-column slider-wrap padding-left-md is-layout-flow wp-block-column-is-layout-flow\" style=\"flex-basis:50%\">\n<figure class=\"wp-block-image size-full\"><img loading=\"lazy\" decoding=\"async\" width=\"2048\" height=\"2560\" src=\"https:\/\/www.deleurope.com\/wp-content\/uploads\/2025\/12\/4-scaled.jpg\" alt=\"\" class=\"wp-image-11316\" style=\"aspect-ratio:4\/3;object-fit:cover\" srcset=\"https:\/\/www.deleurope.com\/wp-content\/uploads\/2025\/12\/4-scaled.jpg 2048w, https:\/\/www.deleurope.com\/wp-content\/uploads\/2025\/12\/4-768x960.jpg 768w, https:\/\/www.deleurope.com\/wp-content\/uploads\/2025\/12\/4-1229x1536.jpg 1229w, https:\/\/www.deleurope.com\/wp-content\/uploads\/2025\/12\/4-1638x2048.jpg 1638w\" sizes=\"auto, (max-width: 2048px) 100vw, 2048px\" \/><\/figure>\n<\/div>\n<\/div>\n\n<div class=\"wp-block-columns text-on-left wrap-2-columns eat-and-drink-cards is-layout-flex wp-container-core-columns-is-layout-9d6595d7 wp-block-columns-is-layout-flex\" id=\"graziella\">\n<div class=\"wp-block-column is-vertically-aligned-center middle-align is-layout-flow wp-block-column-is-layout-flow\" style=\"flex-basis:50%\">\n<h2 class=\"wp-block-heading has-text-align-center has-extra-large-font-size\" style=\"text-transform:capitalize\">Ein umfassendes Wellness-Erlebnis<\/h2>\n\n\n\n<div class=\"wp-block-group\"><div class=\"wp-block-group__inner-container is-layout-constrained wp-block-group-is-layout-constrained\">\n<p class=\"has-text-align-center\">Unsere G\u00e4ste sind eingeladen, ihre Reise des Wohlbefindens in unseren ruhigen Spa- und Entspannungsbereichen fortzusetzen. Genie\u00dfen Sie die beruhigenden Wellness-Einrichtungen, den beheizten Innenpool und die wohltuenden Saunen &#8211; die ideale Umgebung, um zu entspannen, neue Energie zu tanken und Ihr Behandlungsritual zu erg\u00e4nzen. <\/p>\n\n\n\n<p class=\"has-text-align-center\">F\u00fcr diejenigen, die unsere Einrichtungen genie\u00dfen m\u00f6chten, ohne eine \u00dcbernachtung zu buchen, sind <strong>Tagesp\u00e4sse<\/strong> erh\u00e4ltlich. Damit k\u00f6nnen sowohl Hotelg\u00e4ste als auch externe Besucher einen der besten Wellness-Tagesp\u00e4sse in Amsterdam nutzen, mit Zugang zu unserem Pool, den Saunen und den ruhigen Entspannungsbereichen. <\/p>\n<\/div><\/div>\n<\/div>\n\n\n\n<div class=\"wp-block-column slider-wrap padding-left-md is-layout-flow wp-block-column-is-layout-flow\" style=\"flex-basis:50%\">\n<figure class=\"wp-block-image size-large\"><img loading=\"lazy\" decoding=\"async\" width=\"800\" height=\"600\" src=\"https:\/\/www.deleurope.com\/wp-content\/uploads\/2024\/01\/Mind-Body-1-800x600.jpg\" alt=\"Spa &amp;amp; Wellness De L'Europe\" class=\"wp-image-1952\" style=\"aspect-ratio:4\/3;object-fit:cover\" srcset=\"https:\/\/www.deleurope.com\/wp-content\/uploads\/2024\/01\/Mind-Body-1-800x600.jpg 800w, https:\/\/www.deleurope.com\/wp-content\/uploads\/2024\/01\/Mind-Body-1-400x300.jpg 400w\" sizes=\"auto, (max-width: 800px) 100vw, 800px\" \/><\/figure>\n<\/div>\n<\/div>\n\n<div class=\"wp-block-columns special-request contact-form is-layout-flex wp-container-core-columns-is-layout-9d6595d7 wp-block-columns-is-layout-flex\" id=\"enquire\">\n<div class=\"wp-block-column has-central-palette-11-background-color has-background is-layout-flow wp-block-column-is-layout-flow\">\n<h2 class=\"wp-block-heading has-text-align-center has-extra-large-font-size\" id=\"request\">Behandlung anfordern<\/h2>\n\n\n\n<p class=\"has-text-align-center\">Wir freuen uns, Ihre Anfrage zu bearbeiten. Wir helfen Ihnen gerne bei Ihrer Buchung und freuen uns darauf, Ihnen ein angenehmes Erlebnis zu bereiten.<\/p>\n\n\n\n<div class=\"wp-block-contact-form-7-contact-form-selector\"><p class=\"wpcf7-contact-form-not-found\"><strong>Fehler:<\/strong> Kontaktformular wurde nicht gefunden.<\/p><\/div>\n<\/div>\n<\/div>\n","protected":false},"excerpt":{"rendered":"<p>Entdecken Sie einen raffinierten Ansatz f\u00fcr Wellness, Sch\u00f6nheit und Entspannung im De L&#8217;Europe Amsterdam. Unsere Mind &amp; Body-Erlebnisse basieren auf Handwerkskunst, Pr\u00e4zision und Ergebnissen und bieten einige der besten Spa-Behandlungen in Amsterdam. Das Herzst\u00fcck unserer Philosophie ist die Zusammenarbeit mit Biologique Recherche, dem renommierten Pariser Hautpflegeunternehmen, das f\u00fcr seine klinische Methodik, seine hochwirksamen Rezepturen und [&hellip;]<\/p>\n","protected":false},"author":17,"featured_media":10808,"parent":3013,"menu_order":0,"comment_status":"closed","ping_status":"closed","template":"","meta":{"_acf_changed":false,"footnotes":""},"class_list":["post-11218","page","type-page","status-publish","has-post-thumbnail","hentry"],"acf":[],"yoast_head":"<!-- This site is optimized with the Yoast SEO plugin v27.3 - https:\/\/yoast.com\/product\/yoast-seo-wordpress\/ -->\n<title>Biologique Recherche Gesichtsbehandlungen | De L&#039;Europe Amsterdam<\/title>\n<meta name=\"description\" content=\"Erleben Sie Biologique Recherche Gesichtsbehandlungen bei De L&#039;Europe Amsterdam. Entdecken Sie luxuri\u00f6se Hautpflege und Behandlungen. Sehen Sie mehr.\" \/>\n<meta name=\"robots\" content=\"index, follow, max-snippet:-1, max-image-preview:large, max-video-preview:-1\" \/>\n<link rel=\"canonical\" href=\"https:\/\/www.deleurope.com\/de\/wellness\/biologique-recherche-amsterdam\/\" \/>\n<meta property=\"og:locale\" content=\"de_DE\" \/>\n<meta property=\"og:type\" content=\"article\" \/>\n<meta property=\"og:title\" content=\"Biologique Recherche Gesichtsbehandlungen | De L&#039;Europe Amsterdam\" \/>\n<meta property=\"og:description\" content=\"Erleben Sie Biologique Recherche Gesichtsbehandlungen bei De L&#039;Europe Amsterdam. Entdecken Sie luxuri\u00f6se Hautpflege und Behandlungen. Sehen Sie mehr.\" \/>\n<meta property=\"og:url\" content=\"https:\/\/www.deleurope.com\/de\/wellness\/biologique-recherche-amsterdam\/\" \/>\n<meta property=\"og:site_name\" content=\"De L&#039;Europe Amsterdam\" \/>\n<meta property=\"article:modified_time\" content=\"2025-12-29T09:15:51+00:00\" \/>\n<meta property=\"og:image\" content=\"https:\/\/www.deleurope.com\/wp-content\/uploads\/2025\/11\/De-LEurope-Amsterdam-Biologique-Recherche-2-3-1.png\" \/>\n\t<meta property=\"og:image:width\" content=\"700\" \/>\n\t<meta property=\"og:image:height\" content=\"500\" \/>\n\t<meta property=\"og:image:type\" content=\"image\/png\" \/>\n<meta name=\"twitter:card\" content=\"summary_large_image\" \/>\n<meta name=\"twitter:label1\" content=\"Gesch\u00e4tzte Lesezeit\" \/>\n\t<meta name=\"twitter:data1\" content=\"3 Minuten\" \/>\n<script type=\"application\/ld+json\" class=\"yoast-schema-graph\">{\"@context\":\"https:\\\/\\\/schema.org\",\"@graph\":[{\"@type\":\"WebPage\",\"@id\":\"https:\\\/\\\/www.deleurope.com\\\/de\\\/wellness\\\/biologique-recherche-amsterdam\\\/\",\"url\":\"https:\\\/\\\/www.deleurope.com\\\/de\\\/wellness\\\/biologique-recherche-amsterdam\\\/\",\"name\":\"Biologique Recherche Gesichtsbehandlungen | De L'Europe Amsterdam\",\"isPartOf\":{\"@id\":\"https:\\\/\\\/www.deleurope.com\\\/de\\\/#website\"},\"primaryImageOfPage\":{\"@id\":\"https:\\\/\\\/www.deleurope.com\\\/de\\\/wellness\\\/biologique-recherche-amsterdam\\\/#primaryimage\"},\"image\":{\"@id\":\"https:\\\/\\\/www.deleurope.com\\\/de\\\/wellness\\\/biologique-recherche-amsterdam\\\/#primaryimage\"},\"thumbnailUrl\":\"https:\\\/\\\/www.deleurope.com\\\/wp-content\\\/uploads\\\/2025\\\/11\\\/De-LEurope-Amsterdam-Biologique-Recherche-2-3-1.png\",\"datePublished\":\"2025-12-11T15:36:06+00:00\",\"dateModified\":\"2025-12-29T09:15:51+00:00\",\"description\":\"Erleben Sie Biologique Recherche Gesichtsbehandlungen bei De L'Europe Amsterdam. Entdecken Sie luxuri\u00f6se Hautpflege und Behandlungen. Sehen Sie mehr.\",\"breadcrumb\":{\"@id\":\"https:\\\/\\\/www.deleurope.com\\\/de\\\/wellness\\\/biologique-recherche-amsterdam\\\/#breadcrumb\"},\"inLanguage\":\"de-DE\",\"potentialAction\":[{\"@type\":\"ReadAction\",\"target\":[\"https:\\\/\\\/www.deleurope.com\\\/de\\\/wellness\\\/biologique-recherche-amsterdam\\\/\"]}]},{\"@type\":\"ImageObject\",\"inLanguage\":\"de-DE\",\"@id\":\"https:\\\/\\\/www.deleurope.com\\\/de\\\/wellness\\\/biologique-recherche-amsterdam\\\/#primaryimage\",\"url\":\"https:\\\/\\\/www.deleurope.com\\\/wp-content\\\/uploads\\\/2025\\\/11\\\/De-LEurope-Amsterdam-Biologique-Recherche-2-3-1.png\",\"contentUrl\":\"https:\\\/\\\/www.deleurope.com\\\/wp-content\\\/uploads\\\/2025\\\/11\\\/De-LEurope-Amsterdam-Biologique-Recherche-2-3-1.png\",\"width\":700,\"height\":500,\"caption\":\"De L'Europe Amsterdam - Biologique Recherche - Treatment\"},{\"@type\":\"BreadcrumbList\",\"@id\":\"https:\\\/\\\/www.deleurope.com\\\/de\\\/wellness\\\/biologique-recherche-amsterdam\\\/#breadcrumb\",\"itemListElement\":[{\"@type\":\"ListItem\",\"position\":1,\"name\":\"Home\",\"item\":\"https:\\\/\\\/www.deleurope.com\\\/de\\\/\"},{\"@type\":\"ListItem\",\"position\":2,\"name\":\"GEIST &amp; K\u00d6RPER\",\"item\":\"https:\\\/\\\/www.deleurope.com\\\/de\\\/wellness\\\/\"},{\"@type\":\"ListItem\",\"position\":3,\"name\":\"BIOLOGIQUE RECHERCHE AMSTERDAM\"}]},{\"@type\":\"WebSite\",\"@id\":\"https:\\\/\\\/www.deleurope.com\\\/de\\\/#website\",\"url\":\"https:\\\/\\\/www.deleurope.com\\\/de\\\/\",\"name\":\"De L&#039;Europe Amsterdam\",\"description\":\"Home of original Amsterdam luxury.\",\"potentialAction\":[{\"@type\":\"SearchAction\",\"target\":{\"@type\":\"EntryPoint\",\"urlTemplate\":\"https:\\\/\\\/www.deleurope.com\\\/de\\\/?s={search_term_string}\"},\"query-input\":{\"@type\":\"PropertyValueSpecification\",\"valueRequired\":true,\"valueName\":\"search_term_string\"}}],\"inLanguage\":\"de-DE\"}]}<\/script>\n<!-- \/ Yoast SEO plugin. -->","yoast_head_json":{"title":"Biologique Recherche Gesichtsbehandlungen | De L'Europe Amsterdam","description":"Erleben Sie Biologique Recherche Gesichtsbehandlungen bei De L'Europe Amsterdam. Entdecken Sie luxuri\u00f6se Hautpflege und Behandlungen. Sehen Sie mehr.","robots":{"index":"index","follow":"follow","max-snippet":"max-snippet:-1","max-image-preview":"max-image-preview:large","max-video-preview":"max-video-preview:-1"},"canonical":"https:\/\/www.deleurope.com\/de\/wellness\/biologique-recherche-amsterdam\/","og_locale":"de_DE","og_type":"article","og_title":"Biologique Recherche Gesichtsbehandlungen | De L'Europe Amsterdam","og_description":"Erleben Sie Biologique Recherche Gesichtsbehandlungen bei De L'Europe Amsterdam. Entdecken Sie luxuri\u00f6se Hautpflege und Behandlungen. Sehen Sie mehr.","og_url":"https:\/\/www.deleurope.com\/de\/wellness\/biologique-recherche-amsterdam\/","og_site_name":"De L&#039;Europe Amsterdam","article_modified_time":"2025-12-29T09:15:51+00:00","og_image":[{"width":700,"height":500,"url":"https:\/\/www.deleurope.com\/wp-content\/uploads\/2025\/11\/De-LEurope-Amsterdam-Biologique-Recherche-2-3-1.png","type":"image\/png"}],"twitter_card":"summary_large_image","twitter_misc":{"Gesch\u00e4tzte Lesezeit":"3 Minuten"},"schema":{"@context":"https:\/\/schema.org","@graph":[{"@type":"WebPage","@id":"https:\/\/www.deleurope.com\/de\/wellness\/biologique-recherche-amsterdam\/","url":"https:\/\/www.deleurope.com\/de\/wellness\/biologique-recherche-amsterdam\/","name":"Biologique Recherche Gesichtsbehandlungen | De L'Europe Amsterdam","isPartOf":{"@id":"https:\/\/www.deleurope.com\/de\/#website"},"primaryImageOfPage":{"@id":"https:\/\/www.deleurope.com\/de\/wellness\/biologique-recherche-amsterdam\/#primaryimage"},"image":{"@id":"https:\/\/www.deleurope.com\/de\/wellness\/biologique-recherche-amsterdam\/#primaryimage"},"thumbnailUrl":"https:\/\/www.deleurope.com\/wp-content\/uploads\/2025\/11\/De-LEurope-Amsterdam-Biologique-Recherche-2-3-1.png","datePublished":"2025-12-11T15:36:06+00:00","dateModified":"2025-12-29T09:15:51+00:00","description":"Erleben Sie Biologique Recherche Gesichtsbehandlungen bei De L'Europe Amsterdam. Entdecken Sie luxuri\u00f6se Hautpflege und Behandlungen. Sehen Sie mehr.","breadcrumb":{"@id":"https:\/\/www.deleurope.com\/de\/wellness\/biologique-recherche-amsterdam\/#breadcrumb"},"inLanguage":"de-DE","potentialAction":[{"@type":"ReadAction","target":["https:\/\/www.deleurope.com\/de\/wellness\/biologique-recherche-amsterdam\/"]}]},{"@type":"ImageObject","inLanguage":"de-DE","@id":"https:\/\/www.deleurope.com\/de\/wellness\/biologique-recherche-amsterdam\/#primaryimage","url":"https:\/\/www.deleurope.com\/wp-content\/uploads\/2025\/11\/De-LEurope-Amsterdam-Biologique-Recherche-2-3-1.png","contentUrl":"https:\/\/www.deleurope.com\/wp-content\/uploads\/2025\/11\/De-LEurope-Amsterdam-Biologique-Recherche-2-3-1.png","width":700,"height":500,"caption":"De L'Europe Amsterdam - Biologique Recherche - Treatment"},{"@type":"BreadcrumbList","@id":"https:\/\/www.deleurope.com\/de\/wellness\/biologique-recherche-amsterdam\/#breadcrumb","itemListElement":[{"@type":"ListItem","position":1,"name":"Home","item":"https:\/\/www.deleurope.com\/de\/"},{"@type":"ListItem","position":2,"name":"GEIST &amp; K\u00d6RPER","item":"https:\/\/www.deleurope.com\/de\/wellness\/"},{"@type":"ListItem","position":3,"name":"BIOLOGIQUE RECHERCHE AMSTERDAM"}]},{"@type":"WebSite","@id":"https:\/\/www.deleurope.com\/de\/#website","url":"https:\/\/www.deleurope.com\/de\/","name":"De L&#039;Europe Amsterdam","description":"Home of original Amsterdam luxury.","potentialAction":[{"@type":"SearchAction","target":{"@type":"EntryPoint","urlTemplate":"https:\/\/www.deleurope.com\/de\/?s={search_term_string}"},"query-input":{"@type":"PropertyValueSpecification","valueRequired":true,"valueName":"search_term_string"}}],"inLanguage":"de-DE"}]}},"featured_image_src":"https:\/\/www.deleurope.com\/wp-content\/uploads\/2025\/11\/De-LEurope-Amsterdam-Biologique-Recherche-2-3-1-600x400.png","featured_image_src_square":"https:\/\/www.deleurope.com\/wp-content\/uploads\/2025\/11\/De-LEurope-Amsterdam-Biologique-Recherche-2-3-1-600x500.png","_links":{"self":[{"href":"https:\/\/www.deleurope.com\/de\/wp-json\/wp\/v2\/pages\/11218","targetHints":{"allow":["GET"]}}],"collection":[{"href":"https:\/\/www.deleurope.com\/de\/wp-json\/wp\/v2\/pages"}],"about":[{"href":"https:\/\/www.deleurope.com\/de\/wp-json\/wp\/v2\/types\/page"}],"author":[{"embeddable":true,"href":"https:\/\/www.deleurope.com\/de\/wp-json\/wp\/v2\/users\/17"}],"replies":[{"embeddable":true,"href":"https:\/\/www.deleurope.com\/de\/wp-json\/wp\/v2\/comments?post=11218"}],"version-history":[{"count":0,"href":"https:\/\/www.deleurope.com\/de\/wp-json\/wp\/v2\/pages\/11218\/revisions"}],"up":[{"embeddable":true,"href":"https:\/\/www.deleurope.com\/de\/wp-json\/wp\/v2\/pages\/3013"}],"wp:featuredmedia":[{"embeddable":true,"href":"https:\/\/www.deleurope.com\/de\/wp-json\/wp\/v2\/media\/10808"}],"wp:attachment":[{"href":"https:\/\/www.deleurope.com\/de\/wp-json\/wp\/v2\/media?parent=11218"}],"curies":[{"name":"wp","href":"https:\/\/api.w.org\/{rel}","templated":true}]}}