{"id":12127,"date":"2026-01-13T13:02:20","date_gmt":"2026-01-13T13:02:20","guid":{"rendered":"https:\/\/www.deleurope.com\/angebote\/angebote-fuer-private-veranstaltungen\/"},"modified":"2026-01-23T14:00:44","modified_gmt":"2026-01-23T14:00:44","slug":"angebote-fuer-private-veranstaltungen","status":"publish","type":"page","link":"https:\/\/www.deleurope.com\/de\/angebote\/angebote-fuer-private-veranstaltungen\/","title":{"rendered":"Angebote f\u00fcr private Veranstaltungen"},"content":{"rendered":"\n<p class=\"has-text-align-center rooms-description-white-box has-large-font-size\">Veranstalten Sie Ihre n\u00e4chste private Veranstaltung oder Ihr n\u00e4chstes Gesch\u00e4ftstreffen im De L&#8217;Europe Amsterdam und profitieren Sie von einem exklusiven Angebot f\u00fcr private Veranstaltungen im Q1 2026. Von raffinierten Vorstandssitzungen bis hin zu eleganten Firmenveranstaltungen &#8211; dieses zeitlich begrenzte Angebot kombiniert F\u00fcnf-Sterne-Service mit au\u00dfergew\u00f6hnlichem Wert im Herzen von Amsterdam. <\/p>\n\n<p class=\"has-text-align-center rooms-description-white-box has-large-font-size\">Verf\u00fcgbar f\u00fcr Veranstaltungen im Januar bis M\u00e4rz 2026.<\/p>\n\n<div class=\"wp-block-buttons is-content-justification-center is-layout-flex wp-container-core-buttons-is-layout-16018d1d wp-block-buttons-is-layout-flex\">\n<div class=\"wp-block-button is-style-outline book-now is-style-outline--1\"><a class=\"wp-block-button__link has-central-palette-7-color has-central-palette-1-background-color has-text-color has-background has-text-align-center wp-element-button\" href=\"#request\" style=\"border-radius:0px;text-transform:uppercase\">Angebot anfordern<\/a><\/div>\n<\/div>\n\n<div style=\"color:#ddd\" class=\"wp-block-genesis-blocks-gb-spacer gb-block-spacer gb-divider-solid gb-divider-size-1\"><hr style=\"height:29px\"><\/div>\n\n<div class=\"wp-block-columns with-subheader image_left_text_bg_right wrap-2-columns is-layout-flex wp-container-core-columns-is-layout-9d6595d7 wp-block-columns-is-layout-flex\">\n<div class=\"wp-block-column slider-wrap is-layout-flow wp-block-column-is-layout-flow\" style=\"flex-basis:50%\">\n<figure class=\"wp-block-image size-full\"><img loading=\"lazy\" decoding=\"async\" width=\"1680\" height=\"897\" src=\"https:\/\/www.deleurope.com\/wp-content\/uploads\/2024\/02\/De-LEurope-Exterior.webp\" alt=\"\" class=\"wp-image-2674\" style=\"aspect-ratio:4\/3;object-fit:cover\" srcset=\"https:\/\/www.deleurope.com\/wp-content\/uploads\/2024\/02\/De-LEurope-Exterior.webp 1680w, https:\/\/www.deleurope.com\/wp-content\/uploads\/2024\/02\/De-LEurope-Exterior-768x410.webp 768w, https:\/\/www.deleurope.com\/wp-content\/uploads\/2024\/02\/De-LEurope-Exterior-1536x820.webp 1536w\" sizes=\"auto, (max-width: 1680px) 100vw, 1680px\" \/><\/figure>\n<\/div>\n\n\n\n<div class=\"wp-block-column is-vertically-aligned-center middle-align is-layout-flow wp-block-column-is-layout-flow\" style=\"flex-basis:50%\">\n<div class=\"wp-block-columns is-layout-flex wp-container-core-columns-is-layout-9d6595d7 wp-block-columns-is-layout-flex\">\n<div class=\"wp-block-column has-central-palette-4-background-color has-background is-layout-flow wp-block-column-is-layout-flow\">\n<h2 class=\"wp-block-heading has-text-align-center has-extra-large-font-size\">ANGEBOTE F\u00dcR PRIVATE VERANSTALTUNGEN<\/h2>\n\n\n\n<ul class=\"wp-block-list\">\n<li>20% Rabatt auf die Zimmermiete<\/li>\n\n\n\n<li>Ein reduzierter Preis von \u20ac125 f\u00fcr ganzt\u00e4gige und \u20ac95 f\u00fcr halbt\u00e4gige Treffen<\/li>\n\n\n\n<li>Standard-Blumenarrangements kostenlos f\u00fcr Veranstaltungen ab 20 G\u00e4sten<\/li>\n\n\n\n<li>Das Angebot gilt vom 1. Januar 2026 bis zum 14. Januar 2026.<\/li>\n<\/ul>\n\n\n\n<div class=\"wp-block-buttons is-horizontal is-content-justification-center is-layout-flex wp-container-core-buttons-is-layout-499968f5 wp-block-buttons-is-layout-flex\">\n<div class=\"wp-block-button is-style-outline is-style-outline--2\"><a class=\"wp-block-button__link has-central-palette-1-color has-text-color has-text-align-center wp-element-button\" href=\"#request\" style=\"border-radius:0px;text-transform:uppercase\">Anfrage<\/a><\/div>\n<\/div>\n<\/div>\n<\/div>\n<\/div>\n<\/div>\n\n<div class=\"wp-block-columns text-on-left wrap-2-columns eat-and-drink-cards is-layout-flex wp-container-core-columns-is-layout-9d6595d7 wp-block-columns-is-layout-flex\" id=\"graziella\">\n<div class=\"wp-block-column is-vertically-aligned-center middle-align is-layout-flow wp-block-column-is-layout-flow\" style=\"flex-basis:50%\">\n<h2 class=\"wp-block-heading has-text-align-center has-extra-large-font-size\" style=\"text-transform:capitalize\">GRUPPENAUFENTHALTE<\/h2>\n\n\n\n<div class=\"wp-block-group\"><div class=\"wp-block-group__inner-container is-layout-constrained wp-block-group-is-layout-constrained\">\n<p class=\"has-text-align-center\">Das Hotel De L&#8217;Europe Amsterdam ist seit 1896 die Heimat des Original Amsterdam Luxury. Das an der historischen Amstel gelegene Hotel verbindet nahtlos das niederl\u00e4ndische Erbe mit zeitgen\u00f6ssischer Eleganz und bietet einen au\u00dfergew\u00f6hnlichen Rahmen f\u00fcr Gruppenaufenthalte in Amsterdam. <\/p>\n\n\n\n<p class=\"has-text-align-center\">Das De L&#8217;Europe Amsterdam ist ideal f\u00fcr Firmengruppen, Incentive-Reisen und exklusive Freizeitveranstaltungen und bietet wundersch\u00f6n gestaltete Zimmer und Suiten, die raffiniertes Design mit modernem Komfort verbinden. Gruppen profitieren von flexiblen Zimmerkonfigurationen, pers\u00f6nlichem Service und einer diskreten, zentralen Lage, nur wenige Gehminuten von den kulturellen Highlights Amsterdams entfernt. <\/p>\n\n\n\n<div class=\"wp-block-buttons is-horizontal is-content-justification-center is-layout-flex wp-container-core-buttons-is-layout-499968f5 wp-block-buttons-is-layout-flex\">\n<div class=\"wp-block-button is-style-outline is-style-outline--3\"><a class=\"wp-block-button__link has-central-palette-1-color has-text-color has-text-align-center wp-element-button\" href=\"#request\" style=\"border-radius:0px;text-transform:uppercase\" target=\"_blank\" rel=\"noreferrer noopener\">ANFRAGE<\/a><\/div>\n<\/div>\n<\/div><\/div>\n<\/div>\n\n\n\n<div class=\"wp-block-column slider-wrap padding-left-md is-layout-flow wp-block-column-is-layout-flow\" style=\"flex-basis:50%\">\n<figure class=\"wp-block-image size-full\"><img loading=\"lazy\" decoding=\"async\" width=\"1500\" height=\"1943\" src=\"https:\/\/www.deleurope.com\/wp-content\/uploads\/2024\/05\/gloobles-4-1.jpg\" alt=\"Schlafzimmer in der Gloobles Suite im De L'Europe Amsterdam, mit kuscheliger Bettw&#xE4;sche und modernem Dekor.\" class=\"wp-image-4478\" style=\"aspect-ratio:4\/3;object-fit:cover\" srcset=\"https:\/\/www.deleurope.com\/wp-content\/uploads\/2024\/05\/gloobles-4-1.jpg 1500w, https:\/\/www.deleurope.com\/wp-content\/uploads\/2024\/05\/gloobles-4-1-768x995.jpg 768w, https:\/\/www.deleurope.com\/wp-content\/uploads\/2024\/05\/gloobles-4-1-1186x1536.jpg 1186w\" sizes=\"auto, (max-width: 1500px) 100vw, 1500px\" \/><\/figure>\n<\/div>\n<\/div>\n\n<div class=\"wp-block-columns columns_slider_text wrap-2-columns eat-and-drink-cards is-layout-flex wp-container-core-columns-is-layout-9d6595d7 wp-block-columns-is-layout-flex\" id=\"flore\">\n<div class=\"wp-block-column slider-wrap is-layout-flow wp-block-column-is-layout-flow\" style=\"flex-basis:50%\">\n<figure class=\"wp-block-image size-full\"><img loading=\"lazy\" decoding=\"async\" width=\"700\" height=\"500\" src=\"https:\/\/www.deleurope.com\/wp-content\/uploads\/2025\/10\/Meeting-Events-Culinary-Packages-De-LEurope-Amsterdam.png\" alt=\"\" class=\"wp-image-10410\" style=\"aspect-ratio:4\/3;object-fit:cover\"\/><\/figure>\n<\/div>\n\n\n\n<div class=\"wp-block-column is-vertically-aligned-center middle-align is-layout-flow wp-block-column-is-layout-flow\" style=\"flex-basis:50%\">\n<h2 class=\"wp-block-heading has-text-align-center has-extra-large-font-size\" style=\"text-transform:capitalize\">Kulinarisches Angebot<\/h2>\n\n\n\n<div class=\"wp-block-group\"><div class=\"wp-block-group__inner-container is-layout-constrained wp-block-group-is-layout-constrained\">\n<p class=\"has-text-align-center\">Veranstaltungen werden durch au\u00dfergew\u00f6hnliche kulinarische Erlebnisse aufgewertet, mit Michelin-ausgezeichneter K\u00fcche und eleganten privaten Veranstaltungsorten, die sich ideal f\u00fcr Gruppendinner, Feiern und Gesch\u00e4ftsessen eignen. Ein ganzheitliches Wellness-Angebot wertet den Aufenthalt weiter auf und l\u00e4dt die G\u00e4ste ein, sich zu entspannen und zu erholen. <\/p>\n\n\n\n<p class=\"has-text-align-center\">Ob Sie nun Executive Retreats, luxuri\u00f6se Gruppenreisen oder Special-Interest-Gruppen veranstalten, das De L&#8217;Europe Amsterdam bietet eine Atmosph\u00e4re von unaufdringlichem Luxus, Privatsph\u00e4re und zeitloser Raffinesse und ist damit eine hervorragende Wahl f\u00fcr Ihre Gruppenreise nach Amsterdam.<\/p>\n<\/div><\/div>\n<\/div>\n<\/div>\n\n<div class=\"wp-block-columns special-request contact-form is-layout-flex wp-container-core-columns-is-layout-9d6595d7 wp-block-columns-is-layout-flex\" id=\"enquire\">\n<div class=\"wp-block-column has-central-palette-11-background-color has-background is-layout-flow wp-block-column-is-layout-flow\">\n<h2 class=\"wp-block-heading has-text-align-center has-extra-large-font-size\" id=\"request\">ENQUIRE<\/h2>\n\n\n\n<p class=\"has-text-align-center\">Erlauben Sie uns, Sie bei der Planung Ihres Aufenthalts zu unterst\u00fctzen und jedes Detail mit der Sorgfalt, Eleganz und pers\u00f6nlichen Aufmerksamkeit zu gestalten, die das Haus des Original Amsterdam Luxury ausmachen. Teilen Sie uns Ihre W\u00fcnsche mit, und unser Team wird Ihnen ein ma\u00dfgeschneidertes Erlebnis f\u00fcr Ihren Amsterdam-Besuch zusammenstellen. <\/p>\n\n\n\n<div class=\"wp-block-contact-form-7-contact-form-selector\"><p class=\"wpcf7-contact-form-not-found\"><strong>Fehler:<\/strong> Kontaktformular wurde nicht gefunden.<\/p><\/div>\n<\/div>\n<\/div>\n\n<div class=\"wp-block-columns special-request no-margins-mobile is-layout-flex wp-container-core-columns-is-layout-9d6595d7 wp-block-columns-is-layout-flex\" id=\"special\">\n<div class=\"wp-block-column has-central-palette-11-background-color has-background is-layout-flow wp-block-column-is-layout-flow\">\n<h2 class=\"wp-block-heading has-text-align-center has-extra-large-font-size\">BEDINGUNGEN UND KONDITIONEN<\/h2>\n\n\n\n<ul class=\"wp-block-list\">\n<li>Angebote k\u00f6nnen nicht mit anderen Aktionen, Rabatten oder Treueprogrammen kombiniert werden, es sei denn, es ist ausdr\u00fccklich anders angegeben.<\/li>\n\n\n\n<li>Reservierungen m\u00fcssen im Voraus vorgenommen werden und unterliegen der Verf\u00fcgbarkeit zum Zeitpunkt der Buchung.<\/li>\n\n\n\n<li>Die Angebote gelten f\u00fcr alle Gruppenaufenthalte ab 9 Zimmern im Gesamtjahr 2026 und f\u00fcr private Veranstaltungen im Januar, Februar und M\u00e4rz 2026.<\/li>\n\n\n\n<li>Tarife sind kommissionspflichtig<\/li>\n\n\n\n<li>Die Angebote gelten nur f\u00fcr neue Veranstaltungen und Anfragen.  <\/li>\n<\/ul>\n<\/div>\n<\/div>\n","protected":false},"excerpt":{"rendered":"<p>Veranstalten Sie Ihre n\u00e4chste private Veranstaltung oder Ihr n\u00e4chstes Gesch\u00e4ftstreffen im De L&#8217;Europe Amsterdam und profitieren Sie von einem exklusiven Angebot f\u00fcr private Veranstaltungen im Q1 2026. Von raffinierten Vorstandssitzungen bis hin zu eleganten Firmenveranstaltungen &#8211; dieses zeitlich begrenzte Angebot kombiniert F\u00fcnf-Sterne-Service mit au\u00dfergew\u00f6hnlichem Wert im Herzen von Amsterdam. Verf\u00fcgbar f\u00fcr Veranstaltungen im Januar bis [&hellip;]<\/p>\n","protected":false},"author":17,"featured_media":2973,"parent":3026,"menu_order":0,"comment_status":"closed","ping_status":"closed","template":"","meta":{"_acf_changed":false,"footnotes":""},"class_list":["post-12127","page","type-page","status-publish","has-post-thumbnail","hentry"],"acf":[],"yoast_head":"<!-- This site is optimized with the Yoast SEO plugin v27.3 - https:\/\/yoast.com\/product\/yoast-seo-wordpress\/ -->\n<title>Angebote f\u00fcr private Veranstaltungen | De L&#039;Europe Amsterdam<\/title>\n<meta name=\"description\" content=\"Exklusives Angebot f\u00fcr Q1 2026 Veranstaltungen im Hotel De L&#039;Europe Amsterdam: 20% Rabatt auf die Zimmermiete, erm\u00e4\u00dfigte Preise und kostenlose Blumenarrangements\" \/>\n<meta name=\"robots\" content=\"index, follow, max-snippet:-1, max-image-preview:large, max-video-preview:-1\" \/>\n<link rel=\"canonical\" href=\"https:\/\/www.deleurope.com\/de\/angebote\/angebote-fuer-private-veranstaltungen\/\" \/>\n<meta property=\"og:locale\" content=\"de_DE\" \/>\n<meta property=\"og:type\" content=\"article\" \/>\n<meta property=\"og:title\" content=\"Angebote f\u00fcr private Veranstaltungen | De L&#039;Europe Amsterdam\" \/>\n<meta property=\"og:description\" content=\"Exklusives Angebot f\u00fcr Q1 2026 Veranstaltungen im Hotel De L&#039;Europe Amsterdam: 20% Rabatt auf die Zimmermiete, erm\u00e4\u00dfigte Preise und kostenlose Blumenarrangements\" \/>\n<meta property=\"og:url\" content=\"https:\/\/www.deleurope.com\/de\/angebote\/angebote-fuer-private-veranstaltungen\/\" \/>\n<meta property=\"og:site_name\" content=\"De L&#039;Europe Amsterdam\" \/>\n<meta property=\"article:modified_time\" content=\"2026-01-23T14:00:44+00:00\" \/>\n<meta property=\"og:image\" content=\"https:\/\/www.deleurope.com\/wp-content\/uploads\/2023\/07\/CITY-3-1030x736-1.jpeg\" \/>\n\t<meta property=\"og:image:width\" content=\"1030\" \/>\n\t<meta property=\"og:image:height\" content=\"736\" \/>\n\t<meta property=\"og:image:type\" content=\"image\/jpeg\" \/>\n<meta name=\"twitter:card\" content=\"summary_large_image\" \/>\n<meta name=\"twitter:label1\" content=\"Gesch\u00e4tzte Lesezeit\" \/>\n\t<meta name=\"twitter:data1\" content=\"2 Minuten\" \/>\n<script type=\"application\/ld+json\" class=\"yoast-schema-graph\">{\"@context\":\"https:\\\/\\\/schema.org\",\"@graph\":[{\"@type\":\"WebPage\",\"@id\":\"https:\\\/\\\/www.deleurope.com\\\/de\\\/angebote\\\/angebote-fuer-private-veranstaltungen\\\/\",\"url\":\"https:\\\/\\\/www.deleurope.com\\\/de\\\/angebote\\\/angebote-fuer-private-veranstaltungen\\\/\",\"name\":\"Angebote f\u00fcr private Veranstaltungen | De L&#039;Europe Amsterdam\",\"isPartOf\":{\"@id\":\"https:\\\/\\\/www.deleurope.com\\\/de\\\/#website\"},\"primaryImageOfPage\":{\"@id\":\"https:\\\/\\\/www.deleurope.com\\\/de\\\/angebote\\\/angebote-fuer-private-veranstaltungen\\\/#primaryimage\"},\"image\":{\"@id\":\"https:\\\/\\\/www.deleurope.com\\\/de\\\/angebote\\\/angebote-fuer-private-veranstaltungen\\\/#primaryimage\"},\"thumbnailUrl\":\"https:\\\/\\\/www.deleurope.com\\\/wp-content\\\/uploads\\\/2023\\\/07\\\/CITY-3-1030x736-1.jpeg\",\"datePublished\":\"2026-01-13T13:02:20+00:00\",\"dateModified\":\"2026-01-23T14:00:44+00:00\",\"description\":\"Exklusives Angebot f\u00fcr Q1 2026 Veranstaltungen im Hotel De L'Europe Amsterdam: 20% Rabatt auf die Zimmermiete, erm\u00e4\u00dfigte Preise und kostenlose Blumenarrangements\",\"breadcrumb\":{\"@id\":\"https:\\\/\\\/www.deleurope.com\\\/de\\\/angebote\\\/angebote-fuer-private-veranstaltungen\\\/#breadcrumb\"},\"inLanguage\":\"de-DE\",\"potentialAction\":[{\"@type\":\"ReadAction\",\"target\":[\"https:\\\/\\\/www.deleurope.com\\\/de\\\/angebote\\\/angebote-fuer-private-veranstaltungen\\\/\"]}]},{\"@type\":\"ImageObject\",\"inLanguage\":\"de-DE\",\"@id\":\"https:\\\/\\\/www.deleurope.com\\\/de\\\/angebote\\\/angebote-fuer-private-veranstaltungen\\\/#primaryimage\",\"url\":\"https:\\\/\\\/www.deleurope.com\\\/wp-content\\\/uploads\\\/2023\\\/07\\\/CITY-3-1030x736-1.jpeg\",\"contentUrl\":\"https:\\\/\\\/www.deleurope.com\\\/wp-content\\\/uploads\\\/2023\\\/07\\\/CITY-3-1030x736-1.jpeg\",\"width\":1030,\"height\":736},{\"@type\":\"BreadcrumbList\",\"@id\":\"https:\\\/\\\/www.deleurope.com\\\/de\\\/angebote\\\/angebote-fuer-private-veranstaltungen\\\/#breadcrumb\",\"itemListElement\":[{\"@type\":\"ListItem\",\"position\":1,\"name\":\"Home\",\"item\":\"https:\\\/\\\/www.deleurope.com\\\/de\\\/\"},{\"@type\":\"ListItem\",\"position\":2,\"name\":\"Angebote\",\"item\":\"https:\\\/\\\/www.deleurope.com\\\/de\\\/angebote\\\/\"},{\"@type\":\"ListItem\",\"position\":3,\"name\":\"Angebote f\u00fcr private Veranstaltungen\"}]},{\"@type\":\"WebSite\",\"@id\":\"https:\\\/\\\/www.deleurope.com\\\/de\\\/#website\",\"url\":\"https:\\\/\\\/www.deleurope.com\\\/de\\\/\",\"name\":\"De L&#039;Europe Amsterdam\",\"description\":\"Home of original Amsterdam luxury.\",\"potentialAction\":[{\"@type\":\"SearchAction\",\"target\":{\"@type\":\"EntryPoint\",\"urlTemplate\":\"https:\\\/\\\/www.deleurope.com\\\/de\\\/?s={search_term_string}\"},\"query-input\":{\"@type\":\"PropertyValueSpecification\",\"valueRequired\":true,\"valueName\":\"search_term_string\"}}],\"inLanguage\":\"de-DE\"}]}<\/script>\n<!-- \/ Yoast SEO plugin. -->","yoast_head_json":{"title":"Angebote f\u00fcr private Veranstaltungen | De L&#039;Europe Amsterdam","description":"Exklusives Angebot f\u00fcr Q1 2026 Veranstaltungen im Hotel De L'Europe Amsterdam: 20% Rabatt auf die Zimmermiete, erm\u00e4\u00dfigte Preise und kostenlose Blumenarrangements","robots":{"index":"index","follow":"follow","max-snippet":"max-snippet:-1","max-image-preview":"max-image-preview:large","max-video-preview":"max-video-preview:-1"},"canonical":"https:\/\/www.deleurope.com\/de\/angebote\/angebote-fuer-private-veranstaltungen\/","og_locale":"de_DE","og_type":"article","og_title":"Angebote f\u00fcr private Veranstaltungen | De L&#039;Europe Amsterdam","og_description":"Exklusives Angebot f\u00fcr Q1 2026 Veranstaltungen im Hotel De L'Europe Amsterdam: 20% Rabatt auf die Zimmermiete, erm\u00e4\u00dfigte Preise und kostenlose Blumenarrangements","og_url":"https:\/\/www.deleurope.com\/de\/angebote\/angebote-fuer-private-veranstaltungen\/","og_site_name":"De L&#039;Europe Amsterdam","article_modified_time":"2026-01-23T14:00:44+00:00","og_image":[{"width":1030,"height":736,"url":"https:\/\/www.deleurope.com\/wp-content\/uploads\/2023\/07\/CITY-3-1030x736-1.jpeg","type":"image\/jpeg"}],"twitter_card":"summary_large_image","twitter_misc":{"Gesch\u00e4tzte Lesezeit":"2 Minuten"},"schema":{"@context":"https:\/\/schema.org","@graph":[{"@type":"WebPage","@id":"https:\/\/www.deleurope.com\/de\/angebote\/angebote-fuer-private-veranstaltungen\/","url":"https:\/\/www.deleurope.com\/de\/angebote\/angebote-fuer-private-veranstaltungen\/","name":"Angebote f\u00fcr private Veranstaltungen | De L&#039;Europe Amsterdam","isPartOf":{"@id":"https:\/\/www.deleurope.com\/de\/#website"},"primaryImageOfPage":{"@id":"https:\/\/www.deleurope.com\/de\/angebote\/angebote-fuer-private-veranstaltungen\/#primaryimage"},"image":{"@id":"https:\/\/www.deleurope.com\/de\/angebote\/angebote-fuer-private-veranstaltungen\/#primaryimage"},"thumbnailUrl":"https:\/\/www.deleurope.com\/wp-content\/uploads\/2023\/07\/CITY-3-1030x736-1.jpeg","datePublished":"2026-01-13T13:02:20+00:00","dateModified":"2026-01-23T14:00:44+00:00","description":"Exklusives Angebot f\u00fcr Q1 2026 Veranstaltungen im Hotel De L'Europe Amsterdam: 20% Rabatt auf die Zimmermiete, erm\u00e4\u00dfigte Preise und kostenlose Blumenarrangements","breadcrumb":{"@id":"https:\/\/www.deleurope.com\/de\/angebote\/angebote-fuer-private-veranstaltungen\/#breadcrumb"},"inLanguage":"de-DE","potentialAction":[{"@type":"ReadAction","target":["https:\/\/www.deleurope.com\/de\/angebote\/angebote-fuer-private-veranstaltungen\/"]}]},{"@type":"ImageObject","inLanguage":"de-DE","@id":"https:\/\/www.deleurope.com\/de\/angebote\/angebote-fuer-private-veranstaltungen\/#primaryimage","url":"https:\/\/www.deleurope.com\/wp-content\/uploads\/2023\/07\/CITY-3-1030x736-1.jpeg","contentUrl":"https:\/\/www.deleurope.com\/wp-content\/uploads\/2023\/07\/CITY-3-1030x736-1.jpeg","width":1030,"height":736},{"@type":"BreadcrumbList","@id":"https:\/\/www.deleurope.com\/de\/angebote\/angebote-fuer-private-veranstaltungen\/#breadcrumb","itemListElement":[{"@type":"ListItem","position":1,"name":"Home","item":"https:\/\/www.deleurope.com\/de\/"},{"@type":"ListItem","position":2,"name":"Angebote","item":"https:\/\/www.deleurope.com\/de\/angebote\/"},{"@type":"ListItem","position":3,"name":"Angebote f\u00fcr private Veranstaltungen"}]},{"@type":"WebSite","@id":"https:\/\/www.deleurope.com\/de\/#website","url":"https:\/\/www.deleurope.com\/de\/","name":"De L&#039;Europe Amsterdam","description":"Home of original Amsterdam luxury.","potentialAction":[{"@type":"SearchAction","target":{"@type":"EntryPoint","urlTemplate":"https:\/\/www.deleurope.com\/de\/?s={search_term_string}"},"query-input":{"@type":"PropertyValueSpecification","valueRequired":true,"valueName":"search_term_string"}}],"inLanguage":"de-DE"}]}},"featured_image_src":"https:\/\/www.deleurope.com\/wp-content\/uploads\/2023\/07\/CITY-3-1030x736-1-600x400.jpeg","featured_image_src_square":"https:\/\/www.deleurope.com\/wp-content\/uploads\/2023\/07\/CITY-3-1030x736-1-600x600.jpeg","_links":{"self":[{"href":"https:\/\/www.deleurope.com\/de\/wp-json\/wp\/v2\/pages\/12127","targetHints":{"allow":["GET"]}}],"collection":[{"href":"https:\/\/www.deleurope.com\/de\/wp-json\/wp\/v2\/pages"}],"about":[{"href":"https:\/\/www.deleurope.com\/de\/wp-json\/wp\/v2\/types\/page"}],"author":[{"embeddable":true,"href":"https:\/\/www.deleurope.com\/de\/wp-json\/wp\/v2\/users\/17"}],"replies":[{"embeddable":true,"href":"https:\/\/www.deleurope.com\/de\/wp-json\/wp\/v2\/comments?post=12127"}],"version-history":[{"count":0,"href":"https:\/\/www.deleurope.com\/de\/wp-json\/wp\/v2\/pages\/12127\/revisions"}],"up":[{"embeddable":true,"href":"https:\/\/www.deleurope.com\/de\/wp-json\/wp\/v2\/pages\/3026"}],"wp:featuredmedia":[{"embeddable":true,"href":"https:\/\/www.deleurope.com\/de\/wp-json\/wp\/v2\/media\/2973"}],"wp:attachment":[{"href":"https:\/\/www.deleurope.com\/de\/wp-json\/wp\/v2\/media?parent=12127"}],"curies":[{"name":"wp","href":"https:\/\/api.w.org\/{rel}","templated":true}]}}