{"id":12135,"date":"2026-01-13T13:10:46","date_gmt":"2026-01-13T13:10:46","guid":{"rendered":"https:\/\/www.deleurope.com\/angebote\/gruppenangebote\/"},"modified":"2026-01-28T14:28:17","modified_gmt":"2026-01-28T14:28:17","slug":"gruppenangebote","status":"publish","type":"page","link":"https:\/\/www.deleurope.com\/de\/angebote\/gruppenangebote\/","title":{"rendered":"Gruppenangebote"},"content":{"rendered":"\n<p class=\"has-text-align-center rooms-description-white-box has-large-font-size\">Entdecken Sie ein au\u00dfergew\u00f6hnliches Ziel f\u00fcr luxuri\u00f6se Gruppenaufenthalte in Amsterdam im Hotel De L&#8217;Europe Amsterdam. Seit 1896 ist das Hotel De L&#8217;Europe Amsterdam die ideale Wahl f\u00fcr Firmengruppen, Incentive-Reisen und exklusive Freizeitveranstaltungen, die Privatsph\u00e4re, Prestige und zeitlose Raffinesse suchen. <\/p>\n\n<p class=\"has-text-align-center rooms-description-white-box has-large-font-size\"><strong>Gruppenangebot<\/strong><br\/>Profitieren Sie bei einer Buchung von 9 oder mehr Zimmern von mindestens 25% Rabatt auf den Gruppentarif.<\/p>\n\n<div class=\"wp-block-buttons is-content-justification-center is-layout-flex wp-container-core-buttons-is-layout-16018d1d wp-block-buttons-is-layout-flex\">\n<div class=\"wp-block-button is-style-outline book-now is-style-outline--1\"><a class=\"wp-block-button__link has-central-palette-7-color has-central-palette-1-background-color has-text-color has-background has-text-align-center wp-element-button\" href=\"#request\" style=\"border-radius:0px;text-transform:uppercase\">ANGEBOT ANFORDERN<\/a><\/div>\n<\/div>\n\n<div style=\"color:#ddd\" class=\"wp-block-genesis-blocks-gb-spacer gb-block-spacer gb-divider-solid gb-divider-size-1\"><hr style=\"height:29px\"><\/div>\n\n<div class=\"wp-block-columns with-subheader image_left_text_bg_right wrap-2-columns is-layout-flex wp-container-core-columns-is-layout-9d6595d7 wp-block-columns-is-layout-flex\">\n<div class=\"wp-block-column slider-wrap is-layout-flow wp-block-column-is-layout-flow\" style=\"flex-basis:50%\">\n<figure class=\"wp-block-image size-full\"><img loading=\"lazy\" decoding=\"async\" width=\"1680\" height=\"897\" src=\"https:\/\/www.deleurope.com\/wp-content\/uploads\/2024\/02\/De-LEurope-Exterior.webp\" alt=\"\" class=\"wp-image-2674\" style=\"aspect-ratio:4\/3;object-fit:cover\" srcset=\"https:\/\/www.deleurope.com\/wp-content\/uploads\/2024\/02\/De-LEurope-Exterior.webp 1680w, https:\/\/www.deleurope.com\/wp-content\/uploads\/2024\/02\/De-LEurope-Exterior-768x410.webp 768w, https:\/\/www.deleurope.com\/wp-content\/uploads\/2024\/02\/De-LEurope-Exterior-1536x820.webp 1536w\" sizes=\"auto, (max-width: 1680px) 100vw, 1680px\" \/><\/figure>\n<\/div>\n\n\n\n<div class=\"wp-block-column is-vertically-aligned-center middle-align is-layout-flow wp-block-column-is-layout-flow\" style=\"flex-basis:50%\">\n<div class=\"wp-block-columns is-layout-flex wp-container-core-columns-is-layout-9d6595d7 wp-block-columns-is-layout-flex\">\n<div class=\"wp-block-column has-central-palette-4-background-color has-background is-layout-flow wp-block-column-is-layout-flow\">\n<h2 class=\"wp-block-heading has-text-align-center has-extra-large-font-size\">GRUPPENANGEBOTE<\/h2>\n\n\n\n<p><\/p>\n\n\n\n<ul class=\"wp-block-list\">\n<li>Mindestens 25% Rabatt auf Gruppentarife ab 9 Zimmern<\/li>\n\n\n\n<li>1 kostenloses Upgrade pro 10 gebuchte Zimmer<\/li>\n\n\n\n<li>1 kostenloses Zimmer pro 20 gebuchte Zimmer<\/li>\n<\/ul>\n\n\n\n<div class=\"wp-block-buttons is-horizontal is-content-justification-center is-layout-flex wp-container-core-buttons-is-layout-499968f5 wp-block-buttons-is-layout-flex\">\n<div class=\"wp-block-button is-style-outline is-style-outline--2\"><a class=\"wp-block-button__link has-central-palette-1-color has-text-color has-text-align-center wp-element-button\" href=\"#request\" style=\"border-radius:0px;text-transform:uppercase\">Anfrage<\/a><\/div>\n<\/div>\n<\/div>\n<\/div>\n<\/div>\n<\/div>\n\n<div class=\"wp-block-columns text-on-left wrap-2-columns eat-and-drink-cards is-layout-flex wp-container-core-columns-is-layout-9d6595d7 wp-block-columns-is-layout-flex\" id=\"graziella\">\n<div class=\"wp-block-column is-vertically-aligned-center middle-align is-layout-flow wp-block-column-is-layout-flow\" style=\"flex-basis:50%\">\n<h2 class=\"wp-block-heading has-text-align-center has-extra-large-font-size\" style=\"text-transform:capitalize\">Private Veranstaltungen<\/h2>\n\n\n\n<div class=\"wp-block-group\"><div class=\"wp-block-group__inner-container is-layout-constrained wp-block-group-is-layout-constrained\">\n<p class=\"has-text-align-center\">Im Hotel De L&#8217;Europe Amsterdam lassen sich Gruppenaufenthalte nahtlos mit raffinierten privaten Veranstaltungen und Meetings kombinieren. Das Hotel bietet eine exklusive Auswahl an eleganten Veranstaltungsr\u00e4umen mit Blick auf die Amstel, die ideal f\u00fcr Firmenveranstaltungen, private Abendessen und Gruppenfeiern sind. <\/p>\n\n\n\n<p class=\"has-text-align-center\">Von Vorstandssitzungen und Incentive-Empf\u00e4ngen bis hin zu mehrt\u00e4gigen Gruppenprogrammen werden Veranstaltungen durch ma\u00dfgeschneiderte Arrangements, ausgew\u00e4hltes Catering und diskreten Service unterst\u00fctzt.  <\/p>\n\n\n\n<p class=\"has-text-align-center\">Ob Sie nun eine strategische Sitzung, einen Willkommensempfang oder ein Abschlussdinner veranstalten, jede Veranstaltung ist so konzipiert, dass sie m\u00fchelos auf Ihren Gruppenaufenthalt abgestimmt werden kann &#8211; f\u00fcr ein koh\u00e4rentes und gehobenes Erlebnis im Herzen von Amsterdam.<\/p>\n\n\n\n<div class=\"wp-block-buttons is-horizontal is-content-justification-center is-layout-flex wp-container-core-buttons-is-layout-499968f5 wp-block-buttons-is-layout-flex\">\n<div class=\"wp-block-button is-style-outline is-style-outline--3\"><a class=\"wp-block-button__link has-central-palette-1-color has-text-color has-text-align-center wp-element-button\" href=\"https:\/\/www.deleurope.com\/de\/veranstaltungen\/\" style=\"border-radius:0px;text-transform:uppercase\" target=\"_blank\" rel=\"noreferrer noopener\">VERANSTALTUNGSR\u00c4UME ENTDECKEN<\/a><\/div>\n<\/div>\n<\/div><\/div>\n<\/div>\n\n\n\n<div class=\"wp-block-column slider-wrap padding-left-md is-layout-flow wp-block-column-is-layout-flow\" style=\"flex-basis:50%\">\n<figure class=\"wp-block-image size-full\"><img loading=\"lazy\" decoding=\"async\" width=\"1500\" height=\"1943\" src=\"https:\/\/www.deleurope.com\/wp-content\/uploads\/2024\/05\/gloobles-4-1.jpg\" alt=\"Schlafzimmer in der Gloobles Suite im De L'Europe Amsterdam, mit kuscheliger Bettw&#xE4;sche und modernem Dekor.\" class=\"wp-image-4478\" style=\"aspect-ratio:4\/3;object-fit:cover\" srcset=\"https:\/\/www.deleurope.com\/wp-content\/uploads\/2024\/05\/gloobles-4-1.jpg 1500w, https:\/\/www.deleurope.com\/wp-content\/uploads\/2024\/05\/gloobles-4-1-768x995.jpg 768w, https:\/\/www.deleurope.com\/wp-content\/uploads\/2024\/05\/gloobles-4-1-1186x1536.jpg 1186w\" sizes=\"auto, (max-width: 1500px) 100vw, 1500px\" \/><\/figure>\n<\/div>\n<\/div>\n\n<div class=\"wp-block-columns columns_slider_text wrap-2-columns eat-and-drink-cards is-layout-flex wp-container-core-columns-is-layout-9d6595d7 wp-block-columns-is-layout-flex\" id=\"flore\">\n<div class=\"wp-block-column slider-wrap is-layout-flow wp-block-column-is-layout-flow\" style=\"flex-basis:50%\">\n<figure class=\"wp-block-image size-full\"><img loading=\"lazy\" decoding=\"async\" width=\"700\" height=\"500\" src=\"https:\/\/www.deleurope.com\/wp-content\/uploads\/2025\/10\/Meeting-Events-Culinary-Packages-De-LEurope-Amsterdam.png\" alt=\"\" class=\"wp-image-10410\" style=\"aspect-ratio:4\/3;object-fit:cover\"\/><\/figure>\n<\/div>\n\n\n\n<div class=\"wp-block-column is-vertically-aligned-center middle-align is-layout-flow wp-block-column-is-layout-flow\" style=\"flex-basis:50%\">\n<h2 class=\"wp-block-heading has-text-align-center has-extra-large-font-size\" style=\"text-transform:capitalize\">Kulinarisches Angebot<\/h2>\n\n\n\n<div class=\"wp-block-group\"><div class=\"wp-block-group__inner-container is-layout-constrained wp-block-group-is-layout-constrained\">\n<p class=\"has-text-align-center\">Gruppenaufenthalte k\u00f6nnen durch ein au\u00dfergew\u00f6hnliches kulinarisches Angebot aufgewertet werden, einschlie\u00dflich Michelin-ausgezeichneter Restaurants und raffinierter privater Speiselokale. Vom Gruppenfr\u00fchst\u00fcck \u00fcber Gesch\u00e4ftsessen bis hin zu feierlichen Abendessen k\u00f6nnen die Men\u00fcs und das Ambiente dem Anlass entsprechend angepasst werden. <\/p>\n\n\n\n<p class=\"has-text-align-center\">Diese kulinarischen Erlebnisse sorgen f\u00fcr unvergessliche Momente und bewahren gleichzeitig die Raffinesse, die man von einem der renommiertesten Hotels in Amsterdam erwartet.<\/p>\n<\/div><\/div>\n<\/div>\n<\/div>\n\n<div class=\"wp-block-columns special-request contact-form is-layout-flex wp-container-core-columns-is-layout-9d6595d7 wp-block-columns-is-layout-flex\" id=\"enquire\">\n<div class=\"wp-block-column has-central-palette-11-background-color has-background is-layout-flow wp-block-column-is-layout-flow\">\n<h2 class=\"wp-block-heading has-text-align-center has-extra-large-font-size\" id=\"request\">Erkundigen Sie sich unter<\/h2>\n\n\n\n<p class=\"has-text-align-center\">Erlauben Sie uns, Sie bei der Planung Ihres Aufenthalts zu unterst\u00fctzen und jedes Detail mit der Sorgfalt, Eleganz und pers\u00f6nlichen Aufmerksamkeit zu gestalten, die das Haus des Original Amsterdam Luxury ausmachen. Teilen Sie uns Ihre W\u00fcnsche mit, und unser Team wird Ihnen ein ma\u00dfgeschneidertes Erlebnis f\u00fcr Ihren Amsterdam-Besuch zusammenstellen. <\/p>\n\n\n\n<div class=\"wp-block-contact-form-7-contact-form-selector\"><p class=\"wpcf7-contact-form-not-found\"><strong>Fehler:<\/strong> Kontaktformular wurde nicht gefunden.<\/p><\/div>\n<\/div>\n<\/div>\n\n<div class=\"wp-block-columns special-request no-margins-mobile is-layout-flex wp-container-core-columns-is-layout-9d6595d7 wp-block-columns-is-layout-flex\" id=\"special\">\n<div class=\"wp-block-column has-central-palette-11-background-color has-background is-layout-flow wp-block-column-is-layout-flow\">\n<h2 class=\"wp-block-heading has-text-align-center has-extra-large-font-size\">BEDINGUNGEN UND KONDITIONEN<\/h2>\n\n\n\n<ul class=\"wp-block-list\">\n<li>Angebote k\u00f6nnen nicht mit anderen Aktionen, Rabatten oder Treueprogrammen kombiniert werden, es sei denn, es ist ausdr\u00fccklich anders angegeben.<\/li>\n\n\n\n<li>Reservierungen m\u00fcssen im Voraus vorgenommen werden und unterliegen der Verf\u00fcgbarkeit zum Zeitpunkt der Buchung.<\/li>\n\n\n\n<li>Dieses Angebot ist vom 1. Januar bis 31. Dezember 2026 verf\u00fcgbar.<\/li>\n\n\n\n<li>Tarife sind kommissionspflichtig<\/li>\n\n\n\n<li>Die Angebote gelten nur f\u00fcr neue Veranstaltungen und Anfragen.  <\/li>\n\n\n\n<li>De L&#8217;Europe Amsterdam beh\u00e4lt sich das Recht vor, dieses Angebot jederzeit und ohne vorherige Ank\u00fcndigung zu \u00e4ndern oder zur\u00fcckzuziehen.<\/li>\n<\/ul>\n<\/div>\n<\/div>\n","protected":false},"excerpt":{"rendered":"<p>Entdecken Sie ein au\u00dfergew\u00f6hnliches Ziel f\u00fcr luxuri\u00f6se Gruppenaufenthalte in Amsterdam im Hotel De L&#8217;Europe Amsterdam. Seit 1896 ist das Hotel De L&#8217;Europe Amsterdam die ideale Wahl f\u00fcr Firmengruppen, Incentive-Reisen und exklusive Freizeitveranstaltungen, die Privatsph\u00e4re, Prestige und zeitlose Raffinesse suchen. GruppenangebotProfitieren Sie bei einer Buchung von 9 oder mehr Zimmern von mindestens 25% Rabatt auf den [&hellip;]<\/p>\n","protected":false},"author":17,"featured_media":2973,"parent":3026,"menu_order":0,"comment_status":"closed","ping_status":"closed","template":"","meta":{"_acf_changed":false,"footnotes":""},"class_list":["post-12135","page","type-page","status-publish","has-post-thumbnail","hentry"],"acf":[],"yoast_head":"<!-- This site is optimized with the Yoast SEO plugin v27.3 - https:\/\/yoast.com\/product\/yoast-seo-wordpress\/ -->\n<title>Gruppenangebote | De L&#039;Europe Amsterdam<\/title>\n<meta name=\"description\" content=\"Entdecken Sie die Gruppenangebote mit au\u00dfergew\u00f6hnlichen Restaurants, privaten Veranstaltungsr\u00e4umen und Wellness-Einrichtungen - perfekt f\u00fcr Tagungen und Feiern.\" \/>\n<meta name=\"robots\" content=\"index, follow, max-snippet:-1, max-image-preview:large, max-video-preview:-1\" \/>\n<link rel=\"canonical\" href=\"https:\/\/www.deleurope.com\/de\/angebote\/gruppenangebote\/\" \/>\n<meta property=\"og:locale\" content=\"de_DE\" \/>\n<meta property=\"og:type\" content=\"article\" \/>\n<meta property=\"og:title\" content=\"Gruppenangebote | De L&#039;Europe Amsterdam\" \/>\n<meta property=\"og:description\" content=\"Entdecken Sie die Gruppenangebote mit au\u00dfergew\u00f6hnlichen Restaurants, privaten Veranstaltungsr\u00e4umen und Wellness-Einrichtungen - perfekt f\u00fcr Tagungen und Feiern.\" \/>\n<meta property=\"og:url\" content=\"https:\/\/www.deleurope.com\/de\/angebote\/gruppenangebote\/\" \/>\n<meta property=\"og:site_name\" content=\"De L&#039;Europe Amsterdam\" \/>\n<meta property=\"article:modified_time\" content=\"2026-01-28T14:28:17+00:00\" \/>\n<meta property=\"og:image\" content=\"https:\/\/www.deleurope.com\/wp-content\/uploads\/2023\/07\/CITY-3-1030x736-1.jpeg\" \/>\n\t<meta property=\"og:image:width\" content=\"1030\" \/>\n\t<meta property=\"og:image:height\" content=\"736\" \/>\n\t<meta property=\"og:image:type\" content=\"image\/jpeg\" \/>\n<meta name=\"twitter:card\" content=\"summary_large_image\" \/>\n<meta name=\"twitter:label1\" content=\"Gesch\u00e4tzte Lesezeit\" \/>\n\t<meta name=\"twitter:data1\" content=\"2 Minuten\" \/>\n<script type=\"application\/ld+json\" class=\"yoast-schema-graph\">{\"@context\":\"https:\\\/\\\/schema.org\",\"@graph\":[{\"@type\":\"WebPage\",\"@id\":\"https:\\\/\\\/www.deleurope.com\\\/de\\\/angebote\\\/gruppenangebote\\\/\",\"url\":\"https:\\\/\\\/www.deleurope.com\\\/de\\\/angebote\\\/gruppenangebote\\\/\",\"name\":\"Gruppenangebote | De L&#039;Europe Amsterdam\",\"isPartOf\":{\"@id\":\"https:\\\/\\\/www.deleurope.com\\\/de\\\/#website\"},\"primaryImageOfPage\":{\"@id\":\"https:\\\/\\\/www.deleurope.com\\\/de\\\/angebote\\\/gruppenangebote\\\/#primaryimage\"},\"image\":{\"@id\":\"https:\\\/\\\/www.deleurope.com\\\/de\\\/angebote\\\/gruppenangebote\\\/#primaryimage\"},\"thumbnailUrl\":\"https:\\\/\\\/www.deleurope.com\\\/wp-content\\\/uploads\\\/2023\\\/07\\\/CITY-3-1030x736-1.jpeg\",\"datePublished\":\"2026-01-13T13:10:46+00:00\",\"dateModified\":\"2026-01-28T14:28:17+00:00\",\"description\":\"Entdecken Sie die Gruppenangebote mit au\u00dfergew\u00f6hnlichen Restaurants, privaten Veranstaltungsr\u00e4umen und Wellness-Einrichtungen - perfekt f\u00fcr Tagungen und Feiern.\",\"breadcrumb\":{\"@id\":\"https:\\\/\\\/www.deleurope.com\\\/de\\\/angebote\\\/gruppenangebote\\\/#breadcrumb\"},\"inLanguage\":\"de-DE\",\"potentialAction\":[{\"@type\":\"ReadAction\",\"target\":[\"https:\\\/\\\/www.deleurope.com\\\/de\\\/angebote\\\/gruppenangebote\\\/\"]}]},{\"@type\":\"ImageObject\",\"inLanguage\":\"de-DE\",\"@id\":\"https:\\\/\\\/www.deleurope.com\\\/de\\\/angebote\\\/gruppenangebote\\\/#primaryimage\",\"url\":\"https:\\\/\\\/www.deleurope.com\\\/wp-content\\\/uploads\\\/2023\\\/07\\\/CITY-3-1030x736-1.jpeg\",\"contentUrl\":\"https:\\\/\\\/www.deleurope.com\\\/wp-content\\\/uploads\\\/2023\\\/07\\\/CITY-3-1030x736-1.jpeg\",\"width\":1030,\"height\":736},{\"@type\":\"BreadcrumbList\",\"@id\":\"https:\\\/\\\/www.deleurope.com\\\/de\\\/angebote\\\/gruppenangebote\\\/#breadcrumb\",\"itemListElement\":[{\"@type\":\"ListItem\",\"position\":1,\"name\":\"Home\",\"item\":\"https:\\\/\\\/www.deleurope.com\\\/de\\\/\"},{\"@type\":\"ListItem\",\"position\":2,\"name\":\"Angebote\",\"item\":\"https:\\\/\\\/www.deleurope.com\\\/de\\\/angebote\\\/\"},{\"@type\":\"ListItem\",\"position\":3,\"name\":\"Gruppenangebote\"}]},{\"@type\":\"WebSite\",\"@id\":\"https:\\\/\\\/www.deleurope.com\\\/de\\\/#website\",\"url\":\"https:\\\/\\\/www.deleurope.com\\\/de\\\/\",\"name\":\"De L&#039;Europe Amsterdam\",\"description\":\"Home of original Amsterdam luxury.\",\"potentialAction\":[{\"@type\":\"SearchAction\",\"target\":{\"@type\":\"EntryPoint\",\"urlTemplate\":\"https:\\\/\\\/www.deleurope.com\\\/de\\\/?s={search_term_string}\"},\"query-input\":{\"@type\":\"PropertyValueSpecification\",\"valueRequired\":true,\"valueName\":\"search_term_string\"}}],\"inLanguage\":\"de-DE\"}]}<\/script>\n<!-- \/ Yoast SEO plugin. -->","yoast_head_json":{"title":"Gruppenangebote | De L&#039;Europe Amsterdam","description":"Entdecken Sie die Gruppenangebote mit au\u00dfergew\u00f6hnlichen Restaurants, privaten Veranstaltungsr\u00e4umen und Wellness-Einrichtungen - perfekt f\u00fcr Tagungen und Feiern.","robots":{"index":"index","follow":"follow","max-snippet":"max-snippet:-1","max-image-preview":"max-image-preview:large","max-video-preview":"max-video-preview:-1"},"canonical":"https:\/\/www.deleurope.com\/de\/angebote\/gruppenangebote\/","og_locale":"de_DE","og_type":"article","og_title":"Gruppenangebote | De L&#039;Europe Amsterdam","og_description":"Entdecken Sie die Gruppenangebote mit au\u00dfergew\u00f6hnlichen Restaurants, privaten Veranstaltungsr\u00e4umen und Wellness-Einrichtungen - perfekt f\u00fcr Tagungen und Feiern.","og_url":"https:\/\/www.deleurope.com\/de\/angebote\/gruppenangebote\/","og_site_name":"De L&#039;Europe Amsterdam","article_modified_time":"2026-01-28T14:28:17+00:00","og_image":[{"width":1030,"height":736,"url":"https:\/\/www.deleurope.com\/wp-content\/uploads\/2023\/07\/CITY-3-1030x736-1.jpeg","type":"image\/jpeg"}],"twitter_card":"summary_large_image","twitter_misc":{"Gesch\u00e4tzte Lesezeit":"2 Minuten"},"schema":{"@context":"https:\/\/schema.org","@graph":[{"@type":"WebPage","@id":"https:\/\/www.deleurope.com\/de\/angebote\/gruppenangebote\/","url":"https:\/\/www.deleurope.com\/de\/angebote\/gruppenangebote\/","name":"Gruppenangebote | De L&#039;Europe Amsterdam","isPartOf":{"@id":"https:\/\/www.deleurope.com\/de\/#website"},"primaryImageOfPage":{"@id":"https:\/\/www.deleurope.com\/de\/angebote\/gruppenangebote\/#primaryimage"},"image":{"@id":"https:\/\/www.deleurope.com\/de\/angebote\/gruppenangebote\/#primaryimage"},"thumbnailUrl":"https:\/\/www.deleurope.com\/wp-content\/uploads\/2023\/07\/CITY-3-1030x736-1.jpeg","datePublished":"2026-01-13T13:10:46+00:00","dateModified":"2026-01-28T14:28:17+00:00","description":"Entdecken Sie die Gruppenangebote mit au\u00dfergew\u00f6hnlichen Restaurants, privaten Veranstaltungsr\u00e4umen und Wellness-Einrichtungen - perfekt f\u00fcr Tagungen und Feiern.","breadcrumb":{"@id":"https:\/\/www.deleurope.com\/de\/angebote\/gruppenangebote\/#breadcrumb"},"inLanguage":"de-DE","potentialAction":[{"@type":"ReadAction","target":["https:\/\/www.deleurope.com\/de\/angebote\/gruppenangebote\/"]}]},{"@type":"ImageObject","inLanguage":"de-DE","@id":"https:\/\/www.deleurope.com\/de\/angebote\/gruppenangebote\/#primaryimage","url":"https:\/\/www.deleurope.com\/wp-content\/uploads\/2023\/07\/CITY-3-1030x736-1.jpeg","contentUrl":"https:\/\/www.deleurope.com\/wp-content\/uploads\/2023\/07\/CITY-3-1030x736-1.jpeg","width":1030,"height":736},{"@type":"BreadcrumbList","@id":"https:\/\/www.deleurope.com\/de\/angebote\/gruppenangebote\/#breadcrumb","itemListElement":[{"@type":"ListItem","position":1,"name":"Home","item":"https:\/\/www.deleurope.com\/de\/"},{"@type":"ListItem","position":2,"name":"Angebote","item":"https:\/\/www.deleurope.com\/de\/angebote\/"},{"@type":"ListItem","position":3,"name":"Gruppenangebote"}]},{"@type":"WebSite","@id":"https:\/\/www.deleurope.com\/de\/#website","url":"https:\/\/www.deleurope.com\/de\/","name":"De L&#039;Europe Amsterdam","description":"Home of original Amsterdam luxury.","potentialAction":[{"@type":"SearchAction","target":{"@type":"EntryPoint","urlTemplate":"https:\/\/www.deleurope.com\/de\/?s={search_term_string}"},"query-input":{"@type":"PropertyValueSpecification","valueRequired":true,"valueName":"search_term_string"}}],"inLanguage":"de-DE"}]}},"featured_image_src":"https:\/\/www.deleurope.com\/wp-content\/uploads\/2023\/07\/CITY-3-1030x736-1-600x400.jpeg","featured_image_src_square":"https:\/\/www.deleurope.com\/wp-content\/uploads\/2023\/07\/CITY-3-1030x736-1-600x600.jpeg","_links":{"self":[{"href":"https:\/\/www.deleurope.com\/de\/wp-json\/wp\/v2\/pages\/12135","targetHints":{"allow":["GET"]}}],"collection":[{"href":"https:\/\/www.deleurope.com\/de\/wp-json\/wp\/v2\/pages"}],"about":[{"href":"https:\/\/www.deleurope.com\/de\/wp-json\/wp\/v2\/types\/page"}],"author":[{"embeddable":true,"href":"https:\/\/www.deleurope.com\/de\/wp-json\/wp\/v2\/users\/17"}],"replies":[{"embeddable":true,"href":"https:\/\/www.deleurope.com\/de\/wp-json\/wp\/v2\/comments?post=12135"}],"version-history":[{"count":0,"href":"https:\/\/www.deleurope.com\/de\/wp-json\/wp\/v2\/pages\/12135\/revisions"}],"up":[{"embeddable":true,"href":"https:\/\/www.deleurope.com\/de\/wp-json\/wp\/v2\/pages\/3026"}],"wp:featuredmedia":[{"embeddable":true,"href":"https:\/\/www.deleurope.com\/de\/wp-json\/wp\/v2\/media\/2973"}],"wp:attachment":[{"href":"https:\/\/www.deleurope.com\/de\/wp-json\/wp\/v2\/media?parent=12135"}],"curies":[{"name":"wp","href":"https:\/\/api.w.org\/{rel}","templated":true}]}}