{"id":12359,"date":"2025-10-14T13:39:03","date_gmt":"2025-10-14T13:39:03","guid":{"rendered":"https:\/\/www.deleurope.com\/presse\/pressemeldungen\/"},"modified":"2026-02-10T11:49:43","modified_gmt":"2026-02-10T11:49:43","slug":"pressemeldungen","status":"publish","type":"page","link":"https:\/\/www.deleurope.com\/de\/presse\/pressemeldungen\/","title":{"rendered":"Pressemeldungen"},"content":{"rendered":"\n<div class=\"wp-block-columns margin-bottom-none is-layout-flex wp-container-core-columns-is-layout-9d6595d7 wp-block-columns-is-layout-flex\">\n<div class=\"wp-block-column two-texts-intro with-cta is-layout-flow wp-block-column-is-layout-flow\">\n<h2 class=\"wp-block-heading has-text-align-center rooms-description-white-box two-texts-bigger header-bigger with-cta has-extra-large-font-size\">WAS NEUES<\/h2>\n\n\n\n<p class=\"has-text-align-center two-texts-smaller\">Von spannenden Aktualisierungen bis hin zu den neuesten Erlebnissen, unsere Pressemitteilungen bringen Ihnen alles n\u00e4her, was bei De L&#8217;Europe Amsterdam passiert.<\/p>\n<\/div>\n<\/div>\n\n<div class=\"wp-block-columns text-on-left wrap-2-columns eat-and-drink-cards top-border is-layout-flex wp-container-core-columns-is-layout-9d6595d7 wp-block-columns-is-layout-flex\" id=\"graziella\">\n<div class=\"wp-block-column is-vertically-aligned-center middle-align is-layout-flow wp-block-column-is-layout-flow\" style=\"flex-basis:50%\">\n<h2 class=\"wp-block-heading has-text-align-center has-extra-large-font-size\" style=\"text-transform:capitalize\">Einf\u00fchrung des De L&#8217;Europe Familienangebots<\/h2>\n\n\n\n<div class=\"wp-block-group\"><div class=\"wp-block-group__inner-container is-layout-constrained wp-block-group-is-layout-constrained\">\n<p class=\"has-text-align-center\"><strong>OKTOBER 2025<\/strong><\/p>\n\n\n\n<p class=\"has-text-align-center\">De L&#8217;Europe Amsterdam lanciert das neue &#8218;Van Gogh Roulins Family Experience&#8216; in Zusammenarbeit mit dem Van Gogh Museum.<\/p>\n\n\n\n<p class=\"has-text-align-center\">Ein inspirierender Aufenthalt mit einer Mischung aus Kunst, Entdeckungen und Familienanschluss im Amsterdamer Grand Dame Hotel am Ufer der Amstel.<\/p>\n\n\n\n<div class=\"wp-block-buttons is-horizontal is-content-justification-center is-layout-flex wp-container-core-buttons-is-layout-499968f5 wp-block-buttons-is-layout-flex\">\n<div class=\"wp-block-button is-style-outline is-style-outline--1\"><a class=\"wp-block-button__link has-central-palette-1-color has-text-color has-text-align-center wp-element-button\" href=\"https:\/\/www.deleurope.com\/press\/launch-de-leurope-family-experience\/\" style=\"border-radius:0px;text-transform:uppercase\">Mehr lesen<\/a><\/div>\n<\/div>\n<\/div><\/div>\n<\/div>\n\n\n\n<div class=\"wp-block-column slider-wrap padding-left-md is-layout-flow wp-block-column-is-layout-flow\" style=\"flex-basis:50%\">\n<figure class=\"wp-block-image size-large\"><img loading=\"lazy\" decoding=\"async\" width=\"800\" height=\"600\" src=\"https:\/\/www.deleurope.com\/wp-content\/uploads\/2025\/10\/Little-Marie-1-edited-800x600.jpg\" alt=\"\" class=\"wp-image-10106\" style=\"aspect-ratio:4\/3;object-fit:cover\" srcset=\"https:\/\/www.deleurope.com\/wp-content\/uploads\/2025\/10\/Little-Marie-1-edited-800x600.jpg 800w, https:\/\/www.deleurope.com\/wp-content\/uploads\/2025\/10\/Little-Marie-1-edited-400x300.jpg 400w, https:\/\/www.deleurope.com\/wp-content\/uploads\/2025\/10\/Little-Marie-1-edited-768x576.jpg 768w, https:\/\/www.deleurope.com\/wp-content\/uploads\/2025\/10\/Little-Marie-1-edited.jpg 1000w\" sizes=\"auto, (max-width: 800px) 100vw, 800px\" \/><\/figure>\n<\/div>\n<\/div>\n\n<div class=\"wp-block-columns text-on-left wrap-2-columns eat-and-drink-cards is-layout-flex wp-container-core-columns-is-layout-9d6595d7 wp-block-columns-is-layout-flex\" id=\"graziella\">\n<div class=\"wp-block-column is-vertically-aligned-center middle-align is-layout-flow wp-block-column-is-layout-flow\" style=\"flex-basis:50%\">\n<h2 class=\"wp-block-heading has-text-align-center has-extra-large-font-size\" style=\"text-transform:capitalize\">drei MICHELIN-Schl\u00fcssel<\/h2>\n\n\n\n<div class=\"wp-block-group\"><div class=\"wp-block-group__inner-container is-layout-constrained wp-block-group-is-layout-constrained\">\n<p class=\"has-text-align-center\"><strong>OKTOBER 2025<\/strong><\/p>\n\n\n\n<p class=\"has-text-align-center\">Das De L&#8217;Europe Amsterdam ist das erste Hotel in den Niederlanden, das <strong>drei MICHELIN Keys<\/strong> erhalten hat, die h\u00f6chste Auszeichnung in diesem neuen internationalen Hotelranking. Von 2.457 Key Hotels weltweit haben nur 143 Hotels drei Keys erhalten, womit das De L&#8217;Europe Amsterdam zu einer exklusiven Gruppe von au\u00dfergew\u00f6hnlichen Reisezielen geh\u00f6rt. <\/p>\n\n\n\n<p class=\"has-text-align-center\">Entdecken Sie, wie diese Auszeichnung unseren authentischen Amsterdamer Luxus, unsere reiche Geschichte seit 1896 sowie die Kreativit\u00e4t und den erstklassigen Service unseres engagierten Teams w\u00fcrdigt.<\/p>\n\n\n\n<div class=\"wp-block-buttons is-horizontal is-content-justification-center is-layout-flex wp-container-core-buttons-is-layout-499968f5 wp-block-buttons-is-layout-flex\">\n<div class=\"wp-block-button is-style-outline is-style-outline--2\"><a class=\"wp-block-button__link has-central-palette-1-color has-text-color has-text-align-center wp-element-button\" href=\"https:\/\/www.deleurope.com\/press\/press-release-three-michelin-keys\/\" style=\"border-radius:0px;text-transform:uppercase\">MEHR LESEN<\/a><\/div>\n<\/div>\n<\/div><\/div>\n<\/div>\n\n\n\n<div class=\"wp-block-column slider-wrap padding-left-md is-layout-flow wp-block-column-is-layout-flow\" style=\"flex-basis:50%\">\n<figure class=\"wp-block-image size-full\"><img loading=\"lazy\" decoding=\"async\" width=\"800\" height=\"1000\" src=\"https:\/\/www.deleurope.com\/wp-content\/uploads\/2025\/10\/Keys.jpg\" alt=\"De L'Europe Amsterdam - Drei MICHELIN-Schl&#xFC;ssel\" class=\"wp-image-9926\" style=\"aspect-ratio:4\/3;object-fit:cover\" srcset=\"https:\/\/www.deleurope.com\/wp-content\/uploads\/2025\/10\/Keys.jpg 800w, https:\/\/www.deleurope.com\/wp-content\/uploads\/2025\/10\/Keys-768x960.jpg 768w\" sizes=\"auto, (max-width: 800px) 100vw, 800px\" \/><\/figure>\n<\/div>\n<\/div>\n\n<div class=\"wp-block-columns special-request is-layout-flex wp-container-core-columns-is-layout-9d6595d7 wp-block-columns-is-layout-flex\">\n<div class=\"wp-block-column has-central-palette-11-background-color has-background is-layout-flow wp-block-column-is-layout-flow\">\n<h2 class=\"wp-block-heading has-text-align-center has-extra-large-font-size\">Anfrage der Presse<\/h2>\n\n\n\n<p class=\"has-text-align-center\">Wir freuen uns \u00fcber Presseanfragen und sind gerne bereit, Ihnen zu helfen und die M\u00f6glichkeiten einer Zusammenarbeit auszuloten, um ein nahtloses und f\u00fcr beide Seiten vorteilhaftes Engagement zu gew\u00e4hrleisten.<\/p>\n\n\n\n<div class=\"wp-block-buttons is-content-justification-center is-layout-flex wp-container-core-buttons-is-layout-16018d1d wp-block-buttons-is-layout-flex\">\n<div class=\"wp-block-button is-style-outline not-italic is-style-outline--3\"><a class=\"wp-block-button__link wp-element-button\" href=\"mailto:pr@deleurope.com\" style=\"border-radius:0px;text-transform:uppercase\">ENQUIRE<\/a><\/div>\n<\/div>\n<\/div>\n<\/div>\n","protected":false},"excerpt":{"rendered":"<p>WAS NEUES Von spannenden Aktualisierungen bis hin zu den neuesten Erlebnissen, unsere Pressemitteilungen bringen Ihnen alles n\u00e4her, was bei De L&#8217;Europe Amsterdam passiert. Einf\u00fchrung des De L&#8217;Europe Familienangebots OKTOBER 2025 De L&#8217;Europe Amsterdam lanciert das neue &#8218;Van Gogh Roulins Family Experience&#8216; in Zusammenarbeit mit dem Van Gogh Museum. Ein inspirierender Aufenthalt mit einer Mischung aus [&hellip;]<\/p>\n","protected":false},"author":6,"featured_media":3488,"parent":3486,"menu_order":0,"comment_status":"closed","ping_status":"closed","template":"","meta":{"_acf_changed":false,"footnotes":""},"class_list":["post-12359","page","type-page","status-publish","has-post-thumbnail","hentry"],"acf":[],"yoast_head":"<!-- This site is optimized with the Yoast SEO plugin v27.3 - https:\/\/yoast.com\/product\/yoast-seo-wordpress\/ -->\n<title>Pressemitteilungen und Nachrichten | De L&#039;Europe Amsterdam<\/title>\n<meta name=\"description\" content=\"Bleiben Sie auf dem Laufenden, was es Neues im De L&#039;Europe Amsterdam gibt. St\u00f6bern Sie in den Pressemitteilungen \u00fcber Neuerungen, Kooperationen und Highlights im gesamten Hotel.\" \/>\n<meta name=\"robots\" content=\"index, follow, max-snippet:-1, max-image-preview:large, max-video-preview:-1\" \/>\n<link rel=\"canonical\" href=\"https:\/\/www.deleurope.com\/de\/presse\/pressemeldungen\/\" \/>\n<meta property=\"og:locale\" content=\"de_DE\" \/>\n<meta property=\"og:type\" content=\"article\" \/>\n<meta property=\"og:title\" content=\"Pressemitteilungen und Nachrichten | De L&#039;Europe Amsterdam\" \/>\n<meta property=\"og:description\" content=\"Bleiben Sie auf dem Laufenden, was es Neues im De L&#039;Europe Amsterdam gibt. St\u00f6bern Sie in den Pressemitteilungen \u00fcber Neuerungen, Kooperationen und Highlights im gesamten Hotel.\" \/>\n<meta property=\"og:url\" content=\"https:\/\/www.deleurope.com\/de\/presse\/pressemeldungen\/\" \/>\n<meta property=\"og:site_name\" content=\"De L&#039;Europe Amsterdam\" \/>\n<meta property=\"article:modified_time\" content=\"2026-02-10T11:49:43+00:00\" \/>\n<meta property=\"og:image\" content=\"https:\/\/www.deleurope.com\/wp-content\/uploads\/2023\/11\/De-LEurope-Amsterdam-Press-Page-Images-2-Copy.jpg\" \/>\n\t<meta property=\"og:image:width\" content=\"1820\" \/>\n\t<meta property=\"og:image:height\" content=\"1300\" \/>\n\t<meta property=\"og:image:type\" content=\"image\/jpeg\" \/>\n<meta name=\"twitter:card\" content=\"summary_large_image\" \/>\n<meta name=\"twitter:label1\" content=\"Gesch\u00e4tzte Lesezeit\" \/>\n\t<meta name=\"twitter:data1\" content=\"1 Minute\" \/>\n<script type=\"application\/ld+json\" class=\"yoast-schema-graph\">{\"@context\":\"https:\\\/\\\/schema.org\",\"@graph\":[{\"@type\":\"WebPage\",\"@id\":\"https:\\\/\\\/www.deleurope.com\\\/de\\\/presse\\\/pressemeldungen\\\/\",\"url\":\"https:\\\/\\\/www.deleurope.com\\\/de\\\/presse\\\/pressemeldungen\\\/\",\"name\":\"Pressemitteilungen und Nachrichten | De L'Europe Amsterdam\",\"isPartOf\":{\"@id\":\"https:\\\/\\\/www.deleurope.com\\\/de\\\/#website\"},\"primaryImageOfPage\":{\"@id\":\"https:\\\/\\\/www.deleurope.com\\\/de\\\/presse\\\/pressemeldungen\\\/#primaryimage\"},\"image\":{\"@id\":\"https:\\\/\\\/www.deleurope.com\\\/de\\\/presse\\\/pressemeldungen\\\/#primaryimage\"},\"thumbnailUrl\":\"https:\\\/\\\/www.deleurope.com\\\/wp-content\\\/uploads\\\/2023\\\/11\\\/De-LEurope-Amsterdam-Press-Page-Images-2-Copy.jpg\",\"datePublished\":\"2025-10-14T13:39:03+00:00\",\"dateModified\":\"2026-02-10T11:49:43+00:00\",\"description\":\"Bleiben Sie auf dem Laufenden, was es Neues im De L'Europe Amsterdam gibt. St\u00f6bern Sie in den Pressemitteilungen \u00fcber Neuerungen, Kooperationen und Highlights im gesamten Hotel.\",\"breadcrumb\":{\"@id\":\"https:\\\/\\\/www.deleurope.com\\\/de\\\/presse\\\/pressemeldungen\\\/#breadcrumb\"},\"inLanguage\":\"de-DE\",\"potentialAction\":[{\"@type\":\"ReadAction\",\"target\":[\"https:\\\/\\\/www.deleurope.com\\\/de\\\/presse\\\/pressemeldungen\\\/\"]}]},{\"@type\":\"ImageObject\",\"inLanguage\":\"de-DE\",\"@id\":\"https:\\\/\\\/www.deleurope.com\\\/de\\\/presse\\\/pressemeldungen\\\/#primaryimage\",\"url\":\"https:\\\/\\\/www.deleurope.com\\\/wp-content\\\/uploads\\\/2023\\\/11\\\/De-LEurope-Amsterdam-Press-Page-Images-2-Copy.jpg\",\"contentUrl\":\"https:\\\/\\\/www.deleurope.com\\\/wp-content\\\/uploads\\\/2023\\\/11\\\/De-LEurope-Amsterdam-Press-Page-Images-2-Copy.jpg\",\"width\":1820,\"height\":1300},{\"@type\":\"BreadcrumbList\",\"@id\":\"https:\\\/\\\/www.deleurope.com\\\/de\\\/presse\\\/pressemeldungen\\\/#breadcrumb\",\"itemListElement\":[{\"@type\":\"ListItem\",\"position\":1,\"name\":\"Home\",\"item\":\"https:\\\/\\\/www.deleurope.com\\\/de\\\/\"},{\"@type\":\"ListItem\",\"position\":2,\"name\":\"Presse\",\"item\":\"https:\\\/\\\/www.deleurope.com\\\/de\\\/presse\\\/\"},{\"@type\":\"ListItem\",\"position\":3,\"name\":\"Pressemeldungen\"}]},{\"@type\":\"WebSite\",\"@id\":\"https:\\\/\\\/www.deleurope.com\\\/de\\\/#website\",\"url\":\"https:\\\/\\\/www.deleurope.com\\\/de\\\/\",\"name\":\"De L&#039;Europe Amsterdam\",\"description\":\"Home of original Amsterdam luxury.\",\"potentialAction\":[{\"@type\":\"SearchAction\",\"target\":{\"@type\":\"EntryPoint\",\"urlTemplate\":\"https:\\\/\\\/www.deleurope.com\\\/de\\\/?s={search_term_string}\"},\"query-input\":{\"@type\":\"PropertyValueSpecification\",\"valueRequired\":true,\"valueName\":\"search_term_string\"}}],\"inLanguage\":\"de-DE\"}]}<\/script>\n<!-- \/ Yoast SEO plugin. -->","yoast_head_json":{"title":"Pressemitteilungen und Nachrichten | De L'Europe Amsterdam","description":"Bleiben Sie auf dem Laufenden, was es Neues im De L'Europe Amsterdam gibt. St\u00f6bern Sie in den Pressemitteilungen \u00fcber Neuerungen, Kooperationen und Highlights im gesamten Hotel.","robots":{"index":"index","follow":"follow","max-snippet":"max-snippet:-1","max-image-preview":"max-image-preview:large","max-video-preview":"max-video-preview:-1"},"canonical":"https:\/\/www.deleurope.com\/de\/presse\/pressemeldungen\/","og_locale":"de_DE","og_type":"article","og_title":"Pressemitteilungen und Nachrichten | De L'Europe Amsterdam","og_description":"Bleiben Sie auf dem Laufenden, was es Neues im De L'Europe Amsterdam gibt. St\u00f6bern Sie in den Pressemitteilungen \u00fcber Neuerungen, Kooperationen und Highlights im gesamten Hotel.","og_url":"https:\/\/www.deleurope.com\/de\/presse\/pressemeldungen\/","og_site_name":"De L&#039;Europe Amsterdam","article_modified_time":"2026-02-10T11:49:43+00:00","og_image":[{"width":1820,"height":1300,"url":"https:\/\/www.deleurope.com\/wp-content\/uploads\/2023\/11\/De-LEurope-Amsterdam-Press-Page-Images-2-Copy.jpg","type":"image\/jpeg"}],"twitter_card":"summary_large_image","twitter_misc":{"Gesch\u00e4tzte Lesezeit":"1 Minute"},"schema":{"@context":"https:\/\/schema.org","@graph":[{"@type":"WebPage","@id":"https:\/\/www.deleurope.com\/de\/presse\/pressemeldungen\/","url":"https:\/\/www.deleurope.com\/de\/presse\/pressemeldungen\/","name":"Pressemitteilungen und Nachrichten | De L'Europe Amsterdam","isPartOf":{"@id":"https:\/\/www.deleurope.com\/de\/#website"},"primaryImageOfPage":{"@id":"https:\/\/www.deleurope.com\/de\/presse\/pressemeldungen\/#primaryimage"},"image":{"@id":"https:\/\/www.deleurope.com\/de\/presse\/pressemeldungen\/#primaryimage"},"thumbnailUrl":"https:\/\/www.deleurope.com\/wp-content\/uploads\/2023\/11\/De-LEurope-Amsterdam-Press-Page-Images-2-Copy.jpg","datePublished":"2025-10-14T13:39:03+00:00","dateModified":"2026-02-10T11:49:43+00:00","description":"Bleiben Sie auf dem Laufenden, was es Neues im De L'Europe Amsterdam gibt. St\u00f6bern Sie in den Pressemitteilungen \u00fcber Neuerungen, Kooperationen und Highlights im gesamten Hotel.","breadcrumb":{"@id":"https:\/\/www.deleurope.com\/de\/presse\/pressemeldungen\/#breadcrumb"},"inLanguage":"de-DE","potentialAction":[{"@type":"ReadAction","target":["https:\/\/www.deleurope.com\/de\/presse\/pressemeldungen\/"]}]},{"@type":"ImageObject","inLanguage":"de-DE","@id":"https:\/\/www.deleurope.com\/de\/presse\/pressemeldungen\/#primaryimage","url":"https:\/\/www.deleurope.com\/wp-content\/uploads\/2023\/11\/De-LEurope-Amsterdam-Press-Page-Images-2-Copy.jpg","contentUrl":"https:\/\/www.deleurope.com\/wp-content\/uploads\/2023\/11\/De-LEurope-Amsterdam-Press-Page-Images-2-Copy.jpg","width":1820,"height":1300},{"@type":"BreadcrumbList","@id":"https:\/\/www.deleurope.com\/de\/presse\/pressemeldungen\/#breadcrumb","itemListElement":[{"@type":"ListItem","position":1,"name":"Home","item":"https:\/\/www.deleurope.com\/de\/"},{"@type":"ListItem","position":2,"name":"Presse","item":"https:\/\/www.deleurope.com\/de\/presse\/"},{"@type":"ListItem","position":3,"name":"Pressemeldungen"}]},{"@type":"WebSite","@id":"https:\/\/www.deleurope.com\/de\/#website","url":"https:\/\/www.deleurope.com\/de\/","name":"De L&#039;Europe Amsterdam","description":"Home of original Amsterdam luxury.","potentialAction":[{"@type":"SearchAction","target":{"@type":"EntryPoint","urlTemplate":"https:\/\/www.deleurope.com\/de\/?s={search_term_string}"},"query-input":{"@type":"PropertyValueSpecification","valueRequired":true,"valueName":"search_term_string"}}],"inLanguage":"de-DE"}]}},"featured_image_src":"https:\/\/www.deleurope.com\/wp-content\/uploads\/2023\/11\/De-LEurope-Amsterdam-Press-Page-Images-2-Copy-600x400.jpg","featured_image_src_square":"https:\/\/www.deleurope.com\/wp-content\/uploads\/2023\/11\/De-LEurope-Amsterdam-Press-Page-Images-2-Copy-600x600.jpg","_links":{"self":[{"href":"https:\/\/www.deleurope.com\/de\/wp-json\/wp\/v2\/pages\/12359","targetHints":{"allow":["GET"]}}],"collection":[{"href":"https:\/\/www.deleurope.com\/de\/wp-json\/wp\/v2\/pages"}],"about":[{"href":"https:\/\/www.deleurope.com\/de\/wp-json\/wp\/v2\/types\/page"}],"author":[{"embeddable":true,"href":"https:\/\/www.deleurope.com\/de\/wp-json\/wp\/v2\/users\/6"}],"replies":[{"embeddable":true,"href":"https:\/\/www.deleurope.com\/de\/wp-json\/wp\/v2\/comments?post=12359"}],"version-history":[{"count":0,"href":"https:\/\/www.deleurope.com\/de\/wp-json\/wp\/v2\/pages\/12359\/revisions"}],"up":[{"embeddable":true,"href":"https:\/\/www.deleurope.com\/de\/wp-json\/wp\/v2\/pages\/3486"}],"wp:featuredmedia":[{"embeddable":true,"href":"https:\/\/www.deleurope.com\/de\/wp-json\/wp\/v2\/media\/3488"}],"wp:attachment":[{"href":"https:\/\/www.deleurope.com\/de\/wp-json\/wp\/v2\/media?parent=12359"}],"curies":[{"name":"wp","href":"https:\/\/api.w.org\/{rel}","templated":true}]}}