{"id":12758,"date":"2025-10-15T10:53:50","date_gmt":"2025-10-15T10:53:50","guid":{"rendered":"https:\/\/www.deleurope.com\/familie\/unser-kleiner-gast-vom-fluss-amstel\/"},"modified":"2026-03-19T15:13:09","modified_gmt":"2026-03-19T15:13:09","slug":"unser-kleiner-gast-vom-fluss-amstel","status":"publish","type":"page","link":"https:\/\/www.deleurope.com\/de\/familie\/unser-kleiner-gast-vom-fluss-amstel\/","title":{"rendered":"Unser kleiner Gast vom Fluss Amstel"},"content":{"rendered":"\n<div class=\"wp-block-columns margin-bottom-none is-layout-flex wp-container-core-columns-is-layout-9d6595d7 wp-block-columns-is-layout-flex\">\n<div class=\"wp-block-column two-texts-intro is-layout-flow wp-block-column-is-layout-flow\">\n<h2 class=\"wp-block-heading has-text-align-center rooms-description-white-box two-texts-bigger header-bigger has-extra-large-font-size\">HALLO, ICH BIN DIE KLEINE MARIE<\/h2>\n\n\n\n<p class=\"has-text-align-center two-texts-smaller\">Ich freue mich so sehr, Sie im De L&#8217;Europe Amsterdam begr\u00fc\u00dfen zu d\u00fcrfen! Als Ihr freundlicher Hummer-Guide am Fluss Amstel werde ich Sie auf einer magischen Reise durch unsere sch\u00f6ne Stadt und unser wunderbares Hotel begleiten. <\/p>\n<\/div>\n<\/div>\n\n<div class=\"wp-block-columns text-on-left wrap-2-columns eat-and-drink-cards top-border is-layout-flex wp-container-core-columns-is-layout-9d6595d7 wp-block-columns-is-layout-flex\" id=\"graziella\">\n<div class=\"wp-block-column is-vertically-aligned-center middle-align is-layout-flow wp-block-column-is-layout-flow\" style=\"flex-basis:50%\">\n<h2 class=\"wp-block-heading has-text-align-center has-extra-large-font-size\" style=\"text-transform:capitalize\">LET&#8217;S EXPLORE<\/h2>\n\n\n\n<div class=\"wp-block-group\"><div class=\"wp-block-group__inner-container is-layout-constrained wp-block-group-is-layout-constrained\">\n<p class=\"has-text-align-center\">Ich komme den ganzen Weg vom glitzernden Wasser der Amstel, genau hier, wo das Hotel liegt. Die Amstel flie\u00dft durch das Herz von Amsterdam und ist mit allen Grachten der Stadt verbunden, so dass ich jeden Winkel erkundet habe. Deshalb kenne ich so viele Geschichten \u00fcber die versteckten Ecken der Stadt, ihre charmanten Stra\u00dfen und die kreativen, interessanten Menschen, die hier leben und arbeiten. Ich kann es kaum erwarten, all diese Wunder mit Ihnen zu teilen!   <\/p>\n<\/div><\/div>\n<\/div>\n\n\n\n<div class=\"wp-block-column slider-wrap padding-left-md is-layout-flow wp-block-column-is-layout-flow\" style=\"flex-basis:50%\">\n<figure class=\"wp-block-image size-full\"><img loading=\"lazy\" decoding=\"async\" width=\"1000\" height=\"750\" src=\"https:\/\/www.deleurope.com\/wp-content\/uploads\/2025\/10\/Little-Marie-3-edited.jpg\" alt=\"Die kleine Marie in Amsterdam\" class=\"wp-image-10101\" style=\"aspect-ratio:4\/3;object-fit:cover\" srcset=\"https:\/\/www.deleurope.com\/wp-content\/uploads\/2025\/10\/Little-Marie-3-edited.jpg 1000w, https:\/\/www.deleurope.com\/wp-content\/uploads\/2025\/10\/Little-Marie-3-edited-400x300.jpg 400w, https:\/\/www.deleurope.com\/wp-content\/uploads\/2025\/10\/Little-Marie-3-edited-800x600.jpg 800w, https:\/\/www.deleurope.com\/wp-content\/uploads\/2025\/10\/Little-Marie-3-edited-768x576.jpg 768w\" sizes=\"auto, (max-width: 1000px) 100vw, 1000px\" \/><\/figure>\n<\/div>\n<\/div>\n\n<div class=\"wp-block-columns columns_slider_text wrap-2-columns eat-and-drink-cards is-layout-flex wp-container-core-columns-is-layout-9d6595d7 wp-block-columns-is-layout-flex\" id=\"flore\">\n<div class=\"wp-block-column slider-wrap is-layout-flow wp-block-column-is-layout-flow\" style=\"flex-basis:50%\">\n<figure class=\"wp-block-image size-large\"><img loading=\"lazy\" decoding=\"async\" width=\"800\" height=\"600\" src=\"https:\/\/www.deleurope.com\/wp-content\/uploads\/2025\/10\/Little-Marie-Friends-800x600.png\" alt=\"\" class=\"wp-image-10053\" style=\"aspect-ratio:4\/3;object-fit:cover\" srcset=\"https:\/\/www.deleurope.com\/wp-content\/uploads\/2025\/10\/Little-Marie-Friends-800x600.png 800w, https:\/\/www.deleurope.com\/wp-content\/uploads\/2025\/10\/Little-Marie-Friends-400x300.png 400w\" sizes=\"auto, (max-width: 800px) 100vw, 800px\" \/><\/figure>\n<\/div>\n\n\n\n<div class=\"wp-block-column is-vertically-aligned-center middle-align is-layout-flow wp-block-column-is-layout-flow\" style=\"flex-basis:50%\">\n<h2 class=\"wp-block-heading has-text-align-center has-extra-large-font-size\" style=\"text-transform:none\">MEINE FREUNDE<\/h2>\n\n\n\n<div class=\"wp-block-group\"><div class=\"wp-block-group__inner-container is-layout-constrained wp-block-group-is-layout-constrained\">\n<p class=\"has-text-align-center\">Zusammen mit meinen entz\u00fcckenden Freunden, Little Bernie, dem reisenden Kraken, Hannah, dem Reiher, Okidoki, dem Seestern, und Fran\u00e7ois, dem Seepferdchen, sind wir bereit, zu erkunden, zu entdecken und unendlich viel Spa\u00df zu haben. Sie werden die faszinierende Geschichte, die Kultur und die verborgenen Sch\u00e4tze von Amsterdam entdecken. Wir werden durch ber\u00fchmte Museen wandern, \u00fcber charmante Stra\u00dfen stolpern und geheime Orte finden, die die meisten Besucher nie zu Gesicht bekommen. Unterwegs werden wir auch traditionelle holl\u00e4ndische Leckereien probieren, von Stroopwafels bis Poffertjes, und all die leckeren Aromen genie\u00dfen, die die Stadt zu bieten hat.   <\/p>\n<\/div><\/div>\n<\/div>\n<\/div>\n\n<div class=\"wp-block-columns text-on-left wrap-2-columns eat-and-drink-cards top-border is-layout-flex wp-container-core-columns-is-layout-9d6595d7 wp-block-columns-is-layout-flex\" id=\"graziella\">\n<div class=\"wp-block-column is-vertically-aligned-center middle-align is-layout-flow wp-block-column-is-layout-flow\" style=\"flex-basis:50%\">\n<h2 class=\"wp-block-heading has-text-align-center has-extra-large-font-size\" style=\"text-transform:capitalize\"><\/h2>\n\n\n\n<div class=\"wp-block-group\"><div class=\"wp-block-group__inner-container is-layout-constrained wp-block-group-is-layout-constrained\">\n<p class=\"has-text-align-center\">Im De L&#8217;Europe Amsterdam sorge ich daf\u00fcr, dass Ihr Aufenthalt voller Wunder, Lachen und Aufregung ist. Von Abenteuern entlang der Amstel bis zur Erkundung der magischen Ecken des Hotels gibt es f\u00fcr jeden etwas Neues zu entdecken. <\/p>\n\n\n\n<p class=\"has-text-align-center\">Kommen Sie also mit, bringen Sie Ihre Neugierde mit und lassen Sie uns Ihren Besuch in Amsterdam zu einem unvergesslichen Abenteuer machen!<\/p>\n\n\n\n<p class=\"has-text-align-center\">Erforschen Sie weiter.<\/p>\n\n\n\n<p class=\"has-text-align-center\">Kleine Marie<\/p>\n<\/div><\/div>\n<\/div>\n\n\n\n<div class=\"wp-block-column slider-wrap padding-left-md is-layout-flow wp-block-column-is-layout-flow\" style=\"flex-basis:50%\">\n<figure class=\"wp-block-image size-full\"><img loading=\"lazy\" decoding=\"async\" width=\"1000\" height=\"750\" src=\"https:\/\/www.deleurope.com\/wp-content\/uploads\/2025\/10\/Little-Marie-1-edited.jpg\" alt=\"\" class=\"wp-image-10106\" style=\"aspect-ratio:4\/3;object-fit:cover\" srcset=\"https:\/\/www.deleurope.com\/wp-content\/uploads\/2025\/10\/Little-Marie-1-edited.jpg 1000w, https:\/\/www.deleurope.com\/wp-content\/uploads\/2025\/10\/Little-Marie-1-edited-400x300.jpg 400w, https:\/\/www.deleurope.com\/wp-content\/uploads\/2025\/10\/Little-Marie-1-edited-800x600.jpg 800w, https:\/\/www.deleurope.com\/wp-content\/uploads\/2025\/10\/Little-Marie-1-edited-768x576.jpg 768w\" sizes=\"auto, (max-width: 1000px) 100vw, 1000px\" \/><\/figure>\n<\/div>\n<\/div>\n\n<div class=\"wp-block-columns special-request contact-form is-layout-flex wp-container-core-columns-is-layout-9d6595d7 wp-block-columns-is-layout-flex\" id=\"enquire\">\n<div class=\"wp-block-column has-central-palette-11-background-color has-background is-layout-flow wp-block-column-is-layout-flow\">\n<h2 class=\"wp-block-heading has-text-align-center has-extra-large-font-size\">Special Request<\/h2>\n\n\n\n<p class=\"has-text-align-center\">We are delighted to accommodate your special request. Your comfort is our priority, and we look forward to ensuring a pleasant experience for you.<\/p>\n\n\n\n<div class=\"wp-block-contact-form-7-contact-form-selector\">\n<div class=\"wpcf7 no-js\" id=\"wpcf7-f9407-o1\" lang=\"de-DE\" dir=\"ltr\" data-wpcf7-id=\"9407\">\n<div class=\"screen-reader-response\"><p role=\"status\" aria-live=\"polite\" aria-atomic=\"true\"><\/p> <ul><\/ul><\/div>\n<form action=\"\/de\/wp-json\/wp\/v2\/pages\/12758#wpcf7-f9407-o1\" method=\"post\" class=\"wpcf7-form init\" aria-label=\"Kontaktformular\" novalidate=\"novalidate\" data-status=\"init\">\n<fieldset class=\"hidden-fields-container\"><input type=\"hidden\" name=\"_wpcf7\" value=\"9407\" \/><input type=\"hidden\" name=\"_wpcf7_version\" value=\"6.1.5\" \/><input type=\"hidden\" name=\"_wpcf7_locale\" value=\"de_DE\" \/><input type=\"hidden\" name=\"_wpcf7_unit_tag\" value=\"wpcf7-f9407-o1\" \/><input type=\"hidden\" name=\"_wpcf7_container_post\" value=\"0\" \/><input type=\"hidden\" name=\"_wpcf7_posted_data_hash\" value=\"\" \/>\n<\/fieldset>\n<p><span class=\"wpcf7-form-control-wrap\" data-name=\"firstname\"><input size=\"40\" maxlength=\"400\" class=\"wpcf7-form-control wpcf7-text wpcf7-validates-as-required half\" aria-required=\"true\" aria-invalid=\"false\" placeholder=\"Vorname*\" value=\"\" type=\"text\" name=\"firstname\" \/><\/span><br \/>\n<span class=\"wpcf7-form-control-wrap\" data-name=\"lastname\"><input size=\"40\" maxlength=\"400\" class=\"wpcf7-form-control wpcf7-text wpcf7-validates-as-required half\" aria-required=\"true\" aria-invalid=\"false\" placeholder=\"Nachname*\" value=\"\" type=\"text\" name=\"lastname\" \/><\/span><br \/>\n<span class=\"wpcf7-form-control-wrap\" data-name=\"email\"><input size=\"40\" maxlength=\"400\" class=\"wpcf7-form-control wpcf7-email wpcf7-validates-as-required wpcf7-text wpcf7-validates-as-email half\" aria-required=\"true\" aria-invalid=\"false\" placeholder=\"Email*\" value=\"\" type=\"email\" name=\"email\" \/><\/span><br \/>\n<span class=\"wpcf7-form-control-wrap\" data-name=\"telephone\"><input size=\"40\" maxlength=\"400\" class=\"wpcf7-form-control wpcf7-tel wpcf7-validates-as-required wpcf7-text wpcf7-validates-as-tel half\" aria-required=\"true\" aria-invalid=\"false\" placeholder=\"Telefon*\" value=\"\" type=\"tel\" name=\"telephone\" \/><\/span><br \/>\n<span class=\"wpcf7-form-control-wrap\" data-name=\"country\"><input size=\"40\" maxlength=\"400\" class=\"wpcf7-form-control wpcf7-text half\" aria-invalid=\"false\" placeholder=\"Land\" value=\"\" type=\"text\" name=\"country\" \/><\/span><br \/>\n<span class=\"wpcf7-form-control-wrap\" data-name=\"hearfromus\"><select class=\"wpcf7-form-control wpcf7-select wpcf7-validates-as-required half\" aria-required=\"true\" aria-invalid=\"false\" name=\"hearfromus\"><option value=\"Art der Anfrage?*\">Art der Anfrage?*<\/option><option value=\"Reservierungen\">Reservierungen<\/option><option value=\"Informationen\">Informationen<\/option><option value=\"Concierge\">Concierge<\/option><option value=\"Spa &amp; Wellness\">Spa &amp; Wellness<\/option><option value=\"Concept Store IN-HUYS\">Concept Store IN-HUYS<\/option><option value=\"Sonstiges\">Sonstiges<\/option><\/select><\/span><br \/>\n<span class=\"wpcf7-form-control-wrap\" data-name=\"textarea-723\"><textarea cols=\"40\" rows=\"10\" maxlength=\"2000\" class=\"wpcf7-form-control wpcf7-textarea full\" aria-invalid=\"false\" placeholder=\"Nachricht\" name=\"textarea-723\"><\/textarea><\/span>\n<\/p>\n<p class=\"privacy-contact\">Diese Seite ist durch reCAPTCHA gesch\u00fctzt und es gelten die Google <a href=\"\/privacy-policy-2\/\">PRIVACY POLICY<\/a> und <a href=\"\/terms-conditions\/\">TERMS OF SERVICE<\/a>.\n<\/p>\n<p><br \/>\n<input class=\"wpcf7-form-control wpcf7-submit has-spinner\" type=\"submit\" value=\"Anfrage senden\" \/>\n<\/p><noscript>\n\t\t\t<div class=\"wpcf7-response-output wpcf7-spam-blocked\">Your browser does not support JavaScript!. Please enable javascript in your browser in order to get form work properly.<\/div>\n\t<\/noscript><script type='text\/javascript'>\n\n\t\t\t\t\t\tif(contactform === undefined){\n\t\t\t\t\t\t\tvar contactform = [];\n\t\t\t\t\t\t}\n\t\t\t\t\t\tvar innerVal = [9407,'mail_sent_ok','Vielen Dank f&uuml;r Ihre Nachricht. Sie wurde abgeschickt.'];\n\t\t\t\t\t\tcontactform.push(innerVal);\n\t\t\t\t\t\tvar innerVal = [9407,'mail_sent_ng','Es ist ein Fehler beim Senden Ihrer Nachricht aufgetreten. Bitte versuchen Sie es sp&auml;ter noch einmal.'];\n\t\t\t\t\t\tcontactform.push(innerVal);\n\t\t\t\t\t\tvar innerVal = [9407,'validation_error','Ein oder mehrere Felder weisen einen Fehler auf. Bitte &uuml;berpr&uuml;fen Sie das und versuchen Sie es erneut.'];\n\t\t\t\t\t\tcontactform.push(innerVal);\n\t\t\t\t\t\tvar innerVal = [9407,'spam','Es ist ein Fehler beim Senden Ihrer Nachricht aufgetreten. Bitte versuchen Sie es sp&auml;ter noch einmal.'];\n\t\t\t\t\t\tcontactform.push(innerVal);\n\t\t\t\t\t\tvar innerVal = [9407,'accept_terms','Sie m&uuml;ssen die Bedingungen und Konditionen akzeptieren, bevor Sie Ihre Nachricht senden k&ouml;nnen.'];\n\t\t\t\t\t\tcontactform.push(innerVal);\n\t\t\t\t\t\tvar innerVal = [9407,'invalid_required','Bitte f&uuml;llen Sie dieses Feld aus.'];\n\t\t\t\t\t\tcontactform.push(innerVal);\n\t\t\t\t\t\tvar innerVal = [9407,'invalid_too_long','Dieses Feld hat eine zu lange Eingabe.'];\n\t\t\t\t\t\tcontactform.push(innerVal);\n\t\t\t\t\t\tvar innerVal = [9407,'invalid_too_short','Dieses Feld hat eine zu kurze Eingabe.'];\n\t\t\t\t\t\tcontactform.push(innerVal);\n\t\t\t\t\t\tvar innerVal = [9407,'upload_failed','Es ist ein unbekannter Fehler beim Hochladen der Datei aufgetreten.'];\n\t\t\t\t\t\tcontactform.push(innerVal);\n\t\t\t\t\t\tvar innerVal = [9407,'upload_file_type_invalid','Es ist nicht erlaubt, Dateien dieses Typs hochzuladen.'];\n\t\t\t\t\t\tcontactform.push(innerVal);\n\t\t\t\t\t\tvar innerVal = [9407,'upload_file_too_large','Die hochgeladene Datei ist zu gro&szlig;.'];\n\t\t\t\t\t\tcontactform.push(innerVal);\n\t\t\t\t\t\tvar innerVal = [9407,'upload_failed_php_error','Beim Hochladen der Datei ist ein Fehler aufgetreten.'];\n\t\t\t\t\t\tcontactform.push(innerVal);\n\t\t\t\t\t\tvar innerVal = [9407,'invalid_date','Bitte geben Sie ein Datum im Format JJJJ-MM-TT ein.'];\n\t\t\t\t\t\tcontactform.push(innerVal);\n\t\t\t\t\t\tvar innerVal = [9407,'date_too_early','Dieses Feld hat ein zu fr&uuml;hes Datum.'];\n\t\t\t\t\t\tcontactform.push(innerVal);\n\t\t\t\t\t\tvar innerVal = [9407,'date_too_late','Dieses Feld hat ein zu sp&auml;tes Datum.'];\n\t\t\t\t\t\tcontactform.push(innerVal);\n\t\t\t\t\t\tvar innerVal = [9407,'invalid_number','Bitte geben Sie eine Nummer ein.'];\n\t\t\t\t\t\tcontactform.push(innerVal);\n\t\t\t\t\t\tvar innerVal = [9407,'number_too_small','Dieses Feld hat eine zu kleine Zahl.'];\n\t\t\t\t\t\tcontactform.push(innerVal);\n\t\t\t\t\t\tvar innerVal = [9407,'number_too_large','Dieses Feld hat eine zu gro&szlig;e Zahl.'];\n\t\t\t\t\t\tcontactform.push(innerVal);\n\t\t\t\t\t\tvar innerVal = [9407,'quiz_answer_not_correct','Die Antwort auf das Quiz ist falsch.'];\n\t\t\t\t\t\tcontactform.push(innerVal);\n\t\t\t\t\t\tvar innerVal = [9407,'invalid_email','Bitte geben Sie eine E-Mail Adresse ein.'];\n\t\t\t\t\t\tcontactform.push(innerVal);\n\t\t\t\t\t\tvar innerVal = [9407,'invalid_url','Bitte geben Sie eine URL ein.'];\n\t\t\t\t\t\tcontactform.push(innerVal);\n\t\t\t\t\t\tvar innerVal = [9407,'invalid_tel','Bitte geben Sie eine Telefonnummer ein.'];\n\t\t\t\t\t\tcontactform.push(innerVal);\n\t\t\t\t\t\tvar innerVal = [9407,'gdpr',''];\n\t\t\t\t\t\tcontactform.push(innerVal);\n\t\t\t\t\t\t<\/script><div class=\"wpcf7-response-output\" aria-hidden=\"true\"><\/div>\n<\/form>\n<\/div>\n<\/div>\n<\/div>\n<\/div>\n","protected":false},"excerpt":{"rendered":"<p>HALLO, ICH BIN DIE KLEINE MARIE Ich freue mich so sehr, Sie im De L&#8217;Europe Amsterdam begr\u00fc\u00dfen zu d\u00fcrfen! Als Ihr freundlicher Hummer-Guide am Fluss Amstel werde ich Sie auf einer magischen Reise durch unsere sch\u00f6ne Stadt und unser wunderbares Hotel begleiten. LET&#8217;S EXPLORE Ich komme den ganzen Weg vom glitzernden Wasser der Amstel, genau [&hellip;]<\/p>\n","protected":false},"author":6,"featured_media":9746,"parent":2974,"menu_order":1,"comment_status":"closed","ping_status":"closed","template":"","meta":{"_acf_changed":false,"footnotes":""},"class_list":["post-12758","page","type-page","status-publish","has-post-thumbnail","hentry"],"acf":[],"yoast_head":"<!-- This site is optimized with the Yoast SEO plugin v27.3 - https:\/\/yoast.com\/product\/yoast-seo-wordpress\/ -->\n<title>Unser kleiner Gast vom Fluss Amstel - De L&#039;Europe Amsterdam<\/title>\n<meta name=\"robots\" content=\"index, follow, max-snippet:-1, max-image-preview:large, max-video-preview:-1\" \/>\n<link rel=\"canonical\" href=\"https:\/\/www.deleurope.com\/de\/familie\/unser-kleiner-gast-vom-fluss-amstel\/\" \/>\n<meta property=\"og:locale\" content=\"de_DE\" \/>\n<meta property=\"og:type\" content=\"article\" \/>\n<meta property=\"og:title\" content=\"Unser kleiner Gast vom Fluss Amstel - De L&#039;Europe Amsterdam\" \/>\n<meta property=\"og:description\" content=\"HALLO, ICH BIN DIE KLEINE MARIE Ich freue mich so sehr, Sie im De L&#8217;Europe Amsterdam begr\u00fc\u00dfen zu d\u00fcrfen! Als Ihr freundlicher Hummer-Guide am Fluss Amstel werde ich Sie auf einer magischen Reise durch unsere sch\u00f6ne Stadt und unser wunderbares Hotel begleiten. LET&#8217;S EXPLORE Ich komme den ganzen Weg vom glitzernden Wasser der Amstel, genau [&hellip;]\" \/>\n<meta property=\"og:url\" content=\"https:\/\/www.deleurope.com\/de\/familie\/unser-kleiner-gast-vom-fluss-amstel\/\" \/>\n<meta property=\"og:site_name\" content=\"De L&#039;Europe Amsterdam\" \/>\n<meta property=\"article:modified_time\" content=\"2026-03-19T15:13:09+00:00\" \/>\n<meta property=\"og:image\" content=\"https:\/\/www.deleurope.com\/wp-content\/uploads\/2025\/10\/1-e1760526243322.png\" \/>\n\t<meta property=\"og:image:width\" content=\"1080\" \/>\n\t<meta property=\"og:image:height\" content=\"1080\" \/>\n\t<meta property=\"og:image:type\" content=\"image\/png\" \/>\n<meta name=\"twitter:card\" content=\"summary_large_image\" \/>\n<meta name=\"twitter:label1\" content=\"Gesch\u00e4tzte Lesezeit\" \/>\n\t<meta name=\"twitter:data1\" content=\"2 Minuten\" \/>\n<script type=\"application\/ld+json\" class=\"yoast-schema-graph\">{\"@context\":\"https:\\\/\\\/schema.org\",\"@graph\":[{\"@type\":\"WebPage\",\"@id\":\"https:\\\/\\\/www.deleurope.com\\\/de\\\/familie\\\/unser-kleiner-gast-vom-fluss-amstel\\\/\",\"url\":\"https:\\\/\\\/www.deleurope.com\\\/de\\\/familie\\\/unser-kleiner-gast-vom-fluss-amstel\\\/\",\"name\":\"Unser kleiner Gast vom Fluss Amstel - De L&#039;Europe Amsterdam\",\"isPartOf\":{\"@id\":\"https:\\\/\\\/www.deleurope.com\\\/de\\\/#website\"},\"primaryImageOfPage\":{\"@id\":\"https:\\\/\\\/www.deleurope.com\\\/de\\\/familie\\\/unser-kleiner-gast-vom-fluss-amstel\\\/#primaryimage\"},\"image\":{\"@id\":\"https:\\\/\\\/www.deleurope.com\\\/de\\\/familie\\\/unser-kleiner-gast-vom-fluss-amstel\\\/#primaryimage\"},\"thumbnailUrl\":\"https:\\\/\\\/www.deleurope.com\\\/wp-content\\\/uploads\\\/2025\\\/10\\\/1-e1760526243322.png\",\"datePublished\":\"2025-10-15T10:53:50+00:00\",\"dateModified\":\"2026-03-19T15:13:09+00:00\",\"breadcrumb\":{\"@id\":\"https:\\\/\\\/www.deleurope.com\\\/de\\\/familie\\\/unser-kleiner-gast-vom-fluss-amstel\\\/#breadcrumb\"},\"inLanguage\":\"de-DE\",\"potentialAction\":[{\"@type\":\"ReadAction\",\"target\":[\"https:\\\/\\\/www.deleurope.com\\\/de\\\/familie\\\/unser-kleiner-gast-vom-fluss-amstel\\\/\"]}]},{\"@type\":\"ImageObject\",\"inLanguage\":\"de-DE\",\"@id\":\"https:\\\/\\\/www.deleurope.com\\\/de\\\/familie\\\/unser-kleiner-gast-vom-fluss-amstel\\\/#primaryimage\",\"url\":\"https:\\\/\\\/www.deleurope.com\\\/wp-content\\\/uploads\\\/2025\\\/10\\\/1-e1760526243322.png\",\"contentUrl\":\"https:\\\/\\\/www.deleurope.com\\\/wp-content\\\/uploads\\\/2025\\\/10\\\/1-e1760526243322.png\",\"width\":1080,\"height\":1080,\"caption\":\"Little Marie\"},{\"@type\":\"BreadcrumbList\",\"@id\":\"https:\\\/\\\/www.deleurope.com\\\/de\\\/familie\\\/unser-kleiner-gast-vom-fluss-amstel\\\/#breadcrumb\",\"itemListElement\":[{\"@type\":\"ListItem\",\"position\":1,\"name\":\"Home\",\"item\":\"https:\\\/\\\/www.deleurope.com\\\/de\\\/\"},{\"@type\":\"ListItem\",\"position\":2,\"name\":\"Familie\",\"item\":\"https:\\\/\\\/www.deleurope.com\\\/de\\\/familie\\\/\"},{\"@type\":\"ListItem\",\"position\":3,\"name\":\"Unser kleiner Gast vom Fluss Amstel\"}]},{\"@type\":\"WebSite\",\"@id\":\"https:\\\/\\\/www.deleurope.com\\\/de\\\/#website\",\"url\":\"https:\\\/\\\/www.deleurope.com\\\/de\\\/\",\"name\":\"De L&#039;Europe Amsterdam\",\"description\":\"Home of original Amsterdam luxury.\",\"potentialAction\":[{\"@type\":\"SearchAction\",\"target\":{\"@type\":\"EntryPoint\",\"urlTemplate\":\"https:\\\/\\\/www.deleurope.com\\\/de\\\/?s={search_term_string}\"},\"query-input\":{\"@type\":\"PropertyValueSpecification\",\"valueRequired\":true,\"valueName\":\"search_term_string\"}}],\"inLanguage\":\"de-DE\"}]}<\/script>\n<!-- \/ Yoast SEO plugin. -->","yoast_head_json":{"title":"Unser kleiner Gast vom Fluss Amstel - De L&#039;Europe Amsterdam","robots":{"index":"index","follow":"follow","max-snippet":"max-snippet:-1","max-image-preview":"max-image-preview:large","max-video-preview":"max-video-preview:-1"},"canonical":"https:\/\/www.deleurope.com\/de\/familie\/unser-kleiner-gast-vom-fluss-amstel\/","og_locale":"de_DE","og_type":"article","og_title":"Unser kleiner Gast vom Fluss Amstel - De L&#039;Europe Amsterdam","og_description":"HALLO, ICH BIN DIE KLEINE MARIE Ich freue mich so sehr, Sie im De L&#8217;Europe Amsterdam begr\u00fc\u00dfen zu d\u00fcrfen! Als Ihr freundlicher Hummer-Guide am Fluss Amstel werde ich Sie auf einer magischen Reise durch unsere sch\u00f6ne Stadt und unser wunderbares Hotel begleiten. LET&#8217;S EXPLORE Ich komme den ganzen Weg vom glitzernden Wasser der Amstel, genau [&hellip;]","og_url":"https:\/\/www.deleurope.com\/de\/familie\/unser-kleiner-gast-vom-fluss-amstel\/","og_site_name":"De L&#039;Europe Amsterdam","article_modified_time":"2026-03-19T15:13:09+00:00","og_image":[{"width":1080,"height":1080,"url":"https:\/\/www.deleurope.com\/wp-content\/uploads\/2025\/10\/1-e1760526243322.png","type":"image\/png"}],"twitter_card":"summary_large_image","twitter_misc":{"Gesch\u00e4tzte Lesezeit":"2 Minuten"},"schema":{"@context":"https:\/\/schema.org","@graph":[{"@type":"WebPage","@id":"https:\/\/www.deleurope.com\/de\/familie\/unser-kleiner-gast-vom-fluss-amstel\/","url":"https:\/\/www.deleurope.com\/de\/familie\/unser-kleiner-gast-vom-fluss-amstel\/","name":"Unser kleiner Gast vom Fluss Amstel - De L&#039;Europe Amsterdam","isPartOf":{"@id":"https:\/\/www.deleurope.com\/de\/#website"},"primaryImageOfPage":{"@id":"https:\/\/www.deleurope.com\/de\/familie\/unser-kleiner-gast-vom-fluss-amstel\/#primaryimage"},"image":{"@id":"https:\/\/www.deleurope.com\/de\/familie\/unser-kleiner-gast-vom-fluss-amstel\/#primaryimage"},"thumbnailUrl":"https:\/\/www.deleurope.com\/wp-content\/uploads\/2025\/10\/1-e1760526243322.png","datePublished":"2025-10-15T10:53:50+00:00","dateModified":"2026-03-19T15:13:09+00:00","breadcrumb":{"@id":"https:\/\/www.deleurope.com\/de\/familie\/unser-kleiner-gast-vom-fluss-amstel\/#breadcrumb"},"inLanguage":"de-DE","potentialAction":[{"@type":"ReadAction","target":["https:\/\/www.deleurope.com\/de\/familie\/unser-kleiner-gast-vom-fluss-amstel\/"]}]},{"@type":"ImageObject","inLanguage":"de-DE","@id":"https:\/\/www.deleurope.com\/de\/familie\/unser-kleiner-gast-vom-fluss-amstel\/#primaryimage","url":"https:\/\/www.deleurope.com\/wp-content\/uploads\/2025\/10\/1-e1760526243322.png","contentUrl":"https:\/\/www.deleurope.com\/wp-content\/uploads\/2025\/10\/1-e1760526243322.png","width":1080,"height":1080,"caption":"Little Marie"},{"@type":"BreadcrumbList","@id":"https:\/\/www.deleurope.com\/de\/familie\/unser-kleiner-gast-vom-fluss-amstel\/#breadcrumb","itemListElement":[{"@type":"ListItem","position":1,"name":"Home","item":"https:\/\/www.deleurope.com\/de\/"},{"@type":"ListItem","position":2,"name":"Familie","item":"https:\/\/www.deleurope.com\/de\/familie\/"},{"@type":"ListItem","position":3,"name":"Unser kleiner Gast vom Fluss Amstel"}]},{"@type":"WebSite","@id":"https:\/\/www.deleurope.com\/de\/#website","url":"https:\/\/www.deleurope.com\/de\/","name":"De L&#039;Europe Amsterdam","description":"Home of original Amsterdam luxury.","potentialAction":[{"@type":"SearchAction","target":{"@type":"EntryPoint","urlTemplate":"https:\/\/www.deleurope.com\/de\/?s={search_term_string}"},"query-input":{"@type":"PropertyValueSpecification","valueRequired":true,"valueName":"search_term_string"}}],"inLanguage":"de-DE"}]}},"featured_image_src":"https:\/\/www.deleurope.com\/wp-content\/uploads\/2025\/10\/1-600x400.png","featured_image_src_square":"https:\/\/www.deleurope.com\/wp-content\/uploads\/2025\/10\/1-600x600.png","_links":{"self":[{"href":"https:\/\/www.deleurope.com\/de\/wp-json\/wp\/v2\/pages\/12758","targetHints":{"allow":["GET"]}}],"collection":[{"href":"https:\/\/www.deleurope.com\/de\/wp-json\/wp\/v2\/pages"}],"about":[{"href":"https:\/\/www.deleurope.com\/de\/wp-json\/wp\/v2\/types\/page"}],"author":[{"embeddable":true,"href":"https:\/\/www.deleurope.com\/de\/wp-json\/wp\/v2\/users\/6"}],"replies":[{"embeddable":true,"href":"https:\/\/www.deleurope.com\/de\/wp-json\/wp\/v2\/comments?post=12758"}],"version-history":[{"count":1,"href":"https:\/\/www.deleurope.com\/de\/wp-json\/wp\/v2\/pages\/12758\/revisions"}],"predecessor-version":[{"id":12759,"href":"https:\/\/www.deleurope.com\/de\/wp-json\/wp\/v2\/pages\/12758\/revisions\/12759"}],"up":[{"embeddable":true,"href":"https:\/\/www.deleurope.com\/de\/wp-json\/wp\/v2\/pages\/2974"}],"wp:featuredmedia":[{"embeddable":true,"href":"https:\/\/www.deleurope.com\/de\/wp-json\/wp\/v2\/media\/9746"}],"wp:attachment":[{"href":"https:\/\/www.deleurope.com\/de\/wp-json\/wp\/v2\/media?parent=12758"}],"curies":[{"name":"wp","href":"https:\/\/api.w.org\/{rel}","templated":true}]}}