{"id":13573,"date":"2026-05-08T11:44:34","date_gmt":"2026-05-08T11:44:34","guid":{"rendered":"https:\/\/www.deleurope.com\/wellness\/beauty-dienstleistungen\/"},"modified":"2026-05-13T12:36:09","modified_gmt":"2026-05-13T12:36:09","slug":"beauty-dienstleistungen","status":"publish","type":"page","link":"https:\/\/www.deleurope.com\/de\/wellness\/beauty-dienstleistungen\/","title":{"rendered":"BEAUTY-DIENSTLEISTUNGEN"},"content":{"rendered":"\n<div class=\"wp-block-columns is-layout-flex wp-container-core-columns-is-layout-9d6595d7 wp-block-columns-is-layout-flex\">\n<div class=\"wp-block-column description-and-button is-layout-flow wp-block-column-is-layout-flow\">\n<p class=\"has-text-align-center rooms-description-white-box has-large-font-size\">Entdecken Sie einen raffinierten Ansatz f\u00fcr Wellness, Sch\u00f6nheit und Entspannung im De L&#8217;Europe Amsterdam. Entdecken Sie unsere sorgf\u00e4ltig konzipierten Sch\u00f6nheitsbehandlungen zur Erfrischung, Versch\u00f6nerung und Wiederherstellung. Vom eleganten Haarstyling bis hin zu polierten N\u00e4geln und klassischem Make-up &#8211; jeder Service verleiht Ihrem Spa-Erlebnis im Herzen von Amsterdam einen eleganten letzten Schliff.  <\/p>\n\n\n\n<p class=\"has-text-align-center rooms-description-white-box has-large-font-size\">Behandlungen | Montag bis Sonntag | 11h00 &#8211; 19h00<\/p>\n\n\n\n<div class=\"wp-block-buttons is-content-justification-center is-layout-flex wp-container-core-buttons-is-layout-16018d1d wp-block-buttons-is-layout-flex\">\n<div class=\"wp-block-button is-style-outline is-style-outline--1\"><a class=\"wp-block-button__link wp-element-button\" href=\"https:\/\/experience.intelity.com\/08835d4d-2eb5-45a6-b6b6-0c5f960d183e\/de-leurope-spa-wellness\" style=\"border-radius:0px;text-transform:uppercase\" target=\"_blank\" rel=\"noreferrer noopener\">Behandlung anfordern<\/a><\/div>\n<\/div>\n<\/div>\n<\/div>\n\n<div class=\"wp-block-columns text-on-left wrap-2-columns eat-and-drink-cards top-border is-layout-flex wp-container-core-columns-is-layout-9d6595d7 wp-block-columns-is-layout-flex\" id=\"graziella\">\n<div class=\"wp-block-column is-vertically-aligned-center middle-align is-layout-flow wp-block-column-is-layout-flow\" style=\"flex-basis:50%\">\n<h2 class=\"wp-block-heading has-text-align-center has-extra-large-font-size\" style=\"text-transform:capitalize\">Sch\u00f6nheitsservice in Amsterdam<\/h2>\n\n\n\n<div class=\"wp-block-group\"><div class=\"wp-block-group__inner-container is-layout-constrained wp-block-group-is-layout-constrained\">\n<p class=\"has-text-align-center\">Entdecken Sie gehobene Sch\u00f6nheitsdienstleistungen in Amsterdam im Spa of De L&#8217;Europe Amsterdam, wo Luxus, Pr\u00e4zision und Wohlbefinden in einer ruhigen Umgebung am Flussufer zusammenkommen. Unser ausgew\u00e4hltes Angebot an Behandlungen umfasst fachkundige Manik\u00fcre, Pedik\u00fcre, fortschrittliche Hautpflege, Pflegerituale und individuelle Sch\u00f6nheitserlebnisse, die K\u00f6rper und Geist erfrischen. <\/p>\n\n\n\n<p class=\"has-text-align-center\">Ob Sie sich auf einen besonderen Anlass vorbereiten, sich nach einer Reise erholen oder sich einen Moment der Selbstpflege g\u00f6nnen, De L&#8217;Europe bietet eines der raffiniertesten Beauty- und Wellness-Erlebnisse in Amsterdam.<\/p>\n\n\n\n<div class=\"wp-block-buttons is-horizontal is-content-justification-center is-layout-flex wp-container-core-buttons-is-layout-499968f5 wp-block-buttons-is-layout-flex\">\n<div class=\"wp-block-button is-style-outline is-style-outline--2\"><a class=\"wp-block-button__link has-central-palette-1-color has-text-color has-text-align-center wp-element-button\" href=\"https:\/\/online.flippingbook.com\/view\/320293294\/3\/\" style=\"border-radius:0px;text-transform:uppercase\" target=\"_blank\" rel=\"noreferrer noopener\">MEN\u00dc SEHEN<\/a><\/div>\n<\/div>\n<\/div><\/div>\n<\/div>\n\n\n\n<div class=\"wp-block-column slider-wrap padding-left-md is-layout-flow wp-block-column-is-layout-flow\" style=\"flex-basis:50%\">\n<figure class=\"wp-block-image size-full\"><img loading=\"lazy\" decoding=\"async\" width=\"2048\" height=\"2560\" src=\"https:\/\/www.deleurope.com\/wp-content\/uploads\/2025\/12\/11-scaled.jpg\" alt=\"\" class=\"wp-image-11326\" style=\"aspect-ratio:4\/3;object-fit:cover\" srcset=\"https:\/\/www.deleurope.com\/wp-content\/uploads\/2025\/12\/11-scaled.jpg 2048w, https:\/\/www.deleurope.com\/wp-content\/uploads\/2025\/12\/11-768x960.jpg 768w, https:\/\/www.deleurope.com\/wp-content\/uploads\/2025\/12\/11-1229x1536.jpg 1229w, https:\/\/www.deleurope.com\/wp-content\/uploads\/2025\/12\/11-1638x2048.jpg 1638w\" sizes=\"auto, (max-width: 2048px) 100vw, 2048px\" \/><\/figure>\n<\/div>\n<\/div>\n\n<div class=\"wp-block-columns no-border-top with-subheader image_left_text_bg_right wrap-2-columns is-layout-flex wp-container-core-columns-is-layout-9d6595d7 wp-block-columns-is-layout-flex\">\n<div class=\"wp-block-column slider-wrap is-layout-flow wp-block-column-is-layout-flow\" style=\"flex-basis:50%\">\n<figure class=\"wp-block-image size-full\"><img loading=\"lazy\" decoding=\"async\" width=\"1536\" height=\"1024\" src=\"https:\/\/www.deleurope.com\/wp-content\/uploads\/2026\/05\/ChatGPT-Image-22-apr-2026-21_36_38.png\" alt=\"\" class=\"wp-image-13218\" srcset=\"https:\/\/www.deleurope.com\/wp-content\/uploads\/2026\/05\/ChatGPT-Image-22-apr-2026-21_36_38.png 1536w, https:\/\/www.deleurope.com\/wp-content\/uploads\/2026\/05\/ChatGPT-Image-22-apr-2026-21_36_38-768x512.png 768w, https:\/\/www.deleurope.com\/wp-content\/uploads\/2026\/05\/ChatGPT-Image-22-apr-2026-21_36_38-600x400.png 600w\" sizes=\"auto, (max-width: 1536px) 100vw, 1536px\" \/><\/figure>\n<\/div>\n\n\n\n<div class=\"wp-block-column is-vertically-aligned-center middle-align is-layout-flow wp-block-column-is-layout-flow\" style=\"flex-basis:50%\">\n<div class=\"wp-block-columns is-layout-flex wp-container-core-columns-is-layout-9d6595d7 wp-block-columns-is-layout-flex\">\n<div class=\"wp-block-column has-central-palette-4-background-color has-background is-layout-flow wp-block-column-is-layout-flow\">\n<h2 class=\"wp-block-heading has-text-align-center has-extra-large-font-size\">Dienstleistungen<\/h2>\n\n\n\n<ul class=\"wp-block-list\">\n<li><strong>HAARSTYLING &#8211; F\u00d6HNEN<\/strong><\/li>\n\n\n\n<li><strong>NAGELSTYLING &#8211; MANIK\u00dcRE<\/strong><\/li>\n\n\n\n<li><strong>NAGELSTYLING &#8211; PEDIK\u00dcRE<\/strong><\/li>\n\n\n\n<li><strong>MAKE-UP ARTISTIK<\/strong><\/li>\n<\/ul>\n\n\n\n<div class=\"wp-block-buttons is-content-justification-center is-layout-flex wp-container-core-buttons-is-layout-16018d1d wp-block-buttons-is-layout-flex\">\n<div class=\"wp-block-button is-style-outline is-style-outline--3\"><a class=\"wp-block-button__link wp-element-button\" href=\"https:\/\/experience.intelity.com\/08835d4d-2eb5-45a6-b6b6-0c5f960d183e\/de-leurope-spa-wellness\" style=\"border-radius:0px;text-transform:uppercase\" target=\"_blank\" rel=\"noreferrer noopener\">BEHANDLUNG ANFORDERN<\/a><\/div>\n<\/div>\n<\/div>\n<\/div>\n<\/div>\n<\/div>\n\n<div class=\"wp-block-columns text-on-left wrap-2-columns eat-and-drink-cards is-layout-flex wp-container-core-columns-is-layout-9d6595d7 wp-block-columns-is-layout-flex\" id=\"graziella\">\n<div class=\"wp-block-column is-vertically-aligned-center middle-align is-layout-flow wp-block-column-is-layout-flow\" style=\"flex-basis:50%\">\n<h2 class=\"wp-block-heading has-text-align-center has-extra-large-font-size\" style=\"text-transform:capitalize\">Ein umfassendes Wellness-Erlebnis<\/h2>\n\n\n\n<div class=\"wp-block-group\"><div class=\"wp-block-group__inner-container is-layout-constrained wp-block-group-is-layout-constrained\">\n<p class=\"has-text-align-center\">F\u00fcr diejenigen, die unsere Einrichtungen nutzen m\u00f6chten, ohne eine \u00dcbernachtung zu buchen, sind <strong>Tageskarten<\/strong> erh\u00e4ltlich.  <\/p>\n\n\n\n<p class=\"has-text-align-center\">Damit k\u00f6nnen sowohl Hotelg\u00e4ste als auch externe Besucher einen der besten Wellness-Tagesp\u00e4sse in Amsterdam nutzen, einschlie\u00dflich des Zugangs zu unserem Pool, den Saunen und den ruhigen Entspannungsbereichen.<\/p>\n\n\n\n<div class=\"wp-block-buttons is-horizontal is-content-justification-center is-layout-flex wp-container-core-buttons-is-layout-499968f5 wp-block-buttons-is-layout-flex\">\n<div class=\"wp-block-button is-style-fill\"><a class=\"wp-block-button__link has-central-palette-1-color has-text-color wp-element-button\" href=\"https:\/\/www.deleurope.com\/spa-wellness\/spa-wellness-facilities-amsterdam\/\" style=\"border-radius:0px;text-transform:uppercase\" target=\"_blank\" rel=\"noreferrer noopener\">Siehe Einrichtungen<\/a><\/div>\n\n\n\n<div class=\"wp-block-button is-style-outline is-style-outline--4\"><a class=\"wp-block-button__link has-central-palette-1-color has-text-color has-text-align-center wp-element-button\" href=\"https:\/\/experience.intelity.com\/08835d4d-2eb5-45a6-b6b6-0c5f960d183e\/de-leurope-spa-wellness\" style=\"border-radius:0px;text-transform:uppercase\" target=\"_blank\" rel=\"noreferrer noopener\">TAGESKARTE ANFORDERN<\/a><\/div>\n<\/div>\n<\/div><\/div>\n<\/div>\n\n\n\n<div class=\"wp-block-column slider-wrap padding-left-md is-layout-flow wp-block-column-is-layout-flow\" style=\"flex-basis:50%\">\n<figure class=\"wp-block-image size-full\"><img loading=\"lazy\" decoding=\"async\" width=\"700\" height=\"500\" src=\"https:\/\/www.deleurope.com\/wp-content\/uploads\/2026\/05\/De-LEurope-Spa-2.jpg\" alt=\"\" class=\"wp-image-13213\" style=\"aspect-ratio:4\/3;object-fit:cover\"\/><\/figure>\n<\/div>\n<\/div>\n","protected":false},"excerpt":{"rendered":"<p>Entdecken Sie einen raffinierten Ansatz f\u00fcr Wellness, Sch\u00f6nheit und Entspannung im De L&#8217;Europe Amsterdam. Entdecken Sie unsere sorgf\u00e4ltig konzipierten Sch\u00f6nheitsbehandlungen zur Erfrischung, Versch\u00f6nerung und Wiederherstellung. Vom eleganten Haarstyling bis hin zu polierten N\u00e4geln und klassischem Make-up &#8211; jeder Service verleiht Ihrem Spa-Erlebnis im Herzen von Amsterdam einen eleganten letzten Schliff. Behandlungen | Montag bis Sonntag [&hellip;]<\/p>\n","protected":false},"author":17,"featured_media":10808,"parent":3013,"menu_order":0,"comment_status":"closed","ping_status":"closed","template":"","meta":{"_acf_changed":false,"footnotes":""},"class_list":["post-13573","page","type-page","status-publish","has-post-thumbnail","hentry"],"acf":[],"yoast_head":"<!-- This site is optimized with the Yoast SEO plugin v27.5 - https:\/\/yoast.com\/product\/yoast-seo-wordpress\/ -->\n<title>Luxus-Sch\u00f6nheitsdienstleistungen Amsterdam | De L&#039;Europe Amsterdam<\/title>\n<meta name=\"description\" content=\"Entdecken Sie die luxuri\u00f6sen Sch\u00f6nheitsservices in Amsterdam, einschlie\u00dflich Haarstyling, Manik\u00fcre, Pedik\u00fcre und Make-up-Artistik im De L&#039;Europe Amsterdam.\" \/>\n<meta name=\"robots\" content=\"index, follow, max-snippet:-1, max-image-preview:large, max-video-preview:-1\" \/>\n<link rel=\"canonical\" href=\"https:\/\/www.deleurope.com\/de\/wellness\/beauty-dienstleistungen\/\" \/>\n<meta property=\"og:locale\" content=\"de_DE\" \/>\n<meta property=\"og:type\" content=\"article\" \/>\n<meta property=\"og:title\" content=\"Luxus-Sch\u00f6nheitsdienstleistungen Amsterdam | De L&#039;Europe Amsterdam\" \/>\n<meta property=\"og:description\" content=\"Entdecken Sie die luxuri\u00f6sen Sch\u00f6nheitsservices in Amsterdam, einschlie\u00dflich Haarstyling, Manik\u00fcre, Pedik\u00fcre und Make-up-Artistik im De L&#039;Europe Amsterdam.\" \/>\n<meta property=\"og:url\" content=\"https:\/\/www.deleurope.com\/de\/wellness\/beauty-dienstleistungen\/\" \/>\n<meta property=\"og:site_name\" content=\"De L&#039;Europe Amsterdam\" \/>\n<meta property=\"article:modified_time\" content=\"2026-05-13T12:36:09+00:00\" \/>\n<meta property=\"og:image\" content=\"https:\/\/www.deleurope.com\/wp-content\/uploads\/2025\/11\/De-LEurope-Amsterdam-Biologique-Recherche-2-3-1.png\" \/>\n\t<meta property=\"og:image:width\" content=\"700\" \/>\n\t<meta property=\"og:image:height\" content=\"500\" \/>\n\t<meta property=\"og:image:type\" content=\"image\/png\" \/>\n<meta name=\"twitter:card\" content=\"summary_large_image\" \/>\n<meta name=\"twitter:label1\" content=\"Gesch\u00e4tzte Lesezeit\" \/>\n\t<meta name=\"twitter:data1\" content=\"1 Minute\" \/>\n<script type=\"application\/ld+json\" class=\"yoast-schema-graph\">{\"@context\":\"https:\\\/\\\/schema.org\",\"@graph\":[{\"@type\":\"WebPage\",\"@id\":\"https:\\\/\\\/www.deleurope.com\\\/de\\\/wellness\\\/beauty-dienstleistungen\\\/\",\"url\":\"https:\\\/\\\/www.deleurope.com\\\/de\\\/wellness\\\/beauty-dienstleistungen\\\/\",\"name\":\"Luxus-Sch\u00f6nheitsdienstleistungen Amsterdam | De L'Europe Amsterdam\",\"isPartOf\":{\"@id\":\"https:\\\/\\\/www.deleurope.com\\\/de\\\/#website\"},\"primaryImageOfPage\":{\"@id\":\"https:\\\/\\\/www.deleurope.com\\\/de\\\/wellness\\\/beauty-dienstleistungen\\\/#primaryimage\"},\"image\":{\"@id\":\"https:\\\/\\\/www.deleurope.com\\\/de\\\/wellness\\\/beauty-dienstleistungen\\\/#primaryimage\"},\"thumbnailUrl\":\"https:\\\/\\\/www.deleurope.com\\\/wp-content\\\/uploads\\\/2025\\\/11\\\/De-LEurope-Amsterdam-Biologique-Recherche-2-3-1.png\",\"datePublished\":\"2026-05-08T11:44:34+00:00\",\"dateModified\":\"2026-05-13T12:36:09+00:00\",\"description\":\"Entdecken Sie die luxuri\u00f6sen Sch\u00f6nheitsservices in Amsterdam, einschlie\u00dflich Haarstyling, Manik\u00fcre, Pedik\u00fcre und Make-up-Artistik im De L'Europe Amsterdam.\",\"breadcrumb\":{\"@id\":\"https:\\\/\\\/www.deleurope.com\\\/de\\\/wellness\\\/beauty-dienstleistungen\\\/#breadcrumb\"},\"inLanguage\":\"de-DE\",\"potentialAction\":[{\"@type\":\"ReadAction\",\"target\":[\"https:\\\/\\\/www.deleurope.com\\\/de\\\/wellness\\\/beauty-dienstleistungen\\\/\"]}]},{\"@type\":\"ImageObject\",\"inLanguage\":\"de-DE\",\"@id\":\"https:\\\/\\\/www.deleurope.com\\\/de\\\/wellness\\\/beauty-dienstleistungen\\\/#primaryimage\",\"url\":\"https:\\\/\\\/www.deleurope.com\\\/wp-content\\\/uploads\\\/2025\\\/11\\\/De-LEurope-Amsterdam-Biologique-Recherche-2-3-1.png\",\"contentUrl\":\"https:\\\/\\\/www.deleurope.com\\\/wp-content\\\/uploads\\\/2025\\\/11\\\/De-LEurope-Amsterdam-Biologique-Recherche-2-3-1.png\",\"width\":700,\"height\":500,\"caption\":\"De L'Europe Amsterdam - Biologique Recherche - Treatment\"},{\"@type\":\"BreadcrumbList\",\"@id\":\"https:\\\/\\\/www.deleurope.com\\\/de\\\/wellness\\\/beauty-dienstleistungen\\\/#breadcrumb\",\"itemListElement\":[{\"@type\":\"ListItem\",\"position\":1,\"name\":\"Home\",\"item\":\"https:\\\/\\\/www.deleurope.com\\\/de\\\/\"},{\"@type\":\"ListItem\",\"position\":2,\"name\":\"GEIST &#038; K\u00d6RPER\",\"item\":\"https:\\\/\\\/www.deleurope.com\\\/de\\\/wellness\\\/\"},{\"@type\":\"ListItem\",\"position\":3,\"name\":\"BEAUTY-DIENSTLEISTUNGEN\"}]},{\"@type\":\"WebSite\",\"@id\":\"https:\\\/\\\/www.deleurope.com\\\/de\\\/#website\",\"url\":\"https:\\\/\\\/www.deleurope.com\\\/de\\\/\",\"name\":\"De L&#039;Europe Amsterdam\",\"description\":\"Home of original Amsterdam luxury.\",\"potentialAction\":[{\"@type\":\"SearchAction\",\"target\":{\"@type\":\"EntryPoint\",\"urlTemplate\":\"https:\\\/\\\/www.deleurope.com\\\/de\\\/?s={search_term_string}\"},\"query-input\":{\"@type\":\"PropertyValueSpecification\",\"valueRequired\":true,\"valueName\":\"search_term_string\"}}],\"inLanguage\":\"de-DE\"}]}<\/script>\n<!-- \/ Yoast SEO plugin. -->","yoast_head_json":{"title":"Luxus-Sch\u00f6nheitsdienstleistungen Amsterdam | De L'Europe Amsterdam","description":"Entdecken Sie die luxuri\u00f6sen Sch\u00f6nheitsservices in Amsterdam, einschlie\u00dflich Haarstyling, Manik\u00fcre, Pedik\u00fcre und Make-up-Artistik im De L'Europe Amsterdam.","robots":{"index":"index","follow":"follow","max-snippet":"max-snippet:-1","max-image-preview":"max-image-preview:large","max-video-preview":"max-video-preview:-1"},"canonical":"https:\/\/www.deleurope.com\/de\/wellness\/beauty-dienstleistungen\/","og_locale":"de_DE","og_type":"article","og_title":"Luxus-Sch\u00f6nheitsdienstleistungen Amsterdam | De L'Europe Amsterdam","og_description":"Entdecken Sie die luxuri\u00f6sen Sch\u00f6nheitsservices in Amsterdam, einschlie\u00dflich Haarstyling, Manik\u00fcre, Pedik\u00fcre und Make-up-Artistik im De L'Europe Amsterdam.","og_url":"https:\/\/www.deleurope.com\/de\/wellness\/beauty-dienstleistungen\/","og_site_name":"De L&#039;Europe Amsterdam","article_modified_time":"2026-05-13T12:36:09+00:00","og_image":[{"width":700,"height":500,"url":"https:\/\/www.deleurope.com\/wp-content\/uploads\/2025\/11\/De-LEurope-Amsterdam-Biologique-Recherche-2-3-1.png","type":"image\/png"}],"twitter_card":"summary_large_image","twitter_misc":{"Gesch\u00e4tzte Lesezeit":"1 Minute"},"schema":{"@context":"https:\/\/schema.org","@graph":[{"@type":"WebPage","@id":"https:\/\/www.deleurope.com\/de\/wellness\/beauty-dienstleistungen\/","url":"https:\/\/www.deleurope.com\/de\/wellness\/beauty-dienstleistungen\/","name":"Luxus-Sch\u00f6nheitsdienstleistungen Amsterdam | De L'Europe Amsterdam","isPartOf":{"@id":"https:\/\/www.deleurope.com\/de\/#website"},"primaryImageOfPage":{"@id":"https:\/\/www.deleurope.com\/de\/wellness\/beauty-dienstleistungen\/#primaryimage"},"image":{"@id":"https:\/\/www.deleurope.com\/de\/wellness\/beauty-dienstleistungen\/#primaryimage"},"thumbnailUrl":"https:\/\/www.deleurope.com\/wp-content\/uploads\/2025\/11\/De-LEurope-Amsterdam-Biologique-Recherche-2-3-1.png","datePublished":"2026-05-08T11:44:34+00:00","dateModified":"2026-05-13T12:36:09+00:00","description":"Entdecken Sie die luxuri\u00f6sen Sch\u00f6nheitsservices in Amsterdam, einschlie\u00dflich Haarstyling, Manik\u00fcre, Pedik\u00fcre und Make-up-Artistik im De L'Europe Amsterdam.","breadcrumb":{"@id":"https:\/\/www.deleurope.com\/de\/wellness\/beauty-dienstleistungen\/#breadcrumb"},"inLanguage":"de-DE","potentialAction":[{"@type":"ReadAction","target":["https:\/\/www.deleurope.com\/de\/wellness\/beauty-dienstleistungen\/"]}]},{"@type":"ImageObject","inLanguage":"de-DE","@id":"https:\/\/www.deleurope.com\/de\/wellness\/beauty-dienstleistungen\/#primaryimage","url":"https:\/\/www.deleurope.com\/wp-content\/uploads\/2025\/11\/De-LEurope-Amsterdam-Biologique-Recherche-2-3-1.png","contentUrl":"https:\/\/www.deleurope.com\/wp-content\/uploads\/2025\/11\/De-LEurope-Amsterdam-Biologique-Recherche-2-3-1.png","width":700,"height":500,"caption":"De L'Europe Amsterdam - Biologique Recherche - Treatment"},{"@type":"BreadcrumbList","@id":"https:\/\/www.deleurope.com\/de\/wellness\/beauty-dienstleistungen\/#breadcrumb","itemListElement":[{"@type":"ListItem","position":1,"name":"Home","item":"https:\/\/www.deleurope.com\/de\/"},{"@type":"ListItem","position":2,"name":"GEIST &#038; K\u00d6RPER","item":"https:\/\/www.deleurope.com\/de\/wellness\/"},{"@type":"ListItem","position":3,"name":"BEAUTY-DIENSTLEISTUNGEN"}]},{"@type":"WebSite","@id":"https:\/\/www.deleurope.com\/de\/#website","url":"https:\/\/www.deleurope.com\/de\/","name":"De L&#039;Europe Amsterdam","description":"Home of original Amsterdam luxury.","potentialAction":[{"@type":"SearchAction","target":{"@type":"EntryPoint","urlTemplate":"https:\/\/www.deleurope.com\/de\/?s={search_term_string}"},"query-input":{"@type":"PropertyValueSpecification","valueRequired":true,"valueName":"search_term_string"}}],"inLanguage":"de-DE"}]}},"featured_image_src":"https:\/\/www.deleurope.com\/wp-content\/uploads\/2025\/11\/De-LEurope-Amsterdam-Biologique-Recherche-2-3-1-600x400.png","featured_image_src_square":"https:\/\/www.deleurope.com\/wp-content\/uploads\/2025\/11\/De-LEurope-Amsterdam-Biologique-Recherche-2-3-1-600x500.png","_links":{"self":[{"href":"https:\/\/www.deleurope.com\/de\/wp-json\/wp\/v2\/pages\/13573","targetHints":{"allow":["GET"]}}],"collection":[{"href":"https:\/\/www.deleurope.com\/de\/wp-json\/wp\/v2\/pages"}],"about":[{"href":"https:\/\/www.deleurope.com\/de\/wp-json\/wp\/v2\/types\/page"}],"author":[{"embeddable":true,"href":"https:\/\/www.deleurope.com\/de\/wp-json\/wp\/v2\/users\/17"}],"replies":[{"embeddable":true,"href":"https:\/\/www.deleurope.com\/de\/wp-json\/wp\/v2\/comments?post=13573"}],"version-history":[{"count":1,"href":"https:\/\/www.deleurope.com\/de\/wp-json\/wp\/v2\/pages\/13573\/revisions"}],"predecessor-version":[{"id":13574,"href":"https:\/\/www.deleurope.com\/de\/wp-json\/wp\/v2\/pages\/13573\/revisions\/13574"}],"up":[{"embeddable":true,"href":"https:\/\/www.deleurope.com\/de\/wp-json\/wp\/v2\/pages\/3013"}],"wp:featuredmedia":[{"embeddable":true,"href":"https:\/\/www.deleurope.com\/de\/wp-json\/wp\/v2\/media\/10808"}],"wp:attachment":[{"href":"https:\/\/www.deleurope.com\/de\/wp-json\/wp\/v2\/media?parent=13573"}],"curies":[{"name":"wp","href":"https:\/\/api.w.org\/{rel}","templated":true}]}}