{"id":3118,"date":"2024-01-16T11:37:55","date_gmt":"2024-01-16T11:37:55","guid":{"rendered":"https:\/\/www.deleurope.com\/angebote\/4-bleiben-3-zahlen\/"},"modified":"2026-02-26T14:01:45","modified_gmt":"2026-02-26T14:01:45","slug":"schlafen-sie-3-zahlen-sie-2","status":"publish","type":"page","link":"https:\/\/www.deleurope.com\/de\/angebote\/schlafen-sie-3-zahlen-sie-2\/","title":{"rendered":"4 bleiben, 3 zahlen"},"content":{"rendered":"\n<div class=\"wp-block-columns margin-bottom-none is-layout-flex wp-container-core-columns-is-layout-9d6595d7 wp-block-columns-is-layout-flex\">\n<div class=\"wp-block-column two-texts-intro with-cta is-layout-flow wp-block-column-is-layout-flow\">\n<h2 class=\"wp-block-heading has-text-align-center rooms-description-white-box two-texts-bigger header-bigger with-cta has-extra-large-font-size\">Ihr perfekter Kurzurlaub<\/h2>\n\n\n\n<p class=\"has-text-align-center\"><br\/>Planen Sie Ihren perfekten Kurzurlaub im Herzen von Amsterdam im De L&#8217;Europe Amsterdam, wo Luxus auf zeitlosen Charme trifft. Unser Hotel liegt an den ber\u00fchmten Grachten der Stadt und ist der ideale Ausgangspunkt f\u00fcr die Erkundung der wichtigsten Sehensw\u00fcrdigkeiten Amsterdams. Schlendern Sie durch die malerischen Stra\u00dfen, besuchen Sie weltber\u00fchmte Museen wie das Rijksmuseum und das Van Gogh Museum oder entspannen Sie in den \u00fcppigen G\u00e4rten, die nur wenige Schritte entfernt sind.  <\/p>\n\n\n\n<p class=\"has-text-align-center\">Buchen Sie jetzt mit unserem <strong>exklusiven 4=3-Angebot<\/strong> und genie\u00dfen Sie eine zus\u00e4tzliche Nacht, um das Beste der pulsierenden Kultur, der feinen K\u00fcche und der historischen Sehensw\u00fcrdigkeiten von Amsterdam zu erleben. Ganz gleich, ob Sie auf der Suche nach Romantik, Entspannung oder Abenteuer sind, das De L&#8217;Europe Amsterdam bietet Ihnen einen unvergesslichen Aufenthalt im Zentrum des Geschehens. <\/p>\n\n\n\n<div class=\"wp-block-buttons is-content-justification-center is-layout-flex wp-container-core-buttons-is-layout-16018d1d wp-block-buttons-is-layout-flex\">\n<div class=\"wp-block-button is-style-outline book-now is-style-outline--1\"><a class=\"wp-block-button__link has-central-palette-7-color has-central-palette-1-background-color has-text-color has-background has-text-align-center wp-element-button\" href=\"#\/booking\/step-1?group=L08\" style=\"border-radius:0px;text-transform:uppercase\" target=\"_blank\" rel=\"noreferrer noopener\">Book now<\/a><\/div>\n<\/div>\n<\/div>\n<\/div>\n\n<div class=\"wp-block-columns columns_slider_text wrap-2-columns eat-and-drink-cards top-border is-layout-flex wp-container-core-columns-is-layout-9d6595d7 wp-block-columns-is-layout-flex\" id=\"flore\">\n<div class=\"wp-block-column slider-wrap is-layout-flow wp-block-column-is-layout-flow\" style=\"flex-basis:50%\">\n<figure class=\"wp-block-image size-large\"><img loading=\"lazy\" decoding=\"async\" width=\"800\" height=\"600\" src=\"https:\/\/deleurope.com\/wp-content\/uploads\/2024\/01\/Stay4-Pay3-Amenities-800x600.jpg\" alt=\"\" class=\"wp-image-1390\" style=\"aspect-ratio:4\/3;object-fit:cover\" srcset=\"https:\/\/www.deleurope.com\/wp-content\/uploads\/2024\/01\/Stay4-Pay3-Amenities-800x600.jpg 800w, https:\/\/www.deleurope.com\/wp-content\/uploads\/2024\/01\/Stay4-Pay3-Amenities-400x300.jpg 400w\" sizes=\"auto, (max-width: 800px) 100vw, 800px\" \/><\/figure>\n<\/div>\n\n\n\n<div class=\"wp-block-column is-vertically-aligned-center middle-align is-layout-flow wp-block-column-is-layout-flow\" style=\"flex-basis:50%\">\n<h2 class=\"wp-block-heading has-text-align-center has-extra-large-font-size\" style=\"text-transform:none\">Ma\u00dfgeschneiderter Luxus<\/h2>\n\n\n\n<div class=\"wp-block-group\"><div class=\"wp-block-group__inner-container is-layout-constrained wp-block-group-is-layout-constrained\">\n<p class=\"has-text-align-center\">Bei De L&#8217;Europe Amsterdam verstehen wir wie kein anderer etwas von pers\u00f6nlichem Luxus. Von hausinternen Dienstleistungen bis hin zu exklusiven Angeboten gehen wir auf Ihre pers\u00f6nlichen W\u00fcnsche ein. Erlauben Sie uns, Ihren Aufenthalt individuell zu gestalten.<\/p>\n\n\n\n<div class=\"wp-block-buttons is-horizontal is-content-justification-center is-layout-flex wp-container-core-buttons-is-layout-499968f5 wp-block-buttons-is-layout-flex\">\n<div class=\"wp-block-button is-style-outline is-style-outline--2\"><a class=\"wp-block-button__link has-central-palette-1-color has-text-color has-text-align-center wp-element-button\" href=\"https:\/\/deleurope.com\/offers-packages\/enhance-your-stay\/\" style=\"border-radius:0px;text-transform:uppercase\">mehr lesen<\/a><\/div>\n<\/div>\n<\/div><\/div>\n<\/div>\n<\/div>\n\n<div class=\"wp-block-columns special-request contact-form is-layout-flex wp-container-core-columns-is-layout-9d6595d7 wp-block-columns-is-layout-flex\" id=\"enquire\">\n<div class=\"wp-block-column has-central-palette-11-background-color has-background is-layout-flow wp-block-column-is-layout-flow\">\n<h2 class=\"wp-block-heading has-text-align-center has-extra-large-font-size\">Erkundigen Sie sich unter<\/h2>\n\n\n\n<div class=\"wp-block-contact-form-7-contact-form-selector\">\n<div class=\"wpcf7 no-js\" id=\"wpcf7-f9407-o1\" lang=\"de-DE\" dir=\"ltr\" data-wpcf7-id=\"9407\">\n<div class=\"screen-reader-response\"><p role=\"status\" aria-live=\"polite\" aria-atomic=\"true\"><\/p> <ul><\/ul><\/div>\n<form action=\"\/de\/wp-json\/wp\/v2\/pages\/3118#wpcf7-f9407-o1\" method=\"post\" class=\"wpcf7-form init\" aria-label=\"Kontaktformular\" novalidate=\"novalidate\" data-status=\"init\">\n<fieldset class=\"hidden-fields-container\"><input type=\"hidden\" name=\"_wpcf7\" value=\"9407\" \/><input type=\"hidden\" name=\"_wpcf7_version\" value=\"6.1.5\" \/><input type=\"hidden\" name=\"_wpcf7_locale\" value=\"de_DE\" \/><input type=\"hidden\" name=\"_wpcf7_unit_tag\" value=\"wpcf7-f9407-o1\" \/><input type=\"hidden\" name=\"_wpcf7_container_post\" value=\"0\" \/><input type=\"hidden\" name=\"_wpcf7_posted_data_hash\" value=\"\" \/>\n<\/fieldset>\n<p><span class=\"wpcf7-form-control-wrap\" data-name=\"firstname\"><input size=\"40\" maxlength=\"400\" class=\"wpcf7-form-control wpcf7-text wpcf7-validates-as-required half\" aria-required=\"true\" aria-invalid=\"false\" placeholder=\"Vorname*\" value=\"\" type=\"text\" name=\"firstname\" \/><\/span><br \/>\n<span class=\"wpcf7-form-control-wrap\" data-name=\"lastname\"><input size=\"40\" maxlength=\"400\" class=\"wpcf7-form-control wpcf7-text wpcf7-validates-as-required half\" aria-required=\"true\" aria-invalid=\"false\" placeholder=\"Nachname*\" value=\"\" type=\"text\" name=\"lastname\" \/><\/span><br \/>\n<span class=\"wpcf7-form-control-wrap\" data-name=\"email\"><input size=\"40\" maxlength=\"400\" class=\"wpcf7-form-control wpcf7-email wpcf7-validates-as-required wpcf7-text wpcf7-validates-as-email half\" aria-required=\"true\" aria-invalid=\"false\" placeholder=\"Email*\" value=\"\" type=\"email\" name=\"email\" \/><\/span><br \/>\n<span class=\"wpcf7-form-control-wrap\" data-name=\"telephone\"><input size=\"40\" maxlength=\"400\" class=\"wpcf7-form-control wpcf7-tel wpcf7-validates-as-required wpcf7-text wpcf7-validates-as-tel half\" aria-required=\"true\" aria-invalid=\"false\" placeholder=\"Telefon*\" value=\"\" type=\"tel\" name=\"telephone\" \/><\/span><br \/>\n<span class=\"wpcf7-form-control-wrap\" data-name=\"country\"><input size=\"40\" maxlength=\"400\" class=\"wpcf7-form-control wpcf7-text half\" aria-invalid=\"false\" placeholder=\"Land\" value=\"\" type=\"text\" name=\"country\" \/><\/span><br \/>\n<span class=\"wpcf7-form-control-wrap\" data-name=\"hearfromus\"><select class=\"wpcf7-form-control wpcf7-select wpcf7-validates-as-required half\" aria-required=\"true\" aria-invalid=\"false\" name=\"hearfromus\"><option value=\"Art der Anfrage?*\">Art der Anfrage?*<\/option><option value=\"Reservierungen\">Reservierungen<\/option><option value=\"Informationen\">Informationen<\/option><option value=\"Concierge\">Concierge<\/option><option value=\"Spa &amp; Wellness\">Spa &amp; Wellness<\/option><option value=\"Concept Store IN-HUYS\">Concept Store IN-HUYS<\/option><option value=\"Sonstiges\">Sonstiges<\/option><\/select><\/span><br \/>\n<span class=\"wpcf7-form-control-wrap\" data-name=\"textarea-723\"><textarea cols=\"40\" rows=\"10\" maxlength=\"2000\" class=\"wpcf7-form-control wpcf7-textarea full\" aria-invalid=\"false\" placeholder=\"Nachricht\" name=\"textarea-723\"><\/textarea><\/span>\n<\/p>\n<p class=\"privacy-contact\">Diese Seite ist durch reCAPTCHA gesch\u00fctzt und es gelten die Google <a href=\"\/privacy-policy-2\/\">PRIVACY POLICY<\/a> und <a href=\"\/terms-conditions\/\">TERMS OF SERVICE<\/a>.\n<\/p>\n<p><br \/>\n<input class=\"wpcf7-form-control wpcf7-submit has-spinner\" type=\"submit\" value=\"Anfrage senden\" \/>\n<\/p><noscript>\n\t\t\t<div class=\"wpcf7-response-output wpcf7-spam-blocked\">Your browser does not support JavaScript!. Please enable javascript in your browser in order to get form work properly.<\/div>\n\t<\/noscript><script type='text\/javascript'>\n\n\t\t\t\t\t\tif(contactform === undefined){\n\t\t\t\t\t\t\tvar contactform = [];\n\t\t\t\t\t\t}\n\t\t\t\t\t\tvar innerVal = [9407,'mail_sent_ok','Vielen Dank f&uuml;r Ihre Nachricht. Sie wurde abgeschickt.'];\n\t\t\t\t\t\tcontactform.push(innerVal);\n\t\t\t\t\t\tvar innerVal = [9407,'mail_sent_ng','Es ist ein Fehler beim Senden Ihrer Nachricht aufgetreten. Bitte versuchen Sie es sp&auml;ter noch einmal.'];\n\t\t\t\t\t\tcontactform.push(innerVal);\n\t\t\t\t\t\tvar innerVal = [9407,'validation_error','Ein oder mehrere Felder weisen einen Fehler auf. Bitte &uuml;berpr&uuml;fen Sie das und versuchen Sie es erneut.'];\n\t\t\t\t\t\tcontactform.push(innerVal);\n\t\t\t\t\t\tvar innerVal = [9407,'spam','Es ist ein Fehler beim Senden Ihrer Nachricht aufgetreten. Bitte versuchen Sie es sp&auml;ter noch einmal.'];\n\t\t\t\t\t\tcontactform.push(innerVal);\n\t\t\t\t\t\tvar innerVal = [9407,'accept_terms','Sie m&uuml;ssen die Bedingungen und Konditionen akzeptieren, bevor Sie Ihre Nachricht senden k&ouml;nnen.'];\n\t\t\t\t\t\tcontactform.push(innerVal);\n\t\t\t\t\t\tvar innerVal = [9407,'invalid_required','Bitte f&uuml;llen Sie dieses Feld aus.'];\n\t\t\t\t\t\tcontactform.push(innerVal);\n\t\t\t\t\t\tvar innerVal = [9407,'invalid_too_long','Dieses Feld hat eine zu lange Eingabe.'];\n\t\t\t\t\t\tcontactform.push(innerVal);\n\t\t\t\t\t\tvar innerVal = [9407,'invalid_too_short','Dieses Feld hat eine zu kurze Eingabe.'];\n\t\t\t\t\t\tcontactform.push(innerVal);\n\t\t\t\t\t\tvar innerVal = [9407,'upload_failed','Es ist ein unbekannter Fehler beim Hochladen der Datei aufgetreten.'];\n\t\t\t\t\t\tcontactform.push(innerVal);\n\t\t\t\t\t\tvar innerVal = [9407,'upload_file_type_invalid','Es ist nicht erlaubt, Dateien dieses Typs hochzuladen.'];\n\t\t\t\t\t\tcontactform.push(innerVal);\n\t\t\t\t\t\tvar innerVal = [9407,'upload_file_too_large','Die hochgeladene Datei ist zu gro&szlig;.'];\n\t\t\t\t\t\tcontactform.push(innerVal);\n\t\t\t\t\t\tvar innerVal = [9407,'upload_failed_php_error','Beim Hochladen der Datei ist ein Fehler aufgetreten.'];\n\t\t\t\t\t\tcontactform.push(innerVal);\n\t\t\t\t\t\tvar innerVal = [9407,'invalid_date','Bitte geben Sie ein Datum im Format JJJJ-MM-TT ein.'];\n\t\t\t\t\t\tcontactform.push(innerVal);\n\t\t\t\t\t\tvar innerVal = [9407,'date_too_early','Dieses Feld hat ein zu fr&uuml;hes Datum.'];\n\t\t\t\t\t\tcontactform.push(innerVal);\n\t\t\t\t\t\tvar innerVal = [9407,'date_too_late','Dieses Feld hat ein zu sp&auml;tes Datum.'];\n\t\t\t\t\t\tcontactform.push(innerVal);\n\t\t\t\t\t\tvar innerVal = [9407,'invalid_number','Bitte geben Sie eine Nummer ein.'];\n\t\t\t\t\t\tcontactform.push(innerVal);\n\t\t\t\t\t\tvar innerVal = [9407,'number_too_small','Dieses Feld hat eine zu kleine Zahl.'];\n\t\t\t\t\t\tcontactform.push(innerVal);\n\t\t\t\t\t\tvar innerVal = [9407,'number_too_large','Dieses Feld hat eine zu gro&szlig;e Zahl.'];\n\t\t\t\t\t\tcontactform.push(innerVal);\n\t\t\t\t\t\tvar innerVal = [9407,'quiz_answer_not_correct','Die Antwort auf das Quiz ist falsch.'];\n\t\t\t\t\t\tcontactform.push(innerVal);\n\t\t\t\t\t\tvar innerVal = [9407,'invalid_email','Bitte geben Sie eine E-Mail Adresse ein.'];\n\t\t\t\t\t\tcontactform.push(innerVal);\n\t\t\t\t\t\tvar innerVal = [9407,'invalid_url','Bitte geben Sie eine URL ein.'];\n\t\t\t\t\t\tcontactform.push(innerVal);\n\t\t\t\t\t\tvar innerVal = [9407,'invalid_tel','Bitte geben Sie eine Telefonnummer ein.'];\n\t\t\t\t\t\tcontactform.push(innerVal);\n\t\t\t\t\t\tvar innerVal = [9407,'gdpr',''];\n\t\t\t\t\t\tcontactform.push(innerVal);\n\t\t\t\t\t\t<\/script><div class=\"wpcf7-response-output\" aria-hidden=\"true\"><\/div>\n<\/form>\n<\/div>\n<\/div>\n<\/div>\n<\/div>\n\n<div class=\"wp-block-columns special-request no-margins-mobile is-layout-flex wp-container-core-columns-is-layout-9d6595d7 wp-block-columns-is-layout-flex\" id=\"special\">\n<div class=\"wp-block-column has-central-palette-11-background-color has-background is-layout-flow wp-block-column-is-layout-flow\">\n<h2 class=\"wp-block-heading has-text-align-center has-extra-large-font-size\">Bedingungen und Konditionen<\/h2>\n\n\n\n<p class=\"has-text-align-center\">Dieses Angebot ist bis zum 31. Dezember 2026 g\u00fcltig. Die Preise verstehen sich inklusive Mehrwertsteuer, exklusive City Tax. Das kostenlose Fr\u00fchst\u00fcck umfasst ein kontinentales Fr\u00fchst\u00fcck f\u00fcr zwei Personen in der Brasserie Marie. Dieses Angebot ist g\u00fcltig und unterliegt der Verf\u00fcgbarkeit.<\/p>\n<\/div>\n<\/div>\n","protected":false},"excerpt":{"rendered":"<p>Ihr perfekter Kurzurlaub Planen Sie Ihren perfekten Kurzurlaub im Herzen von Amsterdam im De L&#8217;Europe Amsterdam, wo Luxus auf zeitlosen Charme trifft. Unser Hotel liegt an den ber\u00fchmten Grachten der Stadt und ist der ideale Ausgangspunkt f\u00fcr die Erkundung der wichtigsten Sehensw\u00fcrdigkeiten Amsterdams. Schlendern Sie durch die malerischen Stra\u00dfen, besuchen Sie weltber\u00fchmte Museen wie das [&hellip;]<\/p>\n","protected":false},"author":17,"featured_media":3123,"parent":3026,"menu_order":1,"comment_status":"closed","ping_status":"closed","template":"","meta":{"_acf_changed":false,"footnotes":""},"class_list":["post-3118","page","type-page","status-publish","has-post-thumbnail","hentry"],"acf":[],"yoast_head":"<!-- This site is optimized with the Yoast SEO plugin v27.3 - https:\/\/yoast.com\/product\/yoast-seo-wordpress\/ -->\n<title>Bleiben Sie 4 N\u00e4chte, zahlen Sie f\u00fcr 3 Angebot | De L&#039;Europe Amsterdam<\/title>\n<meta name=\"description\" content=\"Genie\u00dfen Sie einen verl\u00e4ngerten Aufenthalt im De L&#039;Europe Amsterdam mit unserem Angebot Stay 4 Pay 3, das Ihnen eine zus\u00e4tzliche Nacht mit luxuri\u00f6sen Unterk\u00fcnften bietet. Buchen Sie jetzt Ihren Aufenthalt.\" \/>\n<meta name=\"robots\" content=\"index, follow, max-snippet:-1, max-image-preview:large, max-video-preview:-1\" \/>\n<link rel=\"canonical\" href=\"https:\/\/www.deleurope.com\/de\/angebote\/schlafen-sie-3-zahlen-sie-2\/\" \/>\n<meta property=\"og:locale\" content=\"de_DE\" \/>\n<meta property=\"og:type\" content=\"article\" \/>\n<meta property=\"og:title\" content=\"Bleiben Sie 4 N\u00e4chte, zahlen Sie f\u00fcr 3 Angebot | De L&#039;Europe Amsterdam\" \/>\n<meta property=\"og:description\" content=\"Genie\u00dfen Sie einen verl\u00e4ngerten Aufenthalt im De L&#039;Europe Amsterdam mit unserem Angebot Stay 4 Pay 3, das Ihnen eine zus\u00e4tzliche Nacht mit luxuri\u00f6sen Unterk\u00fcnften bietet. Buchen Sie jetzt Ihren Aufenthalt.\" \/>\n<meta property=\"og:url\" content=\"https:\/\/www.deleurope.com\/de\/angebote\/schlafen-sie-3-zahlen-sie-2\/\" \/>\n<meta property=\"og:site_name\" content=\"De L&#039;Europe Amsterdam\" \/>\n<meta property=\"article:modified_time\" content=\"2026-02-26T14:01:45+00:00\" \/>\n<meta property=\"og:image\" content=\"https:\/\/www.deleurope.com\/wp-content\/uploads\/2024\/02\/De-LEurope-Exterior.webp\" \/>\n\t<meta property=\"og:image:width\" content=\"1680\" \/>\n\t<meta property=\"og:image:height\" content=\"897\" \/>\n\t<meta property=\"og:image:type\" content=\"image\/webp\" \/>\n<meta name=\"twitter:card\" content=\"summary_large_image\" \/>\n<meta name=\"twitter:label1\" content=\"Gesch\u00e4tzte Lesezeit\" \/>\n\t<meta name=\"twitter:data1\" content=\"2 Minuten\" \/>\n<script type=\"application\/ld+json\" class=\"yoast-schema-graph\">{\"@context\":\"https:\\\/\\\/schema.org\",\"@graph\":[{\"@type\":\"WebPage\",\"@id\":\"https:\\\/\\\/www.deleurope.com\\\/de\\\/angebote\\\/schlafen-sie-3-zahlen-sie-2\\\/\",\"url\":\"https:\\\/\\\/www.deleurope.com\\\/de\\\/angebote\\\/schlafen-sie-3-zahlen-sie-2\\\/\",\"name\":\"Bleiben Sie 4 N\u00e4chte, zahlen Sie f\u00fcr 3 Angebot | De L'Europe Amsterdam\",\"isPartOf\":{\"@id\":\"https:\\\/\\\/www.deleurope.com\\\/de\\\/#website\"},\"primaryImageOfPage\":{\"@id\":\"https:\\\/\\\/www.deleurope.com\\\/de\\\/angebote\\\/schlafen-sie-3-zahlen-sie-2\\\/#primaryimage\"},\"image\":{\"@id\":\"https:\\\/\\\/www.deleurope.com\\\/de\\\/angebote\\\/schlafen-sie-3-zahlen-sie-2\\\/#primaryimage\"},\"thumbnailUrl\":\"https:\\\/\\\/www.deleurope.com\\\/wp-content\\\/uploads\\\/2024\\\/02\\\/De-LEurope-Exterior.webp\",\"datePublished\":\"2024-01-16T11:37:55+00:00\",\"dateModified\":\"2026-02-26T14:01:45+00:00\",\"description\":\"Genie\u00dfen Sie einen verl\u00e4ngerten Aufenthalt im De L'Europe Amsterdam mit unserem Angebot Stay 4 Pay 3, das Ihnen eine zus\u00e4tzliche Nacht mit luxuri\u00f6sen Unterk\u00fcnften bietet. Buchen Sie jetzt Ihren Aufenthalt.\",\"breadcrumb\":{\"@id\":\"https:\\\/\\\/www.deleurope.com\\\/de\\\/angebote\\\/schlafen-sie-3-zahlen-sie-2\\\/#breadcrumb\"},\"inLanguage\":\"de-DE\",\"potentialAction\":[{\"@type\":\"ReadAction\",\"target\":[\"https:\\\/\\\/www.deleurope.com\\\/de\\\/angebote\\\/schlafen-sie-3-zahlen-sie-2\\\/\"]}]},{\"@type\":\"ImageObject\",\"inLanguage\":\"de-DE\",\"@id\":\"https:\\\/\\\/www.deleurope.com\\\/de\\\/angebote\\\/schlafen-sie-3-zahlen-sie-2\\\/#primaryimage\",\"url\":\"https:\\\/\\\/www.deleurope.com\\\/wp-content\\\/uploads\\\/2024\\\/02\\\/De-LEurope-Exterior.webp\",\"contentUrl\":\"https:\\\/\\\/www.deleurope.com\\\/wp-content\\\/uploads\\\/2024\\\/02\\\/De-LEurope-Exterior.webp\",\"width\":1680,\"height\":897},{\"@type\":\"BreadcrumbList\",\"@id\":\"https:\\\/\\\/www.deleurope.com\\\/de\\\/angebote\\\/schlafen-sie-3-zahlen-sie-2\\\/#breadcrumb\",\"itemListElement\":[{\"@type\":\"ListItem\",\"position\":1,\"name\":\"Home\",\"item\":\"https:\\\/\\\/www.deleurope.com\\\/de\\\/\"},{\"@type\":\"ListItem\",\"position\":2,\"name\":\"Angebote\",\"item\":\"https:\\\/\\\/www.deleurope.com\\\/de\\\/angebote\\\/\"},{\"@type\":\"ListItem\",\"position\":3,\"name\":\"4 bleiben, 3 zahlen\"}]},{\"@type\":\"WebSite\",\"@id\":\"https:\\\/\\\/www.deleurope.com\\\/de\\\/#website\",\"url\":\"https:\\\/\\\/www.deleurope.com\\\/de\\\/\",\"name\":\"De L&#039;Europe Amsterdam\",\"description\":\"Home of original Amsterdam luxury.\",\"potentialAction\":[{\"@type\":\"SearchAction\",\"target\":{\"@type\":\"EntryPoint\",\"urlTemplate\":\"https:\\\/\\\/www.deleurope.com\\\/de\\\/?s={search_term_string}\"},\"query-input\":{\"@type\":\"PropertyValueSpecification\",\"valueRequired\":true,\"valueName\":\"search_term_string\"}}],\"inLanguage\":\"de-DE\"}]}<\/script>\n<!-- \/ Yoast SEO plugin. -->","yoast_head_json":{"title":"Bleiben Sie 4 N\u00e4chte, zahlen Sie f\u00fcr 3 Angebot | De L'Europe Amsterdam","description":"Genie\u00dfen Sie einen verl\u00e4ngerten Aufenthalt im De L'Europe Amsterdam mit unserem Angebot Stay 4 Pay 3, das Ihnen eine zus\u00e4tzliche Nacht mit luxuri\u00f6sen Unterk\u00fcnften bietet. Buchen Sie jetzt Ihren Aufenthalt.","robots":{"index":"index","follow":"follow","max-snippet":"max-snippet:-1","max-image-preview":"max-image-preview:large","max-video-preview":"max-video-preview:-1"},"canonical":"https:\/\/www.deleurope.com\/de\/angebote\/schlafen-sie-3-zahlen-sie-2\/","og_locale":"de_DE","og_type":"article","og_title":"Bleiben Sie 4 N\u00e4chte, zahlen Sie f\u00fcr 3 Angebot | De L'Europe Amsterdam","og_description":"Genie\u00dfen Sie einen verl\u00e4ngerten Aufenthalt im De L'Europe Amsterdam mit unserem Angebot Stay 4 Pay 3, das Ihnen eine zus\u00e4tzliche Nacht mit luxuri\u00f6sen Unterk\u00fcnften bietet. Buchen Sie jetzt Ihren Aufenthalt.","og_url":"https:\/\/www.deleurope.com\/de\/angebote\/schlafen-sie-3-zahlen-sie-2\/","og_site_name":"De L&#039;Europe Amsterdam","article_modified_time":"2026-02-26T14:01:45+00:00","og_image":[{"width":1680,"height":897,"url":"https:\/\/www.deleurope.com\/wp-content\/uploads\/2024\/02\/De-LEurope-Exterior.webp","type":"image\/webp"}],"twitter_card":"summary_large_image","twitter_misc":{"Gesch\u00e4tzte Lesezeit":"2 Minuten"},"schema":{"@context":"https:\/\/schema.org","@graph":[{"@type":"WebPage","@id":"https:\/\/www.deleurope.com\/de\/angebote\/schlafen-sie-3-zahlen-sie-2\/","url":"https:\/\/www.deleurope.com\/de\/angebote\/schlafen-sie-3-zahlen-sie-2\/","name":"Bleiben Sie 4 N\u00e4chte, zahlen Sie f\u00fcr 3 Angebot | De L'Europe Amsterdam","isPartOf":{"@id":"https:\/\/www.deleurope.com\/de\/#website"},"primaryImageOfPage":{"@id":"https:\/\/www.deleurope.com\/de\/angebote\/schlafen-sie-3-zahlen-sie-2\/#primaryimage"},"image":{"@id":"https:\/\/www.deleurope.com\/de\/angebote\/schlafen-sie-3-zahlen-sie-2\/#primaryimage"},"thumbnailUrl":"https:\/\/www.deleurope.com\/wp-content\/uploads\/2024\/02\/De-LEurope-Exterior.webp","datePublished":"2024-01-16T11:37:55+00:00","dateModified":"2026-02-26T14:01:45+00:00","description":"Genie\u00dfen Sie einen verl\u00e4ngerten Aufenthalt im De L'Europe Amsterdam mit unserem Angebot Stay 4 Pay 3, das Ihnen eine zus\u00e4tzliche Nacht mit luxuri\u00f6sen Unterk\u00fcnften bietet. Buchen Sie jetzt Ihren Aufenthalt.","breadcrumb":{"@id":"https:\/\/www.deleurope.com\/de\/angebote\/schlafen-sie-3-zahlen-sie-2\/#breadcrumb"},"inLanguage":"de-DE","potentialAction":[{"@type":"ReadAction","target":["https:\/\/www.deleurope.com\/de\/angebote\/schlafen-sie-3-zahlen-sie-2\/"]}]},{"@type":"ImageObject","inLanguage":"de-DE","@id":"https:\/\/www.deleurope.com\/de\/angebote\/schlafen-sie-3-zahlen-sie-2\/#primaryimage","url":"https:\/\/www.deleurope.com\/wp-content\/uploads\/2024\/02\/De-LEurope-Exterior.webp","contentUrl":"https:\/\/www.deleurope.com\/wp-content\/uploads\/2024\/02\/De-LEurope-Exterior.webp","width":1680,"height":897},{"@type":"BreadcrumbList","@id":"https:\/\/www.deleurope.com\/de\/angebote\/schlafen-sie-3-zahlen-sie-2\/#breadcrumb","itemListElement":[{"@type":"ListItem","position":1,"name":"Home","item":"https:\/\/www.deleurope.com\/de\/"},{"@type":"ListItem","position":2,"name":"Angebote","item":"https:\/\/www.deleurope.com\/de\/angebote\/"},{"@type":"ListItem","position":3,"name":"4 bleiben, 3 zahlen"}]},{"@type":"WebSite","@id":"https:\/\/www.deleurope.com\/de\/#website","url":"https:\/\/www.deleurope.com\/de\/","name":"De L&#039;Europe Amsterdam","description":"Home of original Amsterdam luxury.","potentialAction":[{"@type":"SearchAction","target":{"@type":"EntryPoint","urlTemplate":"https:\/\/www.deleurope.com\/de\/?s={search_term_string}"},"query-input":{"@type":"PropertyValueSpecification","valueRequired":true,"valueName":"search_term_string"}}],"inLanguage":"de-DE"}]}},"featured_image_src":"https:\/\/www.deleurope.com\/wp-content\/uploads\/2024\/02\/De-LEurope-Exterior-600x400.webp","featured_image_src_square":"https:\/\/www.deleurope.com\/wp-content\/uploads\/2024\/02\/De-LEurope-Exterior-600x600.webp","_links":{"self":[{"href":"https:\/\/www.deleurope.com\/de\/wp-json\/wp\/v2\/pages\/3118","targetHints":{"allow":["GET"]}}],"collection":[{"href":"https:\/\/www.deleurope.com\/de\/wp-json\/wp\/v2\/pages"}],"about":[{"href":"https:\/\/www.deleurope.com\/de\/wp-json\/wp\/v2\/types\/page"}],"author":[{"embeddable":true,"href":"https:\/\/www.deleurope.com\/de\/wp-json\/wp\/v2\/users\/17"}],"replies":[{"embeddable":true,"href":"https:\/\/www.deleurope.com\/de\/wp-json\/wp\/v2\/comments?post=3118"}],"version-history":[{"count":4,"href":"https:\/\/www.deleurope.com\/de\/wp-json\/wp\/v2\/pages\/3118\/revisions"}],"predecessor-version":[{"id":12501,"href":"https:\/\/www.deleurope.com\/de\/wp-json\/wp\/v2\/pages\/3118\/revisions\/12501"}],"up":[{"embeddable":true,"href":"https:\/\/www.deleurope.com\/de\/wp-json\/wp\/v2\/pages\/3026"}],"wp:featuredmedia":[{"embeddable":true,"href":"https:\/\/www.deleurope.com\/de\/wp-json\/wp\/v2\/media\/3123"}],"wp:attachment":[{"href":"https:\/\/www.deleurope.com\/de\/wp-json\/wp\/v2\/media?parent=3118"}],"curies":[{"name":"wp","href":"https:\/\/api.w.org\/{rel}","templated":true}]}}