{"id":3184,"date":"2023-11-28T13:06:05","date_gmt":"2023-11-28T13:06:05","guid":{"rendered":"https:\/\/www.deleurope.com\/unsere-geschichte\/"},"modified":"2026-02-10T11:52:28","modified_gmt":"2026-02-10T11:52:28","slug":"geschichte","status":"publish","type":"page","link":"https:\/\/www.deleurope.com\/de\/geschichte\/","title":{"rendered":"UNSERE GESCHICHTE"},"content":{"rendered":"\n<div class=\"wp-block-columns margin-bottom-none is-layout-flex wp-container-core-columns-is-layout-9d6595d7 wp-block-columns-is-layout-flex\">\n<div class=\"wp-block-column two-texts-intro is-layout-flow wp-block-column-is-layout-flow\">\n<h2 class=\"wp-block-heading has-text-align-center rooms-description-white-box two-texts-bigger header-bigger has-extra-large-font-size\">WELCOME TO DE L&#8217;EUROPE AMSTERDAM<\/h2>\n\n\n\n<p class=\"has-text-align-center two-texts-smaller\">Ein Ort f\u00fcr alle, die Authentizit\u00e4t und luxuri\u00f6se Gastfreundschaft zu sch\u00e4tzen wissen und das reiche Erbe Amsterdams auf die eleganteste Art und Weise seit 1896 kennenlernen m\u00f6chten.<\/p>\n<\/div>\n<\/div>\n\n<div class=\"wp-block-columns align-left-text with-headers text-on-left wrap-2-columns eat-and-drink-cards  top-border is-layout-flex wp-container-core-columns-is-layout-9d6595d7 wp-block-columns-is-layout-flex\" id=\"graziella\">\n<div class=\"wp-block-column is-vertically-aligned-center middle-align is-layout-flow wp-block-column-is-layout-flow\" style=\"flex-basis:50%\">\n<h2 class=\"wp-block-heading has-text-align-center has-extra-large-font-size\" style=\"text-transform:uppercase\">Kapitel 1<\/h2>\n\n\n\n<h4 class=\"wp-block-heading has-text-align-center has-medium-font-size\" style=\"text-transform:uppercase\">HET RONDEEL<\/h4>\n\n\n\n<div class=\"wp-block-group\"><div class=\"wp-block-group__inner-container is-layout-constrained wp-block-group-is-layout-constrained\">\n<p class=\"has-text-align-center\">Wenn wir in der Zeit bis ins Jahr 1482 zur\u00fcckreisen, finden wir uns in einem viel kleineren und verletzlicheren Amsterdam wieder. Um die Stadt zu verteidigen, errichteten die B\u00fcrger eine Mauer, die von einem Baum umgeben war, und nannten einen der Hauptt\u00fcrme &#8218;Het Rondeel&#8216;. Dieser stand genau dort, wo heute De L&#8217;Europe Amsterdam steht. Sp\u00e4ter, im Jahr 1535, wurde die Stadt erweitert und der Turm verlor seinen urspr\u00fcnglichen Zweck. In den n\u00e4chsten 100 Jahren blieb der Turm zwar intakt, wurde aber nicht genutzt. Im Jahr 1638 wurde ein Gasthaus er\u00f6ffnet, das teilweise auf den Fundamenten des Forts errichtet wurde.   Dieses einfache G\u00e4stehaus schm\u00fcckte sp\u00e4ter die Seite an der Amstel mit einer Wand, die mit Renaissance-Flair verziert war. Nach zahlreichen Schlie\u00dfungen und Renovierungen wurde Het Rondeel am 28. September 1845 im Besitz von Herrn H. J. Wolters wiederer\u00f6ffnet. Er war der Meinung, dass das G\u00e4stehaus sowohl f\u00fcr Gesch\u00e4ftskunden als auch f\u00fcr Familien geeignet sei. Unter seiner Leitung wurde das Het Rondeel zum ersten Hotel in Amsterdam, das Familien bediente und bewirtete.<\/p>\n<\/div><\/div>\n<\/div>\n\n\n\n<div class=\"wp-block-column slider-wrap padding-left-md is-layout-flow wp-block-column-is-layout-flow\" style=\"flex-basis:50%\">\n<figure class=\"wp-block-image size-full\"><img loading=\"lazy\" decoding=\"async\" width=\"1000\" height=\"600\" src=\"https:\/\/deleurope.com\/wp-content\/uploads\/2023\/11\/97823c5243f14da67eb0770b77205a91.jpeg\" alt=\"\" class=\"wp-image-1020\" style=\"aspect-ratio:4\/3;object-fit:cover\" srcset=\"https:\/\/www.deleurope.com\/wp-content\/uploads\/2023\/11\/97823c5243f14da67eb0770b77205a91.jpeg 1000w, https:\/\/www.deleurope.com\/wp-content\/uploads\/2023\/11\/97823c5243f14da67eb0770b77205a91-768x461.jpeg 768w\" sizes=\"auto, (max-width: 1000px) 100vw, 1000px\" \/><\/figure>\n<\/div>\n<\/div>\n\n<div class=\"wp-block-columns align-left-text with-headers columns_slider_text wrap-2-columns eat-and-drink-cards is-layout-flex wp-container-core-columns-is-layout-9d6595d7 wp-block-columns-is-layout-flex\" id=\"flore\">\n<div class=\"wp-block-column slider-wrap is-layout-flow wp-block-column-is-layout-flow\" style=\"flex-basis:50%\">\n<figure class=\"wp-block-image size-full\"><img loading=\"lazy\" decoding=\"async\" width=\"2560\" height=\"1847\" src=\"https:\/\/deleurope.com\/wp-content\/uploads\/2023\/11\/c620e6fb8015a0046ff38360f3b9d56e-scaled.jpeg\" alt=\"\" class=\"wp-image-1018\" style=\"aspect-ratio:4\/3;object-fit:cover\" srcset=\"https:\/\/www.deleurope.com\/wp-content\/uploads\/2023\/11\/c620e6fb8015a0046ff38360f3b9d56e-scaled.jpeg 2560w, https:\/\/www.deleurope.com\/wp-content\/uploads\/2023\/11\/c620e6fb8015a0046ff38360f3b9d56e-768x554.jpeg 768w, https:\/\/www.deleurope.com\/wp-content\/uploads\/2023\/11\/c620e6fb8015a0046ff38360f3b9d56e-1536x1108.jpeg 1536w, https:\/\/www.deleurope.com\/wp-content\/uploads\/2023\/11\/c620e6fb8015a0046ff38360f3b9d56e-2048x1477.jpeg 2048w\" sizes=\"auto, (max-width: 2560px) 100vw, 2560px\" \/><\/figure>\n<\/div>\n\n\n\n<div class=\"wp-block-column is-vertically-aligned-center middle-align is-layout-flow wp-block-column-is-layout-flow\" style=\"flex-basis:50%\">\n<h2 class=\"wp-block-heading has-text-align-center has-extra-large-font-size\" style=\"text-transform:uppercase\">Kapitel 2<\/h2>\n\n\n\n<h4 class=\"wp-block-heading has-text-align-center has-medium-font-size\">HOTEL DE L\u2019EUROPE<\/h4>\n\n\n\n<div class=\"wp-block-group\"><div class=\"wp-block-group__inner-container is-layout-constrained wp-block-group-is-layout-constrained\">\n<p class=\"has-text-align-center\">Im Jahr 1894 wurde Het Rondeel versteigert und ging in den Besitz der Hypothekenbank \u00fcber. Das Geb\u00e4ude stand zwei Jahre lang leer, bevor die Dutch Hotel Company beschloss, das Geb\u00e4ude abzurei\u00dfen und durch ein neues Hotel zu ersetzen. Damals war das Hotel de L&#8217;Europe ein Hotel an der Prins Hendrikkade. Die Dutch Hotel Company bot an, dieses Hotel zu kaufen, unter der Bedingung, dass es seinen Namen an das neu erbaute<br\/>Hotel an der Amstel abgibt und nicht mehr als Hotel existiert.<\/p>\n\n\n\n<p class=\"has-text-align-center\">Herr H. Martins, bisher Gesch\u00e4ftsf\u00fchrer des Hotel de L&#8217;Europe an der Prins Hendrikkade, wurde nun zum neuen Gesch\u00e4ftsf\u00fchrer des Hotel de L&#8217;Europe in der Nieuwe Doelenstraat ernannt. Am 23. September 1896 \u00f6ffnete das Geb\u00e4ude seine T\u00fcren als Hotel De L&#8217;Europe. Im Laufe des Jahrhunderts wurde das Hotel mehrfach erweitert und renoviert, wobei es stets auf dem neuesten Stand der Technik blieb und sich erfolgreich als Reiseziel von Weltrang etablierte.<\/p>\n<\/div><\/div>\n<\/div>\n<\/div>\n\n<div class=\"wp-block-columns align-left-text with-headers text-on-left wrap-2-columns eat-and-drink-cards is-layout-flex wp-container-core-columns-is-layout-9d6595d7 wp-block-columns-is-layout-flex\" id=\"graziella\">\n<div class=\"wp-block-column is-vertically-aligned-center middle-align is-layout-flow wp-block-column-is-layout-flow\" style=\"flex-basis:50%\">\n<h2 class=\"wp-block-heading has-text-align-center has-extra-large-font-size\" style=\"text-transform:uppercase\">Kapitel 3<\/h2>\n\n\n\n<h4 class=\"wp-block-heading has-text-align-center has-medium-font-size\" style=\"text-transform:uppercase\">Heineken<\/h4>\n\n\n\n<div class=\"wp-block-group\"><div class=\"wp-block-group__inner-container is-layout-constrained wp-block-group-is-layout-constrained\">\n<p class=\"has-text-align-center\">In den 1950er Jahren \u00f6ffnete das Hotel De L&#8217;Europe sein Herz und seine T\u00fcren f\u00fcr Alfred &#8218;Freddy&#8216; Heineken. Als er das Hotel besuchte, verliebte er sich in das monumentale Geb\u00e4ude und die mond\u00e4ne Atmosph\u00e4re. Er beschloss schlie\u00dflich, das Hotel zu kaufen, wodurch das De L&#8217;Europe zum ersten und einzigen Luxushotel in Familienbesitz in Amsterdam wurde.<\/p>\n\n\n\n<p class=\"has-text-align-center\">Nach mehreren kleineren Renovierungen konnte das Hotel 1992 seinen G\u00e4sten die folgenden Einrichtungen bieten: 100 Zimmer mit allem modernen Komfort, zwei Restaurants, eine Bar, eine Terrasse an der Amstel, mehrere S\u00e4le, ein Fitnesscenter, ein Gesch\u00e4ft und ein Gesch\u00e4ftszentrum. Heute ist das Hotel stolzer Besitzer der Firma HEINEKEN.<\/p>\n<\/div><\/div>\n<\/div>\n\n\n\n<div class=\"wp-block-column slider-wrap padding-left-md is-layout-flow wp-block-column-is-layout-flow\" style=\"flex-basis:50%\">\n<figure class=\"wp-block-image size-full\"><img loading=\"lazy\" decoding=\"async\" width=\"1500\" height=\"1071\" src=\"https:\/\/deleurope.com\/wp-content\/uploads\/2024\/01\/Eat-Drink-13.jpg\" alt=\"\" class=\"wp-image-1932\" style=\"aspect-ratio:4\/3;object-fit:cover\" srcset=\"https:\/\/www.deleurope.com\/wp-content\/uploads\/2024\/01\/Eat-Drink-13.jpg 1500w, https:\/\/www.deleurope.com\/wp-content\/uploads\/2024\/01\/Eat-Drink-13-768x548.jpg 768w\" sizes=\"auto, (max-width: 1500px) 100vw, 1500px\" \/><\/figure>\n<\/div>\n<\/div>\n\n<div class=\"wp-block-columns align-left-text with-headers columns_slider_text wrap-2-columns eat-and-drink-cards is-layout-flex wp-container-core-columns-is-layout-9d6595d7 wp-block-columns-is-layout-flex\" id=\"flore\">\n<div class=\"wp-block-column slider-wrap is-layout-flow wp-block-column-is-layout-flow\" style=\"flex-basis:50%\">\n<figure class=\"wp-block-image size-full\"><img loading=\"lazy\" decoding=\"async\" width=\"1000\" height=\"667\" src=\"https:\/\/www.deleurope.com\/wp-content\/uploads\/2024\/03\/3-2.jpg\" alt=\"\" class=\"wp-image-4088\" style=\"aspect-ratio:4\/3;object-fit:cover\" srcset=\"https:\/\/www.deleurope.com\/wp-content\/uploads\/2024\/03\/3-2.jpg 1000w, https:\/\/www.deleurope.com\/wp-content\/uploads\/2024\/03\/3-2-768x512.jpg 768w, https:\/\/www.deleurope.com\/wp-content\/uploads\/2024\/03\/3-2-600x400.jpg 600w\" sizes=\"auto, (max-width: 1000px) 100vw, 1000px\" \/><\/figure>\n<\/div>\n\n\n\n<div class=\"wp-block-column is-vertically-aligned-center middle-align is-layout-flow wp-block-column-is-layout-flow\" style=\"flex-basis:50%\">\n<h2 class=\"wp-block-heading has-text-align-center has-extra-large-font-size\" style=\"text-transform:uppercase\">Kapitel 4<\/h2>\n\n\n\n<h4 class=\"wp-block-heading has-text-align-center has-medium-font-size\">GEGENWART UND ZUKUNFT<\/h4>\n\n\n\n<div class=\"wp-block-group\"><div class=\"wp-block-group__inner-container is-layout-constrained wp-block-group-is-layout-constrained\">\n<p class=\"has-text-align-center\">Im Jahr 2020 wurde das De L&#8217;Europe komplett umgestaltet und mit allem modernen Luxus ausgestattet, ohne die reiche Geschichte zu vergessen. Die in den Niederlanden ans\u00e4ssigen Innenarchitekten &#8218;Nicemakers&#8216; waren f\u00fcr die Neugestaltung der Zimmer, der \u00f6ffentlichen Bereiche, der privaten Veranstaltungsr\u00e4ume, der drei Restaurants und der Bar verantwortlich.<\/p>\n\n\n\n<p class=\"has-text-align-center\">Ziel der Neugestaltung war es, ein zeitloses, klassisches Innendesign zu schaffen, das sich gleichzeitig vertraut anf\u00fchlt. Im selben Jahr wurde die Er\u00f6ffnung des kreativen Fl\u00fcgels &#8218;t Huys bekannt gegeben. Dies ist ein Ort, an dem die niederl\u00e4ndischen Meister der Kunst, des Designs und des Luxus unter einem Dach zusammenkommen.<\/p>\n\n\n\n<p class=\"has-text-align-center\">Die Geschichte von De L&#8217;Europe Amsterdam geht weiter, und wer auf dem Laufenden bleiben will, kann sich auf der Instagram-Seite informieren.<\/p>\n<\/div><\/div>\n\n\n\n<div class=\"wp-block-buttons is-content-justification-center is-layout-flex wp-container-core-buttons-is-layout-16018d1d wp-block-buttons-is-layout-flex\">\n<div class=\"wp-block-button is-style-outline not-italic is-style-outline--1\"><a class=\"wp-block-button__link wp-element-button\" href=\"https:\/\/www.instagram.com\/deleuropeams\" style=\"border-radius:0px;text-transform:uppercase\">Mehr entdecken<\/a><\/div>\n<\/div>\n<\/div>\n<\/div>\n\n<div class=\"wp-block-columns block-with-centered-overlay no-margins-on-mobile is-layout-flex wp-container-core-columns-is-layout-9d6595d7 wp-block-columns-is-layout-flex\">\n<div class=\"wp-block-column is-layout-flow wp-block-column-is-layout-flow\">\n<div class=\"wp-block-cover is-light\"><img loading=\"lazy\" decoding=\"async\" width=\"1600\" height=\"1067\" class=\"wp-block-cover__image-background wp-image-1030\" alt=\"\" src=\"https:\/\/deleurope.com\/wp-content\/uploads\/2023\/11\/1182e35f6411d08bfdcf2001d57de6ab.jpeg\" data-object-fit=\"cover\" srcset=\"https:\/\/www.deleurope.com\/wp-content\/uploads\/2023\/11\/1182e35f6411d08bfdcf2001d57de6ab.jpeg 1600w, https:\/\/www.deleurope.com\/wp-content\/uploads\/2023\/11\/1182e35f6411d08bfdcf2001d57de6ab-768x512.jpeg 768w, https:\/\/www.deleurope.com\/wp-content\/uploads\/2023\/11\/1182e35f6411d08bfdcf2001d57de6ab-1536x1024.jpeg 1536w, https:\/\/www.deleurope.com\/wp-content\/uploads\/2023\/11\/1182e35f6411d08bfdcf2001d57de6ab-600x400.jpeg 600w\" sizes=\"auto, (max-width: 1600px) 100vw, 1600px\" \/><span aria-hidden=\"true\" class=\"wp-block-cover__background has-background-dim\"><\/span><div class=\"wp-block-cover__inner-container is-layout-constrained wp-block-cover-is-layout-constrained\">\n<div class=\"wp-block-columns is-layout-flex wp-container-core-columns-is-layout-9d6595d7 wp-block-columns-is-layout-flex\">\n<div class=\"wp-block-column overlay-hero-middle has-central-palette-1-background-color has-background is-layout-flow wp-block-column-is-layout-flow\">\n<h2 class=\"wp-block-heading has-text-align-center has-central-palette-7-color has-text-color has-extra-large-font-size\">EIN BESSERES YOUNIVERSUM<\/h2>\n\n\n\n<p class=\"has-text-align-center has-central-palette-7-color has-text-color\">Bei De L&#8217;Europe Amsterdam ist unser Engagement f\u00fcr die soziale Verantwortung der Unternehmen in die Struktur unserer Gesch\u00e4ftst\u00e4tigkeit eingebettet.<\/p>\n\n\n\n<p class=\"has-text-align-center has-central-palette-7-color has-text-color\">Auf unseren Seiten zur sozialen Verantwortung von Unternehmen erfahren Sie, wie wir durch unsere Initiativen einen positiven Einfluss auf unsere Gemeinschaft und die Umwelt aus\u00fcben.<\/p>\n\n\n\n<div class=\"wp-block-buttons is-content-justification-center is-layout-flex wp-container-core-buttons-is-layout-16018d1d wp-block-buttons-is-layout-flex\">\n<div class=\"wp-block-button is-style-outline not-italic is-style-outline--2\"><a class=\"wp-block-button__link has-central-palette-7-color has-text-color wp-element-button\" href=\"https:\/\/deleurope.com\/green-hospitality\/\" style=\"border-radius:0px;text-transform:uppercase\">Mehr erfahren<\/a><\/div>\n<\/div>\n<\/div>\n<\/div>\n<\/div><\/div>\n<\/div>\n<\/div>\n\n<div class=\"wp-block-columns special-request no-margins-mobile is-layout-flex wp-container-core-columns-is-layout-9d6595d7 wp-block-columns-is-layout-flex\" id=\"special\">\n<div class=\"wp-block-column has-central-palette-11-background-color has-background is-layout-flow wp-block-column-is-layout-flow\">\n<h2 class=\"wp-block-heading has-text-align-center has-extra-large-font-size\">SEI TEIL UNSERER GESCHICHTE<\/h2>\n\n\n\n<p class=\"has-text-align-center\">Treten Sie ein in unsere Welt der luxuri\u00f6sen Gastlichkeit und werden Sie Teil unserer bemerkenswerten Geschichte im De L&#8217;Europe Amsterdam. Entdecken Sie auf unserer Karriereseite spannende Karrierem\u00f6glichkeiten, bei denen Sie dazu beitragen k\u00f6nnen, unvergessliche G\u00e4steerlebnisse zu schaffen.<\/p>\n\n\n\n<div class=\"wp-block-buttons is-content-justification-center is-layout-flex wp-container-core-buttons-is-layout-16018d1d wp-block-buttons-is-layout-flex\">\n<div class=\"wp-block-button is-style-outline not-italic is-style-outline--3\"><a class=\"wp-block-button__link wp-element-button\" href=\"https:\/\/deleuropeamsterdam.recruitee.com\/\" style=\"border-radius:0px;text-transform:uppercase\">Entdecken Sie unsere offenen Stellen<\/a><\/div>\n<\/div>\n<\/div>\n<\/div>\n","protected":false},"excerpt":{"rendered":"<p>WELCOME TO DE L&#8217;EUROPE AMSTERDAM Ein Ort f\u00fcr alle, die Authentizit\u00e4t und luxuri\u00f6se Gastfreundschaft zu sch\u00e4tzen wissen und das reiche Erbe Amsterdams auf die eleganteste Art und Weise seit 1896 kennenlernen m\u00f6chten. Kapitel 1 HET RONDEEL Wenn wir in der Zeit bis ins Jahr 1482 zur\u00fcckreisen, finden wir uns in einem viel kleineren und verletzlicheren [&hellip;]<\/p>\n","protected":false},"author":2,"featured_media":3191,"parent":0,"menu_order":0,"comment_status":"closed","ping_status":"closed","template":"","meta":{"_acf_changed":false,"footnotes":""},"class_list":["post-3184","page","type-page","status-publish","has-post-thumbnail","hentry"],"acf":[],"yoast_head":"<!-- This site is optimized with the Yoast SEO plugin v27.3 - https:\/\/yoast.com\/product\/yoast-seo-wordpress\/ -->\n<title>Unsere Geschichte und unser Erbe in Amsterdam | Hotel De L&#039;Europe<\/title>\n<meta name=\"description\" content=\"Entdecken Sie die Geschichte von De L&#039;Europe Amsterdam, wo sich Erbe, Kultur und moderner Luxus am Ufer der Amstel treffen. Erfahren Sie mehr.\" \/>\n<meta name=\"robots\" content=\"index, follow, max-snippet:-1, max-image-preview:large, max-video-preview:-1\" \/>\n<link rel=\"canonical\" href=\"https:\/\/www.deleurope.com\/de\/geschichte\/\" \/>\n<meta property=\"og:locale\" content=\"de_DE\" \/>\n<meta property=\"og:type\" content=\"article\" \/>\n<meta property=\"og:title\" content=\"Unsere Geschichte und unser Erbe in Amsterdam | Hotel De L&#039;Europe\" \/>\n<meta property=\"og:description\" content=\"Entdecken Sie die Geschichte von De L&#039;Europe Amsterdam, wo sich Erbe, Kultur und moderner Luxus am Ufer der Amstel treffen. Erfahren Sie mehr.\" \/>\n<meta property=\"og:url\" content=\"https:\/\/www.deleurope.com\/de\/geschichte\/\" \/>\n<meta property=\"og:site_name\" content=\"De L&#039;Europe Amsterdam\" \/>\n<meta property=\"article:modified_time\" content=\"2026-02-10T11:52:28+00:00\" \/>\n<meta property=\"og:image\" content=\"https:\/\/www.deleurope.com\/wp-content\/uploads\/2024\/02\/1-1.jpg\" \/>\n\t<meta property=\"og:image:width\" content=\"1820\" \/>\n\t<meta property=\"og:image:height\" content=\"1300\" \/>\n\t<meta property=\"og:image:type\" content=\"image\/jpeg\" \/>\n<meta name=\"twitter:card\" content=\"summary_large_image\" \/>\n<meta name=\"twitter:label1\" content=\"Gesch\u00e4tzte Lesezeit\" \/>\n\t<meta name=\"twitter:data1\" content=\"5 Minuten\" \/>\n<script type=\"application\/ld+json\" class=\"yoast-schema-graph\">{\"@context\":\"https:\\\/\\\/schema.org\",\"@graph\":[{\"@type\":\"WebPage\",\"@id\":\"https:\\\/\\\/www.deleurope.com\\\/de\\\/geschichte\\\/\",\"url\":\"https:\\\/\\\/www.deleurope.com\\\/de\\\/geschichte\\\/\",\"name\":\"Unsere Geschichte und unser Erbe in Amsterdam | Hotel De L'Europe\",\"isPartOf\":{\"@id\":\"https:\\\/\\\/www.deleurope.com\\\/de\\\/#website\"},\"primaryImageOfPage\":{\"@id\":\"https:\\\/\\\/www.deleurope.com\\\/de\\\/geschichte\\\/#primaryimage\"},\"image\":{\"@id\":\"https:\\\/\\\/www.deleurope.com\\\/de\\\/geschichte\\\/#primaryimage\"},\"thumbnailUrl\":\"https:\\\/\\\/www.deleurope.com\\\/wp-content\\\/uploads\\\/2024\\\/02\\\/1-1.jpg\",\"datePublished\":\"2023-11-28T13:06:05+00:00\",\"dateModified\":\"2026-02-10T11:52:28+00:00\",\"description\":\"Entdecken Sie die Geschichte von De L'Europe Amsterdam, wo sich Erbe, Kultur und moderner Luxus am Ufer der Amstel treffen. Erfahren Sie mehr.\",\"breadcrumb\":{\"@id\":\"https:\\\/\\\/www.deleurope.com\\\/de\\\/geschichte\\\/#breadcrumb\"},\"inLanguage\":\"de-DE\",\"potentialAction\":[{\"@type\":\"ReadAction\",\"target\":[\"https:\\\/\\\/www.deleurope.com\\\/de\\\/geschichte\\\/\"]}]},{\"@type\":\"ImageObject\",\"inLanguage\":\"de-DE\",\"@id\":\"https:\\\/\\\/www.deleurope.com\\\/de\\\/geschichte\\\/#primaryimage\",\"url\":\"https:\\\/\\\/www.deleurope.com\\\/wp-content\\\/uploads\\\/2024\\\/02\\\/1-1.jpg\",\"contentUrl\":\"https:\\\/\\\/www.deleurope.com\\\/wp-content\\\/uploads\\\/2024\\\/02\\\/1-1.jpg\",\"width\":1820,\"height\":1300},{\"@type\":\"BreadcrumbList\",\"@id\":\"https:\\\/\\\/www.deleurope.com\\\/de\\\/geschichte\\\/#breadcrumb\",\"itemListElement\":[{\"@type\":\"ListItem\",\"position\":1,\"name\":\"Home\",\"item\":\"https:\\\/\\\/www.deleurope.com\\\/de\\\/\"},{\"@type\":\"ListItem\",\"position\":2,\"name\":\"UNSERE GESCHICHTE\"}]},{\"@type\":\"WebSite\",\"@id\":\"https:\\\/\\\/www.deleurope.com\\\/de\\\/#website\",\"url\":\"https:\\\/\\\/www.deleurope.com\\\/de\\\/\",\"name\":\"De L&#039;Europe Amsterdam\",\"description\":\"Home of original Amsterdam luxury.\",\"potentialAction\":[{\"@type\":\"SearchAction\",\"target\":{\"@type\":\"EntryPoint\",\"urlTemplate\":\"https:\\\/\\\/www.deleurope.com\\\/de\\\/?s={search_term_string}\"},\"query-input\":{\"@type\":\"PropertyValueSpecification\",\"valueRequired\":true,\"valueName\":\"search_term_string\"}}],\"inLanguage\":\"de-DE\"}]}<\/script>\n<!-- \/ Yoast SEO plugin. -->","yoast_head_json":{"title":"Unsere Geschichte und unser Erbe in Amsterdam | Hotel De L'Europe","description":"Entdecken Sie die Geschichte von De L'Europe Amsterdam, wo sich Erbe, Kultur und moderner Luxus am Ufer der Amstel treffen. Erfahren Sie mehr.","robots":{"index":"index","follow":"follow","max-snippet":"max-snippet:-1","max-image-preview":"max-image-preview:large","max-video-preview":"max-video-preview:-1"},"canonical":"https:\/\/www.deleurope.com\/de\/geschichte\/","og_locale":"de_DE","og_type":"article","og_title":"Unsere Geschichte und unser Erbe in Amsterdam | Hotel De L'Europe","og_description":"Entdecken Sie die Geschichte von De L'Europe Amsterdam, wo sich Erbe, Kultur und moderner Luxus am Ufer der Amstel treffen. Erfahren Sie mehr.","og_url":"https:\/\/www.deleurope.com\/de\/geschichte\/","og_site_name":"De L&#039;Europe Amsterdam","article_modified_time":"2026-02-10T11:52:28+00:00","og_image":[{"width":1820,"height":1300,"url":"https:\/\/www.deleurope.com\/wp-content\/uploads\/2024\/02\/1-1.jpg","type":"image\/jpeg"}],"twitter_card":"summary_large_image","twitter_misc":{"Gesch\u00e4tzte Lesezeit":"5 Minuten"},"schema":{"@context":"https:\/\/schema.org","@graph":[{"@type":"WebPage","@id":"https:\/\/www.deleurope.com\/de\/geschichte\/","url":"https:\/\/www.deleurope.com\/de\/geschichte\/","name":"Unsere Geschichte und unser Erbe in Amsterdam | Hotel De L'Europe","isPartOf":{"@id":"https:\/\/www.deleurope.com\/de\/#website"},"primaryImageOfPage":{"@id":"https:\/\/www.deleurope.com\/de\/geschichte\/#primaryimage"},"image":{"@id":"https:\/\/www.deleurope.com\/de\/geschichte\/#primaryimage"},"thumbnailUrl":"https:\/\/www.deleurope.com\/wp-content\/uploads\/2024\/02\/1-1.jpg","datePublished":"2023-11-28T13:06:05+00:00","dateModified":"2026-02-10T11:52:28+00:00","description":"Entdecken Sie die Geschichte von De L'Europe Amsterdam, wo sich Erbe, Kultur und moderner Luxus am Ufer der Amstel treffen. Erfahren Sie mehr.","breadcrumb":{"@id":"https:\/\/www.deleurope.com\/de\/geschichte\/#breadcrumb"},"inLanguage":"de-DE","potentialAction":[{"@type":"ReadAction","target":["https:\/\/www.deleurope.com\/de\/geschichte\/"]}]},{"@type":"ImageObject","inLanguage":"de-DE","@id":"https:\/\/www.deleurope.com\/de\/geschichte\/#primaryimage","url":"https:\/\/www.deleurope.com\/wp-content\/uploads\/2024\/02\/1-1.jpg","contentUrl":"https:\/\/www.deleurope.com\/wp-content\/uploads\/2024\/02\/1-1.jpg","width":1820,"height":1300},{"@type":"BreadcrumbList","@id":"https:\/\/www.deleurope.com\/de\/geschichte\/#breadcrumb","itemListElement":[{"@type":"ListItem","position":1,"name":"Home","item":"https:\/\/www.deleurope.com\/de\/"},{"@type":"ListItem","position":2,"name":"UNSERE GESCHICHTE"}]},{"@type":"WebSite","@id":"https:\/\/www.deleurope.com\/de\/#website","url":"https:\/\/www.deleurope.com\/de\/","name":"De L&#039;Europe Amsterdam","description":"Home of original Amsterdam luxury.","potentialAction":[{"@type":"SearchAction","target":{"@type":"EntryPoint","urlTemplate":"https:\/\/www.deleurope.com\/de\/?s={search_term_string}"},"query-input":{"@type":"PropertyValueSpecification","valueRequired":true,"valueName":"search_term_string"}}],"inLanguage":"de-DE"}]}},"featured_image_src":"https:\/\/www.deleurope.com\/wp-content\/uploads\/2024\/02\/1-1-600x400.jpg","featured_image_src_square":"https:\/\/www.deleurope.com\/wp-content\/uploads\/2024\/02\/1-1-600x600.jpg","_links":{"self":[{"href":"https:\/\/www.deleurope.com\/de\/wp-json\/wp\/v2\/pages\/3184","targetHints":{"allow":["GET"]}}],"collection":[{"href":"https:\/\/www.deleurope.com\/de\/wp-json\/wp\/v2\/pages"}],"about":[{"href":"https:\/\/www.deleurope.com\/de\/wp-json\/wp\/v2\/types\/page"}],"author":[{"embeddable":true,"href":"https:\/\/www.deleurope.com\/de\/wp-json\/wp\/v2\/users\/2"}],"replies":[{"embeddable":true,"href":"https:\/\/www.deleurope.com\/de\/wp-json\/wp\/v2\/comments?post=3184"}],"version-history":[{"count":0,"href":"https:\/\/www.deleurope.com\/de\/wp-json\/wp\/v2\/pages\/3184\/revisions"}],"wp:featuredmedia":[{"embeddable":true,"href":"https:\/\/www.deleurope.com\/de\/wp-json\/wp\/v2\/media\/3191"}],"wp:attachment":[{"href":"https:\/\/www.deleurope.com\/de\/wp-json\/wp\/v2\/media?parent=3184"}],"curies":[{"name":"wp","href":"https:\/\/api.w.org\/{rel}","templated":true}]}}