{"id":3483,"date":"2024-01-17T17:27:50","date_gmt":"2024-01-17T17:27:50","guid":{"rendered":"https:\/\/www.deleurope.com\/hausordnung\/"},"modified":"2025-08-07T15:01:32","modified_gmt":"2025-08-07T15:01:32","slug":"hausordnung","status":"publish","type":"page","link":"https:\/\/www.deleurope.com\/de\/hausordnung\/","title":{"rendered":"Hausordnung"},"content":{"rendered":"\n<div class=\"wp-block-columns margin-bottom-none is-layout-flex wp-container-core-columns-is-layout-9d6595d7 wp-block-columns-is-layout-flex\">\n<div class=\"wp-block-column two-texts-intro is-layout-flow wp-block-column-is-layout-flow\">\n<h2 class=\"wp-block-heading has-text-align-center rooms-description-white-box two-texts-bigger header-bigger has-extra-large-font-size\">Hausordnung<\/h2>\n\n\n\n<p class=\"has-text-align-center\"><strong>Aktualisiert: August 2025<\/strong><\/p>\n\n\n\n<p class=\"has-text-align-center\">ALLGEMEINE REGELN UND BESTIMMUNGEN DES DE L&#8217;EUROPE AMSTERDAM<br\/>Um einen angenehmen Aufenthalt f\u00fcr die G\u00e4ste und ein gutes Arbeitsumfeld f\u00fcr die Mitarbeiter zu gew\u00e4hrleisten, bittet das De L&#8217;Europe Sie, unsere Regeln und Bestimmungen einzuhalten. Bei unklaren Regeln und\/oder Vorschriften oder in Zweifelsf\u00e4llen ist die Gesch\u00e4ftsleitung befugt, in allen Angelegenheiten Entscheidungen zu treffen. Die Nichteinhaltung kann zu einem direkten Verweis aus unseren R\u00e4umlichkeiten f\u00fchren, ohne dass eine Entsch\u00e4digung oder Entsch\u00e4digung jeglicher Art geleistet wird.<\/p>\n\n\n\n<p class=\"has-text-align-center\">Befolgen Sie stets die Anweisungen unseres Personals.<\/p>\n\n\n\n<p class=\"has-text-align-center\">Bitte nehmen Sie R\u00fccksicht auf andere in Bezug auf Verhalten und Privatsph\u00e4re, behandeln Sie das Personal und andere G\u00e4ste mit W\u00fcrde und Respekt. Unter keinen Umst\u00e4nden werden rechtswidrige Handlungen und\/oder respektloses Verhalten jeglicher Art gegen\u00fcber anderen G\u00e4sten oder dem Personal geduldet.<\/p>\n\n\n\n<p class=\"has-text-align-center\">Beim Einchecken wird ein g\u00fcltiger Ausweis verlangt.<\/p>\n\n\n\n<p class=\"has-text-align-center\">Das Mindestalter f\u00fcr die Reservierung, Bezahlung und den Aufenthalt in den Zimmern betr\u00e4gt 18 Jahre. Minderj\u00e4hrige m\u00fcssen von einem Elternteil \/ Erziehungsberechtigten begleitet werden, der mindestens 25 Jahre alt ist. Alle Besucher m\u00fcssen an der Rezeption angemeldet werden.<br\/>Bewahren Sie Ihre Wertsachen verantwortungsvoll auf und nutzen Sie den vorhandenen Safe.<\/p>\n\n\n\n<p class=\"has-text-align-center\">De L&#8217;Europe und\/oder seine Eigent\u00fcmer oder Mitarbeiter k\u00f6nnen nicht f\u00fcr Verluste oder Sch\u00e4den jeglicher Art verantwortlich gemacht werden.<br\/>Die Verwendung von offenem Feuer und das Rauchen in den Zimmern ist verboten. Bei Nichteinhaltung wird das Hotel de L&#8217;Europe einen Betrag von 350 \u20ac f\u00fcr die Reinigungskosten in Rechnung stellen. Das Entfernen von und\/oder das Hantieren mit Brandmeldeanlagen ist nicht erlaubt. Wenn Ihr Zimmer \u00fcber einen Balkon verf\u00fcgt, ist das Rauchen nur drau\u00dfen erlaubt. Bitte entsorgen Sie Kippen und Asche verantwortungsvoll.<\/p>\n\n\n\n<p class=\"has-text-align-center\">An allen Orten und zu allen Anl\u00e4ssen ist angemessene Kleidung vorgeschrieben.<\/p>\n\n\n\n<p class=\"has-text-align-center\">Sie haften f\u00fcr alle Sch\u00e4den oder Verluste, die Sie oder andere in Ihrer Gruppe verursachen.<br\/>Es ist nicht gestattet, verbotene Drogen, Substanzen und\/oder damit zusammenh\u00e4ngende Produkte auf unserem Gel\u00e4nde zu besitzen, zu konsumieren oder zu verkaufen.<br\/>Das Hotelpersonal beh\u00e4lt sich das Recht vor, jedes G\u00e4stezimmer zu jeder Zeit zu Sicherheitszwecken zu betreten.<br\/>Im Falle von (vermutetem) Betrug, Diebstahl oder anderen Gesetzesverst\u00f6\u00dfen wird das Hotel de L&#8217;Europe aktiv mit den zust\u00e4ndigen Beh\u00f6rden zusammenarbeiten.<\/p>\n\n\n\n<p class=\"has-text-align-center\">Einen umfassenden Leitfaden finden Sie unter www.khn.nl\/uvh-nl.<\/p>\n\n\n\n<p class=\"has-text-align-center\">CLOSED CIRCUIT TELEVISION, PRIVACY AND DATA PROTECTION<br\/>Auf dem gesamten Gel\u00e4nde des Hotel de L&#8217;Europe werden Video\u00fcberwachungsanlagen (CCTV) eingesetzt, um die Sicherheit aller zu gew\u00e4hrleisten.<\/p>\n\n\n\n<p class=\"has-text-align-center\">Das Filmen f\u00fcr andere als pers\u00f6nliche Zwecke ist ohne schriftliche Genehmigung unseres Marketingdirektors oder Gesch\u00e4ftsf\u00fchrers nicht gestattet.<\/p>\n\n\n\n<p class=\"has-text-align-center\">Die (heimliche) Aufnahme von Personen ist nach niederl\u00e4ndischem Recht verboten (z. B. Art. 139f und g Wetboek van Strafrecht)<\/p>\n\n\n\n<p class=\"has-text-align-center\">Bitte besuchen Sie unsere Website f\u00fcr weitere Informationen zu diesen Themen:<br\/><a href=\"https:\/\/www.heineken.com\/global\/en\/privacy-policy\">WWW.HEINEKEN.COM\/GLOBAL\/DE\/PRIVACY-POLICY<\/a><\/p>\n\n\n\n<p class=\"has-text-align-center\"><\/p>\n<\/div>\n<\/div>\n","protected":false},"excerpt":{"rendered":"<p>Hausordnung Aktualisiert: August 2025 ALLGEMEINE REGELN UND BESTIMMUNGEN DES DE L&#8217;EUROPE AMSTERDAMUm einen angenehmen Aufenthalt f\u00fcr die G\u00e4ste und ein gutes Arbeitsumfeld f\u00fcr die Mitarbeiter zu gew\u00e4hrleisten, bittet das De L&#8217;Europe Sie, unsere Regeln und Bestimmungen einzuhalten. Bei unklaren Regeln und\/oder Vorschriften oder in Zweifelsf\u00e4llen ist die Gesch\u00e4ftsleitung befugt, in allen Angelegenheiten Entscheidungen zu treffen. [&hellip;]<\/p>\n","protected":false},"author":17,"featured_media":3391,"parent":0,"menu_order":0,"comment_status":"closed","ping_status":"closed","template":"","meta":{"_acf_changed":false,"footnotes":""},"class_list":["post-3483","page","type-page","status-publish","has-post-thumbnail","hentry"],"acf":[],"yoast_head":"<!-- This site is optimized with the Yoast SEO plugin v27.5 - https:\/\/yoast.com\/product\/yoast-seo-wordpress\/ -->\n<title>Hausordnung &amp; G\u00e4steinformation | De L&#039;Europe Amsterdam<\/title>\n<meta name=\"description\" content=\"\u00dcberpr\u00fcfen Sie die Hausregeln des De L&#039;Europe Amsterdam, um eine komfortable und respektvolle Umgebung f\u00fcr alle G\u00e4ste zu gew\u00e4hrleisten und ein angenehmes Erlebnis zu f\u00f6rdern. Erfahren Sie mehr.\" \/>\n<meta name=\"robots\" content=\"index, follow, max-snippet:-1, max-image-preview:large, max-video-preview:-1\" \/>\n<link rel=\"canonical\" href=\"https:\/\/www.deleurope.com\/de\/hausordnung\/\" \/>\n<meta property=\"og:locale\" content=\"de_DE\" \/>\n<meta property=\"og:type\" content=\"article\" \/>\n<meta property=\"og:title\" content=\"Hausordnung &amp; G\u00e4steinformation | De L&#039;Europe Amsterdam\" \/>\n<meta property=\"og:description\" content=\"\u00dcberpr\u00fcfen Sie die Hausregeln des De L&#039;Europe Amsterdam, um eine komfortable und respektvolle Umgebung f\u00fcr alle G\u00e4ste zu gew\u00e4hrleisten und ein angenehmes Erlebnis zu f\u00f6rdern. Erfahren Sie mehr.\" \/>\n<meta property=\"og:url\" content=\"https:\/\/www.deleurope.com\/de\/hausordnung\/\" \/>\n<meta property=\"og:site_name\" content=\"De L&#039;Europe Amsterdam\" \/>\n<meta property=\"article:modified_time\" content=\"2025-08-07T15:01:32+00:00\" \/>\n<meta property=\"og:image\" content=\"https:\/\/www.deleurope.com\/wp-content\/uploads\/2024\/01\/De-Leurope-Exterior-official.jpg\" \/>\n\t<meta property=\"og:image:width\" content=\"1680\" \/>\n\t<meta property=\"og:image:height\" content=\"730\" \/>\n\t<meta property=\"og:image:type\" content=\"image\/jpeg\" \/>\n<meta name=\"twitter:card\" content=\"summary_large_image\" \/>\n<meta name=\"twitter:label1\" content=\"Gesch\u00e4tzte Lesezeit\" \/>\n\t<meta name=\"twitter:data1\" content=\"2 Minuten\" \/>\n<script type=\"application\/ld+json\" class=\"yoast-schema-graph\">{\"@context\":\"https:\\\/\\\/schema.org\",\"@graph\":[{\"@type\":\"WebPage\",\"@id\":\"https:\\\/\\\/www.deleurope.com\\\/de\\\/hausordnung\\\/\",\"url\":\"https:\\\/\\\/www.deleurope.com\\\/de\\\/hausordnung\\\/\",\"name\":\"Hausordnung & G\u00e4steinformation | De L'Europe Amsterdam\",\"isPartOf\":{\"@id\":\"https:\\\/\\\/www.deleurope.com\\\/de\\\/#website\"},\"primaryImageOfPage\":{\"@id\":\"https:\\\/\\\/www.deleurope.com\\\/de\\\/hausordnung\\\/#primaryimage\"},\"image\":{\"@id\":\"https:\\\/\\\/www.deleurope.com\\\/de\\\/hausordnung\\\/#primaryimage\"},\"thumbnailUrl\":\"https:\\\/\\\/www.deleurope.com\\\/wp-content\\\/uploads\\\/2024\\\/01\\\/De-Leurope-Exterior-official.jpg\",\"datePublished\":\"2024-01-17T17:27:50+00:00\",\"dateModified\":\"2025-08-07T15:01:32+00:00\",\"description\":\"\u00dcberpr\u00fcfen Sie die Hausregeln des De L'Europe Amsterdam, um eine komfortable und respektvolle Umgebung f\u00fcr alle G\u00e4ste zu gew\u00e4hrleisten und ein angenehmes Erlebnis zu f\u00f6rdern. Erfahren Sie mehr.\",\"breadcrumb\":{\"@id\":\"https:\\\/\\\/www.deleurope.com\\\/de\\\/hausordnung\\\/#breadcrumb\"},\"inLanguage\":\"de-DE\",\"potentialAction\":[{\"@type\":\"ReadAction\",\"target\":[\"https:\\\/\\\/www.deleurope.com\\\/de\\\/hausordnung\\\/\"]}]},{\"@type\":\"ImageObject\",\"inLanguage\":\"de-DE\",\"@id\":\"https:\\\/\\\/www.deleurope.com\\\/de\\\/hausordnung\\\/#primaryimage\",\"url\":\"https:\\\/\\\/www.deleurope.com\\\/wp-content\\\/uploads\\\/2024\\\/01\\\/De-Leurope-Exterior-official.jpg\",\"contentUrl\":\"https:\\\/\\\/www.deleurope.com\\\/wp-content\\\/uploads\\\/2024\\\/01\\\/De-Leurope-Exterior-official.jpg\",\"width\":1680,\"height\":730,\"caption\":\"Any caption you'd like\"},{\"@type\":\"BreadcrumbList\",\"@id\":\"https:\\\/\\\/www.deleurope.com\\\/de\\\/hausordnung\\\/#breadcrumb\",\"itemListElement\":[{\"@type\":\"ListItem\",\"position\":1,\"name\":\"Home\",\"item\":\"https:\\\/\\\/www.deleurope.com\\\/de\\\/\"},{\"@type\":\"ListItem\",\"position\":2,\"name\":\"Hausordnung\"}]},{\"@type\":\"WebSite\",\"@id\":\"https:\\\/\\\/www.deleurope.com\\\/de\\\/#website\",\"url\":\"https:\\\/\\\/www.deleurope.com\\\/de\\\/\",\"name\":\"De L&#039;Europe Amsterdam\",\"description\":\"Home of original Amsterdam luxury.\",\"potentialAction\":[{\"@type\":\"SearchAction\",\"target\":{\"@type\":\"EntryPoint\",\"urlTemplate\":\"https:\\\/\\\/www.deleurope.com\\\/de\\\/?s={search_term_string}\"},\"query-input\":{\"@type\":\"PropertyValueSpecification\",\"valueRequired\":true,\"valueName\":\"search_term_string\"}}],\"inLanguage\":\"de-DE\"}]}<\/script>\n<!-- \/ Yoast SEO plugin. -->","yoast_head_json":{"title":"Hausordnung & G\u00e4steinformation | De L'Europe Amsterdam","description":"\u00dcberpr\u00fcfen Sie die Hausregeln des De L'Europe Amsterdam, um eine komfortable und respektvolle Umgebung f\u00fcr alle G\u00e4ste zu gew\u00e4hrleisten und ein angenehmes Erlebnis zu f\u00f6rdern. Erfahren Sie mehr.","robots":{"index":"index","follow":"follow","max-snippet":"max-snippet:-1","max-image-preview":"max-image-preview:large","max-video-preview":"max-video-preview:-1"},"canonical":"https:\/\/www.deleurope.com\/de\/hausordnung\/","og_locale":"de_DE","og_type":"article","og_title":"Hausordnung & G\u00e4steinformation | De L'Europe Amsterdam","og_description":"\u00dcberpr\u00fcfen Sie die Hausregeln des De L'Europe Amsterdam, um eine komfortable und respektvolle Umgebung f\u00fcr alle G\u00e4ste zu gew\u00e4hrleisten und ein angenehmes Erlebnis zu f\u00f6rdern. Erfahren Sie mehr.","og_url":"https:\/\/www.deleurope.com\/de\/hausordnung\/","og_site_name":"De L&#039;Europe Amsterdam","article_modified_time":"2025-08-07T15:01:32+00:00","og_image":[{"width":1680,"height":730,"url":"https:\/\/www.deleurope.com\/wp-content\/uploads\/2024\/01\/De-Leurope-Exterior-official.jpg","type":"image\/jpeg"}],"twitter_card":"summary_large_image","twitter_misc":{"Gesch\u00e4tzte Lesezeit":"2 Minuten"},"schema":{"@context":"https:\/\/schema.org","@graph":[{"@type":"WebPage","@id":"https:\/\/www.deleurope.com\/de\/hausordnung\/","url":"https:\/\/www.deleurope.com\/de\/hausordnung\/","name":"Hausordnung & G\u00e4steinformation | De L'Europe Amsterdam","isPartOf":{"@id":"https:\/\/www.deleurope.com\/de\/#website"},"primaryImageOfPage":{"@id":"https:\/\/www.deleurope.com\/de\/hausordnung\/#primaryimage"},"image":{"@id":"https:\/\/www.deleurope.com\/de\/hausordnung\/#primaryimage"},"thumbnailUrl":"https:\/\/www.deleurope.com\/wp-content\/uploads\/2024\/01\/De-Leurope-Exterior-official.jpg","datePublished":"2024-01-17T17:27:50+00:00","dateModified":"2025-08-07T15:01:32+00:00","description":"\u00dcberpr\u00fcfen Sie die Hausregeln des De L'Europe Amsterdam, um eine komfortable und respektvolle Umgebung f\u00fcr alle G\u00e4ste zu gew\u00e4hrleisten und ein angenehmes Erlebnis zu f\u00f6rdern. Erfahren Sie mehr.","breadcrumb":{"@id":"https:\/\/www.deleurope.com\/de\/hausordnung\/#breadcrumb"},"inLanguage":"de-DE","potentialAction":[{"@type":"ReadAction","target":["https:\/\/www.deleurope.com\/de\/hausordnung\/"]}]},{"@type":"ImageObject","inLanguage":"de-DE","@id":"https:\/\/www.deleurope.com\/de\/hausordnung\/#primaryimage","url":"https:\/\/www.deleurope.com\/wp-content\/uploads\/2024\/01\/De-Leurope-Exterior-official.jpg","contentUrl":"https:\/\/www.deleurope.com\/wp-content\/uploads\/2024\/01\/De-Leurope-Exterior-official.jpg","width":1680,"height":730,"caption":"Any caption you'd like"},{"@type":"BreadcrumbList","@id":"https:\/\/www.deleurope.com\/de\/hausordnung\/#breadcrumb","itemListElement":[{"@type":"ListItem","position":1,"name":"Home","item":"https:\/\/www.deleurope.com\/de\/"},{"@type":"ListItem","position":2,"name":"Hausordnung"}]},{"@type":"WebSite","@id":"https:\/\/www.deleurope.com\/de\/#website","url":"https:\/\/www.deleurope.com\/de\/","name":"De L&#039;Europe Amsterdam","description":"Home of original Amsterdam luxury.","potentialAction":[{"@type":"SearchAction","target":{"@type":"EntryPoint","urlTemplate":"https:\/\/www.deleurope.com\/de\/?s={search_term_string}"},"query-input":{"@type":"PropertyValueSpecification","valueRequired":true,"valueName":"search_term_string"}}],"inLanguage":"de-DE"}]}},"featured_image_src":"https:\/\/www.deleurope.com\/wp-content\/uploads\/2024\/01\/De-Leurope-Exterior-official-600x400.jpg","featured_image_src_square":"https:\/\/www.deleurope.com\/wp-content\/uploads\/2024\/01\/De-Leurope-Exterior-official-600x600.jpg","_links":{"self":[{"href":"https:\/\/www.deleurope.com\/de\/wp-json\/wp\/v2\/pages\/3483","targetHints":{"allow":["GET"]}}],"collection":[{"href":"https:\/\/www.deleurope.com\/de\/wp-json\/wp\/v2\/pages"}],"about":[{"href":"https:\/\/www.deleurope.com\/de\/wp-json\/wp\/v2\/types\/page"}],"author":[{"embeddable":true,"href":"https:\/\/www.deleurope.com\/de\/wp-json\/wp\/v2\/users\/17"}],"replies":[{"embeddable":true,"href":"https:\/\/www.deleurope.com\/de\/wp-json\/wp\/v2\/comments?post=3483"}],"version-history":[{"count":0,"href":"https:\/\/www.deleurope.com\/de\/wp-json\/wp\/v2\/pages\/3483\/revisions"}],"wp:featuredmedia":[{"embeddable":true,"href":"https:\/\/www.deleurope.com\/de\/wp-json\/wp\/v2\/media\/3391"}],"wp:attachment":[{"href":"https:\/\/www.deleurope.com\/de\/wp-json\/wp\/v2\/media?parent=3483"}],"curies":[{"name":"wp","href":"https:\/\/api.w.org\/{rel}","templated":true}]}}