{"id":3484,"date":"2024-01-16T14:26:51","date_gmt":"2024-01-16T14:26:51","guid":{"rendered":"https:\/\/www.deleurope.com\/angebote\/bestpreis-garantie\/"},"modified":"2025-12-29T14:00:19","modified_gmt":"2025-12-29T14:00:19","slug":"bestpreisgarantie","status":"publish","type":"page","link":"https:\/\/www.deleurope.com\/de\/angebote\/bestpreisgarantie\/","title":{"rendered":"Bestpreis-Garantie"},"content":{"rendered":"\n<div class=\"wp-block-columns margin-bottom-none is-layout-flex wp-container-core-columns-is-layout-9d6595d7 wp-block-columns-is-layout-flex\">\n<div class=\"wp-block-column two-texts-intro with-cta is-layout-flow wp-block-column-is-layout-flow\">\n<h2 class=\"wp-block-heading has-text-align-center rooms-description-white-box two-texts-bigger header-bigger with-cta has-extra-large-font-size\">SICH DEN BESTEN TARIF SICHERN<\/h2>\n\n\n\n<p class=\"has-text-align-center two-texts-smaller\">Buchen Sie Ihren Aufenthalt online mit unseren garantiert niedrigsten Preisen. Unsere Best-Rate-Garantie gew\u00e4hrleistet, dass Sie die g\u00fcnstigsten Preise erhalten, wenn Sie ein Zimmer \u00fcber unsere Website reservieren. Wenn Sie vor oder innerhalb von 24 Stunden nach der Buchung einen niedrigeren ver\u00f6ffentlichten Tarif entdecken, teilen Sie uns dies mit, und wir werden den Preis anpassen.<\/p>\n\n\n\n<div class=\"wp-block-buttons is-content-justification-center is-layout-flex wp-container-core-buttons-is-layout-16018d1d wp-block-buttons-is-layout-flex\">\n<div class=\"wp-block-button is-style-outline book-now is-style-outline--1\"><a class=\"wp-block-button__link has-central-palette-7-color has-central-palette-1-background-color has-text-color has-background has-text-align-center wp-element-button\" style=\"border-radius:0px;text-transform:uppercase\">Book now<\/a><\/div>\n<\/div>\n<\/div>\n<\/div>\n\n<div class=\"wp-block-columns columns_slider_text wrap-2-columns eat-and-drink-cards  top-border is-layout-flex wp-container-core-columns-is-layout-9d6595d7 wp-block-columns-is-layout-flex\" id=\"procedure\">\n<div class=\"wp-block-column slider-wrap is-layout-flow wp-block-column-is-layout-flow\" style=\"flex-basis:50%\">\n<figure class=\"wp-block-image size-full\"><img loading=\"lazy\" decoding=\"async\" width=\"1677\" height=\"834\" src=\"https:\/\/deleurope.com\/wp-content\/uploads\/2024\/01\/Prestige-Suite-De-LEurope-Amsterdam-7.jpg\" alt=\"Prestige-Suite - De L'Europe Amsterdam\" class=\"wp-image-1687\" style=\"aspect-ratio:4\/3;object-fit:cover\" srcset=\"https:\/\/www.deleurope.com\/wp-content\/uploads\/2024\/01\/Prestige-Suite-De-LEurope-Amsterdam-7.jpg 1677w, https:\/\/www.deleurope.com\/wp-content\/uploads\/2024\/01\/Prestige-Suite-De-LEurope-Amsterdam-7-768x382.jpg 768w, https:\/\/www.deleurope.com\/wp-content\/uploads\/2024\/01\/Prestige-Suite-De-LEurope-Amsterdam-7-1536x764.jpg 1536w\" sizes=\"auto, (max-width: 1677px) 100vw, 1677px\" \/><\/figure>\n<\/div>\n\n\n\n<div class=\"wp-block-column is-vertically-aligned-center middle-align is-layout-flow wp-block-column-is-layout-flow\" style=\"flex-basis:50%\">\n<h2 class=\"wp-block-heading has-text-align-center has-extra-large-font-size\" style=\"text-transform:capitalize\">Verfahren<\/h2>\n\n\n\n<div class=\"wp-block-group\"><div class=\"wp-block-group__inner-container is-layout-constrained wp-block-group-is-layout-constrained\">\n<p class=\"has-text-align-center\">Reservieren Sie Ihr Zimmer oder Ihre Suite auf unserer Website.<\/p>\n\n\n\n<p class=\"has-text-align-center\">Wenn Sie innerhalb von 24 Stunden nach Ihrer Reservierung einen niedrigeren, \u00f6ffentlich verf\u00fcgbaren Preis f\u00fcr dasselbe Zimmer, dieselben Daten und dieselben Buchungsbedingungen finden, wenden Sie sich einfach an unser Reservierungsteam, und wir werden Ihren Preis gerne anpassen. <br\/><br\/><strong>Bitte geben Sie an:<\/strong><strong> <br\/> &#8211; Ihre urspr\u00fcngliche Best\u00e4tigungsnummer<\/strong><br\/>&#8211; Die Website, auf der Sie den niedrigeren Preis gefunden haben<br\/>&#8211; Einen Screenshot der endg\u00fcltigen Buchungsseite, aus dem der Preis und die Bedingungen klar hervorgehen<\/p>\n\n\n\n<p class=\"has-text-align-center\">Als gesch\u00e4tztes <strong>Leaders Club-Mitglied<\/strong> erhalten Sie au\u00dferdem eine <strong>exklusive Ersparnis von 10%<\/strong> auf Ihren Aufenthalt, wenn Sie direkt buchen.<\/p>\n\n\n\n<div class=\"wp-block-buttons is-horizontal is-content-justification-center is-layout-flex wp-container-core-buttons-is-layout-499968f5 wp-block-buttons-is-layout-flex\">\n<div class=\"wp-block-button is-style-outline is-style-outline--2\"><a class=\"wp-block-button__link has-central-palette-1-color has-text-color has-text-align-center wp-element-button\" href=\"#enquire\" style=\"border-radius:0px;text-transform:uppercase\">RATE MATCH anfordern<\/a><\/div>\n<\/div>\n<\/div><\/div>\n<\/div>\n<\/div>\n\n<div class=\"wp-block-columns special-request contact-form is-layout-flex wp-container-core-columns-is-layout-9d6595d7 wp-block-columns-is-layout-flex\" id=\"enquire\">\n<div class=\"wp-block-column has-central-palette-11-background-color has-background is-layout-flow wp-block-column-is-layout-flow\">\n<h2 class=\"wp-block-heading has-text-align-center has-extra-large-font-size\">Erkundigen Sie sich unter<\/h2>\n\n\n\n<div class=\"wp-block-contact-form-7-contact-form-selector\">\n<div class=\"wpcf7 no-js\" id=\"wpcf7-f9407-o1\" lang=\"de-DE\" dir=\"ltr\" data-wpcf7-id=\"9407\">\n<div class=\"screen-reader-response\"><p role=\"status\" aria-live=\"polite\" aria-atomic=\"true\"><\/p> <ul><\/ul><\/div>\n<form action=\"\/de\/wp-json\/wp\/v2\/pages\/3484#wpcf7-f9407-o1\" method=\"post\" class=\"wpcf7-form init\" aria-label=\"Kontaktformular\" novalidate=\"novalidate\" data-status=\"init\">\n<fieldset class=\"hidden-fields-container\"><input type=\"hidden\" name=\"_wpcf7\" value=\"9407\" \/><input type=\"hidden\" name=\"_wpcf7_version\" value=\"6.1.5\" \/><input type=\"hidden\" name=\"_wpcf7_locale\" value=\"de_DE\" \/><input type=\"hidden\" name=\"_wpcf7_unit_tag\" value=\"wpcf7-f9407-o1\" \/><input type=\"hidden\" name=\"_wpcf7_container_post\" value=\"0\" \/><input type=\"hidden\" name=\"_wpcf7_posted_data_hash\" value=\"\" \/>\n<\/fieldset>\n<p><span class=\"wpcf7-form-control-wrap\" data-name=\"firstname\"><input size=\"40\" maxlength=\"400\" class=\"wpcf7-form-control wpcf7-text wpcf7-validates-as-required half\" aria-required=\"true\" aria-invalid=\"false\" placeholder=\"Vorname*\" value=\"\" type=\"text\" name=\"firstname\" \/><\/span><br \/>\n<span class=\"wpcf7-form-control-wrap\" data-name=\"lastname\"><input size=\"40\" maxlength=\"400\" class=\"wpcf7-form-control wpcf7-text wpcf7-validates-as-required half\" aria-required=\"true\" aria-invalid=\"false\" placeholder=\"Nachname*\" value=\"\" type=\"text\" name=\"lastname\" \/><\/span><br \/>\n<span class=\"wpcf7-form-control-wrap\" data-name=\"email\"><input size=\"40\" maxlength=\"400\" class=\"wpcf7-form-control wpcf7-email wpcf7-validates-as-required wpcf7-text wpcf7-validates-as-email half\" aria-required=\"true\" aria-invalid=\"false\" placeholder=\"Email*\" value=\"\" type=\"email\" name=\"email\" \/><\/span><br \/>\n<span class=\"wpcf7-form-control-wrap\" data-name=\"telephone\"><input size=\"40\" maxlength=\"400\" class=\"wpcf7-form-control wpcf7-tel wpcf7-validates-as-required wpcf7-text wpcf7-validates-as-tel half\" aria-required=\"true\" aria-invalid=\"false\" placeholder=\"Telefon*\" value=\"\" type=\"tel\" name=\"telephone\" \/><\/span><br \/>\n<span class=\"wpcf7-form-control-wrap\" data-name=\"country\"><input size=\"40\" maxlength=\"400\" class=\"wpcf7-form-control wpcf7-text half\" aria-invalid=\"false\" placeholder=\"Land\" value=\"\" type=\"text\" name=\"country\" \/><\/span><br \/>\n<span class=\"wpcf7-form-control-wrap\" data-name=\"hearfromus\"><select class=\"wpcf7-form-control wpcf7-select wpcf7-validates-as-required half\" aria-required=\"true\" aria-invalid=\"false\" name=\"hearfromus\"><option value=\"Art der Anfrage?*\">Art der Anfrage?*<\/option><option value=\"Reservierungen\">Reservierungen<\/option><option value=\"Informationen\">Informationen<\/option><option value=\"Concierge\">Concierge<\/option><option value=\"Spa &amp; Wellness\">Spa &amp; Wellness<\/option><option value=\"Concept Store IN-HUYS\">Concept Store IN-HUYS<\/option><option value=\"Sonstiges\">Sonstiges<\/option><\/select><\/span><br \/>\n<span class=\"wpcf7-form-control-wrap\" data-name=\"textarea-723\"><textarea cols=\"40\" rows=\"10\" maxlength=\"2000\" class=\"wpcf7-form-control wpcf7-textarea full\" aria-invalid=\"false\" placeholder=\"Nachricht\" name=\"textarea-723\"><\/textarea><\/span>\n<\/p>\n<p class=\"privacy-contact\">Diese Seite ist durch reCAPTCHA gesch\u00fctzt und es gelten die Google <a href=\"\/privacy-policy-2\/\">PRIVACY POLICY<\/a> und <a href=\"\/terms-conditions\/\">TERMS OF SERVICE<\/a>.\n<\/p>\n<p><br \/>\n<input class=\"wpcf7-form-control wpcf7-submit has-spinner\" type=\"submit\" value=\"Anfrage senden\" \/>\n<\/p><noscript>\n\t\t\t<div class=\"wpcf7-response-output wpcf7-spam-blocked\">Your browser does not support JavaScript!. Please enable javascript in your browser in order to get form work properly.<\/div>\n\t<\/noscript><script type='text\/javascript'>\n\n\t\t\t\t\t\tif(contactform === undefined){\n\t\t\t\t\t\t\tvar contactform = [];\n\t\t\t\t\t\t}\n\t\t\t\t\t\tvar innerVal = [9407,'mail_sent_ok','Vielen Dank f&uuml;r Ihre Nachricht. Sie wurde abgeschickt.'];\n\t\t\t\t\t\tcontactform.push(innerVal);\n\t\t\t\t\t\tvar innerVal = [9407,'mail_sent_ng','Es ist ein Fehler beim Senden Ihrer Nachricht aufgetreten. Bitte versuchen Sie es sp&auml;ter noch einmal.'];\n\t\t\t\t\t\tcontactform.push(innerVal);\n\t\t\t\t\t\tvar innerVal = [9407,'validation_error','Ein oder mehrere Felder weisen einen Fehler auf. Bitte &uuml;berpr&uuml;fen Sie das und versuchen Sie es erneut.'];\n\t\t\t\t\t\tcontactform.push(innerVal);\n\t\t\t\t\t\tvar innerVal = [9407,'spam','Es ist ein Fehler beim Senden Ihrer Nachricht aufgetreten. Bitte versuchen Sie es sp&auml;ter noch einmal.'];\n\t\t\t\t\t\tcontactform.push(innerVal);\n\t\t\t\t\t\tvar innerVal = [9407,'accept_terms','Sie m&uuml;ssen die Bedingungen und Konditionen akzeptieren, bevor Sie Ihre Nachricht senden k&ouml;nnen.'];\n\t\t\t\t\t\tcontactform.push(innerVal);\n\t\t\t\t\t\tvar innerVal = [9407,'invalid_required','Bitte f&uuml;llen Sie dieses Feld aus.'];\n\t\t\t\t\t\tcontactform.push(innerVal);\n\t\t\t\t\t\tvar innerVal = [9407,'invalid_too_long','Dieses Feld hat eine zu lange Eingabe.'];\n\t\t\t\t\t\tcontactform.push(innerVal);\n\t\t\t\t\t\tvar innerVal = [9407,'invalid_too_short','Dieses Feld hat eine zu kurze Eingabe.'];\n\t\t\t\t\t\tcontactform.push(innerVal);\n\t\t\t\t\t\tvar innerVal = [9407,'upload_failed','Es ist ein unbekannter Fehler beim Hochladen der Datei aufgetreten.'];\n\t\t\t\t\t\tcontactform.push(innerVal);\n\t\t\t\t\t\tvar innerVal = [9407,'upload_file_type_invalid','Es ist nicht erlaubt, Dateien dieses Typs hochzuladen.'];\n\t\t\t\t\t\tcontactform.push(innerVal);\n\t\t\t\t\t\tvar innerVal = [9407,'upload_file_too_large','Die hochgeladene Datei ist zu gro&szlig;.'];\n\t\t\t\t\t\tcontactform.push(innerVal);\n\t\t\t\t\t\tvar innerVal = [9407,'upload_failed_php_error','Beim Hochladen der Datei ist ein Fehler aufgetreten.'];\n\t\t\t\t\t\tcontactform.push(innerVal);\n\t\t\t\t\t\tvar innerVal = [9407,'invalid_date','Bitte geben Sie ein Datum im Format JJJJ-MM-TT ein.'];\n\t\t\t\t\t\tcontactform.push(innerVal);\n\t\t\t\t\t\tvar innerVal = [9407,'date_too_early','Dieses Feld hat ein zu fr&uuml;hes Datum.'];\n\t\t\t\t\t\tcontactform.push(innerVal);\n\t\t\t\t\t\tvar innerVal = [9407,'date_too_late','Dieses Feld hat ein zu sp&auml;tes Datum.'];\n\t\t\t\t\t\tcontactform.push(innerVal);\n\t\t\t\t\t\tvar innerVal = [9407,'invalid_number','Bitte geben Sie eine Nummer ein.'];\n\t\t\t\t\t\tcontactform.push(innerVal);\n\t\t\t\t\t\tvar innerVal = [9407,'number_too_small','Dieses Feld hat eine zu kleine Zahl.'];\n\t\t\t\t\t\tcontactform.push(innerVal);\n\t\t\t\t\t\tvar innerVal = [9407,'number_too_large','Dieses Feld hat eine zu gro&szlig;e Zahl.'];\n\t\t\t\t\t\tcontactform.push(innerVal);\n\t\t\t\t\t\tvar innerVal = [9407,'quiz_answer_not_correct','Die Antwort auf das Quiz ist falsch.'];\n\t\t\t\t\t\tcontactform.push(innerVal);\n\t\t\t\t\t\tvar innerVal = [9407,'invalid_email','Bitte geben Sie eine E-Mail Adresse ein.'];\n\t\t\t\t\t\tcontactform.push(innerVal);\n\t\t\t\t\t\tvar innerVal = [9407,'invalid_url','Bitte geben Sie eine URL ein.'];\n\t\t\t\t\t\tcontactform.push(innerVal);\n\t\t\t\t\t\tvar innerVal = [9407,'invalid_tel','Bitte geben Sie eine Telefonnummer ein.'];\n\t\t\t\t\t\tcontactform.push(innerVal);\n\t\t\t\t\t\tvar innerVal = [9407,'gdpr',''];\n\t\t\t\t\t\tcontactform.push(innerVal);\n\t\t\t\t\t\t<\/script><div class=\"wpcf7-response-output\" aria-hidden=\"true\"><\/div>\n<\/form>\n<\/div>\n<\/div>\n<\/div>\n<\/div>\n\n<div class=\"wp-block-columns margin-bottom-none is-layout-flex wp-container-core-columns-is-layout-9d6595d7 wp-block-columns-is-layout-flex\" id=\"terms\">\n<div class=\"wp-block-column two-texts-intro is-layout-flow wp-block-column-is-layout-flow\">\n<div class=\"wp-block-columns special-request is-layout-flex wp-container-core-columns-is-layout-9d6595d7 wp-block-columns-is-layout-flex\">\n<div class=\"wp-block-column has-central-palette-11-background-color has-background is-layout-flow wp-block-column-is-layout-flow\">\n<h2 class=\"wp-block-heading has-text-align-center has-extra-large-font-size\">Bedingungen und Konditionen<\/h2>\n\n\n\n<p class=\"has-text-align-center\">Sollten Sie innerhalb von 24 Stunden nach der Buchung woanders einen g\u00fcnstigeren Tarif finden, informieren Sie uns einfach, und wir passen uns gerne an. Um teilnahmeberechtigt zu sein: <\/p>\n\n\n\n<p class=\"has-text-align-center\">&#8211; Der niedrigere Tarif muss \u00f6ffentlich zug\u00e4nglich und frei von Einschr\u00e4nkungen sein<br\/>&#8211; Er muss Ihre urspr\u00fcnglichen Buchungsdetails widerspiegeln (Zimmertyp, Aufenthaltsdaten, Anzahl der G\u00e4ste und Bedingungen)<br\/>&#8211; Vergleiche werden vor Steuern und Geb\u00fchren durchgef\u00fchrt<br\/>&#8211; Anspr\u00fcche m\u00fcssen innerhalb von 24 Stunden nach Ihrer urspr\u00fcnglichen Buchung eingereicht werden<\/p>\n<\/div>\n<\/div>\n<\/div>\n<\/div>\n","protected":false},"excerpt":{"rendered":"<p>SICH DEN BESTEN TARIF SICHERN Buchen Sie Ihren Aufenthalt online mit unseren garantiert niedrigsten Preisen. Unsere Best-Rate-Garantie gew\u00e4hrleistet, dass Sie die g\u00fcnstigsten Preise erhalten, wenn Sie ein Zimmer \u00fcber unsere Website reservieren. Wenn Sie vor oder innerhalb von 24 Stunden nach der Buchung einen niedrigeren ver\u00f6ffentlichten Tarif entdecken, teilen Sie uns dies mit, und wir [&hellip;]<\/p>\n","protected":false},"author":17,"featured_media":3028,"parent":3026,"menu_order":4,"comment_status":"closed","ping_status":"closed","template":"","meta":{"_acf_changed":false,"footnotes":""},"class_list":["post-3484","page","type-page","status-publish","has-post-thumbnail","hentry"],"acf":[],"yoast_head":"<!-- This site is optimized with the Yoast SEO plugin v27.3 - https:\/\/yoast.com\/product\/yoast-seo-wordpress\/ -->\n<title>Garantiert beste Hotelzimmerpreise | De L&#039;Europe Amsterdam<\/title>\n<meta name=\"description\" content=\"Buchen Sie direkt auf der Website von De L&#039;Europe Amsterdam, um sich den garantiert besten Preis f\u00fcr Ihren luxuri\u00f6sen Aufenthalt zu sichern. Buchen Sie jetzt Ihren Aufenthalt.\" \/>\n<meta name=\"robots\" content=\"index, follow, max-snippet:-1, max-image-preview:large, max-video-preview:-1\" \/>\n<link rel=\"canonical\" href=\"https:\/\/www.deleurope.com\/de\/angebote\/bestpreisgarantie\/\" \/>\n<meta property=\"og:locale\" content=\"de_DE\" \/>\n<meta property=\"og:type\" content=\"article\" \/>\n<meta property=\"og:title\" content=\"Garantiert beste Hotelzimmerpreise | De L&#039;Europe Amsterdam\" \/>\n<meta property=\"og:description\" content=\"Buchen Sie direkt auf der Website von De L&#039;Europe Amsterdam, um sich den garantiert besten Preis f\u00fcr Ihren luxuri\u00f6sen Aufenthalt zu sichern. Buchen Sie jetzt Ihren Aufenthalt.\" \/>\n<meta property=\"og:url\" content=\"https:\/\/www.deleurope.com\/de\/angebote\/bestpreisgarantie\/\" \/>\n<meta property=\"og:site_name\" content=\"De L&#039;Europe Amsterdam\" \/>\n<meta property=\"article:modified_time\" content=\"2025-12-29T14:00:19+00:00\" \/>\n<meta property=\"og:image\" content=\"https:\/\/www.deleurope.com\/wp-content\/uploads\/2024\/01\/Best-Rate-De-Leurope-Hotel.jpg\" \/>\n\t<meta property=\"og:image:width\" content=\"1680\" \/>\n\t<meta property=\"og:image:height\" content=\"730\" \/>\n\t<meta property=\"og:image:type\" content=\"image\/jpeg\" \/>\n<meta name=\"twitter:card\" content=\"summary_large_image\" \/>\n<meta name=\"twitter:label1\" content=\"Gesch\u00e4tzte Lesezeit\" \/>\n\t<meta name=\"twitter:data1\" content=\"1 Minute\" \/>\n<script type=\"application\/ld+json\" class=\"yoast-schema-graph\">{\"@context\":\"https:\\\/\\\/schema.org\",\"@graph\":[{\"@type\":\"WebPage\",\"@id\":\"https:\\\/\\\/www.deleurope.com\\\/de\\\/angebote\\\/bestpreisgarantie\\\/\",\"url\":\"https:\\\/\\\/www.deleurope.com\\\/de\\\/angebote\\\/bestpreisgarantie\\\/\",\"name\":\"Garantiert beste Hotelzimmerpreise | De L'Europe Amsterdam\",\"isPartOf\":{\"@id\":\"https:\\\/\\\/www.deleurope.com\\\/de\\\/#website\"},\"primaryImageOfPage\":{\"@id\":\"https:\\\/\\\/www.deleurope.com\\\/de\\\/angebote\\\/bestpreisgarantie\\\/#primaryimage\"},\"image\":{\"@id\":\"https:\\\/\\\/www.deleurope.com\\\/de\\\/angebote\\\/bestpreisgarantie\\\/#primaryimage\"},\"thumbnailUrl\":\"https:\\\/\\\/www.deleurope.com\\\/wp-content\\\/uploads\\\/2024\\\/01\\\/Best-Rate-De-Leurope-Hotel.jpg\",\"datePublished\":\"2024-01-16T14:26:51+00:00\",\"dateModified\":\"2025-12-29T14:00:19+00:00\",\"description\":\"Buchen Sie direkt auf der Website von De L'Europe Amsterdam, um sich den garantiert besten Preis f\u00fcr Ihren luxuri\u00f6sen Aufenthalt zu sichern. Buchen Sie jetzt Ihren Aufenthalt.\",\"breadcrumb\":{\"@id\":\"https:\\\/\\\/www.deleurope.com\\\/de\\\/angebote\\\/bestpreisgarantie\\\/#breadcrumb\"},\"inLanguage\":\"de-DE\",\"potentialAction\":[{\"@type\":\"ReadAction\",\"target\":[\"https:\\\/\\\/www.deleurope.com\\\/de\\\/angebote\\\/bestpreisgarantie\\\/\"]}]},{\"@type\":\"ImageObject\",\"inLanguage\":\"de-DE\",\"@id\":\"https:\\\/\\\/www.deleurope.com\\\/de\\\/angebote\\\/bestpreisgarantie\\\/#primaryimage\",\"url\":\"https:\\\/\\\/www.deleurope.com\\\/wp-content\\\/uploads\\\/2024\\\/01\\\/Best-Rate-De-Leurope-Hotel.jpg\",\"contentUrl\":\"https:\\\/\\\/www.deleurope.com\\\/wp-content\\\/uploads\\\/2024\\\/01\\\/Best-Rate-De-Leurope-Hotel.jpg\",\"width\":1680,\"height\":730},{\"@type\":\"BreadcrumbList\",\"@id\":\"https:\\\/\\\/www.deleurope.com\\\/de\\\/angebote\\\/bestpreisgarantie\\\/#breadcrumb\",\"itemListElement\":[{\"@type\":\"ListItem\",\"position\":1,\"name\":\"Home\",\"item\":\"https:\\\/\\\/www.deleurope.com\\\/de\\\/\"},{\"@type\":\"ListItem\",\"position\":2,\"name\":\"Angebote\",\"item\":\"https:\\\/\\\/www.deleurope.com\\\/de\\\/angebote\\\/\"},{\"@type\":\"ListItem\",\"position\":3,\"name\":\"Bestpreis-Garantie\"}]},{\"@type\":\"WebSite\",\"@id\":\"https:\\\/\\\/www.deleurope.com\\\/de\\\/#website\",\"url\":\"https:\\\/\\\/www.deleurope.com\\\/de\\\/\",\"name\":\"De L&#039;Europe Amsterdam\",\"description\":\"Home of original Amsterdam luxury.\",\"potentialAction\":[{\"@type\":\"SearchAction\",\"target\":{\"@type\":\"EntryPoint\",\"urlTemplate\":\"https:\\\/\\\/www.deleurope.com\\\/de\\\/?s={search_term_string}\"},\"query-input\":{\"@type\":\"PropertyValueSpecification\",\"valueRequired\":true,\"valueName\":\"search_term_string\"}}],\"inLanguage\":\"de-DE\"}]}<\/script>\n<!-- \/ Yoast SEO plugin. -->","yoast_head_json":{"title":"Garantiert beste Hotelzimmerpreise | De L'Europe Amsterdam","description":"Buchen Sie direkt auf der Website von De L'Europe Amsterdam, um sich den garantiert besten Preis f\u00fcr Ihren luxuri\u00f6sen Aufenthalt zu sichern. Buchen Sie jetzt Ihren Aufenthalt.","robots":{"index":"index","follow":"follow","max-snippet":"max-snippet:-1","max-image-preview":"max-image-preview:large","max-video-preview":"max-video-preview:-1"},"canonical":"https:\/\/www.deleurope.com\/de\/angebote\/bestpreisgarantie\/","og_locale":"de_DE","og_type":"article","og_title":"Garantiert beste Hotelzimmerpreise | De L'Europe Amsterdam","og_description":"Buchen Sie direkt auf der Website von De L'Europe Amsterdam, um sich den garantiert besten Preis f\u00fcr Ihren luxuri\u00f6sen Aufenthalt zu sichern. Buchen Sie jetzt Ihren Aufenthalt.","og_url":"https:\/\/www.deleurope.com\/de\/angebote\/bestpreisgarantie\/","og_site_name":"De L&#039;Europe Amsterdam","article_modified_time":"2025-12-29T14:00:19+00:00","og_image":[{"width":1680,"height":730,"url":"https:\/\/www.deleurope.com\/wp-content\/uploads\/2024\/01\/Best-Rate-De-Leurope-Hotel.jpg","type":"image\/jpeg"}],"twitter_card":"summary_large_image","twitter_misc":{"Gesch\u00e4tzte Lesezeit":"1 Minute"},"schema":{"@context":"https:\/\/schema.org","@graph":[{"@type":"WebPage","@id":"https:\/\/www.deleurope.com\/de\/angebote\/bestpreisgarantie\/","url":"https:\/\/www.deleurope.com\/de\/angebote\/bestpreisgarantie\/","name":"Garantiert beste Hotelzimmerpreise | De L'Europe Amsterdam","isPartOf":{"@id":"https:\/\/www.deleurope.com\/de\/#website"},"primaryImageOfPage":{"@id":"https:\/\/www.deleurope.com\/de\/angebote\/bestpreisgarantie\/#primaryimage"},"image":{"@id":"https:\/\/www.deleurope.com\/de\/angebote\/bestpreisgarantie\/#primaryimage"},"thumbnailUrl":"https:\/\/www.deleurope.com\/wp-content\/uploads\/2024\/01\/Best-Rate-De-Leurope-Hotel.jpg","datePublished":"2024-01-16T14:26:51+00:00","dateModified":"2025-12-29T14:00:19+00:00","description":"Buchen Sie direkt auf der Website von De L'Europe Amsterdam, um sich den garantiert besten Preis f\u00fcr Ihren luxuri\u00f6sen Aufenthalt zu sichern. Buchen Sie jetzt Ihren Aufenthalt.","breadcrumb":{"@id":"https:\/\/www.deleurope.com\/de\/angebote\/bestpreisgarantie\/#breadcrumb"},"inLanguage":"de-DE","potentialAction":[{"@type":"ReadAction","target":["https:\/\/www.deleurope.com\/de\/angebote\/bestpreisgarantie\/"]}]},{"@type":"ImageObject","inLanguage":"de-DE","@id":"https:\/\/www.deleurope.com\/de\/angebote\/bestpreisgarantie\/#primaryimage","url":"https:\/\/www.deleurope.com\/wp-content\/uploads\/2024\/01\/Best-Rate-De-Leurope-Hotel.jpg","contentUrl":"https:\/\/www.deleurope.com\/wp-content\/uploads\/2024\/01\/Best-Rate-De-Leurope-Hotel.jpg","width":1680,"height":730},{"@type":"BreadcrumbList","@id":"https:\/\/www.deleurope.com\/de\/angebote\/bestpreisgarantie\/#breadcrumb","itemListElement":[{"@type":"ListItem","position":1,"name":"Home","item":"https:\/\/www.deleurope.com\/de\/"},{"@type":"ListItem","position":2,"name":"Angebote","item":"https:\/\/www.deleurope.com\/de\/angebote\/"},{"@type":"ListItem","position":3,"name":"Bestpreis-Garantie"}]},{"@type":"WebSite","@id":"https:\/\/www.deleurope.com\/de\/#website","url":"https:\/\/www.deleurope.com\/de\/","name":"De L&#039;Europe Amsterdam","description":"Home of original Amsterdam luxury.","potentialAction":[{"@type":"SearchAction","target":{"@type":"EntryPoint","urlTemplate":"https:\/\/www.deleurope.com\/de\/?s={search_term_string}"},"query-input":{"@type":"PropertyValueSpecification","valueRequired":true,"valueName":"search_term_string"}}],"inLanguage":"de-DE"}]}},"featured_image_src":"https:\/\/www.deleurope.com\/wp-content\/uploads\/2024\/01\/Best-Rate-De-Leurope-Hotel-600x400.jpg","featured_image_src_square":"https:\/\/www.deleurope.com\/wp-content\/uploads\/2024\/01\/Best-Rate-De-Leurope-Hotel-600x600.jpg","_links":{"self":[{"href":"https:\/\/www.deleurope.com\/de\/wp-json\/wp\/v2\/pages\/3484","targetHints":{"allow":["GET"]}}],"collection":[{"href":"https:\/\/www.deleurope.com\/de\/wp-json\/wp\/v2\/pages"}],"about":[{"href":"https:\/\/www.deleurope.com\/de\/wp-json\/wp\/v2\/types\/page"}],"author":[{"embeddable":true,"href":"https:\/\/www.deleurope.com\/de\/wp-json\/wp\/v2\/users\/17"}],"replies":[{"embeddable":true,"href":"https:\/\/www.deleurope.com\/de\/wp-json\/wp\/v2\/comments?post=3484"}],"version-history":[{"count":0,"href":"https:\/\/www.deleurope.com\/de\/wp-json\/wp\/v2\/pages\/3484\/revisions"}],"up":[{"embeddable":true,"href":"https:\/\/www.deleurope.com\/de\/wp-json\/wp\/v2\/pages\/3026"}],"wp:featuredmedia":[{"embeddable":true,"href":"https:\/\/www.deleurope.com\/de\/wp-json\/wp\/v2\/media\/3028"}],"wp:attachment":[{"href":"https:\/\/www.deleurope.com\/de\/wp-json\/wp\/v2\/media?parent=3484"}],"curies":[{"name":"wp","href":"https:\/\/api.w.org\/{rel}","templated":true}]}}