{"id":3486,"date":"2023-11-27T13:55:36","date_gmt":"2023-11-27T13:55:36","guid":{"rendered":"https:\/\/www.deleurope.com\/presse\/"},"modified":"2026-02-10T11:49:43","modified_gmt":"2026-02-10T11:49:43","slug":"presse","status":"publish","type":"page","link":"https:\/\/www.deleurope.com\/de\/presse\/","title":{"rendered":"Presse"},"content":{"rendered":"\n<div class=\"wp-block-columns margin-bottom-none is-layout-flex wp-container-core-columns-is-layout-9d6595d7 wp-block-columns-is-layout-flex\">\n<div class=\"wp-block-column two-texts-intro with-cta is-layout-flow wp-block-column-is-layout-flow\">\n<h2 class=\"wp-block-heading has-text-align-center rooms-description-white-box two-texts-bigger header-bigger with-cta has-extra-large-font-size\">DISCOVER DE L&#8217;EUROPE<\/h2>\n\n\n\n<p class=\"has-text-align-center two-texts-smaller\">Willkommen beim Herzschlag unserer Reise, wo jeder Meilenstein ein Kapitel in unserer Geschichte ist. <br\/>Entdecken Sie die neueste Presseberichterstattung und erfahren Sie, wie wir die Geschichte pr\u00e4gen und Wellen in unserer Branche schlagen.<br\/>F\u00fcr Medienanfragen oder spezielle W\u00fcnsche k\u00f6nnen Sie uns gerne kontaktieren &#8211; wir sind hier, um die Geschichten unserer zeitlosen Eleganz f\u00fcr Sie zum Leben zu erwecken.<\/p>\n\n\n\n<div class=\"wp-block-buttons is-content-justification-center is-layout-flex wp-container-core-buttons-is-layout-16018d1d wp-block-buttons-is-layout-flex\">\n<div class=\"wp-block-button is-style-outline book-now is-style-outline--1\"><a class=\"wp-block-button__link has-central-palette-7-color has-central-palette-1-background-color has-text-color has-background has-text-align-center wp-element-button\" href=\"mailto:pr@deleurope.com\" style=\"border-radius:0px;text-transform:uppercase\">Erreichen Sie uns<\/a><\/div>\n<\/div>\n<\/div>\n<\/div>\n\n<div class=\"wp-block-columns text-on-left wrap-2-columns eat-and-drink-cards top-border is-layout-flex wp-container-core-columns-is-layout-9d6595d7 wp-block-columns-is-layout-flex\" id=\"graziella\">\n<div class=\"wp-block-column is-vertically-aligned-center middle-align is-layout-flow wp-block-column-is-layout-flow\" style=\"flex-basis:50%\">\n<h2 class=\"wp-block-heading has-text-align-center has-extra-large-font-size\" style=\"text-transform:capitalize\">Unsere Geschichte<\/h2>\n\n\n\n<div class=\"wp-block-group\"><div class=\"wp-block-group__inner-container is-layout-constrained wp-block-group-is-layout-constrained\">\n<p class=\"has-text-align-center\">Die Geschichte von De L&#8217;Europe Amsterdam liest sich wie Ihr Lieblingsbuch. Diese monumentale Einrichtung hat ihre Wurzeln mit der Gr\u00fcndung der Stadt verwoben. Das De L&#8217;Europe ist als eines der \u00e4ltesten Hotels in Familienbesitz im Herzen Amsterdams bekannt. Alle ber\u00fchmten kulturellen Sehensw\u00fcrdigkeiten sind nur einen Katzensprung entfernt, so dass es sich perfekt f\u00fcr die Heimkehr nach einem Tag voller Entdeckungen eignet. Neben der luxuri\u00f6sen Wohlf\u00fchloase beherbergt es auch ein hochmodernes Wellness-Center, ein Fitnessstudio, den Concept Store IN-HUYS und ein umfangreiches kulinarisches Angebot. Das mit zwei MICHELIN-Sternen ausgezeichnete Fine-Dining-Restaurant Flore, die klassische franz\u00f6sische Brasserie Marie, die authentische italienische Trattoria Graziella, die Speakeasy-Bar Chapter 1896 und die kultige Freddy&#8217;s Bar befinden sich alle unter einem Dach.<\/p>\n\n\n\n<div class=\"wp-block-buttons is-horizontal is-content-justification-center is-layout-flex wp-container-core-buttons-is-layout-499968f5 wp-block-buttons-is-layout-flex\">\n<div class=\"wp-block-button is-style-outline is-style-outline--2\"><a class=\"wp-block-button__link has-central-palette-1-color has-text-color has-text-align-center wp-element-button\" href=\"https:\/\/deleurope.com\/our-story\/\" style=\"border-radius:0px;text-transform:uppercase\">ERKUNDEN SIE DAS ERBE<\/a><\/div>\n<\/div>\n<\/div><\/div>\n<\/div>\n\n\n\n<div class=\"wp-block-column slider-wrap padding-left-md is-layout-flow wp-block-column-is-layout-flow\" style=\"flex-basis:50%\">\n<figure class=\"wp-block-image size-large\"><img loading=\"lazy\" decoding=\"async\" width=\"800\" height=\"600\" src=\"https:\/\/deleurope.com\/wp-content\/uploads\/2023\/11\/De-LEurope-Amsterdam-Press-Page-Images-2-Copy-800x600.jpg\" alt=\"\" class=\"wp-image-985\" style=\"aspect-ratio:4\/3;object-fit:cover\" srcset=\"https:\/\/www.deleurope.com\/wp-content\/uploads\/2023\/11\/De-LEurope-Amsterdam-Press-Page-Images-2-Copy-800x600.jpg 800w, https:\/\/www.deleurope.com\/wp-content\/uploads\/2023\/11\/De-LEurope-Amsterdam-Press-Page-Images-2-Copy-400x300.jpg 400w, https:\/\/www.deleurope.com\/wp-content\/uploads\/2023\/11\/De-LEurope-Amsterdam-Press-Page-Images-2-Copy-1680x1260.jpg 1680w\" sizes=\"auto, (max-width: 800px) 100vw, 800px\" \/><\/figure>\n<\/div>\n<\/div>\n\n<div class=\"wp-block-columns columns_slider_text wrap-2-columns eat-and-drink-cards is-layout-flex wp-container-core-columns-is-layout-9d6595d7 wp-block-columns-is-layout-flex\" id=\"flore\">\n<div class=\"wp-block-column slider-wrap is-layout-flow wp-block-column-is-layout-flow\" style=\"flex-basis:50%\">\n<figure class=\"wp-block-image size-large\"><img loading=\"lazy\" decoding=\"async\" width=\"800\" height=\"600\" src=\"https:\/\/deleurope.com\/wp-content\/uploads\/2023\/11\/De-LEurope-Amsterdam-Press-Page-Images-4-800x600.jpg\" alt=\"\" class=\"wp-image-989\" style=\"aspect-ratio:4\/3;object-fit:cover\" srcset=\"https:\/\/www.deleurope.com\/wp-content\/uploads\/2023\/11\/De-LEurope-Amsterdam-Press-Page-Images-4-800x600.jpg 800w, https:\/\/www.deleurope.com\/wp-content\/uploads\/2023\/11\/De-LEurope-Amsterdam-Press-Page-Images-4-400x300.jpg 400w\" sizes=\"auto, (max-width: 800px) 100vw, 800px\" \/><\/figure>\n<\/div>\n\n\n\n<div class=\"wp-block-column is-vertically-aligned-center middle-align is-layout-flow wp-block-column-is-layout-flow\" style=\"flex-basis:50%\">\n<h2 class=\"wp-block-heading has-text-align-center has-extra-large-font-size\" style=\"text-transform:capitalize\">Pressemeldungen<\/h2>\n\n\n\n<div class=\"wp-block-group\"><div class=\"wp-block-group__inner-container is-layout-constrained wp-block-group-is-layout-constrained\">\n<p class=\"has-text-align-center\">Treten Sie ein in den Herzschlag unserer neuesten Bem\u00fchungen!<br\/>Lesen Sie unsere Pressemitteilungen, um den Rhythmus von Innovationen und Aktualisierungen zu verfolgen, die direkt aus dem Herzen unseres Unternehmens kommen.<\/p>\n\n\n\n<div class=\"wp-block-buttons is-horizontal is-content-justification-center is-layout-flex wp-container-core-buttons-is-layout-499968f5 wp-block-buttons-is-layout-flex\">\n<div class=\"wp-block-button is-style-outline is-style-outline--3\"><a class=\"wp-block-button__link has-central-palette-1-color has-text-color has-text-align-center wp-element-button\" href=\"https:\/\/www.deleurope.com\/de\/presse\/pressemeldungen\/\" style=\"border-radius:0px;text-transform:uppercase\">MEHR LESEN<\/a><\/div>\n<\/div>\n<\/div><\/div>\n<\/div>\n<\/div>\n\n<div class=\"wp-block-columns text-on-left wrap-2-columns eat-and-drink-cards is-layout-flex wp-container-core-columns-is-layout-9d6595d7 wp-block-columns-is-layout-flex\" id=\"graziella\">\n<div class=\"wp-block-column is-vertically-aligned-center middle-align is-layout-flow wp-block-column-is-layout-flow\" style=\"flex-basis:50%\">\n<h2 class=\"wp-block-heading has-text-align-center has-extra-large-font-size\" style=\"text-transform:capitalize\">Artikel<\/h2>\n\n\n\n<div class=\"wp-block-group\"><div class=\"wp-block-group__inner-container is-layout-constrained wp-block-group-is-layout-constrained\">\n<p class=\"has-text-align-center\">Entdecken Sie den Widerhall unserer Wirkung in der gesamten Medienlandschaft. Navigieren Sie durch eine kuratierte Sammlung von Artikeln, die unsere Bem\u00fchungen beleuchten und eine externe Perspektive auf die Geschichten bieten, die uns ausmachen.<\/p>\n\n\n\n<div class=\"wp-block-buttons is-horizontal is-content-justification-center is-layout-flex wp-container-core-buttons-is-layout-499968f5 wp-block-buttons-is-layout-flex\">\n<div class=\"wp-block-button is-style-outline is-style-outline--4\"><a class=\"wp-block-button__link has-central-palette-1-color has-text-color has-text-align-center wp-element-button\" href=\"#\" style=\"border-radius:0px;text-transform:uppercase\">demn\u00e4chst<\/a><\/div>\n<\/div>\n<\/div><\/div>\n<\/div>\n\n\n\n<div class=\"wp-block-column slider-wrap padding-left-md is-layout-flow wp-block-column-is-layout-flow\" style=\"flex-basis:50%\">\n<figure class=\"wp-block-image size-large\"><img loading=\"lazy\" decoding=\"async\" width=\"800\" height=\"600\" src=\"https:\/\/deleurope.com\/wp-content\/uploads\/2023\/11\/Single-t-Huys-Page-Images-3-800x600.jpg\" alt=\"\" class=\"wp-image-967\" style=\"aspect-ratio:4\/3;object-fit:cover\" srcset=\"https:\/\/www.deleurope.com\/wp-content\/uploads\/2023\/11\/Single-t-Huys-Page-Images-3-800x600.jpg 800w, https:\/\/www.deleurope.com\/wp-content\/uploads\/2023\/11\/Single-t-Huys-Page-Images-3-400x300.jpg 400w, https:\/\/www.deleurope.com\/wp-content\/uploads\/2023\/11\/Single-t-Huys-Page-Images-3-1680x1260.jpg 1680w\" sizes=\"auto, (max-width: 800px) 100vw, 800px\" \/><\/figure>\n<\/div>\n<\/div>\n\n<div class=\"wp-block-columns block-with-centered-overlay is-layout-flex wp-container-core-columns-is-layout-9d6595d7 wp-block-columns-is-layout-flex\">\n<div class=\"wp-block-column is-layout-flow wp-block-column-is-layout-flow\">\n<div class=\"wp-block-cover\"><img loading=\"lazy\" decoding=\"async\" width=\"2500\" height=\"1667\" class=\"wp-block-cover__image-background wp-image-990\" alt=\"\" src=\"https:\/\/deleurope.com\/wp-content\/uploads\/2023\/11\/De-LEurope-Amsterdam-Press-Page-Images-5-Copy.jpg\" style=\"object-position:54% 43%\" data-object-fit=\"cover\" data-object-position=\"54% 43%\" srcset=\"https:\/\/www.deleurope.com\/wp-content\/uploads\/2023\/11\/De-LEurope-Amsterdam-Press-Page-Images-5-Copy.jpg 2500w, https:\/\/www.deleurope.com\/wp-content\/uploads\/2023\/11\/De-LEurope-Amsterdam-Press-Page-Images-5-Copy-768x512.jpg 768w, https:\/\/www.deleurope.com\/wp-content\/uploads\/2023\/11\/De-LEurope-Amsterdam-Press-Page-Images-5-Copy-1536x1024.jpg 1536w, https:\/\/www.deleurope.com\/wp-content\/uploads\/2023\/11\/De-LEurope-Amsterdam-Press-Page-Images-5-Copy-2048x1366.jpg 2048w, https:\/\/www.deleurope.com\/wp-content\/uploads\/2023\/11\/De-LEurope-Amsterdam-Press-Page-Images-5-Copy-600x400.jpg 600w\" sizes=\"auto, (max-width: 2500px) 100vw, 2500px\" \/><span aria-hidden=\"true\" class=\"wp-block-cover__background has-background-dim\"><\/span><div class=\"wp-block-cover__inner-container is-layout-constrained wp-block-cover-is-layout-constrained\">\n<div class=\"wp-block-columns is-layout-flex wp-container-core-columns-is-layout-9d6595d7 wp-block-columns-is-layout-flex\">\n<div class=\"wp-block-column overlay-hero-middle has-central-palette-1-background-color has-background is-layout-flow wp-block-column-is-layout-flow\">\n<h2 class=\"wp-block-heading has-text-align-center has-central-palette-7-color has-text-color has-extra-large-font-size\">GALERIE<\/h2>\n\n\n\n<p class=\"has-text-align-center has-central-palette-7-color has-text-color\">Tauchen Sie ein in den visuellen Wandteppich unserer Reise durch Momente, die in der Zeit eingefroren sind.<br\/>Unsere Galerie bietet einen fesselnden Einblick in die Geschichten hinter den Schlagzeilen,<br\/>eine visuelle Symphonie, die den Erz\u00e4hlungen in unseren Pressemitteilungen Tiefe verleiht.<\/p>\n\n\n\n<div class=\"wp-block-buttons is-content-justification-center is-layout-flex wp-container-core-buttons-is-layout-16018d1d wp-block-buttons-is-layout-flex\">\n<div class=\"wp-block-button is-style-outline not-italic is-style-outline--5\"><a class=\"wp-block-button__link has-central-palette-7-color has-text-color wp-element-button\" href=\"https:\/\/deleurope.com\/gallery\/\" style=\"border-radius:0px;text-transform:uppercase\" rel=\"\">GET A GLIMPSE<\/a><\/div>\n<\/div>\n<\/div>\n<\/div>\n<\/div><\/div>\n<\/div>\n<\/div>\n\n<div class=\"wp-block-columns badges-section is-layout-flex wp-container-core-columns-is-layout-9d6595d7 wp-block-columns-is-layout-flex\">\n<div class=\"wp-block-column is-layout-flow wp-block-column-is-layout-flow\">\n<h2 class=\"wp-block-heading has-text-align-center has-extra-large-font-size\">DISCOVER DE L&#8217;EUROPE<\/h2>\n\n\n\n<p class=\"has-text-align-center\">Feiern Sie mit, wenn wir die Auszeichnungen zeigen, die unseren Weg markieren.<br\/>Tauchen Sie ein in die Anerkennung, die wir uns verdient haben, eine Anerkennung f\u00fcr das Engagement und die Innovation, die den Kern unserer Arbeit ausmachen.<\/p>\n\n\n\n<div class=\"wp-block-columns is-not-stacked-on-mobile badges is-layout-flex wp-container-core-columns-is-layout-9d6595d7 wp-block-columns-is-layout-flex\">\n<div class=\"wp-block-column is-layout-flow wp-block-column-is-layout-flow\"><div class=\"wp-block-image\">\n<figure class=\"aligncenter size-full is-resized\"><a href=\"https:\/\/www.cntraveler.com\/hotels\/netherlands\/amsterdam\/de-l-europe-amsterdam\" target=\"_blank\" rel=\"noopener\"><img loading=\"lazy\" decoding=\"async\" width=\"344\" height=\"344\" src=\"https:\/\/deleurope.com\/wp-content\/uploads\/2023\/11\/De-LEurope-Amsterdam-Press-Page-Images-3-Copy.png\" alt=\"\" class=\"wp-image-988\" style=\"width:225px\" srcset=\"https:\/\/www.deleurope.com\/wp-content\/uploads\/2023\/11\/De-LEurope-Amsterdam-Press-Page-Images-3-Copy.png 344w, https:\/\/www.deleurope.com\/wp-content\/uploads\/2023\/11\/De-LEurope-Amsterdam-Press-Page-Images-3-Copy-150x150.png 150w\" sizes=\"auto, (max-width: 344px) 100vw, 344px\" \/><\/a><\/figure>\n<\/div><\/div>\n\n\n\n<div class=\"wp-block-column is-layout-flow wp-block-column-is-layout-flow\"><div class=\"wp-block-image\">\n<figure class=\"aligncenter size-full is-resized\"><a href=\"https:\/\/hautegrandeur.com\/hotels\/hotel\/de-l-europe-amsterdam\/\" target=\"_blank\" rel=\"noopener\"><img loading=\"lazy\" decoding=\"async\" width=\"895\" height=\"895\" src=\"https:\/\/deleurope.com\/wp-content\/uploads\/2023\/11\/bf0aece57206a9266073236d7caded4f.png\" alt=\"\" class=\"wp-image-1033\" style=\"width:225px\" srcset=\"https:\/\/www.deleurope.com\/wp-content\/uploads\/2023\/11\/bf0aece57206a9266073236d7caded4f.png 895w, https:\/\/www.deleurope.com\/wp-content\/uploads\/2023\/11\/bf0aece57206a9266073236d7caded4f-150x150.png 150w, https:\/\/www.deleurope.com\/wp-content\/uploads\/2023\/11\/bf0aece57206a9266073236d7caded4f-768x768.png 768w, https:\/\/www.deleurope.com\/wp-content\/uploads\/2023\/11\/bf0aece57206a9266073236d7caded4f-600x600.png 600w\" sizes=\"auto, (max-width: 895px) 100vw, 895px\" \/><\/a><\/figure>\n<\/div><\/div>\n<\/div>\n<\/div>\n<\/div>\n\n<div class=\"wp-block-columns special-request is-layout-flex wp-container-core-columns-is-layout-9d6595d7 wp-block-columns-is-layout-flex\">\n<div class=\"wp-block-column has-central-palette-11-background-color has-background is-layout-flow wp-block-column-is-layout-flow\">\n<h2 class=\"wp-block-heading has-text-align-center has-extra-large-font-size\">Presse Anfrage<\/h2>\n\n\n\n<p class=\"has-text-align-center\">Wir freuen uns \u00fcber Presseanfragen und sind gerne bereit, Ihnen zu helfen und die M\u00f6glichkeiten einer Zusammenarbeit auszuloten, um ein nahtloses und f\u00fcr beide Seiten vorteilhaftes Engagement zu gew\u00e4hrleisten.<\/p>\n\n\n\n<div class=\"wp-block-buttons is-content-justification-center is-layout-flex wp-container-core-buttons-is-layout-16018d1d wp-block-buttons-is-layout-flex\">\n<div class=\"wp-block-button is-style-outline not-italic is-style-outline--6\"><a class=\"wp-block-button__link wp-element-button\" href=\"mailto:pr@deleurope.com\" style=\"border-radius:0px;text-transform:uppercase\">ENQUIRE<\/a><\/div>\n<\/div>\n<\/div>\n<\/div>\n","protected":false},"excerpt":{"rendered":"<p>DISCOVER DE L&#8217;EUROPE Willkommen beim Herzschlag unserer Reise, wo jeder Meilenstein ein Kapitel in unserer Geschichte ist. Entdecken Sie die neueste Presseberichterstattung und erfahren Sie, wie wir die Geschichte pr\u00e4gen und Wellen in unserer Branche schlagen.F\u00fcr Medienanfragen oder spezielle W\u00fcnsche k\u00f6nnen Sie uns gerne kontaktieren &#8211; wir sind hier, um die Geschichten unserer zeitlosen Eleganz [&hellip;]<\/p>\n","protected":false},"author":2,"featured_media":3487,"parent":0,"menu_order":0,"comment_status":"closed","ping_status":"closed","template":"","meta":{"_acf_changed":false,"footnotes":""},"class_list":["post-3486","page","type-page","status-publish","has-post-thumbnail","hentry"],"acf":[],"yoast_head":"<!-- This site is optimized with the Yoast SEO plugin v27.3 - https:\/\/yoast.com\/product\/yoast-seo-wordpress\/ -->\n<title>Ressourcen f\u00fcr Presse und Medien | De L&#039;Europe Amsterdam<\/title>\n<meta name=\"description\" content=\"Bleiben Sie auf dem Laufenden mit den neuesten Nachrichten und Pressemitteilungen von De L&#039;Europe Amsterdam, in denen unsere Veranstaltungen und luxuri\u00f6sen Unterk\u00fcnfte vorgestellt werden. Lesen Sie mehr.\" \/>\n<meta name=\"robots\" content=\"index, follow, max-snippet:-1, max-image-preview:large, max-video-preview:-1\" \/>\n<link rel=\"canonical\" href=\"https:\/\/www.deleurope.com\/de\/presse\/\" \/>\n<meta property=\"og:locale\" content=\"de_DE\" \/>\n<meta property=\"og:type\" content=\"article\" \/>\n<meta property=\"og:title\" content=\"Ressourcen f\u00fcr Presse und Medien | De L&#039;Europe Amsterdam\" \/>\n<meta property=\"og:description\" content=\"Bleiben Sie auf dem Laufenden mit den neuesten Nachrichten und Pressemitteilungen von De L&#039;Europe Amsterdam, in denen unsere Veranstaltungen und luxuri\u00f6sen Unterk\u00fcnfte vorgestellt werden. Lesen Sie mehr.\" \/>\n<meta property=\"og:url\" content=\"https:\/\/www.deleurope.com\/de\/presse\/\" \/>\n<meta property=\"og:site_name\" content=\"De L&#039;Europe Amsterdam\" \/>\n<meta property=\"article:modified_time\" content=\"2026-02-10T11:49:43+00:00\" \/>\n<meta property=\"og:image\" content=\"https:\/\/www.deleurope.com\/wp-content\/uploads\/2023\/11\/De-LEurope-Amsterdam-Press-Page-Images-1-Copy.jpg\" \/>\n\t<meta property=\"og:image:width\" content=\"1820\" \/>\n\t<meta property=\"og:image:height\" content=\"1300\" \/>\n\t<meta property=\"og:image:type\" content=\"image\/jpeg\" \/>\n<meta name=\"twitter:card\" content=\"summary_large_image\" \/>\n<meta name=\"twitter:label1\" content=\"Gesch\u00e4tzte Lesezeit\" \/>\n\t<meta name=\"twitter:data1\" content=\"2 Minuten\" \/>\n<script type=\"application\/ld+json\" class=\"yoast-schema-graph\">{\"@context\":\"https:\\\/\\\/schema.org\",\"@graph\":[{\"@type\":\"WebPage\",\"@id\":\"https:\\\/\\\/www.deleurope.com\\\/de\\\/presse\\\/\",\"url\":\"https:\\\/\\\/www.deleurope.com\\\/de\\\/presse\\\/\",\"name\":\"Ressourcen f\u00fcr Presse und Medien | De L'Europe Amsterdam\",\"isPartOf\":{\"@id\":\"https:\\\/\\\/www.deleurope.com\\\/de\\\/#website\"},\"primaryImageOfPage\":{\"@id\":\"https:\\\/\\\/www.deleurope.com\\\/de\\\/presse\\\/#primaryimage\"},\"image\":{\"@id\":\"https:\\\/\\\/www.deleurope.com\\\/de\\\/presse\\\/#primaryimage\"},\"thumbnailUrl\":\"https:\\\/\\\/www.deleurope.com\\\/wp-content\\\/uploads\\\/2023\\\/11\\\/De-LEurope-Amsterdam-Press-Page-Images-1-Copy.jpg\",\"datePublished\":\"2023-11-27T13:55:36+00:00\",\"dateModified\":\"2026-02-10T11:49:43+00:00\",\"description\":\"Bleiben Sie auf dem Laufenden mit den neuesten Nachrichten und Pressemitteilungen von De L'Europe Amsterdam, in denen unsere Veranstaltungen und luxuri\u00f6sen Unterk\u00fcnfte vorgestellt werden. Lesen Sie mehr.\",\"breadcrumb\":{\"@id\":\"https:\\\/\\\/www.deleurope.com\\\/de\\\/presse\\\/#breadcrumb\"},\"inLanguage\":\"de-DE\",\"potentialAction\":[{\"@type\":\"ReadAction\",\"target\":[\"https:\\\/\\\/www.deleurope.com\\\/de\\\/presse\\\/\"]}]},{\"@type\":\"ImageObject\",\"inLanguage\":\"de-DE\",\"@id\":\"https:\\\/\\\/www.deleurope.com\\\/de\\\/presse\\\/#primaryimage\",\"url\":\"https:\\\/\\\/www.deleurope.com\\\/wp-content\\\/uploads\\\/2023\\\/11\\\/De-LEurope-Amsterdam-Press-Page-Images-1-Copy.jpg\",\"contentUrl\":\"https:\\\/\\\/www.deleurope.com\\\/wp-content\\\/uploads\\\/2023\\\/11\\\/De-LEurope-Amsterdam-Press-Page-Images-1-Copy.jpg\",\"width\":1820,\"height\":1300,\"caption\":\"De L'Europe Amsterdam - Amstel River\"},{\"@type\":\"BreadcrumbList\",\"@id\":\"https:\\\/\\\/www.deleurope.com\\\/de\\\/presse\\\/#breadcrumb\",\"itemListElement\":[{\"@type\":\"ListItem\",\"position\":1,\"name\":\"Home\",\"item\":\"https:\\\/\\\/www.deleurope.com\\\/de\\\/\"},{\"@type\":\"ListItem\",\"position\":2,\"name\":\"Presse\"}]},{\"@type\":\"WebSite\",\"@id\":\"https:\\\/\\\/www.deleurope.com\\\/de\\\/#website\",\"url\":\"https:\\\/\\\/www.deleurope.com\\\/de\\\/\",\"name\":\"De L&#039;Europe Amsterdam\",\"description\":\"Home of original Amsterdam luxury.\",\"potentialAction\":[{\"@type\":\"SearchAction\",\"target\":{\"@type\":\"EntryPoint\",\"urlTemplate\":\"https:\\\/\\\/www.deleurope.com\\\/de\\\/?s={search_term_string}\"},\"query-input\":{\"@type\":\"PropertyValueSpecification\",\"valueRequired\":true,\"valueName\":\"search_term_string\"}}],\"inLanguage\":\"de-DE\"}]}<\/script>\n<!-- \/ Yoast SEO plugin. -->","yoast_head_json":{"title":"Ressourcen f\u00fcr Presse und Medien | De L'Europe Amsterdam","description":"Bleiben Sie auf dem Laufenden mit den neuesten Nachrichten und Pressemitteilungen von De L'Europe Amsterdam, in denen unsere Veranstaltungen und luxuri\u00f6sen Unterk\u00fcnfte vorgestellt werden. Lesen Sie mehr.","robots":{"index":"index","follow":"follow","max-snippet":"max-snippet:-1","max-image-preview":"max-image-preview:large","max-video-preview":"max-video-preview:-1"},"canonical":"https:\/\/www.deleurope.com\/de\/presse\/","og_locale":"de_DE","og_type":"article","og_title":"Ressourcen f\u00fcr Presse und Medien | De L'Europe Amsterdam","og_description":"Bleiben Sie auf dem Laufenden mit den neuesten Nachrichten und Pressemitteilungen von De L'Europe Amsterdam, in denen unsere Veranstaltungen und luxuri\u00f6sen Unterk\u00fcnfte vorgestellt werden. Lesen Sie mehr.","og_url":"https:\/\/www.deleurope.com\/de\/presse\/","og_site_name":"De L&#039;Europe Amsterdam","article_modified_time":"2026-02-10T11:49:43+00:00","og_image":[{"width":1820,"height":1300,"url":"https:\/\/www.deleurope.com\/wp-content\/uploads\/2023\/11\/De-LEurope-Amsterdam-Press-Page-Images-1-Copy.jpg","type":"image\/jpeg"}],"twitter_card":"summary_large_image","twitter_misc":{"Gesch\u00e4tzte Lesezeit":"2 Minuten"},"schema":{"@context":"https:\/\/schema.org","@graph":[{"@type":"WebPage","@id":"https:\/\/www.deleurope.com\/de\/presse\/","url":"https:\/\/www.deleurope.com\/de\/presse\/","name":"Ressourcen f\u00fcr Presse und Medien | De L'Europe Amsterdam","isPartOf":{"@id":"https:\/\/www.deleurope.com\/de\/#website"},"primaryImageOfPage":{"@id":"https:\/\/www.deleurope.com\/de\/presse\/#primaryimage"},"image":{"@id":"https:\/\/www.deleurope.com\/de\/presse\/#primaryimage"},"thumbnailUrl":"https:\/\/www.deleurope.com\/wp-content\/uploads\/2023\/11\/De-LEurope-Amsterdam-Press-Page-Images-1-Copy.jpg","datePublished":"2023-11-27T13:55:36+00:00","dateModified":"2026-02-10T11:49:43+00:00","description":"Bleiben Sie auf dem Laufenden mit den neuesten Nachrichten und Pressemitteilungen von De L'Europe Amsterdam, in denen unsere Veranstaltungen und luxuri\u00f6sen Unterk\u00fcnfte vorgestellt werden. Lesen Sie mehr.","breadcrumb":{"@id":"https:\/\/www.deleurope.com\/de\/presse\/#breadcrumb"},"inLanguage":"de-DE","potentialAction":[{"@type":"ReadAction","target":["https:\/\/www.deleurope.com\/de\/presse\/"]}]},{"@type":"ImageObject","inLanguage":"de-DE","@id":"https:\/\/www.deleurope.com\/de\/presse\/#primaryimage","url":"https:\/\/www.deleurope.com\/wp-content\/uploads\/2023\/11\/De-LEurope-Amsterdam-Press-Page-Images-1-Copy.jpg","contentUrl":"https:\/\/www.deleurope.com\/wp-content\/uploads\/2023\/11\/De-LEurope-Amsterdam-Press-Page-Images-1-Copy.jpg","width":1820,"height":1300,"caption":"De L'Europe Amsterdam - Amstel River"},{"@type":"BreadcrumbList","@id":"https:\/\/www.deleurope.com\/de\/presse\/#breadcrumb","itemListElement":[{"@type":"ListItem","position":1,"name":"Home","item":"https:\/\/www.deleurope.com\/de\/"},{"@type":"ListItem","position":2,"name":"Presse"}]},{"@type":"WebSite","@id":"https:\/\/www.deleurope.com\/de\/#website","url":"https:\/\/www.deleurope.com\/de\/","name":"De L&#039;Europe Amsterdam","description":"Home of original Amsterdam luxury.","potentialAction":[{"@type":"SearchAction","target":{"@type":"EntryPoint","urlTemplate":"https:\/\/www.deleurope.com\/de\/?s={search_term_string}"},"query-input":{"@type":"PropertyValueSpecification","valueRequired":true,"valueName":"search_term_string"}}],"inLanguage":"de-DE"}]}},"featured_image_src":"https:\/\/www.deleurope.com\/wp-content\/uploads\/2023\/11\/De-LEurope-Amsterdam-Press-Page-Images-1-Copy-600x400.jpg","featured_image_src_square":"https:\/\/www.deleurope.com\/wp-content\/uploads\/2023\/11\/De-LEurope-Amsterdam-Press-Page-Images-1-Copy-600x600.jpg","_links":{"self":[{"href":"https:\/\/www.deleurope.com\/de\/wp-json\/wp\/v2\/pages\/3486","targetHints":{"allow":["GET"]}}],"collection":[{"href":"https:\/\/www.deleurope.com\/de\/wp-json\/wp\/v2\/pages"}],"about":[{"href":"https:\/\/www.deleurope.com\/de\/wp-json\/wp\/v2\/types\/page"}],"author":[{"embeddable":true,"href":"https:\/\/www.deleurope.com\/de\/wp-json\/wp\/v2\/users\/2"}],"replies":[{"embeddable":true,"href":"https:\/\/www.deleurope.com\/de\/wp-json\/wp\/v2\/comments?post=3486"}],"version-history":[{"count":0,"href":"https:\/\/www.deleurope.com\/de\/wp-json\/wp\/v2\/pages\/3486\/revisions"}],"wp:featuredmedia":[{"embeddable":true,"href":"https:\/\/www.deleurope.com\/de\/wp-json\/wp\/v2\/media\/3487"}],"wp:attachment":[{"href":"https:\/\/www.deleurope.com\/de\/wp-json\/wp\/v2\/media?parent=3486"}],"curies":[{"name":"wp","href":"https:\/\/api.w.org\/{rel}","templated":true}]}}