{"id":3558,"date":"2024-01-18T16:11:13","date_gmt":"2024-01-18T16:11:13","guid":{"rendered":"https:\/\/www.deleurope.com\/soziale-verantwortung\/"},"modified":"2024-03-08T10:42:53","modified_gmt":"2024-03-08T10:42:53","slug":"soziale-verantwortung","status":"publish","type":"page","link":"https:\/\/www.deleurope.com\/de\/soziale-verantwortung\/","title":{"rendered":"Soziale Verantwortung"},"content":{"rendered":"\n<div class=\"wp-block-columns margin-bottom-none is-layout-flex wp-container-core-columns-is-layout-9d6595d7 wp-block-columns-is-layout-flex\">\n<div class=\"wp-block-column two-texts-intro is-layout-flow wp-block-column-is-layout-flow\">\n<h2 class=\"wp-block-heading has-text-align-center rooms-description-white-box two-texts-bigger header-bigger has-extra-large-font-size\"> BEWUSST SEIN, WAS WIR TUN<\/h2>\n\n\n\n<p class=\"has-text-align-center\">Bei De L&#8217;Europe Amsterdam ist unser Engagement f\u00fcr soziale Verantwortung tief in unserem Ethos verankert. Als Vorreiter im Bereich der nachhaltigen Gastfreundschaft haben wir 2006 als erstes F\u00fcnf-Sterne-Hotel die Auszeichnung Green Key erhalten. Dieser Erfolg unterstreicht unser unerm\u00fcdliches Engagement f\u00fcr den Umweltschutz und den Einklang mit unserer Umwelt. W\u00e4hrend wir diesen Meilenstein feierten, erkannten wir, dass der Weg zu echter Nachhaltigkeit noch nicht abgeschlossen ist. Wir entwickeln uns st\u00e4ndig weiter, um unseren \u00f6kologischen Fu\u00dfabdruck zu verringern. Im Jahr 2023 wurde das De L&#8217;Europe von Leading Hotels of the World als Sustainability Leader ausgezeichnet, ein Beweis f\u00fcr unser Engagement im Gastgewerbe, insbesondere in den Bereichen Gemeinschaft, Kultur und Umweltverantwortung. Um bei gr\u00fcnen Initiativen an vorderster Front zu stehen, haben wir ein internes gr\u00fcnes Team f\u00fcr positive Ver\u00e4nderungen in allen Bereichen eingerichtet.<\/p>\n\n\n\n<p class=\"has-text-align-center\">Wir sind uns der tiefgreifenden Auswirkungen von Lebensmittelabf\u00e4llen auf unseren Planeten bewusst und haben daher wichtige Schritte unternommen, um diese in K\u00fcchen und Restaurants zu minimieren. Durch eine durchdachte Planung versuchen wir, Abfall zu vermeiden und gleichzeitig ein unvergessliches Esserlebnis zu gew\u00e4hrleisten. Die Umwandlung von Bord&#8217;Eau, einem Restaurant mit zwei Michelin-Sternen, in Flore spiegelt diese Philosophie wider. Bei Flore stehen die Saisonalit\u00e4t und die lokalen Produkte im Mittelpunkt jeder gastronomischen Kreation. Im Jahr 2022, neun Monate nach der Er\u00f6ffnung, wurden ihre innovativen Gerichte und ihr Engagement mit zwei Michelin-Sternen und dem Michelin Green Star ausgezeichnet.<\/p>\n\n\n\n<p class=\"has-text-align-center\">Entdecken Sie unser neuestes Projekt, &#8218;t Huys, wo lokales Handwerk und Kreativit\u00e4t wirklich gedeihen. Diese Initiative erm\u00f6glicht es den G\u00e4sten, die Essenz der Stadt hautnah zu erleben, und bietet den Partnern ein Zuhause f\u00fcr ihre Kunst.<\/p>\n\n\n\n<p class=\"has-text-align-center\">Dar\u00fcber hinaus haben wir uns bewusst f\u00fcr umweltfreundliche Alternativen in unserem Unternehmen entschieden. Unser Weg zur Nachhaltigkeit ist ein kollektives Unterfangen, und wir laden unsere G\u00e4ste ein, sich uns anzuschlie\u00dfen, um eine hellere, nachhaltigere Welt zu schaffen. Gemeinsam k\u00f6nnen wir einen bedeutenden Unterschied f\u00fcr unseren Planeten und k\u00fcnftige Generationen machen.<\/p>\n\n\n\n<div class=\"wp-block-columns badges-section is-layout-flex wp-container-core-columns-is-layout-9d6595d7 wp-block-columns-is-layout-flex\">\n<div class=\"wp-block-column is-layout-flow wp-block-column-is-layout-flow\">\n<h2 class=\"wp-block-heading has-text-align-center has-extra-large-font-size\">DISCOVER DE L&#8217;EUROPE<\/h2>\n\n\n\n<p class=\"has-text-align-center\">Feiern Sie mit, wenn wir die Auszeichnungen zeigen, die unseren Weg kennzeichnen.<br\/>Tauchen Sie ein in die Anerkennung, die uns zuteil geworden ist &#8211; eine Anerkennung f\u00fcr das Engagement und die Innovation, die den Kern unserer Arbeit ausmachen.<\/p>\n\n\n\n<div class=\"wp-block-columns is-not-stacked-on-mobile badges is-layout-flex wp-container-core-columns-is-layout-9d6595d7 wp-block-columns-is-layout-flex\">\n<div class=\"wp-block-column is-layout-flow wp-block-column-is-layout-flow\"><div class=\"wp-block-image is-style-default\">\n<figure class=\"alignright size-full is-resized\"><img loading=\"lazy\" decoding=\"async\" width=\"216\" height=\"237\" src=\"https:\/\/deleurope.com\/wp-content\/uploads\/2024\/01\/Blue.webp\" alt=\"Leiter Nachhaltigkeit LHW\" class=\"wp-image-1778\" style=\"object-fit:cover;width:255px;height:255px\"\/><\/figure>\n<\/div><\/div>\n\n\n\n<div class=\"wp-block-column is-layout-flow wp-block-column-is-layout-flow\"><div class=\"wp-block-image is-style-default\">\n<figure class=\"alignleft size-full is-resized\"><img loading=\"lazy\" decoding=\"async\" width=\"233\" height=\"344\" src=\"https:\/\/deleurope.com\/wp-content\/uploads\/2024\/01\/GreenKey-De-leurope-1.jpg\" alt=\"\" class=\"wp-image-1465\" style=\"object-fit:contain;width:255px;height:255px\"\/><\/figure>\n<\/div><\/div>\n<\/div>\n<\/div>\n<\/div>\n<\/div>\n<\/div>\n\n<div class=\"wp-block-columns faq-section has-central-palette-9-background-color has-background is-layout-flex wp-container-core-columns-is-layout-9d6595d7 wp-block-columns-is-layout-flex\">\n<div class=\"wp-block-column is-layout-flow wp-block-column-is-layout-flow\">\n<div class=\"wp-block-columns is-layout-flex wp-container-core-columns-is-layout-9d6595d7 wp-block-columns-is-layout-flex\">\n<div class=\"wp-block-column is-layout-flow wp-block-column-is-layout-flow\" style=\"flex-basis:24%\">\n<h2 class=\"wp-block-heading has-text-align-center has-extra-large-font-size\">F.A.Q<\/h2>\n\n\n\n<ul class=\"tab-faq-menu wp-block-list\">\n<li class=\"active-li\" style=\"text-transform:uppercase\">Informationen zur sozialen Verantwortung<\/li>\n<\/ul>\n<\/div>\n\n\n\n<div class=\"wp-block-column is-layout-flow wp-block-column-is-layout-flow\" style=\"flex-basis:76%\">\n<div class=\"schema-faq wp-block-yoast-faq-block\"><div class=\"schema-faq-section\" id=\"faq-question-1697826231715\"><strong class=\"schema-faq-question\">Verf\u00fcgt De L&#8217;Europe Amsterdam \u00fcber irgendwelche Umweltzertifikate?<\/strong> <p class=\"schema-faq-answer\">Die Nachhaltigkeitsbem\u00fchungen des De L&#8217;Europe wurden durch externe Zertifizierungen anerkannt, darunter die h\u00f6chste Stufe des Green Key Standards, Gold Level, sowie das Sustainability Leader Programm der Leading Hotels of the World. Diese Auszeichnungen sind ein Beweis f\u00fcr unser Engagement f\u00fcr herausragende Leistungen in den Bereichen Gemeinschaft, Kultur und Umweltverantwortung.<\/p> <\/div> <div class=\"schema-faq-section\" id=\"faq-question-1697827306389\"><strong class=\"schema-faq-question\">Wie f\u00f6rdert De L&#8217;Europe Amsterdam ethisches Reisen?<\/strong> <p class=\"schema-faq-answer\">Bei De L&#8217;Europe Amsterdam legen wir Wert auf lokale Kultur und Handwerkskunst. Ob es sich um die lokalen Partner im Concept Store IN-HUYS, die Beschaffung unserer Produkte im Restaurant Flore oder die Empfehlungen unseres Concierge-Teams handelt, wir bieten immer das Beste, was unsere Gemeinden zu bieten haben.<\/p> <\/div> <div class=\"schema-faq-section\" id=\"faq-question-1697826245421\"><strong class=\"schema-faq-question\">Welche sozialen Auswirkungen hat De L&#8217;Europe Amsterdam?<\/strong> <p class=\"schema-faq-answer\">Als Teil unserer \u00dcberzeugung von verantwortungsvollem Tourismus stellen wir bei De L&#8217;Europe Amsterdam lokale Talente aus und arbeiten mit ihnen zusammen. Wir bieten Arbeitsr\u00e4ume f\u00fcr junge K\u00fcnstler und haben durch lokale Partnerschaften, Initiativen und Veranstaltungen sowie Spenden einen positiven Einfluss auf unsere Gemeinden.<\/p> <\/div> <\/div>\n<\/div>\n<\/div>\n<\/div>\n<\/div>\n","protected":false},"excerpt":{"rendered":"<p>BEWUSST SEIN, WAS WIR TUN Bei De L&#8217;Europe Amsterdam ist unser Engagement f\u00fcr soziale Verantwortung tief in unserem Ethos verankert. Als Vorreiter im Bereich der nachhaltigen Gastfreundschaft haben wir 2006 als erstes F\u00fcnf-Sterne-Hotel die Auszeichnung Green Key erhalten. Dieser Erfolg unterstreicht unser unerm\u00fcdliches Engagement f\u00fcr den Umweltschutz und den Einklang mit unserer Umwelt. W\u00e4hrend wir [&hellip;]<\/p>\n","protected":false},"author":17,"featured_media":3190,"parent":0,"menu_order":0,"comment_status":"closed","ping_status":"closed","template":"","meta":{"_acf_changed":false,"footnotes":""},"class_list":["post-3558","page","type-page","status-publish","has-post-thumbnail","hentry"],"acf":[],"yoast_head":"<!-- This site is optimized with the Yoast SEO plugin v27.3 - https:\/\/yoast.com\/product\/yoast-seo-wordpress\/ -->\n<title>De L&#039;Europe Amsterdam ist bewusste und gr\u00fcne Gastfreundschaft<\/title>\n<meta name=\"description\" content=\"Entdecken Sie umweltfreundlichen Luxus mit De L&#039;Europe Amsterdam. Gr\u00fcner Schl\u00fcssel f\u00fcr Gastfreundschaft verliehen. Nachhaltigkeitsf\u00fchrer von Leading Hotels of the World.\" \/>\n<meta name=\"robots\" content=\"index, follow, max-snippet:-1, max-image-preview:large, max-video-preview:-1\" \/>\n<link rel=\"canonical\" href=\"https:\/\/www.deleurope.com\/de\/soziale-verantwortung\/\" \/>\n<meta property=\"og:locale\" content=\"de_DE\" \/>\n<meta property=\"og:type\" content=\"article\" \/>\n<meta property=\"og:title\" content=\"De L&#039;Europe Amsterdam ist bewusste und gr\u00fcne Gastfreundschaft\" \/>\n<meta property=\"og:description\" content=\"Entdecken Sie umweltfreundlichen Luxus mit De L&#039;Europe Amsterdam. Gr\u00fcner Schl\u00fcssel f\u00fcr Gastfreundschaft verliehen. Nachhaltigkeitsf\u00fchrer von Leading Hotels of the World.\" \/>\n<meta property=\"og:url\" content=\"https:\/\/www.deleurope.com\/de\/soziale-verantwortung\/\" \/>\n<meta property=\"og:site_name\" content=\"De L&#039;Europe Amsterdam\" \/>\n<meta property=\"article:modified_time\" content=\"2024-03-08T10:42:53+00:00\" \/>\n<meta property=\"og:image\" content=\"https:\/\/www.deleurope.com\/wp-content\/uploads\/2023\/11\/1182e35f6411d08bfdcf2001d57de6ab.jpeg\" \/>\n\t<meta property=\"og:image:width\" content=\"1600\" \/>\n\t<meta property=\"og:image:height\" content=\"1067\" \/>\n\t<meta property=\"og:image:type\" content=\"image\/jpeg\" \/>\n<meta name=\"twitter:card\" content=\"summary_large_image\" \/>\n<meta name=\"twitter:label1\" content=\"Gesch\u00e4tzte Lesezeit\" \/>\n\t<meta name=\"twitter:data1\" content=\"3 Minuten\" \/>\n<script type=\"application\/ld+json\" class=\"yoast-schema-graph\">{\"@context\":\"https:\\\/\\\/schema.org\",\"@graph\":[{\"@type\":[\"WebPage\",\"FAQPage\"],\"@id\":\"https:\\\/\\\/www.deleurope.com\\\/de\\\/soziale-verantwortung\\\/\",\"url\":\"https:\\\/\\\/www.deleurope.com\\\/de\\\/soziale-verantwortung\\\/\",\"name\":\"De L'Europe Amsterdam ist bewusste und gr\u00fcne Gastfreundschaft\",\"isPartOf\":{\"@id\":\"https:\\\/\\\/www.deleurope.com\\\/de\\\/#website\"},\"primaryImageOfPage\":{\"@id\":\"https:\\\/\\\/www.deleurope.com\\\/de\\\/soziale-verantwortung\\\/#primaryimage\"},\"image\":{\"@id\":\"https:\\\/\\\/www.deleurope.com\\\/de\\\/soziale-verantwortung\\\/#primaryimage\"},\"thumbnailUrl\":\"https:\\\/\\\/www.deleurope.com\\\/wp-content\\\/uploads\\\/2023\\\/11\\\/1182e35f6411d08bfdcf2001d57de6ab.jpeg\",\"datePublished\":\"2024-01-18T16:11:13+00:00\",\"dateModified\":\"2024-03-08T10:42:53+00:00\",\"description\":\"Entdecken Sie umweltfreundlichen Luxus mit De L'Europe Amsterdam. Gr\u00fcner Schl\u00fcssel f\u00fcr Gastfreundschaft verliehen. Nachhaltigkeitsf\u00fchrer von Leading Hotels of the World.\",\"breadcrumb\":{\"@id\":\"https:\\\/\\\/www.deleurope.com\\\/de\\\/soziale-verantwortung\\\/#breadcrumb\"},\"mainEntity\":[{\"@id\":\"https:\\\/\\\/www.deleurope.com\\\/de\\\/soziale-verantwortung\\\/#faq-question-1697826231715\"},{\"@id\":\"https:\\\/\\\/www.deleurope.com\\\/de\\\/soziale-verantwortung\\\/#faq-question-1697827306389\"},{\"@id\":\"https:\\\/\\\/www.deleurope.com\\\/de\\\/soziale-verantwortung\\\/#faq-question-1697826245421\"}],\"inLanguage\":\"de-DE\",\"potentialAction\":[{\"@type\":\"ReadAction\",\"target\":[\"https:\\\/\\\/www.deleurope.com\\\/de\\\/soziale-verantwortung\\\/\"]}]},{\"@type\":\"ImageObject\",\"inLanguage\":\"de-DE\",\"@id\":\"https:\\\/\\\/www.deleurope.com\\\/de\\\/soziale-verantwortung\\\/#primaryimage\",\"url\":\"https:\\\/\\\/www.deleurope.com\\\/wp-content\\\/uploads\\\/2023\\\/11\\\/1182e35f6411d08bfdcf2001d57de6ab.jpeg\",\"contentUrl\":\"https:\\\/\\\/www.deleurope.com\\\/wp-content\\\/uploads\\\/2023\\\/11\\\/1182e35f6411d08bfdcf2001d57de6ab.jpeg\",\"width\":1600,\"height\":1067,\"caption\":\"Restaurant Flore Conscious Fine Dining\"},{\"@type\":\"BreadcrumbList\",\"@id\":\"https:\\\/\\\/www.deleurope.com\\\/de\\\/soziale-verantwortung\\\/#breadcrumb\",\"itemListElement\":[{\"@type\":\"ListItem\",\"position\":1,\"name\":\"Home\",\"item\":\"https:\\\/\\\/www.deleurope.com\\\/de\\\/\"},{\"@type\":\"ListItem\",\"position\":2,\"name\":\"Soziale Verantwortung\"}]},{\"@type\":\"WebSite\",\"@id\":\"https:\\\/\\\/www.deleurope.com\\\/de\\\/#website\",\"url\":\"https:\\\/\\\/www.deleurope.com\\\/de\\\/\",\"name\":\"De L&#039;Europe Amsterdam\",\"description\":\"Home of original Amsterdam luxury.\",\"potentialAction\":[{\"@type\":\"SearchAction\",\"target\":{\"@type\":\"EntryPoint\",\"urlTemplate\":\"https:\\\/\\\/www.deleurope.com\\\/de\\\/?s={search_term_string}\"},\"query-input\":{\"@type\":\"PropertyValueSpecification\",\"valueRequired\":true,\"valueName\":\"search_term_string\"}}],\"inLanguage\":\"de-DE\"},{\"@type\":\"Question\",\"@id\":\"https:\\\/\\\/www.deleurope.com\\\/de\\\/soziale-verantwortung\\\/#faq-question-1697826231715\",\"position\":1,\"url\":\"https:\\\/\\\/www.deleurope.com\\\/de\\\/soziale-verantwortung\\\/#faq-question-1697826231715\",\"name\":\"Does De L'Europe Amsterdam have any environmental certifications?\",\"answerCount\":1,\"acceptedAnswer\":{\"@type\":\"Answer\",\"text\":\"De L'Europe's sustainability efforts have been acknowledged by external certifications, including the highest level of Green Key standards, Gold Level, as well as the Sustainability Leader program of Leading Hotels of the World. These designations serve as a testament to our commitment to excellence in community, culture, and environmental responsibility.\",\"inLanguage\":\"de-DE\"},\"inLanguage\":\"de-DE\"},{\"@type\":\"Question\",\"@id\":\"https:\\\/\\\/www.deleurope.com\\\/de\\\/soziale-verantwortung\\\/#faq-question-1697827306389\",\"position\":2,\"url\":\"https:\\\/\\\/www.deleurope.com\\\/de\\\/soziale-verantwortung\\\/#faq-question-1697827306389\",\"name\":\"How does De L'Europe Amsterdam encourage ethical traveling?\",\"answerCount\":1,\"acceptedAnswer\":{\"@type\":\"Answer\",\"text\":\"At De L'Europe Amsterdam we embrace local culture and craftmanship. Whether it's in the local partners featured in concept store IN-HUYS, our produce sourcing at restaurant Flore or the recommendations by our Concierge team, we always offer the best our communities have to offer.\",\"inLanguage\":\"de-DE\"},\"inLanguage\":\"de-DE\"},{\"@type\":\"Question\",\"@id\":\"https:\\\/\\\/www.deleurope.com\\\/de\\\/soziale-verantwortung\\\/#faq-question-1697826245421\",\"position\":3,\"url\":\"https:\\\/\\\/www.deleurope.com\\\/de\\\/soziale-verantwortung\\\/#faq-question-1697826245421\",\"name\":\"What is De L'Europe Amsterdam's social impact?\",\"answerCount\":1,\"acceptedAnswer\":{\"@type\":\"Answer\",\"text\":\"As part of our strong believe in responsible tourism, at De L'Europe Amsterdam we display and collaborate with local talent. We offer workspaces for young artists and positively impact our local communities with local partnerships, community outreach, initiatives and events, and donations.\",\"inLanguage\":\"de-DE\"},\"inLanguage\":\"de-DE\"}]}<\/script>\n<!-- \/ Yoast SEO plugin. -->","yoast_head_json":{"title":"De L'Europe Amsterdam ist bewusste und gr\u00fcne Gastfreundschaft","description":"Entdecken Sie umweltfreundlichen Luxus mit De L'Europe Amsterdam. Gr\u00fcner Schl\u00fcssel f\u00fcr Gastfreundschaft verliehen. Nachhaltigkeitsf\u00fchrer von Leading Hotels of the World.","robots":{"index":"index","follow":"follow","max-snippet":"max-snippet:-1","max-image-preview":"max-image-preview:large","max-video-preview":"max-video-preview:-1"},"canonical":"https:\/\/www.deleurope.com\/de\/soziale-verantwortung\/","og_locale":"de_DE","og_type":"article","og_title":"De L'Europe Amsterdam ist bewusste und gr\u00fcne Gastfreundschaft","og_description":"Entdecken Sie umweltfreundlichen Luxus mit De L'Europe Amsterdam. Gr\u00fcner Schl\u00fcssel f\u00fcr Gastfreundschaft verliehen. Nachhaltigkeitsf\u00fchrer von Leading Hotels of the World.","og_url":"https:\/\/www.deleurope.com\/de\/soziale-verantwortung\/","og_site_name":"De L&#039;Europe Amsterdam","article_modified_time":"2024-03-08T10:42:53+00:00","og_image":[{"width":1600,"height":1067,"url":"https:\/\/www.deleurope.com\/wp-content\/uploads\/2023\/11\/1182e35f6411d08bfdcf2001d57de6ab.jpeg","type":"image\/jpeg"}],"twitter_card":"summary_large_image","twitter_misc":{"Gesch\u00e4tzte Lesezeit":"3 Minuten"},"schema":{"@context":"https:\/\/schema.org","@graph":[{"@type":["WebPage","FAQPage"],"@id":"https:\/\/www.deleurope.com\/de\/soziale-verantwortung\/","url":"https:\/\/www.deleurope.com\/de\/soziale-verantwortung\/","name":"De L'Europe Amsterdam ist bewusste und gr\u00fcne Gastfreundschaft","isPartOf":{"@id":"https:\/\/www.deleurope.com\/de\/#website"},"primaryImageOfPage":{"@id":"https:\/\/www.deleurope.com\/de\/soziale-verantwortung\/#primaryimage"},"image":{"@id":"https:\/\/www.deleurope.com\/de\/soziale-verantwortung\/#primaryimage"},"thumbnailUrl":"https:\/\/www.deleurope.com\/wp-content\/uploads\/2023\/11\/1182e35f6411d08bfdcf2001d57de6ab.jpeg","datePublished":"2024-01-18T16:11:13+00:00","dateModified":"2024-03-08T10:42:53+00:00","description":"Entdecken Sie umweltfreundlichen Luxus mit De L'Europe Amsterdam. Gr\u00fcner Schl\u00fcssel f\u00fcr Gastfreundschaft verliehen. Nachhaltigkeitsf\u00fchrer von Leading Hotels of the World.","breadcrumb":{"@id":"https:\/\/www.deleurope.com\/de\/soziale-verantwortung\/#breadcrumb"},"mainEntity":[{"@id":"https:\/\/www.deleurope.com\/de\/soziale-verantwortung\/#faq-question-1697826231715"},{"@id":"https:\/\/www.deleurope.com\/de\/soziale-verantwortung\/#faq-question-1697827306389"},{"@id":"https:\/\/www.deleurope.com\/de\/soziale-verantwortung\/#faq-question-1697826245421"}],"inLanguage":"de-DE","potentialAction":[{"@type":"ReadAction","target":["https:\/\/www.deleurope.com\/de\/soziale-verantwortung\/"]}]},{"@type":"ImageObject","inLanguage":"de-DE","@id":"https:\/\/www.deleurope.com\/de\/soziale-verantwortung\/#primaryimage","url":"https:\/\/www.deleurope.com\/wp-content\/uploads\/2023\/11\/1182e35f6411d08bfdcf2001d57de6ab.jpeg","contentUrl":"https:\/\/www.deleurope.com\/wp-content\/uploads\/2023\/11\/1182e35f6411d08bfdcf2001d57de6ab.jpeg","width":1600,"height":1067,"caption":"Restaurant Flore Conscious Fine Dining"},{"@type":"BreadcrumbList","@id":"https:\/\/www.deleurope.com\/de\/soziale-verantwortung\/#breadcrumb","itemListElement":[{"@type":"ListItem","position":1,"name":"Home","item":"https:\/\/www.deleurope.com\/de\/"},{"@type":"ListItem","position":2,"name":"Soziale Verantwortung"}]},{"@type":"WebSite","@id":"https:\/\/www.deleurope.com\/de\/#website","url":"https:\/\/www.deleurope.com\/de\/","name":"De L&#039;Europe Amsterdam","description":"Home of original Amsterdam luxury.","potentialAction":[{"@type":"SearchAction","target":{"@type":"EntryPoint","urlTemplate":"https:\/\/www.deleurope.com\/de\/?s={search_term_string}"},"query-input":{"@type":"PropertyValueSpecification","valueRequired":true,"valueName":"search_term_string"}}],"inLanguage":"de-DE"},{"@type":"Question","@id":"https:\/\/www.deleurope.com\/de\/soziale-verantwortung\/#faq-question-1697826231715","position":1,"url":"https:\/\/www.deleurope.com\/de\/soziale-verantwortung\/#faq-question-1697826231715","name":"Does De L'Europe Amsterdam have any environmental certifications?","answerCount":1,"acceptedAnswer":{"@type":"Answer","text":"De L'Europe's sustainability efforts have been acknowledged by external certifications, including the highest level of Green Key standards, Gold Level, as well as the Sustainability Leader program of Leading Hotels of the World. These designations serve as a testament to our commitment to excellence in community, culture, and environmental responsibility.","inLanguage":"de-DE"},"inLanguage":"de-DE"},{"@type":"Question","@id":"https:\/\/www.deleurope.com\/de\/soziale-verantwortung\/#faq-question-1697827306389","position":2,"url":"https:\/\/www.deleurope.com\/de\/soziale-verantwortung\/#faq-question-1697827306389","name":"How does De L'Europe Amsterdam encourage ethical traveling?","answerCount":1,"acceptedAnswer":{"@type":"Answer","text":"At De L'Europe Amsterdam we embrace local culture and craftmanship. Whether it's in the local partners featured in concept store IN-HUYS, our produce sourcing at restaurant Flore or the recommendations by our Concierge team, we always offer the best our communities have to offer.","inLanguage":"de-DE"},"inLanguage":"de-DE"},{"@type":"Question","@id":"https:\/\/www.deleurope.com\/de\/soziale-verantwortung\/#faq-question-1697826245421","position":3,"url":"https:\/\/www.deleurope.com\/de\/soziale-verantwortung\/#faq-question-1697826245421","name":"What is De L'Europe Amsterdam's social impact?","answerCount":1,"acceptedAnswer":{"@type":"Answer","text":"As part of our strong believe in responsible tourism, at De L'Europe Amsterdam we display and collaborate with local talent. We offer workspaces for young artists and positively impact our local communities with local partnerships, community outreach, initiatives and events, and donations.","inLanguage":"de-DE"},"inLanguage":"de-DE"}]}},"featured_image_src":"https:\/\/www.deleurope.com\/wp-content\/uploads\/2023\/11\/1182e35f6411d08bfdcf2001d57de6ab-600x400.jpeg","featured_image_src_square":"https:\/\/www.deleurope.com\/wp-content\/uploads\/2023\/11\/1182e35f6411d08bfdcf2001d57de6ab-600x600.jpeg","_links":{"self":[{"href":"https:\/\/www.deleurope.com\/de\/wp-json\/wp\/v2\/pages\/3558","targetHints":{"allow":["GET"]}}],"collection":[{"href":"https:\/\/www.deleurope.com\/de\/wp-json\/wp\/v2\/pages"}],"about":[{"href":"https:\/\/www.deleurope.com\/de\/wp-json\/wp\/v2\/types\/page"}],"author":[{"embeddable":true,"href":"https:\/\/www.deleurope.com\/de\/wp-json\/wp\/v2\/users\/17"}],"replies":[{"embeddable":true,"href":"https:\/\/www.deleurope.com\/de\/wp-json\/wp\/v2\/comments?post=3558"}],"version-history":[{"count":0,"href":"https:\/\/www.deleurope.com\/de\/wp-json\/wp\/v2\/pages\/3558\/revisions"}],"wp:featuredmedia":[{"embeddable":true,"href":"https:\/\/www.deleurope.com\/de\/wp-json\/wp\/v2\/media\/3190"}],"wp:attachment":[{"href":"https:\/\/www.deleurope.com\/de\/wp-json\/wp\/v2\/media?parent=3558"}],"curies":[{"name":"wp","href":"https:\/\/api.w.org\/{rel}","templated":true}]}}