{"id":3576,"date":"2024-01-23T10:46:03","date_gmt":"2024-01-23T10:46:03","guid":{"rendered":"https:\/\/www.deleurope.com\/die-fuehrenden-hotels-der-welt\/"},"modified":"2024-03-08T16:43:04","modified_gmt":"2024-03-08T16:43:04","slug":"the-leading-hotels-of-the-world","status":"publish","type":"page","link":"https:\/\/www.deleurope.com\/de\/the-leading-hotels-of-the-world\/","title":{"rendered":"LHW"},"content":{"rendered":"\n<div class=\"wp-block-columns margin-bottom-none is-layout-flex wp-container-core-columns-is-layout-9d6595d7 wp-block-columns-is-layout-flex\">\n<div class=\"wp-block-column two-texts-intro with-cta is-layout-flow wp-block-column-is-layout-flow\">\n<h2 class=\"wp-block-heading has-text-align-center rooms-description-white-box two-texts-bigger header-bigger with-cta has-extra-large-font-size\">BEMERKENSWERTE QUALIT\u00c4T &amp; UNGEW\u00d6HNLICHE ERLEBNISSE <\/h2>\n\n\n\n<p class=\"has-text-align-center\">Willkommen im De L&#8217;Europe Amsterdam, einer fesselnden Mischung aus Luxus und Tradition. Als angesehenes Mitglied von The Leading Hotels of the World repr\u00e4sentiert unser Home of Original Amsterdam Luxury die Essenz zeitloser Raffinesse und verbindet uns mit einer globalen Gemeinschaft, die sich seit 1928 f\u00fcr die einzigartigen Identit\u00e4ten unabh\u00e4ngiger Luxushotels einsetzt.<\/p>\n\n\n\n<div class=\"wp-block-buttons is-content-justification-center is-layout-flex wp-container-core-buttons-is-layout-16018d1d wp-block-buttons-is-layout-flex\">\n<div class=\"wp-block-button is-style-outline book-now is-style-outline--1\" style=\"text-transform:uppercase\"><a class=\"wp-block-button__link has-central-palette-7-color has-central-palette-1-background-color has-text-color has-background has-text-align-center wp-element-button\" href=\"https:\/\/www.lhw.com\/hotel\/DE-LEUROPE-Amsterdam-Amsterdam-Netherlands?rooms=1&amp;numadult1=2&amp;numchild1=0\" style=\"border-radius:0px\" target=\"_blank\" rel=\"noreferrer noopener\">mehr erfahren<\/a><\/div>\n<\/div>\n<\/div>\n<\/div>\n\n<div class=\"wp-block-columns top-border align-left-text text-on-left wrap-2-columns eat-and-drink-cards is-layout-flex wp-container-core-columns-is-layout-9d6595d7 wp-block-columns-is-layout-flex\" id=\"graziella\">\n<div class=\"wp-block-column is-vertically-aligned-center middle-align is-layout-flow wp-block-column-is-layout-flow\" style=\"flex-basis:40%\">\n<div class=\"wp-block-group\"><div class=\"wp-block-group__inner-container is-layout-constrained wp-block-group-is-layout-constrained\">\n<p class=\"has-text-align-center\">The Leading Hotels of the World ist eine prestigetr\u00e4chtige Sammlung luxuri\u00f6ser Hotels und Resorts, die f\u00fcr au\u00dfergew\u00f6hnlichen Service, un\u00fcbertroffene Eleganz und unvergessliche Erlebnisse stehen. Jedes Haus in diesem exklusiven Portfolio ist f\u00fcr anspruchsvolle Reisende konzipiert, die den Gipfel der Gastfreundschaft suchen, und verk\u00f6rpert un\u00fcbertroffene Qualit\u00e4t und unverwechselbaren Charakter. Diese Hotels, ob sie nun in ikonischen Stadtbildern, an unber\u00fchrten Str\u00e4nden oder inmitten atemberaubender Landschaften liegen, spiegeln das Engagement f\u00fcr Spitzenleistungen wider. Von verw\u00f6hnenden Annehmlichkeiten bis hin zu tadellosem Design verspricht The Leading Hotels of World eine Reise der Superlative, bei der die G\u00e4ste in unvergleichlichem Luxus schwelgen und Erinnerungen schaffen k\u00f6nnen, die \u00fcber ihren Aufenthalt hinaus bestehen bleiben.<\/p>\n\n\n\n<p class=\"has-text-align-center\"><strong>LHW-MITGLIED WERDEN<\/strong><\/p>\n\n\n\n<p class=\"has-text-align-center\">Werden Sie Mitglied im Leaders Club und profitieren Sie von exklusiven Privilegien und einem Treueprogramm, das sich \u00fcber alle Leading Hotels of the World erstreckt. Unser kostenloses Hotelpr\u00e4mienprogramm soll neugierige Reisende wie Sie zu weiteren Entdeckungen inspirieren. In diesem angesehenen Club zelebrieren wir die Individualit\u00e4t und belohnen unsere Mitglieder daf\u00fcr, dass sie sich f\u00fcr einen ungew\u00f6hnlichen Weg entscheiden und die einzigartigen Erfahrungen, die sie auf diesem Weg sammeln, zu sch\u00e4tzen wissen. Melden Sie sich jetzt an und profitieren Sie von einzigartigen Vorteilen, nicht nur im De L&#8217;Europe Amsterdam, sondern im gesamten Netzwerk der Leading Hotels of the World.<\/p>\n<\/div><\/div>\n\n\n\n<div class=\"wp-block-buttons is-content-justification-center is-layout-flex wp-container-core-buttons-is-layout-16018d1d wp-block-buttons-is-layout-flex\">\n<div class=\"wp-block-button is-style-outline book-now is-style-outline--2\" style=\"text-transform:uppercase\"><a class=\"wp-block-button__link has-central-palette-7-color has-central-palette-1-background-color has-text-color has-background has-text-align-center wp-element-button\" href=\"https:\/\/www.lhw.com\/leaders-club\/about\" style=\"border-radius:0px\" target=\"_blank\" rel=\"noreferrer noopener\">Erfahren Sie mehr \u00fcber den Leaders Club<\/a><\/div>\n<\/div>\n<\/div>\n\n\n\n<div class=\"wp-block-column slider-wrap padding-left-md is-layout-flow wp-block-column-is-layout-flow\" style=\"flex-basis:60%\">\n<figure class=\"wp-block-image size-full\"><img loading=\"lazy\" decoding=\"async\" width=\"1500\" height=\"1000\" src=\"https:\/\/deleurope.com\/wp-content\/uploads\/2024\/01\/LHW-De-LEurope-Amsterdam.jpg\" alt=\"De L'Europe Amsterdam\" class=\"wp-image-1741\" style=\"aspect-ratio:16\/9;object-fit:cover\" srcset=\"https:\/\/www.deleurope.com\/wp-content\/uploads\/2024\/01\/LHW-De-LEurope-Amsterdam.jpg 1500w, https:\/\/www.deleurope.com\/wp-content\/uploads\/2024\/01\/LHW-De-LEurope-Amsterdam-768x512.jpg 768w, https:\/\/www.deleurope.com\/wp-content\/uploads\/2024\/01\/LHW-De-LEurope-Amsterdam-600x400.jpg 600w\" sizes=\"auto, (max-width: 1500px) 100vw, 1500px\" \/><\/figure>\n<\/div>\n<\/div>\n\n<div class=\"wp-block-columns no-border-top with-subheader image_left_text_bg_right wrap-2-columns is-layout-flex wp-container-core-columns-is-layout-9d6595d7 wp-block-columns-is-layout-flex\">\n<div class=\"wp-block-column slider-wrap is-layout-flow wp-block-column-is-layout-flow\" style=\"flex-basis:50%\">\n<figure class=\"wp-block-image size-full\"><img loading=\"lazy\" decoding=\"async\" width=\"2500\" height=\"1703\" src=\"https:\/\/deleurope.com\/wp-content\/uploads\/2024\/02\/De-LEurope-Amsterdam-Lobby-2.jpg\" alt=\"\" class=\"wp-image-2166\" srcset=\"https:\/\/www.deleurope.com\/wp-content\/uploads\/2024\/02\/De-LEurope-Amsterdam-Lobby-2.jpg 2500w, https:\/\/www.deleurope.com\/wp-content\/uploads\/2024\/02\/De-LEurope-Amsterdam-Lobby-2-768x523.jpg 768w, https:\/\/www.deleurope.com\/wp-content\/uploads\/2024\/02\/De-LEurope-Amsterdam-Lobby-2-1536x1046.jpg 1536w, https:\/\/www.deleurope.com\/wp-content\/uploads\/2024\/02\/De-LEurope-Amsterdam-Lobby-2-2048x1395.jpg 2048w\" sizes=\"auto, (max-width: 2500px) 100vw, 2500px\" \/><\/figure>\n<\/div>\n\n\n\n<div class=\"wp-block-column is-vertically-aligned-center middle-align is-layout-flow wp-block-column-is-layout-flow\" style=\"flex-basis:50%\">\n<div class=\"wp-block-columns is-layout-flex wp-container-core-columns-is-layout-9d6595d7 wp-block-columns-is-layout-flex\">\n<div class=\"wp-block-column has-central-palette-4-background-color has-background is-layout-flow wp-block-column-is-layout-flow\">\n<h2 class=\"wp-block-heading has-text-align-center has-extra-large-font-size\">DIE VORTEILE<\/h2>\n\n\n\n<p><\/p>\n\n\n\n<ul class=\"wp-block-list\">\n<li><strong>Upgrades vor der Ankunft |<\/strong> Begeben Sie sich mit den Upgrades vor der Ankunft auf eine Reise mit mehr Luxus. Bei Ihrem ersten bezahlten qualifizierenden Aufenthalt schalten Sie ein Upgrade vor Ihrer Ankunft frei und genie\u00dfen w\u00e4hrend Ihrer Mitgliedschaft jeden Januar ein weiteres Upgrade. Beantragen Sie Ihr Upgrade bei der Buchung \u00fcber die entsprechenden Kan\u00e4le, und wenn m\u00f6glich, werden wir es vor Ihrer Ankunft best\u00e4tigen.<\/li>\n\n\n\n<li><strong>Leaders Club Points |<\/strong> Belohnen Sie sich f\u00fcr au\u00dfergew\u00f6hnliche Reiseziele und authentische Erlebnisse. Sammeln Sie 1 Punkt f\u00fcr jeden USD, den Sie f\u00fcr qualifizierende Aufenthalte ausgeben, und sammeln Sie damit Gratis\u00fcbernachtungen in unserer renommierten Kollektion. Mit Einl\u00f6sungen ab ca. 4.000 Punkten steht Ihre n\u00e4chste Gratis\u00fcbernachtung vor der T\u00fcr.<\/li>\n\n\n\n<li><strong>Vor-Ort-Vorteile |<\/strong> Erleben Sie an jedem Reiseziel einen herzlichen Empfang mit Vor-Ort-Vorteilen. Genie\u00dfen Sie bevorzugte Upgrades bei der Ankunft, ein t\u00e4gliches kontinentales Fr\u00fchst\u00fcck f\u00fcr zwei Personen und die M\u00f6glichkeit, fr\u00fch einzuchecken und sp\u00e4t auszuchecken.<\/li>\n\n\n\n<li><strong>Ersparnisse nur f\u00fcr Mitglieder | <\/strong>Entdecken Sie exklusive Privilegien, die nur f\u00fcr Leaders Club-Mitglieder reserviert sind, einschlie\u00dflich saisonaler Angebote und Zugang zu den niedrigsten verf\u00fcgbaren Preisen. Dar\u00fcber hinaus haben Sie die M\u00f6glichkeit, unsere neuesten Hotels zu besichtigen und Zugang zu exklusiven Extras f\u00fcr Mitglieder zu erhalten, die Ihr Reiseerlebnis mit einem Mehrwert bereichern. Begeben Sie sich auf eine Reise, auf der Ihre Leidenschaft f\u00fcr das Reisen gefeiert und belohnt wird. Werden Sie jetzt Mitglied im Leaders Club und genie\u00dfen Sie diese au\u00dfergew\u00f6hnlichen Vorteile nicht nur im De L&#8217;Europe Amsterdam, sondern im gesamten Netzwerk der Leading Hotels of the World.<\/li>\n<\/ul>\n\n\n\n<div class=\"wp-block-buttons is-content-justification-center is-layout-flex wp-container-core-buttons-is-layout-16018d1d wp-block-buttons-is-layout-flex\">\n<div class=\"wp-block-button is-style-outline not-italic is-style-outline--3\" style=\"text-transform:uppercase\"><a class=\"wp-block-button__link wp-element-button\" href=\"https:\/\/www.lhw.com\/account\/membership-signup\" style=\"border-radius:0px\" target=\"_blank\" rel=\"noreferrer noopener\">Mitglied im Leaders Club<\/a><\/div>\n<\/div>\n<\/div>\n<\/div>\n<\/div>\n<\/div>\n\n<div class=\"wp-block-columns special-request is-layout-flex wp-container-core-columns-is-layout-9d6595d7 wp-block-columns-is-layout-flex\">\n<div class=\"wp-block-column has-central-palette-11-background-color has-background is-layout-flow wp-block-column-is-layout-flow\">\n<h2 class=\"wp-block-heading has-text-align-center has-extra-large-font-size\">Besondere Anfrage<\/h2>\n\n\n\n<p class=\"has-text-align-center\">Wir freuen uns, Ihren besonderen Wunsch zu erf\u00fcllen. Ihr Komfort ist unsere Priorit\u00e4t, und wir freuen uns darauf, Ihnen ein angenehmes Erlebnis zu bieten.<\/p>\n\n\n\n<div class=\"wp-block-buttons is-content-justification-center is-layout-flex wp-container-core-buttons-is-layout-16018d1d wp-block-buttons-is-layout-flex\">\n<div class=\"wp-block-button is-style-outline not-italic is-style-outline--4\" style=\"text-transform:uppercase\"><a class=\"wp-block-button__link wp-element-button\" href=\"mailto:reservations@deleurope.com\" style=\"border-radius:0px\">ANFRAGE<\/a><\/div>\n<\/div>\n<\/div>\n<\/div>\n\n<div class=\"wp-block-columns faq-section has-central-palette-9-background-color has-background is-layout-flex wp-container-core-columns-is-layout-9d6595d7 wp-block-columns-is-layout-flex\">\n<div class=\"wp-block-column is-layout-flow wp-block-column-is-layout-flow\">\n<div class=\"wp-block-columns is-layout-flex wp-container-core-columns-is-layout-9d6595d7 wp-block-columns-is-layout-flex\">\n<div class=\"wp-block-column is-layout-flow wp-block-column-is-layout-flow\" style=\"flex-basis:24%\">\n<h2 class=\"wp-block-heading has-text-align-center has-extra-large-font-size\">F.A.Q<\/h2>\n\n\n\n<ul class=\"tab-faq-menu wp-block-list\">\n<li class=\"active-li\" style=\"text-transform:uppercase\">LEADERS CLUB<\/li>\n<\/ul>\n<\/div>\n\n\n\n<div class=\"wp-block-column is-layout-flow wp-block-column-is-layout-flow\" style=\"flex-basis:76%\">\n<div class=\"schema-faq wp-block-yoast-faq-block\"><div class=\"schema-faq-section\" id=\"faq-question-1697826231715\"><strong class=\"schema-faq-question\">Was ist der Leaders Club? <\/strong> <p class=\"schema-faq-answer\">Leaders Club ist das kostenlose Mitgliedschaftsprogramm f\u00fcr G\u00e4ste der mehr als 400 au\u00dfergew\u00f6hnlichen Hotels, die zu The Leading Hotels of the World geh\u00f6ren. Als Leaders Club-Mitglied erhalten Sie besondere Vorteile, Angebote und Ersparnisse, wenn Sie \u00fcber <a href=\"https:\/\/www.lhw.com\/customer-care\">LHW.com, ein LHW Worldwide Reservations and Service Center<\/a>, die Websites <a href=\"https:\/\/www.lhw.com\/leaders-club\/hotel-direct\">ausgew\u00e4hlter Mitgliedshotels<\/a> oder Ihr Reiseb\u00fcro vor Ort buchen. Erfahren Sie mehr <a href=\"https:\/\/www.lhw.com\/leaders-club\/faqs\">\u00fcber den Leaders Club<\/a>.<\/p> <\/div> <div class=\"schema-faq-section\" id=\"faq-question-1697827306389\"><strong class=\"schema-faq-question\">Wie kann ich dem Leaders Club beitreten?<\/strong> <p class=\"schema-faq-answer\">Um dem Leaders Club beizutreten, besuchen Sie die Website <a href=\"https:\/\/www.lhw.com\/account\/membership-signup\">zur Anmeldung der Mitgliedschaft<\/a> oder rufen Sie ein LHW Worldwide <a href=\"https:\/\/www.lhw.com\/leaders-club\/hotel-direct\">Reservations and Service Center<\/a> an. Sie k\u00f6nnen auch dem Leaders Club beitreten, indem Sie die Websites <a href=\"https:\/\/www.lhw.com\/leaders-club\/hotel-direct\">ausgew\u00e4hlter Mitgliedshotels<\/a> besuchen.<\/p> <\/div> <\/div>\n\n\n\n<div class=\"schema-faq wp-block-yoast-faq-block\"><div class=\"schema-faq-section\" id=\"faq-question-1706200967255\"><strong class=\"schema-faq-question\"><\/strong> <p class=\"schema-faq-answer\"><\/p> <\/div> <\/div>\n<\/div>\n<\/div>\n<\/div>\n<\/div>\n","protected":false},"excerpt":{"rendered":"<p>BEMERKENSWERTE QUALIT\u00c4T &amp; UNGEW\u00d6HNLICHE ERLEBNISSE Willkommen im De L&#8217;Europe Amsterdam, einer fesselnden Mischung aus Luxus und Tradition. Als angesehenes Mitglied von The Leading Hotels of the World repr\u00e4sentiert unser Home of Original Amsterdam Luxury die Essenz zeitloser Raffinesse und verbindet uns mit einer globalen Gemeinschaft, die sich seit 1928 f\u00fcr die einzigartigen Identit\u00e4ten unabh\u00e4ngiger Luxushotels [&hellip;]<\/p>\n","protected":false},"author":17,"featured_media":3578,"parent":0,"menu_order":3,"comment_status":"closed","ping_status":"closed","template":"","meta":{"_acf_changed":false,"footnotes":""},"class_list":["post-3576","page","type-page","status-publish","has-post-thumbnail","hentry"],"acf":[],"yoast_head":"<!-- This site is optimized with the Yoast SEO plugin v27.3 - https:\/\/yoast.com\/product\/yoast-seo-wordpress\/ -->\n<title>LHW - De L&#039;Europe Amsterdam<\/title>\n<meta name=\"robots\" content=\"index, follow, max-snippet:-1, max-image-preview:large, max-video-preview:-1\" \/>\n<link rel=\"canonical\" href=\"https:\/\/www.deleurope.com\/de\/the-leading-hotels-of-the-world\/\" \/>\n<meta property=\"og:locale\" content=\"de_DE\" \/>\n<meta property=\"og:type\" content=\"article\" \/>\n<meta property=\"og:title\" content=\"LHW - De L&#039;Europe Amsterdam\" \/>\n<meta property=\"og:description\" content=\"BEMERKENSWERTE QUALIT\u00c4T &amp; UNGEW\u00d6HNLICHE ERLEBNISSE Willkommen im De L&#8217;Europe Amsterdam, einer fesselnden Mischung aus Luxus und Tradition. Als angesehenes Mitglied von The Leading Hotels of the World repr\u00e4sentiert unser Home of Original Amsterdam Luxury die Essenz zeitloser Raffinesse und verbindet uns mit einer globalen Gemeinschaft, die sich seit 1928 f\u00fcr die einzigartigen Identit\u00e4ten unabh\u00e4ngiger Luxushotels [&hellip;]\" \/>\n<meta property=\"og:url\" content=\"https:\/\/www.deleurope.com\/de\/the-leading-hotels-of-the-world\/\" \/>\n<meta property=\"og:site_name\" content=\"De L&#039;Europe Amsterdam\" \/>\n<meta property=\"article:modified_time\" content=\"2024-03-08T16:43:04+00:00\" \/>\n<meta property=\"og:image\" content=\"https:\/\/www.deleurope.com\/wp-content\/uploads\/2024\/01\/DELEUROPE_Lowres_City-10.jpg\" \/>\n\t<meta property=\"og:image:width\" content=\"1680\" \/>\n\t<meta property=\"og:image:height\" content=\"727\" \/>\n\t<meta property=\"og:image:type\" content=\"image\/jpeg\" \/>\n<meta name=\"twitter:card\" content=\"summary_large_image\" \/>\n<meta name=\"twitter:label1\" content=\"Gesch\u00e4tzte Lesezeit\" \/>\n\t<meta name=\"twitter:data1\" content=\"4 Minuten\" \/>\n<script type=\"application\/ld+json\" class=\"yoast-schema-graph\">{\"@context\":\"https:\\\/\\\/schema.org\",\"@graph\":[{\"@type\":[\"WebPage\",\"FAQPage\"],\"@id\":\"https:\\\/\\\/www.deleurope.com\\\/de\\\/the-leading-hotels-of-the-world\\\/\",\"url\":\"https:\\\/\\\/www.deleurope.com\\\/de\\\/the-leading-hotels-of-the-world\\\/\",\"name\":\"LHW - De L&#039;Europe Amsterdam\",\"isPartOf\":{\"@id\":\"https:\\\/\\\/www.deleurope.com\\\/de\\\/#website\"},\"primaryImageOfPage\":{\"@id\":\"https:\\\/\\\/www.deleurope.com\\\/de\\\/the-leading-hotels-of-the-world\\\/#primaryimage\"},\"image\":{\"@id\":\"https:\\\/\\\/www.deleurope.com\\\/de\\\/the-leading-hotels-of-the-world\\\/#primaryimage\"},\"thumbnailUrl\":\"https:\\\/\\\/www.deleurope.com\\\/wp-content\\\/uploads\\\/2024\\\/01\\\/DELEUROPE_Lowres_City-10.jpg\",\"datePublished\":\"2024-01-23T10:46:03+00:00\",\"dateModified\":\"2024-03-08T16:43:04+00:00\",\"breadcrumb\":{\"@id\":\"https:\\\/\\\/www.deleurope.com\\\/de\\\/the-leading-hotels-of-the-world\\\/#breadcrumb\"},\"mainEntity\":[{\"@id\":\"https:\\\/\\\/www.deleurope.com\\\/de\\\/the-leading-hotels-of-the-world\\\/#faq-question-1697826231715\"},{\"@id\":\"https:\\\/\\\/www.deleurope.com\\\/de\\\/the-leading-hotels-of-the-world\\\/#faq-question-1697827306389\"}],\"inLanguage\":\"de-DE\",\"potentialAction\":[{\"@type\":\"ReadAction\",\"target\":[\"https:\\\/\\\/www.deleurope.com\\\/de\\\/the-leading-hotels-of-the-world\\\/\"]}]},{\"@type\":\"ImageObject\",\"inLanguage\":\"de-DE\",\"@id\":\"https:\\\/\\\/www.deleurope.com\\\/de\\\/the-leading-hotels-of-the-world\\\/#primaryimage\",\"url\":\"https:\\\/\\\/www.deleurope.com\\\/wp-content\\\/uploads\\\/2024\\\/01\\\/DELEUROPE_Lowres_City-10.jpg\",\"contentUrl\":\"https:\\\/\\\/www.deleurope.com\\\/wp-content\\\/uploads\\\/2024\\\/01\\\/DELEUROPE_Lowres_City-10.jpg\",\"width\":1680,\"height\":727},{\"@type\":\"BreadcrumbList\",\"@id\":\"https:\\\/\\\/www.deleurope.com\\\/de\\\/the-leading-hotels-of-the-world\\\/#breadcrumb\",\"itemListElement\":[{\"@type\":\"ListItem\",\"position\":1,\"name\":\"Home\",\"item\":\"https:\\\/\\\/www.deleurope.com\\\/de\\\/\"},{\"@type\":\"ListItem\",\"position\":2,\"name\":\"LHW\"}]},{\"@type\":\"WebSite\",\"@id\":\"https:\\\/\\\/www.deleurope.com\\\/de\\\/#website\",\"url\":\"https:\\\/\\\/www.deleurope.com\\\/de\\\/\",\"name\":\"De L&#039;Europe Amsterdam\",\"description\":\"Home of original Amsterdam luxury.\",\"potentialAction\":[{\"@type\":\"SearchAction\",\"target\":{\"@type\":\"EntryPoint\",\"urlTemplate\":\"https:\\\/\\\/www.deleurope.com\\\/de\\\/?s={search_term_string}\"},\"query-input\":{\"@type\":\"PropertyValueSpecification\",\"valueRequired\":true,\"valueName\":\"search_term_string\"}}],\"inLanguage\":\"de-DE\"},{\"@type\":\"Question\",\"@id\":\"https:\\\/\\\/www.deleurope.com\\\/de\\\/the-leading-hotels-of-the-world\\\/#faq-question-1697826231715\",\"position\":1,\"url\":\"https:\\\/\\\/www.deleurope.com\\\/de\\\/the-leading-hotels-of-the-world\\\/#faq-question-1697826231715\",\"name\":\"What is Leaders Club?\",\"answerCount\":1,\"acceptedAnswer\":{\"@type\":\"Answer\",\"text\":\"Leaders Club is the complimentary guest membership program of the more than 400 remarkably uncommon hotels that comprise The Leading Hotels of the World. As a Leaders Club member, you\u2019ll receive special benefits, offers, and savings when you book through\u202f <a href=\\\"https:\\\/\\\/www.lhw.com\\\/customer-care\\\">LHW.com, an\u202fLHW Worldwide Reservations and Service Center<\\\/a>, websites for <a href=\\\"https:\\\/\\\/www.lhw.com\\\/leaders-club\\\/hotel-direct\\\">select Member Hotels<\\\/a>, or your local travel agent. Learn more <a href=\\\"https:\\\/\\\/www.lhw.com\\\/leaders-club\\\/faqs\\\">About Leaders Club<\\\/a>.\",\"inLanguage\":\"de-DE\"},\"inLanguage\":\"de-DE\"},{\"@type\":\"Question\",\"@id\":\"https:\\\/\\\/www.deleurope.com\\\/de\\\/the-leading-hotels-of-the-world\\\/#faq-question-1697827306389\",\"position\":2,\"url\":\"https:\\\/\\\/www.deleurope.com\\\/de\\\/the-leading-hotels-of-the-world\\\/#faq-question-1697827306389\",\"name\":\"How do I join Leaders Club?\",\"answerCount\":1,\"acceptedAnswer\":{\"@type\":\"Answer\",\"text\":\"To join Leaders Club, visit <a href=\\\"https:\\\/\\\/www.lhw.com\\\/account\\\/membership-signup\\\">membership sign-up<\\\/a> or call an LHW Worldwide <a href=\\\"https:\\\/\\\/www.lhw.com\\\/leaders-club\\\/hotel-direct\\\">Reservations and Service Center<\\\/a>. You can also join Leaders Club by visiting websites for <a href=\\\"https:\\\/\\\/www.lhw.com\\\/leaders-club\\\/hotel-direct\\\">select Member Hotels<\\\/a>.\",\"inLanguage\":\"de-DE\"},\"inLanguage\":\"de-DE\"}]}<\/script>\n<!-- \/ Yoast SEO plugin. -->","yoast_head_json":{"title":"LHW - De L&#039;Europe Amsterdam","robots":{"index":"index","follow":"follow","max-snippet":"max-snippet:-1","max-image-preview":"max-image-preview:large","max-video-preview":"max-video-preview:-1"},"canonical":"https:\/\/www.deleurope.com\/de\/the-leading-hotels-of-the-world\/","og_locale":"de_DE","og_type":"article","og_title":"LHW - De L&#039;Europe Amsterdam","og_description":"BEMERKENSWERTE QUALIT\u00c4T &amp; UNGEW\u00d6HNLICHE ERLEBNISSE Willkommen im De L&#8217;Europe Amsterdam, einer fesselnden Mischung aus Luxus und Tradition. Als angesehenes Mitglied von The Leading Hotels of the World repr\u00e4sentiert unser Home of Original Amsterdam Luxury die Essenz zeitloser Raffinesse und verbindet uns mit einer globalen Gemeinschaft, die sich seit 1928 f\u00fcr die einzigartigen Identit\u00e4ten unabh\u00e4ngiger Luxushotels [&hellip;]","og_url":"https:\/\/www.deleurope.com\/de\/the-leading-hotels-of-the-world\/","og_site_name":"De L&#039;Europe Amsterdam","article_modified_time":"2024-03-08T16:43:04+00:00","og_image":[{"width":1680,"height":727,"url":"https:\/\/www.deleurope.com\/wp-content\/uploads\/2024\/01\/DELEUROPE_Lowres_City-10.jpg","type":"image\/jpeg"}],"twitter_card":"summary_large_image","twitter_misc":{"Gesch\u00e4tzte Lesezeit":"4 Minuten"},"schema":{"@context":"https:\/\/schema.org","@graph":[{"@type":["WebPage","FAQPage"],"@id":"https:\/\/www.deleurope.com\/de\/the-leading-hotels-of-the-world\/","url":"https:\/\/www.deleurope.com\/de\/the-leading-hotels-of-the-world\/","name":"LHW - De L&#039;Europe Amsterdam","isPartOf":{"@id":"https:\/\/www.deleurope.com\/de\/#website"},"primaryImageOfPage":{"@id":"https:\/\/www.deleurope.com\/de\/the-leading-hotels-of-the-world\/#primaryimage"},"image":{"@id":"https:\/\/www.deleurope.com\/de\/the-leading-hotels-of-the-world\/#primaryimage"},"thumbnailUrl":"https:\/\/www.deleurope.com\/wp-content\/uploads\/2024\/01\/DELEUROPE_Lowres_City-10.jpg","datePublished":"2024-01-23T10:46:03+00:00","dateModified":"2024-03-08T16:43:04+00:00","breadcrumb":{"@id":"https:\/\/www.deleurope.com\/de\/the-leading-hotels-of-the-world\/#breadcrumb"},"mainEntity":[{"@id":"https:\/\/www.deleurope.com\/de\/the-leading-hotels-of-the-world\/#faq-question-1697826231715"},{"@id":"https:\/\/www.deleurope.com\/de\/the-leading-hotels-of-the-world\/#faq-question-1697827306389"}],"inLanguage":"de-DE","potentialAction":[{"@type":"ReadAction","target":["https:\/\/www.deleurope.com\/de\/the-leading-hotels-of-the-world\/"]}]},{"@type":"ImageObject","inLanguage":"de-DE","@id":"https:\/\/www.deleurope.com\/de\/the-leading-hotels-of-the-world\/#primaryimage","url":"https:\/\/www.deleurope.com\/wp-content\/uploads\/2024\/01\/DELEUROPE_Lowres_City-10.jpg","contentUrl":"https:\/\/www.deleurope.com\/wp-content\/uploads\/2024\/01\/DELEUROPE_Lowres_City-10.jpg","width":1680,"height":727},{"@type":"BreadcrumbList","@id":"https:\/\/www.deleurope.com\/de\/the-leading-hotels-of-the-world\/#breadcrumb","itemListElement":[{"@type":"ListItem","position":1,"name":"Home","item":"https:\/\/www.deleurope.com\/de\/"},{"@type":"ListItem","position":2,"name":"LHW"}]},{"@type":"WebSite","@id":"https:\/\/www.deleurope.com\/de\/#website","url":"https:\/\/www.deleurope.com\/de\/","name":"De L&#039;Europe Amsterdam","description":"Home of original Amsterdam luxury.","potentialAction":[{"@type":"SearchAction","target":{"@type":"EntryPoint","urlTemplate":"https:\/\/www.deleurope.com\/de\/?s={search_term_string}"},"query-input":{"@type":"PropertyValueSpecification","valueRequired":true,"valueName":"search_term_string"}}],"inLanguage":"de-DE"},{"@type":"Question","@id":"https:\/\/www.deleurope.com\/de\/the-leading-hotels-of-the-world\/#faq-question-1697826231715","position":1,"url":"https:\/\/www.deleurope.com\/de\/the-leading-hotels-of-the-world\/#faq-question-1697826231715","name":"What is Leaders Club?","answerCount":1,"acceptedAnswer":{"@type":"Answer","text":"Leaders Club is the complimentary guest membership program of the more than 400 remarkably uncommon hotels that comprise The Leading Hotels of the World. As a Leaders Club member, you\u2019ll receive special benefits, offers, and savings when you book through\u202f <a href=\"https:\/\/www.lhw.com\/customer-care\">LHW.com, an\u202fLHW Worldwide Reservations and Service Center<\/a>, websites for <a href=\"https:\/\/www.lhw.com\/leaders-club\/hotel-direct\">select Member Hotels<\/a>, or your local travel agent. Learn more <a href=\"https:\/\/www.lhw.com\/leaders-club\/faqs\">About Leaders Club<\/a>.","inLanguage":"de-DE"},"inLanguage":"de-DE"},{"@type":"Question","@id":"https:\/\/www.deleurope.com\/de\/the-leading-hotels-of-the-world\/#faq-question-1697827306389","position":2,"url":"https:\/\/www.deleurope.com\/de\/the-leading-hotels-of-the-world\/#faq-question-1697827306389","name":"How do I join Leaders Club?","answerCount":1,"acceptedAnswer":{"@type":"Answer","text":"To join Leaders Club, visit <a href=\"https:\/\/www.lhw.com\/account\/membership-signup\">membership sign-up<\/a> or call an LHW Worldwide <a href=\"https:\/\/www.lhw.com\/leaders-club\/hotel-direct\">Reservations and Service Center<\/a>. You can also join Leaders Club by visiting websites for <a href=\"https:\/\/www.lhw.com\/leaders-club\/hotel-direct\">select Member Hotels<\/a>.","inLanguage":"de-DE"},"inLanguage":"de-DE"}]}},"featured_image_src":"https:\/\/www.deleurope.com\/wp-content\/uploads\/2024\/01\/DELEUROPE_Lowres_City-10-600x400.jpg","featured_image_src_square":"https:\/\/www.deleurope.com\/wp-content\/uploads\/2024\/01\/DELEUROPE_Lowres_City-10-600x600.jpg","_links":{"self":[{"href":"https:\/\/www.deleurope.com\/de\/wp-json\/wp\/v2\/pages\/3576","targetHints":{"allow":["GET"]}}],"collection":[{"href":"https:\/\/www.deleurope.com\/de\/wp-json\/wp\/v2\/pages"}],"about":[{"href":"https:\/\/www.deleurope.com\/de\/wp-json\/wp\/v2\/types\/page"}],"author":[{"embeddable":true,"href":"https:\/\/www.deleurope.com\/de\/wp-json\/wp\/v2\/users\/17"}],"replies":[{"embeddable":true,"href":"https:\/\/www.deleurope.com\/de\/wp-json\/wp\/v2\/comments?post=3576"}],"version-history":[{"count":0,"href":"https:\/\/www.deleurope.com\/de\/wp-json\/wp\/v2\/pages\/3576\/revisions"}],"wp:featuredmedia":[{"embeddable":true,"href":"https:\/\/www.deleurope.com\/de\/wp-json\/wp\/v2\/media\/3578"}],"wp:attachment":[{"href":"https:\/\/www.deleurope.com\/de\/wp-json\/wp\/v2\/media?parent=3576"}],"curies":[{"name":"wp","href":"https:\/\/api.w.org\/{rel}","templated":true}]}}