{"id":11221,"date":"2025-12-11T15:36:06","date_gmt":"2025-12-11T15:36:06","guid":{"rendered":"https:\/\/www.deleurope.com\/spa\/biologique-recherche-amsterdam\/"},"modified":"2025-12-29T09:15:51","modified_gmt":"2025-12-29T09:15:51","slug":"biologique-recherche-amsterdam","status":"publish","type":"page","link":"https:\/\/www.deleurope.com\/es\/spa\/biologique-recherche-amsterdam\/","title":{"rendered":"BIOLOGIQUE RECHERCHE AMSTERDAM"},"content":{"rendered":"\n<div class=\"wp-block-columns is-layout-flex wp-container-core-columns-is-layout-9d6595d7 wp-block-columns-is-layout-flex\">\n<div class=\"wp-block-column description-and-button is-layout-flow wp-block-column-is-layout-flow\">\n<p class=\"has-text-align-center rooms-description-white-box has-large-font-size\">Descubre un enfoque refinado del <strong>bienestar, la belleza y la relajaci\u00f3n<\/strong> en De L&#8217;Europe \u00c1msterdam. Nuestras experiencias Mente y Cuerpo se basan en la artesan\u00eda, la precisi\u00f3n y los resultados, y ofrecen algunos de los mejores tratamientos de spa de \u00c1msterdam. En el centro de nuestra filosof\u00eda est\u00e1 nuestra colaboraci\u00f3n con <strong>Biologique Recherche<\/strong>, la aclamada casa parisina de cuidado de la piel, famosa por su metodolog\u00eda cl\u00ednica, sus f\u00f3rmulas de alto rendimiento y sus tratamientos totalmente personalizados en el coraz\u00f3n de \u00c1msterdam.  <br\/><br\/>Monday to Sunday | 11h00 &#8211; 19h00<\/p>\n<\/div>\n<\/div>\n\n<div class=\"wp-block-columns text-on-left wrap-2-columns eat-and-drink-cards top-border is-layout-flex wp-container-core-columns-is-layout-9d6595d7 wp-block-columns-is-layout-flex\" id=\"graziella\">\n<div class=\"wp-block-column is-vertically-aligned-center middle-align is-layout-flow wp-block-column-is-layout-flow\" style=\"flex-basis:50%\">\n<h2 class=\"wp-block-heading has-text-align-center has-extra-large-font-size\" style=\"text-transform:capitalize\">Biologique Recherche Amsterdam<\/h2>\n\n\n\n<p class=\"has-text-align-center\"><strong>TRATAMIENTOS FACIALES DE ALTO RENDIMIENTO<\/strong><\/p>\n\n\n\n<div class=\"wp-block-group\"><div class=\"wp-block-group__inner-container is-layout-constrained wp-block-group-is-layout-constrained\">\n<p class=\"has-text-align-center\">Estamos orgullosos de traer <strong>Biologique Recherche<\/strong> a \u00c1msterdam, una filosof\u00eda de cuidado de la piel definida por la precisi\u00f3n cient\u00edfica, potentes ingredientes bot\u00e1nicos y biotecnol\u00f3gicos, y protocolos de tratamiento personalizados. Basado en m\u00e1s de 45 a\u00f1os de investigaci\u00f3n, cada ritual se adapta a tu <strong>Skin Instant\u00ae<\/strong> individual, proporcionando resultados visibles y una transformaci\u00f3n duradera de la piel. <\/p>\n\n\n\n<p class=\"has-text-align-center\">Desde tratamientos faciales espec\u00edficos hasta rituales de lifting avanzados, Biologique Recherche ofrece uno de los tratamientos faciales m\u00e1s eficaces y lujosos de \u00c1msterdam.<\/p>\n\n\n\n<div class=\"wp-block-buttons is-horizontal is-content-justification-center is-layout-flex wp-container-core-buttons-is-layout-499968f5 wp-block-buttons-is-layout-flex\">\n<div class=\"wp-block-button is-style-outline is-style-outline--1\"><a class=\"wp-block-button__link has-central-palette-1-color has-text-color has-text-align-center wp-element-button\" href=\"https:\/\/online.flippingbook.com\/view\/320293294\/3\/\" style=\"border-radius:0px;text-transform:uppercase\" target=\"_blank\" rel=\"noreferrer noopener\">MEN\u00da DE TRATAMIENTO<\/a><\/div>\n<\/div>\n<\/div><\/div>\n<\/div>\n\n\n\n<div class=\"wp-block-column slider-wrap padding-left-md is-layout-flow wp-block-column-is-layout-flow\" style=\"flex-basis:50%\">\n<figure class=\"wp-block-image size-full\"><img loading=\"lazy\" decoding=\"async\" width=\"2049\" height=\"2560\" src=\"https:\/\/www.deleurope.com\/wp-content\/uploads\/2025\/12\/9-scaled.jpg\" alt=\"\" class=\"wp-image-11321\" style=\"aspect-ratio:4\/3;object-fit:cover\" srcset=\"https:\/\/www.deleurope.com\/wp-content\/uploads\/2025\/12\/9-scaled.jpg 2049w, https:\/\/www.deleurope.com\/wp-content\/uploads\/2025\/12\/9-768x960.jpg 768w, https:\/\/www.deleurope.com\/wp-content\/uploads\/2025\/12\/9-1229x1536.jpg 1229w, https:\/\/www.deleurope.com\/wp-content\/uploads\/2025\/12\/9-1639x2048.jpg 1639w\" sizes=\"auto, (max-width: 2049px) 100vw, 2049px\" \/><\/figure>\n<\/div>\n<\/div>\n\n<div class=\"wp-block-columns no-border-top with-subheader image_left_text_bg_right wrap-2-columns is-layout-flex wp-container-core-columns-is-layout-9d6595d7 wp-block-columns-is-layout-flex\">\n<div class=\"wp-block-column slider-wrap is-layout-flow wp-block-column-is-layout-flow\" style=\"flex-basis:50%\">\n<figure class=\"wp-block-image size-full\"><img loading=\"lazy\" decoding=\"async\" width=\"2048\" height=\"2560\" src=\"https:\/\/www.deleurope.com\/wp-content\/uploads\/2025\/12\/11-scaled.jpg\" alt=\"\" class=\"wp-image-11326\" srcset=\"https:\/\/www.deleurope.com\/wp-content\/uploads\/2025\/12\/11-scaled.jpg 2048w, https:\/\/www.deleurope.com\/wp-content\/uploads\/2025\/12\/11-768x960.jpg 768w, https:\/\/www.deleurope.com\/wp-content\/uploads\/2025\/12\/11-1229x1536.jpg 1229w, https:\/\/www.deleurope.com\/wp-content\/uploads\/2025\/12\/11-1638x2048.jpg 1638w\" sizes=\"auto, (max-width: 2048px) 100vw, 2048px\" \/><\/figure>\n<\/div>\n\n\n\n<div class=\"wp-block-column is-vertically-aligned-center middle-align is-layout-flow wp-block-column-is-layout-flow\" style=\"flex-basis:50%\">\n<div class=\"wp-block-columns is-layout-flex wp-container-core-columns-is-layout-9d6595d7 wp-block-columns-is-layout-flex\">\n<div class=\"wp-block-column has-central-palette-4-background-color has-background is-layout-flow wp-block-column-is-layout-flow\">\n<h2 class=\"wp-block-heading has-text-align-center has-extra-large-font-size\">TRATAMIENTOS<\/h2>\n\n\n\n<h4 class=\"wp-block-heading has-text-align-center\">Nuestro men\u00fa incluye una cuidada selecci\u00f3n de tratamientos, disponibles en sesiones de 60, 90 y 120 minutos,<\/h4>\n\n\n\n<ul class=\"wp-block-list\">\n<li><strong>SOIN RESTRUCTURANT ET LISSANT<\/strong><br\/>Un tratamiento reestructurante y alisante que mejora la elasticidad, afina la textura y restaura los contornos naturales. Ideal para la piel que necesita tono, elevaci\u00f3n y vitalidad renovada. <\/li>\n\n\n\n<li><strong>SOIN MC110<\/strong><br\/>Dise\u00f1ado para suavizar el aspecto de las arrugas y las l\u00edneas de expresi\u00f3n, este tratamiento revitaliza la piel apagada Skin Instants\u00ae. El rostro, el cuello y el escote aparecen m\u00e1s definidos, tonificados y luminosos <\/li>\n\n\n\n<li><strong>SOIN LIFT C.V.S.<\/strong><br\/>Un ritual exfoliante y reafirmante que utiliza una t\u00e9cnica especializada de lifting manual. Perfecto para los Skin Instants\u00ae m\u00e1s gruesos o fatigados que buscan una firmeza renovada y un aspecto levantado y m\u00e1s joven. <\/li>\n\n\n\n<li><strong>SOIN SECONDE PEAU<br\/><\/strong>Este tratamiento regenerador y lifting est\u00e1 compuesto por una mascarilla electrospun que contiene un 80% de \u00e1cido hialur\u00f3nico de calidad farmac\u00e9utica. Est\u00e1 dise\u00f1ada para los Skin Instants\u00ae alterados y proporciona unos resultados excepcionales de relleno, alisamiento y revitalizaci\u00f3n. <\/li>\n<\/ul>\n\n\n\n<div class=\"wp-block-buttons is-content-justification-center is-layout-flex wp-container-core-buttons-is-layout-16018d1d wp-block-buttons-is-layout-flex\">\n<div class=\"wp-block-button is-style-outline is-style-outline--2\"><a class=\"wp-block-button__link wp-element-button\" href=\"#request\" style=\"border-radius:0px;text-transform:uppercase\">Solicitar tratamiento<\/a><\/div>\n<\/div>\n<\/div>\n<\/div>\n<\/div>\n<\/div>\n\n<div class=\"wp-block-columns text-on-left wrap-2-columns eat-and-drink-cards is-layout-flex wp-container-core-columns-is-layout-9d6595d7 wp-block-columns-is-layout-flex\" id=\"graziella\">\n<div class=\"wp-block-column is-vertically-aligned-center middle-align is-layout-flow wp-block-column-is-layout-flow\" style=\"flex-basis:50%\">\n<h2 class=\"wp-block-heading has-text-align-center has-extra-large-font-size\" style=\"text-transform:capitalize\">Biologique Recherche Metodolog\u00eda<\/h2>\n\n\n\n<div class=\"wp-block-group\"><div class=\"wp-block-group__inner-container is-layout-constrained wp-block-group-is-layout-constrained\">\n<p class=\"has-text-align-center\">Cada <strong>tratamiento Biologique Recherche<\/strong> sigue una metodolog\u00eda en tres fases que garantiza precisi\u00f3n, rendimiento y una profunda transformaci\u00f3n de la piel.<\/p>\n\n\n\n<p class=\"has-text-align-center\"><strong>EVALUACI\u00d3N<\/strong><br\/>Un diagn\u00f3stico personalizado mediante Skin Instant\u00ae Lab, VisioLab\u00ae y una consulta detallada. Esta evaluaci\u00f3n define tu Skin Instant\u00ae y determina el tratamiento y los productos adecuados. <\/p>\n\n\n\n<p class=\"has-text-align-center\"><strong>PREPARACI\u00d3N<\/strong><br\/>La piel se limpia a fondo y se refina con la emblem\u00e1tica Loci\u00f3n P50 de Biologique Recherche, un masaje facial y una mascarilla purificante, lo que garantiza unas condiciones \u00f3ptimas para que los principios activos act\u00faen con eficacia.<\/p>\n\n\n\n<p class=\"has-text-align-center\"><strong>TRATAMIENTO<\/strong><br\/>Se aplican sueros, cremas y f\u00f3rmulas de acabado de alta concentraci\u00f3n mediante t\u00e9cnicas manuales precisas que estimulan la regeneraci\u00f3n, esculpen los contornos y mejoran la elasticidad para conseguir un cutis revitalizado y radiante.<\/p>\n\n\n\n<div class=\"wp-block-buttons is-horizontal is-content-justification-center is-layout-flex wp-container-core-buttons-is-layout-499968f5 wp-block-buttons-is-layout-flex\">\n<div class=\"wp-block-button is-style-outline is-style-outline--3\"><a class=\"wp-block-button__link has-central-palette-1-color has-text-color has-text-align-center wp-element-button\" href=\"#request\" style=\"border-radius:0px;text-transform:uppercase\">SOLICITAR TRATAMIENTO<\/a><\/div>\n<\/div>\n<\/div><\/div>\n<\/div>\n\n\n\n<div class=\"wp-block-column slider-wrap padding-left-md is-layout-flow wp-block-column-is-layout-flow\" style=\"flex-basis:50%\">\n<figure class=\"wp-block-image size-full\"><img loading=\"lazy\" decoding=\"async\" width=\"2048\" height=\"2560\" src=\"https:\/\/www.deleurope.com\/wp-content\/uploads\/2025\/12\/4-scaled.jpg\" alt=\"\" class=\"wp-image-11316\" style=\"aspect-ratio:4\/3;object-fit:cover\" srcset=\"https:\/\/www.deleurope.com\/wp-content\/uploads\/2025\/12\/4-scaled.jpg 2048w, https:\/\/www.deleurope.com\/wp-content\/uploads\/2025\/12\/4-768x960.jpg 768w, https:\/\/www.deleurope.com\/wp-content\/uploads\/2025\/12\/4-1229x1536.jpg 1229w, https:\/\/www.deleurope.com\/wp-content\/uploads\/2025\/12\/4-1638x2048.jpg 1638w\" sizes=\"auto, (max-width: 2048px) 100vw, 2048px\" \/><\/figure>\n<\/div>\n<\/div>\n\n<div class=\"wp-block-columns text-on-left wrap-2-columns eat-and-drink-cards is-layout-flex wp-container-core-columns-is-layout-9d6595d7 wp-block-columns-is-layout-flex\" id=\"graziella\">\n<div class=\"wp-block-column is-vertically-aligned-center middle-align is-layout-flow wp-block-column-is-layout-flow\" style=\"flex-basis:50%\">\n<h2 class=\"wp-block-heading has-text-align-center has-extra-large-font-size\" style=\"text-transform:capitalize\">Una experiencia de Bienestar completa<\/h2>\n\n\n\n<div class=\"wp-block-group\"><div class=\"wp-block-group__inner-container is-layout-constrained wp-block-group-is-layout-constrained\">\n<p class=\"has-text-align-center\">Invitamos a los hu\u00e9spedes a continuar su viaje de bienestar en nuestras serenas zonas de spa y relajaci\u00f3n. Disfruta de relajantes instalaciones de bienestar, una piscina cubierta climatizada y relajantes saunas: el entorno ideal para desconectar, recargar pilas y complementar tu ritual de tratamiento. <\/p>\n\n\n\n<p class=\"has-text-align-center\">Para quienes deseen disfrutar de nuestras instalaciones sin reservar una noche, disponemos de <strong>pases de un d\u00eda<\/strong>. Esto permite tanto a los hu\u00e9spedes del hotel como a los visitantes externos disfrutar de una de las experiencias de pase de d\u00eda de bienestar m\u00e1s elevadas de \u00c1msterdam, con acceso completo a nuestra piscina, saunas y tranquilas zonas de relajaci\u00f3n. <\/p>\n<\/div><\/div>\n<\/div>\n\n\n\n<div class=\"wp-block-column slider-wrap padding-left-md is-layout-flow wp-block-column-is-layout-flow\" style=\"flex-basis:50%\">\n<figure class=\"wp-block-image size-large\"><img loading=\"lazy\" decoding=\"async\" width=\"800\" height=\"600\" src=\"https:\/\/www.deleurope.com\/wp-content\/uploads\/2024\/01\/Mind-Body-1-800x600.jpg\" alt=\"Spa y Bienestar De L'Europe\" class=\"wp-image-1952\" style=\"aspect-ratio:4\/3;object-fit:cover\" srcset=\"https:\/\/www.deleurope.com\/wp-content\/uploads\/2024\/01\/Mind-Body-1-800x600.jpg 800w, https:\/\/www.deleurope.com\/wp-content\/uploads\/2024\/01\/Mind-Body-1-400x300.jpg 400w\" sizes=\"auto, (max-width: 800px) 100vw, 800px\" \/><\/figure>\n<\/div>\n<\/div>\n\n<div class=\"wp-block-columns special-request contact-form is-layout-flex wp-container-core-columns-is-layout-9d6595d7 wp-block-columns-is-layout-flex\" id=\"enquire\">\n<div class=\"wp-block-column has-central-palette-11-background-color has-background is-layout-flow wp-block-column-is-layout-flow\">\n<h2 class=\"wp-block-heading has-text-align-center has-extra-large-font-size\" id=\"request\">Solicitar tratamiento<\/h2>\n\n\n\n<p class=\"has-text-align-center\">Estaremos encantados de atender tu petici\u00f3n. Perm\u00edtenos ayudarte con tu reserva, y esperamos poder garantizarte una experiencia agradable.<\/p>\n\n\n\n<div class=\"wp-block-contact-form-7-contact-form-selector\"><p class=\"wpcf7-contact-form-not-found\"><strong>Error:<\/strong> Formulario de contacto no encontrado.<\/p><\/div>\n<\/div>\n<\/div>\n","protected":false},"excerpt":{"rendered":"<p>Descubre un enfoque refinado del bienestar, la belleza y la relajaci\u00f3n en De L&#8217;Europe \u00c1msterdam. Nuestras experiencias Mente y Cuerpo se basan en la artesan\u00eda, la precisi\u00f3n y los resultados, y ofrecen algunos de los mejores tratamientos de spa de \u00c1msterdam. En el centro de nuestra filosof\u00eda est\u00e1 nuestra colaboraci\u00f3n con Biologique Recherche, la aclamada [&hellip;]<\/p>\n","protected":false},"author":17,"featured_media":10809,"parent":3881,"menu_order":0,"comment_status":"closed","ping_status":"closed","template":"","meta":{"_acf_changed":false,"footnotes":""},"class_list":["post-11221","page","type-page","status-publish","has-post-thumbnail","hentry"],"acf":[],"yoast_head":"<!-- This site is optimized with the Yoast SEO plugin v27.3 - https:\/\/yoast.com\/product\/yoast-seo-wordpress\/ -->\n<title>Tratamientos faciales Biologique Recherche | De L&#039;Europe Amsterdam<\/title>\n<meta name=\"description\" content=\"Experimenta los tratamientos faciales Biologique Recherche en De L&#039;Europe \u00c1msterdam. Descubre el cuidado de la piel y los tratamientos de lujo. M\u00e1s informaci\u00f3n.\" \/>\n<meta name=\"robots\" content=\"index, follow, max-snippet:-1, max-image-preview:large, max-video-preview:-1\" \/>\n<link rel=\"canonical\" href=\"https:\/\/www.deleurope.com\/es\/spa\/biologique-recherche-amsterdam\/\" \/>\n<meta property=\"og:locale\" content=\"es_ES\" \/>\n<meta property=\"og:type\" content=\"article\" \/>\n<meta property=\"og:title\" content=\"Tratamientos faciales Biologique Recherche | De L&#039;Europe Amsterdam\" \/>\n<meta property=\"og:description\" content=\"Experimenta los tratamientos faciales Biologique Recherche en De L&#039;Europe \u00c1msterdam. Descubre el cuidado de la piel y los tratamientos de lujo. M\u00e1s informaci\u00f3n.\" \/>\n<meta property=\"og:url\" content=\"https:\/\/www.deleurope.com\/es\/spa\/biologique-recherche-amsterdam\/\" \/>\n<meta property=\"og:site_name\" content=\"De L&#039;Europe Amsterdam\" \/>\n<meta property=\"article:modified_time\" content=\"2025-12-29T09:15:51+00:00\" \/>\n<meta property=\"og:image\" content=\"https:\/\/www.deleurope.com\/wp-content\/uploads\/2025\/11\/De-LEurope-Amsterdam-Biologique-Recherche-2-3-1.png\" \/>\n\t<meta property=\"og:image:width\" content=\"700\" \/>\n\t<meta property=\"og:image:height\" content=\"500\" \/>\n\t<meta property=\"og:image:type\" content=\"image\/png\" \/>\n<meta name=\"twitter:card\" content=\"summary_large_image\" \/>\n<meta name=\"twitter:label1\" content=\"Tiempo de lectura\" \/>\n\t<meta name=\"twitter:data1\" content=\"3 minutos\" \/>\n<script type=\"application\/ld+json\" class=\"yoast-schema-graph\">{\"@context\":\"https:\\\/\\\/schema.org\",\"@graph\":[{\"@type\":\"WebPage\",\"@id\":\"https:\\\/\\\/www.deleurope.com\\\/es\\\/spa\\\/biologique-recherche-amsterdam\\\/\",\"url\":\"https:\\\/\\\/www.deleurope.com\\\/es\\\/spa\\\/biologique-recherche-amsterdam\\\/\",\"name\":\"Tratamientos faciales Biologique Recherche | De L'Europe Amsterdam\",\"isPartOf\":{\"@id\":\"https:\\\/\\\/www.deleurope.com\\\/es\\\/#website\"},\"primaryImageOfPage\":{\"@id\":\"https:\\\/\\\/www.deleurope.com\\\/es\\\/spa\\\/biologique-recherche-amsterdam\\\/#primaryimage\"},\"image\":{\"@id\":\"https:\\\/\\\/www.deleurope.com\\\/es\\\/spa\\\/biologique-recherche-amsterdam\\\/#primaryimage\"},\"thumbnailUrl\":\"https:\\\/\\\/www.deleurope.com\\\/wp-content\\\/uploads\\\/2025\\\/11\\\/De-LEurope-Amsterdam-Biologique-Recherche-2-3-1.png\",\"datePublished\":\"2025-12-11T15:36:06+00:00\",\"dateModified\":\"2025-12-29T09:15:51+00:00\",\"description\":\"Experimenta los tratamientos faciales Biologique Recherche en De L'Europe \u00c1msterdam. Descubre el cuidado de la piel y los tratamientos de lujo. M\u00e1s informaci\u00f3n.\",\"breadcrumb\":{\"@id\":\"https:\\\/\\\/www.deleurope.com\\\/es\\\/spa\\\/biologique-recherche-amsterdam\\\/#breadcrumb\"},\"inLanguage\":\"es\",\"potentialAction\":[{\"@type\":\"ReadAction\",\"target\":[\"https:\\\/\\\/www.deleurope.com\\\/es\\\/spa\\\/biologique-recherche-amsterdam\\\/\"]}]},{\"@type\":\"ImageObject\",\"inLanguage\":\"es\",\"@id\":\"https:\\\/\\\/www.deleurope.com\\\/es\\\/spa\\\/biologique-recherche-amsterdam\\\/#primaryimage\",\"url\":\"https:\\\/\\\/www.deleurope.com\\\/wp-content\\\/uploads\\\/2025\\\/11\\\/De-LEurope-Amsterdam-Biologique-Recherche-2-3-1.png\",\"contentUrl\":\"https:\\\/\\\/www.deleurope.com\\\/wp-content\\\/uploads\\\/2025\\\/11\\\/De-LEurope-Amsterdam-Biologique-Recherche-2-3-1.png\",\"width\":700,\"height\":500,\"caption\":\"De L'Europe Amsterdam - Biologique Recherche - Treatment\"},{\"@type\":\"BreadcrumbList\",\"@id\":\"https:\\\/\\\/www.deleurope.com\\\/es\\\/spa\\\/biologique-recherche-amsterdam\\\/#breadcrumb\",\"itemListElement\":[{\"@type\":\"ListItem\",\"position\":1,\"name\":\"Home\",\"item\":\"https:\\\/\\\/www.deleurope.com\\\/es\\\/\"},{\"@type\":\"ListItem\",\"position\":2,\"name\":\"MENTE Y CUERPO\",\"item\":\"https:\\\/\\\/www.deleurope.com\\\/es\\\/spa\\\/\"},{\"@type\":\"ListItem\",\"position\":3,\"name\":\"BIOLOGIQUE RECHERCHE AMSTERDAM\"}]},{\"@type\":\"WebSite\",\"@id\":\"https:\\\/\\\/www.deleurope.com\\\/es\\\/#website\",\"url\":\"https:\\\/\\\/www.deleurope.com\\\/es\\\/\",\"name\":\"De L&#039;Europe Amsterdam\",\"description\":\"Home of original Amsterdam luxury.\",\"potentialAction\":[{\"@type\":\"SearchAction\",\"target\":{\"@type\":\"EntryPoint\",\"urlTemplate\":\"https:\\\/\\\/www.deleurope.com\\\/es\\\/?s={search_term_string}\"},\"query-input\":{\"@type\":\"PropertyValueSpecification\",\"valueRequired\":true,\"valueName\":\"search_term_string\"}}],\"inLanguage\":\"es\"}]}<\/script>\n<!-- \/ Yoast SEO plugin. -->","yoast_head_json":{"title":"Tratamientos faciales Biologique Recherche | De L'Europe Amsterdam","description":"Experimenta los tratamientos faciales Biologique Recherche en De L'Europe \u00c1msterdam. Descubre el cuidado de la piel y los tratamientos de lujo. M\u00e1s informaci\u00f3n.","robots":{"index":"index","follow":"follow","max-snippet":"max-snippet:-1","max-image-preview":"max-image-preview:large","max-video-preview":"max-video-preview:-1"},"canonical":"https:\/\/www.deleurope.com\/es\/spa\/biologique-recherche-amsterdam\/","og_locale":"es_ES","og_type":"article","og_title":"Tratamientos faciales Biologique Recherche | De L'Europe Amsterdam","og_description":"Experimenta los tratamientos faciales Biologique Recherche en De L'Europe \u00c1msterdam. Descubre el cuidado de la piel y los tratamientos de lujo. M\u00e1s informaci\u00f3n.","og_url":"https:\/\/www.deleurope.com\/es\/spa\/biologique-recherche-amsterdam\/","og_site_name":"De L&#039;Europe Amsterdam","article_modified_time":"2025-12-29T09:15:51+00:00","og_image":[{"width":700,"height":500,"url":"https:\/\/www.deleurope.com\/wp-content\/uploads\/2025\/11\/De-LEurope-Amsterdam-Biologique-Recherche-2-3-1.png","type":"image\/png"}],"twitter_card":"summary_large_image","twitter_misc":{"Tiempo de lectura":"3 minutos"},"schema":{"@context":"https:\/\/schema.org","@graph":[{"@type":"WebPage","@id":"https:\/\/www.deleurope.com\/es\/spa\/biologique-recherche-amsterdam\/","url":"https:\/\/www.deleurope.com\/es\/spa\/biologique-recherche-amsterdam\/","name":"Tratamientos faciales Biologique Recherche | De L'Europe Amsterdam","isPartOf":{"@id":"https:\/\/www.deleurope.com\/es\/#website"},"primaryImageOfPage":{"@id":"https:\/\/www.deleurope.com\/es\/spa\/biologique-recherche-amsterdam\/#primaryimage"},"image":{"@id":"https:\/\/www.deleurope.com\/es\/spa\/biologique-recherche-amsterdam\/#primaryimage"},"thumbnailUrl":"https:\/\/www.deleurope.com\/wp-content\/uploads\/2025\/11\/De-LEurope-Amsterdam-Biologique-Recherche-2-3-1.png","datePublished":"2025-12-11T15:36:06+00:00","dateModified":"2025-12-29T09:15:51+00:00","description":"Experimenta los tratamientos faciales Biologique Recherche en De L'Europe \u00c1msterdam. Descubre el cuidado de la piel y los tratamientos de lujo. M\u00e1s informaci\u00f3n.","breadcrumb":{"@id":"https:\/\/www.deleurope.com\/es\/spa\/biologique-recherche-amsterdam\/#breadcrumb"},"inLanguage":"es","potentialAction":[{"@type":"ReadAction","target":["https:\/\/www.deleurope.com\/es\/spa\/biologique-recherche-amsterdam\/"]}]},{"@type":"ImageObject","inLanguage":"es","@id":"https:\/\/www.deleurope.com\/es\/spa\/biologique-recherche-amsterdam\/#primaryimage","url":"https:\/\/www.deleurope.com\/wp-content\/uploads\/2025\/11\/De-LEurope-Amsterdam-Biologique-Recherche-2-3-1.png","contentUrl":"https:\/\/www.deleurope.com\/wp-content\/uploads\/2025\/11\/De-LEurope-Amsterdam-Biologique-Recherche-2-3-1.png","width":700,"height":500,"caption":"De L'Europe Amsterdam - Biologique Recherche - Treatment"},{"@type":"BreadcrumbList","@id":"https:\/\/www.deleurope.com\/es\/spa\/biologique-recherche-amsterdam\/#breadcrumb","itemListElement":[{"@type":"ListItem","position":1,"name":"Home","item":"https:\/\/www.deleurope.com\/es\/"},{"@type":"ListItem","position":2,"name":"MENTE Y CUERPO","item":"https:\/\/www.deleurope.com\/es\/spa\/"},{"@type":"ListItem","position":3,"name":"BIOLOGIQUE RECHERCHE AMSTERDAM"}]},{"@type":"WebSite","@id":"https:\/\/www.deleurope.com\/es\/#website","url":"https:\/\/www.deleurope.com\/es\/","name":"De L&#039;Europe Amsterdam","description":"Home of original Amsterdam luxury.","potentialAction":[{"@type":"SearchAction","target":{"@type":"EntryPoint","urlTemplate":"https:\/\/www.deleurope.com\/es\/?s={search_term_string}"},"query-input":{"@type":"PropertyValueSpecification","valueRequired":true,"valueName":"search_term_string"}}],"inLanguage":"es"}]}},"featured_image_src":"https:\/\/www.deleurope.com\/wp-content\/uploads\/2025\/11\/De-LEurope-Amsterdam-Biologique-Recherche-2-3-1-600x400.png","featured_image_src_square":"https:\/\/www.deleurope.com\/wp-content\/uploads\/2025\/11\/De-LEurope-Amsterdam-Biologique-Recherche-2-3-1-600x500.png","_links":{"self":[{"href":"https:\/\/www.deleurope.com\/es\/wp-json\/wp\/v2\/pages\/11221","targetHints":{"allow":["GET"]}}],"collection":[{"href":"https:\/\/www.deleurope.com\/es\/wp-json\/wp\/v2\/pages"}],"about":[{"href":"https:\/\/www.deleurope.com\/es\/wp-json\/wp\/v2\/types\/page"}],"author":[{"embeddable":true,"href":"https:\/\/www.deleurope.com\/es\/wp-json\/wp\/v2\/users\/17"}],"replies":[{"embeddable":true,"href":"https:\/\/www.deleurope.com\/es\/wp-json\/wp\/v2\/comments?post=11221"}],"version-history":[{"count":0,"href":"https:\/\/www.deleurope.com\/es\/wp-json\/wp\/v2\/pages\/11221\/revisions"}],"up":[{"embeddable":true,"href":"https:\/\/www.deleurope.com\/es\/wp-json\/wp\/v2\/pages\/3881"}],"wp:featuredmedia":[{"embeddable":true,"href":"https:\/\/www.deleurope.com\/es\/wp-json\/wp\/v2\/media\/10809"}],"wp:attachment":[{"href":"https:\/\/www.deleurope.com\/es\/wp-json\/wp\/v2\/media?parent=11221"}],"curies":[{"name":"wp","href":"https:\/\/api.w.org\/{rel}","templated":true}]}}