{"id":12125,"date":"2026-01-13T13:02:20","date_gmt":"2026-01-13T13:02:20","guid":{"rendered":"https:\/\/www.deleurope.com\/ofertas-y-paquetes\/ofertas-para-eventos-privados\/"},"modified":"2026-01-23T14:00:29","modified_gmt":"2026-01-23T14:00:29","slug":"ofertas-para-eventos-privados","status":"publish","type":"page","link":"https:\/\/www.deleurope.com\/es\/ofertas-y-paquetes\/ofertas-para-eventos-privados\/","title":{"rendered":"Ofertas para eventos privados"},"content":{"rendered":"\n<p class=\"has-text-align-center rooms-description-white-box has-large-font-size\">Organiza tu pr\u00f3ximo evento privado o reuni\u00f3n de negocios en De L&#8217;Europe \u00c1msterdam y benef\u00edciate de una promoci\u00f3n exclusiva para eventos privados del primer trimestre de 2026. Desde refinadas reuniones de juntas directivas hasta elegantes reuniones de empresa, esta oferta por tiempo limitado combina un servicio de cinco estrellas con un valor excepcional en el coraz\u00f3n de \u00c1msterdam. <\/p>\n\n<p class=\"has-text-align-center rooms-description-white-box has-large-font-size\">Disponible para eventos de enero a marzo de 2026.<\/p>\n\n<div class=\"wp-block-buttons is-content-justification-center is-layout-flex wp-container-core-buttons-is-layout-16018d1d wp-block-buttons-is-layout-flex\">\n<div class=\"wp-block-button is-style-outline book-now is-style-outline--1\"><a class=\"wp-block-button__link has-central-palette-7-color has-central-palette-1-background-color has-text-color has-background has-text-align-center wp-element-button\" href=\"#request\" style=\"border-radius:0px;text-transform:uppercase\">solicitar oferta<\/a><\/div>\n<\/div>\n\n<div style=\"color:#ddd\" class=\"wp-block-genesis-blocks-gb-spacer gb-block-spacer gb-divider-solid gb-divider-size-1\"><hr style=\"height:29px\"><\/div>\n\n<div class=\"wp-block-columns with-subheader image_left_text_bg_right wrap-2-columns is-layout-flex wp-container-core-columns-is-layout-9d6595d7 wp-block-columns-is-layout-flex\">\n<div class=\"wp-block-column slider-wrap is-layout-flow wp-block-column-is-layout-flow\" style=\"flex-basis:50%\">\n<figure class=\"wp-block-image size-full\"><img loading=\"lazy\" decoding=\"async\" width=\"1680\" height=\"897\" src=\"https:\/\/www.deleurope.com\/wp-content\/uploads\/2024\/02\/De-LEurope-Exterior.webp\" alt=\"\" class=\"wp-image-2674\" style=\"aspect-ratio:4\/3;object-fit:cover\" srcset=\"https:\/\/www.deleurope.com\/wp-content\/uploads\/2024\/02\/De-LEurope-Exterior.webp 1680w, https:\/\/www.deleurope.com\/wp-content\/uploads\/2024\/02\/De-LEurope-Exterior-768x410.webp 768w, https:\/\/www.deleurope.com\/wp-content\/uploads\/2024\/02\/De-LEurope-Exterior-1536x820.webp 1536w\" sizes=\"auto, (max-width: 1680px) 100vw, 1680px\" \/><\/figure>\n<\/div>\n\n\n\n<div class=\"wp-block-column is-vertically-aligned-center middle-align is-layout-flow wp-block-column-is-layout-flow\" style=\"flex-basis:50%\">\n<div class=\"wp-block-columns is-layout-flex wp-container-core-columns-is-layout-9d6595d7 wp-block-columns-is-layout-flex\">\n<div class=\"wp-block-column has-central-palette-4-background-color has-background is-layout-flow wp-block-column-is-layout-flow\">\n<h2 class=\"wp-block-heading has-text-align-center has-extra-large-font-size\">OFERTAS EVENTOS PRIVADOS<\/h2>\n\n\n\n<ul class=\"wp-block-list\">\n<li>20% de descuento en el alquiler de habitaciones<\/li>\n\n\n\n<li>Una tarifa reducida a 125 euros por jornada completa y 95 euros por media jornada de reuni\u00f3n<\/li>\n\n\n\n<li>Arreglos florales est\u00e1ndar gratuitos para eventos a partir de 20 invitados<\/li>\n\n\n\n<li>Oferta disponible desde el 1 de enero de 2026 hasta el 14 de enero de 2026.<\/li>\n<\/ul>\n\n\n\n<div class=\"wp-block-buttons is-horizontal is-content-justification-center is-layout-flex wp-container-core-buttons-is-layout-499968f5 wp-block-buttons-is-layout-flex\">\n<div class=\"wp-block-button is-style-outline is-style-outline--2\"><a class=\"wp-block-button__link has-central-palette-1-color has-text-color has-text-align-center wp-element-button\" href=\"#request\" style=\"border-radius:0px;text-transform:uppercase\">Solicita<\/a><\/div>\n<\/div>\n<\/div>\n<\/div>\n<\/div>\n<\/div>\n\n<div class=\"wp-block-columns text-on-left wrap-2-columns eat-and-drink-cards is-layout-flex wp-container-core-columns-is-layout-9d6595d7 wp-block-columns-is-layout-flex\" id=\"graziella\">\n<div class=\"wp-block-column is-vertically-aligned-center middle-align is-layout-flow wp-block-column-is-layout-flow\" style=\"flex-basis:50%\">\n<h2 class=\"wp-block-heading has-text-align-center has-extra-large-font-size\" style=\"text-transform:capitalize\">ESTANCIAS EN GRUPO<\/h2>\n\n\n\n<div class=\"wp-block-group\"><div class=\"wp-block-group__inner-container is-layout-constrained wp-block-group-is-layout-constrained\">\n<p class=\"has-text-align-center\">El Hotel De L&#8217;Europe \u00c1msterdam ha sido el hogar del Lujo Original de \u00c1msterdam desde 1896. Situado junto al hist\u00f3rico r\u00edo Amstel, el hotel combina a la perfecci\u00f3n el patrimonio holand\u00e9s con la elegancia contempor\u00e1nea, ofreciendo un marco excepcional para las estancias de grupos en \u00c1msterdam. <\/p>\n\n\n\n<p class=\"has-text-align-center\">Ideal para grupos de empresa, viajes de incentivo y reuniones de ocio exclusivas, De L&#8217;Europe Amsterdam ofrece habitaciones y suites bellamente decoradas que combinan un dise\u00f1o refinado con el confort moderno. Los grupos se benefician de una configuraci\u00f3n flexible de las habitaciones, un servicio personalizado y una ubicaci\u00f3n discreta y c\u00e9ntrica, a poca distancia a pie de los lugares de inter\u00e9s cultural de \u00c1msterdam. <\/p>\n\n\n\n<div class=\"wp-block-buttons is-horizontal is-content-justification-center is-layout-flex wp-container-core-buttons-is-layout-499968f5 wp-block-buttons-is-layout-flex\">\n<div class=\"wp-block-button is-style-outline is-style-outline--3\"><a class=\"wp-block-button__link has-central-palette-1-color has-text-color has-text-align-center wp-element-button\" href=\"#request\" style=\"border-radius:0px;text-transform:uppercase\" target=\"_blank\" rel=\"noreferrer noopener\">SOLICITA<\/a><\/div>\n<\/div>\n<\/div><\/div>\n<\/div>\n\n\n\n<div class=\"wp-block-column slider-wrap padding-left-md is-layout-flow wp-block-column-is-layout-flow\" style=\"flex-basis:50%\">\n<figure class=\"wp-block-image size-full\"><img loading=\"lazy\" decoding=\"async\" width=\"1500\" height=\"1943\" src=\"https:\/\/www.deleurope.com\/wp-content\/uploads\/2024\/05\/gloobles-4-1.jpg\" alt=\"Habitaci&#xF3;n de la Suite Gloobles de De L'Europe Amsterdam, con ropa de cama acogedora y decoraci&#xF3;n moderna.\" class=\"wp-image-4478\" style=\"aspect-ratio:4\/3;object-fit:cover\" srcset=\"https:\/\/www.deleurope.com\/wp-content\/uploads\/2024\/05\/gloobles-4-1.jpg 1500w, https:\/\/www.deleurope.com\/wp-content\/uploads\/2024\/05\/gloobles-4-1-768x995.jpg 768w, https:\/\/www.deleurope.com\/wp-content\/uploads\/2024\/05\/gloobles-4-1-1186x1536.jpg 1186w\" sizes=\"auto, (max-width: 1500px) 100vw, 1500px\" \/><\/figure>\n<\/div>\n<\/div>\n\n<div class=\"wp-block-columns columns_slider_text wrap-2-columns eat-and-drink-cards is-layout-flex wp-container-core-columns-is-layout-9d6595d7 wp-block-columns-is-layout-flex\" id=\"flore\">\n<div class=\"wp-block-column slider-wrap is-layout-flow wp-block-column-is-layout-flow\" style=\"flex-basis:50%\">\n<figure class=\"wp-block-image size-full\"><img loading=\"lazy\" decoding=\"async\" width=\"700\" height=\"500\" src=\"https:\/\/www.deleurope.com\/wp-content\/uploads\/2025\/10\/Meeting-Events-Culinary-Packages-De-LEurope-Amsterdam.png\" alt=\"\" class=\"wp-image-10410\" style=\"aspect-ratio:4\/3;object-fit:cover\"\/><\/figure>\n<\/div>\n\n\n\n<div class=\"wp-block-column is-vertically-aligned-center middle-align is-layout-flow wp-block-column-is-layout-flow\" style=\"flex-basis:50%\">\n<h2 class=\"wp-block-heading has-text-align-center has-extra-large-font-size\" style=\"text-transform:capitalize\">Oferta culinaria<\/h2>\n\n\n\n<div class=\"wp-block-group\"><div class=\"wp-block-group__inner-container is-layout-constrained wp-block-group-is-layout-constrained\">\n<p class=\"has-text-align-center\">Los eventos se elevan gracias a excepcionales experiencias culinarias, con cenas reconocidas por Michelin y elegantes locales privados ideales para cenas de grupo, celebraciones y reuniones de negocios. Una oferta de bienestar hol\u00edstico mejora a\u00fan m\u00e1s la estancia, invitando a los hu\u00e9spedes a relajarse y recargar las pilas. <\/p>\n\n\n\n<p class=\"has-text-align-center\">Ya se trate de retiros de ejecutivos, viajes de grupos de lujo o grupos con intereses especiales, De L&#8217;Europe Amsterdam ofrece un ambiente de lujo discreto, privacidad y sofisticaci\u00f3n atemporal, lo que lo convierte en una opci\u00f3n excepcional para tu grupo que viaje a Amsterdam.<\/p>\n<\/div><\/div>\n<\/div>\n<\/div>\n\n<div class=\"wp-block-columns special-request contact-form is-layout-flex wp-container-core-columns-is-layout-9d6595d7 wp-block-columns-is-layout-flex\" id=\"enquire\">\n<div class=\"wp-block-column has-central-palette-11-background-color has-background is-layout-flow wp-block-column-is-layout-flow\">\n<h2 class=\"wp-block-heading has-text-align-center has-extra-large-font-size\" id=\"request\">ENQUIRE<\/h2>\n\n\n\n<p class=\"has-text-align-center\">Perm\u00edtenos ayudarte a planificar tu estancia, elaborando cada detalle con el cuidado, la elegancia y la atenci\u00f3n personalizada que definen el hogar del Lujo Original de \u00c1msterdam. Comparte tus preferencias, y nuestro equipo dar\u00e1 forma a una experiencia a medida adaptada a tu visita a \u00c1msterdam. <\/p>\n\n\n\n<div class=\"wp-block-contact-form-7-contact-form-selector\"><p class=\"wpcf7-contact-form-not-found\"><strong>Error:<\/strong> Formulario de contacto no encontrado.<\/p><\/div>\n<\/div>\n<\/div>\n\n<div class=\"wp-block-columns special-request no-margins-mobile is-layout-flex wp-container-core-columns-is-layout-9d6595d7 wp-block-columns-is-layout-flex\" id=\"special\">\n<div class=\"wp-block-column has-central-palette-11-background-color has-background is-layout-flow wp-block-column-is-layout-flow\">\n<h2 class=\"wp-block-heading has-text-align-center has-extra-large-font-size\">CONDICIONES GENERALES<\/h2>\n\n\n\n<ul class=\"wp-block-list\">\n<li>Las ofertas no pueden combinarse con otras promociones, descuentos o programas de fidelidad, a menos que se indique expl\u00edcitamente lo contrario.<\/li>\n\n\n\n<li>Las reservas deben hacerse con antelaci\u00f3n y est\u00e1n sujetas a disponibilidad en el momento de la reserva.<\/li>\n\n\n\n<li>Las ofertas son v\u00e1lidas para todas las estancias de grupo a partir de 9 habitaciones en el a\u00f1o completo 2026 y eventos privados en enero, febrero y marzo de 2026.<\/li>\n\n\n\n<li>Las tarifas son comisionables<\/li>\n\n\n\n<li>Las promociones s\u00f3lo son aplicables a nuevos eventos y consultas.  <\/li>\n<\/ul>\n<\/div>\n<\/div>\n","protected":false},"excerpt":{"rendered":"<p>Organiza tu pr\u00f3ximo evento privado o reuni\u00f3n de negocios en De L&#8217;Europe \u00c1msterdam y benef\u00edciate de una promoci\u00f3n exclusiva para eventos privados del primer trimestre de 2026. Desde refinadas reuniones de juntas directivas hasta elegantes reuniones de empresa, esta oferta por tiempo limitado combina un servicio de cinco estrellas con un valor excepcional en el [&hellip;]<\/p>\n","protected":false},"author":17,"featured_media":3767,"parent":3883,"menu_order":0,"comment_status":"closed","ping_status":"closed","template":"","meta":{"_acf_changed":false,"footnotes":""},"class_list":["post-12125","page","type-page","status-publish","has-post-thumbnail","hentry"],"acf":[],"yoast_head":"<!-- This site is optimized with the Yoast SEO plugin v27.3 - https:\/\/yoast.com\/product\/yoast-seo-wordpress\/ -->\n<title>Ofertas para eventos privados | De L&#039;Europe Amsterdam<\/title>\n<meta name=\"description\" content=\"Oferta exclusiva para eventos del 1T 2026 en el Hotel De L&#039;Europe Amsterdam: 20% de descuento en el alquiler de habitaciones, tarifas reducidas y arreglos florales de cortes\u00eda.\" \/>\n<meta name=\"robots\" content=\"index, follow, max-snippet:-1, max-image-preview:large, max-video-preview:-1\" \/>\n<link rel=\"canonical\" href=\"https:\/\/www.deleurope.com\/es\/ofertas-y-paquetes\/ofertas-para-eventos-privados\/\" \/>\n<meta property=\"og:locale\" content=\"es_ES\" \/>\n<meta property=\"og:type\" content=\"article\" \/>\n<meta property=\"og:title\" content=\"Ofertas para eventos privados | De L&#039;Europe Amsterdam\" \/>\n<meta property=\"og:description\" content=\"Oferta exclusiva para eventos del 1T 2026 en el Hotel De L&#039;Europe Amsterdam: 20% de descuento en el alquiler de habitaciones, tarifas reducidas y arreglos florales de cortes\u00eda.\" \/>\n<meta property=\"og:url\" content=\"https:\/\/www.deleurope.com\/es\/ofertas-y-paquetes\/ofertas-para-eventos-privados\/\" \/>\n<meta property=\"og:site_name\" content=\"De L&#039;Europe Amsterdam\" \/>\n<meta property=\"article:modified_time\" content=\"2026-01-23T14:00:29+00:00\" \/>\n<meta property=\"og:image\" content=\"https:\/\/www.deleurope.com\/wp-content\/uploads\/2023\/07\/CITY-3-1030x736-1.jpeg\" \/>\n\t<meta property=\"og:image:width\" content=\"1030\" \/>\n\t<meta property=\"og:image:height\" content=\"736\" \/>\n\t<meta property=\"og:image:type\" content=\"image\/jpeg\" \/>\n<meta name=\"twitter:card\" content=\"summary_large_image\" \/>\n<meta name=\"twitter:label1\" content=\"Tiempo de lectura\" \/>\n\t<meta name=\"twitter:data1\" content=\"2 minutos\" \/>\n<script type=\"application\/ld+json\" class=\"yoast-schema-graph\">{\"@context\":\"https:\\\/\\\/schema.org\",\"@graph\":[{\"@type\":\"WebPage\",\"@id\":\"https:\\\/\\\/www.deleurope.com\\\/es\\\/ofertas-y-paquetes\\\/ofertas-para-eventos-privados\\\/\",\"url\":\"https:\\\/\\\/www.deleurope.com\\\/es\\\/ofertas-y-paquetes\\\/ofertas-para-eventos-privados\\\/\",\"name\":\"Ofertas para eventos privados | De L&#039;Europe Amsterdam\",\"isPartOf\":{\"@id\":\"https:\\\/\\\/www.deleurope.com\\\/es\\\/#website\"},\"primaryImageOfPage\":{\"@id\":\"https:\\\/\\\/www.deleurope.com\\\/es\\\/ofertas-y-paquetes\\\/ofertas-para-eventos-privados\\\/#primaryimage\"},\"image\":{\"@id\":\"https:\\\/\\\/www.deleurope.com\\\/es\\\/ofertas-y-paquetes\\\/ofertas-para-eventos-privados\\\/#primaryimage\"},\"thumbnailUrl\":\"https:\\\/\\\/www.deleurope.com\\\/wp-content\\\/uploads\\\/2023\\\/07\\\/CITY-3-1030x736-1.jpeg\",\"datePublished\":\"2026-01-13T13:02:20+00:00\",\"dateModified\":\"2026-01-23T14:00:29+00:00\",\"description\":\"Oferta exclusiva para eventos del 1T 2026 en el Hotel De L'Europe Amsterdam: 20% de descuento en el alquiler de habitaciones, tarifas reducidas y arreglos florales de cortes\u00eda.\",\"breadcrumb\":{\"@id\":\"https:\\\/\\\/www.deleurope.com\\\/es\\\/ofertas-y-paquetes\\\/ofertas-para-eventos-privados\\\/#breadcrumb\"},\"inLanguage\":\"es\",\"potentialAction\":[{\"@type\":\"ReadAction\",\"target\":[\"https:\\\/\\\/www.deleurope.com\\\/es\\\/ofertas-y-paquetes\\\/ofertas-para-eventos-privados\\\/\"]}]},{\"@type\":\"ImageObject\",\"inLanguage\":\"es\",\"@id\":\"https:\\\/\\\/www.deleurope.com\\\/es\\\/ofertas-y-paquetes\\\/ofertas-para-eventos-privados\\\/#primaryimage\",\"url\":\"https:\\\/\\\/www.deleurope.com\\\/wp-content\\\/uploads\\\/2023\\\/07\\\/CITY-3-1030x736-1.jpeg\",\"contentUrl\":\"https:\\\/\\\/www.deleurope.com\\\/wp-content\\\/uploads\\\/2023\\\/07\\\/CITY-3-1030x736-1.jpeg\",\"width\":1030,\"height\":736},{\"@type\":\"BreadcrumbList\",\"@id\":\"https:\\\/\\\/www.deleurope.com\\\/es\\\/ofertas-y-paquetes\\\/ofertas-para-eventos-privados\\\/#breadcrumb\",\"itemListElement\":[{\"@type\":\"ListItem\",\"position\":1,\"name\":\"Home\",\"item\":\"https:\\\/\\\/www.deleurope.com\\\/es\\\/\"},{\"@type\":\"ListItem\",\"position\":2,\"name\":\"Ofertas y paquetes\",\"item\":\"https:\\\/\\\/www.deleurope.com\\\/es\\\/ofertas-y-paquetes\\\/\"},{\"@type\":\"ListItem\",\"position\":3,\"name\":\"Ofertas para eventos privados\"}]},{\"@type\":\"WebSite\",\"@id\":\"https:\\\/\\\/www.deleurope.com\\\/es\\\/#website\",\"url\":\"https:\\\/\\\/www.deleurope.com\\\/es\\\/\",\"name\":\"De L&#039;Europe Amsterdam\",\"description\":\"Home of original Amsterdam luxury.\",\"potentialAction\":[{\"@type\":\"SearchAction\",\"target\":{\"@type\":\"EntryPoint\",\"urlTemplate\":\"https:\\\/\\\/www.deleurope.com\\\/es\\\/?s={search_term_string}\"},\"query-input\":{\"@type\":\"PropertyValueSpecification\",\"valueRequired\":true,\"valueName\":\"search_term_string\"}}],\"inLanguage\":\"es\"}]}<\/script>\n<!-- \/ Yoast SEO plugin. -->","yoast_head_json":{"title":"Ofertas para eventos privados | De L&#039;Europe Amsterdam","description":"Oferta exclusiva para eventos del 1T 2026 en el Hotel De L'Europe Amsterdam: 20% de descuento en el alquiler de habitaciones, tarifas reducidas y arreglos florales de cortes\u00eda.","robots":{"index":"index","follow":"follow","max-snippet":"max-snippet:-1","max-image-preview":"max-image-preview:large","max-video-preview":"max-video-preview:-1"},"canonical":"https:\/\/www.deleurope.com\/es\/ofertas-y-paquetes\/ofertas-para-eventos-privados\/","og_locale":"es_ES","og_type":"article","og_title":"Ofertas para eventos privados | De L&#039;Europe Amsterdam","og_description":"Oferta exclusiva para eventos del 1T 2026 en el Hotel De L'Europe Amsterdam: 20% de descuento en el alquiler de habitaciones, tarifas reducidas y arreglos florales de cortes\u00eda.","og_url":"https:\/\/www.deleurope.com\/es\/ofertas-y-paquetes\/ofertas-para-eventos-privados\/","og_site_name":"De L&#039;Europe Amsterdam","article_modified_time":"2026-01-23T14:00:29+00:00","og_image":[{"width":1030,"height":736,"url":"https:\/\/www.deleurope.com\/wp-content\/uploads\/2023\/07\/CITY-3-1030x736-1.jpeg","type":"image\/jpeg"}],"twitter_card":"summary_large_image","twitter_misc":{"Tiempo de lectura":"2 minutos"},"schema":{"@context":"https:\/\/schema.org","@graph":[{"@type":"WebPage","@id":"https:\/\/www.deleurope.com\/es\/ofertas-y-paquetes\/ofertas-para-eventos-privados\/","url":"https:\/\/www.deleurope.com\/es\/ofertas-y-paquetes\/ofertas-para-eventos-privados\/","name":"Ofertas para eventos privados | De L&#039;Europe Amsterdam","isPartOf":{"@id":"https:\/\/www.deleurope.com\/es\/#website"},"primaryImageOfPage":{"@id":"https:\/\/www.deleurope.com\/es\/ofertas-y-paquetes\/ofertas-para-eventos-privados\/#primaryimage"},"image":{"@id":"https:\/\/www.deleurope.com\/es\/ofertas-y-paquetes\/ofertas-para-eventos-privados\/#primaryimage"},"thumbnailUrl":"https:\/\/www.deleurope.com\/wp-content\/uploads\/2023\/07\/CITY-3-1030x736-1.jpeg","datePublished":"2026-01-13T13:02:20+00:00","dateModified":"2026-01-23T14:00:29+00:00","description":"Oferta exclusiva para eventos del 1T 2026 en el Hotel De L'Europe Amsterdam: 20% de descuento en el alquiler de habitaciones, tarifas reducidas y arreglos florales de cortes\u00eda.","breadcrumb":{"@id":"https:\/\/www.deleurope.com\/es\/ofertas-y-paquetes\/ofertas-para-eventos-privados\/#breadcrumb"},"inLanguage":"es","potentialAction":[{"@type":"ReadAction","target":["https:\/\/www.deleurope.com\/es\/ofertas-y-paquetes\/ofertas-para-eventos-privados\/"]}]},{"@type":"ImageObject","inLanguage":"es","@id":"https:\/\/www.deleurope.com\/es\/ofertas-y-paquetes\/ofertas-para-eventos-privados\/#primaryimage","url":"https:\/\/www.deleurope.com\/wp-content\/uploads\/2023\/07\/CITY-3-1030x736-1.jpeg","contentUrl":"https:\/\/www.deleurope.com\/wp-content\/uploads\/2023\/07\/CITY-3-1030x736-1.jpeg","width":1030,"height":736},{"@type":"BreadcrumbList","@id":"https:\/\/www.deleurope.com\/es\/ofertas-y-paquetes\/ofertas-para-eventos-privados\/#breadcrumb","itemListElement":[{"@type":"ListItem","position":1,"name":"Home","item":"https:\/\/www.deleurope.com\/es\/"},{"@type":"ListItem","position":2,"name":"Ofertas y paquetes","item":"https:\/\/www.deleurope.com\/es\/ofertas-y-paquetes\/"},{"@type":"ListItem","position":3,"name":"Ofertas para eventos privados"}]},{"@type":"WebSite","@id":"https:\/\/www.deleurope.com\/es\/#website","url":"https:\/\/www.deleurope.com\/es\/","name":"De L&#039;Europe Amsterdam","description":"Home of original Amsterdam luxury.","potentialAction":[{"@type":"SearchAction","target":{"@type":"EntryPoint","urlTemplate":"https:\/\/www.deleurope.com\/es\/?s={search_term_string}"},"query-input":{"@type":"PropertyValueSpecification","valueRequired":true,"valueName":"search_term_string"}}],"inLanguage":"es"}]}},"featured_image_src":"https:\/\/www.deleurope.com\/wp-content\/uploads\/2023\/07\/CITY-3-1030x736-1-600x400.jpeg","featured_image_src_square":"https:\/\/www.deleurope.com\/wp-content\/uploads\/2023\/07\/CITY-3-1030x736-1-600x600.jpeg","_links":{"self":[{"href":"https:\/\/www.deleurope.com\/es\/wp-json\/wp\/v2\/pages\/12125","targetHints":{"allow":["GET"]}}],"collection":[{"href":"https:\/\/www.deleurope.com\/es\/wp-json\/wp\/v2\/pages"}],"about":[{"href":"https:\/\/www.deleurope.com\/es\/wp-json\/wp\/v2\/types\/page"}],"author":[{"embeddable":true,"href":"https:\/\/www.deleurope.com\/es\/wp-json\/wp\/v2\/users\/17"}],"replies":[{"embeddable":true,"href":"https:\/\/www.deleurope.com\/es\/wp-json\/wp\/v2\/comments?post=12125"}],"version-history":[{"count":0,"href":"https:\/\/www.deleurope.com\/es\/wp-json\/wp\/v2\/pages\/12125\/revisions"}],"up":[{"embeddable":true,"href":"https:\/\/www.deleurope.com\/es\/wp-json\/wp\/v2\/pages\/3883"}],"wp:featuredmedia":[{"embeddable":true,"href":"https:\/\/www.deleurope.com\/es\/wp-json\/wp\/v2\/media\/3767"}],"wp:attachment":[{"href":"https:\/\/www.deleurope.com\/es\/wp-json\/wp\/v2\/media?parent=12125"}],"curies":[{"name":"wp","href":"https:\/\/api.w.org\/{rel}","templated":true}]}}