{"id":12362,"date":"2025-10-14T13:39:03","date_gmt":"2025-10-14T13:39:03","guid":{"rendered":"https:\/\/www.deleurope.com\/nota-de-prensa\/comunicados-de-prensa\/"},"modified":"2026-02-10T11:49:58","modified_gmt":"2026-02-10T11:49:58","slug":"comunicados-de-prensa","status":"publish","type":"page","link":"https:\/\/www.deleurope.com\/es\/nota-de-prensa\/comunicados-de-prensa\/","title":{"rendered":"Comunicados de prensa"},"content":{"rendered":"\n<div class=\"wp-block-columns margin-bottom-none is-layout-flex wp-container-core-columns-is-layout-9d6595d7 wp-block-columns-is-layout-flex\">\n<div class=\"wp-block-column two-texts-intro with-cta is-layout-flow wp-block-column-is-layout-flow\">\n<h2 class=\"wp-block-heading has-text-align-center rooms-description-white-box two-texts-bigger header-bigger with-cta has-extra-large-font-size\">LO NUEVO<\/h2>\n\n\n\n<p class=\"has-text-align-center two-texts-smaller\">Desde emocionantes actualizaciones hasta las experiencias m\u00e1s novedosas, nuestros comunicados de prensa te acercan a todo lo que ocurre en De L&#8217;Europe Amsterdam.<\/p>\n<\/div>\n<\/div>\n\n<div class=\"wp-block-columns text-on-left wrap-2-columns eat-and-drink-cards top-border is-layout-flex wp-container-core-columns-is-layout-9d6595d7 wp-block-columns-is-layout-flex\" id=\"graziella\">\n<div class=\"wp-block-column is-vertically-aligned-center middle-align is-layout-flow wp-block-column-is-layout-flow\" style=\"flex-basis:50%\">\n<h2 class=\"wp-block-heading has-text-align-center has-extra-large-font-size\" style=\"text-transform:capitalize\">Lanzamiento de la oferta familiar De L&#8217;Europe<\/h2>\n\n\n\n<div class=\"wp-block-group\"><div class=\"wp-block-group__inner-container is-layout-constrained wp-block-group-is-layout-constrained\">\n<p class=\"has-text-align-center\"><strong>OCTUBRE 2025<\/strong><\/p>\n\n\n\n<p class=\"has-text-align-center\">De L&#8217;Europe Amsterdam lanza la nueva \u00abExperiencia familiar Van Gogh Roulins\u00bb en colaboraci\u00f3n con el Museo Van Gogh.<\/p>\n\n\n\n<p class=\"has-text-align-center\">Una estancia inspirada que combina arte, exploraci\u00f3n y conexi\u00f3n familiar en el hotel Grand Dame de \u00c1msterdam, situado a orillas del r\u00edo Amstel.<\/p>\n\n\n\n<div class=\"wp-block-buttons is-horizontal is-content-justification-center is-layout-flex wp-container-core-buttons-is-layout-499968f5 wp-block-buttons-is-layout-flex\">\n<div class=\"wp-block-button is-style-outline is-style-outline--1\"><a class=\"wp-block-button__link has-central-palette-1-color has-text-color has-text-align-center wp-element-button\" href=\"https:\/\/www.deleurope.com\/press\/launch-de-leurope-family-experience\/\" style=\"border-radius:0px;text-transform:uppercase\">Leer m\u00e1s<\/a><\/div>\n<\/div>\n<\/div><\/div>\n<\/div>\n\n\n\n<div class=\"wp-block-column slider-wrap padding-left-md is-layout-flow wp-block-column-is-layout-flow\" style=\"flex-basis:50%\">\n<figure class=\"wp-block-image size-large\"><img loading=\"lazy\" decoding=\"async\" width=\"800\" height=\"600\" src=\"https:\/\/www.deleurope.com\/wp-content\/uploads\/2025\/10\/Little-Marie-1-edited-800x600.jpg\" alt=\"\" class=\"wp-image-10106\" style=\"aspect-ratio:4\/3;object-fit:cover\" srcset=\"https:\/\/www.deleurope.com\/wp-content\/uploads\/2025\/10\/Little-Marie-1-edited-800x600.jpg 800w, https:\/\/www.deleurope.com\/wp-content\/uploads\/2025\/10\/Little-Marie-1-edited-400x300.jpg 400w, https:\/\/www.deleurope.com\/wp-content\/uploads\/2025\/10\/Little-Marie-1-edited-768x576.jpg 768w, https:\/\/www.deleurope.com\/wp-content\/uploads\/2025\/10\/Little-Marie-1-edited.jpg 1000w\" sizes=\"auto, (max-width: 800px) 100vw, 800px\" \/><\/figure>\n<\/div>\n<\/div>\n\n<div class=\"wp-block-columns text-on-left wrap-2-columns eat-and-drink-cards is-layout-flex wp-container-core-columns-is-layout-9d6595d7 wp-block-columns-is-layout-flex\" id=\"graziella\">\n<div class=\"wp-block-column is-vertically-aligned-center middle-align is-layout-flow wp-block-column-is-layout-flow\" style=\"flex-basis:50%\">\n<h2 class=\"wp-block-heading has-text-align-center has-extra-large-font-size\" style=\"text-transform:capitalize\">tres Llaves MICHELIN<\/h2>\n\n\n\n<div class=\"wp-block-group\"><div class=\"wp-block-group__inner-container is-layout-constrained wp-block-group-is-layout-constrained\">\n<p class=\"has-text-align-center\"><strong>OCTUBRE 2025<\/strong><\/p>\n\n\n\n<p class=\"has-text-align-center\">De L&#8217;Europe Amsterdam es el primer hotel de los Pa\u00edses Bajos que recibe <strong>tres Llaves MICHELIN<\/strong>, la m\u00e1xima distinci\u00f3n de esta nueva clasificaci\u00f3n hotelera internacional. Entre los 2.457 hoteles Llave de todo el mundo, s\u00f3lo 143 obtuvieron Tres Llaves, lo que sit\u00faa a De L&#8217;Europe Amsterdam en un exclusivo grupo de destinos excepcionales. <\/p>\n\n\n\n<p class=\"has-text-align-center\">Descubre c\u00f3mo este reconocimiento celebra nuestro aut\u00e9ntico lujo de \u00c1msterdam, nuestra rica historia desde 1896 y la creatividad y el servicio de primera clase de nuestro entregado equipo.<\/p>\n\n\n\n<div class=\"wp-block-buttons is-horizontal is-content-justification-center is-layout-flex wp-container-core-buttons-is-layout-499968f5 wp-block-buttons-is-layout-flex\">\n<div class=\"wp-block-button is-style-outline is-style-outline--2\"><a class=\"wp-block-button__link has-central-palette-1-color has-text-color has-text-align-center wp-element-button\" href=\"https:\/\/www.deleurope.com\/press\/press-release-three-michelin-keys\/\" style=\"border-radius:0px;text-transform:uppercase\">LEER M\u00c1S<\/a><\/div>\n<\/div>\n<\/div><\/div>\n<\/div>\n\n\n\n<div class=\"wp-block-column slider-wrap padding-left-md is-layout-flow wp-block-column-is-layout-flow\" style=\"flex-basis:50%\">\n<figure class=\"wp-block-image size-full\"><img loading=\"lazy\" decoding=\"async\" width=\"800\" height=\"1000\" src=\"https:\/\/www.deleurope.com\/wp-content\/uploads\/2025\/10\/Keys.jpg\" alt=\"De L'Europe Amsterdam - Tres llaves MICHELIN\" class=\"wp-image-9926\" style=\"aspect-ratio:4\/3;object-fit:cover\" srcset=\"https:\/\/www.deleurope.com\/wp-content\/uploads\/2025\/10\/Keys.jpg 800w, https:\/\/www.deleurope.com\/wp-content\/uploads\/2025\/10\/Keys-768x960.jpg 768w\" sizes=\"auto, (max-width: 800px) 100vw, 800px\" \/><\/figure>\n<\/div>\n<\/div>\n\n<div class=\"wp-block-columns special-request is-layout-flex wp-container-core-columns-is-layout-9d6595d7 wp-block-columns-is-layout-flex\">\n<div class=\"wp-block-column has-central-palette-11-background-color has-background is-layout-flow wp-block-column-is-layout-flow\">\n<h2 class=\"wp-block-heading has-text-align-center has-extra-large-font-size\">Solicitud de prensa<\/h2>\n\n\n\n<p class=\"has-text-align-center\">Estamos encantados de recibir solicitudes de prensa, deseosos de ayudar y explorar las posibilidades de colaboraci\u00f3n, garantizando un compromiso fluido y mutuamente beneficioso.<\/p>\n\n\n\n<div class=\"wp-block-buttons is-content-justification-center is-layout-flex wp-container-core-buttons-is-layout-16018d1d wp-block-buttons-is-layout-flex\">\n<div class=\"wp-block-button is-style-outline not-italic is-style-outline--3\"><a class=\"wp-block-button__link wp-element-button\" href=\"mailto:pr@deleurope.com\" style=\"border-radius:0px;text-transform:uppercase\">ENQUIRE<\/a><\/div>\n<\/div>\n<\/div>\n<\/div>\n","protected":false},"excerpt":{"rendered":"<p>LO NUEVO Desde emocionantes actualizaciones hasta las experiencias m\u00e1s novedosas, nuestros comunicados de prensa te acercan a todo lo que ocurre en De L&#8217;Europe Amsterdam. Lanzamiento de la oferta familiar De L&#8217;Europe OCTUBRE 2025 De L&#8217;Europe Amsterdam lanza la nueva \u00abExperiencia familiar Van Gogh Roulins\u00bb en colaboraci\u00f3n con el Museo Van Gogh. Una estancia inspirada [&hellip;]<\/p>\n","protected":false},"author":6,"featured_media":3963,"parent":3961,"menu_order":0,"comment_status":"closed","ping_status":"closed","template":"","meta":{"_acf_changed":false,"footnotes":""},"class_list":["post-12362","page","type-page","status-publish","has-post-thumbnail","hentry"],"acf":[],"yoast_head":"<!-- This site is optimized with the Yoast SEO plugin v27.3 - https:\/\/yoast.com\/product\/yoast-seo-wordpress\/ -->\n<title>Comunicados de prensa y noticias | De L&#039;Europe Amsterdam<\/title>\n<meta name=\"description\" content=\"Mantente al d\u00eda de las novedades de De L&#039;Europe \u00c1msterdam. Consulta los comunicados de prensa sobre lanzamientos, colaboraciones y lo m\u00e1s destacado del hotel.\" \/>\n<meta name=\"robots\" content=\"index, follow, max-snippet:-1, max-image-preview:large, max-video-preview:-1\" \/>\n<link rel=\"canonical\" href=\"https:\/\/www.deleurope.com\/es\/nota-de-prensa\/comunicados-de-prensa\/\" \/>\n<meta property=\"og:locale\" content=\"es_ES\" \/>\n<meta property=\"og:type\" content=\"article\" \/>\n<meta property=\"og:title\" content=\"Comunicados de prensa y noticias | De L&#039;Europe Amsterdam\" \/>\n<meta property=\"og:description\" content=\"Mantente al d\u00eda de las novedades de De L&#039;Europe \u00c1msterdam. Consulta los comunicados de prensa sobre lanzamientos, colaboraciones y lo m\u00e1s destacado del hotel.\" \/>\n<meta property=\"og:url\" content=\"https:\/\/www.deleurope.com\/es\/nota-de-prensa\/comunicados-de-prensa\/\" \/>\n<meta property=\"og:site_name\" content=\"De L&#039;Europe Amsterdam\" \/>\n<meta property=\"article:modified_time\" content=\"2026-02-10T11:49:58+00:00\" \/>\n<meta property=\"og:image\" content=\"https:\/\/www.deleurope.com\/wp-content\/uploads\/2023\/11\/De-LEurope-Amsterdam-Press-Page-Images-2-Copy.jpg\" \/>\n\t<meta property=\"og:image:width\" content=\"1820\" \/>\n\t<meta property=\"og:image:height\" content=\"1300\" \/>\n\t<meta property=\"og:image:type\" content=\"image\/jpeg\" \/>\n<meta name=\"twitter:card\" content=\"summary_large_image\" \/>\n<meta name=\"twitter:label1\" content=\"Tiempo de lectura\" \/>\n\t<meta name=\"twitter:data1\" content=\"1 minuto\" \/>\n<script type=\"application\/ld+json\" class=\"yoast-schema-graph\">{\"@context\":\"https:\\\/\\\/schema.org\",\"@graph\":[{\"@type\":\"WebPage\",\"@id\":\"https:\\\/\\\/www.deleurope.com\\\/es\\\/nota-de-prensa\\\/comunicados-de-prensa\\\/\",\"url\":\"https:\\\/\\\/www.deleurope.com\\\/es\\\/nota-de-prensa\\\/comunicados-de-prensa\\\/\",\"name\":\"Comunicados de prensa y noticias | De L'Europe Amsterdam\",\"isPartOf\":{\"@id\":\"https:\\\/\\\/www.deleurope.com\\\/es\\\/#website\"},\"primaryImageOfPage\":{\"@id\":\"https:\\\/\\\/www.deleurope.com\\\/es\\\/nota-de-prensa\\\/comunicados-de-prensa\\\/#primaryimage\"},\"image\":{\"@id\":\"https:\\\/\\\/www.deleurope.com\\\/es\\\/nota-de-prensa\\\/comunicados-de-prensa\\\/#primaryimage\"},\"thumbnailUrl\":\"https:\\\/\\\/www.deleurope.com\\\/wp-content\\\/uploads\\\/2023\\\/11\\\/De-LEurope-Amsterdam-Press-Page-Images-2-Copy.jpg\",\"datePublished\":\"2025-10-14T13:39:03+00:00\",\"dateModified\":\"2026-02-10T11:49:58+00:00\",\"description\":\"Mantente al d\u00eda de las novedades de De L'Europe \u00c1msterdam. Consulta los comunicados de prensa sobre lanzamientos, colaboraciones y lo m\u00e1s destacado del hotel.\",\"breadcrumb\":{\"@id\":\"https:\\\/\\\/www.deleurope.com\\\/es\\\/nota-de-prensa\\\/comunicados-de-prensa\\\/#breadcrumb\"},\"inLanguage\":\"es\",\"potentialAction\":[{\"@type\":\"ReadAction\",\"target\":[\"https:\\\/\\\/www.deleurope.com\\\/es\\\/nota-de-prensa\\\/comunicados-de-prensa\\\/\"]}]},{\"@type\":\"ImageObject\",\"inLanguage\":\"es\",\"@id\":\"https:\\\/\\\/www.deleurope.com\\\/es\\\/nota-de-prensa\\\/comunicados-de-prensa\\\/#primaryimage\",\"url\":\"https:\\\/\\\/www.deleurope.com\\\/wp-content\\\/uploads\\\/2023\\\/11\\\/De-LEurope-Amsterdam-Press-Page-Images-2-Copy.jpg\",\"contentUrl\":\"https:\\\/\\\/www.deleurope.com\\\/wp-content\\\/uploads\\\/2023\\\/11\\\/De-LEurope-Amsterdam-Press-Page-Images-2-Copy.jpg\",\"width\":1820,\"height\":1300},{\"@type\":\"BreadcrumbList\",\"@id\":\"https:\\\/\\\/www.deleurope.com\\\/es\\\/nota-de-prensa\\\/comunicados-de-prensa\\\/#breadcrumb\",\"itemListElement\":[{\"@type\":\"ListItem\",\"position\":1,\"name\":\"Home\",\"item\":\"https:\\\/\\\/www.deleurope.com\\\/es\\\/\"},{\"@type\":\"ListItem\",\"position\":2,\"name\":\"Pulse\",\"item\":\"https:\\\/\\\/www.deleurope.com\\\/es\\\/nota-de-prensa\\\/\"},{\"@type\":\"ListItem\",\"position\":3,\"name\":\"Comunicados de prensa\"}]},{\"@type\":\"WebSite\",\"@id\":\"https:\\\/\\\/www.deleurope.com\\\/es\\\/#website\",\"url\":\"https:\\\/\\\/www.deleurope.com\\\/es\\\/\",\"name\":\"De L&#039;Europe Amsterdam\",\"description\":\"Home of original Amsterdam luxury.\",\"potentialAction\":[{\"@type\":\"SearchAction\",\"target\":{\"@type\":\"EntryPoint\",\"urlTemplate\":\"https:\\\/\\\/www.deleurope.com\\\/es\\\/?s={search_term_string}\"},\"query-input\":{\"@type\":\"PropertyValueSpecification\",\"valueRequired\":true,\"valueName\":\"search_term_string\"}}],\"inLanguage\":\"es\"}]}<\/script>\n<!-- \/ Yoast SEO plugin. -->","yoast_head_json":{"title":"Comunicados de prensa y noticias | De L'Europe Amsterdam","description":"Mantente al d\u00eda de las novedades de De L'Europe \u00c1msterdam. Consulta los comunicados de prensa sobre lanzamientos, colaboraciones y lo m\u00e1s destacado del hotel.","robots":{"index":"index","follow":"follow","max-snippet":"max-snippet:-1","max-image-preview":"max-image-preview:large","max-video-preview":"max-video-preview:-1"},"canonical":"https:\/\/www.deleurope.com\/es\/nota-de-prensa\/comunicados-de-prensa\/","og_locale":"es_ES","og_type":"article","og_title":"Comunicados de prensa y noticias | De L'Europe Amsterdam","og_description":"Mantente al d\u00eda de las novedades de De L'Europe \u00c1msterdam. Consulta los comunicados de prensa sobre lanzamientos, colaboraciones y lo m\u00e1s destacado del hotel.","og_url":"https:\/\/www.deleurope.com\/es\/nota-de-prensa\/comunicados-de-prensa\/","og_site_name":"De L&#039;Europe Amsterdam","article_modified_time":"2026-02-10T11:49:58+00:00","og_image":[{"width":1820,"height":1300,"url":"https:\/\/www.deleurope.com\/wp-content\/uploads\/2023\/11\/De-LEurope-Amsterdam-Press-Page-Images-2-Copy.jpg","type":"image\/jpeg"}],"twitter_card":"summary_large_image","twitter_misc":{"Tiempo de lectura":"1 minuto"},"schema":{"@context":"https:\/\/schema.org","@graph":[{"@type":"WebPage","@id":"https:\/\/www.deleurope.com\/es\/nota-de-prensa\/comunicados-de-prensa\/","url":"https:\/\/www.deleurope.com\/es\/nota-de-prensa\/comunicados-de-prensa\/","name":"Comunicados de prensa y noticias | De L'Europe Amsterdam","isPartOf":{"@id":"https:\/\/www.deleurope.com\/es\/#website"},"primaryImageOfPage":{"@id":"https:\/\/www.deleurope.com\/es\/nota-de-prensa\/comunicados-de-prensa\/#primaryimage"},"image":{"@id":"https:\/\/www.deleurope.com\/es\/nota-de-prensa\/comunicados-de-prensa\/#primaryimage"},"thumbnailUrl":"https:\/\/www.deleurope.com\/wp-content\/uploads\/2023\/11\/De-LEurope-Amsterdam-Press-Page-Images-2-Copy.jpg","datePublished":"2025-10-14T13:39:03+00:00","dateModified":"2026-02-10T11:49:58+00:00","description":"Mantente al d\u00eda de las novedades de De L'Europe \u00c1msterdam. Consulta los comunicados de prensa sobre lanzamientos, colaboraciones y lo m\u00e1s destacado del hotel.","breadcrumb":{"@id":"https:\/\/www.deleurope.com\/es\/nota-de-prensa\/comunicados-de-prensa\/#breadcrumb"},"inLanguage":"es","potentialAction":[{"@type":"ReadAction","target":["https:\/\/www.deleurope.com\/es\/nota-de-prensa\/comunicados-de-prensa\/"]}]},{"@type":"ImageObject","inLanguage":"es","@id":"https:\/\/www.deleurope.com\/es\/nota-de-prensa\/comunicados-de-prensa\/#primaryimage","url":"https:\/\/www.deleurope.com\/wp-content\/uploads\/2023\/11\/De-LEurope-Amsterdam-Press-Page-Images-2-Copy.jpg","contentUrl":"https:\/\/www.deleurope.com\/wp-content\/uploads\/2023\/11\/De-LEurope-Amsterdam-Press-Page-Images-2-Copy.jpg","width":1820,"height":1300},{"@type":"BreadcrumbList","@id":"https:\/\/www.deleurope.com\/es\/nota-de-prensa\/comunicados-de-prensa\/#breadcrumb","itemListElement":[{"@type":"ListItem","position":1,"name":"Home","item":"https:\/\/www.deleurope.com\/es\/"},{"@type":"ListItem","position":2,"name":"Pulse","item":"https:\/\/www.deleurope.com\/es\/nota-de-prensa\/"},{"@type":"ListItem","position":3,"name":"Comunicados de prensa"}]},{"@type":"WebSite","@id":"https:\/\/www.deleurope.com\/es\/#website","url":"https:\/\/www.deleurope.com\/es\/","name":"De L&#039;Europe Amsterdam","description":"Home of original Amsterdam luxury.","potentialAction":[{"@type":"SearchAction","target":{"@type":"EntryPoint","urlTemplate":"https:\/\/www.deleurope.com\/es\/?s={search_term_string}"},"query-input":{"@type":"PropertyValueSpecification","valueRequired":true,"valueName":"search_term_string"}}],"inLanguage":"es"}]}},"featured_image_src":"https:\/\/www.deleurope.com\/wp-content\/uploads\/2023\/11\/De-LEurope-Amsterdam-Press-Page-Images-2-Copy-600x400.jpg","featured_image_src_square":"https:\/\/www.deleurope.com\/wp-content\/uploads\/2023\/11\/De-LEurope-Amsterdam-Press-Page-Images-2-Copy-600x600.jpg","_links":{"self":[{"href":"https:\/\/www.deleurope.com\/es\/wp-json\/wp\/v2\/pages\/12362","targetHints":{"allow":["GET"]}}],"collection":[{"href":"https:\/\/www.deleurope.com\/es\/wp-json\/wp\/v2\/pages"}],"about":[{"href":"https:\/\/www.deleurope.com\/es\/wp-json\/wp\/v2\/types\/page"}],"author":[{"embeddable":true,"href":"https:\/\/www.deleurope.com\/es\/wp-json\/wp\/v2\/users\/6"}],"replies":[{"embeddable":true,"href":"https:\/\/www.deleurope.com\/es\/wp-json\/wp\/v2\/comments?post=12362"}],"version-history":[{"count":0,"href":"https:\/\/www.deleurope.com\/es\/wp-json\/wp\/v2\/pages\/12362\/revisions"}],"up":[{"embeddable":true,"href":"https:\/\/www.deleurope.com\/es\/wp-json\/wp\/v2\/pages\/3961"}],"wp:featuredmedia":[{"embeddable":true,"href":"https:\/\/www.deleurope.com\/es\/wp-json\/wp\/v2\/media\/3963"}],"wp:attachment":[{"href":"https:\/\/www.deleurope.com\/es\/wp-json\/wp\/v2\/media?parent=12362"}],"curies":[{"name":"wp","href":"https:\/\/api.w.org\/{rel}","templated":true}]}}