{"id":13576,"date":"2026-05-08T11:44:34","date_gmt":"2026-05-08T11:44:34","guid":{"rendered":"https:\/\/www.deleurope.com\/spa\/servicios-de-belleza\/"},"modified":"2026-05-13T12:36:29","modified_gmt":"2026-05-13T12:36:29","slug":"servicios-de-belleza","status":"publish","type":"page","link":"https:\/\/www.deleurope.com\/es\/spa\/servicios-de-belleza\/","title":{"rendered":"SERVICIOS DE BELLEZA"},"content":{"rendered":"\n<div class=\"wp-block-columns is-layout-flex wp-container-core-columns-is-layout-9d6595d7 wp-block-columns-is-layout-flex\">\n<div class=\"wp-block-column description-and-button is-layout-flow wp-block-column-is-layout-flow\">\n<p class=\"has-text-align-center rooms-description-white-box has-large-font-size\">Descubre un enfoque refinado del bienestar, la belleza y la relajaci\u00f3n en De L&#8217;Europe \u00c1msterdam. Descubre nuestros tratamientos de belleza cuidadosamente dise\u00f1ados para refrescar, mejorar y restaurar. Desde un elegante peinado hasta unas u\u00f1as pulidas y un maquillaje cl\u00e1sico, cada servicio a\u00f1ade un elegante toque final a tu experiencia de spa en el coraz\u00f3n de \u00c1msterdam.  <\/p>\n\n\n\n<p class=\"has-text-align-center rooms-description-white-box has-large-font-size\">Tratamientos | Lunes a Domingo | 11h00 &#8211; 19h00<\/p>\n\n\n\n<div class=\"wp-block-buttons is-content-justification-center is-layout-flex wp-container-core-buttons-is-layout-16018d1d wp-block-buttons-is-layout-flex\">\n<div class=\"wp-block-button is-style-outline is-style-outline--1\"><a class=\"wp-block-button__link wp-element-button\" href=\"https:\/\/experience.intelity.com\/08835d4d-2eb5-45a6-b6b6-0c5f960d183e\/de-leurope-spa-wellness\" style=\"border-radius:0px;text-transform:uppercase\" target=\"_blank\" rel=\"noreferrer noopener\">Solicitar tratamiento<\/a><\/div>\n<\/div>\n<\/div>\n<\/div>\n\n<div class=\"wp-block-columns text-on-left wrap-2-columns eat-and-drink-cards top-border is-layout-flex wp-container-core-columns-is-layout-9d6595d7 wp-block-columns-is-layout-flex\" id=\"graziella\">\n<div class=\"wp-block-column is-vertically-aligned-center middle-align is-layout-flow wp-block-column-is-layout-flow\" style=\"flex-basis:50%\">\n<h2 class=\"wp-block-heading has-text-align-center has-extra-large-font-size\" style=\"text-transform:capitalize\">Servicios de belleza en \u00c1msterdam<\/h2>\n\n\n\n<div class=\"wp-block-group\"><div class=\"wp-block-group__inner-container is-layout-constrained wp-block-group-is-layout-constrained\">\n<p class=\"has-text-align-center\">Descubre elevados servicios de belleza en \u00c1msterdam en el Spa de De L&#8217;Europe \u00c1msterdam, donde el lujo, la precisi\u00f3n y el bienestar se unen en un entorno sereno junto al r\u00edo. Nuestra selecta colecci\u00f3n de tratamientos incluye manicuras y pedicuras expertas, cuidados avanzados de la piel, rituales de aseo y experiencias de belleza personalizadas dise\u00f1adas para refrescar cuerpo y mente. <\/p>\n\n\n\n<p class=\"has-text-align-center\">Tanto si te preparas para una ocasi\u00f3n especial, como si te recuperas tras un viaje o te permites un momento de cuidado personal, De L&#8217;Europe ofrece una de las experiencias de belleza y bienestar m\u00e1s refinadas de \u00c1msterdam.<\/p>\n\n\n\n<div class=\"wp-block-buttons is-horizontal is-content-justification-center is-layout-flex wp-container-core-buttons-is-layout-499968f5 wp-block-buttons-is-layout-flex\">\n<div class=\"wp-block-button is-style-outline is-style-outline--2\"><a class=\"wp-block-button__link has-central-palette-1-color has-text-color has-text-align-center wp-element-button\" href=\"https:\/\/online.flippingbook.com\/view\/320293294\/3\/\" style=\"border-radius:0px;text-transform:uppercase\" target=\"_blank\" rel=\"noreferrer noopener\">VER MEN\u00da<\/a><\/div>\n<\/div>\n<\/div><\/div>\n<\/div>\n\n\n\n<div class=\"wp-block-column slider-wrap padding-left-md is-layout-flow wp-block-column-is-layout-flow\" style=\"flex-basis:50%\">\n<figure class=\"wp-block-image size-full\"><img loading=\"lazy\" decoding=\"async\" width=\"2048\" height=\"2560\" src=\"https:\/\/www.deleurope.com\/wp-content\/uploads\/2025\/12\/11-scaled.jpg\" alt=\"\" class=\"wp-image-11326\" style=\"aspect-ratio:4\/3;object-fit:cover\" srcset=\"https:\/\/www.deleurope.com\/wp-content\/uploads\/2025\/12\/11-scaled.jpg 2048w, https:\/\/www.deleurope.com\/wp-content\/uploads\/2025\/12\/11-768x960.jpg 768w, https:\/\/www.deleurope.com\/wp-content\/uploads\/2025\/12\/11-1229x1536.jpg 1229w, https:\/\/www.deleurope.com\/wp-content\/uploads\/2025\/12\/11-1638x2048.jpg 1638w\" sizes=\"auto, (max-width: 2048px) 100vw, 2048px\" \/><\/figure>\n<\/div>\n<\/div>\n\n<div class=\"wp-block-columns no-border-top with-subheader image_left_text_bg_right wrap-2-columns is-layout-flex wp-container-core-columns-is-layout-9d6595d7 wp-block-columns-is-layout-flex\">\n<div class=\"wp-block-column slider-wrap is-layout-flow wp-block-column-is-layout-flow\" style=\"flex-basis:50%\">\n<figure class=\"wp-block-image size-full\"><img loading=\"lazy\" decoding=\"async\" width=\"1536\" height=\"1024\" src=\"https:\/\/www.deleurope.com\/wp-content\/uploads\/2026\/05\/ChatGPT-Image-22-apr-2026-21_36_38.png\" alt=\"\" class=\"wp-image-13218\" srcset=\"https:\/\/www.deleurope.com\/wp-content\/uploads\/2026\/05\/ChatGPT-Image-22-apr-2026-21_36_38.png 1536w, https:\/\/www.deleurope.com\/wp-content\/uploads\/2026\/05\/ChatGPT-Image-22-apr-2026-21_36_38-768x512.png 768w, https:\/\/www.deleurope.com\/wp-content\/uploads\/2026\/05\/ChatGPT-Image-22-apr-2026-21_36_38-600x400.png 600w\" sizes=\"auto, (max-width: 1536px) 100vw, 1536px\" \/><\/figure>\n<\/div>\n\n\n\n<div class=\"wp-block-column is-vertically-aligned-center middle-align is-layout-flow wp-block-column-is-layout-flow\" style=\"flex-basis:50%\">\n<div class=\"wp-block-columns is-layout-flex wp-container-core-columns-is-layout-9d6595d7 wp-block-columns-is-layout-flex\">\n<div class=\"wp-block-column has-central-palette-4-background-color has-background is-layout-flow wp-block-column-is-layout-flow\">\n<h2 class=\"wp-block-heading has-text-align-center has-extra-large-font-size\">Servicios<\/h2>\n\n\n\n<ul class=\"wp-block-list\">\n<li><strong>PEINADO &#8211; SECADO<\/strong><\/li>\n\n\n\n<li><strong>ESTILISMO DE U\u00d1AS &#8211; MANICURA<\/strong><\/li>\n\n\n\n<li><strong>ESTILISMO DE U\u00d1AS &#8211; PEDICURA<\/strong><\/li>\n\n\n\n<li><strong>MAQUILLAJE ART\u00cdSTICO<\/strong><\/li>\n<\/ul>\n\n\n\n<div class=\"wp-block-buttons is-content-justification-center is-layout-flex wp-container-core-buttons-is-layout-16018d1d wp-block-buttons-is-layout-flex\">\n<div class=\"wp-block-button is-style-outline is-style-outline--3\"><a class=\"wp-block-button__link wp-element-button\" href=\"https:\/\/experience.intelity.com\/08835d4d-2eb5-45a6-b6b6-0c5f960d183e\/de-leurope-spa-wellness\" style=\"border-radius:0px;text-transform:uppercase\" target=\"_blank\" rel=\"noreferrer noopener\">SOLICITAR TRATAMIENTO<\/a><\/div>\n<\/div>\n<\/div>\n<\/div>\n<\/div>\n<\/div>\n\n<div class=\"wp-block-columns text-on-left wrap-2-columns eat-and-drink-cards is-layout-flex wp-container-core-columns-is-layout-9d6595d7 wp-block-columns-is-layout-flex\" id=\"graziella\">\n<div class=\"wp-block-column is-vertically-aligned-center middle-align is-layout-flow wp-block-column-is-layout-flow\" style=\"flex-basis:50%\">\n<h2 class=\"wp-block-heading has-text-align-center has-extra-large-font-size\" style=\"text-transform:capitalize\">Una experiencia de Bienestar completa<\/h2>\n\n\n\n<div class=\"wp-block-group\"><div class=\"wp-block-group__inner-container is-layout-constrained wp-block-group-is-layout-constrained\">\n<p class=\"has-text-align-center\">Para quienes deseen disfrutar de nuestras instalaciones sin pernoctar, disponemos de <strong>pases de un d\u00eda<\/strong>.  <\/p>\n\n\n\n<p class=\"has-text-align-center\">Esto permite tanto a los hu\u00e9spedes del hotel como a los visitantes externos vivir una de las experiencias de pase de d\u00eda de bienestar m\u00e1s elevadas de \u00c1msterdam, con acceso completo a nuestra piscina, saunas y tranquilas zonas de relajaci\u00f3n.<\/p>\n\n\n\n<div class=\"wp-block-buttons is-horizontal is-content-justification-center is-layout-flex wp-container-core-buttons-is-layout-499968f5 wp-block-buttons-is-layout-flex\">\n<div class=\"wp-block-button is-style-fill\"><a class=\"wp-block-button__link has-central-palette-1-color has-text-color wp-element-button\" href=\"https:\/\/www.deleurope.com\/spa-wellness\/spa-wellness-facilities-amsterdam\/\" style=\"border-radius:0px;text-transform:uppercase\" target=\"_blank\" rel=\"noreferrer noopener\">Ver instalaciones<\/a><\/div>\n\n\n\n<div class=\"wp-block-button is-style-outline is-style-outline--4\"><a class=\"wp-block-button__link has-central-palette-1-color has-text-color has-text-align-center wp-element-button\" href=\"https:\/\/experience.intelity.com\/08835d4d-2eb5-45a6-b6b6-0c5f960d183e\/de-leurope-spa-wellness\" style=\"border-radius:0px;text-transform:uppercase\" target=\"_blank\" rel=\"noreferrer noopener\">SOLICITAR PASE DE UN D\u00cdA<\/a><\/div>\n<\/div>\n<\/div><\/div>\n<\/div>\n\n\n\n<div class=\"wp-block-column slider-wrap padding-left-md is-layout-flow wp-block-column-is-layout-flow\" style=\"flex-basis:50%\">\n<figure class=\"wp-block-image size-full\"><img loading=\"lazy\" decoding=\"async\" width=\"700\" height=\"500\" src=\"https:\/\/www.deleurope.com\/wp-content\/uploads\/2026\/05\/De-LEurope-Spa-2.jpg\" alt=\"\" class=\"wp-image-13213\" style=\"aspect-ratio:4\/3;object-fit:cover\"\/><\/figure>\n<\/div>\n<\/div>\n","protected":false},"excerpt":{"rendered":"<p>Descubre un enfoque refinado del bienestar, la belleza y la relajaci\u00f3n en De L&#8217;Europe \u00c1msterdam. Descubre nuestros tratamientos de belleza cuidadosamente dise\u00f1ados para refrescar, mejorar y restaurar. Desde un elegante peinado hasta unas u\u00f1as pulidas y un maquillaje cl\u00e1sico, cada servicio a\u00f1ade un elegante toque final a tu experiencia de spa en el coraz\u00f3n de [&hellip;]<\/p>\n","protected":false},"author":17,"featured_media":10809,"parent":3881,"menu_order":0,"comment_status":"closed","ping_status":"closed","template":"","meta":{"_acf_changed":false,"footnotes":""},"class_list":["post-13576","page","type-page","status-publish","has-post-thumbnail","hentry"],"acf":[],"yoast_head":"<!-- This site is optimized with the Yoast SEO plugin v27.5 - https:\/\/yoast.com\/product\/yoast-seo-wordpress\/ -->\n<title>Servicios de Belleza de Lujo Amsterdam | De L&#039;Europe Amsterdam<\/title>\n<meta name=\"description\" content=\"Descubre lujosos servicios de belleza en \u00c1msterdam, como peluquer\u00eda, manicura, pedicura y maquillaje art\u00edstico en De L&#039;Europe \u00c1msterdam.\" \/>\n<meta name=\"robots\" content=\"index, follow, max-snippet:-1, max-image-preview:large, max-video-preview:-1\" \/>\n<link rel=\"canonical\" href=\"https:\/\/www.deleurope.com\/es\/spa\/servicios-de-belleza\/\" \/>\n<meta property=\"og:locale\" content=\"es_ES\" \/>\n<meta property=\"og:type\" content=\"article\" \/>\n<meta property=\"og:title\" content=\"Servicios de Belleza de Lujo Amsterdam | De L&#039;Europe Amsterdam\" \/>\n<meta property=\"og:description\" content=\"Descubre lujosos servicios de belleza en \u00c1msterdam, como peluquer\u00eda, manicura, pedicura y maquillaje art\u00edstico en De L&#039;Europe \u00c1msterdam.\" \/>\n<meta property=\"og:url\" content=\"https:\/\/www.deleurope.com\/es\/spa\/servicios-de-belleza\/\" \/>\n<meta property=\"og:site_name\" content=\"De L&#039;Europe Amsterdam\" \/>\n<meta property=\"article:modified_time\" content=\"2026-05-13T12:36:29+00:00\" \/>\n<meta property=\"og:image\" content=\"https:\/\/www.deleurope.com\/wp-content\/uploads\/2025\/11\/De-LEurope-Amsterdam-Biologique-Recherche-2-3-1.png\" \/>\n\t<meta property=\"og:image:width\" content=\"700\" \/>\n\t<meta property=\"og:image:height\" content=\"500\" \/>\n\t<meta property=\"og:image:type\" content=\"image\/png\" \/>\n<meta name=\"twitter:card\" content=\"summary_large_image\" \/>\n<meta name=\"twitter:label1\" content=\"Tiempo de lectura\" \/>\n\t<meta name=\"twitter:data1\" content=\"2 minutos\" \/>\n<script type=\"application\/ld+json\" class=\"yoast-schema-graph\">{\"@context\":\"https:\\\/\\\/schema.org\",\"@graph\":[{\"@type\":\"WebPage\",\"@id\":\"https:\\\/\\\/www.deleurope.com\\\/es\\\/spa\\\/servicios-de-belleza\\\/\",\"url\":\"https:\\\/\\\/www.deleurope.com\\\/es\\\/spa\\\/servicios-de-belleza\\\/\",\"name\":\"Servicios de Belleza de Lujo Amsterdam | De L'Europe Amsterdam\",\"isPartOf\":{\"@id\":\"https:\\\/\\\/www.deleurope.com\\\/es\\\/#website\"},\"primaryImageOfPage\":{\"@id\":\"https:\\\/\\\/www.deleurope.com\\\/es\\\/spa\\\/servicios-de-belleza\\\/#primaryimage\"},\"image\":{\"@id\":\"https:\\\/\\\/www.deleurope.com\\\/es\\\/spa\\\/servicios-de-belleza\\\/#primaryimage\"},\"thumbnailUrl\":\"https:\\\/\\\/www.deleurope.com\\\/wp-content\\\/uploads\\\/2025\\\/11\\\/De-LEurope-Amsterdam-Biologique-Recherche-2-3-1.png\",\"datePublished\":\"2026-05-08T11:44:34+00:00\",\"dateModified\":\"2026-05-13T12:36:29+00:00\",\"description\":\"Descubre lujosos servicios de belleza en \u00c1msterdam, como peluquer\u00eda, manicura, pedicura y maquillaje art\u00edstico en De L'Europe \u00c1msterdam.\",\"breadcrumb\":{\"@id\":\"https:\\\/\\\/www.deleurope.com\\\/es\\\/spa\\\/servicios-de-belleza\\\/#breadcrumb\"},\"inLanguage\":\"es\",\"potentialAction\":[{\"@type\":\"ReadAction\",\"target\":[\"https:\\\/\\\/www.deleurope.com\\\/es\\\/spa\\\/servicios-de-belleza\\\/\"]}]},{\"@type\":\"ImageObject\",\"inLanguage\":\"es\",\"@id\":\"https:\\\/\\\/www.deleurope.com\\\/es\\\/spa\\\/servicios-de-belleza\\\/#primaryimage\",\"url\":\"https:\\\/\\\/www.deleurope.com\\\/wp-content\\\/uploads\\\/2025\\\/11\\\/De-LEurope-Amsterdam-Biologique-Recherche-2-3-1.png\",\"contentUrl\":\"https:\\\/\\\/www.deleurope.com\\\/wp-content\\\/uploads\\\/2025\\\/11\\\/De-LEurope-Amsterdam-Biologique-Recherche-2-3-1.png\",\"width\":700,\"height\":500,\"caption\":\"De L'Europe Amsterdam - Biologique Recherche - Treatment\"},{\"@type\":\"BreadcrumbList\",\"@id\":\"https:\\\/\\\/www.deleurope.com\\\/es\\\/spa\\\/servicios-de-belleza\\\/#breadcrumb\",\"itemListElement\":[{\"@type\":\"ListItem\",\"position\":1,\"name\":\"Home\",\"item\":\"https:\\\/\\\/www.deleurope.com\\\/es\\\/\"},{\"@type\":\"ListItem\",\"position\":2,\"name\":\"MENTE Y CUERPO\",\"item\":\"https:\\\/\\\/www.deleurope.com\\\/es\\\/spa\\\/\"},{\"@type\":\"ListItem\",\"position\":3,\"name\":\"SERVICIOS DE BELLEZA\"}]},{\"@type\":\"WebSite\",\"@id\":\"https:\\\/\\\/www.deleurope.com\\\/es\\\/#website\",\"url\":\"https:\\\/\\\/www.deleurope.com\\\/es\\\/\",\"name\":\"De L&#039;Europe Amsterdam\",\"description\":\"Home of original Amsterdam luxury.\",\"potentialAction\":[{\"@type\":\"SearchAction\",\"target\":{\"@type\":\"EntryPoint\",\"urlTemplate\":\"https:\\\/\\\/www.deleurope.com\\\/es\\\/?s={search_term_string}\"},\"query-input\":{\"@type\":\"PropertyValueSpecification\",\"valueRequired\":true,\"valueName\":\"search_term_string\"}}],\"inLanguage\":\"es\"}]}<\/script>\n<!-- \/ Yoast SEO plugin. -->","yoast_head_json":{"title":"Servicios de Belleza de Lujo Amsterdam | De L'Europe Amsterdam","description":"Descubre lujosos servicios de belleza en \u00c1msterdam, como peluquer\u00eda, manicura, pedicura y maquillaje art\u00edstico en De L'Europe \u00c1msterdam.","robots":{"index":"index","follow":"follow","max-snippet":"max-snippet:-1","max-image-preview":"max-image-preview:large","max-video-preview":"max-video-preview:-1"},"canonical":"https:\/\/www.deleurope.com\/es\/spa\/servicios-de-belleza\/","og_locale":"es_ES","og_type":"article","og_title":"Servicios de Belleza de Lujo Amsterdam | De L'Europe Amsterdam","og_description":"Descubre lujosos servicios de belleza en \u00c1msterdam, como peluquer\u00eda, manicura, pedicura y maquillaje art\u00edstico en De L'Europe \u00c1msterdam.","og_url":"https:\/\/www.deleurope.com\/es\/spa\/servicios-de-belleza\/","og_site_name":"De L&#039;Europe Amsterdam","article_modified_time":"2026-05-13T12:36:29+00:00","og_image":[{"width":700,"height":500,"url":"https:\/\/www.deleurope.com\/wp-content\/uploads\/2025\/11\/De-LEurope-Amsterdam-Biologique-Recherche-2-3-1.png","type":"image\/png"}],"twitter_card":"summary_large_image","twitter_misc":{"Tiempo de lectura":"2 minutos"},"schema":{"@context":"https:\/\/schema.org","@graph":[{"@type":"WebPage","@id":"https:\/\/www.deleurope.com\/es\/spa\/servicios-de-belleza\/","url":"https:\/\/www.deleurope.com\/es\/spa\/servicios-de-belleza\/","name":"Servicios de Belleza de Lujo Amsterdam | De L'Europe Amsterdam","isPartOf":{"@id":"https:\/\/www.deleurope.com\/es\/#website"},"primaryImageOfPage":{"@id":"https:\/\/www.deleurope.com\/es\/spa\/servicios-de-belleza\/#primaryimage"},"image":{"@id":"https:\/\/www.deleurope.com\/es\/spa\/servicios-de-belleza\/#primaryimage"},"thumbnailUrl":"https:\/\/www.deleurope.com\/wp-content\/uploads\/2025\/11\/De-LEurope-Amsterdam-Biologique-Recherche-2-3-1.png","datePublished":"2026-05-08T11:44:34+00:00","dateModified":"2026-05-13T12:36:29+00:00","description":"Descubre lujosos servicios de belleza en \u00c1msterdam, como peluquer\u00eda, manicura, pedicura y maquillaje art\u00edstico en De L'Europe \u00c1msterdam.","breadcrumb":{"@id":"https:\/\/www.deleurope.com\/es\/spa\/servicios-de-belleza\/#breadcrumb"},"inLanguage":"es","potentialAction":[{"@type":"ReadAction","target":["https:\/\/www.deleurope.com\/es\/spa\/servicios-de-belleza\/"]}]},{"@type":"ImageObject","inLanguage":"es","@id":"https:\/\/www.deleurope.com\/es\/spa\/servicios-de-belleza\/#primaryimage","url":"https:\/\/www.deleurope.com\/wp-content\/uploads\/2025\/11\/De-LEurope-Amsterdam-Biologique-Recherche-2-3-1.png","contentUrl":"https:\/\/www.deleurope.com\/wp-content\/uploads\/2025\/11\/De-LEurope-Amsterdam-Biologique-Recherche-2-3-1.png","width":700,"height":500,"caption":"De L'Europe Amsterdam - Biologique Recherche - Treatment"},{"@type":"BreadcrumbList","@id":"https:\/\/www.deleurope.com\/es\/spa\/servicios-de-belleza\/#breadcrumb","itemListElement":[{"@type":"ListItem","position":1,"name":"Home","item":"https:\/\/www.deleurope.com\/es\/"},{"@type":"ListItem","position":2,"name":"MENTE Y CUERPO","item":"https:\/\/www.deleurope.com\/es\/spa\/"},{"@type":"ListItem","position":3,"name":"SERVICIOS DE BELLEZA"}]},{"@type":"WebSite","@id":"https:\/\/www.deleurope.com\/es\/#website","url":"https:\/\/www.deleurope.com\/es\/","name":"De L&#039;Europe Amsterdam","description":"Home of original Amsterdam luxury.","potentialAction":[{"@type":"SearchAction","target":{"@type":"EntryPoint","urlTemplate":"https:\/\/www.deleurope.com\/es\/?s={search_term_string}"},"query-input":{"@type":"PropertyValueSpecification","valueRequired":true,"valueName":"search_term_string"}}],"inLanguage":"es"}]}},"featured_image_src":"https:\/\/www.deleurope.com\/wp-content\/uploads\/2025\/11\/De-LEurope-Amsterdam-Biologique-Recherche-2-3-1-600x400.png","featured_image_src_square":"https:\/\/www.deleurope.com\/wp-content\/uploads\/2025\/11\/De-LEurope-Amsterdam-Biologique-Recherche-2-3-1-600x500.png","_links":{"self":[{"href":"https:\/\/www.deleurope.com\/es\/wp-json\/wp\/v2\/pages\/13576","targetHints":{"allow":["GET"]}}],"collection":[{"href":"https:\/\/www.deleurope.com\/es\/wp-json\/wp\/v2\/pages"}],"about":[{"href":"https:\/\/www.deleurope.com\/es\/wp-json\/wp\/v2\/types\/page"}],"author":[{"embeddable":true,"href":"https:\/\/www.deleurope.com\/es\/wp-json\/wp\/v2\/users\/17"}],"replies":[{"embeddable":true,"href":"https:\/\/www.deleurope.com\/es\/wp-json\/wp\/v2\/comments?post=13576"}],"version-history":[{"count":1,"href":"https:\/\/www.deleurope.com\/es\/wp-json\/wp\/v2\/pages\/13576\/revisions"}],"predecessor-version":[{"id":13577,"href":"https:\/\/www.deleurope.com\/es\/wp-json\/wp\/v2\/pages\/13576\/revisions\/13577"}],"up":[{"embeddable":true,"href":"https:\/\/www.deleurope.com\/es\/wp-json\/wp\/v2\/pages\/3881"}],"wp:featuredmedia":[{"embeddable":true,"href":"https:\/\/www.deleurope.com\/es\/wp-json\/wp\/v2\/media\/10809"}],"wp:attachment":[{"href":"https:\/\/www.deleurope.com\/es\/wp-json\/wp\/v2\/media?parent=13576"}],"curies":[{"name":"wp","href":"https:\/\/api.w.org\/{rel}","templated":true}]}}