{"id":3880,"date":"2024-01-17T17:27:50","date_gmt":"2024-01-17T17:27:50","guid":{"rendered":"https:\/\/www.deleurope.com\/normas-de-la-casa\/"},"modified":"2025-08-07T15:01:32","modified_gmt":"2025-08-07T15:01:32","slug":"normas-de-la-casa","status":"publish","type":"page","link":"https:\/\/www.deleurope.com\/es\/normas-de-la-casa\/","title":{"rendered":"Normas de la casa"},"content":{"rendered":"\n<div class=\"wp-block-columns margin-bottom-none is-layout-flex wp-container-core-columns-is-layout-9d6595d7 wp-block-columns-is-layout-flex\">\n<div class=\"wp-block-column two-texts-intro is-layout-flow wp-block-column-is-layout-flow\">\n<h2 class=\"wp-block-heading has-text-align-center rooms-description-white-box two-texts-bigger header-bigger has-extra-large-font-size\">Normas de la casa<\/h2>\n\n\n\n<p class=\"has-text-align-center\"><strong>Actualizada: Agosto 2025<\/strong><\/p>\n\n\n\n<p class=\"has-text-align-center\">NORMAS Y REGLAMENTOS GENERALES DE L&#8217;EUROPE AMSTERDAM<br\/>Para garantizar una gran estancia a los hu\u00e9spedes, as\u00ed como un gran ambiente de trabajo para el personal, De L&#8217;Europe te ruega que cumplas nuestras normas y reglamentos. En caso de que las normas y\/o reglamentos no est\u00e9n claros o en caso de duda, la direcci\u00f3n tiene autoridad para tomar decisiones sobre todas las cuestiones. El incumplimiento de esta norma puede dar lugar a la expulsi\u00f3n directa de nuestras instalaciones sin restituci\u00f3n ni indemnizaci\u00f3n de ning\u00fan tipo.<\/p>\n\n\n\n<p class=\"has-text-align-center\">Siga siempre las instrucciones de nuestro personal.<\/p>\n\n\n\n<p class=\"has-text-align-center\">Por favor, sea considerado con los dem\u00e1s en t\u00e9rminos de comportamiento y privacidad, trate al personal as\u00ed como a los dem\u00e1s hu\u00e9spedes con dignidad y respeto. Bajo ninguna circunstancia se tolerar\u00e1n actos ilegales y\/o comportamientos irrespetuosos de ning\u00fan tipo hacia otros hu\u00e9spedes o el personal.<\/p>\n\n\n\n<p class=\"has-text-align-center\">Se exigir\u00e1 un documento de identidad v\u00e1lido al registrarse.<\/p>\n\n\n\n<p class=\"has-text-align-center\">La edad m\u00ednima para reservar, pagar y alojarse en las habitaciones es de 18 a\u00f1os. Los menores deben ir acompa\u00f1ados de un padre \/ tutor de al menos 25 a\u00f1os de edad. Los visitantes deben registrarse en nuestra recepci\u00f3n.<br\/>Guarda los objetos de valor de forma responsable y utiliza la caja fuerte que tenemos a tu disposici\u00f3n.<\/p>\n\n\n\n<p class=\"has-text-align-center\">De L&#8217;Europe y\/o sus propietarios o personal no se hacen responsables de p\u00e9rdidas o da\u00f1os de ning\u00fan tipo.<br\/>Est\u00e1 prohibido encender fuego y fumar en las habitaciones. En caso de incumplimiento, el Hotel de L&#8217;Europe cargar\u00e1 un importe de 350 euros en concepto de gastos de limpieza. No est\u00e1 permitido retirar y\/o templar los equipos de detecci\u00f3n de incendios. Si su habitaci\u00f3n tiene balc\u00f3n, s\u00f3lo se permite fumar en el exterior. Por favor, elimine las colillas y las cenizas de forma responsable.<\/p>\n\n\n\n<p class=\"has-text-align-center\">La vestimenta adecuada es obligatoria en todos los lugares y ocasiones.<\/p>\n\n\n\n<p class=\"has-text-align-center\">Ser\u00e1s responsable de cualquier da\u00f1o o p\u00e9rdida causados por ti o por otras personas de tu grupo.<br\/>No est\u00e1 permitido poseer, consumir o vender drogas, sustancias y\/o productos relacionados prohibidos en nuestras instalaciones.<br\/>El personal del hotel se reserva el derecho de acceder a cualquier habitaci\u00f3n de hu\u00e9spedes en cualquier momento por motivos de seguridad.<br\/>En caso de (sospecha de) fraude, robo u otras infracciones de la ley, el Hotel de L&#8217;Europe cooperar\u00e1 activamente con las autoridades responsables.<\/p>\n\n\n\n<p class=\"has-text-align-center\">Para consultar una gu\u00eda completa, visite www.khn.nl\/uvh-nl.<\/p>\n\n\n\n<p class=\"has-text-align-center\">TELEVISI\u00d3N DE CIRCUITO CERRADO, PRIVACIDAD Y PROTECCI\u00d3N DE DATOS<br\/>En todas las instalaciones del Hotel de L&#8217;Europe se utilizan circuitos cerrados de televisi\u00f3n para la seguridad de todos.<\/p>\n\n\n\n<p class=\"has-text-align-center\">No est\u00e1 permitido filmar para un uso que no sea personal sin el permiso por escrito de nuestro Director de Marketing o Director General.<\/p>\n\n\n\n<p class=\"has-text-align-center\">Grabar a personas (en secreto) est\u00e1 prohibido por la legislaci\u00f3n neerlandesa (por ejemplo, art. 139f en g Wetboek van Strafrecht)<\/p>\n\n\n\n<p class=\"has-text-align-center\">Consulta nuestro sitio web para obtener m\u00e1s informaci\u00f3n sobre estos temas:<br\/><a href=\"https:\/\/www.heineken.com\/global\/en\/privacy-policy\">WWW.HEINEKEN.COM\/GLOBAL\/EN\/PRIVACY-POLICY<\/a><\/p>\n\n\n\n<p class=\"has-text-align-center\"><\/p>\n<\/div>\n<\/div>\n","protected":false},"excerpt":{"rendered":"<p>Normas de la casa Actualizada: Agosto 2025 NORMAS Y REGLAMENTOS GENERALES DE L&#8217;EUROPE AMSTERDAMPara garantizar una gran estancia a los hu\u00e9spedes, as\u00ed como un gran ambiente de trabajo para el personal, De L&#8217;Europe te ruega que cumplas nuestras normas y reglamentos. En caso de que las normas y\/o reglamentos no est\u00e9n claros o en caso [&hellip;]<\/p>\n","protected":false},"author":17,"featured_media":3753,"parent":0,"menu_order":0,"comment_status":"closed","ping_status":"closed","template":"","meta":{"_acf_changed":false,"footnotes":""},"class_list":["post-3880","page","type-page","status-publish","has-post-thumbnail","hentry"],"acf":[],"yoast_head":"<!-- This site is optimized with the Yoast SEO plugin v27.3 - https:\/\/yoast.com\/product\/yoast-seo-wordpress\/ -->\n<title>Normas de la casa e informaci\u00f3n para los hu\u00e9spedes | De L&#039;Europe Amsterdam<\/title>\n<meta name=\"description\" content=\"Revisa las normas de la casa De L&#039;Europe Amsterdam para garantizar un entorno c\u00f3modo y respetuoso para todos los hu\u00e9spedes, promoviendo una experiencia agradable. M\u00e1s informaci\u00f3n.\" \/>\n<meta name=\"robots\" content=\"index, follow, max-snippet:-1, max-image-preview:large, max-video-preview:-1\" \/>\n<link rel=\"canonical\" href=\"https:\/\/www.deleurope.com\/es\/normas-de-la-casa\/\" \/>\n<meta property=\"og:locale\" content=\"es_ES\" \/>\n<meta property=\"og:type\" content=\"article\" \/>\n<meta property=\"og:title\" content=\"Normas de la casa e informaci\u00f3n para los hu\u00e9spedes | De L&#039;Europe Amsterdam\" \/>\n<meta property=\"og:description\" content=\"Revisa las normas de la casa De L&#039;Europe Amsterdam para garantizar un entorno c\u00f3modo y respetuoso para todos los hu\u00e9spedes, promoviendo una experiencia agradable. M\u00e1s informaci\u00f3n.\" \/>\n<meta property=\"og:url\" content=\"https:\/\/www.deleurope.com\/es\/normas-de-la-casa\/\" \/>\n<meta property=\"og:site_name\" content=\"De L&#039;Europe Amsterdam\" \/>\n<meta property=\"article:modified_time\" content=\"2025-08-07T15:01:32+00:00\" \/>\n<meta property=\"og:image\" content=\"https:\/\/www.deleurope.com\/wp-content\/uploads\/2024\/01\/De-Leurope-Exterior-official.jpg\" \/>\n\t<meta property=\"og:image:width\" content=\"1680\" \/>\n\t<meta property=\"og:image:height\" content=\"730\" \/>\n\t<meta property=\"og:image:type\" content=\"image\/jpeg\" \/>\n<meta name=\"twitter:card\" content=\"summary_large_image\" \/>\n<meta name=\"twitter:label1\" content=\"Tiempo de lectura\" \/>\n\t<meta name=\"twitter:data1\" content=\"3 minutos\" \/>\n<script type=\"application\/ld+json\" class=\"yoast-schema-graph\">{\"@context\":\"https:\\\/\\\/schema.org\",\"@graph\":[{\"@type\":\"WebPage\",\"@id\":\"https:\\\/\\\/www.deleurope.com\\\/es\\\/normas-de-la-casa\\\/\",\"url\":\"https:\\\/\\\/www.deleurope.com\\\/es\\\/normas-de-la-casa\\\/\",\"name\":\"Normas de la casa e informaci\u00f3n para los hu\u00e9spedes | De L'Europe Amsterdam\",\"isPartOf\":{\"@id\":\"https:\\\/\\\/www.deleurope.com\\\/es\\\/#website\"},\"primaryImageOfPage\":{\"@id\":\"https:\\\/\\\/www.deleurope.com\\\/es\\\/normas-de-la-casa\\\/#primaryimage\"},\"image\":{\"@id\":\"https:\\\/\\\/www.deleurope.com\\\/es\\\/normas-de-la-casa\\\/#primaryimage\"},\"thumbnailUrl\":\"https:\\\/\\\/www.deleurope.com\\\/wp-content\\\/uploads\\\/2024\\\/01\\\/De-Leurope-Exterior-official.jpg\",\"datePublished\":\"2024-01-17T17:27:50+00:00\",\"dateModified\":\"2025-08-07T15:01:32+00:00\",\"description\":\"Revisa las normas de la casa De L'Europe Amsterdam para garantizar un entorno c\u00f3modo y respetuoso para todos los hu\u00e9spedes, promoviendo una experiencia agradable. M\u00e1s informaci\u00f3n.\",\"breadcrumb\":{\"@id\":\"https:\\\/\\\/www.deleurope.com\\\/es\\\/normas-de-la-casa\\\/#breadcrumb\"},\"inLanguage\":\"es\",\"potentialAction\":[{\"@type\":\"ReadAction\",\"target\":[\"https:\\\/\\\/www.deleurope.com\\\/es\\\/normas-de-la-casa\\\/\"]}]},{\"@type\":\"ImageObject\",\"inLanguage\":\"es\",\"@id\":\"https:\\\/\\\/www.deleurope.com\\\/es\\\/normas-de-la-casa\\\/#primaryimage\",\"url\":\"https:\\\/\\\/www.deleurope.com\\\/wp-content\\\/uploads\\\/2024\\\/01\\\/De-Leurope-Exterior-official.jpg\",\"contentUrl\":\"https:\\\/\\\/www.deleurope.com\\\/wp-content\\\/uploads\\\/2024\\\/01\\\/De-Leurope-Exterior-official.jpg\",\"width\":1680,\"height\":730,\"caption\":\"Any caption you'd like\"},{\"@type\":\"BreadcrumbList\",\"@id\":\"https:\\\/\\\/www.deleurope.com\\\/es\\\/normas-de-la-casa\\\/#breadcrumb\",\"itemListElement\":[{\"@type\":\"ListItem\",\"position\":1,\"name\":\"Home\",\"item\":\"https:\\\/\\\/www.deleurope.com\\\/es\\\/\"},{\"@type\":\"ListItem\",\"position\":2,\"name\":\"Normas de la casa\"}]},{\"@type\":\"WebSite\",\"@id\":\"https:\\\/\\\/www.deleurope.com\\\/es\\\/#website\",\"url\":\"https:\\\/\\\/www.deleurope.com\\\/es\\\/\",\"name\":\"De L&#039;Europe Amsterdam\",\"description\":\"Home of original Amsterdam luxury.\",\"potentialAction\":[{\"@type\":\"SearchAction\",\"target\":{\"@type\":\"EntryPoint\",\"urlTemplate\":\"https:\\\/\\\/www.deleurope.com\\\/es\\\/?s={search_term_string}\"},\"query-input\":{\"@type\":\"PropertyValueSpecification\",\"valueRequired\":true,\"valueName\":\"search_term_string\"}}],\"inLanguage\":\"es\"}]}<\/script>\n<!-- \/ Yoast SEO plugin. -->","yoast_head_json":{"title":"Normas de la casa e informaci\u00f3n para los hu\u00e9spedes | De L'Europe Amsterdam","description":"Revisa las normas de la casa De L'Europe Amsterdam para garantizar un entorno c\u00f3modo y respetuoso para todos los hu\u00e9spedes, promoviendo una experiencia agradable. M\u00e1s informaci\u00f3n.","robots":{"index":"index","follow":"follow","max-snippet":"max-snippet:-1","max-image-preview":"max-image-preview:large","max-video-preview":"max-video-preview:-1"},"canonical":"https:\/\/www.deleurope.com\/es\/normas-de-la-casa\/","og_locale":"es_ES","og_type":"article","og_title":"Normas de la casa e informaci\u00f3n para los hu\u00e9spedes | De L'Europe Amsterdam","og_description":"Revisa las normas de la casa De L'Europe Amsterdam para garantizar un entorno c\u00f3modo y respetuoso para todos los hu\u00e9spedes, promoviendo una experiencia agradable. M\u00e1s informaci\u00f3n.","og_url":"https:\/\/www.deleurope.com\/es\/normas-de-la-casa\/","og_site_name":"De L&#039;Europe Amsterdam","article_modified_time":"2025-08-07T15:01:32+00:00","og_image":[{"width":1680,"height":730,"url":"https:\/\/www.deleurope.com\/wp-content\/uploads\/2024\/01\/De-Leurope-Exterior-official.jpg","type":"image\/jpeg"}],"twitter_card":"summary_large_image","twitter_misc":{"Tiempo de lectura":"3 minutos"},"schema":{"@context":"https:\/\/schema.org","@graph":[{"@type":"WebPage","@id":"https:\/\/www.deleurope.com\/es\/normas-de-la-casa\/","url":"https:\/\/www.deleurope.com\/es\/normas-de-la-casa\/","name":"Normas de la casa e informaci\u00f3n para los hu\u00e9spedes | De L'Europe Amsterdam","isPartOf":{"@id":"https:\/\/www.deleurope.com\/es\/#website"},"primaryImageOfPage":{"@id":"https:\/\/www.deleurope.com\/es\/normas-de-la-casa\/#primaryimage"},"image":{"@id":"https:\/\/www.deleurope.com\/es\/normas-de-la-casa\/#primaryimage"},"thumbnailUrl":"https:\/\/www.deleurope.com\/wp-content\/uploads\/2024\/01\/De-Leurope-Exterior-official.jpg","datePublished":"2024-01-17T17:27:50+00:00","dateModified":"2025-08-07T15:01:32+00:00","description":"Revisa las normas de la casa De L'Europe Amsterdam para garantizar un entorno c\u00f3modo y respetuoso para todos los hu\u00e9spedes, promoviendo una experiencia agradable. M\u00e1s informaci\u00f3n.","breadcrumb":{"@id":"https:\/\/www.deleurope.com\/es\/normas-de-la-casa\/#breadcrumb"},"inLanguage":"es","potentialAction":[{"@type":"ReadAction","target":["https:\/\/www.deleurope.com\/es\/normas-de-la-casa\/"]}]},{"@type":"ImageObject","inLanguage":"es","@id":"https:\/\/www.deleurope.com\/es\/normas-de-la-casa\/#primaryimage","url":"https:\/\/www.deleurope.com\/wp-content\/uploads\/2024\/01\/De-Leurope-Exterior-official.jpg","contentUrl":"https:\/\/www.deleurope.com\/wp-content\/uploads\/2024\/01\/De-Leurope-Exterior-official.jpg","width":1680,"height":730,"caption":"Any caption you'd like"},{"@type":"BreadcrumbList","@id":"https:\/\/www.deleurope.com\/es\/normas-de-la-casa\/#breadcrumb","itemListElement":[{"@type":"ListItem","position":1,"name":"Home","item":"https:\/\/www.deleurope.com\/es\/"},{"@type":"ListItem","position":2,"name":"Normas de la casa"}]},{"@type":"WebSite","@id":"https:\/\/www.deleurope.com\/es\/#website","url":"https:\/\/www.deleurope.com\/es\/","name":"De L&#039;Europe Amsterdam","description":"Home of original Amsterdam luxury.","potentialAction":[{"@type":"SearchAction","target":{"@type":"EntryPoint","urlTemplate":"https:\/\/www.deleurope.com\/es\/?s={search_term_string}"},"query-input":{"@type":"PropertyValueSpecification","valueRequired":true,"valueName":"search_term_string"}}],"inLanguage":"es"}]}},"featured_image_src":"https:\/\/www.deleurope.com\/wp-content\/uploads\/2024\/01\/De-Leurope-Exterior-official-600x400.jpg","featured_image_src_square":"https:\/\/www.deleurope.com\/wp-content\/uploads\/2024\/01\/De-Leurope-Exterior-official-600x600.jpg","_links":{"self":[{"href":"https:\/\/www.deleurope.com\/es\/wp-json\/wp\/v2\/pages\/3880","targetHints":{"allow":["GET"]}}],"collection":[{"href":"https:\/\/www.deleurope.com\/es\/wp-json\/wp\/v2\/pages"}],"about":[{"href":"https:\/\/www.deleurope.com\/es\/wp-json\/wp\/v2\/types\/page"}],"author":[{"embeddable":true,"href":"https:\/\/www.deleurope.com\/es\/wp-json\/wp\/v2\/users\/17"}],"replies":[{"embeddable":true,"href":"https:\/\/www.deleurope.com\/es\/wp-json\/wp\/v2\/comments?post=3880"}],"version-history":[{"count":0,"href":"https:\/\/www.deleurope.com\/es\/wp-json\/wp\/v2\/pages\/3880\/revisions"}],"wp:featuredmedia":[{"embeddable":true,"href":"https:\/\/www.deleurope.com\/es\/wp-json\/wp\/v2\/media\/3753"}],"wp:attachment":[{"href":"https:\/\/www.deleurope.com\/es\/wp-json\/wp\/v2\/media?parent=3880"}],"curies":[{"name":"wp","href":"https:\/\/api.w.org\/{rel}","templated":true}]}}