{"id":3881,"date":"2023-11-23T13:11:03","date_gmt":"2023-11-23T13:11:03","guid":{"rendered":"https:\/\/www.deleurope.com\/mente-y-cuerpo\/"},"modified":"2026-01-02T11:46:10","modified_gmt":"2026-01-02T11:46:10","slug":"spa","status":"publish","type":"page","link":"https:\/\/www.deleurope.com\/es\/spa\/","title":{"rendered":"MENTE Y CUERPO"},"content":{"rendered":"\n<div class=\"wp-block-columns is-layout-flex wp-container-core-columns-is-layout-9d6595d7 wp-block-columns-is-layout-flex\">\n<div class=\"wp-block-column description-and-button is-layout-flow wp-block-column-is-layout-flow\">\n<p class=\"has-text-align-center rooms-description-white-box has-large-font-size\">Sum\u00e9rjase en un suntuoso remanso de tranquilidad, con una gran variedad de espacios de tratamiento, saunas, piscina, jacuzzi y gimnasio. Esta perfecta integraci\u00f3n de servicios de bienestar crea el entorno perfecto para relajarse en un ambiente de serenidad o participar en revitalizantes rutinas de ejercicio.<\/p>\n<\/div>\n<\/div>\n\n<div class=\"wp-block-columns text-on-left wrap-2-columns eat-and-drink-cards top-border is-layout-flex wp-container-core-columns-is-layout-9d6595d7 wp-block-columns-is-layout-flex\" id=\"graziella\">\n<div class=\"wp-block-column is-vertically-aligned-center middle-align is-layout-flow wp-block-column-is-layout-flow\" style=\"flex-basis:50%\">\n<h2 class=\"wp-block-heading has-text-align-center has-extra-large-font-size\" style=\"text-transform:capitalize\">Biologique Recherche Amsterdam<\/h2>\n\n\n\n<p class=\"has-text-align-center\"><strong>TRATAMIENTOS FACIALES DE ALTO RENDIMIENTO<\/strong><\/p>\n\n\n\n<div class=\"wp-block-group\"><div class=\"wp-block-group__inner-container is-layout-constrained wp-block-group-is-layout-constrained\">\n<p class=\"has-text-align-center\">Estamos orgullosos de traer <strong>Biologique Recherche<\/strong> a \u00c1msterdam, una filosof\u00eda de cuidado de la piel definida por la precisi\u00f3n cient\u00edfica, potentes ingredientes bot\u00e1nicos y biotecnol\u00f3gicos, y protocolos de tratamiento personalizados. Basado en m\u00e1s de 45 a\u00f1os de investigaci\u00f3n, cada ritual se adapta a tu <strong>Skin Instant\u00ae<\/strong> individual, proporcionando resultados visibles y una transformaci\u00f3n duradera de la piel. <\/p>\n\n\n\n<p class=\"has-text-align-center\">Desde tratamientos faciales espec\u00edficos hasta rituales de lifting avanzados, Biologique Recherche ofrece uno de los tratamientos faciales m\u00e1s eficaces y lujosos de \u00c1msterdam.<\/p>\n\n\n\n<div class=\"wp-block-buttons is-horizontal is-content-justification-center is-layout-flex wp-container-core-buttons-is-layout-499968f5 wp-block-buttons-is-layout-flex\">\n<div class=\"wp-block-button is-style-outline is-style-outline--1\"><a class=\"wp-block-button__link has-central-palette-1-color has-text-color has-text-align-center wp-element-button\" href=\"https:\/\/www.deleurope.com\/es\/spa\/biologique-recherche-amsterdam\/\" style=\"border-radius:0px;text-transform:uppercase\" target=\"_blank\" rel=\"noreferrer noopener\">VER M\u00c1S<\/a><\/div>\n<\/div>\n<\/div><\/div>\n<\/div>\n\n\n\n<div class=\"wp-block-column slider-wrap padding-left-md is-layout-flow wp-block-column-is-layout-flow\" style=\"flex-basis:50%\">\n<figure class=\"wp-block-image size-full\"><img loading=\"lazy\" decoding=\"async\" width=\"700\" height=\"500\" src=\"https:\/\/www.deleurope.com\/wp-content\/uploads\/2025\/11\/De-LEurope-Amsterdam-Biologique-Recherche-2-7.png\" alt=\"De L'Europe Amsterdam - Biologique Recherche - Tratamiento\" class=\"wp-image-10785\" style=\"aspect-ratio:4\/3;object-fit:cover\"\/><\/figure>\n<\/div>\n<\/div>\n\n<div class=\"wp-block-columns no-margin-bottom with-cover section-editable-partners-slider title-content-carousel is-layout-flex wp-container-core-columns-is-layout-9d6595d7 wp-block-columns-is-layout-flex\" id=\"treatments\">\n<div class=\"wp-block-column has-central-palette-1-background-color has-background is-layout-flow wp-block-column-is-layout-flow\">\n<h2 class=\"wp-block-heading has-text-align-center heading-ampersant big-space-bottom-top has-central-palette-7-color has-text-color has-extra-large-font-size\" style=\"text-transform:uppercase\">Tratamientos<\/h2>\n\n\n\n<div class=\"wp-block-carousel-slider-slider\"><div class=\"carousel-slider-outer carousel-slider-outer-hero-banner-slider carousel-slider-outer-915\" style=\"--carousel-slider-nav-color:#f1f1f1;--carousel-slider-active-nav-color:#00d1b2;--carousel-slider-arrow-size:48px;--carousel-slider-bullet-size:10px\">\n<div id=\"&#039;id-915\" class=\"carousel-slider carousel-slider-915 arrows-visibility-always dots-visibility-never arrows-outside dots-center dots-circle owl-carousel\" data-slide-type=\"hero-banner-slider\" data-owl-settings='{\"nav\":true,\"dots\":false,\"slideBy\":1,\"stagePadding\":0,\"margin\":10,\"loop\":false,\"lazyLoad\":false,\"autoplay\":false,\"autoplayTimeout\":5000,\"autoplaySpeed\":500,\"autoplayHoverPause\":false,\"autoWidth\":false,\"items\":1}' data-animation=\"\">\n<div class=\"carousel-slider-hero__cell hero__cell-1\" style=\"--cell-height: 100%\"><div id=\"slide-item-915-1\" class=\"carousel-slider-hero__cell__background\" style=\"background-position:center top;background-size:cover;background-image:url(https:\/\/www.deleurope.com\/wp-content\/uploads\/2025\/12\/TR_Body_RVB_BD2.png);background-color:rgba(0,0,0,0.6)\"><\/div><div class=\"carousel-slider-hero__cell__inner carousel-slider--h-position-center carousel-slider--v-position-middle carousel-slider--text-center\" style=\"padding-top:1rem;padding-right:1rem;padding-bottom:1rem;padding-left:1rem\"><div class=\"carousel-slider-hero__cell__content hidden\" style=\"max-width:100%\" data-animation=\"\"><div class=\"carousel-slider-hero__cell__heading\" style=\"--cs-heading-font-size:40px;--cs-heading-gutter:30px;--cs-heading-color:#ffffff\">FACIALS<\/div><div class=\"carousel-slider-hero__cell__description\" style=\"--cs-description-font-size:20px;--cs-description-gutter:30px;--cs-description-color:#ffffff\">ENJOY CURATED TREATMENTS\r\n<br \/><br \/>\r\nEnjoy healthy, glowing skin with our personalised facial treatments options.<\/div><div class=\"carousel-slider-hero__cell__buttons\"><span class=\"carousel-slider-hero__cell__button__one\" style=\"--cs-button-bg-color:#ffffff;--cs-button-color:#323232;--cs-button-border-width:3px;--cs-button-border-radius:0px\"><a class=\"button cs-hero-button cs-hero-button-1-1 cs-hero-button-stroke cs-hero-button-medium\" href=\"https:\/\/online.flippingbook.com\/view\/320293294\/4\/\" target=\"_self\">SEE MORE<\/a><\/span><\/div><\/div><\/div><\/div>\n<div class=\"carousel-slider-hero__cell hero__cell-2\" style=\"--cell-height: 100%\"><div id=\"slide-item-915-2\" class=\"carousel-slider-hero__cell__background\" style=\"background-position:center top;background-size:cover;background-image:url(https:\/\/www.deleurope.com\/wp-content\/uploads\/2025\/12\/TR_Cryosticks_RVB_BD3.png);background-color:rgba(0,0,0,0.6)\"><\/div><div class=\"carousel-slider-hero__cell__inner carousel-slider--h-position-center carousel-slider--v-position-middle carousel-slider--text-center\" style=\"padding-top:1rem;padding-right:1rem;padding-bottom:1rem;padding-left:1rem\"><div class=\"carousel-slider-hero__cell__content hidden\" style=\"max-width:100%\" data-animation=\"\"><div class=\"carousel-slider-hero__cell__heading\" style=\"--cs-heading-font-size:40px;--cs-heading-gutter:30px;--cs-heading-color:#ffffff\">Massages<\/div><div class=\"carousel-slider-hero__cell__description\" style=\"--cs-description-font-size:20px;--cs-description-gutter:30px;--cs-description-color:#ffffff\">CURATED RITUALS AND TREATMENTS\r\n<br \/><br \/>\r\nRelease tension and unwind with our personalised massages designed to soothe both body and mind.<\/div><div class=\"carousel-slider-hero__cell__buttons\"><span class=\"carousel-slider-hero__cell__button__one\" style=\"--cs-button-bg-color:#ffffff;--cs-button-color:#323232;--cs-button-border-width:3px;--cs-button-border-radius:0px\"><a class=\"button cs-hero-button cs-hero-button-2-1 cs-hero-button-stroke cs-hero-button-medium\" href=\"https:\/\/online.flippingbook.com\/view\/320293294\/7\/\" target=\"_blank\">SEE MORE<\/a><\/span><\/div><\/div><\/div><\/div>\n<div class=\"carousel-slider-hero__cell hero__cell-3\" style=\"--cell-height: 100%\"><div id=\"slide-item-915-3\" class=\"carousel-slider-hero__cell__background\" style=\"background-position:center top;background-size:cover;background-image:url(https:\/\/www.deleurope.com\/wp-content\/uploads\/2025\/11\/De-LEurope-Amsterdam-Biologique-Recherche-2-3-1.png);background-color:rgba(0,0,0,0.6)\"><\/div><div class=\"carousel-slider-hero__cell__inner carousel-slider--h-position-center carousel-slider--v-position-middle carousel-slider--text-center\" style=\"padding-top:1rem;padding-right:1rem;padding-bottom:1rem;padding-left:1rem\"><div class=\"carousel-slider-hero__cell__content hidden\" style=\"max-width:100%\" data-animation=\"\"><div class=\"carousel-slider-hero__cell__heading\" style=\"--cs-heading-font-size:40px;--cs-heading-gutter:30px;--cs-heading-color:rgb(212,250,84)\">Beauty Services<\/div><div class=\"carousel-slider-hero__cell__description\" style=\"--cs-description-font-size:20px;--cs-description-gutter:30px;--cs-description-color:#ffffff\">THE PERFECT FINISHING TOUCHES\r\n<br \/><br \/>\r\nDiscover our carefully designed beauty treatments to refresh, enhance,\r\nand restore. From elegant hairstyling to polished nails and classic makeup, each service adds a graceful finishing touch to your spa experience.\r\n<\/div><div class=\"carousel-slider-hero__cell__buttons\"><span class=\"carousel-slider-hero__cell__button__one\" style=\"--cs-button-bg-color:#ffffff;--cs-button-color:#323232;--cs-button-border-width:3px;--cs-button-border-radius:0px\"><a class=\"button cs-hero-button cs-hero-button-3-1 cs-hero-button-stroke cs-hero-button-medium\" href=\"https:\/\/online.flippingbook.com\/view\/320293294\/9\/\" target=\"_self\">SEE MORE<\/a><\/span><\/div><\/div><\/div><\/div>\n<\/div><!-- .carousel-slider-915 -->\n<\/div><!-- .carousel-slider-outer-915 -->\n<\/div>\n<\/div>\n<\/div>\n\n<div class=\"wp-block-columns text-on-left wrap-2-columns eat-and-drink-cards top-border is-layout-flex wp-container-core-columns-is-layout-9d6595d7 wp-block-columns-is-layout-flex\" id=\"graziella\">\n<div class=\"wp-block-column is-vertically-aligned-center middle-align is-layout-flow wp-block-column-is-layout-flow\" style=\"flex-basis:50%\">\n<h2 class=\"wp-block-heading has-text-align-center has-extra-large-font-size\" style=\"text-transform:capitalize\">PISCINA<\/h2>\n\n\n\n<div class=\"wp-block-group\"><div class=\"wp-block-group__inner-container is-layout-constrained wp-block-group-is-layout-constrained\">\n<p class=\"has-text-align-center\">Disfruta del relajante abrazo de nuestra piscina climatizada situada en la planta baja dentro de la zona de Spa y Bienestar, disponible para tu disfrute todos los d\u00edas de 11:00 a 19:00. Tanto si prefiere nadar por la ma\u00f1ana como darse un chapuz\u00f3n por la tarde, nuestro amplio horario de apertura le ofrece la flexibilidad necesaria para disfrutar del relajante ambiente a su antojo.<\/p>\n<\/div><\/div>\n<\/div>\n\n\n\n<div class=\"wp-block-column slider-wrap padding-left-md is-layout-flow wp-block-column-is-layout-flow\" style=\"flex-basis:50%\">\n<figure class=\"wp-block-image size-full\"><img loading=\"lazy\" decoding=\"async\" width=\"1000\" height=\"667\" src=\"https:\/\/www.deleurope.com\/wp-content\/uploads\/2024\/01\/Mind-Body-4.jpg\" alt=\"Piscina de De L'Eruope\" class=\"wp-image-1955\" style=\"aspect-ratio:4\/3;object-fit:cover\" srcset=\"https:\/\/www.deleurope.com\/wp-content\/uploads\/2024\/01\/Mind-Body-4.jpg 1000w, https:\/\/www.deleurope.com\/wp-content\/uploads\/2024\/01\/Mind-Body-4-768x512.jpg 768w, https:\/\/www.deleurope.com\/wp-content\/uploads\/2024\/01\/Mind-Body-4-600x400.jpg 600w\" sizes=\"auto, (max-width: 1000px) 100vw, 1000px\" \/><\/figure>\n<\/div>\n<\/div>\n\n<div class=\"wp-block-columns text-on-left wrap-2-columns eat-and-drink-cards is-layout-flex wp-container-core-columns-is-layout-9d6595d7 wp-block-columns-is-layout-flex\" id=\"graziella\">\n<div class=\"wp-block-column is-vertically-aligned-center middle-align is-layout-flow wp-block-column-is-layout-flow\" style=\"flex-basis:50%\">\n<h2 class=\"wp-block-heading has-text-align-center has-extra-large-font-size\" style=\"text-transform:capitalize\">GIMNASIO<\/h2>\n\n\n\n<div class=\"wp-block-group\"><div class=\"wp-block-group__inner-container is-layout-constrained wp-block-group-is-layout-constrained\">\n<p class=\"has-text-align-center\">Experimente un completo viaje de fitness en nuestro estudio, equipado con equipos cardiovasculares y de resistencia TechnoGym, pesas libres y pelotas de ejercicio. Con la comodidad a\u00f1adida de la accesibilidad 24 horas al d\u00eda, 7 d\u00edas a la semana, nuestro gimnasio garantiza un horario de entrenamiento flexible, complementado con la opci\u00f3n de contratar a un entrenador personal con cita previa para obtener orientaci\u00f3n y apoyo personalizados.<\/p>\n<\/div><\/div>\n<\/div>\n\n\n\n<div class=\"wp-block-column slider-wrap padding-left-md is-layout-flow wp-block-column-is-layout-flow\" style=\"flex-basis:50%\">\n<figure class=\"wp-block-image size-large\"><img loading=\"lazy\" decoding=\"async\" width=\"800\" height=\"600\" src=\"https:\/\/www.deleurope.com\/wp-content\/uploads\/2023\/11\/Le-Spa-by-Skins-Institute-2-914x600-1-800x600.jpeg\" alt=\"Gimnasio con aparatos en De L'Europe Amsterdam\" class=\"wp-image-911\" style=\"aspect-ratio:4\/3;object-fit:cover\" srcset=\"https:\/\/www.deleurope.com\/wp-content\/uploads\/2023\/11\/Le-Spa-by-Skins-Institute-2-914x600-1-800x600.jpeg 800w, https:\/\/www.deleurope.com\/wp-content\/uploads\/2023\/11\/Le-Spa-by-Skins-Institute-2-914x600-1-400x300.jpeg 400w\" sizes=\"auto, (max-width: 800px) 100vw, 800px\" \/><\/figure>\n<\/div>\n<\/div>\n\n<div class=\"wp-block-columns special-request contact-form is-layout-flex wp-container-core-columns-is-layout-9d6595d7 wp-block-columns-is-layout-flex\" id=\"enquire\">\n<div class=\"wp-block-column has-central-palette-11-background-color has-background is-layout-flow wp-block-column-is-layout-flow\">\n<h2 class=\"wp-block-heading has-text-align-center has-extra-large-font-size\">Consulte<\/h2>\n\n\n\n<p class=\"has-text-align-center\">We are delighted to accommodate your special request. Perm\u00edtenos ayudarte con tu reserva, y esperamos poder garantizarte una experiencia agradable.<\/p>\n\n\n\n<p><\/p>\n\n\n\n<div class=\"wp-block-contact-form-7-contact-form-selector\"><p class=\"wpcf7-contact-form-not-found\"><strong>Error:<\/strong> Formulario de contacto no encontrado.<\/p><\/div>\n<\/div>\n<\/div>\n","protected":false},"excerpt":{"rendered":"<p>Sum\u00e9rjase en un suntuoso remanso de tranquilidad, con una gran variedad de espacios de tratamiento, saunas, piscina, jacuzzi y gimnasio. Esta perfecta integraci\u00f3n de servicios de bienestar crea el entorno perfecto para relajarse en un ambiente de serenidad o participar en revitalizantes rutinas de ejercicio. Biologique Recherche Amsterdam TRATAMIENTOS FACIALES DE ALTO RENDIMIENTO Estamos orgullosos [&hellip;]<\/p>\n","protected":false},"author":2,"featured_media":3842,"parent":0,"menu_order":0,"comment_status":"closed","ping_status":"closed","template":"","meta":{"_acf_changed":false,"footnotes":""},"class_list":["post-3881","page","type-page","status-publish","has-post-thumbnail","hentry"],"acf":[],"yoast_head":"<!-- This site is optimized with the Yoast SEO plugin v27.3 - https:\/\/yoast.com\/product\/yoast-seo-wordpress\/ -->\n<title>Spa de lujo y bienestar | De L&#039;Europe Amsterdam | Tratamientos<\/title>\n<meta name=\"description\" content=\"Rel\u00e1jate en el sereno centro de bienestar De L&#039;Europe Amsterdam, que ofrece exclusivos tratamientos de spa y lujo tranquilo en la ciudad. Rejuvenece y reserva hoy mismo.\" \/>\n<meta name=\"robots\" content=\"index, follow, max-snippet:-1, max-image-preview:large, max-video-preview:-1\" \/>\n<link rel=\"canonical\" href=\"https:\/\/www.deleurope.com\/es\/spa\/\" \/>\n<meta property=\"og:locale\" content=\"es_ES\" \/>\n<meta property=\"og:type\" content=\"article\" \/>\n<meta property=\"og:title\" content=\"Spa de lujo y bienestar | De L&#039;Europe Amsterdam | Tratamientos\" \/>\n<meta property=\"og:description\" content=\"Rel\u00e1jate en el sereno centro de bienestar De L&#039;Europe Amsterdam, que ofrece exclusivos tratamientos de spa y lujo tranquilo en la ciudad. Rejuvenece y reserva hoy mismo.\" \/>\n<meta property=\"og:url\" content=\"https:\/\/www.deleurope.com\/es\/spa\/\" \/>\n<meta property=\"og:site_name\" content=\"De L&#039;Europe Amsterdam\" \/>\n<meta property=\"article:modified_time\" content=\"2026-01-02T11:46:10+00:00\" \/>\n<meta property=\"og:image\" content=\"https:\/\/www.deleurope.com\/wp-content\/uploads\/2024\/01\/Mind-Body-1.jpg\" \/>\n\t<meta property=\"og:image:width\" content=\"1000\" \/>\n\t<meta property=\"og:image:height\" content=\"667\" \/>\n\t<meta property=\"og:image:type\" content=\"image\/jpeg\" \/>\n<meta name=\"twitter:card\" content=\"summary_large_image\" \/>\n<meta name=\"twitter:label1\" content=\"Tiempo de lectura\" \/>\n\t<meta name=\"twitter:data1\" content=\"2 minutos\" \/>\n<script type=\"application\/ld+json\" class=\"yoast-schema-graph\">{\"@context\":\"https:\\\/\\\/schema.org\",\"@graph\":[{\"@type\":\"WebPage\",\"@id\":\"https:\\\/\\\/www.deleurope.com\\\/es\\\/spa\\\/\",\"url\":\"https:\\\/\\\/www.deleurope.com\\\/es\\\/spa\\\/\",\"name\":\"Spa de lujo y bienestar | De L'Europe Amsterdam | Tratamientos\",\"isPartOf\":{\"@id\":\"https:\\\/\\\/www.deleurope.com\\\/es\\\/#website\"},\"primaryImageOfPage\":{\"@id\":\"https:\\\/\\\/www.deleurope.com\\\/es\\\/spa\\\/#primaryimage\"},\"image\":{\"@id\":\"https:\\\/\\\/www.deleurope.com\\\/es\\\/spa\\\/#primaryimage\"},\"thumbnailUrl\":\"https:\\\/\\\/www.deleurope.com\\\/wp-content\\\/uploads\\\/2024\\\/01\\\/Mind-Body-1.jpg\",\"datePublished\":\"2023-11-23T13:11:03+00:00\",\"dateModified\":\"2026-01-02T11:46:10+00:00\",\"description\":\"Rel\u00e1jate en el sereno centro de bienestar De L'Europe Amsterdam, que ofrece exclusivos tratamientos de spa y lujo tranquilo en la ciudad. Rejuvenece y reserva hoy mismo.\",\"breadcrumb\":{\"@id\":\"https:\\\/\\\/www.deleurope.com\\\/es\\\/spa\\\/#breadcrumb\"},\"inLanguage\":\"es\",\"potentialAction\":[{\"@type\":\"ReadAction\",\"target\":[\"https:\\\/\\\/www.deleurope.com\\\/es\\\/spa\\\/\"]}]},{\"@type\":\"ImageObject\",\"inLanguage\":\"es\",\"@id\":\"https:\\\/\\\/www.deleurope.com\\\/es\\\/spa\\\/#primaryimage\",\"url\":\"https:\\\/\\\/www.deleurope.com\\\/wp-content\\\/uploads\\\/2024\\\/01\\\/Mind-Body-1.jpg\",\"contentUrl\":\"https:\\\/\\\/www.deleurope.com\\\/wp-content\\\/uploads\\\/2024\\\/01\\\/Mind-Body-1.jpg\",\"width\":1000,\"height\":667,\"caption\":\"Spa & Wellness De L'Europe\"},{\"@type\":\"BreadcrumbList\",\"@id\":\"https:\\\/\\\/www.deleurope.com\\\/es\\\/spa\\\/#breadcrumb\",\"itemListElement\":[{\"@type\":\"ListItem\",\"position\":1,\"name\":\"Home\",\"item\":\"https:\\\/\\\/www.deleurope.com\\\/es\\\/\"},{\"@type\":\"ListItem\",\"position\":2,\"name\":\"MENTE Y CUERPO\"}]},{\"@type\":\"WebSite\",\"@id\":\"https:\\\/\\\/www.deleurope.com\\\/es\\\/#website\",\"url\":\"https:\\\/\\\/www.deleurope.com\\\/es\\\/\",\"name\":\"De L&#039;Europe Amsterdam\",\"description\":\"Home of original Amsterdam luxury.\",\"potentialAction\":[{\"@type\":\"SearchAction\",\"target\":{\"@type\":\"EntryPoint\",\"urlTemplate\":\"https:\\\/\\\/www.deleurope.com\\\/es\\\/?s={search_term_string}\"},\"query-input\":{\"@type\":\"PropertyValueSpecification\",\"valueRequired\":true,\"valueName\":\"search_term_string\"}}],\"inLanguage\":\"es\"}]}<\/script>\n<!-- \/ Yoast SEO plugin. -->","yoast_head_json":{"title":"Spa de lujo y bienestar | De L'Europe Amsterdam | Tratamientos","description":"Rel\u00e1jate en el sereno centro de bienestar De L'Europe Amsterdam, que ofrece exclusivos tratamientos de spa y lujo tranquilo en la ciudad. Rejuvenece y reserva hoy mismo.","robots":{"index":"index","follow":"follow","max-snippet":"max-snippet:-1","max-image-preview":"max-image-preview:large","max-video-preview":"max-video-preview:-1"},"canonical":"https:\/\/www.deleurope.com\/es\/spa\/","og_locale":"es_ES","og_type":"article","og_title":"Spa de lujo y bienestar | De L'Europe Amsterdam | Tratamientos","og_description":"Rel\u00e1jate en el sereno centro de bienestar De L'Europe Amsterdam, que ofrece exclusivos tratamientos de spa y lujo tranquilo en la ciudad. Rejuvenece y reserva hoy mismo.","og_url":"https:\/\/www.deleurope.com\/es\/spa\/","og_site_name":"De L&#039;Europe Amsterdam","article_modified_time":"2026-01-02T11:46:10+00:00","og_image":[{"width":1000,"height":667,"url":"https:\/\/www.deleurope.com\/wp-content\/uploads\/2024\/01\/Mind-Body-1.jpg","type":"image\/jpeg"}],"twitter_card":"summary_large_image","twitter_misc":{"Tiempo de lectura":"2 minutos"},"schema":{"@context":"https:\/\/schema.org","@graph":[{"@type":"WebPage","@id":"https:\/\/www.deleurope.com\/es\/spa\/","url":"https:\/\/www.deleurope.com\/es\/spa\/","name":"Spa de lujo y bienestar | De L'Europe Amsterdam | Tratamientos","isPartOf":{"@id":"https:\/\/www.deleurope.com\/es\/#website"},"primaryImageOfPage":{"@id":"https:\/\/www.deleurope.com\/es\/spa\/#primaryimage"},"image":{"@id":"https:\/\/www.deleurope.com\/es\/spa\/#primaryimage"},"thumbnailUrl":"https:\/\/www.deleurope.com\/wp-content\/uploads\/2024\/01\/Mind-Body-1.jpg","datePublished":"2023-11-23T13:11:03+00:00","dateModified":"2026-01-02T11:46:10+00:00","description":"Rel\u00e1jate en el sereno centro de bienestar De L'Europe Amsterdam, que ofrece exclusivos tratamientos de spa y lujo tranquilo en la ciudad. Rejuvenece y reserva hoy mismo.","breadcrumb":{"@id":"https:\/\/www.deleurope.com\/es\/spa\/#breadcrumb"},"inLanguage":"es","potentialAction":[{"@type":"ReadAction","target":["https:\/\/www.deleurope.com\/es\/spa\/"]}]},{"@type":"ImageObject","inLanguage":"es","@id":"https:\/\/www.deleurope.com\/es\/spa\/#primaryimage","url":"https:\/\/www.deleurope.com\/wp-content\/uploads\/2024\/01\/Mind-Body-1.jpg","contentUrl":"https:\/\/www.deleurope.com\/wp-content\/uploads\/2024\/01\/Mind-Body-1.jpg","width":1000,"height":667,"caption":"Spa & Wellness De L'Europe"},{"@type":"BreadcrumbList","@id":"https:\/\/www.deleurope.com\/es\/spa\/#breadcrumb","itemListElement":[{"@type":"ListItem","position":1,"name":"Home","item":"https:\/\/www.deleurope.com\/es\/"},{"@type":"ListItem","position":2,"name":"MENTE Y CUERPO"}]},{"@type":"WebSite","@id":"https:\/\/www.deleurope.com\/es\/#website","url":"https:\/\/www.deleurope.com\/es\/","name":"De L&#039;Europe Amsterdam","description":"Home of original Amsterdam luxury.","potentialAction":[{"@type":"SearchAction","target":{"@type":"EntryPoint","urlTemplate":"https:\/\/www.deleurope.com\/es\/?s={search_term_string}"},"query-input":{"@type":"PropertyValueSpecification","valueRequired":true,"valueName":"search_term_string"}}],"inLanguage":"es"}]}},"featured_image_src":"https:\/\/www.deleurope.com\/wp-content\/uploads\/2024\/01\/Mind-Body-1-600x400.jpg","featured_image_src_square":"https:\/\/www.deleurope.com\/wp-content\/uploads\/2024\/01\/Mind-Body-1-600x600.jpg","_links":{"self":[{"href":"https:\/\/www.deleurope.com\/es\/wp-json\/wp\/v2\/pages\/3881","targetHints":{"allow":["GET"]}}],"collection":[{"href":"https:\/\/www.deleurope.com\/es\/wp-json\/wp\/v2\/pages"}],"about":[{"href":"https:\/\/www.deleurope.com\/es\/wp-json\/wp\/v2\/types\/page"}],"author":[{"embeddable":true,"href":"https:\/\/www.deleurope.com\/es\/wp-json\/wp\/v2\/users\/2"}],"replies":[{"embeddable":true,"href":"https:\/\/www.deleurope.com\/es\/wp-json\/wp\/v2\/comments?post=3881"}],"version-history":[{"count":0,"href":"https:\/\/www.deleurope.com\/es\/wp-json\/wp\/v2\/pages\/3881\/revisions"}],"wp:featuredmedia":[{"embeddable":true,"href":"https:\/\/www.deleurope.com\/es\/wp-json\/wp\/v2\/media\/3842"}],"wp:attachment":[{"href":"https:\/\/www.deleurope.com\/es\/wp-json\/wp\/v2\/media?parent=3881"}],"curies":[{"name":"wp","href":"https:\/\/api.w.org\/{rel}","templated":true}]}}