{"id":3886,"date":"2024-01-16T11:37:55","date_gmt":"2024-01-16T11:37:55","guid":{"rendered":"https:\/\/www.deleurope.com\/ofertas-y-paquetes\/quedate-4-paga-3\/"},"modified":"2026-02-26T14:01:45","modified_gmt":"2026-02-26T14:01:45","slug":"quedate-4-paga-3","status":"publish","type":"page","link":"https:\/\/www.deleurope.com\/es\/ofertas-y-paquetes\/quedate-4-paga-3\/","title":{"rendered":"Qu\u00e9date 4, paga 3"},"content":{"rendered":"\n<div class=\"wp-block-columns margin-bottom-none is-layout-flex wp-container-core-columns-is-layout-9d6595d7 wp-block-columns-is-layout-flex\">\n<div class=\"wp-block-column two-texts-intro with-cta is-layout-flow wp-block-column-is-layout-flow\">\n<h2 class=\"wp-block-heading has-text-align-center rooms-description-white-box two-texts-bigger header-bigger with-cta has-extra-large-font-size\">Tu escapada perfecta<\/h2>\n\n\n\n<p class=\"has-text-align-center\"><br\/>Planifica tu escapada perfecta al coraz\u00f3n de \u00c1msterdam en De L&#8217;Europe \u00c1msterdam, donde el lujo se une al encanto intemporal. Situado junto a los emblem\u00e1ticos canales de la ciudad, nuestro hotel es la base ideal para explorar las principales atracciones de \u00c1msterdam. Pasea por las pintorescas calles, visita museos de fama mundial como el Rijksmuseum y el Museo Van Gogh, o rel\u00e1jate en exuberantes jardines a pocos pasos de distancia.  <\/p>\n\n\n\n<p class=\"has-text-align-center\">Reserva ahora con nuestra <strong>exclusiva promoci\u00f3n 4=3<\/strong> y disfruta de una noche extra para experimentar lo mejor de la vibrante cultura, la buena mesa y los monumentos hist\u00f3ricos de \u00c1msterdam. Tanto si est\u00e1s de visita por romanticismo, relax o aventura, De L&#8217;Europe Amsterdam te ofrece una estancia inolvidable en el centro de todo. <\/p>\n\n\n\n<div class=\"wp-block-buttons is-content-justification-center is-layout-flex wp-container-core-buttons-is-layout-16018d1d wp-block-buttons-is-layout-flex\">\n<div class=\"wp-block-button is-style-outline book-now is-style-outline--1\"><a class=\"wp-block-button__link has-central-palette-7-color has-central-palette-1-background-color has-text-color has-background has-text-align-center wp-element-button\" href=\"#\/booking\/step-1?group=L08\" style=\"border-radius:0px;text-transform:uppercase\" target=\"_blank\" rel=\"noreferrer noopener\">Book now<\/a><\/div>\n<\/div>\n<\/div>\n<\/div>\n\n<div class=\"wp-block-columns columns_slider_text wrap-2-columns eat-and-drink-cards top-border is-layout-flex wp-container-core-columns-is-layout-9d6595d7 wp-block-columns-is-layout-flex\" id=\"flore\">\n<div class=\"wp-block-column slider-wrap is-layout-flow wp-block-column-is-layout-flow\" style=\"flex-basis:50%\">\n<figure class=\"wp-block-image size-large\"><img loading=\"lazy\" decoding=\"async\" width=\"800\" height=\"600\" src=\"https:\/\/deleurope.com\/wp-content\/uploads\/2024\/01\/Stay4-Pay3-Amenities-800x600.jpg\" alt=\"\" class=\"wp-image-1390\" style=\"aspect-ratio:4\/3;object-fit:cover\" srcset=\"https:\/\/www.deleurope.com\/wp-content\/uploads\/2024\/01\/Stay4-Pay3-Amenities-800x600.jpg 800w, https:\/\/www.deleurope.com\/wp-content\/uploads\/2024\/01\/Stay4-Pay3-Amenities-400x300.jpg 400w\" sizes=\"auto, (max-width: 800px) 100vw, 800px\" \/><\/figure>\n<\/div>\n\n\n\n<div class=\"wp-block-column is-vertically-aligned-center middle-align is-layout-flow wp-block-column-is-layout-flow\" style=\"flex-basis:50%\">\n<h2 class=\"wp-block-heading has-text-align-center has-extra-large-font-size\" style=\"text-transform:none\">Lujo a medida<\/h2>\n\n\n\n<div class=\"wp-block-group\"><div class=\"wp-block-group__inner-container is-layout-constrained wp-block-group-is-layout-constrained\">\n<p class=\"has-text-align-center\">En De L&#8217;Europe Amsterdam entendemos el lujo personalizado como ning\u00fan otro. Desde servicios internos hasta ofertas exclusivas, vamos m\u00e1s all\u00e1 para satisfacer sus deseos personales. Perm\u00edtanos personalizar su estancia.<\/p>\n\n\n\n<div class=\"wp-block-buttons is-horizontal is-content-justification-center is-layout-flex wp-container-core-buttons-is-layout-499968f5 wp-block-buttons-is-layout-flex\">\n<div class=\"wp-block-button is-style-outline is-style-outline--2\"><a class=\"wp-block-button__link has-central-palette-1-color has-text-color has-text-align-center wp-element-button\" href=\"https:\/\/deleurope.com\/offers-packages\/enhance-your-stay\/\" style=\"border-radius:0px;text-transform:uppercase\">Seguir leyendo<\/a><\/div>\n<\/div>\n<\/div><\/div>\n<\/div>\n<\/div>\n\n<div class=\"wp-block-columns special-request contact-form is-layout-flex wp-container-core-columns-is-layout-9d6595d7 wp-block-columns-is-layout-flex\" id=\"enquire\">\n<div class=\"wp-block-column has-central-palette-11-background-color has-background is-layout-flow wp-block-column-is-layout-flow\">\n<h2 class=\"wp-block-heading has-text-align-center has-extra-large-font-size\">Consulte<\/h2>\n\n\n\n<div class=\"wp-block-contact-form-7-contact-form-selector\">\n<div class=\"wpcf7 no-js\" id=\"wpcf7-f9408-o1\" lang=\"es-ES\" dir=\"ltr\" data-wpcf7-id=\"9408\">\n<div class=\"screen-reader-response\"><p role=\"status\" aria-live=\"polite\" aria-atomic=\"true\"><\/p> <ul><\/ul><\/div>\n<form action=\"\/es\/wp-json\/wp\/v2\/pages\/3886#wpcf7-f9408-o1\" method=\"post\" class=\"wpcf7-form init\" aria-label=\"Formulario de contacto\" novalidate=\"novalidate\" data-status=\"init\">\n<fieldset class=\"hidden-fields-container\"><input type=\"hidden\" name=\"_wpcf7\" value=\"9408\" \/><input type=\"hidden\" name=\"_wpcf7_version\" value=\"6.1.5\" \/><input type=\"hidden\" name=\"_wpcf7_locale\" value=\"es_ES\" \/><input type=\"hidden\" name=\"_wpcf7_unit_tag\" value=\"wpcf7-f9408-o1\" \/><input type=\"hidden\" name=\"_wpcf7_container_post\" value=\"0\" \/><input type=\"hidden\" name=\"_wpcf7_posted_data_hash\" value=\"\" \/>\n<\/fieldset>\n<p><span class=\"wpcf7-form-control-wrap\" data-name=\"firstname\"><input size=\"40\" maxlength=\"400\" class=\"wpcf7-form-control wpcf7-text wpcf7-validates-as-required half\" aria-required=\"true\" aria-invalid=\"false\" placeholder=\"Nombre*\" value=\"\" type=\"text\" name=\"firstname\" \/><\/span><br \/>\n<span class=\"wpcf7-form-control-wrap\" data-name=\"lastname\"><input size=\"40\" maxlength=\"400\" class=\"wpcf7-form-control wpcf7-text wpcf7-validates-as-required half\" aria-required=\"true\" aria-invalid=\"false\" placeholder=\"Apellido*\" value=\"\" type=\"text\" name=\"lastname\" \/><\/span><br \/>\n<span class=\"wpcf7-form-control-wrap\" data-name=\"email\"><input size=\"40\" maxlength=\"400\" class=\"wpcf7-form-control wpcf7-email wpcf7-validates-as-required wpcf7-text wpcf7-validates-as-email half\" aria-required=\"true\" aria-invalid=\"false\" placeholder=\"Email*\" value=\"\" type=\"email\" name=\"email\" \/><\/span><br \/>\n<span class=\"wpcf7-form-control-wrap\" data-name=\"telephone\"><input size=\"40\" maxlength=\"400\" class=\"wpcf7-form-control wpcf7-tel wpcf7-validates-as-required wpcf7-text wpcf7-validates-as-tel half\" aria-required=\"true\" aria-invalid=\"false\" placeholder=\"Tel\u00e9fono*\" value=\"\" type=\"tel\" name=\"telephone\" \/><\/span><br \/>\n<span class=\"wpcf7-form-control-wrap\" data-name=\"country\"><input size=\"40\" maxlength=\"400\" class=\"wpcf7-form-control wpcf7-text half\" aria-invalid=\"false\" placeholder=\"Pa\u00eds\" value=\"\" type=\"text\" name=\"country\" \/><\/span><br \/>\n<span class=\"wpcf7-form-control-wrap\" data-name=\"hearfromus\"><select class=\"wpcf7-form-control wpcf7-select wpcf7-validates-as-required half\" aria-required=\"true\" aria-invalid=\"false\" name=\"hearfromus\"><option value=\"\u00bfNaturaleza de la consulta?*\">\u00bfNaturaleza de la consulta?*<\/option><option value=\"Reservas\">Reservas<\/option><option value=\"Informaci\u00f3n\">Informaci\u00f3n<\/option><option value=\"Conserjer\u00eda\">Conserjer\u00eda<\/option><option value=\"Spa y Bienestar\">Spa y Bienestar<\/option><option value=\"Concept Store IN-HUYS\">Concept Store IN-HUYS<\/option><option value=\"Otros\">Otros<\/option><\/select><\/span><br \/>\n<span class=\"wpcf7-form-control-wrap\" data-name=\"textarea-723\"><textarea cols=\"40\" rows=\"10\" maxlength=\"2000\" class=\"wpcf7-form-control wpcf7-textarea full\" aria-invalid=\"false\" placeholder=\"Mensaje\" name=\"textarea-723\"><\/textarea><\/span>\n<\/p>\n<p class=\"privacy-contact\">Este sitio est\u00e1 protegido por reCAPTCHA y se aplican la <a href=\"\/privacy-policy-2\/\">POL\u00cdTICA DE PRIVACIDAD<\/a> y los <a href=\"\/terms-conditions\/\">T\u00c9RMINOS DE SERVICIO<\/a> de Google.\n<\/p>\n<p><br \/>\n<input class=\"wpcf7-form-control wpcf7-submit has-spinner\" type=\"submit\" value=\"Enviar consulta\" \/>\n<\/p><noscript>\n\t\t\t<div class=\"wpcf7-response-output wpcf7-spam-blocked\">Your browser does not support JavaScript!. Please enable javascript in your browser in order to get form work properly.<\/div>\n\t<\/noscript><script type='text\/javascript'>\n\n\t\t\t\t\t\tif(contactform === undefined){\n\t\t\t\t\t\t\tvar contactform = [];\n\t\t\t\t\t\t}\n\t\t\t\t\t\tvar innerVal = [9408,'mail_sent_ok','Gracias por tu mensaje. Se ha enviado.'];\n\t\t\t\t\t\tcontactform.push(innerVal);\n\t\t\t\t\t\tvar innerVal = [9408,'mail_sent_ng','Se ha producido un error al intentar enviar tu mensaje. Vuelve a intentarlo m&aacute;s tarde.'];\n\t\t\t\t\t\tcontactform.push(innerVal);\n\t\t\t\t\t\tvar innerVal = [9408,'validation_error','Uno o m&aacute;s campos tienen un error. Por favor, compru&eacute;balo e int&eacute;ntalo de nuevo.'];\n\t\t\t\t\t\tcontactform.push(innerVal);\n\t\t\t\t\t\tvar innerVal = [9408,'spam','Se ha producido un error al intentar enviar tu mensaje. Vuelve a intentarlo m&aacute;s tarde.'];\n\t\t\t\t\t\tcontactform.push(innerVal);\n\t\t\t\t\t\tvar innerVal = [9408,'accept_terms','Debes aceptar los t&eacute;rminos y condiciones antes de enviar tu mensaje.'];\n\t\t\t\t\t\tcontactform.push(innerVal);\n\t\t\t\t\t\tvar innerVal = [9408,'invalid_required','Rellena este campo.'];\n\t\t\t\t\t\tcontactform.push(innerVal);\n\t\t\t\t\t\tvar innerVal = [9408,'invalid_too_long','Este campo tiene una entrada demasiado larga.'];\n\t\t\t\t\t\tcontactform.push(innerVal);\n\t\t\t\t\t\tvar innerVal = [9408,'invalid_too_short','Este campo tiene una entrada demasiado corta.'];\n\t\t\t\t\t\tcontactform.push(innerVal);\n\t\t\t\t\t\tvar innerVal = [9408,'upload_failed','Se ha producido un error desconocido al cargar el archivo.'];\n\t\t\t\t\t\tcontactform.push(innerVal);\n\t\t\t\t\t\tvar innerVal = [9408,'upload_file_type_invalid','No se te permite subir archivos de este tipo.'];\n\t\t\t\t\t\tcontactform.push(innerVal);\n\t\t\t\t\t\tvar innerVal = [9408,'upload_file_too_large','El archivo subido es demasiado grande.'];\n\t\t\t\t\t\tcontactform.push(innerVal);\n\t\t\t\t\t\tvar innerVal = [9408,'upload_failed_php_error','Se ha producido un error al cargar el archivo.'];\n\t\t\t\t\t\tcontactform.push(innerVal);\n\t\t\t\t\t\tvar innerVal = [9408,'invalid_date','Introduce una fecha en formato AAAA-MM-DD.'];\n\t\t\t\t\t\tcontactform.push(innerVal);\n\t\t\t\t\t\tvar innerVal = [9408,'date_too_early','Este campo tiene una fecha demasiado temprana.'];\n\t\t\t\t\t\tcontactform.push(innerVal);\n\t\t\t\t\t\tvar innerVal = [9408,'date_too_late','Este campo tiene una fecha demasiado tard&iacute;a.'];\n\t\t\t\t\t\tcontactform.push(innerVal);\n\t\t\t\t\t\tvar innerVal = [9408,'invalid_number','Por favor, introduce un n&uacute;mero.'];\n\t\t\t\t\t\tcontactform.push(innerVal);\n\t\t\t\t\t\tvar innerVal = [9408,'number_too_small','Este campo tiene un n&uacute;mero demasiado peque&ntilde;o.'];\n\t\t\t\t\t\tcontactform.push(innerVal);\n\t\t\t\t\t\tvar innerVal = [9408,'number_too_large','Este campo tiene un n&uacute;mero demasiado grande.'];\n\t\t\t\t\t\tcontactform.push(innerVal);\n\t\t\t\t\t\tvar innerVal = [9408,'quiz_answer_not_correct','La respuesta al cuestionario es incorrecta.'];\n\t\t\t\t\t\tcontactform.push(innerVal);\n\t\t\t\t\t\tvar innerVal = [9408,'invalid_email','Introduce una direcci&oacute;n de correo electr&oacute;nico.'];\n\t\t\t\t\t\tcontactform.push(innerVal);\n\t\t\t\t\t\tvar innerVal = [9408,'invalid_url','Por favor, introduce una URL.'];\n\t\t\t\t\t\tcontactform.push(innerVal);\n\t\t\t\t\t\tvar innerVal = [9408,'invalid_tel','Introduce un n&uacute;mero de tel&eacute;fono.'];\n\t\t\t\t\t\tcontactform.push(innerVal);\n\t\t\t\t\t\tvar innerVal = [9408,'gdpr',''];\n\t\t\t\t\t\tcontactform.push(innerVal);\n\t\t\t\t\t\t<\/script><div class=\"wpcf7-response-output\" aria-hidden=\"true\"><\/div>\n<\/form>\n<\/div>\n<\/div>\n<\/div>\n<\/div>\n\n<div class=\"wp-block-columns special-request no-margins-mobile is-layout-flex wp-container-core-columns-is-layout-9d6595d7 wp-block-columns-is-layout-flex\" id=\"special\">\n<div class=\"wp-block-column has-central-palette-11-background-color has-background is-layout-flow wp-block-column-is-layout-flow\">\n<h2 class=\"wp-block-heading has-text-align-center has-extra-large-font-size\">Condiciones generales<\/h2>\n\n\n\n<p class=\"has-text-align-center\">Esta oferta es v\u00e1lida hasta el 31 de diciembre de 2026. Las tarifas incluyen el IVA, pero no el impuesto municipal. El desayuno gratuito consiste en un desayuno continental para dos personas en la Brasserie Marie. Esta oferta es v\u00e1lida y est\u00e1 sujeta a disponibilidad.<\/p>\n<\/div>\n<\/div>\n","protected":false},"excerpt":{"rendered":"<p>Tu escapada perfecta Planifica tu escapada perfecta al coraz\u00f3n de \u00c1msterdam en De L&#8217;Europe \u00c1msterdam, donde el lujo se une al encanto intemporal. Situado junto a los emblem\u00e1ticos canales de la ciudad, nuestro hotel es la base ideal para explorar las principales atracciones de \u00c1msterdam. Pasea por las pintorescas calles, visita museos de fama mundial [&hellip;]<\/p>\n","protected":false},"author":17,"featured_media":3891,"parent":3883,"menu_order":1,"comment_status":"closed","ping_status":"closed","template":"","meta":{"_acf_changed":false,"footnotes":""},"class_list":["post-3886","page","type-page","status-publish","has-post-thumbnail","hentry"],"acf":[],"yoast_head":"<!-- This site is optimized with the Yoast SEO plugin v27.3 - https:\/\/yoast.com\/product\/yoast-seo-wordpress\/ -->\n<title>Oferta Qu\u00e9date 4 Noches, Paga 3 | De L&#039;Europe Amsterdam<\/title>\n<meta name=\"description\" content=\"Disfruta de una estancia prolongada en De L&#039;Europe \u00c1msterdam con nuestra oferta Qu\u00e9date 4 Paga 3, que te proporciona una noche extra de alojamiento de lujo. Reserva tu estancia ahora.\" \/>\n<meta name=\"robots\" content=\"index, follow, max-snippet:-1, max-image-preview:large, max-video-preview:-1\" \/>\n<link rel=\"canonical\" href=\"https:\/\/www.deleurope.com\/es\/ofertas-y-paquetes\/quedate-4-paga-3\/\" \/>\n<meta property=\"og:locale\" content=\"es_ES\" \/>\n<meta property=\"og:type\" content=\"article\" \/>\n<meta property=\"og:title\" content=\"Oferta Qu\u00e9date 4 Noches, Paga 3 | De L&#039;Europe Amsterdam\" \/>\n<meta property=\"og:description\" content=\"Disfruta de una estancia prolongada en De L&#039;Europe \u00c1msterdam con nuestra oferta Qu\u00e9date 4 Paga 3, que te proporciona una noche extra de alojamiento de lujo. Reserva tu estancia ahora.\" \/>\n<meta property=\"og:url\" content=\"https:\/\/www.deleurope.com\/es\/ofertas-y-paquetes\/quedate-4-paga-3\/\" \/>\n<meta property=\"og:site_name\" content=\"De L&#039;Europe Amsterdam\" \/>\n<meta property=\"article:modified_time\" content=\"2026-02-26T14:01:45+00:00\" \/>\n<meta property=\"og:image\" content=\"https:\/\/www.deleurope.com\/wp-content\/uploads\/2024\/02\/De-LEurope-Exterior.webp\" \/>\n\t<meta property=\"og:image:width\" content=\"1680\" \/>\n\t<meta property=\"og:image:height\" content=\"897\" \/>\n\t<meta property=\"og:image:type\" content=\"image\/webp\" \/>\n<meta name=\"twitter:card\" content=\"summary_large_image\" \/>\n<meta name=\"twitter:label1\" content=\"Tiempo de lectura\" \/>\n\t<meta name=\"twitter:data1\" content=\"2 minutos\" \/>\n<script type=\"application\/ld+json\" class=\"yoast-schema-graph\">{\"@context\":\"https:\\\/\\\/schema.org\",\"@graph\":[{\"@type\":\"WebPage\",\"@id\":\"https:\\\/\\\/www.deleurope.com\\\/es\\\/ofertas-y-paquetes\\\/quedate-4-paga-3\\\/\",\"url\":\"https:\\\/\\\/www.deleurope.com\\\/es\\\/ofertas-y-paquetes\\\/quedate-4-paga-3\\\/\",\"name\":\"Oferta Qu\u00e9date 4 Noches, Paga 3 | De L'Europe Amsterdam\",\"isPartOf\":{\"@id\":\"https:\\\/\\\/www.deleurope.com\\\/es\\\/#website\"},\"primaryImageOfPage\":{\"@id\":\"https:\\\/\\\/www.deleurope.com\\\/es\\\/ofertas-y-paquetes\\\/quedate-4-paga-3\\\/#primaryimage\"},\"image\":{\"@id\":\"https:\\\/\\\/www.deleurope.com\\\/es\\\/ofertas-y-paquetes\\\/quedate-4-paga-3\\\/#primaryimage\"},\"thumbnailUrl\":\"https:\\\/\\\/www.deleurope.com\\\/wp-content\\\/uploads\\\/2024\\\/02\\\/De-LEurope-Exterior.webp\",\"datePublished\":\"2024-01-16T11:37:55+00:00\",\"dateModified\":\"2026-02-26T14:01:45+00:00\",\"description\":\"Disfruta de una estancia prolongada en De L'Europe \u00c1msterdam con nuestra oferta Qu\u00e9date 4 Paga 3, que te proporciona una noche extra de alojamiento de lujo. Reserva tu estancia ahora.\",\"breadcrumb\":{\"@id\":\"https:\\\/\\\/www.deleurope.com\\\/es\\\/ofertas-y-paquetes\\\/quedate-4-paga-3\\\/#breadcrumb\"},\"inLanguage\":\"es\",\"potentialAction\":[{\"@type\":\"ReadAction\",\"target\":[\"https:\\\/\\\/www.deleurope.com\\\/es\\\/ofertas-y-paquetes\\\/quedate-4-paga-3\\\/\"]}]},{\"@type\":\"ImageObject\",\"inLanguage\":\"es\",\"@id\":\"https:\\\/\\\/www.deleurope.com\\\/es\\\/ofertas-y-paquetes\\\/quedate-4-paga-3\\\/#primaryimage\",\"url\":\"https:\\\/\\\/www.deleurope.com\\\/wp-content\\\/uploads\\\/2024\\\/02\\\/De-LEurope-Exterior.webp\",\"contentUrl\":\"https:\\\/\\\/www.deleurope.com\\\/wp-content\\\/uploads\\\/2024\\\/02\\\/De-LEurope-Exterior.webp\",\"width\":1680,\"height\":897},{\"@type\":\"BreadcrumbList\",\"@id\":\"https:\\\/\\\/www.deleurope.com\\\/es\\\/ofertas-y-paquetes\\\/quedate-4-paga-3\\\/#breadcrumb\",\"itemListElement\":[{\"@type\":\"ListItem\",\"position\":1,\"name\":\"Home\",\"item\":\"https:\\\/\\\/www.deleurope.com\\\/es\\\/\"},{\"@type\":\"ListItem\",\"position\":2,\"name\":\"Ofertas y paquetes\",\"item\":\"https:\\\/\\\/www.deleurope.com\\\/es\\\/ofertas-y-paquetes\\\/\"},{\"@type\":\"ListItem\",\"position\":3,\"name\":\"Qu\u00e9date 4, paga 3\"}]},{\"@type\":\"WebSite\",\"@id\":\"https:\\\/\\\/www.deleurope.com\\\/es\\\/#website\",\"url\":\"https:\\\/\\\/www.deleurope.com\\\/es\\\/\",\"name\":\"De L&#039;Europe Amsterdam\",\"description\":\"Home of original Amsterdam luxury.\",\"potentialAction\":[{\"@type\":\"SearchAction\",\"target\":{\"@type\":\"EntryPoint\",\"urlTemplate\":\"https:\\\/\\\/www.deleurope.com\\\/es\\\/?s={search_term_string}\"},\"query-input\":{\"@type\":\"PropertyValueSpecification\",\"valueRequired\":true,\"valueName\":\"search_term_string\"}}],\"inLanguage\":\"es\"}]}<\/script>\n<!-- \/ Yoast SEO plugin. -->","yoast_head_json":{"title":"Oferta Qu\u00e9date 4 Noches, Paga 3 | De L'Europe Amsterdam","description":"Disfruta de una estancia prolongada en De L'Europe \u00c1msterdam con nuestra oferta Qu\u00e9date 4 Paga 3, que te proporciona una noche extra de alojamiento de lujo. Reserva tu estancia ahora.","robots":{"index":"index","follow":"follow","max-snippet":"max-snippet:-1","max-image-preview":"max-image-preview:large","max-video-preview":"max-video-preview:-1"},"canonical":"https:\/\/www.deleurope.com\/es\/ofertas-y-paquetes\/quedate-4-paga-3\/","og_locale":"es_ES","og_type":"article","og_title":"Oferta Qu\u00e9date 4 Noches, Paga 3 | De L'Europe Amsterdam","og_description":"Disfruta de una estancia prolongada en De L'Europe \u00c1msterdam con nuestra oferta Qu\u00e9date 4 Paga 3, que te proporciona una noche extra de alojamiento de lujo. Reserva tu estancia ahora.","og_url":"https:\/\/www.deleurope.com\/es\/ofertas-y-paquetes\/quedate-4-paga-3\/","og_site_name":"De L&#039;Europe Amsterdam","article_modified_time":"2026-02-26T14:01:45+00:00","og_image":[{"width":1680,"height":897,"url":"https:\/\/www.deleurope.com\/wp-content\/uploads\/2024\/02\/De-LEurope-Exterior.webp","type":"image\/webp"}],"twitter_card":"summary_large_image","twitter_misc":{"Tiempo de lectura":"2 minutos"},"schema":{"@context":"https:\/\/schema.org","@graph":[{"@type":"WebPage","@id":"https:\/\/www.deleurope.com\/es\/ofertas-y-paquetes\/quedate-4-paga-3\/","url":"https:\/\/www.deleurope.com\/es\/ofertas-y-paquetes\/quedate-4-paga-3\/","name":"Oferta Qu\u00e9date 4 Noches, Paga 3 | De L'Europe Amsterdam","isPartOf":{"@id":"https:\/\/www.deleurope.com\/es\/#website"},"primaryImageOfPage":{"@id":"https:\/\/www.deleurope.com\/es\/ofertas-y-paquetes\/quedate-4-paga-3\/#primaryimage"},"image":{"@id":"https:\/\/www.deleurope.com\/es\/ofertas-y-paquetes\/quedate-4-paga-3\/#primaryimage"},"thumbnailUrl":"https:\/\/www.deleurope.com\/wp-content\/uploads\/2024\/02\/De-LEurope-Exterior.webp","datePublished":"2024-01-16T11:37:55+00:00","dateModified":"2026-02-26T14:01:45+00:00","description":"Disfruta de una estancia prolongada en De L'Europe \u00c1msterdam con nuestra oferta Qu\u00e9date 4 Paga 3, que te proporciona una noche extra de alojamiento de lujo. Reserva tu estancia ahora.","breadcrumb":{"@id":"https:\/\/www.deleurope.com\/es\/ofertas-y-paquetes\/quedate-4-paga-3\/#breadcrumb"},"inLanguage":"es","potentialAction":[{"@type":"ReadAction","target":["https:\/\/www.deleurope.com\/es\/ofertas-y-paquetes\/quedate-4-paga-3\/"]}]},{"@type":"ImageObject","inLanguage":"es","@id":"https:\/\/www.deleurope.com\/es\/ofertas-y-paquetes\/quedate-4-paga-3\/#primaryimage","url":"https:\/\/www.deleurope.com\/wp-content\/uploads\/2024\/02\/De-LEurope-Exterior.webp","contentUrl":"https:\/\/www.deleurope.com\/wp-content\/uploads\/2024\/02\/De-LEurope-Exterior.webp","width":1680,"height":897},{"@type":"BreadcrumbList","@id":"https:\/\/www.deleurope.com\/es\/ofertas-y-paquetes\/quedate-4-paga-3\/#breadcrumb","itemListElement":[{"@type":"ListItem","position":1,"name":"Home","item":"https:\/\/www.deleurope.com\/es\/"},{"@type":"ListItem","position":2,"name":"Ofertas y paquetes","item":"https:\/\/www.deleurope.com\/es\/ofertas-y-paquetes\/"},{"@type":"ListItem","position":3,"name":"Qu\u00e9date 4, paga 3"}]},{"@type":"WebSite","@id":"https:\/\/www.deleurope.com\/es\/#website","url":"https:\/\/www.deleurope.com\/es\/","name":"De L&#039;Europe Amsterdam","description":"Home of original Amsterdam luxury.","potentialAction":[{"@type":"SearchAction","target":{"@type":"EntryPoint","urlTemplate":"https:\/\/www.deleurope.com\/es\/?s={search_term_string}"},"query-input":{"@type":"PropertyValueSpecification","valueRequired":true,"valueName":"search_term_string"}}],"inLanguage":"es"}]}},"featured_image_src":"https:\/\/www.deleurope.com\/wp-content\/uploads\/2024\/02\/De-LEurope-Exterior-600x400.webp","featured_image_src_square":"https:\/\/www.deleurope.com\/wp-content\/uploads\/2024\/02\/De-LEurope-Exterior-600x600.webp","_links":{"self":[{"href":"https:\/\/www.deleurope.com\/es\/wp-json\/wp\/v2\/pages\/3886","targetHints":{"allow":["GET"]}}],"collection":[{"href":"https:\/\/www.deleurope.com\/es\/wp-json\/wp\/v2\/pages"}],"about":[{"href":"https:\/\/www.deleurope.com\/es\/wp-json\/wp\/v2\/types\/page"}],"author":[{"embeddable":true,"href":"https:\/\/www.deleurope.com\/es\/wp-json\/wp\/v2\/users\/17"}],"replies":[{"embeddable":true,"href":"https:\/\/www.deleurope.com\/es\/wp-json\/wp\/v2\/comments?post=3886"}],"version-history":[{"count":4,"href":"https:\/\/www.deleurope.com\/es\/wp-json\/wp\/v2\/pages\/3886\/revisions"}],"predecessor-version":[{"id":12502,"href":"https:\/\/www.deleurope.com\/es\/wp-json\/wp\/v2\/pages\/3886\/revisions\/12502"}],"up":[{"embeddable":true,"href":"https:\/\/www.deleurope.com\/es\/wp-json\/wp\/v2\/pages\/3883"}],"wp:featuredmedia":[{"embeddable":true,"href":"https:\/\/www.deleurope.com\/es\/wp-json\/wp\/v2\/media\/3891"}],"wp:attachment":[{"href":"https:\/\/www.deleurope.com\/es\/wp-json\/wp\/v2\/media?parent=3886"}],"curies":[{"name":"wp","href":"https:\/\/api.w.org\/{rel}","templated":true}]}}