{"id":3900,"date":"2024-01-15T11:34:12","date_gmt":"2024-01-15T11:34:12","guid":{"rendered":"https:\/\/www.deleurope.com\/ofertas-y-paquetes\/para-todos-los-amantes-del-arte-y-la-cultura\/"},"modified":"2024-03-12T16:48:33","modified_gmt":"2024-03-12T16:48:33","slug":"para-todos-los-amantes-del-arte-y-la-cultura","status":"publish","type":"page","link":"https:\/\/www.deleurope.com\/es\/ofertas-y-paquetes\/para-todos-los-amantes-del-arte-y-la-cultura\/","title":{"rendered":"PARA TODOS LOS AMANTES DEL ARTE Y LA CULTURA"},"content":{"rendered":"\n<div class=\"wp-block-columns margin-bottom-none is-layout-flex wp-container-core-columns-is-layout-9d6595d7 wp-block-columns-is-layout-flex\">\n<div class=\"wp-block-column two-texts-intro with-cta is-layout-flow wp-block-column-is-layout-flow\">\n<h2 class=\"wp-block-heading has-text-align-center rooms-description-white-box two-texts-bigger header-bigger with-cta has-extra-large-font-size\">DESCUBRA NUESTRO PAQUETE CULTURAL<\/h2>\n\n\n\n<p class=\"has-text-align-center\">De L&#8217;Europe se enorgullece de presentar un paquete cultural durante todo el a\u00f1o, que invita a los hu\u00e9spedes a sumergirse en el rico tapiz de arte, fotograf\u00eda y dise\u00f1o de \u00c1msterdam. Este paquete le invita a desvelar los secretos del arte y a darse un capricho de lujo, creando un lienzo de maravillas culturales con cada estancia. Sum\u00e9rjase en el encanto y deje que comience el viaje. <\/p>\n\n\n\n<p class=\"has-text-align-center\"><strong>Del 16 de febrero al 9 de junio de 2024, nuestro paquete cultural incluye una estancia exclusiva de 2 noches, entradas para la exposici\u00f3n de Frans Hals en el Rijksmuseum y un obsequio especial Frans Hals.<\/strong><\/p>\n\n\n\n<div class=\"wp-block-buttons is-content-justification-center is-layout-flex wp-container-core-buttons-is-layout-16018d1d wp-block-buttons-is-layout-flex\">\n<div class=\"wp-block-button is-style-outline book-now is-style-outline--1\" style=\"text-transform:uppercase\"><a class=\"wp-block-button__link has-central-palette-7-color has-central-palette-1-background-color has-text-color has-background has-text-align-center wp-element-button\" href=\"#\/booking\/step-1?group=SV\" style=\"border-radius:0px\" target=\"_blank\" rel=\"noreferrer noopener\">RESERVE ESTA OFERTA POR TIEMPO LIMITADO<\/a><\/div>\n<\/div>\n<\/div>\n<\/div>\n\n<div class=\"wp-block-columns top-border align-left-text text-on-left wrap-2-columns eat-and-drink-cards is-layout-flex wp-container-core-columns-is-layout-9d6595d7 wp-block-columns-is-layout-flex\" id=\"graziella\">\n<div class=\"wp-block-column is-vertically-aligned-center middle-align is-layout-flow wp-block-column-is-layout-flow\" style=\"flex-basis:40%\">\n<div class=\"wp-block-group\"><div class=\"wp-block-group__inner-container is-layout-constrained wp-block-group-is-layout-constrained\">\n<h1 class=\"wp-block-heading\">FRANS HALS, EL PINTOR<\/h1>\n\n\n\n<p>La exposici\u00f3n Frans Hals se exhibe en el Rijksmuseum del 16 de febrero al 9 de junio de 2024.<\/p>\n\n\n\n<p>En su \u00e9poca, Frans Hals destac\u00f3 como artista innovador, rivalizando con pintores como Rembrandt en los Pa\u00edses Bajos y Vel\u00e1zquez en Espa\u00f1a. Reconocido por su estilo \u00fanico, fue un retratista muy solicitado, que atend\u00eda no s\u00f3lo a los acaudalados ciudadanos de Haarlem, sino tambi\u00e9n a clientes de otras ciudades holandesas. A pesar de su prominencia inicial, la obra de Hals fue cayendo gradualmente en la oscuridad a lo largo del siglo XVIII.  <\/p>\n\n\n\n<p>Redescubierto a mediados del siglo XIX por el cr\u00edtico de arte franc\u00e9s Th\u00e9ophile Thor\u00e9-B\u00fcrger, fue aclamado, junto con Vermeer y Rembrandt, como parte de los \u00abtres grandes\u00bb de la pintura holandesa del siglo XVII hasta los a\u00f1os veinte. Tras un periodo de escasa atenci\u00f3n, el Rijksmuseum se propone volver a presentar a Hals a una nueva generaci\u00f3n, destacando sus innovadoras aportaciones.<\/p>\n<\/div><\/div>\n\n\n\n<div class=\"wp-block-buttons is-content-justification-center is-layout-flex wp-container-core-buttons-is-layout-16018d1d wp-block-buttons-is-layout-flex\">\n<div class=\"wp-block-button is-style-outline book-now is-style-outline--2\" style=\"text-transform:uppercase\"><a class=\"wp-block-button__link has-central-palette-7-color has-central-palette-1-background-color has-text-color has-background has-text-align-center wp-element-button\" href=\"https:\/\/www.rijksmuseum.nl\/en\/whats-on\/exhibitions\/frans-hals\" style=\"border-radius:0px\" target=\"_blank\" rel=\"noreferrer noopener\">SABER M\u00c1S<\/a><\/div>\n<\/div>\n<\/div>\n\n\n\n<div class=\"wp-block-column slider-wrap padding-left-md is-layout-flow wp-block-column-is-layout-flow\" style=\"flex-basis:60%\">\n<figure class=\"wp-block-image size-large\"><img loading=\"lazy\" decoding=\"async\" width=\"800\" height=\"547\" src=\"https:\/\/deleurope.com\/wp-content\/uploads\/2024\/01\/FRAN-HALS-800x547.jpg\" alt=\"\" class=\"wp-image-1259\"\/><\/figure>\n<\/div>\n<\/div>\n\n<div class=\"wp-block-columns no-border-top with-subheader image_left_text_bg_right wrap-2-columns is-layout-flex wp-container-core-columns-is-layout-9d6595d7 wp-block-columns-is-layout-flex\">\n<div class=\"wp-block-column slider-wrap is-layout-flow wp-block-column-is-layout-flow\" style=\"flex-basis:50%\">\n<figure class=\"wp-block-image size-large\"><img loading=\"lazy\" decoding=\"async\" width=\"800\" height=\"600\" src=\"https:\/\/deleurope.com\/wp-content\/uploads\/2024\/01\/Fran-hals-exibition-amsterdam-800x600.jpg\" alt=\"\" class=\"wp-image-1255\" srcset=\"https:\/\/www.deleurope.com\/wp-content\/uploads\/2024\/01\/Fran-hals-exibition-amsterdam-800x600.jpg 800w, https:\/\/www.deleurope.com\/wp-content\/uploads\/2024\/01\/Fran-hals-exibition-amsterdam-400x300.jpg 400w\" sizes=\"auto, (max-width: 800px) 100vw, 800px\" \/><\/figure>\n<\/div>\n\n\n\n<div class=\"wp-block-column is-vertically-aligned-center middle-align is-layout-flow wp-block-column-is-layout-flow\" style=\"flex-basis:50%\">\n<div class=\"wp-block-columns is-layout-flex wp-container-core-columns-is-layout-9d6595d7 wp-block-columns-is-layout-flex\">\n<div class=\"wp-block-column has-central-palette-4-background-color has-background is-layout-flow wp-block-column-is-layout-flow\">\n<h2 class=\"wp-block-heading has-text-align-center has-extra-large-font-size\">Incluye<\/h2>\n\n\n\n<h4 class=\"wp-block-heading has-text-align-center\">  PAQUETE RIJKSMUSEUM FRANS HALS<\/h4>\n\n\n\n<ul class=\"wp-block-list\">\n<li>Alojamiento 5 estrellas<\/li>\n\n\n\n<li>Delicioso desayuno<\/li>\n\n\n\n<li>El cat\u00e1logo de Frans Hals<\/li>\n\n\n\n<li>Rijksmuseum Vriendschap (billete) para visitar el Rijksmuseum y la fascinante exposici\u00f3n de Frans Hals<\/li>\n<\/ul>\n\n\n\n<div class=\"wp-block-buttons is-content-justification-center is-layout-flex wp-container-core-buttons-is-layout-16018d1d wp-block-buttons-is-layout-flex\">\n<div class=\"wp-block-button is-style-outline not-italic is-style-outline--3\" style=\"text-transform:uppercase\"><a class=\"wp-block-button__link wp-element-button\" href=\"#\/booking\/step-1?group=SV\" style=\"border-radius:0px\" target=\"_blank\" rel=\"noreferrer noopener\">Consultar disponibilidad<\/a><\/div>\n<\/div>\n<\/div>\n<\/div>\n<\/div>\n<\/div>\n\n<div class=\"wp-block-columns margin-bottom-none is-layout-flex wp-container-core-columns-is-layout-9d6595d7 wp-block-columns-is-layout-flex\">\n<div class=\"wp-block-column two-texts-intro is-layout-flow wp-block-column-is-layout-flow\">\n<h2 class=\"wp-block-heading has-text-align-center rooms-description-white-box two-texts-bigger header-bigger has-extra-large-font-size\">CONDICIONES <strong> GENERALES<\/strong> <\/h2>\n\n\n\n<p class=\"has-text-align-center two-texts-smaller\">Las tarifas son flexibles, basadas en la ocupaci\u00f3n por dos personas. Las tarifas incluyen el IVA, pero no el impuesto municipal. Esta oferta se puede reservar hasta el 9 de junio de 2024 y, seg\u00fan disponibilidad, se puede cancelar hasta 96 horas antes de la llegada.<\/p>\n<\/div>\n<\/div>\n\n<div class=\"wp-block-columns block-with-centered-overlay no-margins is-layout-flex wp-container-core-columns-is-layout-9d6595d7 wp-block-columns-is-layout-flex\">\n<div class=\"wp-block-column is-layout-flow wp-block-column-is-layout-flow\">\n<div class=\"wp-block-cover\"><span aria-hidden=\"true\" class=\"wp-block-cover__background has-background-dim\"><\/span><img loading=\"lazy\" decoding=\"async\" width=\"1500\" height=\"1125\" class=\"wp-block-cover__image-background wp-image-1786\" alt=\"Het Rijksmuseum Amsterdam\" src=\"https:\/\/deleurope.com\/wp-content\/uploads\/2024\/01\/sten-rademaker-8VRl91VrExA-unsplash.jpg\" data-object-fit=\"cover\" srcset=\"https:\/\/www.deleurope.com\/wp-content\/uploads\/2024\/01\/sten-rademaker-8VRl91VrExA-unsplash.jpg 1500w, https:\/\/www.deleurope.com\/wp-content\/uploads\/2024\/01\/sten-rademaker-8VRl91VrExA-unsplash-400x300.jpg 400w, https:\/\/www.deleurope.com\/wp-content\/uploads\/2024\/01\/sten-rademaker-8VRl91VrExA-unsplash-800x600.jpg 800w, https:\/\/www.deleurope.com\/wp-content\/uploads\/2024\/01\/sten-rademaker-8VRl91VrExA-unsplash-768x576.jpg 768w\" sizes=\"auto, (max-width: 1500px) 100vw, 1500px\" \/><div class=\"wp-block-cover__inner-container is-layout-constrained wp-block-cover-is-layout-constrained\">\n<div class=\"wp-block-columns is-layout-flex wp-container-core-columns-is-layout-9d6595d7 wp-block-columns-is-layout-flex\">\n<div class=\"wp-block-column overlay-hero-middle has-central-palette-7-background-color has-background is-layout-flow wp-block-column-is-layout-flow\">\n<h2 class=\"wp-block-heading has-text-align-center has-central-palette-1-color has-text-color has-extra-large-font-size\">EL <wbr>RIJKSMUSEUM<\/wbr><wbr> <\/wbr> <\/h2>\n\n\n\n<p class=\"has-text-align-center has-central-palette-1-color has-text-color\">El Rijksmuseum, situado en \u00c1msterdam, es un tesoro cultural que celebra el rico patrimonio art\u00edstico de los Pa\u00edses Bajos. Este emblem\u00e1tico museo es un vibrante escaparate del arte y la historia holandeses, con una extensa colecci\u00f3n que abarca siglos. Desde obras maestras de renombrados pintores holandeses hasta artefactos hist\u00f3ricos, el Rijksmuseum invita a los visitantes a un cautivador viaje a trav\u00e9s de la evoluci\u00f3n art\u00edstica y cultural del pa\u00eds. Sum\u00e9rjase en la belleza y la importancia del arte holand\u00e9s en el Rijksmuseum, un destino que atrae tanto a los entusiastas del arte como a las mentes curiosas.<\/p>\n\n\n\n<div class=\"wp-block-buttons is-content-justification-center is-layout-flex wp-container-core-buttons-is-layout-16018d1d wp-block-buttons-is-layout-flex\">\n<div class=\"wp-block-button is-style-outline not-italic is-style-outline--4\" style=\"text-transform:uppercase\"><a class=\"wp-block-button__link has-central-palette-1-color has-text-color wp-element-button\" href=\"https:\/\/www.rijksmuseum.nl\/en\" style=\"border-radius:0px\" target=\"_blank\" rel=\"noreferrer noopener\">M\u00e1s informaci\u00f3n<\/a><\/div>\n<\/div>\n<\/div>\n<\/div>\n<\/div><\/div>\n<\/div>\n<\/div>\n\n<div class=\"wp-block-columns special-request is-layout-flex wp-container-core-columns-is-layout-9d6595d7 wp-block-columns-is-layout-flex\">\n<div class=\"wp-block-column has-central-palette-11-background-color has-background is-layout-flow wp-block-column-is-layout-flow\">\n<h2 class=\"wp-block-heading has-text-align-center has-extra-large-font-size\">Petici\u00f3n especial<\/h2>\n\n\n\n<p class=\"has-text-align-center\">Estaremos encantados de atender su petici\u00f3n especial. Su comodidad es nuestra prioridad, y esperamos poder garantizarle una experiencia agradable.<\/p>\n\n\n\n<div class=\"wp-block-buttons is-content-justification-center is-layout-flex wp-container-core-buttons-is-layout-16018d1d wp-block-buttons-is-layout-flex\">\n<div class=\"wp-block-button is-style-outline not-italic is-style-outline--5\" style=\"text-transform:uppercase\"><a class=\"wp-block-button__link wp-element-button\" href=\"mailto:reservations@deleurope.com\" style=\"border-radius:0px\" target=\"_blank\" rel=\"noreferrer noopener\">CONSULTE<\/a><\/div>\n<\/div>\n<\/div>\n<\/div>\n","protected":false},"excerpt":{"rendered":"<p>DESCUBRA NUESTRO PAQUETE CULTURAL De L&#8217;Europe se enorgullece de presentar un paquete cultural durante todo el a\u00f1o, que invita a los hu\u00e9spedes a sumergirse en el rico tapiz de arte, fotograf\u00eda y dise\u00f1o de \u00c1msterdam. Este paquete le invita a desvelar los secretos del arte y a darse un capricho de lujo, creando un lienzo [&hellip;]<\/p>\n","protected":false},"author":17,"featured_media":3903,"parent":3883,"menu_order":3,"comment_status":"closed","ping_status":"closed","template":"","meta":{"_acf_changed":false,"footnotes":""},"class_list":["post-3900","page","type-page","status-publish","has-post-thumbnail","hentry"],"acf":[],"yoast_head":"<!-- This site is optimized with the Yoast SEO plugin v27.3 - https:\/\/yoast.com\/product\/yoast-seo-wordpress\/ -->\n<title>PARA TODOS LOS AMANTES DEL ARTE Y LA CULTURA - De L&#039;Europe Amsterdam<\/title>\n<meta name=\"description\" content=\"Del\u00e9itese con nuestro paquete cultural Frans Hals, que incluye una exclusiva estancia de 2 noches y entradas para la exposici\u00f3n en el Rijksmuseum.\" \/>\n<meta name=\"robots\" content=\"index, follow, max-snippet:-1, max-image-preview:large, max-video-preview:-1\" \/>\n<link rel=\"canonical\" href=\"https:\/\/www.deleurope.com\/es\/ofertas-y-paquetes\/para-todos-los-amantes-del-arte-y-la-cultura\/\" \/>\n<meta property=\"og:locale\" content=\"es_ES\" \/>\n<meta property=\"og:type\" content=\"article\" \/>\n<meta property=\"og:title\" content=\"PARA TODOS LOS AMANTES DEL ARTE Y LA CULTURA - De L&#039;Europe Amsterdam\" \/>\n<meta property=\"og:description\" content=\"Del\u00e9itese con nuestro paquete cultural Frans Hals, que incluye una exclusiva estancia de 2 noches y entradas para la exposici\u00f3n en el Rijksmuseum.\" \/>\n<meta property=\"og:url\" content=\"https:\/\/www.deleurope.com\/es\/ofertas-y-paquetes\/para-todos-los-amantes-del-arte-y-la-cultura\/\" \/>\n<meta property=\"og:site_name\" content=\"De L&#039;Europe Amsterdam\" \/>\n<meta property=\"article:modified_time\" content=\"2024-03-12T16:48:33+00:00\" \/>\n<meta property=\"og:image\" content=\"https:\/\/www.deleurope.com\/wp-content\/uploads\/2024\/01\/Rijksmuseum-Frans-Hals-Exhibition-2.jpg\" \/>\n\t<meta property=\"og:image:width\" content=\"1680\" \/>\n\t<meta property=\"og:image:height\" content=\"730\" \/>\n\t<meta property=\"og:image:type\" content=\"image\/jpeg\" \/>\n<meta name=\"twitter:card\" content=\"summary_large_image\" \/>\n<meta name=\"twitter:label1\" content=\"Tiempo de lectura\" \/>\n\t<meta name=\"twitter:data1\" content=\"3 minutos\" \/>\n<script type=\"application\/ld+json\" class=\"yoast-schema-graph\">{\"@context\":\"https:\\\/\\\/schema.org\",\"@graph\":[{\"@type\":\"WebPage\",\"@id\":\"https:\\\/\\\/www.deleurope.com\\\/es\\\/ofertas-y-paquetes\\\/para-todos-los-amantes-del-arte-y-la-cultura\\\/\",\"url\":\"https:\\\/\\\/www.deleurope.com\\\/es\\\/ofertas-y-paquetes\\\/para-todos-los-amantes-del-arte-y-la-cultura\\\/\",\"name\":\"PARA TODOS LOS AMANTES DEL ARTE Y LA CULTURA - De L&#039;Europe Amsterdam\",\"isPartOf\":{\"@id\":\"https:\\\/\\\/www.deleurope.com\\\/es\\\/#website\"},\"primaryImageOfPage\":{\"@id\":\"https:\\\/\\\/www.deleurope.com\\\/es\\\/ofertas-y-paquetes\\\/para-todos-los-amantes-del-arte-y-la-cultura\\\/#primaryimage\"},\"image\":{\"@id\":\"https:\\\/\\\/www.deleurope.com\\\/es\\\/ofertas-y-paquetes\\\/para-todos-los-amantes-del-arte-y-la-cultura\\\/#primaryimage\"},\"thumbnailUrl\":\"https:\\\/\\\/www.deleurope.com\\\/wp-content\\\/uploads\\\/2024\\\/01\\\/Rijksmuseum-Frans-Hals-Exhibition-2.jpg\",\"datePublished\":\"2024-01-15T11:34:12+00:00\",\"dateModified\":\"2024-03-12T16:48:33+00:00\",\"description\":\"Del\u00e9itese con nuestro paquete cultural Frans Hals, que incluye una exclusiva estancia de 2 noches y entradas para la exposici\u00f3n en el Rijksmuseum.\",\"breadcrumb\":{\"@id\":\"https:\\\/\\\/www.deleurope.com\\\/es\\\/ofertas-y-paquetes\\\/para-todos-los-amantes-del-arte-y-la-cultura\\\/#breadcrumb\"},\"inLanguage\":\"es\",\"potentialAction\":[{\"@type\":\"ReadAction\",\"target\":[\"https:\\\/\\\/www.deleurope.com\\\/es\\\/ofertas-y-paquetes\\\/para-todos-los-amantes-del-arte-y-la-cultura\\\/\"]}]},{\"@type\":\"ImageObject\",\"inLanguage\":\"es\",\"@id\":\"https:\\\/\\\/www.deleurope.com\\\/es\\\/ofertas-y-paquetes\\\/para-todos-los-amantes-del-arte-y-la-cultura\\\/#primaryimage\",\"url\":\"https:\\\/\\\/www.deleurope.com\\\/wp-content\\\/uploads\\\/2024\\\/01\\\/Rijksmuseum-Frans-Hals-Exhibition-2.jpg\",\"contentUrl\":\"https:\\\/\\\/www.deleurope.com\\\/wp-content\\\/uploads\\\/2024\\\/01\\\/Rijksmuseum-Frans-Hals-Exhibition-2.jpg\",\"width\":1680,\"height\":730},{\"@type\":\"BreadcrumbList\",\"@id\":\"https:\\\/\\\/www.deleurope.com\\\/es\\\/ofertas-y-paquetes\\\/para-todos-los-amantes-del-arte-y-la-cultura\\\/#breadcrumb\",\"itemListElement\":[{\"@type\":\"ListItem\",\"position\":1,\"name\":\"Home\",\"item\":\"https:\\\/\\\/www.deleurope.com\\\/es\\\/\"},{\"@type\":\"ListItem\",\"position\":2,\"name\":\"Ofertas y paquetes\",\"item\":\"https:\\\/\\\/www.deleurope.com\\\/es\\\/ofertas-y-paquetes\\\/\"},{\"@type\":\"ListItem\",\"position\":3,\"name\":\"PARA TODOS LOS AMANTES DEL ARTE Y LA CULTURA\"}]},{\"@type\":\"WebSite\",\"@id\":\"https:\\\/\\\/www.deleurope.com\\\/es\\\/#website\",\"url\":\"https:\\\/\\\/www.deleurope.com\\\/es\\\/\",\"name\":\"De L&#039;Europe Amsterdam\",\"description\":\"Home of original Amsterdam luxury.\",\"potentialAction\":[{\"@type\":\"SearchAction\",\"target\":{\"@type\":\"EntryPoint\",\"urlTemplate\":\"https:\\\/\\\/www.deleurope.com\\\/es\\\/?s={search_term_string}\"},\"query-input\":{\"@type\":\"PropertyValueSpecification\",\"valueRequired\":true,\"valueName\":\"search_term_string\"}}],\"inLanguage\":\"es\"}]}<\/script>\n<!-- \/ Yoast SEO plugin. -->","yoast_head_json":{"title":"PARA TODOS LOS AMANTES DEL ARTE Y LA CULTURA - De L&#039;Europe Amsterdam","description":"Del\u00e9itese con nuestro paquete cultural Frans Hals, que incluye una exclusiva estancia de 2 noches y entradas para la exposici\u00f3n en el Rijksmuseum.","robots":{"index":"index","follow":"follow","max-snippet":"max-snippet:-1","max-image-preview":"max-image-preview:large","max-video-preview":"max-video-preview:-1"},"canonical":"https:\/\/www.deleurope.com\/es\/ofertas-y-paquetes\/para-todos-los-amantes-del-arte-y-la-cultura\/","og_locale":"es_ES","og_type":"article","og_title":"PARA TODOS LOS AMANTES DEL ARTE Y LA CULTURA - De L&#039;Europe Amsterdam","og_description":"Del\u00e9itese con nuestro paquete cultural Frans Hals, que incluye una exclusiva estancia de 2 noches y entradas para la exposici\u00f3n en el Rijksmuseum.","og_url":"https:\/\/www.deleurope.com\/es\/ofertas-y-paquetes\/para-todos-los-amantes-del-arte-y-la-cultura\/","og_site_name":"De L&#039;Europe Amsterdam","article_modified_time":"2024-03-12T16:48:33+00:00","og_image":[{"width":1680,"height":730,"url":"https:\/\/www.deleurope.com\/wp-content\/uploads\/2024\/01\/Rijksmuseum-Frans-Hals-Exhibition-2.jpg","type":"image\/jpeg"}],"twitter_card":"summary_large_image","twitter_misc":{"Tiempo de lectura":"3 minutos"},"schema":{"@context":"https:\/\/schema.org","@graph":[{"@type":"WebPage","@id":"https:\/\/www.deleurope.com\/es\/ofertas-y-paquetes\/para-todos-los-amantes-del-arte-y-la-cultura\/","url":"https:\/\/www.deleurope.com\/es\/ofertas-y-paquetes\/para-todos-los-amantes-del-arte-y-la-cultura\/","name":"PARA TODOS LOS AMANTES DEL ARTE Y LA CULTURA - De L&#039;Europe Amsterdam","isPartOf":{"@id":"https:\/\/www.deleurope.com\/es\/#website"},"primaryImageOfPage":{"@id":"https:\/\/www.deleurope.com\/es\/ofertas-y-paquetes\/para-todos-los-amantes-del-arte-y-la-cultura\/#primaryimage"},"image":{"@id":"https:\/\/www.deleurope.com\/es\/ofertas-y-paquetes\/para-todos-los-amantes-del-arte-y-la-cultura\/#primaryimage"},"thumbnailUrl":"https:\/\/www.deleurope.com\/wp-content\/uploads\/2024\/01\/Rijksmuseum-Frans-Hals-Exhibition-2.jpg","datePublished":"2024-01-15T11:34:12+00:00","dateModified":"2024-03-12T16:48:33+00:00","description":"Del\u00e9itese con nuestro paquete cultural Frans Hals, que incluye una exclusiva estancia de 2 noches y entradas para la exposici\u00f3n en el Rijksmuseum.","breadcrumb":{"@id":"https:\/\/www.deleurope.com\/es\/ofertas-y-paquetes\/para-todos-los-amantes-del-arte-y-la-cultura\/#breadcrumb"},"inLanguage":"es","potentialAction":[{"@type":"ReadAction","target":["https:\/\/www.deleurope.com\/es\/ofertas-y-paquetes\/para-todos-los-amantes-del-arte-y-la-cultura\/"]}]},{"@type":"ImageObject","inLanguage":"es","@id":"https:\/\/www.deleurope.com\/es\/ofertas-y-paquetes\/para-todos-los-amantes-del-arte-y-la-cultura\/#primaryimage","url":"https:\/\/www.deleurope.com\/wp-content\/uploads\/2024\/01\/Rijksmuseum-Frans-Hals-Exhibition-2.jpg","contentUrl":"https:\/\/www.deleurope.com\/wp-content\/uploads\/2024\/01\/Rijksmuseum-Frans-Hals-Exhibition-2.jpg","width":1680,"height":730},{"@type":"BreadcrumbList","@id":"https:\/\/www.deleurope.com\/es\/ofertas-y-paquetes\/para-todos-los-amantes-del-arte-y-la-cultura\/#breadcrumb","itemListElement":[{"@type":"ListItem","position":1,"name":"Home","item":"https:\/\/www.deleurope.com\/es\/"},{"@type":"ListItem","position":2,"name":"Ofertas y paquetes","item":"https:\/\/www.deleurope.com\/es\/ofertas-y-paquetes\/"},{"@type":"ListItem","position":3,"name":"PARA TODOS LOS AMANTES DEL ARTE Y LA CULTURA"}]},{"@type":"WebSite","@id":"https:\/\/www.deleurope.com\/es\/#website","url":"https:\/\/www.deleurope.com\/es\/","name":"De L&#039;Europe Amsterdam","description":"Home of original Amsterdam luxury.","potentialAction":[{"@type":"SearchAction","target":{"@type":"EntryPoint","urlTemplate":"https:\/\/www.deleurope.com\/es\/?s={search_term_string}"},"query-input":{"@type":"PropertyValueSpecification","valueRequired":true,"valueName":"search_term_string"}}],"inLanguage":"es"}]}},"featured_image_src":"https:\/\/www.deleurope.com\/wp-content\/uploads\/2024\/01\/Rijksmuseum-Frans-Hals-Exhibition-2-600x400.jpg","featured_image_src_square":"https:\/\/www.deleurope.com\/wp-content\/uploads\/2024\/01\/Rijksmuseum-Frans-Hals-Exhibition-2-600x600.jpg","_links":{"self":[{"href":"https:\/\/www.deleurope.com\/es\/wp-json\/wp\/v2\/pages\/3900","targetHints":{"allow":["GET"]}}],"collection":[{"href":"https:\/\/www.deleurope.com\/es\/wp-json\/wp\/v2\/pages"}],"about":[{"href":"https:\/\/www.deleurope.com\/es\/wp-json\/wp\/v2\/types\/page"}],"author":[{"embeddable":true,"href":"https:\/\/www.deleurope.com\/es\/wp-json\/wp\/v2\/users\/17"}],"replies":[{"embeddable":true,"href":"https:\/\/www.deleurope.com\/es\/wp-json\/wp\/v2\/comments?post=3900"}],"version-history":[{"count":0,"href":"https:\/\/www.deleurope.com\/es\/wp-json\/wp\/v2\/pages\/3900\/revisions"}],"up":[{"embeddable":true,"href":"https:\/\/www.deleurope.com\/es\/wp-json\/wp\/v2\/pages\/3883"}],"wp:featuredmedia":[{"embeddable":true,"href":"https:\/\/www.deleurope.com\/es\/wp-json\/wp\/v2\/media\/3903"}],"wp:attachment":[{"href":"https:\/\/www.deleurope.com\/es\/wp-json\/wp\/v2\/media?parent=3900"}],"curies":[{"name":"wp","href":"https:\/\/api.w.org\/{rel}","templated":true}]}}