{"id":3908,"date":"2023-11-28T13:06:05","date_gmt":"2023-11-28T13:06:05","guid":{"rendered":"https:\/\/www.deleurope.com\/nuestra-historia\/"},"modified":"2026-02-10T11:52:28","modified_gmt":"2026-02-10T11:52:28","slug":"nuestra-historia","status":"publish","type":"page","link":"https:\/\/www.deleurope.com\/es\/nuestra-historia\/","title":{"rendered":"NUESTRA HISTORIA"},"content":{"rendered":"\n<div class=\"wp-block-columns margin-bottom-none is-layout-flex wp-container-core-columns-is-layout-9d6595d7 wp-block-columns-is-layout-flex\">\n<div class=\"wp-block-column two-texts-intro is-layout-flow wp-block-column-is-layout-flow\">\n<h2 class=\"wp-block-heading has-text-align-center rooms-description-white-box two-texts-bigger header-bigger has-extra-large-font-size\">BIENVENIDO A DE L&#8217;EUROPE AMSTERDAM<\/h2>\n\n\n\n<p class=\"has-text-align-center two-texts-smaller\">Un lugar para quienes aprecian la autenticidad y la hospitalidad de lujo, y est\u00e1n deseosos de abrazar el rico patrimonio de \u00c1msterdam de la forma m\u00e1s elegante desde 1896.<\/p>\n<\/div>\n<\/div>\n\n<div class=\"wp-block-columns align-left-text with-headers text-on-left wrap-2-columns eat-and-drink-cards  top-border is-layout-flex wp-container-core-columns-is-layout-9d6595d7 wp-block-columns-is-layout-flex\" id=\"graziella\">\n<div class=\"wp-block-column is-vertically-aligned-center middle-align is-layout-flow wp-block-column-is-layout-flow\" style=\"flex-basis:50%\">\n<h2 class=\"wp-block-heading has-text-align-center has-extra-large-font-size\" style=\"text-transform:uppercase\">Cap\u00edtulo 1<\/h2>\n\n\n\n<h4 class=\"wp-block-heading has-text-align-center has-medium-font-size\" style=\"text-transform:uppercase\">HET RONDEEL<\/h4>\n\n\n\n<div class=\"wp-block-group\"><div class=\"wp-block-group__inner-container is-layout-constrained wp-block-group-is-layout-constrained\">\n<p class=\"has-text-align-center\">Viajando en el tiempo hasta 1482, nos encontramos en una \u00c1msterdam mucho m\u00e1s peque\u00f1a y vulnerable. Para defender la ciudad, los ciudadanos construyeron una muralla con un bosque alrededor y llamaron a una de sus torres principales \u00abHet Rondeel\u00bb. Se encontraba exactamente en el lugar que hoy ocupa De L&#8217;Europe Amsterdam. M\u00e1s tarde, en 1535, la ciudad se expandi\u00f3 y la torre perdi\u00f3 su finalidad inicial. Durante los 100 a\u00f1os siguientes, la torre permaneci\u00f3 intacta, pero sin uso. En 1638 se abri\u00f3 una posada construida en parte sobre los cimientos del fuerte.   Esta sencilla casa de hu\u00e9spedes adorn\u00f3 m\u00e1s tarde la orilla del Amstel con un muro de estilo renacentista. Tras numerosos cierres y renovaciones, Het Rondeel reabri\u00f3 el 28 de septiembre de 1845 en posesi\u00f3n del Sr. H. J. Wolters. Cre\u00eda que la casa de hu\u00e9spedes era adecuada tanto para clientes de negocios como para familias. Bajo su direcci\u00f3n, Het Rondeel se convirti\u00f3 en el primer hotel de \u00c1msterdam que serv\u00eda y atend\u00eda a familias.<\/p>\n<\/div><\/div>\n<\/div>\n\n\n\n<div class=\"wp-block-column slider-wrap padding-left-md is-layout-flow wp-block-column-is-layout-flow\" style=\"flex-basis:50%\">\n<figure class=\"wp-block-image size-full\"><img loading=\"lazy\" decoding=\"async\" width=\"1000\" height=\"600\" src=\"https:\/\/deleurope.com\/wp-content\/uploads\/2023\/11\/97823c5243f14da67eb0770b77205a91.jpeg\" alt=\"\" class=\"wp-image-1020\" style=\"aspect-ratio:4\/3;object-fit:cover\" srcset=\"https:\/\/www.deleurope.com\/wp-content\/uploads\/2023\/11\/97823c5243f14da67eb0770b77205a91.jpeg 1000w, https:\/\/www.deleurope.com\/wp-content\/uploads\/2023\/11\/97823c5243f14da67eb0770b77205a91-768x461.jpeg 768w\" sizes=\"auto, (max-width: 1000px) 100vw, 1000px\" \/><\/figure>\n<\/div>\n<\/div>\n\n<div class=\"wp-block-columns align-left-text with-headers columns_slider_text wrap-2-columns eat-and-drink-cards is-layout-flex wp-container-core-columns-is-layout-9d6595d7 wp-block-columns-is-layout-flex\" id=\"flore\">\n<div class=\"wp-block-column slider-wrap is-layout-flow wp-block-column-is-layout-flow\" style=\"flex-basis:50%\">\n<figure class=\"wp-block-image size-full\"><img loading=\"lazy\" decoding=\"async\" width=\"2560\" height=\"1847\" src=\"https:\/\/deleurope.com\/wp-content\/uploads\/2023\/11\/c620e6fb8015a0046ff38360f3b9d56e-scaled.jpeg\" alt=\"\" class=\"wp-image-1018\" style=\"aspect-ratio:4\/3;object-fit:cover\" srcset=\"https:\/\/www.deleurope.com\/wp-content\/uploads\/2023\/11\/c620e6fb8015a0046ff38360f3b9d56e-scaled.jpeg 2560w, https:\/\/www.deleurope.com\/wp-content\/uploads\/2023\/11\/c620e6fb8015a0046ff38360f3b9d56e-768x554.jpeg 768w, https:\/\/www.deleurope.com\/wp-content\/uploads\/2023\/11\/c620e6fb8015a0046ff38360f3b9d56e-1536x1108.jpeg 1536w, https:\/\/www.deleurope.com\/wp-content\/uploads\/2023\/11\/c620e6fb8015a0046ff38360f3b9d56e-2048x1477.jpeg 2048w\" sizes=\"auto, (max-width: 2560px) 100vw, 2560px\" \/><\/figure>\n<\/div>\n\n\n\n<div class=\"wp-block-column is-vertically-aligned-center middle-align is-layout-flow wp-block-column-is-layout-flow\" style=\"flex-basis:50%\">\n<h2 class=\"wp-block-heading has-text-align-center has-extra-large-font-size\" style=\"text-transform:uppercase\">Cap\u00edtulo 2<\/h2>\n\n\n\n<h4 class=\"wp-block-heading has-text-align-center has-medium-font-size\">HOTEL DE L&#8217;EUROPE<\/h4>\n\n\n\n<div class=\"wp-block-group\"><div class=\"wp-block-group__inner-container is-layout-constrained wp-block-group-is-layout-constrained\">\n<p class=\"has-text-align-center\">En 1894, Het Rondeel fue subastado y cay\u00f3 en manos del banco Hipotecario. El edificio permaneci\u00f3 vac\u00edo durante dos a\u00f1os antes de que la Dutch Hotel Company decidiera que hab\u00eda llegado el momento de demolerlo y sustituirlo por un nuevo hotel. En aquella \u00e9poca, el Hotel de L&#8217;Europe estaba situado en la Prins Hendrikkade. La Compa\u00f1\u00eda Hotelera Holandesa ofreci\u00f3 comprar este hotel, con la condici\u00f3n de que cediera su nombre al hotel<br\/>, de nueva construcci\u00f3n junto al r\u00edo Amstel, y dejara de existir como hotel.<\/p>\n\n\n\n<p class=\"has-text-align-center\">El Sr. H. Martins, anteriormente Director General del Hotel de L&#8217;Europe en la Prins Hendrikkade, ha sido nombrado nuevo Director General del Hotel de L&#8217;Europe en la Nieuwe Doelenstraat. El 23 de septiembre de 1896, el edificio abri\u00f3 sus puertas como Hotel De L&#8217;Europe. A lo largo del siglo, el hotel pas\u00f3 por varias ampliaciones y reformas, siempre a la \u00faltima en lujos y estableci\u00e9ndose con \u00e9xito como destino de categor\u00eda mundial.<\/p>\n<\/div><\/div>\n<\/div>\n<\/div>\n\n<div class=\"wp-block-columns align-left-text with-headers text-on-left wrap-2-columns eat-and-drink-cards is-layout-flex wp-container-core-columns-is-layout-9d6595d7 wp-block-columns-is-layout-flex\" id=\"graziella\">\n<div class=\"wp-block-column is-vertically-aligned-center middle-align is-layout-flow wp-block-column-is-layout-flow\" style=\"flex-basis:50%\">\n<h2 class=\"wp-block-heading has-text-align-center has-extra-large-font-size\" style=\"text-transform:uppercase\">Cap\u00edtulo 3<\/h2>\n\n\n\n<h4 class=\"wp-block-heading has-text-align-center has-medium-font-size\" style=\"text-transform:uppercase\">Heineken<\/h4>\n\n\n\n<div class=\"wp-block-group\"><div class=\"wp-block-group__inner-container is-layout-constrained wp-block-group-is-layout-constrained\">\n<p class=\"has-text-align-center\">En los a\u00f1os 50, el Hotel De L&#8217;Europe abri\u00f3 su coraz\u00f3n y sus puertas a Alfred \u00abFreddy\u00bb Heineken. Al frecuentar el hotel, se enamor\u00f3 del monumental edificio y del sofisticado ambiente. Finalmente decidi\u00f3 comprar el hotel, convirtiendo De L&#8217;Europe en el primer y \u00fanico hotel de lujo de \u00c1msterdam de propiedad familiar.<\/p>\n\n\n\n<p class=\"has-text-align-center\">En 1992, tras varias renovaciones menores, el hotel pudo ofrecer a sus hu\u00e9spedes las siguientes comodidades: 100 habitaciones con todas las comodidades modernas, dos restaurantes, un bar, una terraza sobre el r\u00edo Amstel, varios salones, un gimnasio, una tienda y un centro de negocios. En la actualidad, el hotel es propiedad de la empresa HEINEKEN.<\/p>\n<\/div><\/div>\n<\/div>\n\n\n\n<div class=\"wp-block-column slider-wrap padding-left-md is-layout-flow wp-block-column-is-layout-flow\" style=\"flex-basis:50%\">\n<figure class=\"wp-block-image size-full\"><img loading=\"lazy\" decoding=\"async\" width=\"1500\" height=\"1071\" src=\"https:\/\/deleurope.com\/wp-content\/uploads\/2024\/01\/Eat-Drink-13.jpg\" alt=\"\" class=\"wp-image-1932\" style=\"aspect-ratio:4\/3;object-fit:cover\" srcset=\"https:\/\/www.deleurope.com\/wp-content\/uploads\/2024\/01\/Eat-Drink-13.jpg 1500w, https:\/\/www.deleurope.com\/wp-content\/uploads\/2024\/01\/Eat-Drink-13-768x548.jpg 768w\" sizes=\"auto, (max-width: 1500px) 100vw, 1500px\" \/><\/figure>\n<\/div>\n<\/div>\n\n<div class=\"wp-block-columns align-left-text with-headers columns_slider_text wrap-2-columns eat-and-drink-cards is-layout-flex wp-container-core-columns-is-layout-9d6595d7 wp-block-columns-is-layout-flex\" id=\"flore\">\n<div class=\"wp-block-column slider-wrap is-layout-flow wp-block-column-is-layout-flow\" style=\"flex-basis:50%\">\n<figure class=\"wp-block-image size-full\"><img loading=\"lazy\" decoding=\"async\" width=\"1000\" height=\"667\" src=\"https:\/\/www.deleurope.com\/wp-content\/uploads\/2024\/03\/3-2.jpg\" alt=\"\" class=\"wp-image-4088\" style=\"aspect-ratio:4\/3;object-fit:cover\" srcset=\"https:\/\/www.deleurope.com\/wp-content\/uploads\/2024\/03\/3-2.jpg 1000w, https:\/\/www.deleurope.com\/wp-content\/uploads\/2024\/03\/3-2-768x512.jpg 768w, https:\/\/www.deleurope.com\/wp-content\/uploads\/2024\/03\/3-2-600x400.jpg 600w\" sizes=\"auto, (max-width: 1000px) 100vw, 1000px\" \/><\/figure>\n<\/div>\n\n\n\n<div class=\"wp-block-column is-vertically-aligned-center middle-align is-layout-flow wp-block-column-is-layout-flow\" style=\"flex-basis:50%\">\n<h2 class=\"wp-block-heading has-text-align-center has-extra-large-font-size\" style=\"text-transform:uppercase\">Cap\u00edtulo 4<\/h2>\n\n\n\n<h4 class=\"wp-block-heading has-text-align-center has-medium-font-size\">PRESENTE Y FUTURO<\/h4>\n\n\n\n<div class=\"wp-block-group\"><div class=\"wp-block-group__inner-container is-layout-constrained wp-block-group-is-layout-constrained\">\n<p class=\"has-text-align-center\">En 2020, De L&#8217;Europe se someti\u00f3 a un redise\u00f1o completo, incorporando todos los lujos modernos sin dejar de honrar su rica historia. Los dise\u00f1adores de interiores holandeses \u00abNicemakers\u00bb se encargaron del redise\u00f1o de las habitaciones, las zonas p\u00fablicas, las salas para eventos privados, los tres restaurantes y el bar.<\/p>\n\n\n\n<p class=\"has-text-align-center\">El objetivo del redise\u00f1o era crear un dise\u00f1o interior cl\u00e1sico y atemporal que, al mismo tiempo, resultara familiar. Ese mismo a\u00f1o se anunci\u00f3 la apertura del ala creativa, &#8216;t Huys. Es un lugar donde los maestros holandeses del arte, el dise\u00f1o y el lujo se re\u00fanen bajo un mismo techo.<\/p>\n\n\n\n<p class=\"has-text-align-center\">La historia perdurable de De L&#8217;Europe \u00c1msterdam sigue floreciendo, y quienes deseen estar al tanto de las \u00faltimas novedades pueden visitar su p\u00e1gina de Instagram.<\/p>\n<\/div><\/div>\n\n\n\n<div class=\"wp-block-buttons is-content-justification-center is-layout-flex wp-container-core-buttons-is-layout-16018d1d wp-block-buttons-is-layout-flex\">\n<div class=\"wp-block-button is-style-outline not-italic is-style-outline--1\"><a class=\"wp-block-button__link wp-element-button\" href=\"https:\/\/www.instagram.com\/deleuropeams\" style=\"border-radius:0px;text-transform:uppercase\">M\u00e1s informaci\u00f3n<\/a><\/div>\n<\/div>\n<\/div>\n<\/div>\n\n<div class=\"wp-block-columns block-with-centered-overlay no-margins-on-mobile is-layout-flex wp-container-core-columns-is-layout-9d6595d7 wp-block-columns-is-layout-flex\">\n<div class=\"wp-block-column is-layout-flow wp-block-column-is-layout-flow\">\n<div class=\"wp-block-cover is-light\"><img loading=\"lazy\" decoding=\"async\" width=\"1600\" height=\"1067\" class=\"wp-block-cover__image-background wp-image-1030\" alt=\"\" src=\"https:\/\/deleurope.com\/wp-content\/uploads\/2023\/11\/1182e35f6411d08bfdcf2001d57de6ab.jpeg\" data-object-fit=\"cover\" srcset=\"https:\/\/www.deleurope.com\/wp-content\/uploads\/2023\/11\/1182e35f6411d08bfdcf2001d57de6ab.jpeg 1600w, https:\/\/www.deleurope.com\/wp-content\/uploads\/2023\/11\/1182e35f6411d08bfdcf2001d57de6ab-768x512.jpeg 768w, https:\/\/www.deleurope.com\/wp-content\/uploads\/2023\/11\/1182e35f6411d08bfdcf2001d57de6ab-1536x1024.jpeg 1536w, https:\/\/www.deleurope.com\/wp-content\/uploads\/2023\/11\/1182e35f6411d08bfdcf2001d57de6ab-600x400.jpeg 600w\" sizes=\"auto, (max-width: 1600px) 100vw, 1600px\" \/><span aria-hidden=\"true\" class=\"wp-block-cover__background has-background-dim\"><\/span><div class=\"wp-block-cover__inner-container is-layout-constrained wp-block-cover-is-layout-constrained\">\n<div class=\"wp-block-columns is-layout-flex wp-container-core-columns-is-layout-9d6595d7 wp-block-columns-is-layout-flex\">\n<div class=\"wp-block-column overlay-hero-middle has-central-palette-1-background-color has-background is-layout-flow wp-block-column-is-layout-flow\">\n<h2 class=\"wp-block-heading has-text-align-center has-central-palette-7-color has-text-color has-extra-large-font-size\">UN YOUNIVERSO MEJOR<\/h2>\n\n\n\n<p class=\"has-text-align-center has-central-palette-7-color has-text-color\">En De L&#8217;Europe Amsterdam, nuestro compromiso con la responsabilidad social corporativa est\u00e1 entretejido en el tejido mismo de nuestras operaciones.<\/p>\n\n\n\n<p class=\"has-text-align-center has-central-palette-7-color has-text-color\">Explore c\u00f3mo nos esforzamos por influir positivamente en nuestra comunidad y en el medio ambiente a trav\u00e9s de nuestras iniciativas espec\u00edficas en nuestras p\u00e1ginas de Responsabilidad Social Corporativa.<\/p>\n\n\n\n<div class=\"wp-block-buttons is-content-justification-center is-layout-flex wp-container-core-buttons-is-layout-16018d1d wp-block-buttons-is-layout-flex\">\n<div class=\"wp-block-button is-style-outline not-italic is-style-outline--2\"><a class=\"wp-block-button__link has-central-palette-7-color has-text-color wp-element-button\" href=\"https:\/\/deleurope.com\/green-hospitality\/\" style=\"border-radius:0px;text-transform:uppercase\">M\u00e1s informaci\u00f3n<\/a><\/div>\n<\/div>\n<\/div>\n<\/div>\n<\/div><\/div>\n<\/div>\n<\/div>\n\n<div class=\"wp-block-columns special-request no-margins-mobile is-layout-flex wp-container-core-columns-is-layout-9d6595d7 wp-block-columns-is-layout-flex\" id=\"special\">\n<div class=\"wp-block-column has-central-palette-11-background-color has-background is-layout-flow wp-block-column-is-layout-flow\">\n<h2 class=\"wp-block-heading has-text-align-center has-extra-large-font-size\">SEA PARTE DE NUESTRA HISTORIA<\/h2>\n\n\n\n<p class=\"has-text-align-center\">Entre en nuestro mundo de hospitalidad de lujo y forme parte de nuestra extraordinaria historia en De L&#8217;Europe Amsterdam. Explore interesantes oportunidades profesionales en las que puede contribuir a crear experiencias inolvidables para los hu\u00e9spedes en nuestra p\u00e1gina de Empleo.<\/p>\n\n\n\n<div class=\"wp-block-buttons is-content-justification-center is-layout-flex wp-container-core-buttons-is-layout-16018d1d wp-block-buttons-is-layout-flex\">\n<div class=\"wp-block-button is-style-outline not-italic is-style-outline--3\"><a class=\"wp-block-button__link wp-element-button\" href=\"https:\/\/deleuropeamsterdam.recruitee.com\/\" style=\"border-radius:0px;text-transform:uppercase\">Explore nuestras vacantes<\/a><\/div>\n<\/div>\n<\/div>\n<\/div>\n","protected":false},"excerpt":{"rendered":"<p>BIENVENIDO A DE L&#8217;EUROPE AMSTERDAM Un lugar para quienes aprecian la autenticidad y la hospitalidad de lujo, y est\u00e1n deseosos de abrazar el rico patrimonio de \u00c1msterdam de la forma m\u00e1s elegante desde 1896. Cap\u00edtulo 1 HET RONDEEL Viajando en el tiempo hasta 1482, nos encontramos en una \u00c1msterdam mucho m\u00e1s peque\u00f1a y vulnerable. Para [&hellip;]<\/p>\n","protected":false},"author":2,"featured_media":3915,"parent":0,"menu_order":0,"comment_status":"closed","ping_status":"closed","template":"","meta":{"_acf_changed":false,"footnotes":""},"class_list":["post-3908","page","type-page","status-publish","has-post-thumbnail","hentry"],"acf":[],"yoast_head":"<!-- This site is optimized with the Yoast SEO plugin v27.3 - https:\/\/yoast.com\/product\/yoast-seo-wordpress\/ -->\n<title>Nuestra historia y patrimonio en \u00c1msterdam | Hotel De L&#039;Europe<\/title>\n<meta name=\"description\" content=\"Descubre la historia de De L&#039;Europe \u00c1msterdam, donde el patrimonio, la cultura y el lujo contempor\u00e1neo se dan cita a orillas del r\u00edo Amstel. M\u00e1s informaci\u00f3n.\" \/>\n<meta name=\"robots\" content=\"index, follow, max-snippet:-1, max-image-preview:large, max-video-preview:-1\" \/>\n<link rel=\"canonical\" href=\"https:\/\/www.deleurope.com\/es\/nuestra-historia\/\" \/>\n<meta property=\"og:locale\" content=\"es_ES\" \/>\n<meta property=\"og:type\" content=\"article\" \/>\n<meta property=\"og:title\" content=\"Nuestra historia y patrimonio en \u00c1msterdam | Hotel De L&#039;Europe\" \/>\n<meta property=\"og:description\" content=\"Descubre la historia de De L&#039;Europe \u00c1msterdam, donde el patrimonio, la cultura y el lujo contempor\u00e1neo se dan cita a orillas del r\u00edo Amstel. M\u00e1s informaci\u00f3n.\" \/>\n<meta property=\"og:url\" content=\"https:\/\/www.deleurope.com\/es\/nuestra-historia\/\" \/>\n<meta property=\"og:site_name\" content=\"De L&#039;Europe Amsterdam\" \/>\n<meta property=\"article:modified_time\" content=\"2026-02-10T11:52:28+00:00\" \/>\n<meta property=\"og:image\" content=\"https:\/\/www.deleurope.com\/wp-content\/uploads\/2024\/02\/1-1.jpg\" \/>\n\t<meta property=\"og:image:width\" content=\"1820\" \/>\n\t<meta property=\"og:image:height\" content=\"1300\" \/>\n\t<meta property=\"og:image:type\" content=\"image\/jpeg\" \/>\n<meta name=\"twitter:card\" content=\"summary_large_image\" \/>\n<meta name=\"twitter:label1\" content=\"Tiempo de lectura\" \/>\n\t<meta name=\"twitter:data1\" content=\"5 minutos\" \/>\n<script type=\"application\/ld+json\" class=\"yoast-schema-graph\">{\"@context\":\"https:\\\/\\\/schema.org\",\"@graph\":[{\"@type\":\"WebPage\",\"@id\":\"https:\\\/\\\/www.deleurope.com\\\/es\\\/nuestra-historia\\\/\",\"url\":\"https:\\\/\\\/www.deleurope.com\\\/es\\\/nuestra-historia\\\/\",\"name\":\"Nuestra historia y patrimonio en \u00c1msterdam | Hotel De L'Europe\",\"isPartOf\":{\"@id\":\"https:\\\/\\\/www.deleurope.com\\\/es\\\/#website\"},\"primaryImageOfPage\":{\"@id\":\"https:\\\/\\\/www.deleurope.com\\\/es\\\/nuestra-historia\\\/#primaryimage\"},\"image\":{\"@id\":\"https:\\\/\\\/www.deleurope.com\\\/es\\\/nuestra-historia\\\/#primaryimage\"},\"thumbnailUrl\":\"https:\\\/\\\/www.deleurope.com\\\/wp-content\\\/uploads\\\/2024\\\/02\\\/1-1.jpg\",\"datePublished\":\"2023-11-28T13:06:05+00:00\",\"dateModified\":\"2026-02-10T11:52:28+00:00\",\"description\":\"Descubre la historia de De L'Europe \u00c1msterdam, donde el patrimonio, la cultura y el lujo contempor\u00e1neo se dan cita a orillas del r\u00edo Amstel. M\u00e1s informaci\u00f3n.\",\"breadcrumb\":{\"@id\":\"https:\\\/\\\/www.deleurope.com\\\/es\\\/nuestra-historia\\\/#breadcrumb\"},\"inLanguage\":\"es\",\"potentialAction\":[{\"@type\":\"ReadAction\",\"target\":[\"https:\\\/\\\/www.deleurope.com\\\/es\\\/nuestra-historia\\\/\"]}]},{\"@type\":\"ImageObject\",\"inLanguage\":\"es\",\"@id\":\"https:\\\/\\\/www.deleurope.com\\\/es\\\/nuestra-historia\\\/#primaryimage\",\"url\":\"https:\\\/\\\/www.deleurope.com\\\/wp-content\\\/uploads\\\/2024\\\/02\\\/1-1.jpg\",\"contentUrl\":\"https:\\\/\\\/www.deleurope.com\\\/wp-content\\\/uploads\\\/2024\\\/02\\\/1-1.jpg\",\"width\":1820,\"height\":1300},{\"@type\":\"BreadcrumbList\",\"@id\":\"https:\\\/\\\/www.deleurope.com\\\/es\\\/nuestra-historia\\\/#breadcrumb\",\"itemListElement\":[{\"@type\":\"ListItem\",\"position\":1,\"name\":\"Home\",\"item\":\"https:\\\/\\\/www.deleurope.com\\\/es\\\/\"},{\"@type\":\"ListItem\",\"position\":2,\"name\":\"NUESTRA HISTORIA\"}]},{\"@type\":\"WebSite\",\"@id\":\"https:\\\/\\\/www.deleurope.com\\\/es\\\/#website\",\"url\":\"https:\\\/\\\/www.deleurope.com\\\/es\\\/\",\"name\":\"De L&#039;Europe Amsterdam\",\"description\":\"Home of original Amsterdam luxury.\",\"potentialAction\":[{\"@type\":\"SearchAction\",\"target\":{\"@type\":\"EntryPoint\",\"urlTemplate\":\"https:\\\/\\\/www.deleurope.com\\\/es\\\/?s={search_term_string}\"},\"query-input\":{\"@type\":\"PropertyValueSpecification\",\"valueRequired\":true,\"valueName\":\"search_term_string\"}}],\"inLanguage\":\"es\"}]}<\/script>\n<!-- \/ Yoast SEO plugin. -->","yoast_head_json":{"title":"Nuestra historia y patrimonio en \u00c1msterdam | Hotel De L'Europe","description":"Descubre la historia de De L'Europe \u00c1msterdam, donde el patrimonio, la cultura y el lujo contempor\u00e1neo se dan cita a orillas del r\u00edo Amstel. M\u00e1s informaci\u00f3n.","robots":{"index":"index","follow":"follow","max-snippet":"max-snippet:-1","max-image-preview":"max-image-preview:large","max-video-preview":"max-video-preview:-1"},"canonical":"https:\/\/www.deleurope.com\/es\/nuestra-historia\/","og_locale":"es_ES","og_type":"article","og_title":"Nuestra historia y patrimonio en \u00c1msterdam | Hotel De L'Europe","og_description":"Descubre la historia de De L'Europe \u00c1msterdam, donde el patrimonio, la cultura y el lujo contempor\u00e1neo se dan cita a orillas del r\u00edo Amstel. M\u00e1s informaci\u00f3n.","og_url":"https:\/\/www.deleurope.com\/es\/nuestra-historia\/","og_site_name":"De L&#039;Europe Amsterdam","article_modified_time":"2026-02-10T11:52:28+00:00","og_image":[{"width":1820,"height":1300,"url":"https:\/\/www.deleurope.com\/wp-content\/uploads\/2024\/02\/1-1.jpg","type":"image\/jpeg"}],"twitter_card":"summary_large_image","twitter_misc":{"Tiempo de lectura":"5 minutos"},"schema":{"@context":"https:\/\/schema.org","@graph":[{"@type":"WebPage","@id":"https:\/\/www.deleurope.com\/es\/nuestra-historia\/","url":"https:\/\/www.deleurope.com\/es\/nuestra-historia\/","name":"Nuestra historia y patrimonio en \u00c1msterdam | Hotel De L'Europe","isPartOf":{"@id":"https:\/\/www.deleurope.com\/es\/#website"},"primaryImageOfPage":{"@id":"https:\/\/www.deleurope.com\/es\/nuestra-historia\/#primaryimage"},"image":{"@id":"https:\/\/www.deleurope.com\/es\/nuestra-historia\/#primaryimage"},"thumbnailUrl":"https:\/\/www.deleurope.com\/wp-content\/uploads\/2024\/02\/1-1.jpg","datePublished":"2023-11-28T13:06:05+00:00","dateModified":"2026-02-10T11:52:28+00:00","description":"Descubre la historia de De L'Europe \u00c1msterdam, donde el patrimonio, la cultura y el lujo contempor\u00e1neo se dan cita a orillas del r\u00edo Amstel. M\u00e1s informaci\u00f3n.","breadcrumb":{"@id":"https:\/\/www.deleurope.com\/es\/nuestra-historia\/#breadcrumb"},"inLanguage":"es","potentialAction":[{"@type":"ReadAction","target":["https:\/\/www.deleurope.com\/es\/nuestra-historia\/"]}]},{"@type":"ImageObject","inLanguage":"es","@id":"https:\/\/www.deleurope.com\/es\/nuestra-historia\/#primaryimage","url":"https:\/\/www.deleurope.com\/wp-content\/uploads\/2024\/02\/1-1.jpg","contentUrl":"https:\/\/www.deleurope.com\/wp-content\/uploads\/2024\/02\/1-1.jpg","width":1820,"height":1300},{"@type":"BreadcrumbList","@id":"https:\/\/www.deleurope.com\/es\/nuestra-historia\/#breadcrumb","itemListElement":[{"@type":"ListItem","position":1,"name":"Home","item":"https:\/\/www.deleurope.com\/es\/"},{"@type":"ListItem","position":2,"name":"NUESTRA HISTORIA"}]},{"@type":"WebSite","@id":"https:\/\/www.deleurope.com\/es\/#website","url":"https:\/\/www.deleurope.com\/es\/","name":"De L&#039;Europe Amsterdam","description":"Home of original Amsterdam luxury.","potentialAction":[{"@type":"SearchAction","target":{"@type":"EntryPoint","urlTemplate":"https:\/\/www.deleurope.com\/es\/?s={search_term_string}"},"query-input":{"@type":"PropertyValueSpecification","valueRequired":true,"valueName":"search_term_string"}}],"inLanguage":"es"}]}},"featured_image_src":"https:\/\/www.deleurope.com\/wp-content\/uploads\/2024\/02\/1-1-600x400.jpg","featured_image_src_square":"https:\/\/www.deleurope.com\/wp-content\/uploads\/2024\/02\/1-1-600x600.jpg","_links":{"self":[{"href":"https:\/\/www.deleurope.com\/es\/wp-json\/wp\/v2\/pages\/3908","targetHints":{"allow":["GET"]}}],"collection":[{"href":"https:\/\/www.deleurope.com\/es\/wp-json\/wp\/v2\/pages"}],"about":[{"href":"https:\/\/www.deleurope.com\/es\/wp-json\/wp\/v2\/types\/page"}],"author":[{"embeddable":true,"href":"https:\/\/www.deleurope.com\/es\/wp-json\/wp\/v2\/users\/2"}],"replies":[{"embeddable":true,"href":"https:\/\/www.deleurope.com\/es\/wp-json\/wp\/v2\/comments?post=3908"}],"version-history":[{"count":2,"href":"https:\/\/www.deleurope.com\/es\/wp-json\/wp\/v2\/pages\/3908\/revisions"}],"predecessor-version":[{"id":12373,"href":"https:\/\/www.deleurope.com\/es\/wp-json\/wp\/v2\/pages\/3908\/revisions\/12373"}],"wp:featuredmedia":[{"embeddable":true,"href":"https:\/\/www.deleurope.com\/es\/wp-json\/wp\/v2\/media\/3915"}],"wp:attachment":[{"href":"https:\/\/www.deleurope.com\/es\/wp-json\/wp\/v2\/media?parent=3908"}],"curies":[{"name":"wp","href":"https:\/\/api.w.org\/{rel}","templated":true}]}}