{"id":4032,"date":"2024-01-18T16:11:13","date_gmt":"2024-01-18T16:11:13","guid":{"rendered":"https:\/\/www.deleurope.com\/responsabilidad-social\/"},"modified":"2024-03-18T15:54:23","modified_gmt":"2024-03-18T15:54:23","slug":"responsabilidad-social","status":"publish","type":"page","link":"https:\/\/www.deleurope.com\/es\/responsabilidad-social\/","title":{"rendered":"Responsabilidad social"},"content":{"rendered":"\n<div class=\"wp-block-columns margin-bottom-none is-layout-flex wp-container-core-columns-is-layout-9d6595d7 wp-block-columns-is-layout-flex\">\n<div class=\"wp-block-column two-texts-intro is-layout-flow wp-block-column-is-layout-flow\">\n<h2 class=\"wp-block-heading has-text-align-center rooms-description-white-box two-texts-bigger header-bigger has-extra-large-font-size\"> SER CONSCIENTES DE LO QUE HACEMOS<\/h2>\n\n\n\n<p class=\"has-text-align-center\">En De L&#8217;Europe Amsterdam, nuestro compromiso con la responsabilidad social est\u00e1 profundamente arraigado en nuestra \u00e9tica. Como pioneros de la hosteler\u00eda sostenible, en 2006 obtuvimos con orgullo la distinci\u00f3n Green Key, convirti\u00e9ndonos en el primer hotel de cinco estrellas en conseguirlo. Este logro subraya nuestra inquebrantable dedicaci\u00f3n al cuidado del medio ambiente y al funcionamiento en armon\u00eda con nuestro entorno. Al celebrar este hito, reconocimos que el camino hacia la verdadera sostenibilidad sigue su curso. En constante evoluci\u00f3n, innovamos para reducir nuestra huella ecol\u00f3gica. En 2023, De L&#8217;Europe fue reconocido por Leading Hotels of the World como L\u00edder en Sostenibilidad, un testimonio de nuestro compromiso en hosteler\u00eda, especialmente en comunidad, cultura y responsabilidad medioambiental. Para mantenernos a la vanguardia de las iniciativas ecol\u00f3gicas, hemos creado un equipo ecol\u00f3gico interno para lograr cambios positivos en todas las operaciones.<\/p>\n\n\n\n<p class=\"has-text-align-center\">Conscientes del profundo impacto del desperdicio de alimentos en nuestro planeta, hemos tomado medidas importantes para reducirlo al m\u00ednimo en cocinas y restaurantes. Mediante una planificaci\u00f3n minuciosa, pretendemos reducir los residuos y garantizar al mismo tiempo una experiencia gastron\u00f3mica memorable. La transformaci\u00f3n de Bord&#8217;Eau, restaurante con dos estrellas Michelin, en Flore refleja esta filosof\u00eda. En Flore, la estacionalidad y los productos locales est\u00e1n en el centro de cada creaci\u00f3n gastron\u00f3mica. En 2022, nueve meses despu\u00e9s de su apertura, sus platos innovadores y su compromiso les valieron dos estrellas Michelin y la Estrella Verde Michelin.<\/p>\n\n\n\n<p class=\"has-text-align-center\">Descubra nuestra \u00faltima incorporaci\u00f3n, &#8216;t Huys, donde la artesan\u00eda y la creatividad locales prosperan de verdad. Esta iniciativa permite a los hu\u00e9spedes acercarse a la esencia de la ciudad, proporcionando a los socios un hogar para su arte.<\/p>\n\n\n\n<p class=\"has-text-align-center\">Adem\u00e1s, hemos adoptado conscientemente alternativas ecol\u00f3gicas en todo nuestro establecimiento. Nuestro viaje hacia la sostenibilidad es un esfuerzo colectivo, e invitamos a nuestros hu\u00e9spedes a unirse a nosotros para crear un mundo m\u00e1s brillante y sostenible. Juntos podemos marcar una diferencia significativa para nuestro planeta y las generaciones futuras.<\/p>\n\n\n\n<div class=\"wp-block-columns badges-section is-layout-flex wp-container-core-columns-is-layout-9d6595d7 wp-block-columns-is-layout-flex\">\n<div class=\"wp-block-column is-layout-flow wp-block-column-is-layout-flow\">\n<h2 class=\"wp-block-heading has-text-align-center has-extra-large-font-size\">DISCOVER DE L&#8217;EUROPE<\/h2>\n\n\n\n<p class=\"has-text-align-center\">\u00danase a la celebraci\u00f3n mientras mostramos los premios que destacan nuestra trayectoria.<br\/>Sum\u00e9rjase en los reconocimientos que hemos obtenido, un gui\u00f1o a la dedicaci\u00f3n y la innovaci\u00f3n que constituyen la esencia de lo que hacemos.<\/p>\n\n\n\n<div class=\"wp-block-columns is-not-stacked-on-mobile badges is-layout-flex wp-container-core-columns-is-layout-9d6595d7 wp-block-columns-is-layout-flex\">\n<div class=\"wp-block-column is-layout-flow wp-block-column-is-layout-flow\"><div class=\"wp-block-image is-style-default\">\n<figure class=\"alignright size-full is-resized\"><img loading=\"lazy\" decoding=\"async\" width=\"216\" height=\"237\" src=\"https:\/\/deleurope.com\/wp-content\/uploads\/2024\/01\/Blue.webp\" alt=\"Responsable de sostenibilidad LHW\" class=\"wp-image-1778\" style=\"object-fit:cover;width:255px;height:255px\"\/><\/figure>\n<\/div><\/div>\n\n\n\n<div class=\"wp-block-column is-layout-flow wp-block-column-is-layout-flow\"><div class=\"wp-block-image is-style-default\">\n<figure class=\"alignleft size-full is-resized\"><img loading=\"lazy\" decoding=\"async\" width=\"233\" height=\"344\" src=\"https:\/\/deleurope.com\/wp-content\/uploads\/2024\/01\/GreenKey-De-leurope-1.jpg\" alt=\"\" class=\"wp-image-1465\" style=\"object-fit:contain;width:255px;height:255px\"\/><\/figure>\n<\/div><\/div>\n<\/div>\n<\/div>\n<\/div>\n<\/div>\n<\/div>\n\n<div class=\"wp-block-columns faq-section has-central-palette-9-background-color has-background is-layout-flex wp-container-core-columns-is-layout-9d6595d7 wp-block-columns-is-layout-flex\">\n<div class=\"wp-block-column is-layout-flow wp-block-column-is-layout-flow\">\n<div class=\"wp-block-columns is-layout-flex wp-container-core-columns-is-layout-9d6595d7 wp-block-columns-is-layout-flex\">\n<div class=\"wp-block-column is-layout-flow wp-block-column-is-layout-flow\" style=\"flex-basis:24%\">\n<h2 class=\"wp-block-heading has-text-align-center has-extra-large-font-size\">F.A.Q<\/h2>\n\n\n\n<ul class=\"tab-faq-menu wp-block-list\">\n<li class=\"active-li\" style=\"text-transform:uppercase\">informaci\u00f3n sobre responsabilidad social<\/li>\n<\/ul>\n<\/div>\n\n\n\n<div class=\"wp-block-column is-layout-flow wp-block-column-is-layout-flow\" style=\"flex-basis:76%\">\n<div class=\"schema-faq wp-block-yoast-faq-block\"><div class=\"schema-faq-section\" id=\"faq-question-1697826231715\"><strong class=\"schema-faq-question\">\u00bfDispone De L&#8217;Europe Amsterdam de alguna certificaci\u00f3n medioambiental?<\/strong> <p class=\"schema-faq-answer\">Los esfuerzos de sostenibilidad de De L&#8217;Europe han sido reconocidos por certificaciones externas, incluido el nivel m\u00e1s alto de las normas Green Key, Nivel Oro, as\u00ed como el programa Sustainability Leader de Leading Hotels of the World. Estas designaciones son un testimonio de nuestro compromiso con la excelencia en la comunidad, la cultura y la responsabilidad medioambiental.<\/p> <\/div> <div class=\"schema-faq-section\" id=\"faq-question-1697827306389\"><strong class=\"schema-faq-question\">\u00bfC\u00f3mo fomenta De L&#8217;Europe \u00c1msterdam los viajes \u00e9ticos?<\/strong> <p class=\"schema-faq-answer\">En De L&#8217;Europe Amsterdam abrazamos la cultura y la artesan\u00eda locales. Ya sea a trav\u00e9s de los socios locales que aparecen en la concept store IN-HUYS, de nuestro abastecimiento de productos en el restaurante Flore o de las recomendaciones de nuestro equipo de conserjer\u00eda, siempre ofrecemos lo mejor de nuestras comunidades.<\/p> <\/div> <div class=\"schema-faq-section\" id=\"faq-question-1697826245421\"><strong class=\"schema-faq-question\">\u00bfCu\u00e1l es el impacto social de De L&#8217;Europe Amsterdam?<\/strong> <p class=\"schema-faq-answer\">Como parte de nuestra firme creencia en el turismo responsable, en De L&#8217;Europe Amsterdam mostramos y colaboramos con el talento local. Ofrecemos espacios de trabajo a j\u00f3venes artistas y repercutimos positivamente en nuestras comunidades locales con asociaciones locales, actividades de divulgaci\u00f3n comunitaria, iniciativas y actos, y donaciones.<\/p> <\/div> <\/div>\n<\/div>\n<\/div>\n<\/div>\n<\/div>\n","protected":false},"excerpt":{"rendered":"<p>SER CONSCIENTES DE LO QUE HACEMOS En De L&#8217;Europe Amsterdam, nuestro compromiso con la responsabilidad social est\u00e1 profundamente arraigado en nuestra \u00e9tica. Como pioneros de la hosteler\u00eda sostenible, en 2006 obtuvimos con orgullo la distinci\u00f3n Green Key, convirti\u00e9ndonos en el primer hotel de cinco estrellas en conseguirlo. Este logro subraya nuestra inquebrantable dedicaci\u00f3n al cuidado [&hellip;]<\/p>\n","protected":false},"author":17,"featured_media":3914,"parent":0,"menu_order":0,"comment_status":"closed","ping_status":"closed","template":"","meta":{"_acf_changed":false,"footnotes":""},"class_list":["post-4032","page","type-page","status-publish","has-post-thumbnail","hentry"],"acf":[],"yoast_head":"<!-- This site is optimized with the Yoast SEO plugin v27.3 - https:\/\/yoast.com\/product\/yoast-seo-wordpress\/ -->\n<title>De L&#039;Europe Amsterdam es una hospitalidad consciente y ecol\u00f3gica<\/title>\n<meta name=\"description\" content=\"Explore el lujo ecol\u00f3gico con De L&#039;Europe Amsterdam. Se concede la llave verde de la hospitalidad. L\u00edder en sostenibilidad por Leading Hotels of the World.\" \/>\n<meta name=\"robots\" content=\"index, follow, max-snippet:-1, max-image-preview:large, max-video-preview:-1\" \/>\n<link rel=\"canonical\" href=\"https:\/\/www.deleurope.com\/es\/responsabilidad-social\/\" \/>\n<meta property=\"og:locale\" content=\"es_ES\" \/>\n<meta property=\"og:type\" content=\"article\" \/>\n<meta property=\"og:title\" content=\"De L&#039;Europe Amsterdam es una hospitalidad consciente y ecol\u00f3gica\" \/>\n<meta property=\"og:description\" content=\"Explore el lujo ecol\u00f3gico con De L&#039;Europe Amsterdam. Se concede la llave verde de la hospitalidad. L\u00edder en sostenibilidad por Leading Hotels of the World.\" \/>\n<meta property=\"og:url\" content=\"https:\/\/www.deleurope.com\/es\/responsabilidad-social\/\" \/>\n<meta property=\"og:site_name\" content=\"De L&#039;Europe Amsterdam\" \/>\n<meta property=\"article:modified_time\" content=\"2024-03-18T15:54:23+00:00\" \/>\n<meta property=\"og:image\" content=\"https:\/\/www.deleurope.com\/wp-content\/uploads\/2023\/11\/1182e35f6411d08bfdcf2001d57de6ab.jpeg\" \/>\n\t<meta property=\"og:image:width\" content=\"1600\" \/>\n\t<meta property=\"og:image:height\" content=\"1067\" \/>\n\t<meta property=\"og:image:type\" content=\"image\/jpeg\" \/>\n<meta name=\"twitter:card\" content=\"summary_large_image\" \/>\n<meta name=\"twitter:label1\" content=\"Tiempo de lectura\" \/>\n\t<meta name=\"twitter:data1\" content=\"3 minutos\" \/>\n<script type=\"application\/ld+json\" class=\"yoast-schema-graph\">{\"@context\":\"https:\\\/\\\/schema.org\",\"@graph\":[{\"@type\":[\"WebPage\",\"FAQPage\"],\"@id\":\"https:\\\/\\\/www.deleurope.com\\\/es\\\/responsabilidad-social\\\/\",\"url\":\"https:\\\/\\\/www.deleurope.com\\\/es\\\/responsabilidad-social\\\/\",\"name\":\"De L'Europe Amsterdam es una hospitalidad consciente y ecol\u00f3gica\",\"isPartOf\":{\"@id\":\"https:\\\/\\\/www.deleurope.com\\\/es\\\/#website\"},\"primaryImageOfPage\":{\"@id\":\"https:\\\/\\\/www.deleurope.com\\\/es\\\/responsabilidad-social\\\/#primaryimage\"},\"image\":{\"@id\":\"https:\\\/\\\/www.deleurope.com\\\/es\\\/responsabilidad-social\\\/#primaryimage\"},\"thumbnailUrl\":\"https:\\\/\\\/www.deleurope.com\\\/wp-content\\\/uploads\\\/2023\\\/11\\\/1182e35f6411d08bfdcf2001d57de6ab.jpeg\",\"datePublished\":\"2024-01-18T16:11:13+00:00\",\"dateModified\":\"2024-03-18T15:54:23+00:00\",\"description\":\"Explore el lujo ecol\u00f3gico con De L'Europe Amsterdam. Se concede la llave verde de la hospitalidad. L\u00edder en sostenibilidad por Leading Hotels of the World.\",\"breadcrumb\":{\"@id\":\"https:\\\/\\\/www.deleurope.com\\\/es\\\/responsabilidad-social\\\/#breadcrumb\"},\"mainEntity\":[{\"@id\":\"https:\\\/\\\/www.deleurope.com\\\/es\\\/responsabilidad-social\\\/#faq-question-1697826231715\"},{\"@id\":\"https:\\\/\\\/www.deleurope.com\\\/es\\\/responsabilidad-social\\\/#faq-question-1697827306389\"},{\"@id\":\"https:\\\/\\\/www.deleurope.com\\\/es\\\/responsabilidad-social\\\/#faq-question-1697826245421\"}],\"inLanguage\":\"es\",\"potentialAction\":[{\"@type\":\"ReadAction\",\"target\":[\"https:\\\/\\\/www.deleurope.com\\\/es\\\/responsabilidad-social\\\/\"]}]},{\"@type\":\"ImageObject\",\"inLanguage\":\"es\",\"@id\":\"https:\\\/\\\/www.deleurope.com\\\/es\\\/responsabilidad-social\\\/#primaryimage\",\"url\":\"https:\\\/\\\/www.deleurope.com\\\/wp-content\\\/uploads\\\/2023\\\/11\\\/1182e35f6411d08bfdcf2001d57de6ab.jpeg\",\"contentUrl\":\"https:\\\/\\\/www.deleurope.com\\\/wp-content\\\/uploads\\\/2023\\\/11\\\/1182e35f6411d08bfdcf2001d57de6ab.jpeg\",\"width\":1600,\"height\":1067,\"caption\":\"Restaurant Flore Conscious Fine Dining\"},{\"@type\":\"BreadcrumbList\",\"@id\":\"https:\\\/\\\/www.deleurope.com\\\/es\\\/responsabilidad-social\\\/#breadcrumb\",\"itemListElement\":[{\"@type\":\"ListItem\",\"position\":1,\"name\":\"Home\",\"item\":\"https:\\\/\\\/www.deleurope.com\\\/es\\\/\"},{\"@type\":\"ListItem\",\"position\":2,\"name\":\"Responsabilidad social\"}]},{\"@type\":\"WebSite\",\"@id\":\"https:\\\/\\\/www.deleurope.com\\\/es\\\/#website\",\"url\":\"https:\\\/\\\/www.deleurope.com\\\/es\\\/\",\"name\":\"De L&#039;Europe Amsterdam\",\"description\":\"Home of original Amsterdam luxury.\",\"potentialAction\":[{\"@type\":\"SearchAction\",\"target\":{\"@type\":\"EntryPoint\",\"urlTemplate\":\"https:\\\/\\\/www.deleurope.com\\\/es\\\/?s={search_term_string}\"},\"query-input\":{\"@type\":\"PropertyValueSpecification\",\"valueRequired\":true,\"valueName\":\"search_term_string\"}}],\"inLanguage\":\"es\"},{\"@type\":\"Question\",\"@id\":\"https:\\\/\\\/www.deleurope.com\\\/es\\\/responsabilidad-social\\\/#faq-question-1697826231715\",\"position\":1,\"url\":\"https:\\\/\\\/www.deleurope.com\\\/es\\\/responsabilidad-social\\\/#faq-question-1697826231715\",\"name\":\"Does De L'Europe Amsterdam have any environmental certifications?\",\"answerCount\":1,\"acceptedAnswer\":{\"@type\":\"Answer\",\"text\":\"De L'Europe's sustainability efforts have been acknowledged by external certifications, including the highest level of Green Key standards, Gold Level, as well as the Sustainability Leader program of Leading Hotels of the World. These designations serve as a testament to our commitment to excellence in community, culture, and environmental responsibility.\",\"inLanguage\":\"es\"},\"inLanguage\":\"es\"},{\"@type\":\"Question\",\"@id\":\"https:\\\/\\\/www.deleurope.com\\\/es\\\/responsabilidad-social\\\/#faq-question-1697827306389\",\"position\":2,\"url\":\"https:\\\/\\\/www.deleurope.com\\\/es\\\/responsabilidad-social\\\/#faq-question-1697827306389\",\"name\":\"How does De L'Europe Amsterdam encourage ethical traveling?\",\"answerCount\":1,\"acceptedAnswer\":{\"@type\":\"Answer\",\"text\":\"At De L'Europe Amsterdam we embrace local culture and craftmanship. Whether it's in the local partners featured in concept store IN-HUYS, our produce sourcing at restaurant Flore or the recommendations by our Concierge team, we always offer the best our communities have to offer.\",\"inLanguage\":\"es\"},\"inLanguage\":\"es\"},{\"@type\":\"Question\",\"@id\":\"https:\\\/\\\/www.deleurope.com\\\/es\\\/responsabilidad-social\\\/#faq-question-1697826245421\",\"position\":3,\"url\":\"https:\\\/\\\/www.deleurope.com\\\/es\\\/responsabilidad-social\\\/#faq-question-1697826245421\",\"name\":\"What is De L'Europe Amsterdam's social impact?\",\"answerCount\":1,\"acceptedAnswer\":{\"@type\":\"Answer\",\"text\":\"As part of our strong believe in responsible tourism, at De L'Europe Amsterdam we display and collaborate with local talent. We offer workspaces for young artists and positively impact our local communities with local partnerships, community outreach, initiatives and events, and donations.\",\"inLanguage\":\"es\"},\"inLanguage\":\"es\"}]}<\/script>\n<!-- \/ Yoast SEO plugin. -->","yoast_head_json":{"title":"De L'Europe Amsterdam es una hospitalidad consciente y ecol\u00f3gica","description":"Explore el lujo ecol\u00f3gico con De L'Europe Amsterdam. Se concede la llave verde de la hospitalidad. L\u00edder en sostenibilidad por Leading Hotels of the World.","robots":{"index":"index","follow":"follow","max-snippet":"max-snippet:-1","max-image-preview":"max-image-preview:large","max-video-preview":"max-video-preview:-1"},"canonical":"https:\/\/www.deleurope.com\/es\/responsabilidad-social\/","og_locale":"es_ES","og_type":"article","og_title":"De L'Europe Amsterdam es una hospitalidad consciente y ecol\u00f3gica","og_description":"Explore el lujo ecol\u00f3gico con De L'Europe Amsterdam. Se concede la llave verde de la hospitalidad. L\u00edder en sostenibilidad por Leading Hotels of the World.","og_url":"https:\/\/www.deleurope.com\/es\/responsabilidad-social\/","og_site_name":"De L&#039;Europe Amsterdam","article_modified_time":"2024-03-18T15:54:23+00:00","og_image":[{"width":1600,"height":1067,"url":"https:\/\/www.deleurope.com\/wp-content\/uploads\/2023\/11\/1182e35f6411d08bfdcf2001d57de6ab.jpeg","type":"image\/jpeg"}],"twitter_card":"summary_large_image","twitter_misc":{"Tiempo de lectura":"3 minutos"},"schema":{"@context":"https:\/\/schema.org","@graph":[{"@type":["WebPage","FAQPage"],"@id":"https:\/\/www.deleurope.com\/es\/responsabilidad-social\/","url":"https:\/\/www.deleurope.com\/es\/responsabilidad-social\/","name":"De L'Europe Amsterdam es una hospitalidad consciente y ecol\u00f3gica","isPartOf":{"@id":"https:\/\/www.deleurope.com\/es\/#website"},"primaryImageOfPage":{"@id":"https:\/\/www.deleurope.com\/es\/responsabilidad-social\/#primaryimage"},"image":{"@id":"https:\/\/www.deleurope.com\/es\/responsabilidad-social\/#primaryimage"},"thumbnailUrl":"https:\/\/www.deleurope.com\/wp-content\/uploads\/2023\/11\/1182e35f6411d08bfdcf2001d57de6ab.jpeg","datePublished":"2024-01-18T16:11:13+00:00","dateModified":"2024-03-18T15:54:23+00:00","description":"Explore el lujo ecol\u00f3gico con De L'Europe Amsterdam. Se concede la llave verde de la hospitalidad. L\u00edder en sostenibilidad por Leading Hotels of the World.","breadcrumb":{"@id":"https:\/\/www.deleurope.com\/es\/responsabilidad-social\/#breadcrumb"},"mainEntity":[{"@id":"https:\/\/www.deleurope.com\/es\/responsabilidad-social\/#faq-question-1697826231715"},{"@id":"https:\/\/www.deleurope.com\/es\/responsabilidad-social\/#faq-question-1697827306389"},{"@id":"https:\/\/www.deleurope.com\/es\/responsabilidad-social\/#faq-question-1697826245421"}],"inLanguage":"es","potentialAction":[{"@type":"ReadAction","target":["https:\/\/www.deleurope.com\/es\/responsabilidad-social\/"]}]},{"@type":"ImageObject","inLanguage":"es","@id":"https:\/\/www.deleurope.com\/es\/responsabilidad-social\/#primaryimage","url":"https:\/\/www.deleurope.com\/wp-content\/uploads\/2023\/11\/1182e35f6411d08bfdcf2001d57de6ab.jpeg","contentUrl":"https:\/\/www.deleurope.com\/wp-content\/uploads\/2023\/11\/1182e35f6411d08bfdcf2001d57de6ab.jpeg","width":1600,"height":1067,"caption":"Restaurant Flore Conscious Fine Dining"},{"@type":"BreadcrumbList","@id":"https:\/\/www.deleurope.com\/es\/responsabilidad-social\/#breadcrumb","itemListElement":[{"@type":"ListItem","position":1,"name":"Home","item":"https:\/\/www.deleurope.com\/es\/"},{"@type":"ListItem","position":2,"name":"Responsabilidad social"}]},{"@type":"WebSite","@id":"https:\/\/www.deleurope.com\/es\/#website","url":"https:\/\/www.deleurope.com\/es\/","name":"De L&#039;Europe Amsterdam","description":"Home of original Amsterdam luxury.","potentialAction":[{"@type":"SearchAction","target":{"@type":"EntryPoint","urlTemplate":"https:\/\/www.deleurope.com\/es\/?s={search_term_string}"},"query-input":{"@type":"PropertyValueSpecification","valueRequired":true,"valueName":"search_term_string"}}],"inLanguage":"es"},{"@type":"Question","@id":"https:\/\/www.deleurope.com\/es\/responsabilidad-social\/#faq-question-1697826231715","position":1,"url":"https:\/\/www.deleurope.com\/es\/responsabilidad-social\/#faq-question-1697826231715","name":"Does De L'Europe Amsterdam have any environmental certifications?","answerCount":1,"acceptedAnswer":{"@type":"Answer","text":"De L'Europe's sustainability efforts have been acknowledged by external certifications, including the highest level of Green Key standards, Gold Level, as well as the Sustainability Leader program of Leading Hotels of the World. These designations serve as a testament to our commitment to excellence in community, culture, and environmental responsibility.","inLanguage":"es"},"inLanguage":"es"},{"@type":"Question","@id":"https:\/\/www.deleurope.com\/es\/responsabilidad-social\/#faq-question-1697827306389","position":2,"url":"https:\/\/www.deleurope.com\/es\/responsabilidad-social\/#faq-question-1697827306389","name":"How does De L'Europe Amsterdam encourage ethical traveling?","answerCount":1,"acceptedAnswer":{"@type":"Answer","text":"At De L'Europe Amsterdam we embrace local culture and craftmanship. Whether it's in the local partners featured in concept store IN-HUYS, our produce sourcing at restaurant Flore or the recommendations by our Concierge team, we always offer the best our communities have to offer.","inLanguage":"es"},"inLanguage":"es"},{"@type":"Question","@id":"https:\/\/www.deleurope.com\/es\/responsabilidad-social\/#faq-question-1697826245421","position":3,"url":"https:\/\/www.deleurope.com\/es\/responsabilidad-social\/#faq-question-1697826245421","name":"What is De L'Europe Amsterdam's social impact?","answerCount":1,"acceptedAnswer":{"@type":"Answer","text":"As part of our strong believe in responsible tourism, at De L'Europe Amsterdam we display and collaborate with local talent. We offer workspaces for young artists and positively impact our local communities with local partnerships, community outreach, initiatives and events, and donations.","inLanguage":"es"},"inLanguage":"es"}]}},"featured_image_src":"https:\/\/www.deleurope.com\/wp-content\/uploads\/2023\/11\/1182e35f6411d08bfdcf2001d57de6ab-600x400.jpeg","featured_image_src_square":"https:\/\/www.deleurope.com\/wp-content\/uploads\/2023\/11\/1182e35f6411d08bfdcf2001d57de6ab-600x600.jpeg","_links":{"self":[{"href":"https:\/\/www.deleurope.com\/es\/wp-json\/wp\/v2\/pages\/4032","targetHints":{"allow":["GET"]}}],"collection":[{"href":"https:\/\/www.deleurope.com\/es\/wp-json\/wp\/v2\/pages"}],"about":[{"href":"https:\/\/www.deleurope.com\/es\/wp-json\/wp\/v2\/types\/page"}],"author":[{"embeddable":true,"href":"https:\/\/www.deleurope.com\/es\/wp-json\/wp\/v2\/users\/17"}],"replies":[{"embeddable":true,"href":"https:\/\/www.deleurope.com\/es\/wp-json\/wp\/v2\/comments?post=4032"}],"version-history":[{"count":0,"href":"https:\/\/www.deleurope.com\/es\/wp-json\/wp\/v2\/pages\/4032\/revisions"}],"wp:featuredmedia":[{"embeddable":true,"href":"https:\/\/www.deleurope.com\/es\/wp-json\/wp\/v2\/media\/3914"}],"wp:attachment":[{"href":"https:\/\/www.deleurope.com\/es\/wp-json\/wp\/v2\/media?parent=4032"}],"curies":[{"name":"wp","href":"https:\/\/api.w.org\/{rel}","templated":true}]}}