{"id":4050,"date":"2024-01-23T10:46:03","date_gmt":"2024-01-23T10:46:03","guid":{"rendered":"https:\/\/www.deleurope.com\/los-mejores-hoteles-del-mundo\/"},"modified":"2024-03-18T16:07:29","modified_gmt":"2024-03-18T16:07:29","slug":"the-leading-hotels-of-the-world","status":"publish","type":"page","link":"https:\/\/www.deleurope.com\/es\/the-leading-hotels-of-the-world\/","title":{"rendered":"The Leading Hotels of The World"},"content":{"rendered":"\n<div class=\"wp-block-columns margin-bottom-none is-layout-flex wp-container-core-columns-is-layout-9d6595d7 wp-block-columns-is-layout-flex\">\n<div class=\"wp-block-column two-texts-intro with-cta is-layout-flow wp-block-column-is-layout-flow\">\n<h2 class=\"wp-block-heading has-text-align-center rooms-description-white-box two-texts-bigger header-bigger with-cta has-extra-large-font-size\">CALIDAD EXTRAORDINARIA Y EXPERIENCIAS FUERA DE LO COM\u00daN <\/h2>\n\n\n\n<p class=\"has-text-align-center\">Bienvenido a De L&#8217;Europe Amsterdam, una cautivadora mezcla de lujo y legado. Como miembro distinguido de The Leading Hotels of the World, nuestra Casa del Lujo Original de \u00c1msterdam representa la esencia del refinamiento atemporal, conect\u00e1ndonos con una comunidad global que defiende las identidades \u00fanicas de los hoteles de lujo independientes desde 1928.<\/p>\n\n\n\n<div class=\"wp-block-buttons is-content-justification-center is-layout-flex wp-container-core-buttons-is-layout-16018d1d wp-block-buttons-is-layout-flex\">\n<div class=\"wp-block-button is-style-outline book-now is-style-outline--1\" style=\"text-transform:uppercase\"><a class=\"wp-block-button__link has-central-palette-7-color has-central-palette-1-background-color has-text-color has-background has-text-align-center wp-element-button\" href=\"https:\/\/www.lhw.com\/hotel\/DE-LEUROPE-Amsterdam-Amsterdam-Netherlands?rooms=1&amp;numadult1=2&amp;numchild1=0\" style=\"border-radius:0px\" target=\"_blank\" rel=\"noreferrer noopener\">saber m\u00e1s<\/a><\/div>\n<\/div>\n<\/div>\n<\/div>\n\n<div class=\"wp-block-columns top-border align-left-text text-on-left wrap-2-columns eat-and-drink-cards is-layout-flex wp-container-core-columns-is-layout-9d6595d7 wp-block-columns-is-layout-flex\" id=\"graziella\">\n<div class=\"wp-block-column is-vertically-aligned-center middle-align is-layout-flow wp-block-column-is-layout-flow\" style=\"flex-basis:40%\">\n<div class=\"wp-block-group\"><div class=\"wp-block-group__inner-container is-layout-constrained wp-block-group-is-layout-constrained\">\n<p class=\"has-text-align-center\">The Leading Hotels of the World es una prestigiosa colecci\u00f3n de hoteles y resorts de lujo que ejemplifican un servicio excepcional, una elegancia insuperable y experiencias inolvidables. Seleccionados para viajeros exigentes que buscan el pin\u00e1culo de la hospitalidad, cada propiedad de esta exclusiva cartera encarna una calidad inigualable y un car\u00e1cter distintivo. Enclavados en paisajes urbanos emblem\u00e1ticos, junto a playas v\u00edrgenes o en medio de paisajes impresionantes, estos hoteles reflejan un compromiso con la excelencia. Desde servicios indulgentes hasta un dise\u00f1o impecable, The Leading Hotels of the World promete un viaje superlativo en el que los hu\u00e9spedes podr\u00e1n disfrutar de un lujo sin igual y crear recuerdos que perduren m\u00e1s all\u00e1 de su estancia.<\/p>\n\n\n\n<p class=\"has-text-align-center\"><strong>H\u00c1GASE SOCIO DE LHW<\/strong><\/p>\n\n\n\n<p class=\"has-text-align-center\">H\u00e1gase socio de Leaders Club y descubra un mundo de privilegios exclusivos y \u00fanase a un programa de fidelidad que se extiende por todas las propiedades de Leading Hotels of the World. Nuestro programa gratuito de recompensas hoteleras est\u00e1 dise\u00f1ado para inspirar a los viajeros curiosos como usted a seguir explorando. En este distinguido club, celebramos la individualidad, recompensando a nuestros socios por elegir un camino poco com\u00fan y valorando las experiencias \u00fanicas recogidas a lo largo del camino. \u00danase ahora y eleve su viaje con ventajas incomparables no s\u00f3lo en De L&#8217;Europe Amsterdam, sino en toda la red Leading Hotels of the World.<\/p>\n<\/div><\/div>\n\n\n\n<div class=\"wp-block-buttons is-content-justification-center is-layout-flex wp-container-core-buttons-is-layout-16018d1d wp-block-buttons-is-layout-flex\">\n<div class=\"wp-block-button is-style-outline book-now is-style-outline--2\" style=\"text-transform:uppercase\"><a class=\"wp-block-button__link has-central-palette-7-color has-central-palette-1-background-color has-text-color has-background has-text-align-center wp-element-button\" href=\"https:\/\/www.lhw.com\/leaders-club\/about\" style=\"border-radius:0px\" target=\"_blank\" rel=\"noreferrer noopener\">m\u00e1s informaci\u00f3n sobre el club de l\u00edderes<\/a><\/div>\n<\/div>\n<\/div>\n\n\n\n<div class=\"wp-block-column slider-wrap padding-left-md is-layout-flow wp-block-column-is-layout-flow\" style=\"flex-basis:60%\">\n<figure class=\"wp-block-image size-full\"><img loading=\"lazy\" decoding=\"async\" width=\"1500\" height=\"1000\" src=\"https:\/\/deleurope.com\/wp-content\/uploads\/2024\/01\/LHW-De-LEurope-Amsterdam.jpg\" alt=\"De L'Europe Amsterdam\" class=\"wp-image-1741\" style=\"aspect-ratio:16\/9;object-fit:cover\" srcset=\"https:\/\/www.deleurope.com\/wp-content\/uploads\/2024\/01\/LHW-De-LEurope-Amsterdam.jpg 1500w, https:\/\/www.deleurope.com\/wp-content\/uploads\/2024\/01\/LHW-De-LEurope-Amsterdam-768x512.jpg 768w, https:\/\/www.deleurope.com\/wp-content\/uploads\/2024\/01\/LHW-De-LEurope-Amsterdam-600x400.jpg 600w\" sizes=\"auto, (max-width: 1500px) 100vw, 1500px\" \/><\/figure>\n<\/div>\n<\/div>\n\n<div class=\"wp-block-columns no-border-top with-subheader image_left_text_bg_right wrap-2-columns is-layout-flex wp-container-core-columns-is-layout-9d6595d7 wp-block-columns-is-layout-flex\">\n<div class=\"wp-block-column slider-wrap is-layout-flow wp-block-column-is-layout-flow\" style=\"flex-basis:50%\">\n<figure class=\"wp-block-image size-full\"><img loading=\"lazy\" decoding=\"async\" width=\"2500\" height=\"1703\" src=\"https:\/\/deleurope.com\/wp-content\/uploads\/2024\/02\/De-LEurope-Amsterdam-Lobby-2.jpg\" alt=\"\" class=\"wp-image-2166\" srcset=\"https:\/\/www.deleurope.com\/wp-content\/uploads\/2024\/02\/De-LEurope-Amsterdam-Lobby-2.jpg 2500w, https:\/\/www.deleurope.com\/wp-content\/uploads\/2024\/02\/De-LEurope-Amsterdam-Lobby-2-768x523.jpg 768w, https:\/\/www.deleurope.com\/wp-content\/uploads\/2024\/02\/De-LEurope-Amsterdam-Lobby-2-1536x1046.jpg 1536w, https:\/\/www.deleurope.com\/wp-content\/uploads\/2024\/02\/De-LEurope-Amsterdam-Lobby-2-2048x1395.jpg 2048w\" sizes=\"auto, (max-width: 2500px) 100vw, 2500px\" \/><\/figure>\n<\/div>\n\n\n\n<div class=\"wp-block-column is-vertically-aligned-center middle-align is-layout-flow wp-block-column-is-layout-flow\" style=\"flex-basis:50%\">\n<div class=\"wp-block-columns is-layout-flex wp-container-core-columns-is-layout-9d6595d7 wp-block-columns-is-layout-flex\">\n<div class=\"wp-block-column has-central-palette-4-background-color has-background is-layout-flow wp-block-column-is-layout-flow\">\n<h2 class=\"wp-block-heading has-text-align-center has-extra-large-font-size\">BENEFICIOS<\/h2>\n\n\n\n<p><\/p>\n\n\n\n<ul class=\"wp-block-list\">\n<li>Ascensos de categor\u00eda antes de la llegada <strong>|<\/strong> Emb\u00e1rquese en un viaje de lujo mejorado con los ascensos de categor\u00eda antes de la llegada. Al completar su primera estancia de pago que cumpla los requisitos, desbloquee una mejora previa a la llegada y disfrute de una mejora adicional cada mes de enero durante su afiliaci\u00f3n. Solicite su cambio de categor\u00eda al reservar a trav\u00e9s de los canales adecuados y, si es posible, se lo confirmaremos antes de su llegada.<\/li>\n\n\n\n<li><strong>Puntos Leaders Club |<\/strong> Recomp\u00e9nsese por buscar destinos extraordinarios y experiencias aut\u00e9nticas. Gane 1 punto por cada 1 USD gastado en estancias que cumplan los requisitos, acumulable para noches gratuitas dentro de nuestra distinguida colecci\u00f3n. Con canjes a partir de aproximadamente 4.000 puntos, su pr\u00f3xima noche de cortes\u00eda est\u00e1 a la vuelta de la esquina.<\/li>\n\n\n\n<li>Ventajas en la propiedad <strong>|<\/strong> Disfrute de una bienvenida m\u00e1s c\u00e1lida en cada destino con las ventajas en la propiedad. Disfrute de ascensos de categor\u00eda prioritarios a su llegada, desayuno continental diario para dos personas, consideraciones para entradas anticipadas y salidas tard\u00edas.<\/li>\n\n\n\n<li><strong>Ahorros s\u00f3lo para socios | <\/strong>Descubra los privilegios exclusivos reservados \u00fanicamente a los socios de Leaders Club, incluidas las rebajas de temporada y el acceso a las tarifas m\u00e1s bajas disponibles. Adem\u00e1s, disfrute de oportunidades especiales para conocer nuestros hoteles m\u00e1s nuevos y acceder a extras exclusivos para socios, que enriquecer\u00e1n su experiencia de viaje con un valor a\u00f1adido. Emb\u00e1rquese en un viaje en el que se celebra y recompensa su pasi\u00f3n por los viajes. \u00danase ahora a Leaders Club para disfrutar de estas excepcionales ventajas no s\u00f3lo en De L&#8217;Europe Amsterdam, sino en toda la red Leading Hotels of the World.<\/li>\n<\/ul>\n\n\n\n<div class=\"wp-block-buttons is-content-justification-center is-layout-flex wp-container-core-buttons-is-layout-16018d1d wp-block-buttons-is-layout-flex\">\n<div class=\"wp-block-button is-style-outline not-italic is-style-outline--3\" style=\"text-transform:uppercase\"><a class=\"wp-block-button__link wp-element-button\" href=\"https:\/\/www.lhw.com\/account\/membership-signup\" style=\"border-radius:0px\" target=\"_blank\" rel=\"noreferrer noopener\">\u00danete al club de l\u00edderes<\/a><\/div>\n<\/div>\n<\/div>\n<\/div>\n<\/div>\n<\/div>\n\n<div class=\"wp-block-columns special-request is-layout-flex wp-container-core-columns-is-layout-9d6595d7 wp-block-columns-is-layout-flex\">\n<div class=\"wp-block-column has-central-palette-11-background-color has-background is-layout-flow wp-block-column-is-layout-flow\">\n<h2 class=\"wp-block-heading has-text-align-center has-extra-large-font-size\">Petici\u00f3n especial<\/h2>\n\n\n\n<p class=\"has-text-align-center\">Estaremos encantados de atender su petici\u00f3n especial. Su comodidad es nuestra prioridad, y esperamos poder garantizarle una experiencia agradable.<\/p>\n\n\n\n<div class=\"wp-block-buttons is-content-justification-center is-layout-flex wp-container-core-buttons-is-layout-16018d1d wp-block-buttons-is-layout-flex\">\n<div class=\"wp-block-button is-style-outline not-italic is-style-outline--4\" style=\"text-transform:uppercase\"><a class=\"wp-block-button__link wp-element-button\" href=\"mailto:reservations@deleurope.com\" style=\"border-radius:0px\">CONSULTE<\/a><\/div>\n<\/div>\n<\/div>\n<\/div>\n\n<div class=\"wp-block-columns faq-section has-central-palette-9-background-color has-background is-layout-flex wp-container-core-columns-is-layout-9d6595d7 wp-block-columns-is-layout-flex\">\n<div class=\"wp-block-column is-layout-flow wp-block-column-is-layout-flow\">\n<div class=\"wp-block-columns is-layout-flex wp-container-core-columns-is-layout-9d6595d7 wp-block-columns-is-layout-flex\">\n<div class=\"wp-block-column is-layout-flow wp-block-column-is-layout-flow\" style=\"flex-basis:24%\">\n<h2 class=\"wp-block-heading has-text-align-center has-extra-large-font-size\">F.A.Q<\/h2>\n\n\n\n<ul class=\"tab-faq-menu wp-block-list\">\n<li class=\"active-li\" style=\"text-transform:uppercase\">CLUB DE L\u00cdDERES<\/li>\n<\/ul>\n<\/div>\n\n\n\n<div class=\"wp-block-column is-layout-flow wp-block-column-is-layout-flow\" style=\"flex-basis:76%\">\n<div class=\"schema-faq wp-block-yoast-faq-block\"><div class=\"schema-faq-section\" id=\"faq-question-1697826231715\"><strong class=\"schema-faq-question\">\u00bfQu\u00e9 es el Club de Dirigentes?  <\/strong> <p class=\"schema-faq-answer\">Leaders Club es el programa de afiliaci\u00f3n gratuita para hu\u00e9spedes de los m\u00e1s de 400 hoteles excepcionales que componen The Leading Hotels of the World. Como socio de Leaders Club, recibir\u00e1 ventajas especiales, ofertas y ahorros cuando reserve a trav\u00e9s de <a href=\"https:\/\/www.lhw.com\/customer-care\">LHW.com, un Centro de Reservas y Servicios de LHW Worldwide<\/a>, los sitios web de <a href=\"https:\/\/www.lhw.com\/leaders-club\/hotel-direct\">determinados Hoteles Miembros<\/a> o su agencia de viajes local. M\u00e1s informaci\u00f3n <a href=\"https:\/\/www.lhw.com\/leaders-club\/faqs\">sobre Leaders Club<\/a>.<\/p> <\/div> <div class=\"schema-faq-section\" id=\"faq-question-1697827306389\"><strong class=\"schema-faq-question\">\u00bfC\u00f3mo me uno a Leaders Club?<\/strong> <p class=\"schema-faq-answer\">Para afiliarse a Leaders Club, visite la p\u00e1gina de <a href=\"https:\/\/www.lhw.com\/account\/membership-signup\">inscripci\u00f3n<\/a> o llame a un <a href=\"https:\/\/www.lhw.com\/leaders-club\/hotel-direct\">centro de reservas y servicio<\/a> de LHW Worldwide. Tambi\u00e9n puede afiliarse a Leaders Club visitando los sitios web de <a href=\"https:\/\/www.lhw.com\/leaders-club\/hotel-direct\">los hoteles miembros seleccionados<\/a>.<\/p> <\/div> <\/div>\n\n\n\n<div class=\"schema-faq wp-block-yoast-faq-block\"><div class=\"schema-faq-section\" id=\"faq-question-1706200967255\"><strong class=\"schema-faq-question\"><\/strong> <p class=\"schema-faq-answer\"><\/p> <\/div> <\/div>\n<\/div>\n<\/div>\n<\/div>\n<\/div>\n","protected":false},"excerpt":{"rendered":"<p>CALIDAD EXTRAORDINARIA Y EXPERIENCIAS FUERA DE LO COM\u00daN Bienvenido a De L&#8217;Europe Amsterdam, una cautivadora mezcla de lujo y legado. Como miembro distinguido de The Leading Hotels of the World, nuestra Casa del Lujo Original de \u00c1msterdam representa la esencia del refinamiento atemporal, conect\u00e1ndonos con una comunidad global que defiende las identidades \u00fanicas de los [&hellip;]<\/p>\n","protected":false},"author":17,"featured_media":4052,"parent":0,"menu_order":3,"comment_status":"closed","ping_status":"closed","template":"","meta":{"_acf_changed":false,"footnotes":""},"class_list":["post-4050","page","type-page","status-publish","has-post-thumbnail","hentry"],"acf":[],"yoast_head":"<!-- This site is optimized with the Yoast SEO plugin v27.3 - https:\/\/yoast.com\/product\/yoast-seo-wordpress\/ -->\n<title>The Leading Hotels of The World - De L&#039;Europe Amsterdam<\/title>\n<meta name=\"robots\" content=\"index, follow, max-snippet:-1, max-image-preview:large, max-video-preview:-1\" \/>\n<link rel=\"canonical\" href=\"https:\/\/www.deleurope.com\/es\/the-leading-hotels-of-the-world\/\" \/>\n<meta property=\"og:locale\" content=\"es_ES\" \/>\n<meta property=\"og:type\" content=\"article\" \/>\n<meta property=\"og:title\" content=\"The Leading Hotels of The World - De L&#039;Europe Amsterdam\" \/>\n<meta property=\"og:description\" content=\"CALIDAD EXTRAORDINARIA Y EXPERIENCIAS FUERA DE LO COM\u00daN Bienvenido a De L&#8217;Europe Amsterdam, una cautivadora mezcla de lujo y legado. Como miembro distinguido de The Leading Hotels of the World, nuestra Casa del Lujo Original de \u00c1msterdam representa la esencia del refinamiento atemporal, conect\u00e1ndonos con una comunidad global que defiende las identidades \u00fanicas de los [&hellip;]\" \/>\n<meta property=\"og:url\" content=\"https:\/\/www.deleurope.com\/es\/the-leading-hotels-of-the-world\/\" \/>\n<meta property=\"og:site_name\" content=\"De L&#039;Europe Amsterdam\" \/>\n<meta property=\"article:modified_time\" content=\"2024-03-18T16:07:29+00:00\" \/>\n<meta property=\"og:image\" content=\"https:\/\/www.deleurope.com\/wp-content\/uploads\/2024\/01\/DELEUROPE_Lowres_City-10.jpg\" \/>\n\t<meta property=\"og:image:width\" content=\"1680\" \/>\n\t<meta property=\"og:image:height\" content=\"727\" \/>\n\t<meta property=\"og:image:type\" content=\"image\/jpeg\" \/>\n<meta name=\"twitter:card\" content=\"summary_large_image\" \/>\n<meta name=\"twitter:label1\" content=\"Tiempo de lectura\" \/>\n\t<meta name=\"twitter:data1\" content=\"4 minutos\" \/>\n<script type=\"application\/ld+json\" class=\"yoast-schema-graph\">{\"@context\":\"https:\\\/\\\/schema.org\",\"@graph\":[{\"@type\":[\"WebPage\",\"FAQPage\"],\"@id\":\"https:\\\/\\\/www.deleurope.com\\\/es\\\/the-leading-hotels-of-the-world\\\/\",\"url\":\"https:\\\/\\\/www.deleurope.com\\\/es\\\/the-leading-hotels-of-the-world\\\/\",\"name\":\"The Leading Hotels of The World - De L&#039;Europe Amsterdam\",\"isPartOf\":{\"@id\":\"https:\\\/\\\/www.deleurope.com\\\/es\\\/#website\"},\"primaryImageOfPage\":{\"@id\":\"https:\\\/\\\/www.deleurope.com\\\/es\\\/the-leading-hotels-of-the-world\\\/#primaryimage\"},\"image\":{\"@id\":\"https:\\\/\\\/www.deleurope.com\\\/es\\\/the-leading-hotels-of-the-world\\\/#primaryimage\"},\"thumbnailUrl\":\"https:\\\/\\\/www.deleurope.com\\\/wp-content\\\/uploads\\\/2024\\\/01\\\/DELEUROPE_Lowres_City-10.jpg\",\"datePublished\":\"2024-01-23T10:46:03+00:00\",\"dateModified\":\"2024-03-18T16:07:29+00:00\",\"breadcrumb\":{\"@id\":\"https:\\\/\\\/www.deleurope.com\\\/es\\\/the-leading-hotels-of-the-world\\\/#breadcrumb\"},\"mainEntity\":[{\"@id\":\"https:\\\/\\\/www.deleurope.com\\\/es\\\/the-leading-hotels-of-the-world\\\/#faq-question-1697826231715\"},{\"@id\":\"https:\\\/\\\/www.deleurope.com\\\/es\\\/the-leading-hotels-of-the-world\\\/#faq-question-1697827306389\"}],\"inLanguage\":\"es\",\"potentialAction\":[{\"@type\":\"ReadAction\",\"target\":[\"https:\\\/\\\/www.deleurope.com\\\/es\\\/the-leading-hotels-of-the-world\\\/\"]}]},{\"@type\":\"ImageObject\",\"inLanguage\":\"es\",\"@id\":\"https:\\\/\\\/www.deleurope.com\\\/es\\\/the-leading-hotels-of-the-world\\\/#primaryimage\",\"url\":\"https:\\\/\\\/www.deleurope.com\\\/wp-content\\\/uploads\\\/2024\\\/01\\\/DELEUROPE_Lowres_City-10.jpg\",\"contentUrl\":\"https:\\\/\\\/www.deleurope.com\\\/wp-content\\\/uploads\\\/2024\\\/01\\\/DELEUROPE_Lowres_City-10.jpg\",\"width\":1680,\"height\":727},{\"@type\":\"BreadcrumbList\",\"@id\":\"https:\\\/\\\/www.deleurope.com\\\/es\\\/the-leading-hotels-of-the-world\\\/#breadcrumb\",\"itemListElement\":[{\"@type\":\"ListItem\",\"position\":1,\"name\":\"Home\",\"item\":\"https:\\\/\\\/www.deleurope.com\\\/es\\\/\"},{\"@type\":\"ListItem\",\"position\":2,\"name\":\"The Leading Hotels of The World\"}]},{\"@type\":\"WebSite\",\"@id\":\"https:\\\/\\\/www.deleurope.com\\\/es\\\/#website\",\"url\":\"https:\\\/\\\/www.deleurope.com\\\/es\\\/\",\"name\":\"De L&#039;Europe Amsterdam\",\"description\":\"Home of original Amsterdam luxury.\",\"potentialAction\":[{\"@type\":\"SearchAction\",\"target\":{\"@type\":\"EntryPoint\",\"urlTemplate\":\"https:\\\/\\\/www.deleurope.com\\\/es\\\/?s={search_term_string}\"},\"query-input\":{\"@type\":\"PropertyValueSpecification\",\"valueRequired\":true,\"valueName\":\"search_term_string\"}}],\"inLanguage\":\"es\"},{\"@type\":\"Question\",\"@id\":\"https:\\\/\\\/www.deleurope.com\\\/es\\\/the-leading-hotels-of-the-world\\\/#faq-question-1697826231715\",\"position\":1,\"url\":\"https:\\\/\\\/www.deleurope.com\\\/es\\\/the-leading-hotels-of-the-world\\\/#faq-question-1697826231715\",\"name\":\"What is Leaders Club?\",\"answerCount\":1,\"acceptedAnswer\":{\"@type\":\"Answer\",\"text\":\"Leaders Club is the complimentary guest membership program of the more than 400 remarkably uncommon hotels that comprise The Leading Hotels of the World. As a Leaders Club member, you\u2019ll receive special benefits, offers, and savings when you book through\u202f <a href=\\\"https:\\\/\\\/www.lhw.com\\\/customer-care\\\">LHW.com, an\u202fLHW Worldwide Reservations and Service Center<\\\/a>, websites for <a href=\\\"https:\\\/\\\/www.lhw.com\\\/leaders-club\\\/hotel-direct\\\">select Member Hotels<\\\/a>, or your local travel agent. Learn more <a href=\\\"https:\\\/\\\/www.lhw.com\\\/leaders-club\\\/faqs\\\">About Leaders Club<\\\/a>.\",\"inLanguage\":\"es\"},\"inLanguage\":\"es\"},{\"@type\":\"Question\",\"@id\":\"https:\\\/\\\/www.deleurope.com\\\/es\\\/the-leading-hotels-of-the-world\\\/#faq-question-1697827306389\",\"position\":2,\"url\":\"https:\\\/\\\/www.deleurope.com\\\/es\\\/the-leading-hotels-of-the-world\\\/#faq-question-1697827306389\",\"name\":\"How do I join Leaders Club?\",\"answerCount\":1,\"acceptedAnswer\":{\"@type\":\"Answer\",\"text\":\"To join Leaders Club, visit <a href=\\\"https:\\\/\\\/www.lhw.com\\\/account\\\/membership-signup\\\">membership sign-up<\\\/a> or call an LHW Worldwide <a href=\\\"https:\\\/\\\/www.lhw.com\\\/leaders-club\\\/hotel-direct\\\">Reservations and Service Center<\\\/a>. You can also join Leaders Club by visiting websites for <a href=\\\"https:\\\/\\\/www.lhw.com\\\/leaders-club\\\/hotel-direct\\\">select Member Hotels<\\\/a>.\",\"inLanguage\":\"es\"},\"inLanguage\":\"es\"}]}<\/script>\n<!-- \/ Yoast SEO plugin. -->","yoast_head_json":{"title":"The Leading Hotels of The World - De L&#039;Europe Amsterdam","robots":{"index":"index","follow":"follow","max-snippet":"max-snippet:-1","max-image-preview":"max-image-preview:large","max-video-preview":"max-video-preview:-1"},"canonical":"https:\/\/www.deleurope.com\/es\/the-leading-hotels-of-the-world\/","og_locale":"es_ES","og_type":"article","og_title":"The Leading Hotels of The World - De L&#039;Europe Amsterdam","og_description":"CALIDAD EXTRAORDINARIA Y EXPERIENCIAS FUERA DE LO COM\u00daN Bienvenido a De L&#8217;Europe Amsterdam, una cautivadora mezcla de lujo y legado. Como miembro distinguido de The Leading Hotels of the World, nuestra Casa del Lujo Original de \u00c1msterdam representa la esencia del refinamiento atemporal, conect\u00e1ndonos con una comunidad global que defiende las identidades \u00fanicas de los [&hellip;]","og_url":"https:\/\/www.deleurope.com\/es\/the-leading-hotels-of-the-world\/","og_site_name":"De L&#039;Europe Amsterdam","article_modified_time":"2024-03-18T16:07:29+00:00","og_image":[{"width":1680,"height":727,"url":"https:\/\/www.deleurope.com\/wp-content\/uploads\/2024\/01\/DELEUROPE_Lowres_City-10.jpg","type":"image\/jpeg"}],"twitter_card":"summary_large_image","twitter_misc":{"Tiempo de lectura":"4 minutos"},"schema":{"@context":"https:\/\/schema.org","@graph":[{"@type":["WebPage","FAQPage"],"@id":"https:\/\/www.deleurope.com\/es\/the-leading-hotels-of-the-world\/","url":"https:\/\/www.deleurope.com\/es\/the-leading-hotels-of-the-world\/","name":"The Leading Hotels of The World - De L&#039;Europe Amsterdam","isPartOf":{"@id":"https:\/\/www.deleurope.com\/es\/#website"},"primaryImageOfPage":{"@id":"https:\/\/www.deleurope.com\/es\/the-leading-hotels-of-the-world\/#primaryimage"},"image":{"@id":"https:\/\/www.deleurope.com\/es\/the-leading-hotels-of-the-world\/#primaryimage"},"thumbnailUrl":"https:\/\/www.deleurope.com\/wp-content\/uploads\/2024\/01\/DELEUROPE_Lowres_City-10.jpg","datePublished":"2024-01-23T10:46:03+00:00","dateModified":"2024-03-18T16:07:29+00:00","breadcrumb":{"@id":"https:\/\/www.deleurope.com\/es\/the-leading-hotels-of-the-world\/#breadcrumb"},"mainEntity":[{"@id":"https:\/\/www.deleurope.com\/es\/the-leading-hotels-of-the-world\/#faq-question-1697826231715"},{"@id":"https:\/\/www.deleurope.com\/es\/the-leading-hotels-of-the-world\/#faq-question-1697827306389"}],"inLanguage":"es","potentialAction":[{"@type":"ReadAction","target":["https:\/\/www.deleurope.com\/es\/the-leading-hotels-of-the-world\/"]}]},{"@type":"ImageObject","inLanguage":"es","@id":"https:\/\/www.deleurope.com\/es\/the-leading-hotels-of-the-world\/#primaryimage","url":"https:\/\/www.deleurope.com\/wp-content\/uploads\/2024\/01\/DELEUROPE_Lowres_City-10.jpg","contentUrl":"https:\/\/www.deleurope.com\/wp-content\/uploads\/2024\/01\/DELEUROPE_Lowres_City-10.jpg","width":1680,"height":727},{"@type":"BreadcrumbList","@id":"https:\/\/www.deleurope.com\/es\/the-leading-hotels-of-the-world\/#breadcrumb","itemListElement":[{"@type":"ListItem","position":1,"name":"Home","item":"https:\/\/www.deleurope.com\/es\/"},{"@type":"ListItem","position":2,"name":"The Leading Hotels of The World"}]},{"@type":"WebSite","@id":"https:\/\/www.deleurope.com\/es\/#website","url":"https:\/\/www.deleurope.com\/es\/","name":"De L&#039;Europe Amsterdam","description":"Home of original Amsterdam luxury.","potentialAction":[{"@type":"SearchAction","target":{"@type":"EntryPoint","urlTemplate":"https:\/\/www.deleurope.com\/es\/?s={search_term_string}"},"query-input":{"@type":"PropertyValueSpecification","valueRequired":true,"valueName":"search_term_string"}}],"inLanguage":"es"},{"@type":"Question","@id":"https:\/\/www.deleurope.com\/es\/the-leading-hotels-of-the-world\/#faq-question-1697826231715","position":1,"url":"https:\/\/www.deleurope.com\/es\/the-leading-hotels-of-the-world\/#faq-question-1697826231715","name":"What is Leaders Club?","answerCount":1,"acceptedAnswer":{"@type":"Answer","text":"Leaders Club is the complimentary guest membership program of the more than 400 remarkably uncommon hotels that comprise The Leading Hotels of the World. As a Leaders Club member, you\u2019ll receive special benefits, offers, and savings when you book through\u202f <a href=\"https:\/\/www.lhw.com\/customer-care\">LHW.com, an\u202fLHW Worldwide Reservations and Service Center<\/a>, websites for <a href=\"https:\/\/www.lhw.com\/leaders-club\/hotel-direct\">select Member Hotels<\/a>, or your local travel agent. Learn more <a href=\"https:\/\/www.lhw.com\/leaders-club\/faqs\">About Leaders Club<\/a>.","inLanguage":"es"},"inLanguage":"es"},{"@type":"Question","@id":"https:\/\/www.deleurope.com\/es\/the-leading-hotels-of-the-world\/#faq-question-1697827306389","position":2,"url":"https:\/\/www.deleurope.com\/es\/the-leading-hotels-of-the-world\/#faq-question-1697827306389","name":"How do I join Leaders Club?","answerCount":1,"acceptedAnswer":{"@type":"Answer","text":"To join Leaders Club, visit <a href=\"https:\/\/www.lhw.com\/account\/membership-signup\">membership sign-up<\/a> or call an LHW Worldwide <a href=\"https:\/\/www.lhw.com\/leaders-club\/hotel-direct\">Reservations and Service Center<\/a>. You can also join Leaders Club by visiting websites for <a href=\"https:\/\/www.lhw.com\/leaders-club\/hotel-direct\">select Member Hotels<\/a>.","inLanguage":"es"},"inLanguage":"es"}]}},"featured_image_src":"https:\/\/www.deleurope.com\/wp-content\/uploads\/2024\/01\/DELEUROPE_Lowres_City-10-600x400.jpg","featured_image_src_square":"https:\/\/www.deleurope.com\/wp-content\/uploads\/2024\/01\/DELEUROPE_Lowres_City-10-600x600.jpg","_links":{"self":[{"href":"https:\/\/www.deleurope.com\/es\/wp-json\/wp\/v2\/pages\/4050","targetHints":{"allow":["GET"]}}],"collection":[{"href":"https:\/\/www.deleurope.com\/es\/wp-json\/wp\/v2\/pages"}],"about":[{"href":"https:\/\/www.deleurope.com\/es\/wp-json\/wp\/v2\/types\/page"}],"author":[{"embeddable":true,"href":"https:\/\/www.deleurope.com\/es\/wp-json\/wp\/v2\/users\/17"}],"replies":[{"embeddable":true,"href":"https:\/\/www.deleurope.com\/es\/wp-json\/wp\/v2\/comments?post=4050"}],"version-history":[{"count":0,"href":"https:\/\/www.deleurope.com\/es\/wp-json\/wp\/v2\/pages\/4050\/revisions"}],"wp:featuredmedia":[{"embeddable":true,"href":"https:\/\/www.deleurope.com\/es\/wp-json\/wp\/v2\/media\/4052"}],"wp:attachment":[{"href":"https:\/\/www.deleurope.com\/es\/wp-json\/wp\/v2\/media?parent=4050"}],"curies":[{"name":"wp","href":"https:\/\/api.w.org\/{rel}","templated":true}]}}