{"id":11215,"date":"2025-12-11T15:36:06","date_gmt":"2025-12-11T15:36:06","guid":{"rendered":"https:\/\/www.deleurope.com\/wellness\/biologique-recherche-amsterdam\/"},"modified":"2025-12-29T09:15:51","modified_gmt":"2025-12-29T09:15:51","slug":"biologique-recherche-amsterdam","status":"publish","type":"page","link":"https:\/\/www.deleurope.com\/fr\/wellness\/biologique-recherche-amsterdam\/","title":{"rendered":"BIOLOGIQUE RECHERCHE AMSTERDAM"},"content":{"rendered":"\n<div class=\"wp-block-columns is-layout-flex wp-container-core-columns-is-layout-9d6595d7 wp-block-columns-is-layout-flex\">\n<div class=\"wp-block-column description-and-button is-layout-flow wp-block-column-is-layout-flow\">\n<p class=\"has-text-align-center rooms-description-white-box has-large-font-size\">D\u00e9couvrez une approche raffin\u00e9e du <strong>bien-\u00eatre, de la beaut\u00e9 et de la relaxation<\/strong> \u00e0 De L&rsquo;Europe Amsterdam. Nos exp\u00e9riences Mind &amp; Body sont bas\u00e9es sur l&rsquo;artisanat, la pr\u00e9cision et les r\u00e9sultats, offrant certains des meilleurs traitements de spa \u00e0 Amsterdam. Au c\u0153ur de notre philosophie se trouve notre collaboration avec <strong>Biologique Recherche<\/strong>, la c\u00e9l\u00e8bre maison parisienne de soins de la peau r\u00e9put\u00e9e pour sa m\u00e9thodologie clinique, ses formulations de haute performance et ses traitements enti\u00e8rement personnalis\u00e9s au c\u0153ur d&rsquo;Amsterdam.  <br\/><br\/>Monday to Sunday | 11h00 &#8211; 19h00<\/p>\n<\/div>\n<\/div>\n\n<div class=\"wp-block-columns text-on-left wrap-2-columns eat-and-drink-cards top-border is-layout-flex wp-container-core-columns-is-layout-9d6595d7 wp-block-columns-is-layout-flex\" id=\"graziella\">\n<div class=\"wp-block-column is-vertically-aligned-center middle-align is-layout-flow wp-block-column-is-layout-flow\" style=\"flex-basis:50%\">\n<h2 class=\"wp-block-heading has-text-align-center has-extra-large-font-size\" style=\"text-transform:capitalize\">Biologique Recherche Amsterdam<\/h2>\n\n\n\n<p class=\"has-text-align-center\"><strong>SOINS DU VISAGE HAUTE PERFORMANCE<\/strong><\/p>\n\n\n\n<div class=\"wp-block-group\"><div class=\"wp-block-group__inner-container is-layout-constrained wp-block-group-is-layout-constrained\">\n<p class=\"has-text-align-center\">Nous sommes fiers d&rsquo;apporter <strong>Biologique Recherche<\/strong> \u00e0 Amsterdam &#8211; une philosophie de soins de la peau d\u00e9finie par la pr\u00e9cision scientifique, des ingr\u00e9dients botaniques et biotechnologiques puissants, et des protocoles de traitement sur mesure. Enracin\u00e9 dans plus de 45 ans de recherche, chaque rituel est adapt\u00e9 \u00e0 votre <strong>Skin Instant\u00ae<\/strong> individuel, offrant des r\u00e9sultats visibles et une transformation durable de la peau. <\/p>\n\n\n\n<p class=\"has-text-align-center\">Des soins du visage cibl\u00e9s aux rituels de lifting avanc\u00e9s, Biologique Recherche propose l&rsquo;une des offres de soins du visage les plus efficaces et les plus luxueuses d&rsquo;Amsterdam.<\/p>\n\n\n\n<div class=\"wp-block-buttons is-horizontal is-content-justification-center is-layout-flex wp-container-core-buttons-is-layout-499968f5 wp-block-buttons-is-layout-flex\">\n<div class=\"wp-block-button is-style-outline is-style-outline--1\"><a class=\"wp-block-button__link has-central-palette-1-color has-text-color has-text-align-center wp-element-button\" href=\"https:\/\/online.flippingbook.com\/view\/320293294\/3\/\" style=\"border-radius:0px;text-transform:uppercase\" target=\"_blank\" rel=\"noreferrer noopener\">MENU TRAITEMENT<\/a><\/div>\n<\/div>\n<\/div><\/div>\n<\/div>\n\n\n\n<div class=\"wp-block-column slider-wrap padding-left-md is-layout-flow wp-block-column-is-layout-flow\" style=\"flex-basis:50%\">\n<figure class=\"wp-block-image size-full\"><img loading=\"lazy\" decoding=\"async\" width=\"2049\" height=\"2560\" src=\"https:\/\/www.deleurope.com\/wp-content\/uploads\/2025\/12\/9-scaled.jpg\" alt=\"\" class=\"wp-image-11321\" style=\"aspect-ratio:4\/3;object-fit:cover\" srcset=\"https:\/\/www.deleurope.com\/wp-content\/uploads\/2025\/12\/9-scaled.jpg 2049w, https:\/\/www.deleurope.com\/wp-content\/uploads\/2025\/12\/9-768x960.jpg 768w, https:\/\/www.deleurope.com\/wp-content\/uploads\/2025\/12\/9-1229x1536.jpg 1229w, https:\/\/www.deleurope.com\/wp-content\/uploads\/2025\/12\/9-1639x2048.jpg 1639w\" sizes=\"auto, (max-width: 2049px) 100vw, 2049px\" \/><\/figure>\n<\/div>\n<\/div>\n\n<div class=\"wp-block-columns no-border-top with-subheader image_left_text_bg_right wrap-2-columns is-layout-flex wp-container-core-columns-is-layout-9d6595d7 wp-block-columns-is-layout-flex\">\n<div class=\"wp-block-column slider-wrap is-layout-flow wp-block-column-is-layout-flow\" style=\"flex-basis:50%\">\n<figure class=\"wp-block-image size-full\"><img loading=\"lazy\" decoding=\"async\" width=\"2048\" height=\"2560\" src=\"https:\/\/www.deleurope.com\/wp-content\/uploads\/2025\/12\/11-scaled.jpg\" alt=\"\" class=\"wp-image-11326\" srcset=\"https:\/\/www.deleurope.com\/wp-content\/uploads\/2025\/12\/11-scaled.jpg 2048w, https:\/\/www.deleurope.com\/wp-content\/uploads\/2025\/12\/11-768x960.jpg 768w, https:\/\/www.deleurope.com\/wp-content\/uploads\/2025\/12\/11-1229x1536.jpg 1229w, https:\/\/www.deleurope.com\/wp-content\/uploads\/2025\/12\/11-1638x2048.jpg 1638w\" sizes=\"auto, (max-width: 2048px) 100vw, 2048px\" \/><\/figure>\n<\/div>\n\n\n\n<div class=\"wp-block-column is-vertically-aligned-center middle-align is-layout-flow wp-block-column-is-layout-flow\" style=\"flex-basis:50%\">\n<div class=\"wp-block-columns is-layout-flex wp-container-core-columns-is-layout-9d6595d7 wp-block-columns-is-layout-flex\">\n<div class=\"wp-block-column has-central-palette-4-background-color has-background is-layout-flow wp-block-column-is-layout-flow\">\n<h2 class=\"wp-block-heading has-text-align-center has-extra-large-font-size\">TRAITEMENTS<\/h2>\n\n\n\n<h4 class=\"wp-block-heading has-text-align-center\">Notre menu propose une s\u00e9lection de traitements, disponibles en s\u00e9ances de 60, 90 et 120 minutes,<\/h4>\n\n\n\n<ul class=\"wp-block-list\">\n<li><strong>SOIN RESTRUCTURANT ET<\/strong> LISSANT<br\/>Un traitement restructurant et lissant qui am\u00e9liore l&rsquo;\u00e9lasticit\u00e9, affine la texture et restaure les contours naturels. Id\u00e9al pour les peaux qui ont besoin de tonus, de lift et d&rsquo;une vitalit\u00e9 renouvel\u00e9e. <\/li>\n\n\n\n<li>SOIN <strong>MC110<\/strong><br\/>Con\u00e7u pour att\u00e9nuer l&rsquo;apparence des rides et des ridules, ce traitement revitalise les Skin Instants\u00ae ternes. Le visage, le cou et le d\u00e9collet\u00e9 paraissent plus d\u00e9finis, plus toniques et plus lumineux. <\/li>\n\n\n\n<li><strong>SOIN LIFT C.V.S.<\/strong><br\/>Un rituel exfoliant et raffermissant qui utilise une technique manuelle sp\u00e9cialis\u00e9e de lifting. Parfait pour les Skin Instants\u00ae plus \u00e9pais ou fatigu\u00e9s qui recherchent un regain de fermet\u00e9 et une apparence lift\u00e9e et plus jeune. <\/li>\n\n\n\n<li><strong>SOIN SECONDE PEAU<br\/><\/strong>Ce soin r\u00e9g\u00e9n\u00e9rant et liftant se compose d&rsquo;un masque \u00e9lectrospongieux contenant 80% d&rsquo;acide hyaluronique de qualit\u00e9 pharmaceutique. Il est con\u00e7u pour les Skin Instants\u00ae modifi\u00e9s et offre des r\u00e9sultats exceptionnels en mati\u00e8re de repulpage, de lissage et de revitalisation <\/li>\n<\/ul>\n\n\n\n<div class=\"wp-block-buttons is-content-justification-center is-layout-flex wp-container-core-buttons-is-layout-16018d1d wp-block-buttons-is-layout-flex\">\n<div class=\"wp-block-button is-style-outline is-style-outline--2\"><a class=\"wp-block-button__link wp-element-button\" href=\"#request\" style=\"border-radius:0px;text-transform:uppercase\">Demande de traitement<\/a><\/div>\n<\/div>\n<\/div>\n<\/div>\n<\/div>\n<\/div>\n\n<div class=\"wp-block-columns text-on-left wrap-2-columns eat-and-drink-cards is-layout-flex wp-container-core-columns-is-layout-9d6595d7 wp-block-columns-is-layout-flex\" id=\"graziella\">\n<div class=\"wp-block-column is-vertically-aligned-center middle-align is-layout-flow wp-block-column-is-layout-flow\" style=\"flex-basis:50%\">\n<h2 class=\"wp-block-heading has-text-align-center has-extra-large-font-size\" style=\"text-transform:capitalize\">Biologique Recherche M\u00e9thodologie<\/h2>\n\n\n\n<div class=\"wp-block-group\"><div class=\"wp-block-group__inner-container is-layout-constrained wp-block-group-is-layout-constrained\">\n<p class=\"has-text-align-center\">Chaque <strong>soin Biologique Recherche<\/strong> suit une m\u00e9thodologie en trois \u00e9tapes qui assure pr\u00e9cision, performance et transformation profonde de la peau.<\/p>\n\n\n\n<p class=\"has-text-align-center\"><strong>\u00c9VALUATION<\/strong><br\/>Un diagnostic personnalis\u00e9 \u00e0 l&rsquo;aide de Skin Instant\u00ae Lab, VisioLab\u00ae, et une consultation d\u00e9taill\u00e9e. Ce bilan d\u00e9finit votre Skin Instant\u00ae et d\u00e9termine le traitement et les produits appropri\u00e9s. <\/p>\n\n\n\n<p class=\"has-text-align-center\"><strong>PR\u00c9PARATION<\/strong><br\/>La peau est nettoy\u00e9e en profondeur et affin\u00e9e \u00e0 l&rsquo;aide de la Lotion P50 de Biologique Recherche, d&rsquo;un massage du visage et d&rsquo;un masque purifiant &#8211; garantissant ainsi des conditions optimales pour que les ingr\u00e9dients actifs agissent efficacement.<\/p>\n\n\n\n<p class=\"has-text-align-center\"><strong>TRAITEMENT<\/strong><br\/>Des s\u00e9rums, des cr\u00e8mes et des formules de finition \u00e0 haute concentration sont appliqu\u00e9s \u00e0 l&rsquo;aide de techniques manuelles pr\u00e9cises qui stimulent la r\u00e9g\u00e9n\u00e9ration, sculptent les contours et am\u00e9liorent l&rsquo;\u00e9lasticit\u00e9 pour un teint revitalis\u00e9 et radieux.<\/p>\n\n\n\n<div class=\"wp-block-buttons is-horizontal is-content-justification-center is-layout-flex wp-container-core-buttons-is-layout-499968f5 wp-block-buttons-is-layout-flex\">\n<div class=\"wp-block-button is-style-outline is-style-outline--3\"><a class=\"wp-block-button__link has-central-palette-1-color has-text-color has-text-align-center wp-element-button\" href=\"#request\" style=\"border-radius:0px;text-transform:uppercase\">DEMANDER UN TRAITEMENT<\/a><\/div>\n<\/div>\n<\/div><\/div>\n<\/div>\n\n\n\n<div class=\"wp-block-column slider-wrap padding-left-md is-layout-flow wp-block-column-is-layout-flow\" style=\"flex-basis:50%\">\n<figure class=\"wp-block-image size-full\"><img loading=\"lazy\" decoding=\"async\" width=\"2048\" height=\"2560\" src=\"https:\/\/www.deleurope.com\/wp-content\/uploads\/2025\/12\/4-scaled.jpg\" alt=\"\" class=\"wp-image-11316\" style=\"aspect-ratio:4\/3;object-fit:cover\" srcset=\"https:\/\/www.deleurope.com\/wp-content\/uploads\/2025\/12\/4-scaled.jpg 2048w, https:\/\/www.deleurope.com\/wp-content\/uploads\/2025\/12\/4-768x960.jpg 768w, https:\/\/www.deleurope.com\/wp-content\/uploads\/2025\/12\/4-1229x1536.jpg 1229w, https:\/\/www.deleurope.com\/wp-content\/uploads\/2025\/12\/4-1638x2048.jpg 1638w\" sizes=\"auto, (max-width: 2048px) 100vw, 2048px\" \/><\/figure>\n<\/div>\n<\/div>\n\n<div class=\"wp-block-columns text-on-left wrap-2-columns eat-and-drink-cards is-layout-flex wp-container-core-columns-is-layout-9d6595d7 wp-block-columns-is-layout-flex\" id=\"graziella\">\n<div class=\"wp-block-column is-vertically-aligned-center middle-align is-layout-flow wp-block-column-is-layout-flow\" style=\"flex-basis:50%\">\n<h2 class=\"wp-block-heading has-text-align-center has-extra-large-font-size\" style=\"text-transform:capitalize\">Une exp\u00e9rience compl\u00e8te de bien-\u00eatre<\/h2>\n\n\n\n<div class=\"wp-block-group\"><div class=\"wp-block-group__inner-container is-layout-constrained wp-block-group-is-layout-constrained\">\n<p class=\"has-text-align-center\">Les clients sont invit\u00e9s \u00e0 poursuivre leur voyage de bien-\u00eatre dans notre spa serein et nos espaces de relaxation. Profitez des installations de bien-\u00eatre apaisantes, de la piscine int\u00e9rieure chauff\u00e9e et des saunas apaisants &#8211; l&rsquo;environnement id\u00e9al pour se d\u00e9tendre, se ressourcer et compl\u00e9ter votre rituel de traitement. <\/p>\n\n\n\n<p class=\"has-text-align-center\">Pour ceux qui souhaitent profiter de nos installations sans r\u00e9server une nuit\u00e9e, des <strong>cartes journali\u00e8res<\/strong> sont disponibles. Cela permet aux clients de l&rsquo;h\u00f4tel et aux visiteurs ext\u00e9rieurs d&rsquo;exp\u00e9rimenter l&rsquo;une des exp\u00e9riences de carte journali\u00e8re de bien-\u00eatre les plus \u00e9lev\u00e9es d&rsquo;Amsterdam, avec acc\u00e8s \u00e0 notre piscine, \u00e0 nos saunas et \u00e0 nos espaces de relaxation tranquilles. <\/p>\n<\/div><\/div>\n<\/div>\n\n\n\n<div class=\"wp-block-column slider-wrap padding-left-md is-layout-flow wp-block-column-is-layout-flow\" style=\"flex-basis:50%\">\n<figure class=\"wp-block-image size-large\"><img loading=\"lazy\" decoding=\"async\" width=\"800\" height=\"600\" src=\"https:\/\/www.deleurope.com\/wp-content\/uploads\/2024\/01\/Mind-Body-1-800x600.jpg\" alt=\"Spa &amp;amp; Wellness De L'Europe\" class=\"wp-image-1952\" style=\"aspect-ratio:4\/3;object-fit:cover\" srcset=\"https:\/\/www.deleurope.com\/wp-content\/uploads\/2024\/01\/Mind-Body-1-800x600.jpg 800w, https:\/\/www.deleurope.com\/wp-content\/uploads\/2024\/01\/Mind-Body-1-400x300.jpg 400w\" sizes=\"auto, (max-width: 800px) 100vw, 800px\" \/><\/figure>\n<\/div>\n<\/div>\n\n<div class=\"wp-block-columns special-request contact-form is-layout-flex wp-container-core-columns-is-layout-9d6595d7 wp-block-columns-is-layout-flex\" id=\"enquire\">\n<div class=\"wp-block-column has-central-palette-11-background-color has-background is-layout-flow wp-block-column-is-layout-flow\">\n<h2 class=\"wp-block-heading has-text-align-center has-extra-large-font-size\" id=\"request\">Demande de traitement<\/h2>\n\n\n\n<p class=\"has-text-align-center\">Nous sommes ravis de r\u00e9pondre \u00e0 votre demande. N&rsquo;h\u00e9sitez pas \u00e0 nous demander de vous aider \u00e0 effectuer votre r\u00e9servation, et nous nous r\u00e9jouissons de vous faire vivre une exp\u00e9rience agr\u00e9able.<\/p>\n\n\n\n<div class=\"wp-block-contact-form-7-contact-form-selector\"><p class=\"wpcf7-contact-form-not-found\"><strong>Erreur\u00a0:<\/strong> Formulaire de contact non trouv\u00e9\u00a0!<\/p><\/div>\n<\/div>\n<\/div>\n","protected":false},"excerpt":{"rendered":"<p>D\u00e9couvrez une approche raffin\u00e9e du bien-\u00eatre, de la beaut\u00e9 et de la relaxation \u00e0 De L&rsquo;Europe Amsterdam. Nos exp\u00e9riences Mind &amp; Body sont bas\u00e9es sur l&rsquo;artisanat, la pr\u00e9cision et les r\u00e9sultats, offrant certains des meilleurs traitements de spa \u00e0 Amsterdam. Au c\u0153ur de notre philosophie se trouve notre collaboration avec Biologique Recherche, la c\u00e9l\u00e8bre maison [&hellip;]<\/p>\n","protected":false},"author":17,"featured_media":10807,"parent":3146,"menu_order":0,"comment_status":"closed","ping_status":"closed","template":"","meta":{"_acf_changed":false,"footnotes":""},"class_list":["post-11215","page","type-page","status-publish","has-post-thumbnail","hentry"],"acf":[],"yoast_head":"<!-- This site is optimized with the Yoast SEO plugin v27.3 - https:\/\/yoast.com\/product\/yoast-seo-wordpress\/ -->\n<title>Biologique Recherche Facial Treatments | De L&#039;Europe Amsterdam<\/title>\n<meta name=\"description\" content=\"D\u00e9couvrez les soins du visage Biologique Recherche \u00e0 De L&#039;Europe Amsterdam. D\u00e9couvrez des soins et des traitements de luxe. En savoir plus.\" \/>\n<meta name=\"robots\" content=\"index, follow, max-snippet:-1, max-image-preview:large, max-video-preview:-1\" \/>\n<link rel=\"canonical\" href=\"https:\/\/www.deleurope.com\/fr\/wellness\/biologique-recherche-amsterdam\/\" \/>\n<meta property=\"og:locale\" content=\"fr_FR\" \/>\n<meta property=\"og:type\" content=\"article\" \/>\n<meta property=\"og:title\" content=\"Biologique Recherche Facial Treatments | De L&#039;Europe Amsterdam\" \/>\n<meta property=\"og:description\" content=\"D\u00e9couvrez les soins du visage Biologique Recherche \u00e0 De L&#039;Europe Amsterdam. D\u00e9couvrez des soins et des traitements de luxe. En savoir plus.\" \/>\n<meta property=\"og:url\" content=\"https:\/\/www.deleurope.com\/fr\/wellness\/biologique-recherche-amsterdam\/\" \/>\n<meta property=\"og:site_name\" content=\"De L&#039;Europe Amsterdam\" \/>\n<meta property=\"article:modified_time\" content=\"2025-12-29T09:15:51+00:00\" \/>\n<meta property=\"og:image\" content=\"https:\/\/www.deleurope.com\/wp-content\/uploads\/2025\/11\/De-LEurope-Amsterdam-Biologique-Recherche-2-3-1.png\" \/>\n\t<meta property=\"og:image:width\" content=\"700\" \/>\n\t<meta property=\"og:image:height\" content=\"500\" \/>\n\t<meta property=\"og:image:type\" content=\"image\/png\" \/>\n<meta name=\"twitter:card\" content=\"summary_large_image\" \/>\n<meta name=\"twitter:label1\" content=\"Dur\u00e9e de lecture estim\u00e9e\" \/>\n\t<meta name=\"twitter:data1\" content=\"4 minutes\" \/>\n<script type=\"application\/ld+json\" class=\"yoast-schema-graph\">{\"@context\":\"https:\\\/\\\/schema.org\",\"@graph\":[{\"@type\":\"WebPage\",\"@id\":\"https:\\\/\\\/www.deleurope.com\\\/fr\\\/wellness\\\/biologique-recherche-amsterdam\\\/\",\"url\":\"https:\\\/\\\/www.deleurope.com\\\/fr\\\/wellness\\\/biologique-recherche-amsterdam\\\/\",\"name\":\"Biologique Recherche Facial Treatments | De L'Europe Amsterdam\",\"isPartOf\":{\"@id\":\"https:\\\/\\\/www.deleurope.com\\\/fr\\\/#website\"},\"primaryImageOfPage\":{\"@id\":\"https:\\\/\\\/www.deleurope.com\\\/fr\\\/wellness\\\/biologique-recherche-amsterdam\\\/#primaryimage\"},\"image\":{\"@id\":\"https:\\\/\\\/www.deleurope.com\\\/fr\\\/wellness\\\/biologique-recherche-amsterdam\\\/#primaryimage\"},\"thumbnailUrl\":\"https:\\\/\\\/www.deleurope.com\\\/wp-content\\\/uploads\\\/2025\\\/11\\\/De-LEurope-Amsterdam-Biologique-Recherche-2-3-1.png\",\"datePublished\":\"2025-12-11T15:36:06+00:00\",\"dateModified\":\"2025-12-29T09:15:51+00:00\",\"description\":\"D\u00e9couvrez les soins du visage Biologique Recherche \u00e0 De L'Europe Amsterdam. D\u00e9couvrez des soins et des traitements de luxe. En savoir plus.\",\"breadcrumb\":{\"@id\":\"https:\\\/\\\/www.deleurope.com\\\/fr\\\/wellness\\\/biologique-recherche-amsterdam\\\/#breadcrumb\"},\"inLanguage\":\"fr-FR\",\"potentialAction\":[{\"@type\":\"ReadAction\",\"target\":[\"https:\\\/\\\/www.deleurope.com\\\/fr\\\/wellness\\\/biologique-recherche-amsterdam\\\/\"]}]},{\"@type\":\"ImageObject\",\"inLanguage\":\"fr-FR\",\"@id\":\"https:\\\/\\\/www.deleurope.com\\\/fr\\\/wellness\\\/biologique-recherche-amsterdam\\\/#primaryimage\",\"url\":\"https:\\\/\\\/www.deleurope.com\\\/wp-content\\\/uploads\\\/2025\\\/11\\\/De-LEurope-Amsterdam-Biologique-Recherche-2-3-1.png\",\"contentUrl\":\"https:\\\/\\\/www.deleurope.com\\\/wp-content\\\/uploads\\\/2025\\\/11\\\/De-LEurope-Amsterdam-Biologique-Recherche-2-3-1.png\",\"width\":700,\"height\":500,\"caption\":\"De L'Europe Amsterdam - Biologique Recherche - Treatment\"},{\"@type\":\"BreadcrumbList\",\"@id\":\"https:\\\/\\\/www.deleurope.com\\\/fr\\\/wellness\\\/biologique-recherche-amsterdam\\\/#breadcrumb\",\"itemListElement\":[{\"@type\":\"ListItem\",\"position\":1,\"name\":\"Home\",\"item\":\"https:\\\/\\\/www.deleurope.com\\\/fr\\\/\"},{\"@type\":\"ListItem\",\"position\":2,\"name\":\"ESPRIT ET CORPS\",\"item\":\"https:\\\/\\\/www.deleurope.com\\\/fr\\\/wellness\\\/\"},{\"@type\":\"ListItem\",\"position\":3,\"name\":\"BIOLOGIQUE RECHERCHE AMSTERDAM\"}]},{\"@type\":\"WebSite\",\"@id\":\"https:\\\/\\\/www.deleurope.com\\\/fr\\\/#website\",\"url\":\"https:\\\/\\\/www.deleurope.com\\\/fr\\\/\",\"name\":\"De L&#039;Europe Amsterdam\",\"description\":\"Home of original Amsterdam luxury.\",\"potentialAction\":[{\"@type\":\"SearchAction\",\"target\":{\"@type\":\"EntryPoint\",\"urlTemplate\":\"https:\\\/\\\/www.deleurope.com\\\/fr\\\/?s={search_term_string}\"},\"query-input\":{\"@type\":\"PropertyValueSpecification\",\"valueRequired\":true,\"valueName\":\"search_term_string\"}}],\"inLanguage\":\"fr-FR\"}]}<\/script>\n<!-- \/ Yoast SEO plugin. -->","yoast_head_json":{"title":"Biologique Recherche Facial Treatments | De L'Europe Amsterdam","description":"D\u00e9couvrez les soins du visage Biologique Recherche \u00e0 De L'Europe Amsterdam. D\u00e9couvrez des soins et des traitements de luxe. En savoir plus.","robots":{"index":"index","follow":"follow","max-snippet":"max-snippet:-1","max-image-preview":"max-image-preview:large","max-video-preview":"max-video-preview:-1"},"canonical":"https:\/\/www.deleurope.com\/fr\/wellness\/biologique-recherche-amsterdam\/","og_locale":"fr_FR","og_type":"article","og_title":"Biologique Recherche Facial Treatments | De L'Europe Amsterdam","og_description":"D\u00e9couvrez les soins du visage Biologique Recherche \u00e0 De L'Europe Amsterdam. D\u00e9couvrez des soins et des traitements de luxe. En savoir plus.","og_url":"https:\/\/www.deleurope.com\/fr\/wellness\/biologique-recherche-amsterdam\/","og_site_name":"De L&#039;Europe Amsterdam","article_modified_time":"2025-12-29T09:15:51+00:00","og_image":[{"width":700,"height":500,"url":"https:\/\/www.deleurope.com\/wp-content\/uploads\/2025\/11\/De-LEurope-Amsterdam-Biologique-Recherche-2-3-1.png","type":"image\/png"}],"twitter_card":"summary_large_image","twitter_misc":{"Dur\u00e9e de lecture estim\u00e9e":"4 minutes"},"schema":{"@context":"https:\/\/schema.org","@graph":[{"@type":"WebPage","@id":"https:\/\/www.deleurope.com\/fr\/wellness\/biologique-recherche-amsterdam\/","url":"https:\/\/www.deleurope.com\/fr\/wellness\/biologique-recherche-amsterdam\/","name":"Biologique Recherche Facial Treatments | De L'Europe Amsterdam","isPartOf":{"@id":"https:\/\/www.deleurope.com\/fr\/#website"},"primaryImageOfPage":{"@id":"https:\/\/www.deleurope.com\/fr\/wellness\/biologique-recherche-amsterdam\/#primaryimage"},"image":{"@id":"https:\/\/www.deleurope.com\/fr\/wellness\/biologique-recherche-amsterdam\/#primaryimage"},"thumbnailUrl":"https:\/\/www.deleurope.com\/wp-content\/uploads\/2025\/11\/De-LEurope-Amsterdam-Biologique-Recherche-2-3-1.png","datePublished":"2025-12-11T15:36:06+00:00","dateModified":"2025-12-29T09:15:51+00:00","description":"D\u00e9couvrez les soins du visage Biologique Recherche \u00e0 De L'Europe Amsterdam. D\u00e9couvrez des soins et des traitements de luxe. En savoir plus.","breadcrumb":{"@id":"https:\/\/www.deleurope.com\/fr\/wellness\/biologique-recherche-amsterdam\/#breadcrumb"},"inLanguage":"fr-FR","potentialAction":[{"@type":"ReadAction","target":["https:\/\/www.deleurope.com\/fr\/wellness\/biologique-recherche-amsterdam\/"]}]},{"@type":"ImageObject","inLanguage":"fr-FR","@id":"https:\/\/www.deleurope.com\/fr\/wellness\/biologique-recherche-amsterdam\/#primaryimage","url":"https:\/\/www.deleurope.com\/wp-content\/uploads\/2025\/11\/De-LEurope-Amsterdam-Biologique-Recherche-2-3-1.png","contentUrl":"https:\/\/www.deleurope.com\/wp-content\/uploads\/2025\/11\/De-LEurope-Amsterdam-Biologique-Recherche-2-3-1.png","width":700,"height":500,"caption":"De L'Europe Amsterdam - Biologique Recherche - Treatment"},{"@type":"BreadcrumbList","@id":"https:\/\/www.deleurope.com\/fr\/wellness\/biologique-recherche-amsterdam\/#breadcrumb","itemListElement":[{"@type":"ListItem","position":1,"name":"Home","item":"https:\/\/www.deleurope.com\/fr\/"},{"@type":"ListItem","position":2,"name":"ESPRIT ET CORPS","item":"https:\/\/www.deleurope.com\/fr\/wellness\/"},{"@type":"ListItem","position":3,"name":"BIOLOGIQUE RECHERCHE AMSTERDAM"}]},{"@type":"WebSite","@id":"https:\/\/www.deleurope.com\/fr\/#website","url":"https:\/\/www.deleurope.com\/fr\/","name":"De L&#039;Europe Amsterdam","description":"Home of original Amsterdam luxury.","potentialAction":[{"@type":"SearchAction","target":{"@type":"EntryPoint","urlTemplate":"https:\/\/www.deleurope.com\/fr\/?s={search_term_string}"},"query-input":{"@type":"PropertyValueSpecification","valueRequired":true,"valueName":"search_term_string"}}],"inLanguage":"fr-FR"}]}},"featured_image_src":"https:\/\/www.deleurope.com\/wp-content\/uploads\/2025\/11\/De-LEurope-Amsterdam-Biologique-Recherche-2-3-1-600x400.png","featured_image_src_square":"https:\/\/www.deleurope.com\/wp-content\/uploads\/2025\/11\/De-LEurope-Amsterdam-Biologique-Recherche-2-3-1-600x500.png","_links":{"self":[{"href":"https:\/\/www.deleurope.com\/fr\/wp-json\/wp\/v2\/pages\/11215","targetHints":{"allow":["GET"]}}],"collection":[{"href":"https:\/\/www.deleurope.com\/fr\/wp-json\/wp\/v2\/pages"}],"about":[{"href":"https:\/\/www.deleurope.com\/fr\/wp-json\/wp\/v2\/types\/page"}],"author":[{"embeddable":true,"href":"https:\/\/www.deleurope.com\/fr\/wp-json\/wp\/v2\/users\/17"}],"replies":[{"embeddable":true,"href":"https:\/\/www.deleurope.com\/fr\/wp-json\/wp\/v2\/comments?post=11215"}],"version-history":[{"count":0,"href":"https:\/\/www.deleurope.com\/fr\/wp-json\/wp\/v2\/pages\/11215\/revisions"}],"up":[{"embeddable":true,"href":"https:\/\/www.deleurope.com\/fr\/wp-json\/wp\/v2\/pages\/3146"}],"wp:featuredmedia":[{"embeddable":true,"href":"https:\/\/www.deleurope.com\/fr\/wp-json\/wp\/v2\/media\/10807"}],"wp:attachment":[{"href":"https:\/\/www.deleurope.com\/fr\/wp-json\/wp\/v2\/media?parent=11215"}],"curies":[{"name":"wp","href":"https:\/\/api.w.org\/{rel}","templated":true}]}}