{"id":12137,"date":"2026-01-13T13:10:46","date_gmt":"2026-01-13T13:10:46","guid":{"rendered":"https:\/\/www.deleurope.com\/experiences-et-offres-uniques\/offres-de-groupe\/"},"modified":"2026-01-28T14:28:17","modified_gmt":"2026-01-28T14:28:17","slug":"offres-de-groupe","status":"publish","type":"page","link":"https:\/\/www.deleurope.com\/fr\/experiences-et-offres-uniques\/offres-de-groupe\/","title":{"rendered":"Offres de groupe"},"content":{"rendered":"\n<p class=\"has-text-align-center rooms-description-white-box has-large-font-size\">D\u00e9couvrez une destination exceptionnelle pour les s\u00e9jours de groupe de luxe \u00e0 Amsterdam \u00e0 l&rsquo;h\u00f4tel De L&rsquo;Europe Amsterdam. En tant que maison du luxe original d&rsquo;Amsterdam depuis 1896, c&rsquo;est le choix id\u00e9al pour les groupes d&rsquo;entreprises, les voyages de motivation et les rassemblements de loisirs exclusifs \u00e0 la recherche d&rsquo;intimit\u00e9, de prestige et de sophistication intemporelle. <\/p>\n\n<p class=\"has-text-align-center rooms-description-white-box has-large-font-size\"><strong>Offre de groupe<\/strong><br\/>B\u00e9n\u00e9ficiez d&rsquo;un minimum de 25 % de r\u00e9duction sur les tarifs de groupe lorsque vous r\u00e9servez 9 chambres ou plus.<\/p>\n\n<div class=\"wp-block-buttons is-content-justification-center is-layout-flex wp-container-core-buttons-is-layout-16018d1d wp-block-buttons-is-layout-flex\">\n<div class=\"wp-block-button is-style-outline book-now is-style-outline--1\"><a class=\"wp-block-button__link has-central-palette-7-color has-central-palette-1-background-color has-text-color has-background has-text-align-center wp-element-button\" href=\"#request\" style=\"border-radius:0px;text-transform:uppercase\">DEMANDE D&rsquo;OFFRE<\/a><\/div>\n<\/div>\n\n<div style=\"color:#ddd\" class=\"wp-block-genesis-blocks-gb-spacer gb-block-spacer gb-divider-solid gb-divider-size-1\"><hr style=\"height:29px\"><\/div>\n\n<div class=\"wp-block-columns with-subheader image_left_text_bg_right wrap-2-columns is-layout-flex wp-container-core-columns-is-layout-9d6595d7 wp-block-columns-is-layout-flex\">\n<div class=\"wp-block-column slider-wrap is-layout-flow wp-block-column-is-layout-flow\" style=\"flex-basis:50%\">\n<figure class=\"wp-block-image size-full\"><img loading=\"lazy\" decoding=\"async\" width=\"1680\" height=\"897\" src=\"https:\/\/www.deleurope.com\/wp-content\/uploads\/2024\/02\/De-LEurope-Exterior.webp\" alt=\"\" class=\"wp-image-2674\" style=\"aspect-ratio:4\/3;object-fit:cover\" srcset=\"https:\/\/www.deleurope.com\/wp-content\/uploads\/2024\/02\/De-LEurope-Exterior.webp 1680w, https:\/\/www.deleurope.com\/wp-content\/uploads\/2024\/02\/De-LEurope-Exterior-768x410.webp 768w, https:\/\/www.deleurope.com\/wp-content\/uploads\/2024\/02\/De-LEurope-Exterior-1536x820.webp 1536w\" sizes=\"auto, (max-width: 1680px) 100vw, 1680px\" \/><\/figure>\n<\/div>\n\n\n\n<div class=\"wp-block-column is-vertically-aligned-center middle-align is-layout-flow wp-block-column-is-layout-flow\" style=\"flex-basis:50%\">\n<div class=\"wp-block-columns is-layout-flex wp-container-core-columns-is-layout-9d6595d7 wp-block-columns-is-layout-flex\">\n<div class=\"wp-block-column has-central-palette-4-background-color has-background is-layout-flow wp-block-column-is-layout-flow\">\n<h2 class=\"wp-block-heading has-text-align-center has-extra-large-font-size\">OFFRES DE GROUPE<\/h2>\n\n\n\n<p><\/p>\n\n\n\n<ul class=\"wp-block-list\">\n<li>Minimum de 25% de r\u00e9duction sur les tarifs de groupe \u00e0 partir de 9 chambres<\/li>\n\n\n\n<li>1 surclassement gratuit pour 10 chambres r\u00e9serv\u00e9es<\/li>\n\n\n\n<li>1 chambre gratuite pour 20 chambres r\u00e9serv\u00e9es<\/li>\n<\/ul>\n\n\n\n<div class=\"wp-block-buttons is-horizontal is-content-justification-center is-layout-flex wp-container-core-buttons-is-layout-499968f5 wp-block-buttons-is-layout-flex\">\n<div class=\"wp-block-button is-style-outline is-style-outline--2\"><a class=\"wp-block-button__link has-central-palette-1-color has-text-color has-text-align-center wp-element-button\" href=\"#request\" style=\"border-radius:0px;text-transform:uppercase\">Demande<\/a><\/div>\n<\/div>\n<\/div>\n<\/div>\n<\/div>\n<\/div>\n\n<div class=\"wp-block-columns text-on-left wrap-2-columns eat-and-drink-cards is-layout-flex wp-container-core-columns-is-layout-9d6595d7 wp-block-columns-is-layout-flex\" id=\"graziella\">\n<div class=\"wp-block-column is-vertically-aligned-center middle-align is-layout-flow wp-block-column-is-layout-flow\" style=\"flex-basis:50%\">\n<h2 class=\"wp-block-heading has-text-align-center has-extra-large-font-size\" style=\"text-transform:capitalize\">\u00c9v\u00e9nements priv\u00e9s<\/h2>\n\n\n\n<div class=\"wp-block-group\"><div class=\"wp-block-group__inner-container is-layout-constrained wp-block-group-is-layout-constrained\">\n<p class=\"has-text-align-center\">\u00c0 l&rsquo;h\u00f4tel De L&rsquo;Europe Amsterdam, les s\u00e9jours de groupe peuvent \u00eatre combin\u00e9s en toute transparence avec des \u00e9v\u00e9nements et des r\u00e9unions priv\u00e9s raffin\u00e9s. L&rsquo;h\u00f4tel propose une collection exclusive d&rsquo;espaces \u00e9v\u00e9nementiels \u00e9l\u00e9gants donnant sur la rivi\u00e8re Amstel, id\u00e9ale pour les r\u00e9unions d&rsquo;entreprise, les d\u00eeners priv\u00e9s et les c\u00e9l\u00e9brations de groupe. <\/p>\n\n\n\n<p class=\"has-text-align-center\">Qu&rsquo;il s&rsquo;agisse de r\u00e9unions de direction, de r\u00e9ceptions de motivation ou de programmes de groupe de plusieurs jours, les \u00e9v\u00e9nements b\u00e9n\u00e9ficient d&rsquo;une organisation sur mesure, d&rsquo;une restauration soign\u00e9e et d&rsquo;un service discret.  <\/p>\n\n\n\n<p class=\"has-text-align-center\">Qu&rsquo;il s&rsquo;agisse d&rsquo;une session strat\u00e9gique, d&rsquo;une r\u00e9ception de bienvenue ou d&rsquo;un d\u00eener de cl\u00f4ture, chaque \u00e9v\u00e9nement est con\u00e7u pour s&rsquo;aligner sans effort sur le s\u00e9jour de votre groupe, cr\u00e9ant ainsi une exp\u00e9rience coh\u00e9rente et \u00e9lev\u00e9e au c\u0153ur d&rsquo;Amsterdam.<\/p>\n\n\n\n<div class=\"wp-block-buttons is-horizontal is-content-justification-center is-layout-flex wp-container-core-buttons-is-layout-499968f5 wp-block-buttons-is-layout-flex\">\n<div class=\"wp-block-button is-style-outline is-style-outline--3\"><a class=\"wp-block-button__link has-central-palette-1-color has-text-color has-text-align-center wp-element-button\" href=\"https:\/\/www.deleurope.com\/fr\/evenements\/\" style=\"border-radius:0px;text-transform:uppercase\" target=\"_blank\" rel=\"noreferrer noopener\">D\u00c9COUVREZ LES ESPACES \u00c9V\u00c9NEMENTIELS<\/a><\/div>\n<\/div>\n<\/div><\/div>\n<\/div>\n\n\n\n<div class=\"wp-block-column slider-wrap padding-left-md is-layout-flow wp-block-column-is-layout-flow\" style=\"flex-basis:50%\">\n<figure class=\"wp-block-image size-full\"><img loading=\"lazy\" decoding=\"async\" width=\"1500\" height=\"1943\" src=\"https:\/\/www.deleurope.com\/wp-content\/uploads\/2024\/05\/gloobles-4-1.jpg\" alt=\"Chambre &#xE0; coucher de la Gloobles Suite au De L'Europe Amsterdam, avec une literie confortable et un d&#xE9;cor moderne.\" class=\"wp-image-4478\" style=\"aspect-ratio:4\/3;object-fit:cover\" srcset=\"https:\/\/www.deleurope.com\/wp-content\/uploads\/2024\/05\/gloobles-4-1.jpg 1500w, https:\/\/www.deleurope.com\/wp-content\/uploads\/2024\/05\/gloobles-4-1-768x995.jpg 768w, https:\/\/www.deleurope.com\/wp-content\/uploads\/2024\/05\/gloobles-4-1-1186x1536.jpg 1186w\" sizes=\"auto, (max-width: 1500px) 100vw, 1500px\" \/><\/figure>\n<\/div>\n<\/div>\n\n<div class=\"wp-block-columns columns_slider_text wrap-2-columns eat-and-drink-cards is-layout-flex wp-container-core-columns-is-layout-9d6595d7 wp-block-columns-is-layout-flex\" id=\"flore\">\n<div class=\"wp-block-column slider-wrap is-layout-flow wp-block-column-is-layout-flow\" style=\"flex-basis:50%\">\n<figure class=\"wp-block-image size-full\"><img loading=\"lazy\" decoding=\"async\" width=\"700\" height=\"500\" src=\"https:\/\/www.deleurope.com\/wp-content\/uploads\/2025\/10\/Meeting-Events-Culinary-Packages-De-LEurope-Amsterdam.png\" alt=\"\" class=\"wp-image-10410\" style=\"aspect-ratio:4\/3;object-fit:cover\"\/><\/figure>\n<\/div>\n\n\n\n<div class=\"wp-block-column is-vertically-aligned-center middle-align is-layout-flow wp-block-column-is-layout-flow\" style=\"flex-basis:50%\">\n<h2 class=\"wp-block-heading has-text-align-center has-extra-large-font-size\" style=\"text-transform:capitalize\">Offre culinaire<\/h2>\n\n\n\n<div class=\"wp-block-group\"><div class=\"wp-block-group__inner-container is-layout-constrained wp-block-group-is-layout-constrained\">\n<p class=\"has-text-align-center\">Les s\u00e9jours de groupe peuvent \u00eatre rehauss\u00e9s par des offres culinaires exceptionnelles, y compris des restaurants reconnus par le guide Michelin et des salles \u00e0 manger priv\u00e9es raffin\u00e9es. Qu&rsquo;il s&rsquo;agisse de petits d\u00e9jeuners de groupe, de d\u00e9jeuners d&rsquo;affaires ou de d\u00eeners de f\u00eate, les menus et les d\u00e9cors peuvent \u00eatre personnalis\u00e9s en fonction de l&rsquo;occasion. <\/p>\n\n\n\n<p class=\"has-text-align-center\">Ces exp\u00e9riences gastronomiques cr\u00e9ent des moments m\u00e9morables tout en conservant la sophistication attendue de l&rsquo;un des h\u00f4tels les plus prestigieux d&rsquo;Amsterdam.<\/p>\n<\/div><\/div>\n<\/div>\n<\/div>\n\n<div class=\"wp-block-columns special-request contact-form is-layout-flex wp-container-core-columns-is-layout-9d6595d7 wp-block-columns-is-layout-flex\" id=\"enquire\">\n<div class=\"wp-block-column has-central-palette-11-background-color has-background is-layout-flow wp-block-column-is-layout-flow\">\n<h2 class=\"wp-block-heading has-text-align-center has-extra-large-font-size\" id=\"request\">Plus d&rsquo;informations<\/h2>\n\n\n\n<p class=\"has-text-align-center\">Permettez-nous de vous aider \u00e0 planifier votre s\u00e9jour, en \u00e9laborant chaque d\u00e9tail avec le soin, l&rsquo;\u00e9l\u00e9gance et l&rsquo;attention personnalis\u00e9e qui d\u00e9finissent la maison de l&rsquo;Original Amsterdam Luxury. Faites-nous part de vos pr\u00e9f\u00e9rences et notre \u00e9quipe vous concoctera une exp\u00e9rience sur mesure, adapt\u00e9e \u00e0 votre s\u00e9jour \u00e0 Amsterdam. <\/p>\n\n\n\n<div class=\"wp-block-contact-form-7-contact-form-selector\"><p class=\"wpcf7-contact-form-not-found\"><strong>Erreur\u00a0:<\/strong> Formulaire de contact non trouv\u00e9\u00a0!<\/p><\/div>\n<\/div>\n<\/div>\n\n<div class=\"wp-block-columns special-request no-margins-mobile is-layout-flex wp-container-core-columns-is-layout-9d6595d7 wp-block-columns-is-layout-flex\" id=\"special\">\n<div class=\"wp-block-column has-central-palette-11-background-color has-background is-layout-flow wp-block-column-is-layout-flow\">\n<h2 class=\"wp-block-heading has-text-align-center has-extra-large-font-size\">CONDITIONS G\u00c9N\u00c9RALES<\/h2>\n\n\n\n<ul class=\"wp-block-list\">\n<li>Les offres ne sont pas cumulables avec d&rsquo;autres promotions, r\u00e9ductions ou programmes de fid\u00e9lit\u00e9, sauf indication contraire explicite.<\/li>\n\n\n\n<li>Les r\u00e9servations doivent \u00eatre faites \u00e0 l&rsquo;avance et sont soumises \u00e0 la disponibilit\u00e9 au moment de la r\u00e9servation.<\/li>\n\n\n\n<li>Cette offre est valable du 1er janvier au 31 d\u00e9cembre 2026.<\/li>\n\n\n\n<li>Les taux sont soumis \u00e0 commission<\/li>\n\n\n\n<li>Les promotions ne s&rsquo;appliquent qu&rsquo;aux nouveaux \u00e9v\u00e9nements et aux demandes de renseignements.  <\/li>\n\n\n\n<li>De L&rsquo;Europe Amsterdam se r\u00e9serve le droit de modifier ou de retirer cette offre \u00e0 tout moment et sans pr\u00e9avis.<\/li>\n<\/ul>\n<\/div>\n<\/div>\n","protected":false},"excerpt":{"rendered":"<p>D\u00e9couvrez une destination exceptionnelle pour les s\u00e9jours de groupe de luxe \u00e0 Amsterdam \u00e0 l&rsquo;h\u00f4tel De L&rsquo;Europe Amsterdam. En tant que maison du luxe original d&rsquo;Amsterdam depuis 1896, c&rsquo;est le choix id\u00e9al pour les groupes d&rsquo;entreprises, les voyages de motivation et les rassemblements de loisirs exclusifs \u00e0 la recherche d&rsquo;intimit\u00e9, de prestige et de sophistication [&hellip;]<\/p>\n","protected":false},"author":17,"featured_media":3030,"parent":3148,"menu_order":0,"comment_status":"closed","ping_status":"closed","template":"","meta":{"_acf_changed":false,"footnotes":""},"class_list":["post-12137","page","type-page","status-publish","has-post-thumbnail","hentry"],"acf":[],"yoast_head":"<!-- This site is optimized with the Yoast SEO plugin v27.3 - https:\/\/yoast.com\/product\/yoast-seo-wordpress\/ -->\n<title>Offres de groupe | De L&#039;Europe Amsterdam<\/title>\n<meta name=\"description\" content=\"D\u00e9couvrez les offres pour les groupes, avec des restaurants exceptionnels, des espaces \u00e9v\u00e9nementiels priv\u00e9s et des installations de bien-\u00eatre, parfaits pour les r\u00e9unions et les c\u00e9l\u00e9brations.\" \/>\n<meta name=\"robots\" content=\"index, follow, max-snippet:-1, max-image-preview:large, max-video-preview:-1\" \/>\n<link rel=\"canonical\" href=\"https:\/\/www.deleurope.com\/fr\/experiences-et-offres-uniques\/offres-de-groupe\/\" \/>\n<meta property=\"og:locale\" content=\"fr_FR\" \/>\n<meta property=\"og:type\" content=\"article\" \/>\n<meta property=\"og:title\" content=\"Offres de groupe | De L&#039;Europe Amsterdam\" \/>\n<meta property=\"og:description\" content=\"D\u00e9couvrez les offres pour les groupes, avec des restaurants exceptionnels, des espaces \u00e9v\u00e9nementiels priv\u00e9s et des installations de bien-\u00eatre, parfaits pour les r\u00e9unions et les c\u00e9l\u00e9brations.\" \/>\n<meta property=\"og:url\" content=\"https:\/\/www.deleurope.com\/fr\/experiences-et-offres-uniques\/offres-de-groupe\/\" \/>\n<meta property=\"og:site_name\" content=\"De L&#039;Europe Amsterdam\" \/>\n<meta property=\"article:modified_time\" content=\"2026-01-28T14:28:17+00:00\" \/>\n<meta property=\"og:image\" content=\"https:\/\/www.deleurope.com\/wp-content\/uploads\/2023\/07\/CITY-3-1030x736-1.jpeg\" \/>\n\t<meta property=\"og:image:width\" content=\"1030\" \/>\n\t<meta property=\"og:image:height\" content=\"736\" \/>\n\t<meta property=\"og:image:type\" content=\"image\/jpeg\" \/>\n<meta name=\"twitter:card\" content=\"summary_large_image\" \/>\n<meta name=\"twitter:label1\" content=\"Dur\u00e9e de lecture estim\u00e9e\" \/>\n\t<meta name=\"twitter:data1\" content=\"3 minutes\" \/>\n<script type=\"application\/ld+json\" class=\"yoast-schema-graph\">{\"@context\":\"https:\\\/\\\/schema.org\",\"@graph\":[{\"@type\":\"WebPage\",\"@id\":\"https:\\\/\\\/www.deleurope.com\\\/fr\\\/experiences-et-offres-uniques\\\/offres-de-groupe\\\/\",\"url\":\"https:\\\/\\\/www.deleurope.com\\\/fr\\\/experiences-et-offres-uniques\\\/offres-de-groupe\\\/\",\"name\":\"Offres de groupe | De L&#039;Europe Amsterdam\",\"isPartOf\":{\"@id\":\"https:\\\/\\\/www.deleurope.com\\\/fr\\\/#website\"},\"primaryImageOfPage\":{\"@id\":\"https:\\\/\\\/www.deleurope.com\\\/fr\\\/experiences-et-offres-uniques\\\/offres-de-groupe\\\/#primaryimage\"},\"image\":{\"@id\":\"https:\\\/\\\/www.deleurope.com\\\/fr\\\/experiences-et-offres-uniques\\\/offres-de-groupe\\\/#primaryimage\"},\"thumbnailUrl\":\"https:\\\/\\\/www.deleurope.com\\\/wp-content\\\/uploads\\\/2023\\\/07\\\/CITY-3-1030x736-1.jpeg\",\"datePublished\":\"2026-01-13T13:10:46+00:00\",\"dateModified\":\"2026-01-28T14:28:17+00:00\",\"description\":\"D\u00e9couvrez les offres pour les groupes, avec des restaurants exceptionnels, des espaces \u00e9v\u00e9nementiels priv\u00e9s et des installations de bien-\u00eatre, parfaits pour les r\u00e9unions et les c\u00e9l\u00e9brations.\",\"breadcrumb\":{\"@id\":\"https:\\\/\\\/www.deleurope.com\\\/fr\\\/experiences-et-offres-uniques\\\/offres-de-groupe\\\/#breadcrumb\"},\"inLanguage\":\"fr-FR\",\"potentialAction\":[{\"@type\":\"ReadAction\",\"target\":[\"https:\\\/\\\/www.deleurope.com\\\/fr\\\/experiences-et-offres-uniques\\\/offres-de-groupe\\\/\"]}]},{\"@type\":\"ImageObject\",\"inLanguage\":\"fr-FR\",\"@id\":\"https:\\\/\\\/www.deleurope.com\\\/fr\\\/experiences-et-offres-uniques\\\/offres-de-groupe\\\/#primaryimage\",\"url\":\"https:\\\/\\\/www.deleurope.com\\\/wp-content\\\/uploads\\\/2023\\\/07\\\/CITY-3-1030x736-1.jpeg\",\"contentUrl\":\"https:\\\/\\\/www.deleurope.com\\\/wp-content\\\/uploads\\\/2023\\\/07\\\/CITY-3-1030x736-1.jpeg\",\"width\":1030,\"height\":736},{\"@type\":\"BreadcrumbList\",\"@id\":\"https:\\\/\\\/www.deleurope.com\\\/fr\\\/experiences-et-offres-uniques\\\/offres-de-groupe\\\/#breadcrumb\",\"itemListElement\":[{\"@type\":\"ListItem\",\"position\":1,\"name\":\"Home\",\"item\":\"https:\\\/\\\/www.deleurope.com\\\/fr\\\/\"},{\"@type\":\"ListItem\",\"position\":2,\"name\":\"Offres et paquets\",\"item\":\"https:\\\/\\\/www.deleurope.com\\\/fr\\\/experiences-et-offres-uniques\\\/\"},{\"@type\":\"ListItem\",\"position\":3,\"name\":\"Offres de groupe\"}]},{\"@type\":\"WebSite\",\"@id\":\"https:\\\/\\\/www.deleurope.com\\\/fr\\\/#website\",\"url\":\"https:\\\/\\\/www.deleurope.com\\\/fr\\\/\",\"name\":\"De L&#039;Europe Amsterdam\",\"description\":\"Home of original Amsterdam luxury.\",\"potentialAction\":[{\"@type\":\"SearchAction\",\"target\":{\"@type\":\"EntryPoint\",\"urlTemplate\":\"https:\\\/\\\/www.deleurope.com\\\/fr\\\/?s={search_term_string}\"},\"query-input\":{\"@type\":\"PropertyValueSpecification\",\"valueRequired\":true,\"valueName\":\"search_term_string\"}}],\"inLanguage\":\"fr-FR\"}]}<\/script>\n<!-- \/ Yoast SEO plugin. -->","yoast_head_json":{"title":"Offres de groupe | De L&#039;Europe Amsterdam","description":"D\u00e9couvrez les offres pour les groupes, avec des restaurants exceptionnels, des espaces \u00e9v\u00e9nementiels priv\u00e9s et des installations de bien-\u00eatre, parfaits pour les r\u00e9unions et les c\u00e9l\u00e9brations.","robots":{"index":"index","follow":"follow","max-snippet":"max-snippet:-1","max-image-preview":"max-image-preview:large","max-video-preview":"max-video-preview:-1"},"canonical":"https:\/\/www.deleurope.com\/fr\/experiences-et-offres-uniques\/offres-de-groupe\/","og_locale":"fr_FR","og_type":"article","og_title":"Offres de groupe | De L&#039;Europe Amsterdam","og_description":"D\u00e9couvrez les offres pour les groupes, avec des restaurants exceptionnels, des espaces \u00e9v\u00e9nementiels priv\u00e9s et des installations de bien-\u00eatre, parfaits pour les r\u00e9unions et les c\u00e9l\u00e9brations.","og_url":"https:\/\/www.deleurope.com\/fr\/experiences-et-offres-uniques\/offres-de-groupe\/","og_site_name":"De L&#039;Europe Amsterdam","article_modified_time":"2026-01-28T14:28:17+00:00","og_image":[{"width":1030,"height":736,"url":"https:\/\/www.deleurope.com\/wp-content\/uploads\/2023\/07\/CITY-3-1030x736-1.jpeg","type":"image\/jpeg"}],"twitter_card":"summary_large_image","twitter_misc":{"Dur\u00e9e de lecture estim\u00e9e":"3 minutes"},"schema":{"@context":"https:\/\/schema.org","@graph":[{"@type":"WebPage","@id":"https:\/\/www.deleurope.com\/fr\/experiences-et-offres-uniques\/offres-de-groupe\/","url":"https:\/\/www.deleurope.com\/fr\/experiences-et-offres-uniques\/offres-de-groupe\/","name":"Offres de groupe | De L&#039;Europe Amsterdam","isPartOf":{"@id":"https:\/\/www.deleurope.com\/fr\/#website"},"primaryImageOfPage":{"@id":"https:\/\/www.deleurope.com\/fr\/experiences-et-offres-uniques\/offres-de-groupe\/#primaryimage"},"image":{"@id":"https:\/\/www.deleurope.com\/fr\/experiences-et-offres-uniques\/offres-de-groupe\/#primaryimage"},"thumbnailUrl":"https:\/\/www.deleurope.com\/wp-content\/uploads\/2023\/07\/CITY-3-1030x736-1.jpeg","datePublished":"2026-01-13T13:10:46+00:00","dateModified":"2026-01-28T14:28:17+00:00","description":"D\u00e9couvrez les offres pour les groupes, avec des restaurants exceptionnels, des espaces \u00e9v\u00e9nementiels priv\u00e9s et des installations de bien-\u00eatre, parfaits pour les r\u00e9unions et les c\u00e9l\u00e9brations.","breadcrumb":{"@id":"https:\/\/www.deleurope.com\/fr\/experiences-et-offres-uniques\/offres-de-groupe\/#breadcrumb"},"inLanguage":"fr-FR","potentialAction":[{"@type":"ReadAction","target":["https:\/\/www.deleurope.com\/fr\/experiences-et-offres-uniques\/offres-de-groupe\/"]}]},{"@type":"ImageObject","inLanguage":"fr-FR","@id":"https:\/\/www.deleurope.com\/fr\/experiences-et-offres-uniques\/offres-de-groupe\/#primaryimage","url":"https:\/\/www.deleurope.com\/wp-content\/uploads\/2023\/07\/CITY-3-1030x736-1.jpeg","contentUrl":"https:\/\/www.deleurope.com\/wp-content\/uploads\/2023\/07\/CITY-3-1030x736-1.jpeg","width":1030,"height":736},{"@type":"BreadcrumbList","@id":"https:\/\/www.deleurope.com\/fr\/experiences-et-offres-uniques\/offres-de-groupe\/#breadcrumb","itemListElement":[{"@type":"ListItem","position":1,"name":"Home","item":"https:\/\/www.deleurope.com\/fr\/"},{"@type":"ListItem","position":2,"name":"Offres et paquets","item":"https:\/\/www.deleurope.com\/fr\/experiences-et-offres-uniques\/"},{"@type":"ListItem","position":3,"name":"Offres de groupe"}]},{"@type":"WebSite","@id":"https:\/\/www.deleurope.com\/fr\/#website","url":"https:\/\/www.deleurope.com\/fr\/","name":"De L&#039;Europe Amsterdam","description":"Home of original Amsterdam luxury.","potentialAction":[{"@type":"SearchAction","target":{"@type":"EntryPoint","urlTemplate":"https:\/\/www.deleurope.com\/fr\/?s={search_term_string}"},"query-input":{"@type":"PropertyValueSpecification","valueRequired":true,"valueName":"search_term_string"}}],"inLanguage":"fr-FR"}]}},"featured_image_src":"https:\/\/www.deleurope.com\/wp-content\/uploads\/2023\/07\/CITY-3-1030x736-1-600x400.jpeg","featured_image_src_square":"https:\/\/www.deleurope.com\/wp-content\/uploads\/2023\/07\/CITY-3-1030x736-1-600x600.jpeg","_links":{"self":[{"href":"https:\/\/www.deleurope.com\/fr\/wp-json\/wp\/v2\/pages\/12137","targetHints":{"allow":["GET"]}}],"collection":[{"href":"https:\/\/www.deleurope.com\/fr\/wp-json\/wp\/v2\/pages"}],"about":[{"href":"https:\/\/www.deleurope.com\/fr\/wp-json\/wp\/v2\/types\/page"}],"author":[{"embeddable":true,"href":"https:\/\/www.deleurope.com\/fr\/wp-json\/wp\/v2\/users\/17"}],"replies":[{"embeddable":true,"href":"https:\/\/www.deleurope.com\/fr\/wp-json\/wp\/v2\/comments?post=12137"}],"version-history":[{"count":0,"href":"https:\/\/www.deleurope.com\/fr\/wp-json\/wp\/v2\/pages\/12137\/revisions"}],"up":[{"embeddable":true,"href":"https:\/\/www.deleurope.com\/fr\/wp-json\/wp\/v2\/pages\/3148"}],"wp:featuredmedia":[{"embeddable":true,"href":"https:\/\/www.deleurope.com\/fr\/wp-json\/wp\/v2\/media\/3030"}],"wp:attachment":[{"href":"https:\/\/www.deleurope.com\/fr\/wp-json\/wp\/v2\/media?parent=12137"}],"curies":[{"name":"wp","href":"https:\/\/api.w.org\/{rel}","templated":true}]}}