{"id":12356,"date":"2025-10-14T13:39:03","date_gmt":"2025-10-14T13:39:03","guid":{"rendered":"https:\/\/www.deleurope.com\/presse\/communiques-de-presse\/"},"modified":"2026-02-10T11:49:26","modified_gmt":"2026-02-10T11:49:26","slug":"communiques-de-presse","status":"publish","type":"page","link":"https:\/\/www.deleurope.com\/fr\/presse\/communiques-de-presse\/","title":{"rendered":"Communiqu\u00e9s de presse"},"content":{"rendered":"\n<div class=\"wp-block-columns margin-bottom-none is-layout-flex wp-container-core-columns-is-layout-9d6595d7 wp-block-columns-is-layout-flex\">\n<div class=\"wp-block-column two-texts-intro with-cta is-layout-flow wp-block-column-is-layout-flow\">\n<h2 class=\"wp-block-heading has-text-align-center rooms-description-white-box two-texts-bigger header-bigger with-cta has-extra-large-font-size\">QUOI DE NEUF<\/h2>\n\n\n\n<p class=\"has-text-align-center two-texts-smaller\">Des mises \u00e0 jour passionnantes aux exp\u00e9riences les plus r\u00e9centes, nos communiqu\u00e9s de presse vous rapprochent de tout ce qui se passe \u00e0 De L&rsquo;Europe Amsterdam.<\/p>\n<\/div>\n<\/div>\n\n<div class=\"wp-block-columns text-on-left wrap-2-columns eat-and-drink-cards top-border is-layout-flex wp-container-core-columns-is-layout-9d6595d7 wp-block-columns-is-layout-flex\" id=\"graziella\">\n<div class=\"wp-block-column is-vertically-aligned-center middle-align is-layout-flow wp-block-column-is-layout-flow\" style=\"flex-basis:50%\">\n<h2 class=\"wp-block-heading has-text-align-center has-extra-large-font-size\" style=\"text-transform:capitalize\">Lancement de l&rsquo;offre familiale De L&rsquo;Europe<\/h2>\n\n\n\n<div class=\"wp-block-group\"><div class=\"wp-block-group__inner-container is-layout-constrained wp-block-group-is-layout-constrained\">\n<p class=\"has-text-align-center\"><strong>OCTOBRE 2025<\/strong><\/p>\n\n\n\n<p class=\"has-text-align-center\">De L&rsquo;Europe Amsterdam lance une nouvelle \u00ab\u00a0exp\u00e9rience familiale Van Gogh Roulins\u00a0\u00bb en partenariat avec le mus\u00e9e Van Gogh.<\/p>\n\n\n\n<p class=\"has-text-align-center\">Un s\u00e9jour inspir\u00e9 m\u00ealant art, exploration et liens familiaux \u00e0 l&rsquo;h\u00f4tel Grand Dame d&rsquo;Amsterdam, situ\u00e9 sur les rives de la rivi\u00e8re Amstel.<\/p>\n\n\n\n<div class=\"wp-block-buttons is-horizontal is-content-justification-center is-layout-flex wp-container-core-buttons-is-layout-499968f5 wp-block-buttons-is-layout-flex\">\n<div class=\"wp-block-button is-style-outline is-style-outline--1\"><a class=\"wp-block-button__link has-central-palette-1-color has-text-color has-text-align-center wp-element-button\" href=\"https:\/\/www.deleurope.com\/press\/launch-de-leurope-family-experience\/\" style=\"border-radius:0px;text-transform:uppercase\">Lire la suite<\/a><\/div>\n<\/div>\n<\/div><\/div>\n<\/div>\n\n\n\n<div class=\"wp-block-column slider-wrap padding-left-md is-layout-flow wp-block-column-is-layout-flow\" style=\"flex-basis:50%\">\n<figure class=\"wp-block-image size-large\"><img loading=\"lazy\" decoding=\"async\" width=\"800\" height=\"600\" src=\"https:\/\/www.deleurope.com\/wp-content\/uploads\/2025\/10\/Little-Marie-1-edited-800x600.jpg\" alt=\"\" class=\"wp-image-10106\" style=\"aspect-ratio:4\/3;object-fit:cover\" srcset=\"https:\/\/www.deleurope.com\/wp-content\/uploads\/2025\/10\/Little-Marie-1-edited-800x600.jpg 800w, https:\/\/www.deleurope.com\/wp-content\/uploads\/2025\/10\/Little-Marie-1-edited-400x300.jpg 400w, https:\/\/www.deleurope.com\/wp-content\/uploads\/2025\/10\/Little-Marie-1-edited-768x576.jpg 768w, https:\/\/www.deleurope.com\/wp-content\/uploads\/2025\/10\/Little-Marie-1-edited.jpg 1000w\" sizes=\"auto, (max-width: 800px) 100vw, 800px\" \/><\/figure>\n<\/div>\n<\/div>\n\n<div class=\"wp-block-columns text-on-left wrap-2-columns eat-and-drink-cards is-layout-flex wp-container-core-columns-is-layout-9d6595d7 wp-block-columns-is-layout-flex\" id=\"graziella\">\n<div class=\"wp-block-column is-vertically-aligned-center middle-align is-layout-flow wp-block-column-is-layout-flow\" style=\"flex-basis:50%\">\n<h2 class=\"wp-block-heading has-text-align-center has-extra-large-font-size\" style=\"text-transform:capitalize\">trois cl\u00e9s MICHELIN<\/h2>\n\n\n\n<div class=\"wp-block-group\"><div class=\"wp-block-group__inner-container is-layout-constrained wp-block-group-is-layout-constrained\">\n<p class=\"has-text-align-center\"><strong>OCTOBRE 2025<\/strong><\/p>\n\n\n\n<p class=\"has-text-align-center\">De L&rsquo;Europe Amsterdam est le premier h\u00f4tel des Pays-Bas \u00e0 recevoir <strong>trois cl\u00e9s MICHELIN<\/strong>, la plus haute distinction de ce nouveau classement international des h\u00f4tels. Sur les 2 457 h\u00f4tels cl\u00e9s dans le monde, seuls 143 ont obtenu trois cl\u00e9s, ce qui place De L&rsquo;Europe Amsterdam dans un groupe exclusif de destinations exceptionnelles. <\/p>\n\n\n\n<p class=\"has-text-align-center\">D\u00e9couvrez comment cette reconnaissance c\u00e9l\u00e8bre notre luxe authentique \u00e0 Amsterdam, notre riche histoire depuis 1896, ainsi que la cr\u00e9ativit\u00e9 et le service de classe mondiale de notre \u00e9quipe d\u00e9vou\u00e9e.<\/p>\n\n\n\n<div class=\"wp-block-buttons is-horizontal is-content-justification-center is-layout-flex wp-container-core-buttons-is-layout-499968f5 wp-block-buttons-is-layout-flex\">\n<div class=\"wp-block-button is-style-outline is-style-outline--2\"><a class=\"wp-block-button__link has-central-palette-1-color has-text-color has-text-align-center wp-element-button\" href=\"https:\/\/www.deleurope.com\/press\/press-release-three-michelin-keys\/\" style=\"border-radius:0px;text-transform:uppercase\">LIRE PLUS<\/a><\/div>\n<\/div>\n<\/div><\/div>\n<\/div>\n\n\n\n<div class=\"wp-block-column slider-wrap padding-left-md is-layout-flow wp-block-column-is-layout-flow\" style=\"flex-basis:50%\">\n<figure class=\"wp-block-image size-full\"><img loading=\"lazy\" decoding=\"async\" width=\"800\" height=\"1000\" src=\"https:\/\/www.deleurope.com\/wp-content\/uploads\/2025\/10\/Keys.jpg\" alt=\"De L'Europe Amsterdam - Three MICHELIN Keys\" class=\"wp-image-9926\" style=\"aspect-ratio:4\/3;object-fit:cover\" srcset=\"https:\/\/www.deleurope.com\/wp-content\/uploads\/2025\/10\/Keys.jpg 800w, https:\/\/www.deleurope.com\/wp-content\/uploads\/2025\/10\/Keys-768x960.jpg 768w\" sizes=\"auto, (max-width: 800px) 100vw, 800px\" \/><\/figure>\n<\/div>\n<\/div>\n\n<div class=\"wp-block-columns special-request is-layout-flex wp-container-core-columns-is-layout-9d6595d7 wp-block-columns-is-layout-flex\">\n<div class=\"wp-block-column has-central-palette-11-background-color has-background is-layout-flow wp-block-column-is-layout-flow\">\n<h2 class=\"wp-block-heading has-text-align-center has-extra-large-font-size\">Demande de presse<\/h2>\n\n\n\n<p class=\"has-text-align-center\">Nous sommes ravis de recevoir des demandes de la presse, d\u00e9sireux d\u2019aider et d\u2019explorer les possibilit\u00e9s de collaboration, assurant un engagement sans faille et mutuellement b\u00e9n\u00e9fique.<\/p>\n\n\n\n<div class=\"wp-block-buttons is-content-justification-center is-layout-flex wp-container-core-buttons-is-layout-16018d1d wp-block-buttons-is-layout-flex\">\n<div class=\"wp-block-button is-style-outline not-italic is-style-outline--3\"><a class=\"wp-block-button__link wp-element-button\" href=\"mailto:pr@deleurope.com\" style=\"border-radius:0px;text-transform:uppercase\">ENQUIRE<\/a><\/div>\n<\/div>\n<\/div>\n<\/div>\n","protected":false},"excerpt":{"rendered":"<p>QUOI DE NEUF Des mises \u00e0 jour passionnantes aux exp\u00e9riences les plus r\u00e9centes, nos communiqu\u00e9s de presse vous rapprochent de tout ce qui se passe \u00e0 De L&rsquo;Europe Amsterdam. Lancement de l&rsquo;offre familiale De L&rsquo;Europe OCTOBRE 2025 De L&rsquo;Europe Amsterdam lance une nouvelle \u00ab\u00a0exp\u00e9rience familiale Van Gogh Roulins\u00a0\u00bb en partenariat avec le mus\u00e9e Van Gogh. [&hellip;]<\/p>\n","protected":false},"author":6,"featured_media":3659,"parent":3657,"menu_order":0,"comment_status":"closed","ping_status":"closed","template":"","meta":{"_acf_changed":false,"footnotes":""},"class_list":["post-12356","page","type-page","status-publish","has-post-thumbnail","hentry"],"acf":[],"yoast_head":"<!-- This site is optimized with the Yoast SEO plugin v27.3 - https:\/\/yoast.com\/product\/yoast-seo-wordpress\/ -->\n<title>Communiqu\u00e9s de presse et actualit\u00e9s | De L&#039;Europe Amsterdam<\/title>\n<meta name=\"description\" content=\"Restez au courant de ce qui se passe \u00e0 De L&#039;Europe Amsterdam. Consultez les communiqu\u00e9s de presse concernant les lancements, les collaborations et les points forts de l&#039;h\u00f4tel.\" \/>\n<meta name=\"robots\" content=\"index, follow, max-snippet:-1, max-image-preview:large, max-video-preview:-1\" \/>\n<link rel=\"canonical\" href=\"https:\/\/www.deleurope.com\/fr\/presse\/communiques-de-presse\/\" \/>\n<meta property=\"og:locale\" content=\"fr_FR\" \/>\n<meta property=\"og:type\" content=\"article\" \/>\n<meta property=\"og:title\" content=\"Communiqu\u00e9s de presse et actualit\u00e9s | De L&#039;Europe Amsterdam\" \/>\n<meta property=\"og:description\" content=\"Restez au courant de ce qui se passe \u00e0 De L&#039;Europe Amsterdam. Consultez les communiqu\u00e9s de presse concernant les lancements, les collaborations et les points forts de l&#039;h\u00f4tel.\" \/>\n<meta property=\"og:url\" content=\"https:\/\/www.deleurope.com\/fr\/presse\/communiques-de-presse\/\" \/>\n<meta property=\"og:site_name\" content=\"De L&#039;Europe Amsterdam\" \/>\n<meta property=\"article:modified_time\" content=\"2026-02-10T11:49:26+00:00\" \/>\n<meta property=\"og:image\" content=\"https:\/\/www.deleurope.com\/wp-content\/uploads\/2023\/11\/De-LEurope-Amsterdam-Press-Page-Images-2-Copy.jpg\" \/>\n\t<meta property=\"og:image:width\" content=\"1820\" \/>\n\t<meta property=\"og:image:height\" content=\"1300\" \/>\n\t<meta property=\"og:image:type\" content=\"image\/jpeg\" \/>\n<meta name=\"twitter:card\" content=\"summary_large_image\" \/>\n<meta name=\"twitter:label1\" content=\"Dur\u00e9e de lecture estim\u00e9e\" \/>\n\t<meta name=\"twitter:data1\" content=\"1 minute\" \/>\n<script type=\"application\/ld+json\" class=\"yoast-schema-graph\">{\"@context\":\"https:\\\/\\\/schema.org\",\"@graph\":[{\"@type\":\"WebPage\",\"@id\":\"https:\\\/\\\/www.deleurope.com\\\/fr\\\/presse\\\/communiques-de-presse\\\/\",\"url\":\"https:\\\/\\\/www.deleurope.com\\\/fr\\\/presse\\\/communiques-de-presse\\\/\",\"name\":\"Communiqu\u00e9s de presse et actualit\u00e9s | De L'Europe Amsterdam\",\"isPartOf\":{\"@id\":\"https:\\\/\\\/www.deleurope.com\\\/fr\\\/#website\"},\"primaryImageOfPage\":{\"@id\":\"https:\\\/\\\/www.deleurope.com\\\/fr\\\/presse\\\/communiques-de-presse\\\/#primaryimage\"},\"image\":{\"@id\":\"https:\\\/\\\/www.deleurope.com\\\/fr\\\/presse\\\/communiques-de-presse\\\/#primaryimage\"},\"thumbnailUrl\":\"https:\\\/\\\/www.deleurope.com\\\/wp-content\\\/uploads\\\/2023\\\/11\\\/De-LEurope-Amsterdam-Press-Page-Images-2-Copy.jpg\",\"datePublished\":\"2025-10-14T13:39:03+00:00\",\"dateModified\":\"2026-02-10T11:49:26+00:00\",\"description\":\"Restez au courant de ce qui se passe \u00e0 De L'Europe Amsterdam. Consultez les communiqu\u00e9s de presse concernant les lancements, les collaborations et les points forts de l'h\u00f4tel.\",\"breadcrumb\":{\"@id\":\"https:\\\/\\\/www.deleurope.com\\\/fr\\\/presse\\\/communiques-de-presse\\\/#breadcrumb\"},\"inLanguage\":\"fr-FR\",\"potentialAction\":[{\"@type\":\"ReadAction\",\"target\":[\"https:\\\/\\\/www.deleurope.com\\\/fr\\\/presse\\\/communiques-de-presse\\\/\"]}]},{\"@type\":\"ImageObject\",\"inLanguage\":\"fr-FR\",\"@id\":\"https:\\\/\\\/www.deleurope.com\\\/fr\\\/presse\\\/communiques-de-presse\\\/#primaryimage\",\"url\":\"https:\\\/\\\/www.deleurope.com\\\/wp-content\\\/uploads\\\/2023\\\/11\\\/De-LEurope-Amsterdam-Press-Page-Images-2-Copy.jpg\",\"contentUrl\":\"https:\\\/\\\/www.deleurope.com\\\/wp-content\\\/uploads\\\/2023\\\/11\\\/De-LEurope-Amsterdam-Press-Page-Images-2-Copy.jpg\",\"width\":1820,\"height\":1300},{\"@type\":\"BreadcrumbList\",\"@id\":\"https:\\\/\\\/www.deleurope.com\\\/fr\\\/presse\\\/communiques-de-presse\\\/#breadcrumb\",\"itemListElement\":[{\"@type\":\"ListItem\",\"position\":1,\"name\":\"Home\",\"item\":\"https:\\\/\\\/www.deleurope.com\\\/fr\\\/\"},{\"@type\":\"ListItem\",\"position\":2,\"name\":\"Presse\",\"item\":\"https:\\\/\\\/www.deleurope.com\\\/fr\\\/presse\\\/\"},{\"@type\":\"ListItem\",\"position\":3,\"name\":\"Communiqu\u00e9s de presse\"}]},{\"@type\":\"WebSite\",\"@id\":\"https:\\\/\\\/www.deleurope.com\\\/fr\\\/#website\",\"url\":\"https:\\\/\\\/www.deleurope.com\\\/fr\\\/\",\"name\":\"De L&#039;Europe Amsterdam\",\"description\":\"Home of original Amsterdam luxury.\",\"potentialAction\":[{\"@type\":\"SearchAction\",\"target\":{\"@type\":\"EntryPoint\",\"urlTemplate\":\"https:\\\/\\\/www.deleurope.com\\\/fr\\\/?s={search_term_string}\"},\"query-input\":{\"@type\":\"PropertyValueSpecification\",\"valueRequired\":true,\"valueName\":\"search_term_string\"}}],\"inLanguage\":\"fr-FR\"}]}<\/script>\n<!-- \/ Yoast SEO plugin. -->","yoast_head_json":{"title":"Communiqu\u00e9s de presse et actualit\u00e9s | De L'Europe Amsterdam","description":"Restez au courant de ce qui se passe \u00e0 De L'Europe Amsterdam. Consultez les communiqu\u00e9s de presse concernant les lancements, les collaborations et les points forts de l'h\u00f4tel.","robots":{"index":"index","follow":"follow","max-snippet":"max-snippet:-1","max-image-preview":"max-image-preview:large","max-video-preview":"max-video-preview:-1"},"canonical":"https:\/\/www.deleurope.com\/fr\/presse\/communiques-de-presse\/","og_locale":"fr_FR","og_type":"article","og_title":"Communiqu\u00e9s de presse et actualit\u00e9s | De L'Europe Amsterdam","og_description":"Restez au courant de ce qui se passe \u00e0 De L'Europe Amsterdam. Consultez les communiqu\u00e9s de presse concernant les lancements, les collaborations et les points forts de l'h\u00f4tel.","og_url":"https:\/\/www.deleurope.com\/fr\/presse\/communiques-de-presse\/","og_site_name":"De L&#039;Europe Amsterdam","article_modified_time":"2026-02-10T11:49:26+00:00","og_image":[{"width":1820,"height":1300,"url":"https:\/\/www.deleurope.com\/wp-content\/uploads\/2023\/11\/De-LEurope-Amsterdam-Press-Page-Images-2-Copy.jpg","type":"image\/jpeg"}],"twitter_card":"summary_large_image","twitter_misc":{"Dur\u00e9e de lecture estim\u00e9e":"1 minute"},"schema":{"@context":"https:\/\/schema.org","@graph":[{"@type":"WebPage","@id":"https:\/\/www.deleurope.com\/fr\/presse\/communiques-de-presse\/","url":"https:\/\/www.deleurope.com\/fr\/presse\/communiques-de-presse\/","name":"Communiqu\u00e9s de presse et actualit\u00e9s | De L'Europe Amsterdam","isPartOf":{"@id":"https:\/\/www.deleurope.com\/fr\/#website"},"primaryImageOfPage":{"@id":"https:\/\/www.deleurope.com\/fr\/presse\/communiques-de-presse\/#primaryimage"},"image":{"@id":"https:\/\/www.deleurope.com\/fr\/presse\/communiques-de-presse\/#primaryimage"},"thumbnailUrl":"https:\/\/www.deleurope.com\/wp-content\/uploads\/2023\/11\/De-LEurope-Amsterdam-Press-Page-Images-2-Copy.jpg","datePublished":"2025-10-14T13:39:03+00:00","dateModified":"2026-02-10T11:49:26+00:00","description":"Restez au courant de ce qui se passe \u00e0 De L'Europe Amsterdam. Consultez les communiqu\u00e9s de presse concernant les lancements, les collaborations et les points forts de l'h\u00f4tel.","breadcrumb":{"@id":"https:\/\/www.deleurope.com\/fr\/presse\/communiques-de-presse\/#breadcrumb"},"inLanguage":"fr-FR","potentialAction":[{"@type":"ReadAction","target":["https:\/\/www.deleurope.com\/fr\/presse\/communiques-de-presse\/"]}]},{"@type":"ImageObject","inLanguage":"fr-FR","@id":"https:\/\/www.deleurope.com\/fr\/presse\/communiques-de-presse\/#primaryimage","url":"https:\/\/www.deleurope.com\/wp-content\/uploads\/2023\/11\/De-LEurope-Amsterdam-Press-Page-Images-2-Copy.jpg","contentUrl":"https:\/\/www.deleurope.com\/wp-content\/uploads\/2023\/11\/De-LEurope-Amsterdam-Press-Page-Images-2-Copy.jpg","width":1820,"height":1300},{"@type":"BreadcrumbList","@id":"https:\/\/www.deleurope.com\/fr\/presse\/communiques-de-presse\/#breadcrumb","itemListElement":[{"@type":"ListItem","position":1,"name":"Home","item":"https:\/\/www.deleurope.com\/fr\/"},{"@type":"ListItem","position":2,"name":"Presse","item":"https:\/\/www.deleurope.com\/fr\/presse\/"},{"@type":"ListItem","position":3,"name":"Communiqu\u00e9s de presse"}]},{"@type":"WebSite","@id":"https:\/\/www.deleurope.com\/fr\/#website","url":"https:\/\/www.deleurope.com\/fr\/","name":"De L&#039;Europe Amsterdam","description":"Home of original Amsterdam luxury.","potentialAction":[{"@type":"SearchAction","target":{"@type":"EntryPoint","urlTemplate":"https:\/\/www.deleurope.com\/fr\/?s={search_term_string}"},"query-input":{"@type":"PropertyValueSpecification","valueRequired":true,"valueName":"search_term_string"}}],"inLanguage":"fr-FR"}]}},"featured_image_src":"https:\/\/www.deleurope.com\/wp-content\/uploads\/2023\/11\/De-LEurope-Amsterdam-Press-Page-Images-2-Copy-600x400.jpg","featured_image_src_square":"https:\/\/www.deleurope.com\/wp-content\/uploads\/2023\/11\/De-LEurope-Amsterdam-Press-Page-Images-2-Copy-600x600.jpg","_links":{"self":[{"href":"https:\/\/www.deleurope.com\/fr\/wp-json\/wp\/v2\/pages\/12356","targetHints":{"allow":["GET"]}}],"collection":[{"href":"https:\/\/www.deleurope.com\/fr\/wp-json\/wp\/v2\/pages"}],"about":[{"href":"https:\/\/www.deleurope.com\/fr\/wp-json\/wp\/v2\/types\/page"}],"author":[{"embeddable":true,"href":"https:\/\/www.deleurope.com\/fr\/wp-json\/wp\/v2\/users\/6"}],"replies":[{"embeddable":true,"href":"https:\/\/www.deleurope.com\/fr\/wp-json\/wp\/v2\/comments?post=12356"}],"version-history":[{"count":0,"href":"https:\/\/www.deleurope.com\/fr\/wp-json\/wp\/v2\/pages\/12356\/revisions"}],"up":[{"embeddable":true,"href":"https:\/\/www.deleurope.com\/fr\/wp-json\/wp\/v2\/pages\/3657"}],"wp:featuredmedia":[{"embeddable":true,"href":"https:\/\/www.deleurope.com\/fr\/wp-json\/wp\/v2\/media\/3659"}],"wp:attachment":[{"href":"https:\/\/www.deleurope.com\/fr\/wp-json\/wp\/v2\/media?parent=12356"}],"curies":[{"name":"wp","href":"https:\/\/api.w.org\/{rel}","templated":true}]}}