{"id":12755,"date":"2025-10-15T10:53:50","date_gmt":"2025-10-15T10:53:50","guid":{"rendered":"https:\/\/www.deleurope.com\/famille\/notre-petit-invite-de-la-riviere-amstel\/"},"modified":"2026-03-19T15:12:49","modified_gmt":"2026-03-19T15:12:49","slug":"notre-petit-invite-de-la-riviere-amstel","status":"publish","type":"page","link":"https:\/\/www.deleurope.com\/fr\/famille\/notre-petit-invite-de-la-riviere-amstel\/","title":{"rendered":"Notre petit invit\u00e9 de la rivi\u00e8re Amstel"},"content":{"rendered":"\n<div class=\"wp-block-columns margin-bottom-none is-layout-flex wp-container-core-columns-is-layout-9d6595d7 wp-block-columns-is-layout-flex\">\n<div class=\"wp-block-column two-texts-intro is-layout-flow wp-block-column-is-layout-flow\">\n<h2 class=\"wp-block-heading has-text-align-center rooms-description-white-box two-texts-bigger header-bigger has-extra-large-font-size\">BONJOUR, JE SUIS LA PETITE MARIE<\/h2>\n\n\n\n<p class=\"has-text-align-center two-texts-smaller\">Je suis ravie de vous accueillir \u00e0 De L&rsquo;Europe Amsterdam ! En tant que guide sympathique du homard de la rivi\u00e8re Amstel, je serai votre compagnon pour un voyage magique \u00e0 travers notre belle ville et notre merveilleux h\u00f4tel. <\/p>\n<\/div>\n<\/div>\n\n<div class=\"wp-block-columns text-on-left wrap-2-columns eat-and-drink-cards top-border is-layout-flex wp-container-core-columns-is-layout-9d6595d7 wp-block-columns-is-layout-flex\" id=\"graziella\">\n<div class=\"wp-block-column is-vertically-aligned-center middle-align is-layout-flow wp-block-column-is-layout-flow\" style=\"flex-basis:50%\">\n<h2 class=\"wp-block-heading has-text-align-center has-extra-large-font-size\" style=\"text-transform:capitalize\">EXPLORONS<\/h2>\n\n\n\n<div class=\"wp-block-group\"><div class=\"wp-block-group__inner-container is-layout-constrained wp-block-group-is-layout-constrained\">\n<p class=\"has-text-align-center\">Je viens tout droit des eaux scintillantes de la rivi\u00e8re Amstel, ici m\u00eame o\u00f9 se trouve l&rsquo;h\u00f4tel. L&rsquo;Amstel coule au c\u0153ur d&rsquo;Amsterdam et se connecte \u00e0 tous les canaux de la ville, j&rsquo;en ai donc explor\u00e9 tous les d\u00e9tours. C&rsquo;est pourquoi je connais tant d&rsquo;histoires sur les coins cach\u00e9s de la ville, ses rues charmantes et les personnes cr\u00e9atives et int\u00e9ressantes qui y vivent et y travaillent. J&rsquo;ai h\u00e2te de partager toutes ses merveilles avec vous !   <\/p>\n<\/div><\/div>\n<\/div>\n\n\n\n<div class=\"wp-block-column slider-wrap padding-left-md is-layout-flow wp-block-column-is-layout-flow\" style=\"flex-basis:50%\">\n<figure class=\"wp-block-image size-full\"><img loading=\"lazy\" decoding=\"async\" width=\"1000\" height=\"750\" src=\"https:\/\/www.deleurope.com\/wp-content\/uploads\/2025\/10\/Little-Marie-3-edited.jpg\" alt=\"La petite Marie &#xE0; Amsterdam\" class=\"wp-image-10101\" style=\"aspect-ratio:4\/3;object-fit:cover\" srcset=\"https:\/\/www.deleurope.com\/wp-content\/uploads\/2025\/10\/Little-Marie-3-edited.jpg 1000w, https:\/\/www.deleurope.com\/wp-content\/uploads\/2025\/10\/Little-Marie-3-edited-400x300.jpg 400w, https:\/\/www.deleurope.com\/wp-content\/uploads\/2025\/10\/Little-Marie-3-edited-800x600.jpg 800w, https:\/\/www.deleurope.com\/wp-content\/uploads\/2025\/10\/Little-Marie-3-edited-768x576.jpg 768w\" sizes=\"auto, (max-width: 1000px) 100vw, 1000px\" \/><\/figure>\n<\/div>\n<\/div>\n\n<div class=\"wp-block-columns columns_slider_text wrap-2-columns eat-and-drink-cards is-layout-flex wp-container-core-columns-is-layout-9d6595d7 wp-block-columns-is-layout-flex\" id=\"flore\">\n<div class=\"wp-block-column slider-wrap is-layout-flow wp-block-column-is-layout-flow\" style=\"flex-basis:50%\">\n<figure class=\"wp-block-image size-large\"><img loading=\"lazy\" decoding=\"async\" width=\"800\" height=\"600\" src=\"https:\/\/www.deleurope.com\/wp-content\/uploads\/2025\/10\/Little-Marie-Friends-800x600.png\" alt=\"\" class=\"wp-image-10053\" style=\"aspect-ratio:4\/3;object-fit:cover\" srcset=\"https:\/\/www.deleurope.com\/wp-content\/uploads\/2025\/10\/Little-Marie-Friends-800x600.png 800w, https:\/\/www.deleurope.com\/wp-content\/uploads\/2025\/10\/Little-Marie-Friends-400x300.png 400w\" sizes=\"auto, (max-width: 800px) 100vw, 800px\" \/><\/figure>\n<\/div>\n\n\n\n<div class=\"wp-block-column is-vertically-aligned-center middle-align is-layout-flow wp-block-column-is-layout-flow\" style=\"flex-basis:50%\">\n<h2 class=\"wp-block-heading has-text-align-center has-extra-large-font-size\" style=\"text-transform:none\">MES AMIS<\/h2>\n\n\n\n<div class=\"wp-block-group\"><div class=\"wp-block-group__inner-container is-layout-constrained wp-block-group-is-layout-constrained\">\n<p class=\"has-text-align-center\">Avec mes d\u00e9licieux amis, Little Bernie la pieuvre voyageuse, Hannah le h\u00e9ron, Okidoki l&rsquo;\u00e9toile de mer et Fran\u00e7ois l&rsquo;hippocampe, nous sommes pr\u00eats \u00e0 explorer, \u00e0 d\u00e9couvrir et \u00e0 nous amuser sans fin. Vous d\u00e9couvrirez l&rsquo;histoire fascinante, la culture et les tr\u00e9sors cach\u00e9s d&rsquo;Amsterdam. Nous nous prom\u00e8nerons dans des mus\u00e9es c\u00e9l\u00e8bres, nous tomberons sur des rues charmantes et nous trouverons des endroits secrets que la plupart des visiteurs ne voient jamais. En chemin, nous go\u00fbterons \u00e9galement aux d\u00e9lices traditionnels hollandais, des stroopwafels aux poffertjes, et appr\u00e9cierons toutes les d\u00e9licieuses saveurs que la ville a \u00e0 offrir.   <\/p>\n<\/div><\/div>\n<\/div>\n<\/div>\n\n<div class=\"wp-block-columns text-on-left wrap-2-columns eat-and-drink-cards top-border is-layout-flex wp-container-core-columns-is-layout-9d6595d7 wp-block-columns-is-layout-flex\" id=\"graziella\">\n<div class=\"wp-block-column is-vertically-aligned-center middle-align is-layout-flow wp-block-column-is-layout-flow\" style=\"flex-basis:50%\">\n<h2 class=\"wp-block-heading has-text-align-center has-extra-large-font-size\" style=\"text-transform:capitalize\"><\/h2>\n\n\n\n<div class=\"wp-block-group\"><div class=\"wp-block-group__inner-container is-layout-constrained wp-block-group-is-layout-constrained\">\n<p class=\"has-text-align-center\">Au De L&rsquo;Europe Amsterdam, je veillerai \u00e0 ce que votre s\u00e9jour soit plein d&rsquo;\u00e9merveillement, de rires et d&rsquo;excitation. Des aventures le long de la rivi\u00e8re Amstel \u00e0 l&rsquo;exploration des coins magiques de l&rsquo;h\u00f4tel, il y a quelque chose de nouveau \u00e0 d\u00e9couvrir pour tout le monde. <\/p>\n\n\n\n<p class=\"has-text-align-center\">Alors venez, apportez votre curiosit\u00e9 et laissez-nous faire de votre visite \u00e0 Amsterdam une aventure inoubliable !<\/p>\n\n\n\n<p class=\"has-text-align-center\">Continuez \u00e0 explorer.<\/p>\n\n\n\n<p class=\"has-text-align-center\">Petite Marie<\/p>\n<\/div><\/div>\n<\/div>\n\n\n\n<div class=\"wp-block-column slider-wrap padding-left-md is-layout-flow wp-block-column-is-layout-flow\" style=\"flex-basis:50%\">\n<figure class=\"wp-block-image size-full\"><img loading=\"lazy\" decoding=\"async\" width=\"1000\" height=\"750\" src=\"https:\/\/www.deleurope.com\/wp-content\/uploads\/2025\/10\/Little-Marie-1-edited.jpg\" alt=\"\" class=\"wp-image-10106\" style=\"aspect-ratio:4\/3;object-fit:cover\" srcset=\"https:\/\/www.deleurope.com\/wp-content\/uploads\/2025\/10\/Little-Marie-1-edited.jpg 1000w, https:\/\/www.deleurope.com\/wp-content\/uploads\/2025\/10\/Little-Marie-1-edited-400x300.jpg 400w, https:\/\/www.deleurope.com\/wp-content\/uploads\/2025\/10\/Little-Marie-1-edited-800x600.jpg 800w, https:\/\/www.deleurope.com\/wp-content\/uploads\/2025\/10\/Little-Marie-1-edited-768x576.jpg 768w\" sizes=\"auto, (max-width: 1000px) 100vw, 1000px\" \/><\/figure>\n<\/div>\n<\/div>\n\n<div class=\"wp-block-columns special-request contact-form is-layout-flex wp-container-core-columns-is-layout-9d6595d7 wp-block-columns-is-layout-flex\" id=\"enquire\">\n<div class=\"wp-block-column has-central-palette-11-background-color has-background is-layout-flow wp-block-column-is-layout-flow\">\n<h2 class=\"wp-block-heading has-text-align-center has-extra-large-font-size\">Special Request<\/h2>\n\n\n\n<p class=\"has-text-align-center\">We are delighted to accommodate your special request. Your comfort is our priority, and we look forward to ensuring a pleasant experience for you.<\/p>\n\n\n\n<div class=\"wp-block-contact-form-7-contact-form-selector\">\n<div class=\"wpcf7 no-js\" id=\"wpcf7-f9406-o1\" lang=\"fr-FR\" dir=\"ltr\" data-wpcf7-id=\"9406\">\n<div class=\"screen-reader-response\"><p role=\"status\" aria-live=\"polite\" aria-atomic=\"true\"><\/p> <ul><\/ul><\/div>\n<form action=\"\/fr\/wp-json\/wp\/v2\/pages\/12755#wpcf7-f9406-o1\" method=\"post\" class=\"wpcf7-form init\" aria-label=\"Formulaire de contact\" novalidate=\"novalidate\" data-status=\"init\">\n<fieldset class=\"hidden-fields-container\"><input type=\"hidden\" name=\"_wpcf7\" value=\"9406\" \/><input type=\"hidden\" name=\"_wpcf7_version\" value=\"6.1.5\" \/><input type=\"hidden\" name=\"_wpcf7_locale\" value=\"fr_FR\" \/><input type=\"hidden\" name=\"_wpcf7_unit_tag\" value=\"wpcf7-f9406-o1\" \/><input type=\"hidden\" name=\"_wpcf7_container_post\" value=\"0\" \/><input type=\"hidden\" name=\"_wpcf7_posted_data_hash\" value=\"\" \/>\n<\/fieldset>\n<p><span class=\"wpcf7-form-control-wrap\" data-name=\"firstname\"><input size=\"40\" maxlength=\"400\" class=\"wpcf7-form-control wpcf7-text wpcf7-validates-as-required half\" aria-required=\"true\" aria-invalid=\"false\" placeholder=\"Pr\u00e9nom*\" value=\"\" type=\"text\" name=\"firstname\" \/><\/span><br \/>\n<span class=\"wpcf7-form-control-wrap\" data-name=\"lastname\"><input size=\"40\" maxlength=\"400\" class=\"wpcf7-form-control wpcf7-text wpcf7-validates-as-required half\" aria-required=\"true\" aria-invalid=\"false\" placeholder=\"Nom de famille*\" value=\"\" type=\"text\" name=\"lastname\" \/><\/span><br \/>\n<span class=\"wpcf7-form-control-wrap\" data-name=\"email\"><input size=\"40\" maxlength=\"400\" class=\"wpcf7-form-control wpcf7-email wpcf7-validates-as-required wpcf7-text wpcf7-validates-as-email half\" aria-required=\"true\" aria-invalid=\"false\" placeholder=\"Email*\" value=\"\" type=\"email\" name=\"email\" \/><\/span><br \/>\n<span class=\"wpcf7-form-control-wrap\" data-name=\"telephone\"><input size=\"40\" maxlength=\"400\" class=\"wpcf7-form-control wpcf7-tel wpcf7-validates-as-required wpcf7-text wpcf7-validates-as-tel half\" aria-required=\"true\" aria-invalid=\"false\" placeholder=\"T\u00e9l\u00e9phone*\" value=\"\" type=\"tel\" name=\"telephone\" \/><\/span><br \/>\n<span class=\"wpcf7-form-control-wrap\" data-name=\"country\"><input size=\"40\" maxlength=\"400\" class=\"wpcf7-form-control wpcf7-text half\" aria-invalid=\"false\" placeholder=\"Pays\" value=\"\" type=\"text\" name=\"country\" \/><\/span><br \/>\n<span class=\"wpcf7-form-control-wrap\" data-name=\"hearfromus\"><select class=\"wpcf7-form-control wpcf7-select wpcf7-validates-as-required half\" aria-required=\"true\" aria-invalid=\"false\" name=\"hearfromus\"><option value=\"Nature de la demande?*\">Nature de la demande?*<\/option><option value=\"R\u00e9servations\">R\u00e9servations<\/option><option value=\"Informations\">Informations<\/option><option value=\"Concierge\">Concierge<\/option><option value=\"Spa &amp; Wellness\">Spa &amp; Wellness<\/option><option value=\"Concept Store IN-HUYS\">Concept Store IN-HUYS<\/option><option value=\"Autres\">Autres<\/option><\/select><\/span><br \/>\n<span class=\"wpcf7-form-control-wrap\" data-name=\"textarea-723\"><textarea cols=\"40\" rows=\"10\" maxlength=\"2000\" class=\"wpcf7-form-control wpcf7-textarea full\" aria-invalid=\"false\" placeholder=\"Message\" name=\"textarea-723\"><\/textarea><\/span>\n<\/p>\n<p class=\"privacy-contact\">Ce site est prot\u00e9g\u00e9 par reCAPTCHA et la <a href=\"\/privacy-policy-2\/\">politique de confidentialit\u00e9<\/a> et les <a href=\"\/terms-conditions\/\">conditions de service de<\/a> Google s'appliquent.\n<\/p>\n<p><br \/>\n<input class=\"wpcf7-form-control wpcf7-submit has-spinner\" type=\"submit\" value=\"Envoyer la demande\" \/>\n<\/p><noscript>\n\t\t\t<div class=\"wpcf7-response-output wpcf7-spam-blocked\">Your browser does not support JavaScript!. Please enable javascript in your browser in order to get form work properly.<\/div>\n\t<\/noscript><script type='text\/javascript'>\n\n\t\t\t\t\t\tif(contactform === undefined){\n\t\t\t\t\t\t\tvar contactform = [];\n\t\t\t\t\t\t}\n\t\t\t\t\t\tvar innerVal = [9406,'mail_sent_ok','Merci pour votre message. Il a &eacute;t&eacute; envoy&eacute;.'];\n\t\t\t\t\t\tcontactform.push(innerVal);\n\t\t\t\t\t\tvar innerVal = [9406,'mail_sent_ng','Une erreur s\\&#039;est produite lors de l\\&#039;envoi de votre message. Veuillez r&eacute;essayer plus tard.'];\n\t\t\t\t\t\tcontactform.push(innerVal);\n\t\t\t\t\t\tvar innerVal = [9406,'validation_error','Un ou plusieurs champs comportent une erreur. Veuillez v&eacute;rifier et r&eacute;essayer.'];\n\t\t\t\t\t\tcontactform.push(innerVal);\n\t\t\t\t\t\tvar innerVal = [9406,'spam','Une erreur s\\&#039;est produite lors de l\\&#039;envoi de votre message. Veuillez r&eacute;essayer plus tard.'];\n\t\t\t\t\t\tcontactform.push(innerVal);\n\t\t\t\t\t\tvar innerVal = [9406,'accept_terms','Vous devez accepter les termes et conditions avant d\\&#039;envoyer votre message.'];\n\t\t\t\t\t\tcontactform.push(innerVal);\n\t\t\t\t\t\tvar innerVal = [9406,'invalid_required','Veuillez remplir ce champ.'];\n\t\t\t\t\t\tcontactform.push(innerVal);\n\t\t\t\t\t\tvar innerVal = [9406,'invalid_too_long','Ce champ a une entr&eacute;e trop longue.'];\n\t\t\t\t\t\tcontactform.push(innerVal);\n\t\t\t\t\t\tvar innerVal = [9406,'invalid_too_short','Ce champ a une entr&eacute;e trop courte.'];\n\t\t\t\t\t\tcontactform.push(innerVal);\n\t\t\t\t\t\tvar innerVal = [9406,'upload_failed','Une erreur inconnue s\\&#039;est produite lors du t&eacute;l&eacute;chargement du fichier.'];\n\t\t\t\t\t\tcontactform.push(innerVal);\n\t\t\t\t\t\tvar innerVal = [9406,'upload_file_type_invalid','Vous n\\&#039;&ecirc;tes pas autoris&eacute; &agrave; t&eacute;l&eacute;charger des fichiers de ce type.'];\n\t\t\t\t\t\tcontactform.push(innerVal);\n\t\t\t\t\t\tvar innerVal = [9406,'upload_file_too_large','Le fichier t&eacute;l&eacute;charg&eacute; est trop volumineux.'];\n\t\t\t\t\t\tcontactform.push(innerVal);\n\t\t\t\t\t\tvar innerVal = [9406,'upload_failed_php_error','Une erreur s\\&#039;est produite lors du t&eacute;l&eacute;chargement du fichier.'];\n\t\t\t\t\t\tcontactform.push(innerVal);\n\t\t\t\t\t\tvar innerVal = [9406,'invalid_date','Veuillez saisir une date au format AAAA-MM-JJ.'];\n\t\t\t\t\t\tcontactform.push(innerVal);\n\t\t\t\t\t\tvar innerVal = [9406,'date_too_early','Ce champ a une date trop pr&eacute;coce.'];\n\t\t\t\t\t\tcontactform.push(innerVal);\n\t\t\t\t\t\tvar innerVal = [9406,'date_too_late','Ce champ a une date trop tardive.'];\n\t\t\t\t\t\tcontactform.push(innerVal);\n\t\t\t\t\t\tvar innerVal = [9406,'invalid_number','Veuillez saisir un num&eacute;ro.'];\n\t\t\t\t\t\tcontactform.push(innerVal);\n\t\t\t\t\t\tvar innerVal = [9406,'number_too_small','Ce champ a un nombre trop petit.'];\n\t\t\t\t\t\tcontactform.push(innerVal);\n\t\t\t\t\t\tvar innerVal = [9406,'number_too_large','Ce champ a un nombre trop &eacute;lev&eacute;.'];\n\t\t\t\t\t\tcontactform.push(innerVal);\n\t\t\t\t\t\tvar innerVal = [9406,'quiz_answer_not_correct','La r&eacute;ponse au quiz est incorrecte.'];\n\t\t\t\t\t\tcontactform.push(innerVal);\n\t\t\t\t\t\tvar innerVal = [9406,'invalid_email','Veuillez saisir une adresse &eacute;lectronique.'];\n\t\t\t\t\t\tcontactform.push(innerVal);\n\t\t\t\t\t\tvar innerVal = [9406,'invalid_url','Veuillez saisir une URL.'];\n\t\t\t\t\t\tcontactform.push(innerVal);\n\t\t\t\t\t\tvar innerVal = [9406,'invalid_tel','Veuillez saisir un num&eacute;ro de t&eacute;l&eacute;phone.'];\n\t\t\t\t\t\tcontactform.push(innerVal);\n\t\t\t\t\t\tvar innerVal = [9406,'gdpr',''];\n\t\t\t\t\t\tcontactform.push(innerVal);\n\t\t\t\t\t\t<\/script><div class=\"wpcf7-response-output\" aria-hidden=\"true\"><\/div>\n<\/form>\n<\/div>\n<\/div>\n<\/div>\n<\/div>\n","protected":false},"excerpt":{"rendered":"<p>BONJOUR, JE SUIS LA PETITE MARIE Je suis ravie de vous accueillir \u00e0 De L&rsquo;Europe Amsterdam ! En tant que guide sympathique du homard de la rivi\u00e8re Amstel, je serai votre compagnon pour un voyage magique \u00e0 travers notre belle ville et notre merveilleux h\u00f4tel. EXPLORONS Je viens tout droit des eaux scintillantes de la [&hellip;]<\/p>\n","protected":false},"author":6,"featured_media":9745,"parent":3016,"menu_order":1,"comment_status":"closed","ping_status":"closed","template":"","meta":{"_acf_changed":false,"footnotes":""},"class_list":["post-12755","page","type-page","status-publish","has-post-thumbnail","hentry"],"acf":[],"yoast_head":"<!-- This site is optimized with the Yoast SEO plugin v27.3 - https:\/\/yoast.com\/product\/yoast-seo-wordpress\/ -->\n<title>Notre petit invit\u00e9 de la rivi\u00e8re Amstel - De L&#039;Europe Amsterdam<\/title>\n<meta name=\"robots\" content=\"index, follow, max-snippet:-1, max-image-preview:large, max-video-preview:-1\" \/>\n<link rel=\"canonical\" href=\"https:\/\/www.deleurope.com\/fr\/famille\/notre-petit-invite-de-la-riviere-amstel\/\" \/>\n<meta property=\"og:locale\" content=\"fr_FR\" \/>\n<meta property=\"og:type\" content=\"article\" \/>\n<meta property=\"og:title\" content=\"Notre petit invit\u00e9 de la rivi\u00e8re Amstel - De L&#039;Europe Amsterdam\" \/>\n<meta property=\"og:description\" content=\"BONJOUR, JE SUIS LA PETITE MARIE Je suis ravie de vous accueillir \u00e0 De L&rsquo;Europe Amsterdam ! En tant que guide sympathique du homard de la rivi\u00e8re Amstel, je serai votre compagnon pour un voyage magique \u00e0 travers notre belle ville et notre merveilleux h\u00f4tel. EXPLORONS Je viens tout droit des eaux scintillantes de la [&hellip;]\" \/>\n<meta property=\"og:url\" content=\"https:\/\/www.deleurope.com\/fr\/famille\/notre-petit-invite-de-la-riviere-amstel\/\" \/>\n<meta property=\"og:site_name\" content=\"De L&#039;Europe Amsterdam\" \/>\n<meta property=\"article:modified_time\" content=\"2026-03-19T15:12:49+00:00\" \/>\n<meta property=\"og:image\" content=\"https:\/\/www.deleurope.com\/wp-content\/uploads\/2025\/10\/1-e1760526243322.png\" \/>\n\t<meta property=\"og:image:width\" content=\"1080\" \/>\n\t<meta property=\"og:image:height\" content=\"1080\" \/>\n\t<meta property=\"og:image:type\" content=\"image\/png\" \/>\n<meta name=\"twitter:card\" content=\"summary_large_image\" \/>\n<meta name=\"twitter:label1\" content=\"Dur\u00e9e de lecture estim\u00e9e\" \/>\n\t<meta name=\"twitter:data1\" content=\"2 minutes\" \/>\n<script type=\"application\/ld+json\" class=\"yoast-schema-graph\">{\"@context\":\"https:\\\/\\\/schema.org\",\"@graph\":[{\"@type\":\"WebPage\",\"@id\":\"https:\\\/\\\/www.deleurope.com\\\/fr\\\/famille\\\/notre-petit-invite-de-la-riviere-amstel\\\/\",\"url\":\"https:\\\/\\\/www.deleurope.com\\\/fr\\\/famille\\\/notre-petit-invite-de-la-riviere-amstel\\\/\",\"name\":\"Notre petit invit\u00e9 de la rivi\u00e8re Amstel - De L&#039;Europe Amsterdam\",\"isPartOf\":{\"@id\":\"https:\\\/\\\/www.deleurope.com\\\/fr\\\/#website\"},\"primaryImageOfPage\":{\"@id\":\"https:\\\/\\\/www.deleurope.com\\\/fr\\\/famille\\\/notre-petit-invite-de-la-riviere-amstel\\\/#primaryimage\"},\"image\":{\"@id\":\"https:\\\/\\\/www.deleurope.com\\\/fr\\\/famille\\\/notre-petit-invite-de-la-riviere-amstel\\\/#primaryimage\"},\"thumbnailUrl\":\"https:\\\/\\\/www.deleurope.com\\\/wp-content\\\/uploads\\\/2025\\\/10\\\/1-e1760526243322.png\",\"datePublished\":\"2025-10-15T10:53:50+00:00\",\"dateModified\":\"2026-03-19T15:12:49+00:00\",\"breadcrumb\":{\"@id\":\"https:\\\/\\\/www.deleurope.com\\\/fr\\\/famille\\\/notre-petit-invite-de-la-riviere-amstel\\\/#breadcrumb\"},\"inLanguage\":\"fr-FR\",\"potentialAction\":[{\"@type\":\"ReadAction\",\"target\":[\"https:\\\/\\\/www.deleurope.com\\\/fr\\\/famille\\\/notre-petit-invite-de-la-riviere-amstel\\\/\"]}]},{\"@type\":\"ImageObject\",\"inLanguage\":\"fr-FR\",\"@id\":\"https:\\\/\\\/www.deleurope.com\\\/fr\\\/famille\\\/notre-petit-invite-de-la-riviere-amstel\\\/#primaryimage\",\"url\":\"https:\\\/\\\/www.deleurope.com\\\/wp-content\\\/uploads\\\/2025\\\/10\\\/1-e1760526243322.png\",\"contentUrl\":\"https:\\\/\\\/www.deleurope.com\\\/wp-content\\\/uploads\\\/2025\\\/10\\\/1-e1760526243322.png\",\"width\":1080,\"height\":1080,\"caption\":\"Little Marie\"},{\"@type\":\"BreadcrumbList\",\"@id\":\"https:\\\/\\\/www.deleurope.com\\\/fr\\\/famille\\\/notre-petit-invite-de-la-riviere-amstel\\\/#breadcrumb\",\"itemListElement\":[{\"@type\":\"ListItem\",\"position\":1,\"name\":\"Home\",\"item\":\"https:\\\/\\\/www.deleurope.com\\\/fr\\\/\"},{\"@type\":\"ListItem\",\"position\":2,\"name\":\"Temps en famille\",\"item\":\"https:\\\/\\\/www.deleurope.com\\\/fr\\\/famille\\\/\"},{\"@type\":\"ListItem\",\"position\":3,\"name\":\"Notre petit invit\u00e9 de la rivi\u00e8re Amstel\"}]},{\"@type\":\"WebSite\",\"@id\":\"https:\\\/\\\/www.deleurope.com\\\/fr\\\/#website\",\"url\":\"https:\\\/\\\/www.deleurope.com\\\/fr\\\/\",\"name\":\"De L&#039;Europe Amsterdam\",\"description\":\"Home of original Amsterdam luxury.\",\"potentialAction\":[{\"@type\":\"SearchAction\",\"target\":{\"@type\":\"EntryPoint\",\"urlTemplate\":\"https:\\\/\\\/www.deleurope.com\\\/fr\\\/?s={search_term_string}\"},\"query-input\":{\"@type\":\"PropertyValueSpecification\",\"valueRequired\":true,\"valueName\":\"search_term_string\"}}],\"inLanguage\":\"fr-FR\"}]}<\/script>\n<!-- \/ Yoast SEO plugin. -->","yoast_head_json":{"title":"Notre petit invit\u00e9 de la rivi\u00e8re Amstel - De L&#039;Europe Amsterdam","robots":{"index":"index","follow":"follow","max-snippet":"max-snippet:-1","max-image-preview":"max-image-preview:large","max-video-preview":"max-video-preview:-1"},"canonical":"https:\/\/www.deleurope.com\/fr\/famille\/notre-petit-invite-de-la-riviere-amstel\/","og_locale":"fr_FR","og_type":"article","og_title":"Notre petit invit\u00e9 de la rivi\u00e8re Amstel - De L&#039;Europe Amsterdam","og_description":"BONJOUR, JE SUIS LA PETITE MARIE Je suis ravie de vous accueillir \u00e0 De L&rsquo;Europe Amsterdam ! En tant que guide sympathique du homard de la rivi\u00e8re Amstel, je serai votre compagnon pour un voyage magique \u00e0 travers notre belle ville et notre merveilleux h\u00f4tel. EXPLORONS Je viens tout droit des eaux scintillantes de la [&hellip;]","og_url":"https:\/\/www.deleurope.com\/fr\/famille\/notre-petit-invite-de-la-riviere-amstel\/","og_site_name":"De L&#039;Europe Amsterdam","article_modified_time":"2026-03-19T15:12:49+00:00","og_image":[{"width":1080,"height":1080,"url":"https:\/\/www.deleurope.com\/wp-content\/uploads\/2025\/10\/1-e1760526243322.png","type":"image\/png"}],"twitter_card":"summary_large_image","twitter_misc":{"Dur\u00e9e de lecture estim\u00e9e":"2 minutes"},"schema":{"@context":"https:\/\/schema.org","@graph":[{"@type":"WebPage","@id":"https:\/\/www.deleurope.com\/fr\/famille\/notre-petit-invite-de-la-riviere-amstel\/","url":"https:\/\/www.deleurope.com\/fr\/famille\/notre-petit-invite-de-la-riviere-amstel\/","name":"Notre petit invit\u00e9 de la rivi\u00e8re Amstel - De L&#039;Europe Amsterdam","isPartOf":{"@id":"https:\/\/www.deleurope.com\/fr\/#website"},"primaryImageOfPage":{"@id":"https:\/\/www.deleurope.com\/fr\/famille\/notre-petit-invite-de-la-riviere-amstel\/#primaryimage"},"image":{"@id":"https:\/\/www.deleurope.com\/fr\/famille\/notre-petit-invite-de-la-riviere-amstel\/#primaryimage"},"thumbnailUrl":"https:\/\/www.deleurope.com\/wp-content\/uploads\/2025\/10\/1-e1760526243322.png","datePublished":"2025-10-15T10:53:50+00:00","dateModified":"2026-03-19T15:12:49+00:00","breadcrumb":{"@id":"https:\/\/www.deleurope.com\/fr\/famille\/notre-petit-invite-de-la-riviere-amstel\/#breadcrumb"},"inLanguage":"fr-FR","potentialAction":[{"@type":"ReadAction","target":["https:\/\/www.deleurope.com\/fr\/famille\/notre-petit-invite-de-la-riviere-amstel\/"]}]},{"@type":"ImageObject","inLanguage":"fr-FR","@id":"https:\/\/www.deleurope.com\/fr\/famille\/notre-petit-invite-de-la-riviere-amstel\/#primaryimage","url":"https:\/\/www.deleurope.com\/wp-content\/uploads\/2025\/10\/1-e1760526243322.png","contentUrl":"https:\/\/www.deleurope.com\/wp-content\/uploads\/2025\/10\/1-e1760526243322.png","width":1080,"height":1080,"caption":"Little Marie"},{"@type":"BreadcrumbList","@id":"https:\/\/www.deleurope.com\/fr\/famille\/notre-petit-invite-de-la-riviere-amstel\/#breadcrumb","itemListElement":[{"@type":"ListItem","position":1,"name":"Home","item":"https:\/\/www.deleurope.com\/fr\/"},{"@type":"ListItem","position":2,"name":"Temps en famille","item":"https:\/\/www.deleurope.com\/fr\/famille\/"},{"@type":"ListItem","position":3,"name":"Notre petit invit\u00e9 de la rivi\u00e8re Amstel"}]},{"@type":"WebSite","@id":"https:\/\/www.deleurope.com\/fr\/#website","url":"https:\/\/www.deleurope.com\/fr\/","name":"De L&#039;Europe Amsterdam","description":"Home of original Amsterdam luxury.","potentialAction":[{"@type":"SearchAction","target":{"@type":"EntryPoint","urlTemplate":"https:\/\/www.deleurope.com\/fr\/?s={search_term_string}"},"query-input":{"@type":"PropertyValueSpecification","valueRequired":true,"valueName":"search_term_string"}}],"inLanguage":"fr-FR"}]}},"featured_image_src":"https:\/\/www.deleurope.com\/wp-content\/uploads\/2025\/10\/1-600x400.png","featured_image_src_square":"https:\/\/www.deleurope.com\/wp-content\/uploads\/2025\/10\/1-600x600.png","_links":{"self":[{"href":"https:\/\/www.deleurope.com\/fr\/wp-json\/wp\/v2\/pages\/12755","targetHints":{"allow":["GET"]}}],"collection":[{"href":"https:\/\/www.deleurope.com\/fr\/wp-json\/wp\/v2\/pages"}],"about":[{"href":"https:\/\/www.deleurope.com\/fr\/wp-json\/wp\/v2\/types\/page"}],"author":[{"embeddable":true,"href":"https:\/\/www.deleurope.com\/fr\/wp-json\/wp\/v2\/users\/6"}],"replies":[{"embeddable":true,"href":"https:\/\/www.deleurope.com\/fr\/wp-json\/wp\/v2\/comments?post=12755"}],"version-history":[{"count":1,"href":"https:\/\/www.deleurope.com\/fr\/wp-json\/wp\/v2\/pages\/12755\/revisions"}],"predecessor-version":[{"id":12756,"href":"https:\/\/www.deleurope.com\/fr\/wp-json\/wp\/v2\/pages\/12755\/revisions\/12756"}],"up":[{"embeddable":true,"href":"https:\/\/www.deleurope.com\/fr\/wp-json\/wp\/v2\/pages\/3016"}],"wp:featuredmedia":[{"embeddable":true,"href":"https:\/\/www.deleurope.com\/fr\/wp-json\/wp\/v2\/media\/9745"}],"wp:attachment":[{"href":"https:\/\/www.deleurope.com\/fr\/wp-json\/wp\/v2\/media?parent=12755"}],"curies":[{"name":"wp","href":"https:\/\/api.w.org\/{rel}","templated":true}]}}