{"id":13570,"date":"2026-05-08T11:44:34","date_gmt":"2026-05-08T11:44:34","guid":{"rendered":"https:\/\/www.deleurope.com\/wellness\/services-de-beaute\/"},"modified":"2026-05-13T12:35:48","modified_gmt":"2026-05-13T12:35:48","slug":"services-de-beaute","status":"publish","type":"page","link":"https:\/\/www.deleurope.com\/fr\/wellness\/services-de-beaute\/","title":{"rendered":"SERVICES DE BEAUT\u00c9"},"content":{"rendered":"\n<div class=\"wp-block-columns is-layout-flex wp-container-core-columns-is-layout-9d6595d7 wp-block-columns-is-layout-flex\">\n<div class=\"wp-block-column description-and-button is-layout-flow wp-block-column-is-layout-flow\">\n<p class=\"has-text-align-center rooms-description-white-box has-large-font-size\">D\u00e9couvrez une approche raffin\u00e9e du bien-\u00eatre, de la beaut\u00e9 et de la relaxation au De L&rsquo;Europe Amsterdam. D\u00e9couvrez nos soins de beaut\u00e9 soigneusement con\u00e7us pour rafra\u00eechir, am\u00e9liorer et restaurer. De la coiffure \u00e9l\u00e9gante aux ongles vernis et au maquillage classique, chaque service ajoute une touche finale gracieuse \u00e0 votre exp\u00e9rience de spa au c\u0153ur d&rsquo;Amsterdam.  <\/p>\n\n\n\n<p class=\"has-text-align-center rooms-description-white-box has-large-font-size\">Traitements | du lundi au dimanche | 11h00 &#8211; 19h00<\/p>\n\n\n\n<div class=\"wp-block-buttons is-content-justification-center is-layout-flex wp-container-core-buttons-is-layout-16018d1d wp-block-buttons-is-layout-flex\">\n<div class=\"wp-block-button is-style-outline is-style-outline--1\"><a class=\"wp-block-button__link wp-element-button\" href=\"https:\/\/experience.intelity.com\/08835d4d-2eb5-45a6-b6b6-0c5f960d183e\/de-leurope-spa-wellness\" style=\"border-radius:0px;text-transform:uppercase\" target=\"_blank\" rel=\"noreferrer noopener\">Demande de traitement<\/a><\/div>\n<\/div>\n<\/div>\n<\/div>\n\n<div class=\"wp-block-columns text-on-left wrap-2-columns eat-and-drink-cards top-border is-layout-flex wp-container-core-columns-is-layout-9d6595d7 wp-block-columns-is-layout-flex\" id=\"graziella\">\n<div class=\"wp-block-column is-vertically-aligned-center middle-align is-layout-flow wp-block-column-is-layout-flow\" style=\"flex-basis:50%\">\n<h2 class=\"wp-block-heading has-text-align-center has-extra-large-font-size\" style=\"text-transform:capitalize\">Services de beaut\u00e9 \u00e0 Amsterdam<\/h2>\n\n\n\n<div class=\"wp-block-group\"><div class=\"wp-block-group__inner-container is-layout-constrained wp-block-group-is-layout-constrained\">\n<p class=\"has-text-align-center\">D\u00e9couvrez des services de beaut\u00e9 de haut niveau \u00e0 Amsterdam au Spa de De L&rsquo;Europe Amsterdam, o\u00f9 le luxe, la pr\u00e9cision et le bien-\u00eatre sont r\u00e9unis dans un cadre serein au bord de la rivi\u00e8re. Notre collection de traitements comprend des manucures et p\u00e9dicures expertes, des soins de la peau avanc\u00e9s, des rituels de toilettage et des exp\u00e9riences de beaut\u00e9 personnalis\u00e9es con\u00e7ues pour rafra\u00eechir le corps et l&rsquo;esprit. <\/p>\n\n\n\n<p class=\"has-text-align-center\">Que vous vous pr\u00e9pariez pour une occasion sp\u00e9ciale, que vous vous remettiez d&rsquo;un voyage ou que vous preniez soin de vous, De L&rsquo;Europe vous propose l&rsquo;une des exp\u00e9riences de beaut\u00e9 et de bien-\u00eatre les plus raffin\u00e9es d&rsquo;Amsterdam.<\/p>\n\n\n\n<div class=\"wp-block-buttons is-horizontal is-content-justification-center is-layout-flex wp-container-core-buttons-is-layout-499968f5 wp-block-buttons-is-layout-flex\">\n<div class=\"wp-block-button is-style-outline is-style-outline--2\"><a class=\"wp-block-button__link has-central-palette-1-color has-text-color has-text-align-center wp-element-button\" href=\"https:\/\/online.flippingbook.com\/view\/320293294\/3\/\" style=\"border-radius:0px;text-transform:uppercase\" target=\"_blank\" rel=\"noreferrer noopener\">VOIR LE MENU<\/a><\/div>\n<\/div>\n<\/div><\/div>\n<\/div>\n\n\n\n<div class=\"wp-block-column slider-wrap padding-left-md is-layout-flow wp-block-column-is-layout-flow\" style=\"flex-basis:50%\">\n<figure class=\"wp-block-image size-full\"><img loading=\"lazy\" decoding=\"async\" width=\"2048\" height=\"2560\" src=\"https:\/\/www.deleurope.com\/wp-content\/uploads\/2025\/12\/11-scaled.jpg\" alt=\"\" class=\"wp-image-11326\" style=\"aspect-ratio:4\/3;object-fit:cover\" srcset=\"https:\/\/www.deleurope.com\/wp-content\/uploads\/2025\/12\/11-scaled.jpg 2048w, https:\/\/www.deleurope.com\/wp-content\/uploads\/2025\/12\/11-768x960.jpg 768w, https:\/\/www.deleurope.com\/wp-content\/uploads\/2025\/12\/11-1229x1536.jpg 1229w, https:\/\/www.deleurope.com\/wp-content\/uploads\/2025\/12\/11-1638x2048.jpg 1638w\" sizes=\"auto, (max-width: 2048px) 100vw, 2048px\" \/><\/figure>\n<\/div>\n<\/div>\n\n<div class=\"wp-block-columns no-border-top with-subheader image_left_text_bg_right wrap-2-columns is-layout-flex wp-container-core-columns-is-layout-9d6595d7 wp-block-columns-is-layout-flex\">\n<div class=\"wp-block-column slider-wrap is-layout-flow wp-block-column-is-layout-flow\" style=\"flex-basis:50%\">\n<figure class=\"wp-block-image size-full\"><img loading=\"lazy\" decoding=\"async\" width=\"1536\" height=\"1024\" src=\"https:\/\/www.deleurope.com\/wp-content\/uploads\/2026\/05\/ChatGPT-Image-22-apr-2026-21_36_38.png\" alt=\"\" class=\"wp-image-13218\" srcset=\"https:\/\/www.deleurope.com\/wp-content\/uploads\/2026\/05\/ChatGPT-Image-22-apr-2026-21_36_38.png 1536w, https:\/\/www.deleurope.com\/wp-content\/uploads\/2026\/05\/ChatGPT-Image-22-apr-2026-21_36_38-768x512.png 768w, https:\/\/www.deleurope.com\/wp-content\/uploads\/2026\/05\/ChatGPT-Image-22-apr-2026-21_36_38-600x400.png 600w\" sizes=\"auto, (max-width: 1536px) 100vw, 1536px\" \/><\/figure>\n<\/div>\n\n\n\n<div class=\"wp-block-column is-vertically-aligned-center middle-align is-layout-flow wp-block-column-is-layout-flow\" style=\"flex-basis:50%\">\n<div class=\"wp-block-columns is-layout-flex wp-container-core-columns-is-layout-9d6595d7 wp-block-columns-is-layout-flex\">\n<div class=\"wp-block-column has-central-palette-4-background-color has-background is-layout-flow wp-block-column-is-layout-flow\">\n<h2 class=\"wp-block-heading has-text-align-center has-extra-large-font-size\">Services<\/h2>\n\n\n\n<ul class=\"wp-block-list\">\n<li><strong>COIFFURE &#8211; BRUSHING<\/strong><\/li>\n\n\n\n<li><strong>STYLISME DES ONGLES &#8211; MANUCURE<\/strong><\/li>\n\n\n\n<li><strong>STYLISME DES ONGLES &#8211; P\u00c9DICURE<\/strong><\/li>\n\n\n\n<li><strong>MAQUILLAGE ARTISTIQUE<\/strong><\/li>\n<\/ul>\n\n\n\n<div class=\"wp-block-buttons is-content-justification-center is-layout-flex wp-container-core-buttons-is-layout-16018d1d wp-block-buttons-is-layout-flex\">\n<div class=\"wp-block-button is-style-outline is-style-outline--3\"><a class=\"wp-block-button__link wp-element-button\" href=\"https:\/\/experience.intelity.com\/08835d4d-2eb5-45a6-b6b6-0c5f960d183e\/de-leurope-spa-wellness\" style=\"border-radius:0px;text-transform:uppercase\" target=\"_blank\" rel=\"noreferrer noopener\">DEMANDER UN TRAITEMENT<\/a><\/div>\n<\/div>\n<\/div>\n<\/div>\n<\/div>\n<\/div>\n\n<div class=\"wp-block-columns text-on-left wrap-2-columns eat-and-drink-cards is-layout-flex wp-container-core-columns-is-layout-9d6595d7 wp-block-columns-is-layout-flex\" id=\"graziella\">\n<div class=\"wp-block-column is-vertically-aligned-center middle-align is-layout-flow wp-block-column-is-layout-flow\" style=\"flex-basis:50%\">\n<h2 class=\"wp-block-heading has-text-align-center has-extra-large-font-size\" style=\"text-transform:capitalize\">Une exp\u00e9rience compl\u00e8te de bien-\u00eatre<\/h2>\n\n\n\n<div class=\"wp-block-group\"><div class=\"wp-block-group__inner-container is-layout-constrained wp-block-group-is-layout-constrained\">\n<p class=\"has-text-align-center\">Pour ceux qui souhaitent profiter de nos installations sans passer la nuit sur place, des <strong>cartes journali\u00e8res<\/strong> sont disponibles.  <\/p>\n\n\n\n<p class=\"has-text-align-center\">Cela permet aux clients de l&rsquo;h\u00f4tel et aux visiteurs ext\u00e9rieurs de profiter de l&rsquo;une des exp\u00e9riences de carte journali\u00e8re de bien-\u00eatre les plus \u00e9lev\u00e9es d&rsquo;Amsterdam, avec acc\u00e8s \u00e0 notre piscine, \u00e0 nos saunas et \u00e0 nos espaces de relaxation tranquilles.<\/p>\n\n\n\n<div class=\"wp-block-buttons is-horizontal is-content-justification-center is-layout-flex wp-container-core-buttons-is-layout-499968f5 wp-block-buttons-is-layout-flex\">\n<div class=\"wp-block-button is-style-fill\"><a class=\"wp-block-button__link has-central-palette-1-color has-text-color wp-element-button\" href=\"https:\/\/www.deleurope.com\/spa-wellness\/spa-wellness-facilities-amsterdam\/\" style=\"border-radius:0px;text-transform:uppercase\" target=\"_blank\" rel=\"noreferrer noopener\">Voir les installations<\/a><\/div>\n\n\n\n<div class=\"wp-block-button is-style-outline is-style-outline--4\"><a class=\"wp-block-button__link has-central-palette-1-color has-text-color has-text-align-center wp-element-button\" href=\"https:\/\/experience.intelity.com\/08835d4d-2eb5-45a6-b6b6-0c5f960d183e\/de-leurope-spa-wellness\" style=\"border-radius:0px;text-transform:uppercase\" target=\"_blank\" rel=\"noreferrer noopener\">DEMANDEZ UNE CARTE JOURNALI\u00c8RE<\/a><\/div>\n<\/div>\n<\/div><\/div>\n<\/div>\n\n\n\n<div class=\"wp-block-column slider-wrap padding-left-md is-layout-flow wp-block-column-is-layout-flow\" style=\"flex-basis:50%\">\n<figure class=\"wp-block-image size-full\"><img loading=\"lazy\" decoding=\"async\" width=\"700\" height=\"500\" src=\"https:\/\/www.deleurope.com\/wp-content\/uploads\/2026\/05\/De-LEurope-Spa-2.jpg\" alt=\"\" class=\"wp-image-13213\" style=\"aspect-ratio:4\/3;object-fit:cover\"\/><\/figure>\n<\/div>\n<\/div>\n","protected":false},"excerpt":{"rendered":"<p>D\u00e9couvrez une approche raffin\u00e9e du bien-\u00eatre, de la beaut\u00e9 et de la relaxation au De L&rsquo;Europe Amsterdam. D\u00e9couvrez nos soins de beaut\u00e9 soigneusement con\u00e7us pour rafra\u00eechir, am\u00e9liorer et restaurer. De la coiffure \u00e9l\u00e9gante aux ongles vernis et au maquillage classique, chaque service ajoute une touche finale gracieuse \u00e0 votre exp\u00e9rience de spa au c\u0153ur d&rsquo;Amsterdam. [&hellip;]<\/p>\n","protected":false},"author":17,"featured_media":10807,"parent":3146,"menu_order":0,"comment_status":"closed","ping_status":"closed","template":"","meta":{"_acf_changed":false,"footnotes":""},"class_list":["post-13570","page","type-page","status-publish","has-post-thumbnail","hentry"],"acf":[],"yoast_head":"<!-- This site is optimized with the Yoast SEO plugin v27.5 - https:\/\/yoast.com\/product\/yoast-seo-wordpress\/ -->\n<title>Luxury Beauty Services Amsterdam | De L&#039;Europe Amsterdam<\/title>\n<meta name=\"description\" content=\"D\u00e9couvrez les services de beaut\u00e9 de luxe \u00e0 Amsterdam, y compris la coiffure, les manucures, les p\u00e9dicures et le maquillage artistique \u00e0 De L&#039;Europe Amsterdam.\" \/>\n<meta name=\"robots\" content=\"index, follow, max-snippet:-1, max-image-preview:large, max-video-preview:-1\" \/>\n<link rel=\"canonical\" href=\"https:\/\/www.deleurope.com\/fr\/wellness\/services-de-beaute\/\" \/>\n<meta property=\"og:locale\" content=\"fr_FR\" \/>\n<meta property=\"og:type\" content=\"article\" \/>\n<meta property=\"og:title\" content=\"Luxury Beauty Services Amsterdam | De L&#039;Europe Amsterdam\" \/>\n<meta property=\"og:description\" content=\"D\u00e9couvrez les services de beaut\u00e9 de luxe \u00e0 Amsterdam, y compris la coiffure, les manucures, les p\u00e9dicures et le maquillage artistique \u00e0 De L&#039;Europe Amsterdam.\" \/>\n<meta property=\"og:url\" content=\"https:\/\/www.deleurope.com\/fr\/wellness\/services-de-beaute\/\" \/>\n<meta property=\"og:site_name\" content=\"De L&#039;Europe Amsterdam\" \/>\n<meta property=\"article:modified_time\" content=\"2026-05-13T12:35:48+00:00\" \/>\n<meta property=\"og:image\" content=\"https:\/\/www.deleurope.com\/wp-content\/uploads\/2025\/11\/De-LEurope-Amsterdam-Biologique-Recherche-2-3-1.png\" \/>\n\t<meta property=\"og:image:width\" content=\"700\" \/>\n\t<meta property=\"og:image:height\" content=\"500\" \/>\n\t<meta property=\"og:image:type\" content=\"image\/png\" \/>\n<meta name=\"twitter:card\" content=\"summary_large_image\" \/>\n<meta name=\"twitter:label1\" content=\"Dur\u00e9e de lecture estim\u00e9e\" \/>\n\t<meta name=\"twitter:data1\" content=\"2 minutes\" \/>\n<script type=\"application\/ld+json\" class=\"yoast-schema-graph\">{\"@context\":\"https:\\\/\\\/schema.org\",\"@graph\":[{\"@type\":\"WebPage\",\"@id\":\"https:\\\/\\\/www.deleurope.com\\\/fr\\\/wellness\\\/services-de-beaute\\\/\",\"url\":\"https:\\\/\\\/www.deleurope.com\\\/fr\\\/wellness\\\/services-de-beaute\\\/\",\"name\":\"Luxury Beauty Services Amsterdam | De L'Europe Amsterdam\",\"isPartOf\":{\"@id\":\"https:\\\/\\\/www.deleurope.com\\\/fr\\\/#website\"},\"primaryImageOfPage\":{\"@id\":\"https:\\\/\\\/www.deleurope.com\\\/fr\\\/wellness\\\/services-de-beaute\\\/#primaryimage\"},\"image\":{\"@id\":\"https:\\\/\\\/www.deleurope.com\\\/fr\\\/wellness\\\/services-de-beaute\\\/#primaryimage\"},\"thumbnailUrl\":\"https:\\\/\\\/www.deleurope.com\\\/wp-content\\\/uploads\\\/2025\\\/11\\\/De-LEurope-Amsterdam-Biologique-Recherche-2-3-1.png\",\"datePublished\":\"2026-05-08T11:44:34+00:00\",\"dateModified\":\"2026-05-13T12:35:48+00:00\",\"description\":\"D\u00e9couvrez les services de beaut\u00e9 de luxe \u00e0 Amsterdam, y compris la coiffure, les manucures, les p\u00e9dicures et le maquillage artistique \u00e0 De L'Europe Amsterdam.\",\"breadcrumb\":{\"@id\":\"https:\\\/\\\/www.deleurope.com\\\/fr\\\/wellness\\\/services-de-beaute\\\/#breadcrumb\"},\"inLanguage\":\"fr-FR\",\"potentialAction\":[{\"@type\":\"ReadAction\",\"target\":[\"https:\\\/\\\/www.deleurope.com\\\/fr\\\/wellness\\\/services-de-beaute\\\/\"]}]},{\"@type\":\"ImageObject\",\"inLanguage\":\"fr-FR\",\"@id\":\"https:\\\/\\\/www.deleurope.com\\\/fr\\\/wellness\\\/services-de-beaute\\\/#primaryimage\",\"url\":\"https:\\\/\\\/www.deleurope.com\\\/wp-content\\\/uploads\\\/2025\\\/11\\\/De-LEurope-Amsterdam-Biologique-Recherche-2-3-1.png\",\"contentUrl\":\"https:\\\/\\\/www.deleurope.com\\\/wp-content\\\/uploads\\\/2025\\\/11\\\/De-LEurope-Amsterdam-Biologique-Recherche-2-3-1.png\",\"width\":700,\"height\":500,\"caption\":\"De L'Europe Amsterdam - Biologique Recherche - Treatment\"},{\"@type\":\"BreadcrumbList\",\"@id\":\"https:\\\/\\\/www.deleurope.com\\\/fr\\\/wellness\\\/services-de-beaute\\\/#breadcrumb\",\"itemListElement\":[{\"@type\":\"ListItem\",\"position\":1,\"name\":\"Home\",\"item\":\"https:\\\/\\\/www.deleurope.com\\\/fr\\\/\"},{\"@type\":\"ListItem\",\"position\":2,\"name\":\"ESPRIT ET CORPS\",\"item\":\"https:\\\/\\\/www.deleurope.com\\\/fr\\\/wellness\\\/\"},{\"@type\":\"ListItem\",\"position\":3,\"name\":\"SERVICES DE BEAUT\u00c9\"}]},{\"@type\":\"WebSite\",\"@id\":\"https:\\\/\\\/www.deleurope.com\\\/fr\\\/#website\",\"url\":\"https:\\\/\\\/www.deleurope.com\\\/fr\\\/\",\"name\":\"De L&#039;Europe Amsterdam\",\"description\":\"Home of original Amsterdam luxury.\",\"potentialAction\":[{\"@type\":\"SearchAction\",\"target\":{\"@type\":\"EntryPoint\",\"urlTemplate\":\"https:\\\/\\\/www.deleurope.com\\\/fr\\\/?s={search_term_string}\"},\"query-input\":{\"@type\":\"PropertyValueSpecification\",\"valueRequired\":true,\"valueName\":\"search_term_string\"}}],\"inLanguage\":\"fr-FR\"}]}<\/script>\n<!-- \/ Yoast SEO plugin. -->","yoast_head_json":{"title":"Luxury Beauty Services Amsterdam | De L'Europe Amsterdam","description":"D\u00e9couvrez les services de beaut\u00e9 de luxe \u00e0 Amsterdam, y compris la coiffure, les manucures, les p\u00e9dicures et le maquillage artistique \u00e0 De L'Europe Amsterdam.","robots":{"index":"index","follow":"follow","max-snippet":"max-snippet:-1","max-image-preview":"max-image-preview:large","max-video-preview":"max-video-preview:-1"},"canonical":"https:\/\/www.deleurope.com\/fr\/wellness\/services-de-beaute\/","og_locale":"fr_FR","og_type":"article","og_title":"Luxury Beauty Services Amsterdam | De L'Europe Amsterdam","og_description":"D\u00e9couvrez les services de beaut\u00e9 de luxe \u00e0 Amsterdam, y compris la coiffure, les manucures, les p\u00e9dicures et le maquillage artistique \u00e0 De L'Europe Amsterdam.","og_url":"https:\/\/www.deleurope.com\/fr\/wellness\/services-de-beaute\/","og_site_name":"De L&#039;Europe Amsterdam","article_modified_time":"2026-05-13T12:35:48+00:00","og_image":[{"width":700,"height":500,"url":"https:\/\/www.deleurope.com\/wp-content\/uploads\/2025\/11\/De-LEurope-Amsterdam-Biologique-Recherche-2-3-1.png","type":"image\/png"}],"twitter_card":"summary_large_image","twitter_misc":{"Dur\u00e9e de lecture estim\u00e9e":"2 minutes"},"schema":{"@context":"https:\/\/schema.org","@graph":[{"@type":"WebPage","@id":"https:\/\/www.deleurope.com\/fr\/wellness\/services-de-beaute\/","url":"https:\/\/www.deleurope.com\/fr\/wellness\/services-de-beaute\/","name":"Luxury Beauty Services Amsterdam | De L'Europe Amsterdam","isPartOf":{"@id":"https:\/\/www.deleurope.com\/fr\/#website"},"primaryImageOfPage":{"@id":"https:\/\/www.deleurope.com\/fr\/wellness\/services-de-beaute\/#primaryimage"},"image":{"@id":"https:\/\/www.deleurope.com\/fr\/wellness\/services-de-beaute\/#primaryimage"},"thumbnailUrl":"https:\/\/www.deleurope.com\/wp-content\/uploads\/2025\/11\/De-LEurope-Amsterdam-Biologique-Recherche-2-3-1.png","datePublished":"2026-05-08T11:44:34+00:00","dateModified":"2026-05-13T12:35:48+00:00","description":"D\u00e9couvrez les services de beaut\u00e9 de luxe \u00e0 Amsterdam, y compris la coiffure, les manucures, les p\u00e9dicures et le maquillage artistique \u00e0 De L'Europe Amsterdam.","breadcrumb":{"@id":"https:\/\/www.deleurope.com\/fr\/wellness\/services-de-beaute\/#breadcrumb"},"inLanguage":"fr-FR","potentialAction":[{"@type":"ReadAction","target":["https:\/\/www.deleurope.com\/fr\/wellness\/services-de-beaute\/"]}]},{"@type":"ImageObject","inLanguage":"fr-FR","@id":"https:\/\/www.deleurope.com\/fr\/wellness\/services-de-beaute\/#primaryimage","url":"https:\/\/www.deleurope.com\/wp-content\/uploads\/2025\/11\/De-LEurope-Amsterdam-Biologique-Recherche-2-3-1.png","contentUrl":"https:\/\/www.deleurope.com\/wp-content\/uploads\/2025\/11\/De-LEurope-Amsterdam-Biologique-Recherche-2-3-1.png","width":700,"height":500,"caption":"De L'Europe Amsterdam - Biologique Recherche - Treatment"},{"@type":"BreadcrumbList","@id":"https:\/\/www.deleurope.com\/fr\/wellness\/services-de-beaute\/#breadcrumb","itemListElement":[{"@type":"ListItem","position":1,"name":"Home","item":"https:\/\/www.deleurope.com\/fr\/"},{"@type":"ListItem","position":2,"name":"ESPRIT ET CORPS","item":"https:\/\/www.deleurope.com\/fr\/wellness\/"},{"@type":"ListItem","position":3,"name":"SERVICES DE BEAUT\u00c9"}]},{"@type":"WebSite","@id":"https:\/\/www.deleurope.com\/fr\/#website","url":"https:\/\/www.deleurope.com\/fr\/","name":"De L&#039;Europe Amsterdam","description":"Home of original Amsterdam luxury.","potentialAction":[{"@type":"SearchAction","target":{"@type":"EntryPoint","urlTemplate":"https:\/\/www.deleurope.com\/fr\/?s={search_term_string}"},"query-input":{"@type":"PropertyValueSpecification","valueRequired":true,"valueName":"search_term_string"}}],"inLanguage":"fr-FR"}]}},"featured_image_src":"https:\/\/www.deleurope.com\/wp-content\/uploads\/2025\/11\/De-LEurope-Amsterdam-Biologique-Recherche-2-3-1-600x400.png","featured_image_src_square":"https:\/\/www.deleurope.com\/wp-content\/uploads\/2025\/11\/De-LEurope-Amsterdam-Biologique-Recherche-2-3-1-600x500.png","_links":{"self":[{"href":"https:\/\/www.deleurope.com\/fr\/wp-json\/wp\/v2\/pages\/13570","targetHints":{"allow":["GET"]}}],"collection":[{"href":"https:\/\/www.deleurope.com\/fr\/wp-json\/wp\/v2\/pages"}],"about":[{"href":"https:\/\/www.deleurope.com\/fr\/wp-json\/wp\/v2\/types\/page"}],"author":[{"embeddable":true,"href":"https:\/\/www.deleurope.com\/fr\/wp-json\/wp\/v2\/users\/17"}],"replies":[{"embeddable":true,"href":"https:\/\/www.deleurope.com\/fr\/wp-json\/wp\/v2\/comments?post=13570"}],"version-history":[{"count":1,"href":"https:\/\/www.deleurope.com\/fr\/wp-json\/wp\/v2\/pages\/13570\/revisions"}],"predecessor-version":[{"id":13571,"href":"https:\/\/www.deleurope.com\/fr\/wp-json\/wp\/v2\/pages\/13570\/revisions\/13571"}],"up":[{"embeddable":true,"href":"https:\/\/www.deleurope.com\/fr\/wp-json\/wp\/v2\/pages\/3146"}],"wp:featuredmedia":[{"embeddable":true,"href":"https:\/\/www.deleurope.com\/fr\/wp-json\/wp\/v2\/media\/10807"}],"wp:attachment":[{"href":"https:\/\/www.deleurope.com\/fr\/wp-json\/wp\/v2\/media?parent=13570"}],"curies":[{"name":"wp","href":"https:\/\/api.w.org\/{rel}","templated":true}]}}