{"id":3146,"date":"2023-11-23T13:11:03","date_gmt":"2023-11-23T13:11:03","guid":{"rendered":"https:\/\/www.deleurope.com\/esprit-et-corps\/"},"modified":"2026-01-02T11:46:10","modified_gmt":"2026-01-02T11:46:10","slug":"wellness","status":"publish","type":"page","link":"https:\/\/www.deleurope.com\/fr\/wellness\/","title":{"rendered":"ESPRIT ET CORPS"},"content":{"rendered":"\n<div class=\"wp-block-columns is-layout-flex wp-container-core-columns-is-layout-9d6595d7 wp-block-columns-is-layout-flex\">\n<div class=\"wp-block-column description-and-button is-layout-flow wp-block-column-is-layout-flow\">\n<p class=\"has-text-align-center rooms-description-white-box has-large-font-size\">Plongez dans un somptueux havre de tranquillit\u00e9, dot\u00e9 d&rsquo;une vari\u00e9t\u00e9 d&rsquo;espaces de soins, de saunas, d&rsquo;une piscine, d&rsquo;un jacuzzi et d&rsquo;un studio de remise en forme. Cette int\u00e9gration harmonieuse des \u00e9quipements de bien-\u00eatre cr\u00e9e l&rsquo;environnement id\u00e9al pour se d\u00e9tendre en toute s\u00e9r\u00e9nit\u00e9 ou s&rsquo;adonner \u00e0 des exercices revitalisants.<\/p>\n<\/div>\n<\/div>\n\n<div class=\"wp-block-columns text-on-left wrap-2-columns eat-and-drink-cards top-border is-layout-flex wp-container-core-columns-is-layout-9d6595d7 wp-block-columns-is-layout-flex\" id=\"graziella\">\n<div class=\"wp-block-column is-vertically-aligned-center middle-align is-layout-flow wp-block-column-is-layout-flow\" style=\"flex-basis:50%\">\n<h2 class=\"wp-block-heading has-text-align-center has-extra-large-font-size\" style=\"text-transform:capitalize\">Biologique Recherche Amsterdam<\/h2>\n\n\n\n<p class=\"has-text-align-center\"><strong>SOINS DU VISAGE HAUTE PERFORMANCE<\/strong><\/p>\n\n\n\n<div class=\"wp-block-group\"><div class=\"wp-block-group__inner-container is-layout-constrained wp-block-group-is-layout-constrained\">\n<p class=\"has-text-align-center\">Nous sommes fiers d&rsquo;apporter <strong>Biologique Recherche<\/strong> \u00e0 Amsterdam &#8211; une philosophie de soins de la peau d\u00e9finie par la pr\u00e9cision scientifique, des ingr\u00e9dients botaniques et biotechnologiques puissants, et des protocoles de traitement sur mesure. Enracin\u00e9 dans plus de 45 ans de recherche, chaque rituel est adapt\u00e9 \u00e0 votre <strong>Skin Instant\u00ae<\/strong> individuel, offrant des r\u00e9sultats visibles et une transformation durable de la peau. <\/p>\n\n\n\n<p class=\"has-text-align-center\">Des soins du visage cibl\u00e9s aux rituels de lifting avanc\u00e9s, Biologique Recherche propose l&rsquo;une des offres de soins du visage les plus efficaces et les plus luxueuses d&rsquo;Amsterdam.<\/p>\n\n\n\n<div class=\"wp-block-buttons is-horizontal is-content-justification-center is-layout-flex wp-container-core-buttons-is-layout-499968f5 wp-block-buttons-is-layout-flex\">\n<div class=\"wp-block-button is-style-outline is-style-outline--1\"><a class=\"wp-block-button__link has-central-palette-1-color has-text-color has-text-align-center wp-element-button\" href=\"https:\/\/www.deleurope.com\/fr\/wellness\/biologique-recherche-amsterdam\/\" style=\"border-radius:0px;text-transform:uppercase\" target=\"_blank\" rel=\"noreferrer noopener\">VOIR PLUS<\/a><\/div>\n<\/div>\n<\/div><\/div>\n<\/div>\n\n\n\n<div class=\"wp-block-column slider-wrap padding-left-md is-layout-flow wp-block-column-is-layout-flow\" style=\"flex-basis:50%\">\n<figure class=\"wp-block-image size-full\"><img loading=\"lazy\" decoding=\"async\" width=\"700\" height=\"500\" src=\"https:\/\/www.deleurope.com\/wp-content\/uploads\/2025\/11\/De-LEurope-Amsterdam-Biologique-Recherche-2-7.png\" alt=\"De L'Europe Amsterdam - Biologique Recherche - Traitement\" class=\"wp-image-10785\" style=\"aspect-ratio:4\/3;object-fit:cover\"\/><\/figure>\n<\/div>\n<\/div>\n\n<div class=\"wp-block-columns no-margin-bottom with-cover section-editable-partners-slider title-content-carousel is-layout-flex wp-container-core-columns-is-layout-9d6595d7 wp-block-columns-is-layout-flex\" id=\"treatments\">\n<div class=\"wp-block-column has-central-palette-1-background-color has-background is-layout-flow wp-block-column-is-layout-flow\">\n<h2 class=\"wp-block-heading has-text-align-center heading-ampersant big-space-bottom-top has-central-palette-7-color has-text-color has-extra-large-font-size\" style=\"text-transform:uppercase\">TRAITEMENTS<\/h2>\n\n\n\n<div class=\"wp-block-carousel-slider-slider\"><div class=\"carousel-slider-outer carousel-slider-outer-hero-banner-slider carousel-slider-outer-915\" style=\"--carousel-slider-nav-color:#f1f1f1;--carousel-slider-active-nav-color:#00d1b2;--carousel-slider-arrow-size:48px;--carousel-slider-bullet-size:10px\">\n<div id=\"&#039;id-915\" class=\"carousel-slider carousel-slider-915 arrows-visibility-always dots-visibility-never arrows-outside dots-center dots-circle owl-carousel\" data-slide-type=\"hero-banner-slider\" data-owl-settings='{\"nav\":true,\"dots\":false,\"slideBy\":1,\"stagePadding\":0,\"margin\":10,\"loop\":false,\"lazyLoad\":false,\"autoplay\":false,\"autoplayTimeout\":5000,\"autoplaySpeed\":500,\"autoplayHoverPause\":false,\"autoWidth\":false,\"items\":1}' data-animation=\"\">\n<div class=\"carousel-slider-hero__cell hero__cell-1\" style=\"--cell-height: 100%\"><div id=\"slide-item-915-1\" class=\"carousel-slider-hero__cell__background\" style=\"background-position:center top;background-size:cover;background-image:url(https:\/\/www.deleurope.com\/wp-content\/uploads\/2025\/12\/TR_Body_RVB_BD2.png);background-color:rgba(0,0,0,0.6)\"><\/div><div class=\"carousel-slider-hero__cell__inner carousel-slider--h-position-center carousel-slider--v-position-middle carousel-slider--text-center\" style=\"padding-top:1rem;padding-right:1rem;padding-bottom:1rem;padding-left:1rem\"><div class=\"carousel-slider-hero__cell__content hidden\" style=\"max-width:100%\" data-animation=\"\"><div class=\"carousel-slider-hero__cell__heading\" style=\"--cs-heading-font-size:40px;--cs-heading-gutter:30px;--cs-heading-color:#ffffff\">FACIALS<\/div><div class=\"carousel-slider-hero__cell__description\" style=\"--cs-description-font-size:20px;--cs-description-gutter:30px;--cs-description-color:#ffffff\">ENJOY CURATED TREATMENTS\r\n<br \/><br \/>\r\nEnjoy healthy, glowing skin with our personalised facial treatments options.<\/div><div class=\"carousel-slider-hero__cell__buttons\"><span class=\"carousel-slider-hero__cell__button__one\" style=\"--cs-button-bg-color:#ffffff;--cs-button-color:#323232;--cs-button-border-width:3px;--cs-button-border-radius:0px\"><a class=\"button cs-hero-button cs-hero-button-1-1 cs-hero-button-stroke cs-hero-button-medium\" href=\"https:\/\/online.flippingbook.com\/view\/320293294\/4\/\" target=\"_self\">SEE MORE<\/a><\/span><\/div><\/div><\/div><\/div>\n<div class=\"carousel-slider-hero__cell hero__cell-2\" style=\"--cell-height: 100%\"><div id=\"slide-item-915-2\" class=\"carousel-slider-hero__cell__background\" style=\"background-position:center top;background-size:cover;background-image:url(https:\/\/www.deleurope.com\/wp-content\/uploads\/2025\/12\/TR_Cryosticks_RVB_BD3.png);background-color:rgba(0,0,0,0.6)\"><\/div><div class=\"carousel-slider-hero__cell__inner carousel-slider--h-position-center carousel-slider--v-position-middle carousel-slider--text-center\" style=\"padding-top:1rem;padding-right:1rem;padding-bottom:1rem;padding-left:1rem\"><div class=\"carousel-slider-hero__cell__content hidden\" style=\"max-width:100%\" data-animation=\"\"><div class=\"carousel-slider-hero__cell__heading\" style=\"--cs-heading-font-size:40px;--cs-heading-gutter:30px;--cs-heading-color:#ffffff\">Massages<\/div><div class=\"carousel-slider-hero__cell__description\" style=\"--cs-description-font-size:20px;--cs-description-gutter:30px;--cs-description-color:#ffffff\">CURATED RITUALS AND TREATMENTS\r\n<br \/><br \/>\r\nRelease tension and unwind with our personalised massages designed to soothe both body and mind.<\/div><div class=\"carousel-slider-hero__cell__buttons\"><span class=\"carousel-slider-hero__cell__button__one\" style=\"--cs-button-bg-color:#ffffff;--cs-button-color:#323232;--cs-button-border-width:3px;--cs-button-border-radius:0px\"><a class=\"button cs-hero-button cs-hero-button-2-1 cs-hero-button-stroke cs-hero-button-medium\" href=\"https:\/\/online.flippingbook.com\/view\/320293294\/7\/\" target=\"_blank\">SEE MORE<\/a><\/span><\/div><\/div><\/div><\/div>\n<div class=\"carousel-slider-hero__cell hero__cell-3\" style=\"--cell-height: 100%\"><div id=\"slide-item-915-3\" class=\"carousel-slider-hero__cell__background\" style=\"background-position:center top;background-size:cover;background-image:url(https:\/\/www.deleurope.com\/wp-content\/uploads\/2025\/11\/De-LEurope-Amsterdam-Biologique-Recherche-2-3-1.png);background-color:rgba(0,0,0,0.6)\"><\/div><div class=\"carousel-slider-hero__cell__inner carousel-slider--h-position-center carousel-slider--v-position-middle carousel-slider--text-center\" style=\"padding-top:1rem;padding-right:1rem;padding-bottom:1rem;padding-left:1rem\"><div class=\"carousel-slider-hero__cell__content hidden\" style=\"max-width:100%\" data-animation=\"\"><div class=\"carousel-slider-hero__cell__heading\" style=\"--cs-heading-font-size:40px;--cs-heading-gutter:30px;--cs-heading-color:rgb(212,250,84)\">Beauty Services<\/div><div class=\"carousel-slider-hero__cell__description\" style=\"--cs-description-font-size:20px;--cs-description-gutter:30px;--cs-description-color:#ffffff\">THE PERFECT FINISHING TOUCHES\r\n<br \/><br \/>\r\nDiscover our carefully designed beauty treatments to refresh, enhance,\r\nand restore. From elegant hairstyling to polished nails and classic makeup, each service adds a graceful finishing touch to your spa experience.\r\n<\/div><div class=\"carousel-slider-hero__cell__buttons\"><span class=\"carousel-slider-hero__cell__button__one\" style=\"--cs-button-bg-color:#ffffff;--cs-button-color:#323232;--cs-button-border-width:3px;--cs-button-border-radius:0px\"><a class=\"button cs-hero-button cs-hero-button-3-1 cs-hero-button-stroke cs-hero-button-medium\" href=\"https:\/\/online.flippingbook.com\/view\/320293294\/9\/\" target=\"_self\">SEE MORE<\/a><\/span><\/div><\/div><\/div><\/div>\n<\/div><!-- .carousel-slider-915 -->\n<\/div><!-- .carousel-slider-outer-915 -->\n<\/div>\n<\/div>\n<\/div>\n\n<div class=\"wp-block-columns text-on-left wrap-2-columns eat-and-drink-cards top-border is-layout-flex wp-container-core-columns-is-layout-9d6595d7 wp-block-columns-is-layout-flex\" id=\"graziella\">\n<div class=\"wp-block-column is-vertically-aligned-center middle-align is-layout-flow wp-block-column-is-layout-flow\" style=\"flex-basis:50%\">\n<h2 class=\"wp-block-heading has-text-align-center has-extra-large-font-size\" style=\"text-transform:capitalize\">PISCINE<\/h2>\n\n\n\n<div class=\"wp-block-group\"><div class=\"wp-block-group__inner-container is-layout-constrained wp-block-group-is-layout-constrained\">\n<p class=\"has-text-align-center\">Profitez de l&rsquo;\u00e9treinte apaisante de notre piscine chauff\u00e9e situ\u00e9e au rez-de-chauss\u00e9e inf\u00e9rieur dans l&rsquo;espace Spa &amp; Wellness, disponible pour votre plaisir tous les jours de 11h00 \u00e0 19h00. Que vous pr\u00e9f\u00e9riez vous baigner le matin ou le soir, nos heures d&rsquo;ouverture prolong\u00e9es vous permettent de profiter de l&rsquo;ambiance relaxante \u00e0 votre guise.<\/p>\n<\/div><\/div>\n<\/div>\n\n\n\n<div class=\"wp-block-column slider-wrap padding-left-md is-layout-flow wp-block-column-is-layout-flow\" style=\"flex-basis:50%\">\n<figure class=\"wp-block-image size-full\"><img loading=\"lazy\" decoding=\"async\" width=\"1000\" height=\"667\" src=\"https:\/\/www.deleurope.com\/wp-content\/uploads\/2024\/01\/Mind-Body-4.jpg\" alt=\"Piscine de l'Eruope\" class=\"wp-image-1955\" style=\"aspect-ratio:4\/3;object-fit:cover\" srcset=\"https:\/\/www.deleurope.com\/wp-content\/uploads\/2024\/01\/Mind-Body-4.jpg 1000w, https:\/\/www.deleurope.com\/wp-content\/uploads\/2024\/01\/Mind-Body-4-768x512.jpg 768w, https:\/\/www.deleurope.com\/wp-content\/uploads\/2024\/01\/Mind-Body-4-600x400.jpg 600w\" sizes=\"auto, (max-width: 1000px) 100vw, 1000px\" \/><\/figure>\n<\/div>\n<\/div>\n\n<div class=\"wp-block-columns text-on-left wrap-2-columns eat-and-drink-cards is-layout-flex wp-container-core-columns-is-layout-9d6595d7 wp-block-columns-is-layout-flex\" id=\"graziella\">\n<div class=\"wp-block-column is-vertically-aligned-center middle-align is-layout-flow wp-block-column-is-layout-flow\" style=\"flex-basis:50%\">\n<h2 class=\"wp-block-heading has-text-align-center has-extra-large-font-size\" style=\"text-transform:capitalize\">salle de sport<\/h2>\n\n\n\n<div class=\"wp-block-group\"><div class=\"wp-block-group__inner-container is-layout-constrained wp-block-group-is-layout-constrained\">\n<p class=\"has-text-align-center\">Faites l&rsquo;exp\u00e9rience d&rsquo;un parcours de remise en forme complet dans notre studio, \u00e9quip\u00e9 d&rsquo;appareils cardiovasculaires et de r\u00e9sistance TechnoGym, de poids libres et de ballons d&rsquo;exercice. Accessible 24 heures sur 24 et 7 jours sur 7, notre salle de sport garantit un programme d&rsquo;entra\u00eenement flexible, compl\u00e9t\u00e9 par la possibilit\u00e9 d&rsquo;engager un entra\u00eeneur personnel sur rendez-vous pour b\u00e9n\u00e9ficier de conseils et d&rsquo;un soutien personnalis\u00e9s.<\/p>\n<\/div><\/div>\n<\/div>\n\n\n\n<div class=\"wp-block-column slider-wrap padding-left-md is-layout-flow wp-block-column-is-layout-flow\" style=\"flex-basis:50%\">\n<figure class=\"wp-block-image size-large\"><img loading=\"lazy\" decoding=\"async\" width=\"800\" height=\"600\" src=\"https:\/\/www.deleurope.com\/wp-content\/uploads\/2023\/11\/Le-Spa-by-Skins-Institute-2-914x600-1-800x600.jpeg\" alt=\"Espace de gymnastique avec &#xE9;quipement de fitness &#xE0; De L'Europe Amsterdam\" class=\"wp-image-911\" style=\"aspect-ratio:4\/3;object-fit:cover\" srcset=\"https:\/\/www.deleurope.com\/wp-content\/uploads\/2023\/11\/Le-Spa-by-Skins-Institute-2-914x600-1-800x600.jpeg 800w, https:\/\/www.deleurope.com\/wp-content\/uploads\/2023\/11\/Le-Spa-by-Skins-Institute-2-914x600-1-400x300.jpeg 400w\" sizes=\"auto, (max-width: 800px) 100vw, 800px\" \/><\/figure>\n<\/div>\n<\/div>\n\n<div class=\"wp-block-columns special-request contact-form is-layout-flex wp-container-core-columns-is-layout-9d6595d7 wp-block-columns-is-layout-flex\" id=\"enquire\">\n<div class=\"wp-block-column has-central-palette-11-background-color has-background is-layout-flow wp-block-column-is-layout-flow\">\n<h2 class=\"wp-block-heading has-text-align-center has-extra-large-font-size\">Plus d&rsquo;informations<\/h2>\n\n\n\n<p class=\"has-text-align-center\">We are delighted to accommodate your special request. N&rsquo;h\u00e9sitez pas \u00e0 nous demander de vous aider \u00e0 effectuer votre r\u00e9servation, et nous nous r\u00e9jouissons de vous faire vivre une exp\u00e9rience agr\u00e9able.<\/p>\n\n\n\n<p><\/p>\n\n\n\n<div class=\"wp-block-contact-form-7-contact-form-selector\"><p class=\"wpcf7-contact-form-not-found\"><strong>Erreur\u00a0:<\/strong> Formulaire de contact non trouv\u00e9\u00a0!<\/p><\/div>\n<\/div>\n<\/div>\n","protected":false},"excerpt":{"rendered":"<p>Plongez dans un somptueux havre de tranquillit\u00e9, dot\u00e9 d&rsquo;une vari\u00e9t\u00e9 d&rsquo;espaces de soins, de saunas, d&rsquo;une piscine, d&rsquo;un jacuzzi et d&rsquo;un studio de remise en forme. Cette int\u00e9gration harmonieuse des \u00e9quipements de bien-\u00eatre cr\u00e9e l&rsquo;environnement id\u00e9al pour se d\u00e9tendre en toute s\u00e9r\u00e9nit\u00e9 ou s&rsquo;adonner \u00e0 des exercices revitalisants. Biologique Recherche Amsterdam SOINS DU VISAGE HAUTE [&hellip;]<\/p>\n","protected":false},"author":2,"featured_media":3079,"parent":0,"menu_order":0,"comment_status":"closed","ping_status":"closed","template":"","meta":{"_acf_changed":false,"footnotes":""},"class_list":["post-3146","page","type-page","status-publish","has-post-thumbnail","hentry"],"acf":[],"yoast_head":"<!-- This site is optimized with the Yoast SEO plugin v27.3 - https:\/\/yoast.com\/product\/yoast-seo-wordpress\/ -->\n<title>Luxury Spa &amp; Wellness | De L&#039;Europe Amsterdam | Soins<\/title>\n<meta name=\"description\" content=\"D\u00e9tendez-vous dans le centre de bien-\u00eatre serein de l&#039;h\u00f4tel De L&#039;Europe Amsterdam, qui propose des soins de spa exclusifs et un luxe tranquille dans la ville. Rajeunissez et r\u00e9servez d\u00e8s aujourd&#039;hui.\" \/>\n<meta name=\"robots\" content=\"index, follow, max-snippet:-1, max-image-preview:large, max-video-preview:-1\" \/>\n<link rel=\"canonical\" href=\"https:\/\/www.deleurope.com\/fr\/wellness\/\" \/>\n<meta property=\"og:locale\" content=\"fr_FR\" \/>\n<meta property=\"og:type\" content=\"article\" \/>\n<meta property=\"og:title\" content=\"Luxury Spa &amp; Wellness | De L&#039;Europe Amsterdam | Soins\" \/>\n<meta property=\"og:description\" content=\"D\u00e9tendez-vous dans le centre de bien-\u00eatre serein de l&#039;h\u00f4tel De L&#039;Europe Amsterdam, qui propose des soins de spa exclusifs et un luxe tranquille dans la ville. Rajeunissez et r\u00e9servez d\u00e8s aujourd&#039;hui.\" \/>\n<meta property=\"og:url\" content=\"https:\/\/www.deleurope.com\/fr\/wellness\/\" \/>\n<meta property=\"og:site_name\" content=\"De L&#039;Europe Amsterdam\" \/>\n<meta property=\"article:modified_time\" content=\"2026-01-02T11:46:10+00:00\" \/>\n<meta property=\"og:image\" content=\"https:\/\/www.deleurope.com\/wp-content\/uploads\/2024\/01\/Mind-Body-1.jpg\" \/>\n\t<meta property=\"og:image:width\" content=\"1000\" \/>\n\t<meta property=\"og:image:height\" content=\"667\" \/>\n\t<meta property=\"og:image:type\" content=\"image\/jpeg\" \/>\n<meta name=\"twitter:card\" content=\"summary_large_image\" \/>\n<meta name=\"twitter:label1\" content=\"Dur\u00e9e de lecture estim\u00e9e\" \/>\n\t<meta name=\"twitter:data1\" content=\"2 minutes\" \/>\n<script type=\"application\/ld+json\" class=\"yoast-schema-graph\">{\"@context\":\"https:\\\/\\\/schema.org\",\"@graph\":[{\"@type\":\"WebPage\",\"@id\":\"https:\\\/\\\/www.deleurope.com\\\/fr\\\/wellness\\\/\",\"url\":\"https:\\\/\\\/www.deleurope.com\\\/fr\\\/wellness\\\/\",\"name\":\"Luxury Spa & Wellness | De L'Europe Amsterdam | Soins\",\"isPartOf\":{\"@id\":\"https:\\\/\\\/www.deleurope.com\\\/fr\\\/#website\"},\"primaryImageOfPage\":{\"@id\":\"https:\\\/\\\/www.deleurope.com\\\/fr\\\/wellness\\\/#primaryimage\"},\"image\":{\"@id\":\"https:\\\/\\\/www.deleurope.com\\\/fr\\\/wellness\\\/#primaryimage\"},\"thumbnailUrl\":\"https:\\\/\\\/www.deleurope.com\\\/wp-content\\\/uploads\\\/2024\\\/01\\\/Mind-Body-1.jpg\",\"datePublished\":\"2023-11-23T13:11:03+00:00\",\"dateModified\":\"2026-01-02T11:46:10+00:00\",\"description\":\"D\u00e9tendez-vous dans le centre de bien-\u00eatre serein de l'h\u00f4tel De L'Europe Amsterdam, qui propose des soins de spa exclusifs et un luxe tranquille dans la ville. Rajeunissez et r\u00e9servez d\u00e8s aujourd'hui.\",\"breadcrumb\":{\"@id\":\"https:\\\/\\\/www.deleurope.com\\\/fr\\\/wellness\\\/#breadcrumb\"},\"inLanguage\":\"fr-FR\",\"potentialAction\":[{\"@type\":\"ReadAction\",\"target\":[\"https:\\\/\\\/www.deleurope.com\\\/fr\\\/wellness\\\/\"]}]},{\"@type\":\"ImageObject\",\"inLanguage\":\"fr-FR\",\"@id\":\"https:\\\/\\\/www.deleurope.com\\\/fr\\\/wellness\\\/#primaryimage\",\"url\":\"https:\\\/\\\/www.deleurope.com\\\/wp-content\\\/uploads\\\/2024\\\/01\\\/Mind-Body-1.jpg\",\"contentUrl\":\"https:\\\/\\\/www.deleurope.com\\\/wp-content\\\/uploads\\\/2024\\\/01\\\/Mind-Body-1.jpg\",\"width\":1000,\"height\":667,\"caption\":\"Spa & Wellness De L'Europe\"},{\"@type\":\"BreadcrumbList\",\"@id\":\"https:\\\/\\\/www.deleurope.com\\\/fr\\\/wellness\\\/#breadcrumb\",\"itemListElement\":[{\"@type\":\"ListItem\",\"position\":1,\"name\":\"Home\",\"item\":\"https:\\\/\\\/www.deleurope.com\\\/fr\\\/\"},{\"@type\":\"ListItem\",\"position\":2,\"name\":\"ESPRIT ET CORPS\"}]},{\"@type\":\"WebSite\",\"@id\":\"https:\\\/\\\/www.deleurope.com\\\/fr\\\/#website\",\"url\":\"https:\\\/\\\/www.deleurope.com\\\/fr\\\/\",\"name\":\"De L&#039;Europe Amsterdam\",\"description\":\"Home of original Amsterdam luxury.\",\"potentialAction\":[{\"@type\":\"SearchAction\",\"target\":{\"@type\":\"EntryPoint\",\"urlTemplate\":\"https:\\\/\\\/www.deleurope.com\\\/fr\\\/?s={search_term_string}\"},\"query-input\":{\"@type\":\"PropertyValueSpecification\",\"valueRequired\":true,\"valueName\":\"search_term_string\"}}],\"inLanguage\":\"fr-FR\"}]}<\/script>\n<!-- \/ Yoast SEO plugin. -->","yoast_head_json":{"title":"Luxury Spa & Wellness | De L'Europe Amsterdam | Soins","description":"D\u00e9tendez-vous dans le centre de bien-\u00eatre serein de l'h\u00f4tel De L'Europe Amsterdam, qui propose des soins de spa exclusifs et un luxe tranquille dans la ville. Rajeunissez et r\u00e9servez d\u00e8s aujourd'hui.","robots":{"index":"index","follow":"follow","max-snippet":"max-snippet:-1","max-image-preview":"max-image-preview:large","max-video-preview":"max-video-preview:-1"},"canonical":"https:\/\/www.deleurope.com\/fr\/wellness\/","og_locale":"fr_FR","og_type":"article","og_title":"Luxury Spa & Wellness | De L'Europe Amsterdam | Soins","og_description":"D\u00e9tendez-vous dans le centre de bien-\u00eatre serein de l'h\u00f4tel De L'Europe Amsterdam, qui propose des soins de spa exclusifs et un luxe tranquille dans la ville. Rajeunissez et r\u00e9servez d\u00e8s aujourd'hui.","og_url":"https:\/\/www.deleurope.com\/fr\/wellness\/","og_site_name":"De L&#039;Europe Amsterdam","article_modified_time":"2026-01-02T11:46:10+00:00","og_image":[{"width":1000,"height":667,"url":"https:\/\/www.deleurope.com\/wp-content\/uploads\/2024\/01\/Mind-Body-1.jpg","type":"image\/jpeg"}],"twitter_card":"summary_large_image","twitter_misc":{"Dur\u00e9e de lecture estim\u00e9e":"2 minutes"},"schema":{"@context":"https:\/\/schema.org","@graph":[{"@type":"WebPage","@id":"https:\/\/www.deleurope.com\/fr\/wellness\/","url":"https:\/\/www.deleurope.com\/fr\/wellness\/","name":"Luxury Spa & Wellness | De L'Europe Amsterdam | Soins","isPartOf":{"@id":"https:\/\/www.deleurope.com\/fr\/#website"},"primaryImageOfPage":{"@id":"https:\/\/www.deleurope.com\/fr\/wellness\/#primaryimage"},"image":{"@id":"https:\/\/www.deleurope.com\/fr\/wellness\/#primaryimage"},"thumbnailUrl":"https:\/\/www.deleurope.com\/wp-content\/uploads\/2024\/01\/Mind-Body-1.jpg","datePublished":"2023-11-23T13:11:03+00:00","dateModified":"2026-01-02T11:46:10+00:00","description":"D\u00e9tendez-vous dans le centre de bien-\u00eatre serein de l'h\u00f4tel De L'Europe Amsterdam, qui propose des soins de spa exclusifs et un luxe tranquille dans la ville. Rajeunissez et r\u00e9servez d\u00e8s aujourd'hui.","breadcrumb":{"@id":"https:\/\/www.deleurope.com\/fr\/wellness\/#breadcrumb"},"inLanguage":"fr-FR","potentialAction":[{"@type":"ReadAction","target":["https:\/\/www.deleurope.com\/fr\/wellness\/"]}]},{"@type":"ImageObject","inLanguage":"fr-FR","@id":"https:\/\/www.deleurope.com\/fr\/wellness\/#primaryimage","url":"https:\/\/www.deleurope.com\/wp-content\/uploads\/2024\/01\/Mind-Body-1.jpg","contentUrl":"https:\/\/www.deleurope.com\/wp-content\/uploads\/2024\/01\/Mind-Body-1.jpg","width":1000,"height":667,"caption":"Spa & Wellness De L'Europe"},{"@type":"BreadcrumbList","@id":"https:\/\/www.deleurope.com\/fr\/wellness\/#breadcrumb","itemListElement":[{"@type":"ListItem","position":1,"name":"Home","item":"https:\/\/www.deleurope.com\/fr\/"},{"@type":"ListItem","position":2,"name":"ESPRIT ET CORPS"}]},{"@type":"WebSite","@id":"https:\/\/www.deleurope.com\/fr\/#website","url":"https:\/\/www.deleurope.com\/fr\/","name":"De L&#039;Europe Amsterdam","description":"Home of original Amsterdam luxury.","potentialAction":[{"@type":"SearchAction","target":{"@type":"EntryPoint","urlTemplate":"https:\/\/www.deleurope.com\/fr\/?s={search_term_string}"},"query-input":{"@type":"PropertyValueSpecification","valueRequired":true,"valueName":"search_term_string"}}],"inLanguage":"fr-FR"}]}},"featured_image_src":"https:\/\/www.deleurope.com\/wp-content\/uploads\/2024\/01\/Mind-Body-1-600x400.jpg","featured_image_src_square":"https:\/\/www.deleurope.com\/wp-content\/uploads\/2024\/01\/Mind-Body-1-600x600.jpg","_links":{"self":[{"href":"https:\/\/www.deleurope.com\/fr\/wp-json\/wp\/v2\/pages\/3146","targetHints":{"allow":["GET"]}}],"collection":[{"href":"https:\/\/www.deleurope.com\/fr\/wp-json\/wp\/v2\/pages"}],"about":[{"href":"https:\/\/www.deleurope.com\/fr\/wp-json\/wp\/v2\/types\/page"}],"author":[{"embeddable":true,"href":"https:\/\/www.deleurope.com\/fr\/wp-json\/wp\/v2\/users\/2"}],"replies":[{"embeddable":true,"href":"https:\/\/www.deleurope.com\/fr\/wp-json\/wp\/v2\/comments?post=3146"}],"version-history":[{"count":0,"href":"https:\/\/www.deleurope.com\/fr\/wp-json\/wp\/v2\/pages\/3146\/revisions"}],"wp:featuredmedia":[{"embeddable":true,"href":"https:\/\/www.deleurope.com\/fr\/wp-json\/wp\/v2\/media\/3079"}],"wp:attachment":[{"href":"https:\/\/www.deleurope.com\/fr\/wp-json\/wp\/v2\/media?parent=3146"}],"curies":[{"name":"wp","href":"https:\/\/api.w.org\/{rel}","templated":true}]}}