{"id":3268,"date":"2024-01-17T17:27:50","date_gmt":"2024-01-17T17:27:50","guid":{"rendered":"https:\/\/www.deleurope.com\/house-rules\/"},"modified":"2025-08-07T15:01:33","modified_gmt":"2025-08-07T15:01:33","slug":"house-rules","status":"publish","type":"page","link":"https:\/\/www.deleurope.com\/fr\/house-rules\/","title":{"rendered":"House Rules"},"content":{"rendered":"\n<div class=\"wp-block-columns margin-bottom-none is-layout-flex wp-container-core-columns-is-layout-9d6595d7 wp-block-columns-is-layout-flex\">\n<div class=\"wp-block-column two-texts-intro is-layout-flow wp-block-column-is-layout-flow\">\n<h2 class=\"wp-block-heading has-text-align-center rooms-description-white-box two-texts-bigger header-bigger has-extra-large-font-size\">House Rules<\/h2>\n\n\n\n<p class=\"has-text-align-center\"><strong>Mise \u00e0 jour : Ao\u00fbt 2025<\/strong><\/p>\n\n\n\n<p class=\"has-text-align-center\">R\u00c8GLEMENT G\u00c9N\u00c9RAL DE L&rsquo;EUROPE AMSTERDAM<br\/>Afin de garantir un s\u00e9jour agr\u00e9able aux clients et un environnement de travail agr\u00e9able au personnel, De L&rsquo;Europe vous demande de bien vouloir vous conformer \u00e0 son r\u00e8glement. Si les r\u00e8gles et\/ou les r\u00e8glements ne sont pas clairs ou en cas de doute, la direction a le pouvoir de prendre des d\u00e9cisions sur toutes les questions. Le non-respect de cette r\u00e8gle peut entra\u00eener l&rsquo;expulsion directe de nos locaux sans d\u00e9dommagement ni compensation d&rsquo;aucune sorte.<\/p>\n\n\n\n<p class=\"has-text-align-center\">Suivez toujours les instructions de notre personnel.<\/p>\n\n\n\n<p class=\"has-text-align-center\">Veuillez faire preuve de consid\u00e9ration \u00e0 l&rsquo;\u00e9gard des autres en termes de comportement et d&rsquo;intimit\u00e9, et traiter le personnel ainsi que les autres invit\u00e9s avec dignit\u00e9 et respect. En aucun cas des actes ill\u00e9gaux et\/ou un comportement irrespectueux de quelque nature que ce soit envers les autres h\u00f4tes ou le personnel ne seront tol\u00e9r\u00e9s.<\/p>\n\n\n\n<p class=\"has-text-align-center\">Une pi\u00e8ce d&rsquo;identit\u00e9 en cours de validit\u00e9 sera demand\u00e9e lors de l&rsquo;enregistrement.<\/p>\n\n\n\n<p class=\"has-text-align-center\">L&rsquo;\u00e2ge minimum pour r\u00e9server, payer et s\u00e9journer dans les chambres est de 18 ans. Les mineurs doivent \u00eatre accompagn\u00e9s d&rsquo;un parent\/tuteur d&rsquo;au moins 25 ans. Tout visiteur doit \u00eatre enregistr\u00e9 \u00e0 la r\u00e9ception.<br\/>Conservez vos objets de valeur de mani\u00e8re responsable et utilisez le coffre-fort mis \u00e0 votre disposition.<\/p>\n\n\n\n<p class=\"has-text-align-center\">De L&rsquo;Europe et\/ou ses propri\u00e9taires ou son personnel ne peuvent \u00eatre tenus responsables de toute perte ou de tout dommage de quelque nature que ce soit.<br\/>Il est interdit d&rsquo;utiliser un feu ouvert et de fumer dans les chambres. En cas de non-respect de cette r\u00e8gle, l&rsquo;h\u00f4tel de L&rsquo;Europe facturera un montant de 350 \u20ac pour les frais de nettoyage. Il est interdit d&rsquo;enlever et\/ou de temp\u00e9rer l&rsquo;\u00e9quipement de d\u00e9tection d&rsquo;incendie. Si votre chambre dispose d&rsquo;un balcon, il n&rsquo;est permis de fumer qu&rsquo;\u00e0 l&rsquo;ext\u00e9rieur. Veuillez jeter les m\u00e9gots et les cendres de mani\u00e8re responsable.<\/p>\n\n\n\n<p class=\"has-text-align-center\">Une tenue vestimentaire appropri\u00e9e est obligatoire dans tous les lieux et \u00e0 toutes les occasions.<\/p>\n\n\n\n<p class=\"has-text-align-center\">Vous serez tenu responsable de tout dommage ou perte caus\u00e9 par vous ou les autres membres de votre groupe.<br\/>Il est interdit de poss\u00e9der, d&rsquo;utiliser ou de vendre des drogues, des substances et\/ou des produits connexes interdits dans nos locaux.<br\/>Le personnel de l&rsquo;h\u00f4tel se r\u00e9serve le droit d&rsquo;acc\u00e9der \u00e0 chaque chambre \u00e0 tout moment pour des raisons de s\u00e9curit\u00e9.<br\/>En cas de fraude (pr\u00e9sum\u00e9e), de vol ou d&rsquo;autres infractions \u00e0 la loi, l&rsquo;h\u00f4tel de L&rsquo;Europe coop\u00e9rera activement avec les autorit\u00e9s responsables.<\/p>\n\n\n\n<p class=\"has-text-align-center\">Un guide complet est disponible \u00e0 l&rsquo;adresse suivante : www.khn.nl\/uvh-nl.<\/p>\n\n\n\n<p class=\"has-text-align-center\">T\u00c9L\u00c9VISION EN CIRCUIT FERM\u00c9, PROTECTION DE LA VIE PRIV\u00c9E ET DES DONN\u00c9ES<br\/>Dans tous les locaux de l&rsquo;H\u00f4tel de L&rsquo;Europe, la t\u00e9l\u00e9vision en circuit ferm\u00e9 (CCTV) est utilis\u00e9e pour la s\u00e9curit\u00e9 de tous.<\/p>\n\n\n\n<p class=\"has-text-align-center\">Il est interdit de filmer \u00e0 des fins autres que personnelles sans l&rsquo;autorisation \u00e9crite de notre directeur du marketing ou de notre directeur g\u00e9n\u00e9ral.<\/p>\n\n\n\n<p class=\"has-text-align-center\">Enregistrer des personnes (secr\u00e8tement) est interdit par la loi n\u00e9erlandaise (ex. art. 139f et g Wetboek van Strafrecht).<\/p>\n\n\n\n<p class=\"has-text-align-center\">Veuillez consulter notre site pour de plus amples informations sur ces sujets :<br\/><a href=\"https:\/\/www.heineken.com\/global\/en\/privacy-policy\">WWW.HEINEKEN.COM\/GLOBAL\/EN\/PRIVACY-POLICY<\/a><\/p>\n\n\n\n<p class=\"has-text-align-center\"><\/p>\n<\/div>\n<\/div>\n","protected":false},"excerpt":{"rendered":"<p>House Rules Mise \u00e0 jour : Ao\u00fbt 2025 R\u00c8GLEMENT G\u00c9N\u00c9RAL DE L&rsquo;EUROPE AMSTERDAMAfin de garantir un s\u00e9jour agr\u00e9able aux clients et un environnement de travail agr\u00e9able au personnel, De L&rsquo;Europe vous demande de bien vouloir vous conformer \u00e0 son r\u00e8glement. Si les r\u00e8gles et\/ou les r\u00e8glements ne sont pas clairs ou en cas de doute, [&hellip;]<\/p>\n","protected":false},"author":17,"featured_media":3269,"parent":0,"menu_order":0,"comment_status":"closed","ping_status":"closed","template":"","meta":{"_acf_changed":false,"footnotes":""},"class_list":["post-3268","page","type-page","status-publish","has-post-thumbnail","hentry"],"acf":[],"yoast_head":"<!-- This site is optimized with the Yoast SEO plugin v27.3 - https:\/\/yoast.com\/product\/yoast-seo-wordpress\/ -->\n<title>House Rules &amp; Guest Information | De L&#039;Europe Amsterdam<\/title>\n<meta name=\"description\" content=\"Consultez le r\u00e8glement int\u00e9rieur de De L&#039;Europe Amsterdam pour garantir un environnement confortable et respectueux pour tous les clients, afin d&#039;assurer une exp\u00e9rience agr\u00e9able. En savoir plus.\" \/>\n<meta name=\"robots\" content=\"index, follow, max-snippet:-1, max-image-preview:large, max-video-preview:-1\" \/>\n<link rel=\"canonical\" href=\"https:\/\/www.deleurope.com\/fr\/house-rules\/\" \/>\n<meta property=\"og:locale\" content=\"fr_FR\" \/>\n<meta property=\"og:type\" content=\"article\" \/>\n<meta property=\"og:title\" content=\"House Rules &amp; Guest Information | De L&#039;Europe Amsterdam\" \/>\n<meta property=\"og:description\" content=\"Consultez le r\u00e8glement int\u00e9rieur de De L&#039;Europe Amsterdam pour garantir un environnement confortable et respectueux pour tous les clients, afin d&#039;assurer une exp\u00e9rience agr\u00e9able. En savoir plus.\" \/>\n<meta property=\"og:url\" content=\"https:\/\/www.deleurope.com\/fr\/house-rules\/\" \/>\n<meta property=\"og:site_name\" content=\"De L&#039;Europe Amsterdam\" \/>\n<meta property=\"article:modified_time\" content=\"2025-08-07T15:01:33+00:00\" \/>\n<meta property=\"og:image\" content=\"https:\/\/www.deleurope.com\/wp-content\/uploads\/2024\/01\/De-Leurope-Exterior-official.jpg\" \/>\n\t<meta property=\"og:image:width\" content=\"1680\" \/>\n\t<meta property=\"og:image:height\" content=\"730\" \/>\n\t<meta property=\"og:image:type\" content=\"image\/jpeg\" \/>\n<meta name=\"twitter:card\" content=\"summary_large_image\" \/>\n<meta name=\"twitter:label1\" content=\"Dur\u00e9e de lecture estim\u00e9e\" \/>\n\t<meta name=\"twitter:data1\" content=\"3 minutes\" \/>\n<script type=\"application\/ld+json\" class=\"yoast-schema-graph\">{\"@context\":\"https:\\\/\\\/schema.org\",\"@graph\":[{\"@type\":\"WebPage\",\"@id\":\"https:\\\/\\\/www.deleurope.com\\\/fr\\\/house-rules\\\/\",\"url\":\"https:\\\/\\\/www.deleurope.com\\\/fr\\\/house-rules\\\/\",\"name\":\"House Rules & Guest Information | De L'Europe Amsterdam\",\"isPartOf\":{\"@id\":\"https:\\\/\\\/www.deleurope.com\\\/fr\\\/#website\"},\"primaryImageOfPage\":{\"@id\":\"https:\\\/\\\/www.deleurope.com\\\/fr\\\/house-rules\\\/#primaryimage\"},\"image\":{\"@id\":\"https:\\\/\\\/www.deleurope.com\\\/fr\\\/house-rules\\\/#primaryimage\"},\"thumbnailUrl\":\"https:\\\/\\\/www.deleurope.com\\\/wp-content\\\/uploads\\\/2024\\\/01\\\/De-Leurope-Exterior-official.jpg\",\"datePublished\":\"2024-01-17T17:27:50+00:00\",\"dateModified\":\"2025-08-07T15:01:33+00:00\",\"description\":\"Consultez le r\u00e8glement int\u00e9rieur de De L'Europe Amsterdam pour garantir un environnement confortable et respectueux pour tous les clients, afin d'assurer une exp\u00e9rience agr\u00e9able. En savoir plus.\",\"breadcrumb\":{\"@id\":\"https:\\\/\\\/www.deleurope.com\\\/fr\\\/house-rules\\\/#breadcrumb\"},\"inLanguage\":\"fr-FR\",\"potentialAction\":[{\"@type\":\"ReadAction\",\"target\":[\"https:\\\/\\\/www.deleurope.com\\\/fr\\\/house-rules\\\/\"]}]},{\"@type\":\"ImageObject\",\"inLanguage\":\"fr-FR\",\"@id\":\"https:\\\/\\\/www.deleurope.com\\\/fr\\\/house-rules\\\/#primaryimage\",\"url\":\"https:\\\/\\\/www.deleurope.com\\\/wp-content\\\/uploads\\\/2024\\\/01\\\/De-Leurope-Exterior-official.jpg\",\"contentUrl\":\"https:\\\/\\\/www.deleurope.com\\\/wp-content\\\/uploads\\\/2024\\\/01\\\/De-Leurope-Exterior-official.jpg\",\"width\":1680,\"height\":730,\"caption\":\"Any caption you'd like\"},{\"@type\":\"BreadcrumbList\",\"@id\":\"https:\\\/\\\/www.deleurope.com\\\/fr\\\/house-rules\\\/#breadcrumb\",\"itemListElement\":[{\"@type\":\"ListItem\",\"position\":1,\"name\":\"Home\",\"item\":\"https:\\\/\\\/www.deleurope.com\\\/fr\\\/\"},{\"@type\":\"ListItem\",\"position\":2,\"name\":\"House Rules\"}]},{\"@type\":\"WebSite\",\"@id\":\"https:\\\/\\\/www.deleurope.com\\\/fr\\\/#website\",\"url\":\"https:\\\/\\\/www.deleurope.com\\\/fr\\\/\",\"name\":\"De L&#039;Europe Amsterdam\",\"description\":\"Home of original Amsterdam luxury.\",\"potentialAction\":[{\"@type\":\"SearchAction\",\"target\":{\"@type\":\"EntryPoint\",\"urlTemplate\":\"https:\\\/\\\/www.deleurope.com\\\/fr\\\/?s={search_term_string}\"},\"query-input\":{\"@type\":\"PropertyValueSpecification\",\"valueRequired\":true,\"valueName\":\"search_term_string\"}}],\"inLanguage\":\"fr-FR\"}]}<\/script>\n<!-- \/ Yoast SEO plugin. -->","yoast_head_json":{"title":"House Rules & Guest Information | De L'Europe Amsterdam","description":"Consultez le r\u00e8glement int\u00e9rieur de De L'Europe Amsterdam pour garantir un environnement confortable et respectueux pour tous les clients, afin d'assurer une exp\u00e9rience agr\u00e9able. En savoir plus.","robots":{"index":"index","follow":"follow","max-snippet":"max-snippet:-1","max-image-preview":"max-image-preview:large","max-video-preview":"max-video-preview:-1"},"canonical":"https:\/\/www.deleurope.com\/fr\/house-rules\/","og_locale":"fr_FR","og_type":"article","og_title":"House Rules & Guest Information | De L'Europe Amsterdam","og_description":"Consultez le r\u00e8glement int\u00e9rieur de De L'Europe Amsterdam pour garantir un environnement confortable et respectueux pour tous les clients, afin d'assurer une exp\u00e9rience agr\u00e9able. En savoir plus.","og_url":"https:\/\/www.deleurope.com\/fr\/house-rules\/","og_site_name":"De L&#039;Europe Amsterdam","article_modified_time":"2025-08-07T15:01:33+00:00","og_image":[{"width":1680,"height":730,"url":"https:\/\/www.deleurope.com\/wp-content\/uploads\/2024\/01\/De-Leurope-Exterior-official.jpg","type":"image\/jpeg"}],"twitter_card":"summary_large_image","twitter_misc":{"Dur\u00e9e de lecture estim\u00e9e":"3 minutes"},"schema":{"@context":"https:\/\/schema.org","@graph":[{"@type":"WebPage","@id":"https:\/\/www.deleurope.com\/fr\/house-rules\/","url":"https:\/\/www.deleurope.com\/fr\/house-rules\/","name":"House Rules & Guest Information | De L'Europe Amsterdam","isPartOf":{"@id":"https:\/\/www.deleurope.com\/fr\/#website"},"primaryImageOfPage":{"@id":"https:\/\/www.deleurope.com\/fr\/house-rules\/#primaryimage"},"image":{"@id":"https:\/\/www.deleurope.com\/fr\/house-rules\/#primaryimage"},"thumbnailUrl":"https:\/\/www.deleurope.com\/wp-content\/uploads\/2024\/01\/De-Leurope-Exterior-official.jpg","datePublished":"2024-01-17T17:27:50+00:00","dateModified":"2025-08-07T15:01:33+00:00","description":"Consultez le r\u00e8glement int\u00e9rieur de De L'Europe Amsterdam pour garantir un environnement confortable et respectueux pour tous les clients, afin d'assurer une exp\u00e9rience agr\u00e9able. En savoir plus.","breadcrumb":{"@id":"https:\/\/www.deleurope.com\/fr\/house-rules\/#breadcrumb"},"inLanguage":"fr-FR","potentialAction":[{"@type":"ReadAction","target":["https:\/\/www.deleurope.com\/fr\/house-rules\/"]}]},{"@type":"ImageObject","inLanguage":"fr-FR","@id":"https:\/\/www.deleurope.com\/fr\/house-rules\/#primaryimage","url":"https:\/\/www.deleurope.com\/wp-content\/uploads\/2024\/01\/De-Leurope-Exterior-official.jpg","contentUrl":"https:\/\/www.deleurope.com\/wp-content\/uploads\/2024\/01\/De-Leurope-Exterior-official.jpg","width":1680,"height":730,"caption":"Any caption you'd like"},{"@type":"BreadcrumbList","@id":"https:\/\/www.deleurope.com\/fr\/house-rules\/#breadcrumb","itemListElement":[{"@type":"ListItem","position":1,"name":"Home","item":"https:\/\/www.deleurope.com\/fr\/"},{"@type":"ListItem","position":2,"name":"House Rules"}]},{"@type":"WebSite","@id":"https:\/\/www.deleurope.com\/fr\/#website","url":"https:\/\/www.deleurope.com\/fr\/","name":"De L&#039;Europe Amsterdam","description":"Home of original Amsterdam luxury.","potentialAction":[{"@type":"SearchAction","target":{"@type":"EntryPoint","urlTemplate":"https:\/\/www.deleurope.com\/fr\/?s={search_term_string}"},"query-input":{"@type":"PropertyValueSpecification","valueRequired":true,"valueName":"search_term_string"}}],"inLanguage":"fr-FR"}]}},"featured_image_src":"https:\/\/www.deleurope.com\/wp-content\/uploads\/2024\/01\/De-Leurope-Exterior-official-600x400.jpg","featured_image_src_square":"https:\/\/www.deleurope.com\/wp-content\/uploads\/2024\/01\/De-Leurope-Exterior-official-600x600.jpg","_links":{"self":[{"href":"https:\/\/www.deleurope.com\/fr\/wp-json\/wp\/v2\/pages\/3268","targetHints":{"allow":["GET"]}}],"collection":[{"href":"https:\/\/www.deleurope.com\/fr\/wp-json\/wp\/v2\/pages"}],"about":[{"href":"https:\/\/www.deleurope.com\/fr\/wp-json\/wp\/v2\/types\/page"}],"author":[{"embeddable":true,"href":"https:\/\/www.deleurope.com\/fr\/wp-json\/wp\/v2\/users\/17"}],"replies":[{"embeddable":true,"href":"https:\/\/www.deleurope.com\/fr\/wp-json\/wp\/v2\/comments?post=3268"}],"version-history":[{"count":0,"href":"https:\/\/www.deleurope.com\/fr\/wp-json\/wp\/v2\/pages\/3268\/revisions"}],"wp:featuredmedia":[{"embeddable":true,"href":"https:\/\/www.deleurope.com\/fr\/wp-json\/wp\/v2\/media\/3269"}],"wp:attachment":[{"href":"https:\/\/www.deleurope.com\/fr\/wp-json\/wp\/v2\/media?parent=3268"}],"curies":[{"name":"wp","href":"https:\/\/api.w.org\/{rel}","templated":true}]}}