{"id":3634,"date":"2024-01-16T11:37:55","date_gmt":"2024-01-16T11:37:55","guid":{"rendered":"https:\/\/www.deleurope.com\/offres-et-paquets\/sejournez-4-payez-3\/"},"modified":"2026-02-26T14:01:45","modified_gmt":"2026-02-26T14:01:45","slug":"sejournez-4-payez-3","status":"publish","type":"page","link":"https:\/\/www.deleurope.com\/fr\/experiences-et-offres-uniques\/sejournez-4-payez-3\/","title":{"rendered":"S\u00e9journez 4, payez 3"},"content":{"rendered":"\n<div class=\"wp-block-columns margin-bottom-none is-layout-flex wp-container-core-columns-is-layout-9d6595d7 wp-block-columns-is-layout-flex\">\n<div class=\"wp-block-column two-texts-intro with-cta is-layout-flow wp-block-column-is-layout-flow\">\n<h2 class=\"wp-block-heading has-text-align-center rooms-description-white-box two-texts-bigger header-bigger with-cta has-extra-large-font-size\">Votre escapade parfaite<\/h2>\n\n\n\n<p class=\"has-text-align-center\"><br\/>Organisez votre escapade parfaite au c\u0153ur d&rsquo;Amsterdam \u00e0 l&rsquo;h\u00f4tel De L&rsquo;Europe Amsterdam, o\u00f9 le luxe rencontre le charme intemporel. Situ\u00e9 le long des canaux embl\u00e9matiques de la ville, notre h\u00f4tel est le point de d\u00e9part id\u00e9al pour explorer les principales attractions d&rsquo;Amsterdam. Promenez-vous dans les rues pittoresques, visitez des mus\u00e9es de renomm\u00e9e mondiale comme le Rijksmuseum et le mus\u00e9e Van Gogh, ou d\u00e9tendez-vous dans les jardins luxuriants situ\u00e9s \u00e0 quelques pas de l&rsquo;h\u00f4tel.  <\/p>\n\n\n\n<p class=\"has-text-align-center\">R\u00e9servez d\u00e8s maintenant avec notre <strong>promotion exclusive 4=3<\/strong> et profitez d&rsquo;une nuit suppl\u00e9mentaire pour d\u00e9couvrir le meilleur de la culture vibrante, de la gastronomie et des sites historiques d&rsquo;Amsterdam. Que vous soyez en visite pour le romantisme, la d\u00e9tente ou l&rsquo;aventure, De L&rsquo;Europe Amsterdam vous offre un s\u00e9jour inoubliable au centre de tout cela. <\/p>\n\n\n\n<div class=\"wp-block-buttons is-content-justification-center is-layout-flex wp-container-core-buttons-is-layout-16018d1d wp-block-buttons-is-layout-flex\">\n<div class=\"wp-block-button is-style-outline book-now is-style-outline--1\"><a class=\"wp-block-button__link has-central-palette-7-color has-central-palette-1-background-color has-text-color has-background has-text-align-center wp-element-button\" href=\"#\/booking\/step-1?group=L08\" style=\"border-radius:0px;text-transform:uppercase\" target=\"_blank\" rel=\"noreferrer noopener\">Book now<\/a><\/div>\n<\/div>\n<\/div>\n<\/div>\n\n<div class=\"wp-block-columns columns_slider_text wrap-2-columns eat-and-drink-cards top-border is-layout-flex wp-container-core-columns-is-layout-9d6595d7 wp-block-columns-is-layout-flex\" id=\"flore\">\n<div class=\"wp-block-column slider-wrap is-layout-flow wp-block-column-is-layout-flow\" style=\"flex-basis:50%\">\n<figure class=\"wp-block-image size-large\"><img loading=\"lazy\" decoding=\"async\" width=\"800\" height=\"600\" src=\"https:\/\/deleurope.com\/wp-content\/uploads\/2024\/01\/Stay4-Pay3-Amenities-800x600.jpg\" alt=\"\" class=\"wp-image-1390\" style=\"aspect-ratio:4\/3;object-fit:cover\" srcset=\"https:\/\/www.deleurope.com\/wp-content\/uploads\/2024\/01\/Stay4-Pay3-Amenities-800x600.jpg 800w, https:\/\/www.deleurope.com\/wp-content\/uploads\/2024\/01\/Stay4-Pay3-Amenities-400x300.jpg 400w\" sizes=\"auto, (max-width: 800px) 100vw, 800px\" \/><\/figure>\n<\/div>\n\n\n\n<div class=\"wp-block-column is-vertically-aligned-center middle-align is-layout-flow wp-block-column-is-layout-flow\" style=\"flex-basis:50%\">\n<h2 class=\"wp-block-heading has-text-align-center has-extra-large-font-size\" style=\"text-transform:none\">Luxe sur mesure<\/h2>\n\n\n\n<div class=\"wp-block-group\"><div class=\"wp-block-group__inner-container is-layout-constrained wp-block-group-is-layout-constrained\">\n<p class=\"has-text-align-center\">Au De L&rsquo;Europe Amsterdam, nous comprenons le luxe personnalis\u00e9 comme personne d&rsquo;autre. Des services internes aux offres exclusives, nous nous surpassons pour r\u00e9pondre \u00e0 vos souhaits personnels. Permettez-nous de personnaliser votre s\u00e9jour.<\/p>\n\n\n\n<div class=\"wp-block-buttons is-horizontal is-content-justification-center is-layout-flex wp-container-core-buttons-is-layout-499968f5 wp-block-buttons-is-layout-flex\">\n<div class=\"wp-block-button is-style-outline is-style-outline--2\"><a class=\"wp-block-button__link has-central-palette-1-color has-text-color has-text-align-center wp-element-button\" href=\"https:\/\/deleurope.com\/offers-packages\/enhance-your-stay\/\" style=\"border-radius:0px;text-transform:uppercase\">plus d&rsquo;information<\/a><\/div>\n<\/div>\n<\/div><\/div>\n<\/div>\n<\/div>\n\n<div class=\"wp-block-columns special-request contact-form is-layout-flex wp-container-core-columns-is-layout-9d6595d7 wp-block-columns-is-layout-flex\" id=\"enquire\">\n<div class=\"wp-block-column has-central-palette-11-background-color has-background is-layout-flow wp-block-column-is-layout-flow\">\n<h2 class=\"wp-block-heading has-text-align-center has-extra-large-font-size\">Plus d&rsquo;informations<\/h2>\n\n\n\n<div class=\"wp-block-contact-form-7-contact-form-selector\">\n<div class=\"wpcf7 no-js\" id=\"wpcf7-f9406-o1\" lang=\"fr-FR\" dir=\"ltr\" data-wpcf7-id=\"9406\">\n<div class=\"screen-reader-response\"><p role=\"status\" aria-live=\"polite\" aria-atomic=\"true\"><\/p> <ul><\/ul><\/div>\n<form action=\"\/fr\/wp-json\/wp\/v2\/pages\/3634#wpcf7-f9406-o1\" method=\"post\" class=\"wpcf7-form init\" aria-label=\"Formulaire de contact\" novalidate=\"novalidate\" data-status=\"init\">\n<fieldset class=\"hidden-fields-container\"><input type=\"hidden\" name=\"_wpcf7\" value=\"9406\" \/><input type=\"hidden\" name=\"_wpcf7_version\" value=\"6.1.5\" \/><input type=\"hidden\" name=\"_wpcf7_locale\" value=\"fr_FR\" \/><input type=\"hidden\" name=\"_wpcf7_unit_tag\" value=\"wpcf7-f9406-o1\" \/><input type=\"hidden\" name=\"_wpcf7_container_post\" value=\"0\" \/><input type=\"hidden\" name=\"_wpcf7_posted_data_hash\" value=\"\" \/>\n<\/fieldset>\n<p><span class=\"wpcf7-form-control-wrap\" data-name=\"firstname\"><input size=\"40\" maxlength=\"400\" class=\"wpcf7-form-control wpcf7-text wpcf7-validates-as-required half\" aria-required=\"true\" aria-invalid=\"false\" placeholder=\"Pr\u00e9nom*\" value=\"\" type=\"text\" name=\"firstname\" \/><\/span><br \/>\n<span class=\"wpcf7-form-control-wrap\" data-name=\"lastname\"><input size=\"40\" maxlength=\"400\" class=\"wpcf7-form-control wpcf7-text wpcf7-validates-as-required half\" aria-required=\"true\" aria-invalid=\"false\" placeholder=\"Nom de famille*\" value=\"\" type=\"text\" name=\"lastname\" \/><\/span><br \/>\n<span class=\"wpcf7-form-control-wrap\" data-name=\"email\"><input size=\"40\" maxlength=\"400\" class=\"wpcf7-form-control wpcf7-email wpcf7-validates-as-required wpcf7-text wpcf7-validates-as-email half\" aria-required=\"true\" aria-invalid=\"false\" placeholder=\"Email*\" value=\"\" type=\"email\" name=\"email\" \/><\/span><br \/>\n<span class=\"wpcf7-form-control-wrap\" data-name=\"telephone\"><input size=\"40\" maxlength=\"400\" class=\"wpcf7-form-control wpcf7-tel wpcf7-validates-as-required wpcf7-text wpcf7-validates-as-tel half\" aria-required=\"true\" aria-invalid=\"false\" placeholder=\"T\u00e9l\u00e9phone*\" value=\"\" type=\"tel\" name=\"telephone\" \/><\/span><br \/>\n<span class=\"wpcf7-form-control-wrap\" data-name=\"country\"><input size=\"40\" maxlength=\"400\" class=\"wpcf7-form-control wpcf7-text half\" aria-invalid=\"false\" placeholder=\"Pays\" value=\"\" type=\"text\" name=\"country\" \/><\/span><br \/>\n<span class=\"wpcf7-form-control-wrap\" data-name=\"hearfromus\"><select class=\"wpcf7-form-control wpcf7-select wpcf7-validates-as-required half\" aria-required=\"true\" aria-invalid=\"false\" name=\"hearfromus\"><option value=\"Nature de la demande?*\">Nature de la demande?*<\/option><option value=\"R\u00e9servations\">R\u00e9servations<\/option><option value=\"Informations\">Informations<\/option><option value=\"Concierge\">Concierge<\/option><option value=\"Spa &amp; Wellness\">Spa &amp; Wellness<\/option><option value=\"Concept Store IN-HUYS\">Concept Store IN-HUYS<\/option><option value=\"Autres\">Autres<\/option><\/select><\/span><br \/>\n<span class=\"wpcf7-form-control-wrap\" data-name=\"textarea-723\"><textarea cols=\"40\" rows=\"10\" maxlength=\"2000\" class=\"wpcf7-form-control wpcf7-textarea full\" aria-invalid=\"false\" placeholder=\"Message\" name=\"textarea-723\"><\/textarea><\/span>\n<\/p>\n<p class=\"privacy-contact\">Ce site est prot\u00e9g\u00e9 par reCAPTCHA et la <a href=\"\/privacy-policy-2\/\">politique de confidentialit\u00e9<\/a> et les <a href=\"\/terms-conditions\/\">conditions de service de<\/a> Google s'appliquent.\n<\/p>\n<p><br \/>\n<input class=\"wpcf7-form-control wpcf7-submit has-spinner\" type=\"submit\" value=\"Envoyer la demande\" \/>\n<\/p><noscript>\n\t\t\t<div class=\"wpcf7-response-output wpcf7-spam-blocked\">Your browser does not support JavaScript!. Please enable javascript in your browser in order to get form work properly.<\/div>\n\t<\/noscript><script type='text\/javascript'>\n\n\t\t\t\t\t\tif(contactform === undefined){\n\t\t\t\t\t\t\tvar contactform = [];\n\t\t\t\t\t\t}\n\t\t\t\t\t\tvar innerVal = [9406,'mail_sent_ok','Merci pour votre message. Il a &eacute;t&eacute; envoy&eacute;.'];\n\t\t\t\t\t\tcontactform.push(innerVal);\n\t\t\t\t\t\tvar innerVal = [9406,'mail_sent_ng','Une erreur s\\&#039;est produite lors de l\\&#039;envoi de votre message. Veuillez r&eacute;essayer plus tard.'];\n\t\t\t\t\t\tcontactform.push(innerVal);\n\t\t\t\t\t\tvar innerVal = [9406,'validation_error','Un ou plusieurs champs comportent une erreur. Veuillez v&eacute;rifier et r&eacute;essayer.'];\n\t\t\t\t\t\tcontactform.push(innerVal);\n\t\t\t\t\t\tvar innerVal = [9406,'spam','Une erreur s\\&#039;est produite lors de l\\&#039;envoi de votre message. Veuillez r&eacute;essayer plus tard.'];\n\t\t\t\t\t\tcontactform.push(innerVal);\n\t\t\t\t\t\tvar innerVal = [9406,'accept_terms','Vous devez accepter les termes et conditions avant d\\&#039;envoyer votre message.'];\n\t\t\t\t\t\tcontactform.push(innerVal);\n\t\t\t\t\t\tvar innerVal = [9406,'invalid_required','Veuillez remplir ce champ.'];\n\t\t\t\t\t\tcontactform.push(innerVal);\n\t\t\t\t\t\tvar innerVal = [9406,'invalid_too_long','Ce champ a une entr&eacute;e trop longue.'];\n\t\t\t\t\t\tcontactform.push(innerVal);\n\t\t\t\t\t\tvar innerVal = [9406,'invalid_too_short','Ce champ a une entr&eacute;e trop courte.'];\n\t\t\t\t\t\tcontactform.push(innerVal);\n\t\t\t\t\t\tvar innerVal = [9406,'upload_failed','Une erreur inconnue s\\&#039;est produite lors du t&eacute;l&eacute;chargement du fichier.'];\n\t\t\t\t\t\tcontactform.push(innerVal);\n\t\t\t\t\t\tvar innerVal = [9406,'upload_file_type_invalid','Vous n\\&#039;&ecirc;tes pas autoris&eacute; &agrave; t&eacute;l&eacute;charger des fichiers de ce type.'];\n\t\t\t\t\t\tcontactform.push(innerVal);\n\t\t\t\t\t\tvar innerVal = [9406,'upload_file_too_large','Le fichier t&eacute;l&eacute;charg&eacute; est trop volumineux.'];\n\t\t\t\t\t\tcontactform.push(innerVal);\n\t\t\t\t\t\tvar innerVal = [9406,'upload_failed_php_error','Une erreur s\\&#039;est produite lors du t&eacute;l&eacute;chargement du fichier.'];\n\t\t\t\t\t\tcontactform.push(innerVal);\n\t\t\t\t\t\tvar innerVal = [9406,'invalid_date','Veuillez saisir une date au format AAAA-MM-JJ.'];\n\t\t\t\t\t\tcontactform.push(innerVal);\n\t\t\t\t\t\tvar innerVal = [9406,'date_too_early','Ce champ a une date trop pr&eacute;coce.'];\n\t\t\t\t\t\tcontactform.push(innerVal);\n\t\t\t\t\t\tvar innerVal = [9406,'date_too_late','Ce champ a une date trop tardive.'];\n\t\t\t\t\t\tcontactform.push(innerVal);\n\t\t\t\t\t\tvar innerVal = [9406,'invalid_number','Veuillez saisir un num&eacute;ro.'];\n\t\t\t\t\t\tcontactform.push(innerVal);\n\t\t\t\t\t\tvar innerVal = [9406,'number_too_small','Ce champ a un nombre trop petit.'];\n\t\t\t\t\t\tcontactform.push(innerVal);\n\t\t\t\t\t\tvar innerVal = [9406,'number_too_large','Ce champ a un nombre trop &eacute;lev&eacute;.'];\n\t\t\t\t\t\tcontactform.push(innerVal);\n\t\t\t\t\t\tvar innerVal = [9406,'quiz_answer_not_correct','La r&eacute;ponse au quiz est incorrecte.'];\n\t\t\t\t\t\tcontactform.push(innerVal);\n\t\t\t\t\t\tvar innerVal = [9406,'invalid_email','Veuillez saisir une adresse &eacute;lectronique.'];\n\t\t\t\t\t\tcontactform.push(innerVal);\n\t\t\t\t\t\tvar innerVal = [9406,'invalid_url','Veuillez saisir une URL.'];\n\t\t\t\t\t\tcontactform.push(innerVal);\n\t\t\t\t\t\tvar innerVal = [9406,'invalid_tel','Veuillez saisir un num&eacute;ro de t&eacute;l&eacute;phone.'];\n\t\t\t\t\t\tcontactform.push(innerVal);\n\t\t\t\t\t\tvar innerVal = [9406,'gdpr',''];\n\t\t\t\t\t\tcontactform.push(innerVal);\n\t\t\t\t\t\t<\/script><div class=\"wpcf7-response-output\" aria-hidden=\"true\"><\/div>\n<\/form>\n<\/div>\n<\/div>\n<\/div>\n<\/div>\n\n<div class=\"wp-block-columns special-request no-margins-mobile is-layout-flex wp-container-core-columns-is-layout-9d6595d7 wp-block-columns-is-layout-flex\" id=\"special\">\n<div class=\"wp-block-column has-central-palette-11-background-color has-background is-layout-flow wp-block-column-is-layout-flow\">\n<h2 class=\"wp-block-heading has-text-align-center has-extra-large-font-size\">Conditions g\u00e9n\u00e9rales d&rsquo;utilisation<\/h2>\n\n\n\n<p class=\"has-text-align-center\">This offer is valid until 31 December 2026. Les tarifs s&rsquo;entendent TVA comprise, hors taxe municipale. Le petit-d\u00e9jeuner gratuit comprend un petit-d\u00e9jeuner continental pour deux personnes \u00e0 la Brasserie Marie. Cette offre est valable et soumise \u00e0 disponibilit\u00e9.<\/p>\n<\/div>\n<\/div>\n","protected":false},"excerpt":{"rendered":"<p>Votre escapade parfaite Organisez votre escapade parfaite au c\u0153ur d&rsquo;Amsterdam \u00e0 l&rsquo;h\u00f4tel De L&rsquo;Europe Amsterdam, o\u00f9 le luxe rencontre le charme intemporel. Situ\u00e9 le long des canaux embl\u00e9matiques de la ville, notre h\u00f4tel est le point de d\u00e9part id\u00e9al pour explorer les principales attractions d&rsquo;Amsterdam. Promenez-vous dans les rues pittoresques, visitez des mus\u00e9es de renomm\u00e9e [&hellip;]<\/p>\n","protected":false},"author":17,"featured_media":3638,"parent":3148,"menu_order":1,"comment_status":"closed","ping_status":"closed","template":"","meta":{"_acf_changed":false,"footnotes":""},"class_list":["post-3634","page","type-page","status-publish","has-post-thumbnail","hentry"],"acf":[],"yoast_head":"<!-- This site is optimized with the Yoast SEO plugin v27.3 - https:\/\/yoast.com\/product\/yoast-seo-wordpress\/ -->\n<title>S\u00e9jour de 4 nuits, 3 nuits payantes Offre De L&#039;Europe Amsterdam<\/title>\n<meta name=\"description\" content=\"Profitez d&#039;un s\u00e9jour prolong\u00e9 au De L&#039;Europe Amsterdam avec notre offre Stay 4 Pay 3, offrant une nuit suppl\u00e9mentaire d&#039;h\u00e9bergement luxueux. R\u00e9servez votre s\u00e9jour d\u00e8s maintenant.\" \/>\n<meta name=\"robots\" content=\"index, follow, max-snippet:-1, max-image-preview:large, max-video-preview:-1\" \/>\n<link rel=\"canonical\" href=\"https:\/\/www.deleurope.com\/fr\/experiences-et-offres-uniques\/sejournez-4-payez-3\/\" \/>\n<meta property=\"og:locale\" content=\"fr_FR\" \/>\n<meta property=\"og:type\" content=\"article\" \/>\n<meta property=\"og:title\" content=\"S\u00e9jour de 4 nuits, 3 nuits payantes Offre De L&#039;Europe Amsterdam\" \/>\n<meta property=\"og:description\" content=\"Profitez d&#039;un s\u00e9jour prolong\u00e9 au De L&#039;Europe Amsterdam avec notre offre Stay 4 Pay 3, offrant une nuit suppl\u00e9mentaire d&#039;h\u00e9bergement luxueux. R\u00e9servez votre s\u00e9jour d\u00e8s maintenant.\" \/>\n<meta property=\"og:url\" content=\"https:\/\/www.deleurope.com\/fr\/experiences-et-offres-uniques\/sejournez-4-payez-3\/\" \/>\n<meta property=\"og:site_name\" content=\"De L&#039;Europe Amsterdam\" \/>\n<meta property=\"article:modified_time\" content=\"2026-02-26T14:01:45+00:00\" \/>\n<meta property=\"og:image\" content=\"https:\/\/www.deleurope.com\/wp-content\/uploads\/2024\/02\/De-LEurope-Exterior.webp\" \/>\n\t<meta property=\"og:image:width\" content=\"1680\" \/>\n\t<meta property=\"og:image:height\" content=\"897\" \/>\n\t<meta property=\"og:image:type\" content=\"image\/webp\" \/>\n<meta name=\"twitter:card\" content=\"summary_large_image\" \/>\n<meta name=\"twitter:label1\" content=\"Dur\u00e9e de lecture estim\u00e9e\" \/>\n\t<meta name=\"twitter:data1\" content=\"2 minutes\" \/>\n<script type=\"application\/ld+json\" class=\"yoast-schema-graph\">{\"@context\":\"https:\\\/\\\/schema.org\",\"@graph\":[{\"@type\":\"WebPage\",\"@id\":\"https:\\\/\\\/www.deleurope.com\\\/fr\\\/experiences-et-offres-uniques\\\/sejournez-4-payez-3\\\/\",\"url\":\"https:\\\/\\\/www.deleurope.com\\\/fr\\\/experiences-et-offres-uniques\\\/sejournez-4-payez-3\\\/\",\"name\":\"S\u00e9jour de 4 nuits, 3 nuits payantes Offre De L'Europe Amsterdam\",\"isPartOf\":{\"@id\":\"https:\\\/\\\/www.deleurope.com\\\/fr\\\/#website\"},\"primaryImageOfPage\":{\"@id\":\"https:\\\/\\\/www.deleurope.com\\\/fr\\\/experiences-et-offres-uniques\\\/sejournez-4-payez-3\\\/#primaryimage\"},\"image\":{\"@id\":\"https:\\\/\\\/www.deleurope.com\\\/fr\\\/experiences-et-offres-uniques\\\/sejournez-4-payez-3\\\/#primaryimage\"},\"thumbnailUrl\":\"https:\\\/\\\/www.deleurope.com\\\/wp-content\\\/uploads\\\/2024\\\/02\\\/De-LEurope-Exterior.webp\",\"datePublished\":\"2024-01-16T11:37:55+00:00\",\"dateModified\":\"2026-02-26T14:01:45+00:00\",\"description\":\"Profitez d'un s\u00e9jour prolong\u00e9 au De L'Europe Amsterdam avec notre offre Stay 4 Pay 3, offrant une nuit suppl\u00e9mentaire d'h\u00e9bergement luxueux. R\u00e9servez votre s\u00e9jour d\u00e8s maintenant.\",\"breadcrumb\":{\"@id\":\"https:\\\/\\\/www.deleurope.com\\\/fr\\\/experiences-et-offres-uniques\\\/sejournez-4-payez-3\\\/#breadcrumb\"},\"inLanguage\":\"fr-FR\",\"potentialAction\":[{\"@type\":\"ReadAction\",\"target\":[\"https:\\\/\\\/www.deleurope.com\\\/fr\\\/experiences-et-offres-uniques\\\/sejournez-4-payez-3\\\/\"]}]},{\"@type\":\"ImageObject\",\"inLanguage\":\"fr-FR\",\"@id\":\"https:\\\/\\\/www.deleurope.com\\\/fr\\\/experiences-et-offres-uniques\\\/sejournez-4-payez-3\\\/#primaryimage\",\"url\":\"https:\\\/\\\/www.deleurope.com\\\/wp-content\\\/uploads\\\/2024\\\/02\\\/De-LEurope-Exterior.webp\",\"contentUrl\":\"https:\\\/\\\/www.deleurope.com\\\/wp-content\\\/uploads\\\/2024\\\/02\\\/De-LEurope-Exterior.webp\",\"width\":1680,\"height\":897},{\"@type\":\"BreadcrumbList\",\"@id\":\"https:\\\/\\\/www.deleurope.com\\\/fr\\\/experiences-et-offres-uniques\\\/sejournez-4-payez-3\\\/#breadcrumb\",\"itemListElement\":[{\"@type\":\"ListItem\",\"position\":1,\"name\":\"Home\",\"item\":\"https:\\\/\\\/www.deleurope.com\\\/fr\\\/\"},{\"@type\":\"ListItem\",\"position\":2,\"name\":\"Offres et paquets\",\"item\":\"https:\\\/\\\/www.deleurope.com\\\/fr\\\/experiences-et-offres-uniques\\\/\"},{\"@type\":\"ListItem\",\"position\":3,\"name\":\"S\u00e9journez 4, payez 3\"}]},{\"@type\":\"WebSite\",\"@id\":\"https:\\\/\\\/www.deleurope.com\\\/fr\\\/#website\",\"url\":\"https:\\\/\\\/www.deleurope.com\\\/fr\\\/\",\"name\":\"De L&#039;Europe Amsterdam\",\"description\":\"Home of original Amsterdam luxury.\",\"potentialAction\":[{\"@type\":\"SearchAction\",\"target\":{\"@type\":\"EntryPoint\",\"urlTemplate\":\"https:\\\/\\\/www.deleurope.com\\\/fr\\\/?s={search_term_string}\"},\"query-input\":{\"@type\":\"PropertyValueSpecification\",\"valueRequired\":true,\"valueName\":\"search_term_string\"}}],\"inLanguage\":\"fr-FR\"}]}<\/script>\n<!-- \/ Yoast SEO plugin. -->","yoast_head_json":{"title":"S\u00e9jour de 4 nuits, 3 nuits payantes Offre De L'Europe Amsterdam","description":"Profitez d'un s\u00e9jour prolong\u00e9 au De L'Europe Amsterdam avec notre offre Stay 4 Pay 3, offrant une nuit suppl\u00e9mentaire d'h\u00e9bergement luxueux. R\u00e9servez votre s\u00e9jour d\u00e8s maintenant.","robots":{"index":"index","follow":"follow","max-snippet":"max-snippet:-1","max-image-preview":"max-image-preview:large","max-video-preview":"max-video-preview:-1"},"canonical":"https:\/\/www.deleurope.com\/fr\/experiences-et-offres-uniques\/sejournez-4-payez-3\/","og_locale":"fr_FR","og_type":"article","og_title":"S\u00e9jour de 4 nuits, 3 nuits payantes Offre De L'Europe Amsterdam","og_description":"Profitez d'un s\u00e9jour prolong\u00e9 au De L'Europe Amsterdam avec notre offre Stay 4 Pay 3, offrant une nuit suppl\u00e9mentaire d'h\u00e9bergement luxueux. R\u00e9servez votre s\u00e9jour d\u00e8s maintenant.","og_url":"https:\/\/www.deleurope.com\/fr\/experiences-et-offres-uniques\/sejournez-4-payez-3\/","og_site_name":"De L&#039;Europe Amsterdam","article_modified_time":"2026-02-26T14:01:45+00:00","og_image":[{"width":1680,"height":897,"url":"https:\/\/www.deleurope.com\/wp-content\/uploads\/2024\/02\/De-LEurope-Exterior.webp","type":"image\/webp"}],"twitter_card":"summary_large_image","twitter_misc":{"Dur\u00e9e de lecture estim\u00e9e":"2 minutes"},"schema":{"@context":"https:\/\/schema.org","@graph":[{"@type":"WebPage","@id":"https:\/\/www.deleurope.com\/fr\/experiences-et-offres-uniques\/sejournez-4-payez-3\/","url":"https:\/\/www.deleurope.com\/fr\/experiences-et-offres-uniques\/sejournez-4-payez-3\/","name":"S\u00e9jour de 4 nuits, 3 nuits payantes Offre De L'Europe Amsterdam","isPartOf":{"@id":"https:\/\/www.deleurope.com\/fr\/#website"},"primaryImageOfPage":{"@id":"https:\/\/www.deleurope.com\/fr\/experiences-et-offres-uniques\/sejournez-4-payez-3\/#primaryimage"},"image":{"@id":"https:\/\/www.deleurope.com\/fr\/experiences-et-offres-uniques\/sejournez-4-payez-3\/#primaryimage"},"thumbnailUrl":"https:\/\/www.deleurope.com\/wp-content\/uploads\/2024\/02\/De-LEurope-Exterior.webp","datePublished":"2024-01-16T11:37:55+00:00","dateModified":"2026-02-26T14:01:45+00:00","description":"Profitez d'un s\u00e9jour prolong\u00e9 au De L'Europe Amsterdam avec notre offre Stay 4 Pay 3, offrant une nuit suppl\u00e9mentaire d'h\u00e9bergement luxueux. R\u00e9servez votre s\u00e9jour d\u00e8s maintenant.","breadcrumb":{"@id":"https:\/\/www.deleurope.com\/fr\/experiences-et-offres-uniques\/sejournez-4-payez-3\/#breadcrumb"},"inLanguage":"fr-FR","potentialAction":[{"@type":"ReadAction","target":["https:\/\/www.deleurope.com\/fr\/experiences-et-offres-uniques\/sejournez-4-payez-3\/"]}]},{"@type":"ImageObject","inLanguage":"fr-FR","@id":"https:\/\/www.deleurope.com\/fr\/experiences-et-offres-uniques\/sejournez-4-payez-3\/#primaryimage","url":"https:\/\/www.deleurope.com\/wp-content\/uploads\/2024\/02\/De-LEurope-Exterior.webp","contentUrl":"https:\/\/www.deleurope.com\/wp-content\/uploads\/2024\/02\/De-LEurope-Exterior.webp","width":1680,"height":897},{"@type":"BreadcrumbList","@id":"https:\/\/www.deleurope.com\/fr\/experiences-et-offres-uniques\/sejournez-4-payez-3\/#breadcrumb","itemListElement":[{"@type":"ListItem","position":1,"name":"Home","item":"https:\/\/www.deleurope.com\/fr\/"},{"@type":"ListItem","position":2,"name":"Offres et paquets","item":"https:\/\/www.deleurope.com\/fr\/experiences-et-offres-uniques\/"},{"@type":"ListItem","position":3,"name":"S\u00e9journez 4, payez 3"}]},{"@type":"WebSite","@id":"https:\/\/www.deleurope.com\/fr\/#website","url":"https:\/\/www.deleurope.com\/fr\/","name":"De L&#039;Europe Amsterdam","description":"Home of original Amsterdam luxury.","potentialAction":[{"@type":"SearchAction","target":{"@type":"EntryPoint","urlTemplate":"https:\/\/www.deleurope.com\/fr\/?s={search_term_string}"},"query-input":{"@type":"PropertyValueSpecification","valueRequired":true,"valueName":"search_term_string"}}],"inLanguage":"fr-FR"}]}},"featured_image_src":"https:\/\/www.deleurope.com\/wp-content\/uploads\/2024\/02\/De-LEurope-Exterior-600x400.webp","featured_image_src_square":"https:\/\/www.deleurope.com\/wp-content\/uploads\/2024\/02\/De-LEurope-Exterior-600x600.webp","_links":{"self":[{"href":"https:\/\/www.deleurope.com\/fr\/wp-json\/wp\/v2\/pages\/3634","targetHints":{"allow":["GET"]}}],"collection":[{"href":"https:\/\/www.deleurope.com\/fr\/wp-json\/wp\/v2\/pages"}],"about":[{"href":"https:\/\/www.deleurope.com\/fr\/wp-json\/wp\/v2\/types\/page"}],"author":[{"embeddable":true,"href":"https:\/\/www.deleurope.com\/fr\/wp-json\/wp\/v2\/users\/17"}],"replies":[{"embeddable":true,"href":"https:\/\/www.deleurope.com\/fr\/wp-json\/wp\/v2\/comments?post=3634"}],"version-history":[{"count":0,"href":"https:\/\/www.deleurope.com\/fr\/wp-json\/wp\/v2\/pages\/3634\/revisions"}],"up":[{"embeddable":true,"href":"https:\/\/www.deleurope.com\/fr\/wp-json\/wp\/v2\/pages\/3148"}],"wp:featuredmedia":[{"embeddable":true,"href":"https:\/\/www.deleurope.com\/fr\/wp-json\/wp\/v2\/media\/3638"}],"wp:attachment":[{"href":"https:\/\/www.deleurope.com\/fr\/wp-json\/wp\/v2\/media?parent=3634"}],"curies":[{"name":"wp","href":"https:\/\/api.w.org\/{rel}","templated":true}]}}