{"id":3643,"date":"2024-01-15T11:34:12","date_gmt":"2024-01-15T11:34:12","guid":{"rendered":"https:\/\/www.deleurope.com\/offres-et-paquets\/pour-tous-les-passionnes-dart-et-de-culture\/"},"modified":"2024-03-08T10:16:36","modified_gmt":"2024-03-08T10:16:36","slug":"pour-tous-les-passionnes-dart-et-de-culture","status":"publish","type":"page","link":"https:\/\/www.deleurope.com\/fr\/experiences-et-offres-uniques\/pour-tous-les-passionnes-dart-et-de-culture\/","title":{"rendered":"POUR TOUS LES PASSIONN\u00c9S D&rsquo;ART ET DE CULTURE"},"content":{"rendered":"\n<div class=\"wp-block-columns margin-bottom-none is-layout-flex wp-container-core-columns-is-layout-9d6595d7 wp-block-columns-is-layout-flex\">\n<div class=\"wp-block-column two-texts-intro with-cta is-layout-flow wp-block-column-is-layout-flow\">\n<h2 class=\"wp-block-heading has-text-align-center rooms-description-white-box two-texts-bigger header-bigger with-cta has-extra-large-font-size\">D\u00c9COUVREZ NOTRE OFFRE CULTURELLE<\/h2>\n\n\n\n<p class=\"has-text-align-center\">De L&rsquo;Europe est fier de pr\u00e9senter une offre culturelle tout au long de l&rsquo;ann\u00e9e, invitant les visiteurs \u00e0 s&rsquo;immerger dans la riche tapisserie d&rsquo;art, de photographie et de design d&rsquo;Amsterdam. Ce forfait vous invite \u00e0 percer les secrets de l&rsquo;art et \u00e0 vous laisser aller au luxe, en cr\u00e9ant une toile de merveilles culturelles \u00e0 chaque s\u00e9jour. Plongez dans l&rsquo;enchantement et laissez le voyage commencer. <\/p>\n\n\n\n<p class=\"has-text-align-center\"><strong>Du 16 f\u00e9vrier au 9 juin 2024, notre forfait culturel comprend un s\u00e9jour exclusif de deux nuits, des billets pour l&rsquo;exposition Frans Hals au Rijksmuseum et un service sp\u00e9cial Frans Hals.<\/strong><\/p>\n\n\n\n<div class=\"wp-block-buttons is-content-justification-center is-layout-flex wp-container-core-buttons-is-layout-16018d1d wp-block-buttons-is-layout-flex\">\n<div class=\"wp-block-button is-style-outline book-now is-style-outline--1\" style=\"text-transform:uppercase\"><a class=\"wp-block-button__link has-central-palette-7-color has-central-palette-1-background-color has-text-color has-background has-text-align-center wp-element-button\" href=\"#\/booking\/step-1?group=SV\" style=\"border-radius:0px\" target=\"_blank\" rel=\"noreferrer noopener\">R\u00c9SERVEZ CETTE OFFRE LIMIT\u00c9E DANS LE TEMPS<\/a><\/div>\n<\/div>\n<\/div>\n<\/div>\n\n<div class=\"wp-block-columns top-border align-left-text text-on-left wrap-2-columns eat-and-drink-cards is-layout-flex wp-container-core-columns-is-layout-9d6595d7 wp-block-columns-is-layout-flex\" id=\"graziella\">\n<div class=\"wp-block-column is-vertically-aligned-center middle-align is-layout-flow wp-block-column-is-layout-flow\" style=\"flex-basis:40%\">\n<div class=\"wp-block-group\"><div class=\"wp-block-group__inner-container is-layout-constrained wp-block-group-is-layout-constrained\">\n<h1 class=\"wp-block-heading\">FRANS HALS, LE PEINTRE<\/h1>\n\n\n\n<p>L&rsquo;exposition Frans Hals est pr\u00e9sent\u00e9e au Rijksmuseum du 16 f\u00e9vrier au 9 juin 2024.<\/p>\n\n\n\n<p>\u00c0 son \u00e9poque, Frans Hals s&rsquo;est impos\u00e9 comme un artiste novateur, rivalisant avec des peintres comme Rembrandt aux Pays-Bas et Vel\u00e1zquez en Espagne. Reconnu pour son style unique, il \u00e9tait un portraitiste recherch\u00e9, non seulement par les citoyens ais\u00e9s de Haarlem, mais aussi par des clients d&rsquo;autres villes n\u00e9erlandaises. Malgr\u00e9 sa notori\u00e9t\u00e9 initiale, l&rsquo;\u0153uvre de Hals a progressivement sombr\u00e9 dans l&rsquo;obscurit\u00e9 tout au long du XVIIIe si\u00e8cle. <\/p>\n\n\n\n<p>Red\u00e9couvert au milieu du XIXe si\u00e8cle par le critique d&rsquo;art fran\u00e7ais Th\u00e9ophile Thor\u00e9-B\u00fcrger, il a \u00e9t\u00e9 salu\u00e9, avec Vermeer et Rembrandt, comme faisant partie des \u00ab\u00a0trois grands\u00a0\u00bb de la peinture hollandaise du XVIIe si\u00e8cle jusque dans les ann\u00e9es 20. Apr\u00e8s une p\u00e9riode de d\u00e9sint\u00e9r\u00eat, le Rijksmuseum souhaite r\u00e9introduire Hals aupr\u00e8s d&rsquo;une nouvelle g\u00e9n\u00e9ration, en mettant l&rsquo;accent sur ses contributions r\u00e9volutionnaires.<\/p>\n<\/div><\/div>\n\n\n\n<div class=\"wp-block-buttons is-content-justification-center is-layout-flex wp-container-core-buttons-is-layout-16018d1d wp-block-buttons-is-layout-flex\">\n<div class=\"wp-block-button is-style-outline book-now is-style-outline--2\" style=\"text-transform:uppercase\"><a class=\"wp-block-button__link has-central-palette-7-color has-central-palette-1-background-color has-text-color has-background has-text-align-center wp-element-button\" href=\"https:\/\/www.rijksmuseum.nl\/en\/whats-on\/exhibitions\/frans-hals\" style=\"border-radius:0px\" target=\"_blank\" rel=\"noreferrer noopener\">EN SAVOIR PLUS<\/a><\/div>\n<\/div>\n<\/div>\n\n\n\n<div class=\"wp-block-column slider-wrap padding-left-md is-layout-flow wp-block-column-is-layout-flow\" style=\"flex-basis:60%\">\n<figure class=\"wp-block-image size-large\"><img loading=\"lazy\" decoding=\"async\" width=\"800\" height=\"547\" src=\"https:\/\/deleurope.com\/wp-content\/uploads\/2024\/01\/FRAN-HALS-800x547.jpg\" alt=\"\" class=\"wp-image-1259\"\/><\/figure>\n<\/div>\n<\/div>\n\n<div class=\"wp-block-columns no-border-top with-subheader image_left_text_bg_right wrap-2-columns is-layout-flex wp-container-core-columns-is-layout-9d6595d7 wp-block-columns-is-layout-flex\">\n<div class=\"wp-block-column slider-wrap is-layout-flow wp-block-column-is-layout-flow\" style=\"flex-basis:50%\">\n<figure class=\"wp-block-image size-large\"><img loading=\"lazy\" decoding=\"async\" width=\"800\" height=\"600\" src=\"https:\/\/deleurope.com\/wp-content\/uploads\/2024\/01\/Fran-hals-exibition-amsterdam-800x600.jpg\" alt=\"\" class=\"wp-image-1255\" srcset=\"https:\/\/www.deleurope.com\/wp-content\/uploads\/2024\/01\/Fran-hals-exibition-amsterdam-800x600.jpg 800w, https:\/\/www.deleurope.com\/wp-content\/uploads\/2024\/01\/Fran-hals-exibition-amsterdam-400x300.jpg 400w\" sizes=\"auto, (max-width: 800px) 100vw, 800px\" \/><\/figure>\n<\/div>\n\n\n\n<div class=\"wp-block-column is-vertically-aligned-center middle-align is-layout-flow wp-block-column-is-layout-flow\" style=\"flex-basis:50%\">\n<div class=\"wp-block-columns is-layout-flex wp-container-core-columns-is-layout-9d6595d7 wp-block-columns-is-layout-flex\">\n<div class=\"wp-block-column has-central-palette-4-background-color has-background is-layout-flow wp-block-column-is-layout-flow\">\n<h2 class=\"wp-block-heading has-text-align-center has-extra-large-font-size\">Inclus<\/h2>\n\n\n\n<h4 class=\"wp-block-heading has-text-align-center\"> RIJKSMUSEUM FRANS HALS PACKAGE<\/h4>\n\n\n\n<ul class=\"wp-block-list\">\n<li>H\u00e9bergement 5 \u00e9toiles<\/li>\n\n\n\n<li>D\u00e9licieux petit-d\u00e9jeuner<\/li>\n\n\n\n<li>Le catalogue Frans Hals<\/li>\n\n\n\n<li>Rijksmuseum Vriendschap (billet) pour visiter le Rijksmuseum et l&rsquo;impressionnante exposition Frans Hals.<\/li>\n<\/ul>\n\n\n\n<div class=\"wp-block-buttons is-content-justification-center is-layout-flex wp-container-core-buttons-is-layout-16018d1d wp-block-buttons-is-layout-flex\">\n<div class=\"wp-block-button is-style-outline not-italic is-style-outline--3\" style=\"text-transform:uppercase\"><a class=\"wp-block-button__link wp-element-button\" href=\"#\/booking\/step-1?group=SV\" style=\"border-radius:0px\" target=\"_blank\" rel=\"noreferrer noopener\">V\u00e9rifier la disponibilit\u00e9<\/a><\/div>\n<\/div>\n<\/div>\n<\/div>\n<\/div>\n<\/div>\n\n<div class=\"wp-block-columns margin-bottom-none is-layout-flex wp-container-core-columns-is-layout-9d6595d7 wp-block-columns-is-layout-flex\">\n<div class=\"wp-block-column two-texts-intro is-layout-flow wp-block-column-is-layout-flow\">\n<h2 class=\"wp-block-heading has-text-align-center rooms-description-white-box two-texts-bigger header-bigger has-extra-large-font-size\">CONDITIONS <strong> G\u00c9N\u00c9RALES<\/strong><\/h2>\n\n\n\n<p class=\"has-text-align-center two-texts-smaller\">Les tarifs sont flexibles, sur la base d&rsquo;une occupation par deux personnes. Les tarifs s&rsquo;entendent TVA comprise, hors taxe municipale. Cette offre peut \u00eatre r\u00e9serv\u00e9e jusqu&rsquo;au 9 juin 2024 et, sous r\u00e9serve de disponibilit\u00e9, l&rsquo;annulation est possible jusqu&rsquo;\u00e0 96 heures avant l&rsquo;arriv\u00e9e.<\/p>\n<\/div>\n<\/div>\n\n<div class=\"wp-block-columns block-with-centered-overlay no-margins is-layout-flex wp-container-core-columns-is-layout-9d6595d7 wp-block-columns-is-layout-flex\">\n<div class=\"wp-block-column is-layout-flow wp-block-column-is-layout-flow\">\n<div class=\"wp-block-cover\"><span aria-hidden=\"true\" class=\"wp-block-cover__background has-background-dim\"><\/span><img loading=\"lazy\" decoding=\"async\" width=\"1500\" height=\"1125\" class=\"wp-block-cover__image-background wp-image-1786\" alt=\"Het Rijksmuseum Amsterdam\" src=\"https:\/\/deleurope.com\/wp-content\/uploads\/2024\/01\/sten-rademaker-8VRl91VrExA-unsplash.jpg\" data-object-fit=\"cover\" srcset=\"https:\/\/www.deleurope.com\/wp-content\/uploads\/2024\/01\/sten-rademaker-8VRl91VrExA-unsplash.jpg 1500w, https:\/\/www.deleurope.com\/wp-content\/uploads\/2024\/01\/sten-rademaker-8VRl91VrExA-unsplash-400x300.jpg 400w, https:\/\/www.deleurope.com\/wp-content\/uploads\/2024\/01\/sten-rademaker-8VRl91VrExA-unsplash-800x600.jpg 800w, https:\/\/www.deleurope.com\/wp-content\/uploads\/2024\/01\/sten-rademaker-8VRl91VrExA-unsplash-768x576.jpg 768w\" sizes=\"auto, (max-width: 1500px) 100vw, 1500px\" \/><div class=\"wp-block-cover__inner-container is-layout-constrained wp-block-cover-is-layout-constrained\">\n<div class=\"wp-block-columns is-layout-flex wp-container-core-columns-is-layout-9d6595d7 wp-block-columns-is-layout-flex\">\n<div class=\"wp-block-column overlay-hero-middle has-central-palette-7-background-color has-background is-layout-flow wp-block-column-is-layout-flow\">\n<h2 class=\"wp-block-heading has-text-align-center has-central-palette-1-color has-text-color has-extra-large-font-size\">LE RIJKS<wbr>MUSEUM<\/wbr> <\/h2>\n\n\n\n<p class=\"has-text-align-center has-central-palette-1-color has-text-color\">Le Rijksmuseum, situ\u00e9 \u00e0 Amsterdam, est un tr\u00e9sor culturel qui c\u00e9l\u00e8bre le riche patrimoine artistique des Pays-Bas. Ce mus\u00e9e embl\u00e9matique est une vitrine vibrante de l&rsquo;art et de l&rsquo;histoire des Pays-Bas, avec une vaste collection qui s&rsquo;\u00e9tend sur plusieurs si\u00e8cles. Des chefs-d&rsquo;\u0153uvre de peintres n\u00e9erlandais renomm\u00e9s aux objets historiques, le Rijksmuseum invite les visiteurs \u00e0 un voyage captivant \u00e0 travers l&rsquo;\u00e9volution artistique et culturelle du pays. Plongez dans la beaut\u00e9 et l&rsquo;importance de l&rsquo;art n\u00e9erlandais au Rijksmuseum, une destination qui attire \u00e0 la fois les amateurs d&rsquo;art et les esprits curieux.<\/p>\n\n\n\n<div class=\"wp-block-buttons is-content-justification-center is-layout-flex wp-container-core-buttons-is-layout-16018d1d wp-block-buttons-is-layout-flex\">\n<div class=\"wp-block-button is-style-outline not-italic is-style-outline--4\" style=\"text-transform:uppercase\"><a class=\"wp-block-button__link has-central-palette-1-color has-text-color wp-element-button\" href=\"https:\/\/www.rijksmuseum.nl\/en\" style=\"border-radius:0px\" target=\"_blank\" rel=\"noreferrer noopener\">DIscover more<\/a><\/div>\n<\/div>\n<\/div>\n<\/div>\n<\/div><\/div>\n<\/div>\n<\/div>\n\n<div class=\"wp-block-columns special-request is-layout-flex wp-container-core-columns-is-layout-9d6595d7 wp-block-columns-is-layout-flex\">\n<div class=\"wp-block-column has-central-palette-11-background-color has-background is-layout-flow wp-block-column-is-layout-flow\">\n<h2 class=\"wp-block-heading has-text-align-center has-extra-large-font-size\">Requ\u00eate sp\u00e9ciale<\/h2>\n\n\n\n<p class=\"has-text-align-center\">Nous sommes ravis de r\u00e9pondre \u00e0 vos demandes particuli\u00e8res. Votre confort est notre priorit\u00e9, et nous nous r\u00e9jouissons de vous faire vivre une exp\u00e9rience agr\u00e9able.<\/p>\n\n\n\n<div class=\"wp-block-buttons is-content-justification-center is-layout-flex wp-container-core-buttons-is-layout-16018d1d wp-block-buttons-is-layout-flex\">\n<div class=\"wp-block-button is-style-outline not-italic is-style-outline--5\" style=\"text-transform:uppercase\"><a class=\"wp-block-button__link wp-element-button\" href=\"mailto:reservations@deleurope.com\" style=\"border-radius:0px\" target=\"_blank\" rel=\"noreferrer noopener\">ENQU\u00caTE<\/a><\/div>\n<\/div>\n<\/div>\n<\/div>\n","protected":false},"excerpt":{"rendered":"<p>D\u00c9COUVREZ NOTRE OFFRE CULTURELLE De L&rsquo;Europe est fier de pr\u00e9senter une offre culturelle tout au long de l&rsquo;ann\u00e9e, invitant les visiteurs \u00e0 s&rsquo;immerger dans la riche tapisserie d&rsquo;art, de photographie et de design d&rsquo;Amsterdam. Ce forfait vous invite \u00e0 percer les secrets de l&rsquo;art et \u00e0 vous laisser aller au luxe, en cr\u00e9ant une toile [&hellip;]<\/p>\n","protected":false},"author":17,"featured_media":3646,"parent":3148,"menu_order":3,"comment_status":"closed","ping_status":"closed","template":"","meta":{"_acf_changed":false,"footnotes":""},"class_list":["post-3643","page","type-page","status-publish","has-post-thumbnail","hentry"],"acf":[],"yoast_head":"<!-- This site is optimized with the Yoast SEO plugin v27.3 - https:\/\/yoast.com\/product\/yoast-seo-wordpress\/ -->\n<title>POUR TOUS LES PASSIONN\u00c9S D&#039;ART ET DE CULTURE - De L&#039;Europe Amsterdam<\/title>\n<meta name=\"description\" content=\"Laissez-vous tenter par notre forfait culturel Frans Hals, qui comprend un s\u00e9jour exclusif de deux nuits et des billets pour l&#039;exposition au Rijksmuseum.\" \/>\n<meta name=\"robots\" content=\"index, follow, max-snippet:-1, max-image-preview:large, max-video-preview:-1\" \/>\n<link rel=\"canonical\" href=\"https:\/\/www.deleurope.com\/fr\/experiences-et-offres-uniques\/pour-tous-les-passionnes-dart-et-de-culture\/\" \/>\n<meta property=\"og:locale\" content=\"fr_FR\" \/>\n<meta property=\"og:type\" content=\"article\" \/>\n<meta property=\"og:title\" content=\"POUR TOUS LES PASSIONN\u00c9S D&#039;ART ET DE CULTURE - De L&#039;Europe Amsterdam\" \/>\n<meta property=\"og:description\" content=\"Laissez-vous tenter par notre forfait culturel Frans Hals, qui comprend un s\u00e9jour exclusif de deux nuits et des billets pour l&#039;exposition au Rijksmuseum.\" \/>\n<meta property=\"og:url\" content=\"https:\/\/www.deleurope.com\/fr\/experiences-et-offres-uniques\/pour-tous-les-passionnes-dart-et-de-culture\/\" \/>\n<meta property=\"og:site_name\" content=\"De L&#039;Europe Amsterdam\" \/>\n<meta property=\"article:modified_time\" content=\"2024-03-08T10:16:36+00:00\" \/>\n<meta property=\"og:image\" content=\"https:\/\/www.deleurope.com\/wp-content\/uploads\/2024\/01\/Rijksmuseum-Frans-Hals-Exhibition-2.jpg\" \/>\n\t<meta property=\"og:image:width\" content=\"1680\" \/>\n\t<meta property=\"og:image:height\" content=\"730\" \/>\n\t<meta property=\"og:image:type\" content=\"image\/jpeg\" \/>\n<meta name=\"twitter:card\" content=\"summary_large_image\" \/>\n<meta name=\"twitter:label1\" content=\"Dur\u00e9e de lecture estim\u00e9e\" \/>\n\t<meta name=\"twitter:data1\" content=\"2 minutes\" \/>\n<script type=\"application\/ld+json\" class=\"yoast-schema-graph\">{\"@context\":\"https:\\\/\\\/schema.org\",\"@graph\":[{\"@type\":\"WebPage\",\"@id\":\"https:\\\/\\\/www.deleurope.com\\\/fr\\\/experiences-et-offres-uniques\\\/pour-tous-les-passionnes-dart-et-de-culture\\\/\",\"url\":\"https:\\\/\\\/www.deleurope.com\\\/fr\\\/experiences-et-offres-uniques\\\/pour-tous-les-passionnes-dart-et-de-culture\\\/\",\"name\":\"POUR TOUS LES PASSIONN\u00c9S D'ART ET DE CULTURE - De L&#039;Europe Amsterdam\",\"isPartOf\":{\"@id\":\"https:\\\/\\\/www.deleurope.com\\\/fr\\\/#website\"},\"primaryImageOfPage\":{\"@id\":\"https:\\\/\\\/www.deleurope.com\\\/fr\\\/experiences-et-offres-uniques\\\/pour-tous-les-passionnes-dart-et-de-culture\\\/#primaryimage\"},\"image\":{\"@id\":\"https:\\\/\\\/www.deleurope.com\\\/fr\\\/experiences-et-offres-uniques\\\/pour-tous-les-passionnes-dart-et-de-culture\\\/#primaryimage\"},\"thumbnailUrl\":\"https:\\\/\\\/www.deleurope.com\\\/wp-content\\\/uploads\\\/2024\\\/01\\\/Rijksmuseum-Frans-Hals-Exhibition-2.jpg\",\"datePublished\":\"2024-01-15T11:34:12+00:00\",\"dateModified\":\"2024-03-08T10:16:36+00:00\",\"description\":\"Laissez-vous tenter par notre forfait culturel Frans Hals, qui comprend un s\u00e9jour exclusif de deux nuits et des billets pour l'exposition au Rijksmuseum.\",\"breadcrumb\":{\"@id\":\"https:\\\/\\\/www.deleurope.com\\\/fr\\\/experiences-et-offres-uniques\\\/pour-tous-les-passionnes-dart-et-de-culture\\\/#breadcrumb\"},\"inLanguage\":\"fr-FR\",\"potentialAction\":[{\"@type\":\"ReadAction\",\"target\":[\"https:\\\/\\\/www.deleurope.com\\\/fr\\\/experiences-et-offres-uniques\\\/pour-tous-les-passionnes-dart-et-de-culture\\\/\"]}]},{\"@type\":\"ImageObject\",\"inLanguage\":\"fr-FR\",\"@id\":\"https:\\\/\\\/www.deleurope.com\\\/fr\\\/experiences-et-offres-uniques\\\/pour-tous-les-passionnes-dart-et-de-culture\\\/#primaryimage\",\"url\":\"https:\\\/\\\/www.deleurope.com\\\/wp-content\\\/uploads\\\/2024\\\/01\\\/Rijksmuseum-Frans-Hals-Exhibition-2.jpg\",\"contentUrl\":\"https:\\\/\\\/www.deleurope.com\\\/wp-content\\\/uploads\\\/2024\\\/01\\\/Rijksmuseum-Frans-Hals-Exhibition-2.jpg\",\"width\":1680,\"height\":730},{\"@type\":\"BreadcrumbList\",\"@id\":\"https:\\\/\\\/www.deleurope.com\\\/fr\\\/experiences-et-offres-uniques\\\/pour-tous-les-passionnes-dart-et-de-culture\\\/#breadcrumb\",\"itemListElement\":[{\"@type\":\"ListItem\",\"position\":1,\"name\":\"Home\",\"item\":\"https:\\\/\\\/www.deleurope.com\\\/fr\\\/\"},{\"@type\":\"ListItem\",\"position\":2,\"name\":\"Offres et paquets\",\"item\":\"https:\\\/\\\/www.deleurope.com\\\/fr\\\/experiences-et-offres-uniques\\\/\"},{\"@type\":\"ListItem\",\"position\":3,\"name\":\"POUR TOUS LES PASSIONN\u00c9S D&#8217;ART ET DE CULTURE\"}]},{\"@type\":\"WebSite\",\"@id\":\"https:\\\/\\\/www.deleurope.com\\\/fr\\\/#website\",\"url\":\"https:\\\/\\\/www.deleurope.com\\\/fr\\\/\",\"name\":\"De L&#039;Europe Amsterdam\",\"description\":\"Home of original Amsterdam luxury.\",\"potentialAction\":[{\"@type\":\"SearchAction\",\"target\":{\"@type\":\"EntryPoint\",\"urlTemplate\":\"https:\\\/\\\/www.deleurope.com\\\/fr\\\/?s={search_term_string}\"},\"query-input\":{\"@type\":\"PropertyValueSpecification\",\"valueRequired\":true,\"valueName\":\"search_term_string\"}}],\"inLanguage\":\"fr-FR\"}]}<\/script>\n<!-- \/ Yoast SEO plugin. -->","yoast_head_json":{"title":"POUR TOUS LES PASSIONN\u00c9S D'ART ET DE CULTURE - De L&#039;Europe Amsterdam","description":"Laissez-vous tenter par notre forfait culturel Frans Hals, qui comprend un s\u00e9jour exclusif de deux nuits et des billets pour l'exposition au Rijksmuseum.","robots":{"index":"index","follow":"follow","max-snippet":"max-snippet:-1","max-image-preview":"max-image-preview:large","max-video-preview":"max-video-preview:-1"},"canonical":"https:\/\/www.deleurope.com\/fr\/experiences-et-offres-uniques\/pour-tous-les-passionnes-dart-et-de-culture\/","og_locale":"fr_FR","og_type":"article","og_title":"POUR TOUS LES PASSIONN\u00c9S D'ART ET DE CULTURE - De L&#039;Europe Amsterdam","og_description":"Laissez-vous tenter par notre forfait culturel Frans Hals, qui comprend un s\u00e9jour exclusif de deux nuits et des billets pour l'exposition au Rijksmuseum.","og_url":"https:\/\/www.deleurope.com\/fr\/experiences-et-offres-uniques\/pour-tous-les-passionnes-dart-et-de-culture\/","og_site_name":"De L&#039;Europe Amsterdam","article_modified_time":"2024-03-08T10:16:36+00:00","og_image":[{"width":1680,"height":730,"url":"https:\/\/www.deleurope.com\/wp-content\/uploads\/2024\/01\/Rijksmuseum-Frans-Hals-Exhibition-2.jpg","type":"image\/jpeg"}],"twitter_card":"summary_large_image","twitter_misc":{"Dur\u00e9e de lecture estim\u00e9e":"2 minutes"},"schema":{"@context":"https:\/\/schema.org","@graph":[{"@type":"WebPage","@id":"https:\/\/www.deleurope.com\/fr\/experiences-et-offres-uniques\/pour-tous-les-passionnes-dart-et-de-culture\/","url":"https:\/\/www.deleurope.com\/fr\/experiences-et-offres-uniques\/pour-tous-les-passionnes-dart-et-de-culture\/","name":"POUR TOUS LES PASSIONN\u00c9S D'ART ET DE CULTURE - De L&#039;Europe Amsterdam","isPartOf":{"@id":"https:\/\/www.deleurope.com\/fr\/#website"},"primaryImageOfPage":{"@id":"https:\/\/www.deleurope.com\/fr\/experiences-et-offres-uniques\/pour-tous-les-passionnes-dart-et-de-culture\/#primaryimage"},"image":{"@id":"https:\/\/www.deleurope.com\/fr\/experiences-et-offres-uniques\/pour-tous-les-passionnes-dart-et-de-culture\/#primaryimage"},"thumbnailUrl":"https:\/\/www.deleurope.com\/wp-content\/uploads\/2024\/01\/Rijksmuseum-Frans-Hals-Exhibition-2.jpg","datePublished":"2024-01-15T11:34:12+00:00","dateModified":"2024-03-08T10:16:36+00:00","description":"Laissez-vous tenter par notre forfait culturel Frans Hals, qui comprend un s\u00e9jour exclusif de deux nuits et des billets pour l'exposition au Rijksmuseum.","breadcrumb":{"@id":"https:\/\/www.deleurope.com\/fr\/experiences-et-offres-uniques\/pour-tous-les-passionnes-dart-et-de-culture\/#breadcrumb"},"inLanguage":"fr-FR","potentialAction":[{"@type":"ReadAction","target":["https:\/\/www.deleurope.com\/fr\/experiences-et-offres-uniques\/pour-tous-les-passionnes-dart-et-de-culture\/"]}]},{"@type":"ImageObject","inLanguage":"fr-FR","@id":"https:\/\/www.deleurope.com\/fr\/experiences-et-offres-uniques\/pour-tous-les-passionnes-dart-et-de-culture\/#primaryimage","url":"https:\/\/www.deleurope.com\/wp-content\/uploads\/2024\/01\/Rijksmuseum-Frans-Hals-Exhibition-2.jpg","contentUrl":"https:\/\/www.deleurope.com\/wp-content\/uploads\/2024\/01\/Rijksmuseum-Frans-Hals-Exhibition-2.jpg","width":1680,"height":730},{"@type":"BreadcrumbList","@id":"https:\/\/www.deleurope.com\/fr\/experiences-et-offres-uniques\/pour-tous-les-passionnes-dart-et-de-culture\/#breadcrumb","itemListElement":[{"@type":"ListItem","position":1,"name":"Home","item":"https:\/\/www.deleurope.com\/fr\/"},{"@type":"ListItem","position":2,"name":"Offres et paquets","item":"https:\/\/www.deleurope.com\/fr\/experiences-et-offres-uniques\/"},{"@type":"ListItem","position":3,"name":"POUR TOUS LES PASSIONN\u00c9S D&#8217;ART ET DE CULTURE"}]},{"@type":"WebSite","@id":"https:\/\/www.deleurope.com\/fr\/#website","url":"https:\/\/www.deleurope.com\/fr\/","name":"De L&#039;Europe Amsterdam","description":"Home of original Amsterdam luxury.","potentialAction":[{"@type":"SearchAction","target":{"@type":"EntryPoint","urlTemplate":"https:\/\/www.deleurope.com\/fr\/?s={search_term_string}"},"query-input":{"@type":"PropertyValueSpecification","valueRequired":true,"valueName":"search_term_string"}}],"inLanguage":"fr-FR"}]}},"featured_image_src":"https:\/\/www.deleurope.com\/wp-content\/uploads\/2024\/01\/Rijksmuseum-Frans-Hals-Exhibition-2-600x400.jpg","featured_image_src_square":"https:\/\/www.deleurope.com\/wp-content\/uploads\/2024\/01\/Rijksmuseum-Frans-Hals-Exhibition-2-600x600.jpg","_links":{"self":[{"href":"https:\/\/www.deleurope.com\/fr\/wp-json\/wp\/v2\/pages\/3643","targetHints":{"allow":["GET"]}}],"collection":[{"href":"https:\/\/www.deleurope.com\/fr\/wp-json\/wp\/v2\/pages"}],"about":[{"href":"https:\/\/www.deleurope.com\/fr\/wp-json\/wp\/v2\/types\/page"}],"author":[{"embeddable":true,"href":"https:\/\/www.deleurope.com\/fr\/wp-json\/wp\/v2\/users\/17"}],"replies":[{"embeddable":true,"href":"https:\/\/www.deleurope.com\/fr\/wp-json\/wp\/v2\/comments?post=3643"}],"version-history":[{"count":0,"href":"https:\/\/www.deleurope.com\/fr\/wp-json\/wp\/v2\/pages\/3643\/revisions"}],"up":[{"embeddable":true,"href":"https:\/\/www.deleurope.com\/fr\/wp-json\/wp\/v2\/pages\/3148"}],"wp:featuredmedia":[{"embeddable":true,"href":"https:\/\/www.deleurope.com\/fr\/wp-json\/wp\/v2\/media\/3646"}],"wp:attachment":[{"href":"https:\/\/www.deleurope.com\/fr\/wp-json\/wp\/v2\/media?parent=3643"}],"curies":[{"name":"wp","href":"https:\/\/api.w.org\/{rel}","templated":true}]}}