{"id":3649,"date":"2023-11-28T13:06:05","date_gmt":"2023-11-28T13:06:05","guid":{"rendered":"https:\/\/www.deleurope.com\/notre-histoire\/"},"modified":"2026-02-10T11:52:28","modified_gmt":"2026-02-10T11:52:28","slug":"histoire","status":"publish","type":"page","link":"https:\/\/www.deleurope.com\/fr\/histoire\/","title":{"rendered":"NOTRE HISTOIRE"},"content":{"rendered":"\n<div class=\"wp-block-columns margin-bottom-none is-layout-flex wp-container-core-columns-is-layout-9d6595d7 wp-block-columns-is-layout-flex\">\n<div class=\"wp-block-column two-texts-intro is-layout-flow wp-block-column-is-layout-flow\">\n<h2 class=\"wp-block-heading has-text-align-center rooms-description-white-box two-texts-bigger header-bigger has-extra-large-font-size\">BIENVENUE \u00c0 DE L&rsquo;EUROPE AMSTERDAM<\/h2>\n\n\n\n<p class=\"has-text-align-center two-texts-smaller\">Un lieu pour ceux qui appr\u00e9cient l&rsquo;authenticit\u00e9 et l&rsquo;hospitalit\u00e9 luxueuse, et qui sont d\u00e9sireux d&#8217;embrasser le riche h\u00e9ritage d&rsquo;Amsterdam de la mani\u00e8re la plus \u00e9l\u00e9gante depuis 1896.<\/p>\n<\/div>\n<\/div>\n\n<div class=\"wp-block-columns align-left-text with-headers text-on-left wrap-2-columns eat-and-drink-cards  top-border is-layout-flex wp-container-core-columns-is-layout-9d6595d7 wp-block-columns-is-layout-flex\" id=\"graziella\">\n<div class=\"wp-block-column is-vertically-aligned-center middle-align is-layout-flow wp-block-column-is-layout-flow\" style=\"flex-basis:50%\">\n<h2 class=\"wp-block-heading has-text-align-center has-extra-large-font-size\" style=\"text-transform:uppercase\">Chapitre 1<\/h2>\n\n\n\n<h4 class=\"wp-block-heading has-text-align-center has-medium-font-size\" style=\"text-transform:uppercase\">HET RONDEEL<\/h4>\n\n\n\n<div class=\"wp-block-group\"><div class=\"wp-block-group__inner-container is-layout-constrained wp-block-group-is-layout-constrained\">\n<p class=\"has-text-align-center\">En remontant le temps jusqu&rsquo;en 1482, nous nous retrouvons dans une Amsterdam beaucoup plus petite et plus vuln\u00e9rable. Pour d\u00e9fendre la ville, les citoyens ont construit un mur entour\u00e9 de for\u00eats et baptis\u00e9 l&rsquo;une de ses tours principales \u00ab\u00a0Het Rondeel\u00a0\u00bb. Il se trouvait exactement \u00e0 l&rsquo;endroit o\u00f9 se trouve aujourd&rsquo;hui De L&rsquo;Europe Amsterdam. Plus tard, en 1535, la ville s&rsquo;est agrandie et la tour a perdu sa fonction initiale. Pendant les 100 ann\u00e9es suivantes, la tour est rest\u00e9e intacte, mais n&rsquo;a pas \u00e9t\u00e9 utilis\u00e9e. En 1638, une auberge a ouvert ses portes, construite en partie sur les fondations du fort.   Cette simple maison d&rsquo;h\u00f4tes a ensuite orn\u00e9 le bord de l&rsquo;Amstel d&rsquo;un mur d\u00e9cor\u00e9 \u00e0 la mani\u00e8re de la Renaissance. Apr\u00e8s de nombreuses fermetures et r\u00e9novations, Het Rondeel a rouvert ses portes le 28 septembre 1845 en possession de M. H. J. Wolters. Il estime que la maison d&rsquo;h\u00f4tes convient aussi bien aux clients d&rsquo;affaires qu&rsquo;aux familles. Sous sa direction, Het Rondeel est devenu le premier h\u00f4tel d&rsquo;Amsterdam \u00e0 accueillir des familles.<\/p>\n<\/div><\/div>\n<\/div>\n\n\n\n<div class=\"wp-block-column slider-wrap padding-left-md is-layout-flow wp-block-column-is-layout-flow\" style=\"flex-basis:50%\">\n<figure class=\"wp-block-image size-full\"><img loading=\"lazy\" decoding=\"async\" width=\"1000\" height=\"600\" src=\"https:\/\/deleurope.com\/wp-content\/uploads\/2023\/11\/97823c5243f14da67eb0770b77205a91.jpeg\" alt=\"\" class=\"wp-image-1020\" style=\"aspect-ratio:4\/3;object-fit:cover\" srcset=\"https:\/\/www.deleurope.com\/wp-content\/uploads\/2023\/11\/97823c5243f14da67eb0770b77205a91.jpeg 1000w, https:\/\/www.deleurope.com\/wp-content\/uploads\/2023\/11\/97823c5243f14da67eb0770b77205a91-768x461.jpeg 768w\" sizes=\"auto, (max-width: 1000px) 100vw, 1000px\" \/><\/figure>\n<\/div>\n<\/div>\n\n<div class=\"wp-block-columns align-left-text with-headers columns_slider_text wrap-2-columns eat-and-drink-cards is-layout-flex wp-container-core-columns-is-layout-9d6595d7 wp-block-columns-is-layout-flex\" id=\"flore\">\n<div class=\"wp-block-column slider-wrap is-layout-flow wp-block-column-is-layout-flow\" style=\"flex-basis:50%\">\n<figure class=\"wp-block-image size-full\"><img loading=\"lazy\" decoding=\"async\" width=\"2560\" height=\"1847\" src=\"https:\/\/deleurope.com\/wp-content\/uploads\/2023\/11\/c620e6fb8015a0046ff38360f3b9d56e-scaled.jpeg\" alt=\"\" class=\"wp-image-1018\" style=\"aspect-ratio:4\/3;object-fit:cover\" srcset=\"https:\/\/www.deleurope.com\/wp-content\/uploads\/2023\/11\/c620e6fb8015a0046ff38360f3b9d56e-scaled.jpeg 2560w, https:\/\/www.deleurope.com\/wp-content\/uploads\/2023\/11\/c620e6fb8015a0046ff38360f3b9d56e-768x554.jpeg 768w, https:\/\/www.deleurope.com\/wp-content\/uploads\/2023\/11\/c620e6fb8015a0046ff38360f3b9d56e-1536x1108.jpeg 1536w, https:\/\/www.deleurope.com\/wp-content\/uploads\/2023\/11\/c620e6fb8015a0046ff38360f3b9d56e-2048x1477.jpeg 2048w\" sizes=\"auto, (max-width: 2560px) 100vw, 2560px\" \/><\/figure>\n<\/div>\n\n\n\n<div class=\"wp-block-column is-vertically-aligned-center middle-align is-layout-flow wp-block-column-is-layout-flow\" style=\"flex-basis:50%\">\n<h2 class=\"wp-block-heading has-text-align-center has-extra-large-font-size\" style=\"text-transform:uppercase\">Chapitre 2<\/h2>\n\n\n\n<h4 class=\"wp-block-heading has-text-align-center has-medium-font-size\">H\u00d4TEL DE L&rsquo;EUROPE<\/h4>\n\n\n\n<div class=\"wp-block-group\"><div class=\"wp-block-group__inner-container is-layout-constrained wp-block-group-is-layout-constrained\">\n<p class=\"has-text-align-center\">En 1894, Het Rondeel est vendu aux ench\u00e8res et tombe dans les mains de la Banque hypoth\u00e9caire. Le b\u00e2timent est rest\u00e9 vide pendant deux ans avant que la Dutch Hotel Company ne d\u00e9cide de le d\u00e9molir et de le remplacer par un nouvel h\u00f4tel. \u00c0 l&rsquo;\u00e9poque, l&rsquo;H\u00f4tel de L&rsquo;Europe \u00e9tait un h\u00f4tel situ\u00e9 sur la Prins Hendrikkade. La Dutch Hotel Company a propos\u00e9 de racheter cet h\u00f4tel, \u00e0 condition qu&rsquo;il c\u00e8de son nom \u00e0 l&rsquo;h\u00f4tel<br\/>nouvellement construit le long de la rivi\u00e8re Amstel, et qu&rsquo;il cesse d&rsquo;exister en tant qu&rsquo;h\u00f4tel.<\/p>\n\n\n\n<p class=\"has-text-align-center\">M. H. Martins, pr\u00e9c\u00e9demment directeur g\u00e9n\u00e9ral de l&rsquo;h\u00f4tel de L&rsquo;Europe \u00e0 Prins Hendrikkade, a \u00e9t\u00e9 nomm\u00e9 directeur g\u00e9n\u00e9ral de l&rsquo;h\u00f4tel de L&rsquo;Europe dans la Nieuwe Doelenstraat. Le 23 septembre 1896, le b\u00e2timent a ouvert ses portes pour la premi\u00e8re fois sous le nom d&rsquo;H\u00f4tel De L&rsquo;Europe. Tout au long du si\u00e8cle, l&rsquo;h\u00f4tel a fait l&rsquo;objet de plusieurs agrandissements et r\u00e9novations, s&rsquo;adaptant toujours aux derniers luxes et s&rsquo;imposant avec succ\u00e8s comme une destination de classe mondiale.<\/p>\n<\/div><\/div>\n<\/div>\n<\/div>\n\n<div class=\"wp-block-columns align-left-text with-headers text-on-left wrap-2-columns eat-and-drink-cards is-layout-flex wp-container-core-columns-is-layout-9d6595d7 wp-block-columns-is-layout-flex\" id=\"graziella\">\n<div class=\"wp-block-column is-vertically-aligned-center middle-align is-layout-flow wp-block-column-is-layout-flow\" style=\"flex-basis:50%\">\n<h2 class=\"wp-block-heading has-text-align-center has-extra-large-font-size\" style=\"text-transform:uppercase\">Chapitre 3<\/h2>\n\n\n\n<h4 class=\"wp-block-heading has-text-align-center has-medium-font-size\" style=\"text-transform:uppercase\">Heineken<\/h4>\n\n\n\n<div class=\"wp-block-group\"><div class=\"wp-block-group__inner-container is-layout-constrained wp-block-group-is-layout-constrained\">\n<p class=\"has-text-align-center\">Dans les ann\u00e9es 1950, l&rsquo;h\u00f4tel De L&rsquo;Europe a ouvert son c\u0153ur et ses portes \u00e0 Alfred \u00ab\u00a0Freddy\u00a0\u00bb Heineken. En fr\u00e9quentant l&rsquo;h\u00f4tel, il tombe amoureux du b\u00e2timent monumental et de l&rsquo;atmosph\u00e8re sophistiqu\u00e9e qui y r\u00e8gne. Il a finalement d\u00e9cid\u00e9 de racheter l&rsquo;h\u00f4tel, faisant de De L&rsquo;Europe le premier et le seul h\u00f4tel de luxe familial d&rsquo;Amsterdam.<\/p>\n\n\n\n<p class=\"has-text-align-center\">En 1992, apr\u00e8s plusieurs r\u00e9novations mineures, l&rsquo;h\u00f4tel \u00e9tait en mesure d&rsquo;offrir \u00e0 ses clients les installations suivantes : 100 chambres dot\u00e9es de tout le confort moderne, deux restaurants, un bar, une terrasse sur la rivi\u00e8re Amstel, plusieurs salles, un centre de remise en forme, une boutique et un centre d&rsquo;affaires. Aujourd&rsquo;hui, l&rsquo;h\u00f4tel appartient fi\u00e8rement \u00e0 la soci\u00e9t\u00e9 HEINEKEN.<\/p>\n<\/div><\/div>\n<\/div>\n\n\n\n<div class=\"wp-block-column slider-wrap padding-left-md is-layout-flow wp-block-column-is-layout-flow\" style=\"flex-basis:50%\">\n<figure class=\"wp-block-image size-full\"><img loading=\"lazy\" decoding=\"async\" width=\"1500\" height=\"1071\" src=\"https:\/\/deleurope.com\/wp-content\/uploads\/2024\/01\/Eat-Drink-13.jpg\" alt=\"\" class=\"wp-image-1932\" style=\"aspect-ratio:4\/3;object-fit:cover\" srcset=\"https:\/\/www.deleurope.com\/wp-content\/uploads\/2024\/01\/Eat-Drink-13.jpg 1500w, https:\/\/www.deleurope.com\/wp-content\/uploads\/2024\/01\/Eat-Drink-13-768x548.jpg 768w\" sizes=\"auto, (max-width: 1500px) 100vw, 1500px\" \/><\/figure>\n<\/div>\n<\/div>\n\n<div class=\"wp-block-columns align-left-text with-headers columns_slider_text wrap-2-columns eat-and-drink-cards is-layout-flex wp-container-core-columns-is-layout-9d6595d7 wp-block-columns-is-layout-flex\" id=\"flore\">\n<div class=\"wp-block-column slider-wrap is-layout-flow wp-block-column-is-layout-flow\" style=\"flex-basis:50%\">\n<figure class=\"wp-block-image size-full\"><img loading=\"lazy\" decoding=\"async\" width=\"1000\" height=\"667\" src=\"https:\/\/www.deleurope.com\/wp-content\/uploads\/2024\/03\/3-2.jpg\" alt=\"\" class=\"wp-image-4088\" style=\"aspect-ratio:4\/3;object-fit:cover\" srcset=\"https:\/\/www.deleurope.com\/wp-content\/uploads\/2024\/03\/3-2.jpg 1000w, https:\/\/www.deleurope.com\/wp-content\/uploads\/2024\/03\/3-2-768x512.jpg 768w, https:\/\/www.deleurope.com\/wp-content\/uploads\/2024\/03\/3-2-600x400.jpg 600w\" sizes=\"auto, (max-width: 1000px) 100vw, 1000px\" \/><\/figure>\n<\/div>\n\n\n\n<div class=\"wp-block-column is-vertically-aligned-center middle-align is-layout-flow wp-block-column-is-layout-flow\" style=\"flex-basis:50%\">\n<h2 class=\"wp-block-heading has-text-align-center has-extra-large-font-size\" style=\"text-transform:uppercase\">Chapitre 4<\/h2>\n\n\n\n<h4 class=\"wp-block-heading has-text-align-center has-medium-font-size\">LE PR\u00c9SENT ET L&rsquo;AVENIR<\/h4>\n\n\n\n<div class=\"wp-block-group\"><div class=\"wp-block-group__inner-container is-layout-constrained wp-block-group-is-layout-constrained\">\n<p class=\"has-text-align-center\">En 2020, De L&rsquo;Europe a fait l&rsquo;objet d&rsquo;une refonte compl\u00e8te, apportant tout le luxe moderne tout en honorant la riche histoire de l&rsquo;\u00e9tablissement. Les architectes d&rsquo;int\u00e9rieur Nicemakers, bas\u00e9s aux Pays-Bas, ont \u00e9t\u00e9 charg\u00e9s de la refonte des chambres, des espaces publics, des salles d&rsquo;\u00e9v\u00e9nements priv\u00e9s, des trois restaurants et du bar.<\/p>\n\n\n\n<p class=\"has-text-align-center\">L&rsquo;objectif de la refonte \u00e9tait de cr\u00e9er une d\u00e9coration int\u00e9rieure classique et intemporelle qui soit en m\u00eame temps famili\u00e8re. La m\u00eame ann\u00e9e, l&rsquo;ouverture de l&rsquo;aile cr\u00e9ative, &lsquo;t Huys, a \u00e9t\u00e9 annonc\u00e9e. C&rsquo;est un lieu o\u00f9 les ma\u00eetres n\u00e9erlandais de l&rsquo;art, du design et du luxe se r\u00e9unissent sous un m\u00eame toit.<\/p>\n\n\n\n<p class=\"has-text-align-center\">L&rsquo;histoire durable de De L&rsquo;Europe Amsterdam continue de prosp\u00e9rer, et pour ceux qui souhaitent obtenir les derni\u00e8res mises \u00e0 jour, ils peuvent rester dans la boucle en visitant leur page Instagram.<\/p>\n<\/div><\/div>\n\n\n\n<div class=\"wp-block-buttons is-content-justification-center is-layout-flex wp-container-core-buttons-is-layout-16018d1d wp-block-buttons-is-layout-flex\">\n<div class=\"wp-block-button is-style-outline not-italic is-style-outline--1\"><a class=\"wp-block-button__link wp-element-button\" href=\"https:\/\/www.instagram.com\/deleuropeams\" style=\"border-radius:0px;text-transform:uppercase\">En savoir plus<\/a><\/div>\n<\/div>\n<\/div>\n<\/div>\n\n<div class=\"wp-block-columns block-with-centered-overlay no-margins-on-mobile is-layout-flex wp-container-core-columns-is-layout-9d6595d7 wp-block-columns-is-layout-flex\">\n<div class=\"wp-block-column is-layout-flow wp-block-column-is-layout-flow\">\n<div class=\"wp-block-cover is-light\"><img loading=\"lazy\" decoding=\"async\" width=\"1600\" height=\"1067\" class=\"wp-block-cover__image-background wp-image-1030\" alt=\"\" src=\"https:\/\/deleurope.com\/wp-content\/uploads\/2023\/11\/1182e35f6411d08bfdcf2001d57de6ab.jpeg\" data-object-fit=\"cover\" srcset=\"https:\/\/www.deleurope.com\/wp-content\/uploads\/2023\/11\/1182e35f6411d08bfdcf2001d57de6ab.jpeg 1600w, https:\/\/www.deleurope.com\/wp-content\/uploads\/2023\/11\/1182e35f6411d08bfdcf2001d57de6ab-768x512.jpeg 768w, https:\/\/www.deleurope.com\/wp-content\/uploads\/2023\/11\/1182e35f6411d08bfdcf2001d57de6ab-1536x1024.jpeg 1536w, https:\/\/www.deleurope.com\/wp-content\/uploads\/2023\/11\/1182e35f6411d08bfdcf2001d57de6ab-600x400.jpeg 600w\" sizes=\"auto, (max-width: 1600px) 100vw, 1600px\" \/><span aria-hidden=\"true\" class=\"wp-block-cover__background has-background-dim\"><\/span><div class=\"wp-block-cover__inner-container is-layout-constrained wp-block-cover-is-layout-constrained\">\n<div class=\"wp-block-columns is-layout-flex wp-container-core-columns-is-layout-9d6595d7 wp-block-columns-is-layout-flex\">\n<div class=\"wp-block-column overlay-hero-middle has-central-palette-1-background-color has-background is-layout-flow wp-block-column-is-layout-flow\">\n<h2 class=\"wp-block-heading has-text-align-center has-central-palette-7-color has-text-color has-extra-large-font-size\">UN MEILLEUR UNIVERS<\/h2>\n\n\n\n<p class=\"has-text-align-center has-central-palette-7-color has-text-color\">Chez De L&rsquo;Europe Amsterdam, notre engagement en faveur de la responsabilit\u00e9 sociale des entreprises est ancr\u00e9 dans le tissu m\u00eame de nos activit\u00e9s.<\/p>\n\n\n\n<p class=\"has-text-align-center has-central-palette-7-color has-text-color\">D\u00e9couvrez comment nous nous effor\u00e7ons d&rsquo;avoir un impact positif sur notre communaut\u00e9 et sur l&rsquo;environnement gr\u00e2ce \u00e0 nos initiatives d\u00e9di\u00e9es sur nos pages consacr\u00e9es \u00e0 la responsabilit\u00e9 sociale des entreprises.<\/p>\n\n\n\n<div class=\"wp-block-buttons is-content-justification-center is-layout-flex wp-container-core-buttons-is-layout-16018d1d wp-block-buttons-is-layout-flex\">\n<div class=\"wp-block-button is-style-outline not-italic is-style-outline--2\"><a class=\"wp-block-button__link has-central-palette-7-color has-text-color wp-element-button\" href=\"https:\/\/deleurope.com\/green-hospitality\/\" style=\"border-radius:0px;text-transform:uppercase\">En savoir plus<\/a><\/div>\n<\/div>\n<\/div>\n<\/div>\n<\/div><\/div>\n<\/div>\n<\/div>\n\n<div class=\"wp-block-columns special-request no-margins-mobile is-layout-flex wp-container-core-columns-is-layout-9d6595d7 wp-block-columns-is-layout-flex\" id=\"special\">\n<div class=\"wp-block-column has-central-palette-11-background-color has-background is-layout-flow wp-block-column-is-layout-flow\">\n<h2 class=\"wp-block-heading has-text-align-center has-extra-large-font-size\">FAITES PARTIE DE NOTRE HISTOIRE<\/h2>\n\n\n\n<p class=\"has-text-align-center\">Entrez dans notre monde d&rsquo;hospitalit\u00e9 de luxe et participez \u00e0 notre remarquable histoire au De L&rsquo;Europe Amsterdam. D\u00e9couvrez des opportunit\u00e9s de carri\u00e8re passionnantes qui vous permettront de contribuer \u00e0 la cr\u00e9ation d&rsquo;exp\u00e9riences inoubliables pour les clients sur notre page Carri\u00e8res.<\/p>\n\n\n\n<div class=\"wp-block-buttons is-content-justification-center is-layout-flex wp-container-core-buttons-is-layout-16018d1d wp-block-buttons-is-layout-flex\">\n<div class=\"wp-block-button is-style-outline not-italic is-style-outline--3\"><a class=\"wp-block-button__link wp-element-button\" href=\"https:\/\/deleuropeamsterdam.recruitee.com\/\" style=\"border-radius:0px;text-transform:uppercase\">D\u00e9couvrez nos offres d&#8217;emploi<\/a><\/div>\n<\/div>\n<\/div>\n<\/div>\n","protected":false},"excerpt":{"rendered":"<p>BIENVENUE \u00c0 DE L&rsquo;EUROPE AMSTERDAM Un lieu pour ceux qui appr\u00e9cient l&rsquo;authenticit\u00e9 et l&rsquo;hospitalit\u00e9 luxueuse, et qui sont d\u00e9sireux d&#8217;embrasser le riche h\u00e9ritage d&rsquo;Amsterdam de la mani\u00e8re la plus \u00e9l\u00e9gante depuis 1896. Chapitre 1 HET RONDEEL En remontant le temps jusqu&rsquo;en 1482, nous nous retrouvons dans une Amsterdam beaucoup plus petite et plus vuln\u00e9rable. Pour [&hellip;]<\/p>\n","protected":false},"author":2,"featured_media":3656,"parent":0,"menu_order":0,"comment_status":"closed","ping_status":"closed","template":"","meta":{"_acf_changed":false,"footnotes":""},"class_list":["post-3649","page","type-page","status-publish","has-post-thumbnail","hentry"],"acf":[],"yoast_head":"<!-- This site is optimized with the Yoast SEO plugin v27.3 - https:\/\/yoast.com\/product\/yoast-seo-wordpress\/ -->\n<title>Notre histoire et notre h\u00e9ritage \u00e0 Amsterdam | Hotel De L&#039;Europe<\/title>\n<meta name=\"description\" content=\"D\u00e9couvrez l&#039;histoire de De L&#039;Europe Amsterdam, o\u00f9 le patrimoine, la culture et le luxe contemporain se rencontrent sur les rives de l&#039;Amstel. En savoir plus.\" \/>\n<meta name=\"robots\" content=\"index, follow, max-snippet:-1, max-image-preview:large, max-video-preview:-1\" \/>\n<link rel=\"canonical\" href=\"https:\/\/www.deleurope.com\/fr\/histoire\/\" \/>\n<meta property=\"og:locale\" content=\"fr_FR\" \/>\n<meta property=\"og:type\" content=\"article\" \/>\n<meta property=\"og:title\" content=\"Notre histoire et notre h\u00e9ritage \u00e0 Amsterdam | Hotel De L&#039;Europe\" \/>\n<meta property=\"og:description\" content=\"D\u00e9couvrez l&#039;histoire de De L&#039;Europe Amsterdam, o\u00f9 le patrimoine, la culture et le luxe contemporain se rencontrent sur les rives de l&#039;Amstel. En savoir plus.\" \/>\n<meta property=\"og:url\" content=\"https:\/\/www.deleurope.com\/fr\/histoire\/\" \/>\n<meta property=\"og:site_name\" content=\"De L&#039;Europe Amsterdam\" \/>\n<meta property=\"article:modified_time\" content=\"2026-02-10T11:52:28+00:00\" \/>\n<meta property=\"og:image\" content=\"https:\/\/www.deleurope.com\/wp-content\/uploads\/2024\/02\/1-1.jpg\" \/>\n\t<meta property=\"og:image:width\" content=\"1820\" \/>\n\t<meta property=\"og:image:height\" content=\"1300\" \/>\n\t<meta property=\"og:image:type\" content=\"image\/jpeg\" \/>\n<meta name=\"twitter:card\" content=\"summary_large_image\" \/>\n<meta name=\"twitter:label1\" content=\"Dur\u00e9e de lecture estim\u00e9e\" \/>\n\t<meta name=\"twitter:data1\" content=\"5 minutes\" \/>\n<script type=\"application\/ld+json\" class=\"yoast-schema-graph\">{\"@context\":\"https:\\\/\\\/schema.org\",\"@graph\":[{\"@type\":\"WebPage\",\"@id\":\"https:\\\/\\\/www.deleurope.com\\\/fr\\\/histoire\\\/\",\"url\":\"https:\\\/\\\/www.deleurope.com\\\/fr\\\/histoire\\\/\",\"name\":\"Notre histoire et notre h\u00e9ritage \u00e0 Amsterdam | Hotel De L'Europe\",\"isPartOf\":{\"@id\":\"https:\\\/\\\/www.deleurope.com\\\/fr\\\/#website\"},\"primaryImageOfPage\":{\"@id\":\"https:\\\/\\\/www.deleurope.com\\\/fr\\\/histoire\\\/#primaryimage\"},\"image\":{\"@id\":\"https:\\\/\\\/www.deleurope.com\\\/fr\\\/histoire\\\/#primaryimage\"},\"thumbnailUrl\":\"https:\\\/\\\/www.deleurope.com\\\/wp-content\\\/uploads\\\/2024\\\/02\\\/1-1.jpg\",\"datePublished\":\"2023-11-28T13:06:05+00:00\",\"dateModified\":\"2026-02-10T11:52:28+00:00\",\"description\":\"D\u00e9couvrez l'histoire de De L'Europe Amsterdam, o\u00f9 le patrimoine, la culture et le luxe contemporain se rencontrent sur les rives de l'Amstel. En savoir plus.\",\"breadcrumb\":{\"@id\":\"https:\\\/\\\/www.deleurope.com\\\/fr\\\/histoire\\\/#breadcrumb\"},\"inLanguage\":\"fr-FR\",\"potentialAction\":[{\"@type\":\"ReadAction\",\"target\":[\"https:\\\/\\\/www.deleurope.com\\\/fr\\\/histoire\\\/\"]}]},{\"@type\":\"ImageObject\",\"inLanguage\":\"fr-FR\",\"@id\":\"https:\\\/\\\/www.deleurope.com\\\/fr\\\/histoire\\\/#primaryimage\",\"url\":\"https:\\\/\\\/www.deleurope.com\\\/wp-content\\\/uploads\\\/2024\\\/02\\\/1-1.jpg\",\"contentUrl\":\"https:\\\/\\\/www.deleurope.com\\\/wp-content\\\/uploads\\\/2024\\\/02\\\/1-1.jpg\",\"width\":1820,\"height\":1300},{\"@type\":\"BreadcrumbList\",\"@id\":\"https:\\\/\\\/www.deleurope.com\\\/fr\\\/histoire\\\/#breadcrumb\",\"itemListElement\":[{\"@type\":\"ListItem\",\"position\":1,\"name\":\"Home\",\"item\":\"https:\\\/\\\/www.deleurope.com\\\/fr\\\/\"},{\"@type\":\"ListItem\",\"position\":2,\"name\":\"NOTRE HISTOIRE\"}]},{\"@type\":\"WebSite\",\"@id\":\"https:\\\/\\\/www.deleurope.com\\\/fr\\\/#website\",\"url\":\"https:\\\/\\\/www.deleurope.com\\\/fr\\\/\",\"name\":\"De L&#039;Europe Amsterdam\",\"description\":\"Home of original Amsterdam luxury.\",\"potentialAction\":[{\"@type\":\"SearchAction\",\"target\":{\"@type\":\"EntryPoint\",\"urlTemplate\":\"https:\\\/\\\/www.deleurope.com\\\/fr\\\/?s={search_term_string}\"},\"query-input\":{\"@type\":\"PropertyValueSpecification\",\"valueRequired\":true,\"valueName\":\"search_term_string\"}}],\"inLanguage\":\"fr-FR\"}]}<\/script>\n<!-- \/ Yoast SEO plugin. -->","yoast_head_json":{"title":"Notre histoire et notre h\u00e9ritage \u00e0 Amsterdam | Hotel De L'Europe","description":"D\u00e9couvrez l'histoire de De L'Europe Amsterdam, o\u00f9 le patrimoine, la culture et le luxe contemporain se rencontrent sur les rives de l'Amstel. En savoir plus.","robots":{"index":"index","follow":"follow","max-snippet":"max-snippet:-1","max-image-preview":"max-image-preview:large","max-video-preview":"max-video-preview:-1"},"canonical":"https:\/\/www.deleurope.com\/fr\/histoire\/","og_locale":"fr_FR","og_type":"article","og_title":"Notre histoire et notre h\u00e9ritage \u00e0 Amsterdam | Hotel De L'Europe","og_description":"D\u00e9couvrez l'histoire de De L'Europe Amsterdam, o\u00f9 le patrimoine, la culture et le luxe contemporain se rencontrent sur les rives de l'Amstel. En savoir plus.","og_url":"https:\/\/www.deleurope.com\/fr\/histoire\/","og_site_name":"De L&#039;Europe Amsterdam","article_modified_time":"2026-02-10T11:52:28+00:00","og_image":[{"width":1820,"height":1300,"url":"https:\/\/www.deleurope.com\/wp-content\/uploads\/2024\/02\/1-1.jpg","type":"image\/jpeg"}],"twitter_card":"summary_large_image","twitter_misc":{"Dur\u00e9e de lecture estim\u00e9e":"5 minutes"},"schema":{"@context":"https:\/\/schema.org","@graph":[{"@type":"WebPage","@id":"https:\/\/www.deleurope.com\/fr\/histoire\/","url":"https:\/\/www.deleurope.com\/fr\/histoire\/","name":"Notre histoire et notre h\u00e9ritage \u00e0 Amsterdam | Hotel De L'Europe","isPartOf":{"@id":"https:\/\/www.deleurope.com\/fr\/#website"},"primaryImageOfPage":{"@id":"https:\/\/www.deleurope.com\/fr\/histoire\/#primaryimage"},"image":{"@id":"https:\/\/www.deleurope.com\/fr\/histoire\/#primaryimage"},"thumbnailUrl":"https:\/\/www.deleurope.com\/wp-content\/uploads\/2024\/02\/1-1.jpg","datePublished":"2023-11-28T13:06:05+00:00","dateModified":"2026-02-10T11:52:28+00:00","description":"D\u00e9couvrez l'histoire de De L'Europe Amsterdam, o\u00f9 le patrimoine, la culture et le luxe contemporain se rencontrent sur les rives de l'Amstel. En savoir plus.","breadcrumb":{"@id":"https:\/\/www.deleurope.com\/fr\/histoire\/#breadcrumb"},"inLanguage":"fr-FR","potentialAction":[{"@type":"ReadAction","target":["https:\/\/www.deleurope.com\/fr\/histoire\/"]}]},{"@type":"ImageObject","inLanguage":"fr-FR","@id":"https:\/\/www.deleurope.com\/fr\/histoire\/#primaryimage","url":"https:\/\/www.deleurope.com\/wp-content\/uploads\/2024\/02\/1-1.jpg","contentUrl":"https:\/\/www.deleurope.com\/wp-content\/uploads\/2024\/02\/1-1.jpg","width":1820,"height":1300},{"@type":"BreadcrumbList","@id":"https:\/\/www.deleurope.com\/fr\/histoire\/#breadcrumb","itemListElement":[{"@type":"ListItem","position":1,"name":"Home","item":"https:\/\/www.deleurope.com\/fr\/"},{"@type":"ListItem","position":2,"name":"NOTRE HISTOIRE"}]},{"@type":"WebSite","@id":"https:\/\/www.deleurope.com\/fr\/#website","url":"https:\/\/www.deleurope.com\/fr\/","name":"De L&#039;Europe Amsterdam","description":"Home of original Amsterdam luxury.","potentialAction":[{"@type":"SearchAction","target":{"@type":"EntryPoint","urlTemplate":"https:\/\/www.deleurope.com\/fr\/?s={search_term_string}"},"query-input":{"@type":"PropertyValueSpecification","valueRequired":true,"valueName":"search_term_string"}}],"inLanguage":"fr-FR"}]}},"featured_image_src":"https:\/\/www.deleurope.com\/wp-content\/uploads\/2024\/02\/1-1-600x400.jpg","featured_image_src_square":"https:\/\/www.deleurope.com\/wp-content\/uploads\/2024\/02\/1-1-600x600.jpg","_links":{"self":[{"href":"https:\/\/www.deleurope.com\/fr\/wp-json\/wp\/v2\/pages\/3649","targetHints":{"allow":["GET"]}}],"collection":[{"href":"https:\/\/www.deleurope.com\/fr\/wp-json\/wp\/v2\/pages"}],"about":[{"href":"https:\/\/www.deleurope.com\/fr\/wp-json\/wp\/v2\/types\/page"}],"author":[{"embeddable":true,"href":"https:\/\/www.deleurope.com\/fr\/wp-json\/wp\/v2\/users\/2"}],"replies":[{"embeddable":true,"href":"https:\/\/www.deleurope.com\/fr\/wp-json\/wp\/v2\/comments?post=3649"}],"version-history":[{"count":0,"href":"https:\/\/www.deleurope.com\/fr\/wp-json\/wp\/v2\/pages\/3649\/revisions"}],"wp:featuredmedia":[{"embeddable":true,"href":"https:\/\/www.deleurope.com\/fr\/wp-json\/wp\/v2\/media\/3656"}],"wp:attachment":[{"href":"https:\/\/www.deleurope.com\/fr\/wp-json\/wp\/v2\/media?parent=3649"}],"curies":[{"name":"wp","href":"https:\/\/api.w.org\/{rel}","templated":true}]}}