{"id":3657,"date":"2023-11-27T13:55:36","date_gmt":"2023-11-27T13:55:36","guid":{"rendered":"https:\/\/www.deleurope.com\/presse\/"},"modified":"2026-02-10T11:49:26","modified_gmt":"2026-02-10T11:49:26","slug":"presse","status":"publish","type":"page","link":"https:\/\/www.deleurope.com\/fr\/presse\/","title":{"rendered":"Presse"},"content":{"rendered":"\n<div class=\"wp-block-columns margin-bottom-none is-layout-flex wp-container-core-columns-is-layout-9d6595d7 wp-block-columns-is-layout-flex\">\n<div class=\"wp-block-column two-texts-intro with-cta is-layout-flow wp-block-column-is-layout-flow\">\n<h2 class=\"wp-block-heading has-text-align-center rooms-description-white-box two-texts-bigger header-bigger with-cta has-extra-large-font-size\">D\u00c9COUVRIR DE L\u2019EUROPE<\/h2>\n\n\n\n<p class=\"has-text-align-center two-texts-smaller\">Bienvenue dans le c\u0153ur de notre voyage, o\u00f9 chaque \u00e9tape est un chapitre de notre histoire. <br\/>Explorez les derni\u00e8res couvertures de presse pour d\u00e9couvrir comment nous fa\u00e7onnons l&rsquo;histoire et faisons des vagues dans notre secteur.<br\/>Pour les demandes de renseignements des m\u00e9dias ou les demandes sp\u00e9ciales, n&rsquo;h\u00e9sitez pas \u00e0 nous contacter &#8211; nous sommes l\u00e0 pour vous faire vivre l&rsquo;histoire de notre \u00e9l\u00e9gance intemporelle.<\/p>\n\n\n\n<div class=\"wp-block-buttons is-content-justification-center is-layout-flex wp-container-core-buttons-is-layout-16018d1d wp-block-buttons-is-layout-flex\">\n<div class=\"wp-block-button is-style-outline book-now is-style-outline--1\"><a class=\"wp-block-button__link has-central-palette-7-color has-central-palette-1-background-color has-text-color has-background has-text-align-center wp-element-button\" href=\"mailto:pr@deleurope.com\" style=\"border-radius:0px;text-transform:uppercase\">contactez-nous<\/a><\/div>\n<\/div>\n<\/div>\n<\/div>\n\n<div class=\"wp-block-columns text-on-left wrap-2-columns eat-and-drink-cards top-border is-layout-flex wp-container-core-columns-is-layout-9d6595d7 wp-block-columns-is-layout-flex\" id=\"graziella\">\n<div class=\"wp-block-column is-vertically-aligned-center middle-align is-layout-flow wp-block-column-is-layout-flow\" style=\"flex-basis:50%\">\n<h2 class=\"wp-block-heading has-text-align-center has-extra-large-font-size\" style=\"text-transform:capitalize\">Notre histoire<\/h2>\n\n\n\n<div class=\"wp-block-group\"><div class=\"wp-block-group__inner-container is-layout-constrained wp-block-group-is-layout-constrained\">\n<p class=\"has-text-align-center\">L\u2019histoire de De L\u2019Europe Amsterdam se lit comme votre livre pr\u00e9f\u00e9r\u00e9. Cet \u00e9tablissement monumental entrem\u00eale ses racines \u00e0 la fondation de la ville. De L\u2019Europe est connu comme l\u2019un des plus anciens h\u00f4tels familiaux au c\u0153ur d\u2019Amsterdam et avec tous les sites culturels c\u00e9l\u00e8bres \u00e0 seulement un jet de pierre, c\u2019est le retour parfait apr\u00e8s une journ\u00e9e compl\u00e8te d\u2019exploration. \u00c0 c\u00f4t\u00e9 de l\u2019oasis de confort luxueuse, il abrite \u00e9galement un centre de bien-\u00eatre ultramoderne, une salle de sport, un concept store IN-HUYS et une vaste gamme d\u2019exp\u00e9riences culinaires. Le restaurant gastronomique Flore, deux \u00e9toiles au guide Michelin, la classique brasserie fran\u00e7aise Marie, l\u2019authentique Trattoria Graziella italienne, le bar clandestin Chapter 1896 et l\u2019embl\u00e9matique Freddy\u2019s Bar se trouvent tous sous un m\u00eame toit.<\/p>\n\n\n\n<div class=\"wp-block-buttons is-horizontal is-content-justification-center is-layout-flex wp-container-core-buttons-is-layout-499968f5 wp-block-buttons-is-layout-flex\">\n<div class=\"wp-block-button is-style-outline is-style-outline--2\"><a class=\"wp-block-button__link has-central-palette-1-color has-text-color has-text-align-center wp-element-button\" href=\"https:\/\/deleurope.com\/our-story\/\" style=\"border-radius:0px;text-transform:uppercase\">EXPLOREZ LE PATRIMOINE<\/a><\/div>\n<\/div>\n<\/div><\/div>\n<\/div>\n\n\n\n<div class=\"wp-block-column slider-wrap padding-left-md is-layout-flow wp-block-column-is-layout-flow\" style=\"flex-basis:50%\">\n<figure class=\"wp-block-image size-large\"><img loading=\"lazy\" decoding=\"async\" width=\"800\" height=\"600\" src=\"https:\/\/deleurope.com\/wp-content\/uploads\/2023\/11\/De-LEurope-Amsterdam-Press-Page-Images-2-Copy-800x600.jpg\" alt=\"\" class=\"wp-image-985\" style=\"aspect-ratio:4\/3;object-fit:cover\" srcset=\"https:\/\/www.deleurope.com\/wp-content\/uploads\/2023\/11\/De-LEurope-Amsterdam-Press-Page-Images-2-Copy-800x600.jpg 800w, https:\/\/www.deleurope.com\/wp-content\/uploads\/2023\/11\/De-LEurope-Amsterdam-Press-Page-Images-2-Copy-400x300.jpg 400w, https:\/\/www.deleurope.com\/wp-content\/uploads\/2023\/11\/De-LEurope-Amsterdam-Press-Page-Images-2-Copy-1680x1260.jpg 1680w\" sizes=\"auto, (max-width: 800px) 100vw, 800px\" \/><\/figure>\n<\/div>\n<\/div>\n\n<div class=\"wp-block-columns columns_slider_text wrap-2-columns eat-and-drink-cards is-layout-flex wp-container-core-columns-is-layout-9d6595d7 wp-block-columns-is-layout-flex\" id=\"flore\">\n<div class=\"wp-block-column slider-wrap is-layout-flow wp-block-column-is-layout-flow\" style=\"flex-basis:50%\">\n<figure class=\"wp-block-image size-large\"><img loading=\"lazy\" decoding=\"async\" width=\"800\" height=\"600\" src=\"https:\/\/deleurope.com\/wp-content\/uploads\/2023\/11\/De-LEurope-Amsterdam-Press-Page-Images-4-800x600.jpg\" alt=\"\" class=\"wp-image-989\" style=\"aspect-ratio:4\/3;object-fit:cover\" srcset=\"https:\/\/www.deleurope.com\/wp-content\/uploads\/2023\/11\/De-LEurope-Amsterdam-Press-Page-Images-4-800x600.jpg 800w, https:\/\/www.deleurope.com\/wp-content\/uploads\/2023\/11\/De-LEurope-Amsterdam-Press-Page-Images-4-400x300.jpg 400w\" sizes=\"auto, (max-width: 800px) 100vw, 800px\" \/><\/figure>\n<\/div>\n\n\n\n<div class=\"wp-block-column is-vertically-aligned-center middle-align is-layout-flow wp-block-column-is-layout-flow\" style=\"flex-basis:50%\">\n<h2 class=\"wp-block-heading has-text-align-center has-extra-large-font-size\" style=\"text-transform:capitalize\">Communiqu\u00e9s de presse<\/h2>\n\n\n\n<div class=\"wp-block-group\"><div class=\"wp-block-group__inner-container is-layout-constrained wp-block-group-is-layout-constrained\">\n<p class=\"has-text-align-center\">Entrez dans le c\u0153ur de nos derniers projets!<br\/>Explorez nos communiqu\u00e9s de presse pour rester \u00e0 l\u2019\u00e9coute du rythme de l\u2019innovation et des mises \u00e0 jour, racont\u00e9es directement depuis le pouls de notre entreprise.<\/p>\n\n\n\n<div class=\"wp-block-buttons is-horizontal is-content-justification-center is-layout-flex wp-container-core-buttons-is-layout-499968f5 wp-block-buttons-is-layout-flex\">\n<div class=\"wp-block-button is-style-outline is-style-outline--3\"><a class=\"wp-block-button__link has-central-palette-1-color has-text-color has-text-align-center wp-element-button\" href=\"https:\/\/www.deleurope.com\/fr\/presse\/communiques-de-presse\/\" style=\"border-radius:0px;text-transform:uppercase\">Plus d&rsquo;informations<\/a><\/div>\n<\/div>\n<\/div><\/div>\n<\/div>\n<\/div>\n\n<div class=\"wp-block-columns text-on-left wrap-2-columns eat-and-drink-cards is-layout-flex wp-container-core-columns-is-layout-9d6595d7 wp-block-columns-is-layout-flex\" id=\"graziella\">\n<div class=\"wp-block-column is-vertically-aligned-center middle-align is-layout-flow wp-block-column-is-layout-flow\" style=\"flex-basis:50%\">\n<h2 class=\"wp-block-heading has-text-align-center has-extra-large-font-size\" style=\"text-transform:capitalize\">Actualit\u00e9s<\/h2>\n\n\n\n<div class=\"wp-block-group\"><div class=\"wp-block-group__inner-container is-layout-constrained wp-block-group-is-layout-constrained\">\n<p class=\"has-text-align-center\">D\u00e9couvrez les \u00e9chos de notre impact \u00e0 travers le paysage m\u00e9diatique. Naviguez \u00e0 travers une collection d\u2019articles qui mettent en lumi\u00e8re nos efforts, offrant un point de vue externe sur les histoires qui nous d\u00e9finissent.<\/p>\n\n\n\n<div class=\"wp-block-buttons is-horizontal is-content-justification-center is-layout-flex wp-container-core-buttons-is-layout-499968f5 wp-block-buttons-is-layout-flex\">\n<div class=\"wp-block-button is-style-outline is-style-outline--4\"><a class=\"wp-block-button__link has-central-palette-1-color has-text-color has-text-align-center wp-element-button\" href=\"#\" style=\"border-radius:0px;text-transform:uppercase\">\u00c0 venir<\/a><\/div>\n<\/div>\n<\/div><\/div>\n<\/div>\n\n\n\n<div class=\"wp-block-column slider-wrap padding-left-md is-layout-flow wp-block-column-is-layout-flow\" style=\"flex-basis:50%\">\n<figure class=\"wp-block-image size-large\"><img loading=\"lazy\" decoding=\"async\" width=\"800\" height=\"600\" src=\"https:\/\/deleurope.com\/wp-content\/uploads\/2023\/11\/Single-t-Huys-Page-Images-3-800x600.jpg\" alt=\"\" class=\"wp-image-967\" style=\"aspect-ratio:4\/3;object-fit:cover\" srcset=\"https:\/\/www.deleurope.com\/wp-content\/uploads\/2023\/11\/Single-t-Huys-Page-Images-3-800x600.jpg 800w, https:\/\/www.deleurope.com\/wp-content\/uploads\/2023\/11\/Single-t-Huys-Page-Images-3-400x300.jpg 400w, https:\/\/www.deleurope.com\/wp-content\/uploads\/2023\/11\/Single-t-Huys-Page-Images-3-1680x1260.jpg 1680w\" sizes=\"auto, (max-width: 800px) 100vw, 800px\" \/><\/figure>\n<\/div>\n<\/div>\n\n<div class=\"wp-block-columns block-with-centered-overlay is-layout-flex wp-container-core-columns-is-layout-9d6595d7 wp-block-columns-is-layout-flex\">\n<div class=\"wp-block-column is-layout-flow wp-block-column-is-layout-flow\">\n<div class=\"wp-block-cover\"><img loading=\"lazy\" decoding=\"async\" width=\"2500\" height=\"1667\" class=\"wp-block-cover__image-background wp-image-990\" alt=\"\" src=\"https:\/\/deleurope.com\/wp-content\/uploads\/2023\/11\/De-LEurope-Amsterdam-Press-Page-Images-5-Copy.jpg\" style=\"object-position:54% 43%\" data-object-fit=\"cover\" data-object-position=\"54% 43%\" srcset=\"https:\/\/www.deleurope.com\/wp-content\/uploads\/2023\/11\/De-LEurope-Amsterdam-Press-Page-Images-5-Copy.jpg 2500w, https:\/\/www.deleurope.com\/wp-content\/uploads\/2023\/11\/De-LEurope-Amsterdam-Press-Page-Images-5-Copy-768x512.jpg 768w, https:\/\/www.deleurope.com\/wp-content\/uploads\/2023\/11\/De-LEurope-Amsterdam-Press-Page-Images-5-Copy-1536x1024.jpg 1536w, https:\/\/www.deleurope.com\/wp-content\/uploads\/2023\/11\/De-LEurope-Amsterdam-Press-Page-Images-5-Copy-2048x1366.jpg 2048w, https:\/\/www.deleurope.com\/wp-content\/uploads\/2023\/11\/De-LEurope-Amsterdam-Press-Page-Images-5-Copy-600x400.jpg 600w\" sizes=\"auto, (max-width: 2500px) 100vw, 2500px\" \/><span aria-hidden=\"true\" class=\"wp-block-cover__background has-background-dim\"><\/span><div class=\"wp-block-cover__inner-container is-layout-constrained wp-block-cover-is-layout-constrained\">\n<div class=\"wp-block-columns is-layout-flex wp-container-core-columns-is-layout-9d6595d7 wp-block-columns-is-layout-flex\">\n<div class=\"wp-block-column overlay-hero-middle has-central-palette-1-background-color has-background is-layout-flow wp-block-column-is-layout-flow\">\n<h2 class=\"wp-block-heading has-text-align-center has-central-palette-7-color has-text-color has-extra-large-font-size\">GALERIE<\/h2>\n\n\n\n<p class=\"has-text-align-center has-central-palette-7-color has-text-color\">Plongez dans la tapisserie visuelle de notre voyage \u00e0 travers des moments fig\u00e9s dans le temps.<br\/>Notre galerie est un aper\u00e7u captivant des histoires qui se cachent derri\u00e8re les gros titres,<br\/>une symphonie visuelle qui ajoute de la profondeur aux r\u00e9cits contenus dans nos communiqu\u00e9s de presse.<\/p>\n\n\n\n<div class=\"wp-block-buttons is-content-justification-center is-layout-flex wp-container-core-buttons-is-layout-16018d1d wp-block-buttons-is-layout-flex\">\n<div class=\"wp-block-button is-style-outline not-italic is-style-outline--5\"><a class=\"wp-block-button__link has-central-palette-7-color has-text-color wp-element-button\" href=\"https:\/\/deleurope.com\/gallery\/\" style=\"border-radius:0px;text-transform:uppercase\" rel=\"\">OBTENEZ UN APER\u00c7U<\/a><\/div>\n<\/div>\n<\/div>\n<\/div>\n<\/div><\/div>\n<\/div>\n<\/div>\n\n<div class=\"wp-block-columns badges-section is-layout-flex wp-container-core-columns-is-layout-9d6595d7 wp-block-columns-is-layout-flex\">\n<div class=\"wp-block-column is-layout-flow wp-block-column-is-layout-flow\">\n<h2 class=\"wp-block-heading has-text-align-center has-extra-large-font-size\">D\u00c9COUVRIR DE L\u2019EUROPE<\/h2>\n\n\n\n<p class=\"has-text-align-center\">Participez \u00e0 la c\u00e9l\u00e9bration en montrant les r\u00e9compenses qui soulignent notre parcours.<br\/>Plongez dans la reconnaissance que nous avons obtenue, un clin d&rsquo;\u0153il au d\u00e9vouement et \u00e0 l&rsquo;innovation qui sont au c\u0153ur de ce que nous faisons.<\/p>\n\n\n\n<div class=\"wp-block-columns is-not-stacked-on-mobile badges is-layout-flex wp-container-core-columns-is-layout-9d6595d7 wp-block-columns-is-layout-flex\">\n<div class=\"wp-block-column is-layout-flow wp-block-column-is-layout-flow\"><div class=\"wp-block-image\">\n<figure class=\"aligncenter size-full is-resized\"><a href=\"https:\/\/www.cntraveler.com\/hotels\/netherlands\/amsterdam\/de-l-europe-amsterdam\" target=\"_blank\" rel=\"noopener\"><img loading=\"lazy\" decoding=\"async\" width=\"344\" height=\"344\" src=\"https:\/\/deleurope.com\/wp-content\/uploads\/2023\/11\/De-LEurope-Amsterdam-Press-Page-Images-3-Copy.png\" alt=\"\" class=\"wp-image-988\" style=\"width:225px\" srcset=\"https:\/\/www.deleurope.com\/wp-content\/uploads\/2023\/11\/De-LEurope-Amsterdam-Press-Page-Images-3-Copy.png 344w, https:\/\/www.deleurope.com\/wp-content\/uploads\/2023\/11\/De-LEurope-Amsterdam-Press-Page-Images-3-Copy-150x150.png 150w\" sizes=\"auto, (max-width: 344px) 100vw, 344px\" \/><\/a><\/figure>\n<\/div><\/div>\n\n\n\n<div class=\"wp-block-column is-layout-flow wp-block-column-is-layout-flow\"><div class=\"wp-block-image\">\n<figure class=\"aligncenter size-full is-resized\"><a href=\"https:\/\/hautegrandeur.com\/hotels\/hotel\/de-l-europe-amsterdam\/\" target=\"_blank\" rel=\"noopener\"><img loading=\"lazy\" decoding=\"async\" width=\"895\" height=\"895\" src=\"https:\/\/deleurope.com\/wp-content\/uploads\/2023\/11\/bf0aece57206a9266073236d7caded4f.png\" alt=\"\" class=\"wp-image-1033\" style=\"width:225px\" srcset=\"https:\/\/www.deleurope.com\/wp-content\/uploads\/2023\/11\/bf0aece57206a9266073236d7caded4f.png 895w, https:\/\/www.deleurope.com\/wp-content\/uploads\/2023\/11\/bf0aece57206a9266073236d7caded4f-150x150.png 150w, https:\/\/www.deleurope.com\/wp-content\/uploads\/2023\/11\/bf0aece57206a9266073236d7caded4f-768x768.png 768w, https:\/\/www.deleurope.com\/wp-content\/uploads\/2023\/11\/bf0aece57206a9266073236d7caded4f-600x600.png 600w\" sizes=\"auto, (max-width: 895px) 100vw, 895px\" \/><\/a><\/figure>\n<\/div><\/div>\n<\/div>\n<\/div>\n<\/div>\n\n<div class=\"wp-block-columns special-request is-layout-flex wp-container-core-columns-is-layout-9d6595d7 wp-block-columns-is-layout-flex\">\n<div class=\"wp-block-column has-central-palette-11-background-color has-background is-layout-flow wp-block-column-is-layout-flow\">\n<h2 class=\"wp-block-heading has-text-align-center has-extra-large-font-size\">Demande de presse<\/h2>\n\n\n\n<p class=\"has-text-align-center\">Nous sommes ravis de recevoir des demandes de la presse, d\u00e9sireux d\u2019aider et d\u2019explorer les possibilit\u00e9s de collaboration, assurant un engagement sans faille et mutuellement b\u00e9n\u00e9fique.<\/p>\n\n\n\n<div class=\"wp-block-buttons is-content-justification-center is-layout-flex wp-container-core-buttons-is-layout-16018d1d wp-block-buttons-is-layout-flex\">\n<div class=\"wp-block-button is-style-outline not-italic is-style-outline--6\"><a class=\"wp-block-button__link wp-element-button\" href=\"mailto:pr@deleurope.com\" style=\"border-radius:0px;text-transform:uppercase\">ENQUIRE<\/a><\/div>\n<\/div>\n<\/div>\n<\/div>\n","protected":false},"excerpt":{"rendered":"<p>D\u00c9COUVRIR DE L\u2019EUROPE Bienvenue dans le c\u0153ur de notre voyage, o\u00f9 chaque \u00e9tape est un chapitre de notre histoire. Explorez les derni\u00e8res couvertures de presse pour d\u00e9couvrir comment nous fa\u00e7onnons l&rsquo;histoire et faisons des vagues dans notre secteur.Pour les demandes de renseignements des m\u00e9dias ou les demandes sp\u00e9ciales, n&rsquo;h\u00e9sitez pas \u00e0 nous contacter &#8211; nous [&hellip;]<\/p>\n","protected":false},"author":2,"featured_media":3658,"parent":0,"menu_order":0,"comment_status":"closed","ping_status":"closed","template":"","meta":{"_acf_changed":false,"footnotes":""},"class_list":["post-3657","page","type-page","status-publish","has-post-thumbnail","hentry"],"acf":[],"yoast_head":"<!-- This site is optimized with the Yoast SEO plugin v27.3 - https:\/\/yoast.com\/product\/yoast-seo-wordpress\/ -->\n<title>Press &amp; Media Resources | De L\u2019Europe Amsterdam<\/title>\n<meta name=\"description\" content=\"Restez au courant des derni\u00e8res nouvelles et des communiqu\u00e9s de presse de De L&#039;Europe Amsterdam, qui pr\u00e9sentent nos \u00e9v\u00e9nements et nos h\u00e9bergements luxueux. En savoir plus.\" \/>\n<meta name=\"robots\" content=\"index, follow, max-snippet:-1, max-image-preview:large, max-video-preview:-1\" \/>\n<link rel=\"canonical\" href=\"https:\/\/www.deleurope.com\/fr\/presse\/\" \/>\n<meta property=\"og:locale\" content=\"fr_FR\" \/>\n<meta property=\"og:type\" content=\"article\" \/>\n<meta property=\"og:title\" content=\"Press &amp; Media Resources | De L\u2019Europe Amsterdam\" \/>\n<meta property=\"og:description\" content=\"Restez au courant des derni\u00e8res nouvelles et des communiqu\u00e9s de presse de De L&#039;Europe Amsterdam, qui pr\u00e9sentent nos \u00e9v\u00e9nements et nos h\u00e9bergements luxueux. En savoir plus.\" \/>\n<meta property=\"og:url\" content=\"https:\/\/www.deleurope.com\/fr\/presse\/\" \/>\n<meta property=\"og:site_name\" content=\"De L&#039;Europe Amsterdam\" \/>\n<meta property=\"article:modified_time\" content=\"2026-02-10T11:49:26+00:00\" \/>\n<meta property=\"og:image\" content=\"https:\/\/www.deleurope.com\/wp-content\/uploads\/2023\/11\/De-LEurope-Amsterdam-Press-Page-Images-1-Copy.jpg\" \/>\n\t<meta property=\"og:image:width\" content=\"1820\" \/>\n\t<meta property=\"og:image:height\" content=\"1300\" \/>\n\t<meta property=\"og:image:type\" content=\"image\/jpeg\" \/>\n<meta name=\"twitter:card\" content=\"summary_large_image\" \/>\n<meta name=\"twitter:label1\" content=\"Dur\u00e9e de lecture estim\u00e9e\" \/>\n\t<meta name=\"twitter:data1\" content=\"2 minutes\" \/>\n<script type=\"application\/ld+json\" class=\"yoast-schema-graph\">{\"@context\":\"https:\\\/\\\/schema.org\",\"@graph\":[{\"@type\":\"WebPage\",\"@id\":\"https:\\\/\\\/www.deleurope.com\\\/fr\\\/presse\\\/\",\"url\":\"https:\\\/\\\/www.deleurope.com\\\/fr\\\/presse\\\/\",\"name\":\"Press & Media Resources | De L\u2019Europe Amsterdam\",\"isPartOf\":{\"@id\":\"https:\\\/\\\/www.deleurope.com\\\/fr\\\/#website\"},\"primaryImageOfPage\":{\"@id\":\"https:\\\/\\\/www.deleurope.com\\\/fr\\\/presse\\\/#primaryimage\"},\"image\":{\"@id\":\"https:\\\/\\\/www.deleurope.com\\\/fr\\\/presse\\\/#primaryimage\"},\"thumbnailUrl\":\"https:\\\/\\\/www.deleurope.com\\\/wp-content\\\/uploads\\\/2023\\\/11\\\/De-LEurope-Amsterdam-Press-Page-Images-1-Copy.jpg\",\"datePublished\":\"2023-11-27T13:55:36+00:00\",\"dateModified\":\"2026-02-10T11:49:26+00:00\",\"description\":\"Restez au courant des derni\u00e8res nouvelles et des communiqu\u00e9s de presse de De L'Europe Amsterdam, qui pr\u00e9sentent nos \u00e9v\u00e9nements et nos h\u00e9bergements luxueux. En savoir plus.\",\"breadcrumb\":{\"@id\":\"https:\\\/\\\/www.deleurope.com\\\/fr\\\/presse\\\/#breadcrumb\"},\"inLanguage\":\"fr-FR\",\"potentialAction\":[{\"@type\":\"ReadAction\",\"target\":[\"https:\\\/\\\/www.deleurope.com\\\/fr\\\/presse\\\/\"]}]},{\"@type\":\"ImageObject\",\"inLanguage\":\"fr-FR\",\"@id\":\"https:\\\/\\\/www.deleurope.com\\\/fr\\\/presse\\\/#primaryimage\",\"url\":\"https:\\\/\\\/www.deleurope.com\\\/wp-content\\\/uploads\\\/2023\\\/11\\\/De-LEurope-Amsterdam-Press-Page-Images-1-Copy.jpg\",\"contentUrl\":\"https:\\\/\\\/www.deleurope.com\\\/wp-content\\\/uploads\\\/2023\\\/11\\\/De-LEurope-Amsterdam-Press-Page-Images-1-Copy.jpg\",\"width\":1820,\"height\":1300,\"caption\":\"De L'Europe Amsterdam - Amstel River\"},{\"@type\":\"BreadcrumbList\",\"@id\":\"https:\\\/\\\/www.deleurope.com\\\/fr\\\/presse\\\/#breadcrumb\",\"itemListElement\":[{\"@type\":\"ListItem\",\"position\":1,\"name\":\"Home\",\"item\":\"https:\\\/\\\/www.deleurope.com\\\/fr\\\/\"},{\"@type\":\"ListItem\",\"position\":2,\"name\":\"Presse\"}]},{\"@type\":\"WebSite\",\"@id\":\"https:\\\/\\\/www.deleurope.com\\\/fr\\\/#website\",\"url\":\"https:\\\/\\\/www.deleurope.com\\\/fr\\\/\",\"name\":\"De L&#039;Europe Amsterdam\",\"description\":\"Home of original Amsterdam luxury.\",\"potentialAction\":[{\"@type\":\"SearchAction\",\"target\":{\"@type\":\"EntryPoint\",\"urlTemplate\":\"https:\\\/\\\/www.deleurope.com\\\/fr\\\/?s={search_term_string}\"},\"query-input\":{\"@type\":\"PropertyValueSpecification\",\"valueRequired\":true,\"valueName\":\"search_term_string\"}}],\"inLanguage\":\"fr-FR\"}]}<\/script>\n<!-- \/ Yoast SEO plugin. -->","yoast_head_json":{"title":"Press & Media Resources | De L\u2019Europe Amsterdam","description":"Restez au courant des derni\u00e8res nouvelles et des communiqu\u00e9s de presse de De L'Europe Amsterdam, qui pr\u00e9sentent nos \u00e9v\u00e9nements et nos h\u00e9bergements luxueux. En savoir plus.","robots":{"index":"index","follow":"follow","max-snippet":"max-snippet:-1","max-image-preview":"max-image-preview:large","max-video-preview":"max-video-preview:-1"},"canonical":"https:\/\/www.deleurope.com\/fr\/presse\/","og_locale":"fr_FR","og_type":"article","og_title":"Press & Media Resources | De L\u2019Europe Amsterdam","og_description":"Restez au courant des derni\u00e8res nouvelles et des communiqu\u00e9s de presse de De L'Europe Amsterdam, qui pr\u00e9sentent nos \u00e9v\u00e9nements et nos h\u00e9bergements luxueux. En savoir plus.","og_url":"https:\/\/www.deleurope.com\/fr\/presse\/","og_site_name":"De L&#039;Europe Amsterdam","article_modified_time":"2026-02-10T11:49:26+00:00","og_image":[{"width":1820,"height":1300,"url":"https:\/\/www.deleurope.com\/wp-content\/uploads\/2023\/11\/De-LEurope-Amsterdam-Press-Page-Images-1-Copy.jpg","type":"image\/jpeg"}],"twitter_card":"summary_large_image","twitter_misc":{"Dur\u00e9e de lecture estim\u00e9e":"2 minutes"},"schema":{"@context":"https:\/\/schema.org","@graph":[{"@type":"WebPage","@id":"https:\/\/www.deleurope.com\/fr\/presse\/","url":"https:\/\/www.deleurope.com\/fr\/presse\/","name":"Press & Media Resources | De L\u2019Europe Amsterdam","isPartOf":{"@id":"https:\/\/www.deleurope.com\/fr\/#website"},"primaryImageOfPage":{"@id":"https:\/\/www.deleurope.com\/fr\/presse\/#primaryimage"},"image":{"@id":"https:\/\/www.deleurope.com\/fr\/presse\/#primaryimage"},"thumbnailUrl":"https:\/\/www.deleurope.com\/wp-content\/uploads\/2023\/11\/De-LEurope-Amsterdam-Press-Page-Images-1-Copy.jpg","datePublished":"2023-11-27T13:55:36+00:00","dateModified":"2026-02-10T11:49:26+00:00","description":"Restez au courant des derni\u00e8res nouvelles et des communiqu\u00e9s de presse de De L'Europe Amsterdam, qui pr\u00e9sentent nos \u00e9v\u00e9nements et nos h\u00e9bergements luxueux. En savoir plus.","breadcrumb":{"@id":"https:\/\/www.deleurope.com\/fr\/presse\/#breadcrumb"},"inLanguage":"fr-FR","potentialAction":[{"@type":"ReadAction","target":["https:\/\/www.deleurope.com\/fr\/presse\/"]}]},{"@type":"ImageObject","inLanguage":"fr-FR","@id":"https:\/\/www.deleurope.com\/fr\/presse\/#primaryimage","url":"https:\/\/www.deleurope.com\/wp-content\/uploads\/2023\/11\/De-LEurope-Amsterdam-Press-Page-Images-1-Copy.jpg","contentUrl":"https:\/\/www.deleurope.com\/wp-content\/uploads\/2023\/11\/De-LEurope-Amsterdam-Press-Page-Images-1-Copy.jpg","width":1820,"height":1300,"caption":"De L'Europe Amsterdam - Amstel River"},{"@type":"BreadcrumbList","@id":"https:\/\/www.deleurope.com\/fr\/presse\/#breadcrumb","itemListElement":[{"@type":"ListItem","position":1,"name":"Home","item":"https:\/\/www.deleurope.com\/fr\/"},{"@type":"ListItem","position":2,"name":"Presse"}]},{"@type":"WebSite","@id":"https:\/\/www.deleurope.com\/fr\/#website","url":"https:\/\/www.deleurope.com\/fr\/","name":"De L&#039;Europe Amsterdam","description":"Home of original Amsterdam luxury.","potentialAction":[{"@type":"SearchAction","target":{"@type":"EntryPoint","urlTemplate":"https:\/\/www.deleurope.com\/fr\/?s={search_term_string}"},"query-input":{"@type":"PropertyValueSpecification","valueRequired":true,"valueName":"search_term_string"}}],"inLanguage":"fr-FR"}]}},"featured_image_src":"https:\/\/www.deleurope.com\/wp-content\/uploads\/2023\/11\/De-LEurope-Amsterdam-Press-Page-Images-1-Copy-600x400.jpg","featured_image_src_square":"https:\/\/www.deleurope.com\/wp-content\/uploads\/2023\/11\/De-LEurope-Amsterdam-Press-Page-Images-1-Copy-600x600.jpg","_links":{"self":[{"href":"https:\/\/www.deleurope.com\/fr\/wp-json\/wp\/v2\/pages\/3657","targetHints":{"allow":["GET"]}}],"collection":[{"href":"https:\/\/www.deleurope.com\/fr\/wp-json\/wp\/v2\/pages"}],"about":[{"href":"https:\/\/www.deleurope.com\/fr\/wp-json\/wp\/v2\/types\/page"}],"author":[{"embeddable":true,"href":"https:\/\/www.deleurope.com\/fr\/wp-json\/wp\/v2\/users\/2"}],"replies":[{"embeddable":true,"href":"https:\/\/www.deleurope.com\/fr\/wp-json\/wp\/v2\/comments?post=3657"}],"version-history":[{"count":0,"href":"https:\/\/www.deleurope.com\/fr\/wp-json\/wp\/v2\/pages\/3657\/revisions"}],"wp:featuredmedia":[{"embeddable":true,"href":"https:\/\/www.deleurope.com\/fr\/wp-json\/wp\/v2\/media\/3658"}],"wp:attachment":[{"href":"https:\/\/www.deleurope.com\/fr\/wp-json\/wp\/v2\/media?parent=3657"}],"curies":[{"name":"wp","href":"https:\/\/api.w.org\/{rel}","templated":true}]}}