{"id":3667,"date":"2024-01-18T16:11:13","date_gmt":"2024-01-18T16:11:13","guid":{"rendered":"https:\/\/www.deleurope.com\/responsabilite-sociale\/"},"modified":"2024-03-08T13:39:51","modified_gmt":"2024-03-08T13:39:51","slug":"responsabilite-societale","status":"publish","type":"page","link":"https:\/\/www.deleurope.com\/fr\/responsabilite-societale\/","title":{"rendered":"Responsabilit\u00e9 sociale"},"content":{"rendered":"\n<div class=\"wp-block-columns margin-bottom-none is-layout-flex wp-container-core-columns-is-layout-9d6595d7 wp-block-columns-is-layout-flex\">\n<div class=\"wp-block-column two-texts-intro is-layout-flow wp-block-column-is-layout-flow\">\n<h2 class=\"wp-block-heading has-text-align-center rooms-description-white-box two-texts-bigger header-bigger has-extra-large-font-size\"> \u00caTRE CONSCIENT DE CE QUE NOUS FAISONS<\/h2>\n\n\n\n<p class=\"has-text-align-center\">Chez De L&rsquo;Europe Amsterdam, notre engagement en mati\u00e8re de responsabilit\u00e9 sociale est profond\u00e9ment ancr\u00e9 dans notre \u00e9thique. Pionniers de l&rsquo;h\u00f4tellerie durable, nous sommes fiers d&rsquo;avoir obtenu la Clef verte en 2006, devenant ainsi le premier h\u00f4tel cinq \u00e9toiles \u00e0 le faire. Cette r\u00e9alisation souligne notre engagement in\u00e9branlable en faveur de la gestion de l&rsquo;environnement et d&rsquo;une exploitation en harmonie avec notre environnement. Tout en c\u00e9l\u00e9brant cette \u00e9tape, nous reconnaissons que le chemin vers une v\u00e9ritable durabilit\u00e9 est en cours. En constante \u00e9volution, nous innovons pour r\u00e9duire notre empreinte \u00e9cologique. En 2023, De L&rsquo;Europe a \u00e9t\u00e9 reconnu par Leading Hotels of the World comme un leader en mati\u00e8re de durabilit\u00e9, ce qui t\u00e9moigne de notre engagement dans le domaine de l&rsquo;hospitalit\u00e9, en particulier en ce qui concerne la communaut\u00e9, la culture et la responsabilit\u00e9 environnementale. Pour rester \u00e0 la pointe des initiatives \u00e9cologiques, nous avons cr\u00e9\u00e9 une \u00e9quipe verte interne charg\u00e9e d&rsquo;apporter des changements positifs dans toutes les op\u00e9rations.<\/p>\n\n\n\n<p class=\"has-text-align-center\">Conscients de l&rsquo;impact profond des d\u00e9chets alimentaires sur notre plan\u00e8te, nous avons pris des mesures importantes pour les r\u00e9duire au minimum dans les cuisines et les restaurants. Gr\u00e2ce \u00e0 une planification r\u00e9fl\u00e9chie, nous visons \u00e0 r\u00e9duire les d\u00e9chets tout en garantissant une exp\u00e9rience gastronomique m\u00e9morable. La transformation du Bord&rsquo;Eau, un restaurant deux \u00e9toiles Michelin, en Flore refl\u00e8te cette philosophie. Chez Flore, la saisonnalit\u00e9 et les produits locaux sont au c\u0153ur de chaque cr\u00e9ation gastronomique. En 2022, neuf mois apr\u00e8s l&rsquo;ouverture, leurs plats innovants et leur engagement ont \u00e9t\u00e9 r\u00e9compens\u00e9s par deux \u00e9toiles Michelin et l&rsquo;\u00e9toile verte Michelin.<\/p>\n\n\n\n<p class=\"has-text-align-center\">D\u00e9couvrez notre derni\u00e8re addition, &lsquo;t Huys, o\u00f9 l&rsquo;artisanat local et la cr\u00e9ativit\u00e9 se d\u00e9veloppent v\u00e9ritablement. Cette initiative permet aux visiteurs de se rapprocher de l&rsquo;essence de la ville, en offrant aux partenaires un lieu d&rsquo;accueil pour leur art.<\/p>\n\n\n\n<p class=\"has-text-align-center\">En outre, nous avons consciemment adopt\u00e9 des solutions \u00e9cologiques dans l&rsquo;ensemble de notre \u00e9tablissement. Notre d\u00e9marche de d\u00e9veloppement durable est un effort collectif et nous invitons nos h\u00f4tes \u00e0 nous rejoindre pour cr\u00e9er un monde plus lumineux et plus durable. Ensemble, nous pouvons faire une diff\u00e9rence significative pour notre plan\u00e8te et les g\u00e9n\u00e9rations futures.<\/p>\n\n\n\n<div class=\"wp-block-columns badges-section is-layout-flex wp-container-core-columns-is-layout-9d6595d7 wp-block-columns-is-layout-flex\">\n<div class=\"wp-block-column is-layout-flow wp-block-column-is-layout-flow\">\n<h2 class=\"wp-block-heading has-text-align-center has-extra-large-font-size\">D\u00c9COUVRIR DE L\u2019EUROPE<\/h2>\n\n\n\n<p class=\"has-text-align-center\">Joignez-vous \u00e0 la c\u00e9l\u00e9bration alors que nous montrons les prix qui soulignent notre parcours.<br\/>Dive into the recognition we\u2019ve earned, a nod to the dedication Plongez dans la reconnaissance que nous avons m\u00e9rit\u00e9e, un clin d\u2019\u0153il au d\u00e9vouement et \u00e0 l\u2019innovation au c\u0153ur de ce que nous faisons.<\/p>\n\n\n\n<div class=\"wp-block-columns is-not-stacked-on-mobile badges is-layout-flex wp-container-core-columns-is-layout-9d6595d7 wp-block-columns-is-layout-flex\">\n<div class=\"wp-block-column is-layout-flow wp-block-column-is-layout-flow\"><div class=\"wp-block-image is-style-default\">\n<figure class=\"alignright size-full is-resized\"><img loading=\"lazy\" decoding=\"async\" width=\"216\" height=\"237\" src=\"https:\/\/deleurope.com\/wp-content\/uploads\/2024\/01\/Blue.webp\" alt=\"Responsable du d&#xE9;veloppement durable LHW\" class=\"wp-image-1778\" style=\"object-fit:cover;width:255px;height:255px\"\/><\/figure>\n<\/div><\/div>\n\n\n\n<div class=\"wp-block-column is-layout-flow wp-block-column-is-layout-flow\"><div class=\"wp-block-image is-style-default\">\n<figure class=\"alignleft size-full is-resized\"><img loading=\"lazy\" decoding=\"async\" width=\"233\" height=\"344\" src=\"https:\/\/deleurope.com\/wp-content\/uploads\/2024\/01\/GreenKey-De-leurope-1.jpg\" alt=\"\" class=\"wp-image-1465\" style=\"object-fit:contain;width:255px;height:255px\"\/><\/figure>\n<\/div><\/div>\n<\/div>\n<\/div>\n<\/div>\n<\/div>\n<\/div>\n\n<div class=\"wp-block-columns faq-section has-central-palette-9-background-color has-background is-layout-flex wp-container-core-columns-is-layout-9d6595d7 wp-block-columns-is-layout-flex\">\n<div class=\"wp-block-column is-layout-flow wp-block-column-is-layout-flow\">\n<div class=\"wp-block-columns is-layout-flex wp-container-core-columns-is-layout-9d6595d7 wp-block-columns-is-layout-flex\">\n<div class=\"wp-block-column is-layout-flow wp-block-column-is-layout-flow\" style=\"flex-basis:24%\">\n<h2 class=\"wp-block-heading has-text-align-center has-extra-large-font-size\">F.A.Q<\/h2>\n\n\n\n<ul class=\"tab-faq-menu wp-block-list\">\n<li class=\"active-li\" style=\"text-transform:uppercase\">informations sur la responsabilit\u00e9 sociale<\/li>\n<\/ul>\n<\/div>\n\n\n\n<div class=\"wp-block-column is-layout-flow wp-block-column-is-layout-flow\" style=\"flex-basis:76%\">\n<div class=\"schema-faq wp-block-yoast-faq-block\"><div class=\"schema-faq-section\" id=\"faq-question-1697826231715\"><strong class=\"schema-faq-question\">De L&rsquo;Europe Amsterdam dispose-t-elle de certifications environnementales ?<\/strong> <p class=\"schema-faq-answer\">Les efforts de De L&rsquo;Europe en mati\u00e8re de d\u00e9veloppement durable ont \u00e9t\u00e9 reconnus par des certifications externes, y compris le niveau le plus \u00e9lev\u00e9 des normes de la Cl\u00e9 verte, le niveau Gold, ainsi que le programme Sustainability Leader des Leading Hotels of the World. Ces d\u00e9signations t\u00e9moignent de notre engagement en faveur de l&rsquo;excellence dans les domaines de la communaut\u00e9, de la culture et de la responsabilit\u00e9 environnementale.<\/p> <\/div> <div class=\"schema-faq-section\" id=\"faq-question-1697827306389\"><strong class=\"schema-faq-question\">Comment De L&rsquo;Europe Amsterdam encourage-t-elle les voyages \u00e9thiques ?<\/strong> <p class=\"schema-faq-answer\">Chez De L&rsquo;Europe Amsterdam, nous embrassons la culture et l&rsquo;artisanat locaux. Qu&rsquo;il s&rsquo;agisse des partenaires locaux pr\u00e9sent\u00e9s dans le concept store IN-HUYS, de l&rsquo;approvisionnement en produits du restaurant Flore ou des recommandations de notre \u00e9quipe de concierges, nous offrons toujours le meilleur de ce que nos communaut\u00e9s ont \u00e0 offrir.<\/p> <\/div> <div class=\"schema-faq-section\" id=\"faq-question-1697826245421\"><strong class=\"schema-faq-question\">Quel est l&rsquo;impact social de De L&rsquo;Europe Amsterdam ?<\/strong> <p class=\"schema-faq-answer\">Dans le cadre de notre engagement en faveur d&rsquo;un tourisme responsable, De L&rsquo;Europe Amsterdam met en avant et collabore avec des talents locaux. Nous offrons des espaces de travail aux jeunes artistes et avons un impact positif sur nos communaut\u00e9s locales gr\u00e2ce \u00e0 des partenariats locaux, des actions de sensibilisation, des initiatives et des \u00e9v\u00e9nements, ainsi que des dons.<\/p> <\/div> <\/div>\n<\/div>\n<\/div>\n<\/div>\n<\/div>\n","protected":false},"excerpt":{"rendered":"<p>\u00caTRE CONSCIENT DE CE QUE NOUS FAISONS Chez De L&rsquo;Europe Amsterdam, notre engagement en mati\u00e8re de responsabilit\u00e9 sociale est profond\u00e9ment ancr\u00e9 dans notre \u00e9thique. Pionniers de l&rsquo;h\u00f4tellerie durable, nous sommes fiers d&rsquo;avoir obtenu la Clef verte en 2006, devenant ainsi le premier h\u00f4tel cinq \u00e9toiles \u00e0 le faire. Cette r\u00e9alisation souligne notre engagement in\u00e9branlable en [&hellip;]<\/p>\n","protected":false},"author":17,"featured_media":3655,"parent":0,"menu_order":0,"comment_status":"closed","ping_status":"closed","template":"","meta":{"_acf_changed":false,"footnotes":""},"class_list":["post-3667","page","type-page","status-publish","has-post-thumbnail","hentry"],"acf":[],"yoast_head":"<!-- This site is optimized with the Yoast SEO plugin v27.3 - https:\/\/yoast.com\/product\/yoast-seo-wordpress\/ -->\n<title>De L&#039;Europe Amsterdam est une hospitalit\u00e9 consciente et verte<\/title>\n<meta name=\"description\" content=\"D\u00e9couvrez le luxe \u00e9cologique avec De L&#039;Europe Amsterdam. La cl\u00e9 verte de l&#039;hospitalit\u00e9 a \u00e9t\u00e9 d\u00e9cern\u00e9e. Leader en mati\u00e8re de d\u00e9veloppement durable par Leading Hotels of the World.\" \/>\n<meta name=\"robots\" content=\"index, follow, max-snippet:-1, max-image-preview:large, max-video-preview:-1\" \/>\n<link rel=\"canonical\" href=\"https:\/\/www.deleurope.com\/fr\/responsabilite-societale\/\" \/>\n<meta property=\"og:locale\" content=\"fr_FR\" \/>\n<meta property=\"og:type\" content=\"article\" \/>\n<meta property=\"og:title\" content=\"De L&#039;Europe Amsterdam est une hospitalit\u00e9 consciente et verte\" \/>\n<meta property=\"og:description\" content=\"D\u00e9couvrez le luxe \u00e9cologique avec De L&#039;Europe Amsterdam. La cl\u00e9 verte de l&#039;hospitalit\u00e9 a \u00e9t\u00e9 d\u00e9cern\u00e9e. Leader en mati\u00e8re de d\u00e9veloppement durable par Leading Hotels of the World.\" \/>\n<meta property=\"og:url\" content=\"https:\/\/www.deleurope.com\/fr\/responsabilite-societale\/\" \/>\n<meta property=\"og:site_name\" content=\"De L&#039;Europe Amsterdam\" \/>\n<meta property=\"article:modified_time\" content=\"2024-03-08T13:39:51+00:00\" \/>\n<meta property=\"og:image\" content=\"https:\/\/www.deleurope.com\/wp-content\/uploads\/2023\/11\/1182e35f6411d08bfdcf2001d57de6ab.jpeg\" \/>\n\t<meta property=\"og:image:width\" content=\"1600\" \/>\n\t<meta property=\"og:image:height\" content=\"1067\" \/>\n\t<meta property=\"og:image:type\" content=\"image\/jpeg\" \/>\n<meta name=\"twitter:card\" content=\"summary_large_image\" \/>\n<meta name=\"twitter:label1\" content=\"Dur\u00e9e de lecture estim\u00e9e\" \/>\n\t<meta name=\"twitter:data1\" content=\"3 minutes\" \/>\n<script type=\"application\/ld+json\" class=\"yoast-schema-graph\">{\"@context\":\"https:\\\/\\\/schema.org\",\"@graph\":[{\"@type\":[\"WebPage\",\"FAQPage\"],\"@id\":\"https:\\\/\\\/www.deleurope.com\\\/fr\\\/responsabilite-societale\\\/\",\"url\":\"https:\\\/\\\/www.deleurope.com\\\/fr\\\/responsabilite-societale\\\/\",\"name\":\"De L'Europe Amsterdam est une hospitalit\u00e9 consciente et verte\",\"isPartOf\":{\"@id\":\"https:\\\/\\\/www.deleurope.com\\\/fr\\\/#website\"},\"primaryImageOfPage\":{\"@id\":\"https:\\\/\\\/www.deleurope.com\\\/fr\\\/responsabilite-societale\\\/#primaryimage\"},\"image\":{\"@id\":\"https:\\\/\\\/www.deleurope.com\\\/fr\\\/responsabilite-societale\\\/#primaryimage\"},\"thumbnailUrl\":\"https:\\\/\\\/www.deleurope.com\\\/wp-content\\\/uploads\\\/2023\\\/11\\\/1182e35f6411d08bfdcf2001d57de6ab.jpeg\",\"datePublished\":\"2024-01-18T16:11:13+00:00\",\"dateModified\":\"2024-03-08T13:39:51+00:00\",\"description\":\"D\u00e9couvrez le luxe \u00e9cologique avec De L'Europe Amsterdam. La cl\u00e9 verte de l'hospitalit\u00e9 a \u00e9t\u00e9 d\u00e9cern\u00e9e. Leader en mati\u00e8re de d\u00e9veloppement durable par Leading Hotels of the World.\",\"breadcrumb\":{\"@id\":\"https:\\\/\\\/www.deleurope.com\\\/fr\\\/responsabilite-societale\\\/#breadcrumb\"},\"mainEntity\":[{\"@id\":\"https:\\\/\\\/www.deleurope.com\\\/fr\\\/responsabilite-societale\\\/#faq-question-1697826231715\"},{\"@id\":\"https:\\\/\\\/www.deleurope.com\\\/fr\\\/responsabilite-societale\\\/#faq-question-1697827306389\"},{\"@id\":\"https:\\\/\\\/www.deleurope.com\\\/fr\\\/responsabilite-societale\\\/#faq-question-1697826245421\"}],\"inLanguage\":\"fr-FR\",\"potentialAction\":[{\"@type\":\"ReadAction\",\"target\":[\"https:\\\/\\\/www.deleurope.com\\\/fr\\\/responsabilite-societale\\\/\"]}]},{\"@type\":\"ImageObject\",\"inLanguage\":\"fr-FR\",\"@id\":\"https:\\\/\\\/www.deleurope.com\\\/fr\\\/responsabilite-societale\\\/#primaryimage\",\"url\":\"https:\\\/\\\/www.deleurope.com\\\/wp-content\\\/uploads\\\/2023\\\/11\\\/1182e35f6411d08bfdcf2001d57de6ab.jpeg\",\"contentUrl\":\"https:\\\/\\\/www.deleurope.com\\\/wp-content\\\/uploads\\\/2023\\\/11\\\/1182e35f6411d08bfdcf2001d57de6ab.jpeg\",\"width\":1600,\"height\":1067,\"caption\":\"Restaurant Flore Conscious Fine Dining\"},{\"@type\":\"BreadcrumbList\",\"@id\":\"https:\\\/\\\/www.deleurope.com\\\/fr\\\/responsabilite-societale\\\/#breadcrumb\",\"itemListElement\":[{\"@type\":\"ListItem\",\"position\":1,\"name\":\"Home\",\"item\":\"https:\\\/\\\/www.deleurope.com\\\/fr\\\/\"},{\"@type\":\"ListItem\",\"position\":2,\"name\":\"Responsabilit\u00e9 sociale\"}]},{\"@type\":\"WebSite\",\"@id\":\"https:\\\/\\\/www.deleurope.com\\\/fr\\\/#website\",\"url\":\"https:\\\/\\\/www.deleurope.com\\\/fr\\\/\",\"name\":\"De L&#039;Europe Amsterdam\",\"description\":\"Home of original Amsterdam luxury.\",\"potentialAction\":[{\"@type\":\"SearchAction\",\"target\":{\"@type\":\"EntryPoint\",\"urlTemplate\":\"https:\\\/\\\/www.deleurope.com\\\/fr\\\/?s={search_term_string}\"},\"query-input\":{\"@type\":\"PropertyValueSpecification\",\"valueRequired\":true,\"valueName\":\"search_term_string\"}}],\"inLanguage\":\"fr-FR\"},{\"@type\":\"Question\",\"@id\":\"https:\\\/\\\/www.deleurope.com\\\/fr\\\/responsabilite-societale\\\/#faq-question-1697826231715\",\"position\":1,\"url\":\"https:\\\/\\\/www.deleurope.com\\\/fr\\\/responsabilite-societale\\\/#faq-question-1697826231715\",\"name\":\"Does De L'Europe Amsterdam have any environmental certifications?\",\"answerCount\":1,\"acceptedAnswer\":{\"@type\":\"Answer\",\"text\":\"De L'Europe's sustainability efforts have been acknowledged by external certifications, including the highest level of Green Key standards, Gold Level, as well as the Sustainability Leader program of Leading Hotels of the World. These designations serve as a testament to our commitment to excellence in community, culture, and environmental responsibility.\",\"inLanguage\":\"fr-FR\"},\"inLanguage\":\"fr-FR\"},{\"@type\":\"Question\",\"@id\":\"https:\\\/\\\/www.deleurope.com\\\/fr\\\/responsabilite-societale\\\/#faq-question-1697827306389\",\"position\":2,\"url\":\"https:\\\/\\\/www.deleurope.com\\\/fr\\\/responsabilite-societale\\\/#faq-question-1697827306389\",\"name\":\"How does De L'Europe Amsterdam encourage ethical traveling?\",\"answerCount\":1,\"acceptedAnswer\":{\"@type\":\"Answer\",\"text\":\"At De L'Europe Amsterdam we embrace local culture and craftmanship. Whether it's in the local partners featured in concept store IN-HUYS, our produce sourcing at restaurant Flore or the recommendations by our Concierge team, we always offer the best our communities have to offer.\",\"inLanguage\":\"fr-FR\"},\"inLanguage\":\"fr-FR\"},{\"@type\":\"Question\",\"@id\":\"https:\\\/\\\/www.deleurope.com\\\/fr\\\/responsabilite-societale\\\/#faq-question-1697826245421\",\"position\":3,\"url\":\"https:\\\/\\\/www.deleurope.com\\\/fr\\\/responsabilite-societale\\\/#faq-question-1697826245421\",\"name\":\"What is De L'Europe Amsterdam's social impact?\",\"answerCount\":1,\"acceptedAnswer\":{\"@type\":\"Answer\",\"text\":\"As part of our strong believe in responsible tourism, at De L'Europe Amsterdam we display and collaborate with local talent. We offer workspaces for young artists and positively impact our local communities with local partnerships, community outreach, initiatives and events, and donations.\",\"inLanguage\":\"fr-FR\"},\"inLanguage\":\"fr-FR\"}]}<\/script>\n<!-- \/ Yoast SEO plugin. -->","yoast_head_json":{"title":"De L'Europe Amsterdam est une hospitalit\u00e9 consciente et verte","description":"D\u00e9couvrez le luxe \u00e9cologique avec De L'Europe Amsterdam. La cl\u00e9 verte de l'hospitalit\u00e9 a \u00e9t\u00e9 d\u00e9cern\u00e9e. Leader en mati\u00e8re de d\u00e9veloppement durable par Leading Hotels of the World.","robots":{"index":"index","follow":"follow","max-snippet":"max-snippet:-1","max-image-preview":"max-image-preview:large","max-video-preview":"max-video-preview:-1"},"canonical":"https:\/\/www.deleurope.com\/fr\/responsabilite-societale\/","og_locale":"fr_FR","og_type":"article","og_title":"De L'Europe Amsterdam est une hospitalit\u00e9 consciente et verte","og_description":"D\u00e9couvrez le luxe \u00e9cologique avec De L'Europe Amsterdam. La cl\u00e9 verte de l'hospitalit\u00e9 a \u00e9t\u00e9 d\u00e9cern\u00e9e. Leader en mati\u00e8re de d\u00e9veloppement durable par Leading Hotels of the World.","og_url":"https:\/\/www.deleurope.com\/fr\/responsabilite-societale\/","og_site_name":"De L&#039;Europe Amsterdam","article_modified_time":"2024-03-08T13:39:51+00:00","og_image":[{"width":1600,"height":1067,"url":"https:\/\/www.deleurope.com\/wp-content\/uploads\/2023\/11\/1182e35f6411d08bfdcf2001d57de6ab.jpeg","type":"image\/jpeg"}],"twitter_card":"summary_large_image","twitter_misc":{"Dur\u00e9e de lecture estim\u00e9e":"3 minutes"},"schema":{"@context":"https:\/\/schema.org","@graph":[{"@type":["WebPage","FAQPage"],"@id":"https:\/\/www.deleurope.com\/fr\/responsabilite-societale\/","url":"https:\/\/www.deleurope.com\/fr\/responsabilite-societale\/","name":"De L'Europe Amsterdam est une hospitalit\u00e9 consciente et verte","isPartOf":{"@id":"https:\/\/www.deleurope.com\/fr\/#website"},"primaryImageOfPage":{"@id":"https:\/\/www.deleurope.com\/fr\/responsabilite-societale\/#primaryimage"},"image":{"@id":"https:\/\/www.deleurope.com\/fr\/responsabilite-societale\/#primaryimage"},"thumbnailUrl":"https:\/\/www.deleurope.com\/wp-content\/uploads\/2023\/11\/1182e35f6411d08bfdcf2001d57de6ab.jpeg","datePublished":"2024-01-18T16:11:13+00:00","dateModified":"2024-03-08T13:39:51+00:00","description":"D\u00e9couvrez le luxe \u00e9cologique avec De L'Europe Amsterdam. La cl\u00e9 verte de l'hospitalit\u00e9 a \u00e9t\u00e9 d\u00e9cern\u00e9e. Leader en mati\u00e8re de d\u00e9veloppement durable par Leading Hotels of the World.","breadcrumb":{"@id":"https:\/\/www.deleurope.com\/fr\/responsabilite-societale\/#breadcrumb"},"mainEntity":[{"@id":"https:\/\/www.deleurope.com\/fr\/responsabilite-societale\/#faq-question-1697826231715"},{"@id":"https:\/\/www.deleurope.com\/fr\/responsabilite-societale\/#faq-question-1697827306389"},{"@id":"https:\/\/www.deleurope.com\/fr\/responsabilite-societale\/#faq-question-1697826245421"}],"inLanguage":"fr-FR","potentialAction":[{"@type":"ReadAction","target":["https:\/\/www.deleurope.com\/fr\/responsabilite-societale\/"]}]},{"@type":"ImageObject","inLanguage":"fr-FR","@id":"https:\/\/www.deleurope.com\/fr\/responsabilite-societale\/#primaryimage","url":"https:\/\/www.deleurope.com\/wp-content\/uploads\/2023\/11\/1182e35f6411d08bfdcf2001d57de6ab.jpeg","contentUrl":"https:\/\/www.deleurope.com\/wp-content\/uploads\/2023\/11\/1182e35f6411d08bfdcf2001d57de6ab.jpeg","width":1600,"height":1067,"caption":"Restaurant Flore Conscious Fine Dining"},{"@type":"BreadcrumbList","@id":"https:\/\/www.deleurope.com\/fr\/responsabilite-societale\/#breadcrumb","itemListElement":[{"@type":"ListItem","position":1,"name":"Home","item":"https:\/\/www.deleurope.com\/fr\/"},{"@type":"ListItem","position":2,"name":"Responsabilit\u00e9 sociale"}]},{"@type":"WebSite","@id":"https:\/\/www.deleurope.com\/fr\/#website","url":"https:\/\/www.deleurope.com\/fr\/","name":"De L&#039;Europe Amsterdam","description":"Home of original Amsterdam luxury.","potentialAction":[{"@type":"SearchAction","target":{"@type":"EntryPoint","urlTemplate":"https:\/\/www.deleurope.com\/fr\/?s={search_term_string}"},"query-input":{"@type":"PropertyValueSpecification","valueRequired":true,"valueName":"search_term_string"}}],"inLanguage":"fr-FR"},{"@type":"Question","@id":"https:\/\/www.deleurope.com\/fr\/responsabilite-societale\/#faq-question-1697826231715","position":1,"url":"https:\/\/www.deleurope.com\/fr\/responsabilite-societale\/#faq-question-1697826231715","name":"Does De L'Europe Amsterdam have any environmental certifications?","answerCount":1,"acceptedAnswer":{"@type":"Answer","text":"De L'Europe's sustainability efforts have been acknowledged by external certifications, including the highest level of Green Key standards, Gold Level, as well as the Sustainability Leader program of Leading Hotels of the World. These designations serve as a testament to our commitment to excellence in community, culture, and environmental responsibility.","inLanguage":"fr-FR"},"inLanguage":"fr-FR"},{"@type":"Question","@id":"https:\/\/www.deleurope.com\/fr\/responsabilite-societale\/#faq-question-1697827306389","position":2,"url":"https:\/\/www.deleurope.com\/fr\/responsabilite-societale\/#faq-question-1697827306389","name":"How does De L'Europe Amsterdam encourage ethical traveling?","answerCount":1,"acceptedAnswer":{"@type":"Answer","text":"At De L'Europe Amsterdam we embrace local culture and craftmanship. Whether it's in the local partners featured in concept store IN-HUYS, our produce sourcing at restaurant Flore or the recommendations by our Concierge team, we always offer the best our communities have to offer.","inLanguage":"fr-FR"},"inLanguage":"fr-FR"},{"@type":"Question","@id":"https:\/\/www.deleurope.com\/fr\/responsabilite-societale\/#faq-question-1697826245421","position":3,"url":"https:\/\/www.deleurope.com\/fr\/responsabilite-societale\/#faq-question-1697826245421","name":"What is De L'Europe Amsterdam's social impact?","answerCount":1,"acceptedAnswer":{"@type":"Answer","text":"As part of our strong believe in responsible tourism, at De L'Europe Amsterdam we display and collaborate with local talent. We offer workspaces for young artists and positively impact our local communities with local partnerships, community outreach, initiatives and events, and donations.","inLanguage":"fr-FR"},"inLanguage":"fr-FR"}]}},"featured_image_src":"https:\/\/www.deleurope.com\/wp-content\/uploads\/2023\/11\/1182e35f6411d08bfdcf2001d57de6ab-600x400.jpeg","featured_image_src_square":"https:\/\/www.deleurope.com\/wp-content\/uploads\/2023\/11\/1182e35f6411d08bfdcf2001d57de6ab-600x600.jpeg","_links":{"self":[{"href":"https:\/\/www.deleurope.com\/fr\/wp-json\/wp\/v2\/pages\/3667","targetHints":{"allow":["GET"]}}],"collection":[{"href":"https:\/\/www.deleurope.com\/fr\/wp-json\/wp\/v2\/pages"}],"about":[{"href":"https:\/\/www.deleurope.com\/fr\/wp-json\/wp\/v2\/types\/page"}],"author":[{"embeddable":true,"href":"https:\/\/www.deleurope.com\/fr\/wp-json\/wp\/v2\/users\/17"}],"replies":[{"embeddable":true,"href":"https:\/\/www.deleurope.com\/fr\/wp-json\/wp\/v2\/comments?post=3667"}],"version-history":[{"count":0,"href":"https:\/\/www.deleurope.com\/fr\/wp-json\/wp\/v2\/pages\/3667\/revisions"}],"wp:featuredmedia":[{"embeddable":true,"href":"https:\/\/www.deleurope.com\/fr\/wp-json\/wp\/v2\/media\/3655"}],"wp:attachment":[{"href":"https:\/\/www.deleurope.com\/fr\/wp-json\/wp\/v2\/media?parent=3667"}],"curies":[{"name":"wp","href":"https:\/\/api.w.org\/{rel}","templated":true}]}}