{"id":3263,"date":"2024-01-23T10:46:03","date_gmt":"2024-01-23T10:46:03","guid":{"rendered":"https:\/\/www.deleurope.com\/the-leading-hotels-of-the-world\/"},"modified":"2024-12-11T13:32:17","modified_gmt":"2024-12-11T13:32:17","slug":"the-leading-hotels-of-the-world","status":"publish","type":"page","link":"https:\/\/www.deleurope.com\/nl\/the-leading-hotels-of-the-world\/","title":{"rendered":"De toonaangevende hotels<br> van de wereld"},"content":{"rendered":"\n<div class=\"wp-block-columns margin-bottom-none is-layout-flex wp-container-core-columns-is-layout-9d6595d7 wp-block-columns-is-layout-flex\">\n<div class=\"wp-block-column two-texts-intro with-cta is-layout-flow wp-block-column-is-layout-flow\">\n<h2 class=\"wp-block-heading has-text-align-center rooms-description-white-box two-texts-bigger header-bigger with-cta has-extra-large-font-size\">OPMERKELIJKE KWALITEIT &amp; ONGEWONE ERVARINGEN <\/h2>\n\n\n\n<p class=\"has-text-align-center\">Welkom bij De L&#8217;Europe Amsterdam, een fascinerende mix van luxe en erfgoed. Als vooraanstaand lid van The Leading Hotels of the World vertegenwoordigt ons Home of Original Amsterdam Luxury de essentie van tijdloze verfijning en verbindt ons met een wereldwijde gemeenschap die zich al sinds 1928 inzet voor de unieke identiteit van onafhankelijke luxehotels.<\/p>\n\n\n\n<div class=\"wp-block-buttons is-content-justification-center is-layout-flex wp-container-core-buttons-is-layout-16018d1d wp-block-buttons-is-layout-flex\">\n<div class=\"wp-block-button is-style-outline book-now is-style-outline--1\" style=\"text-transform:uppercase\"><a class=\"wp-block-button__link has-central-palette-7-color has-central-palette-1-background-color has-text-color has-background has-text-align-center wp-element-button\" href=\"https:\/\/www.lhw.com\/hotel\/DE-LEUROPE-Amsterdam-Amsterdam-Netherlands?rooms=1&amp;numadult1=2&amp;numchild1=0\" style=\"border-radius:0px\" target=\"_blank\" rel=\"noreferrer noopener\">meer leren<\/a><\/div>\n<\/div>\n<\/div>\n<\/div>\n\n<div class=\"wp-block-columns top-border align-left-text text-on-left wrap-2-columns eat-and-drink-cards is-layout-flex wp-container-core-columns-is-layout-9d6595d7 wp-block-columns-is-layout-flex\" id=\"graziella\">\n<div class=\"wp-block-column is-vertically-aligned-center middle-align is-layout-flow wp-block-column-is-layout-flow\" style=\"flex-basis:40%\">\n<div class=\"wp-block-group\"><div class=\"wp-block-group__inner-container is-layout-constrained wp-block-group-is-layout-constrained\">\n<p class=\"has-text-align-center\">The Leading Hotels of the World is een prestigieuze verzameling van luxe hotels en resorts die staan voor uitzonderlijke service, onge\u00ebvenaarde elegantie en onvergetelijke ervaringen. Elke accommodatie in dit exclusieve portfolio is samengesteld voor veeleisende reizigers die op zoek zijn naar het toppunt van gastvrijheid en belichaamt onge\u00ebvenaarde kwaliteit en onderscheidend karakter. Of ze nu genesteld zijn in iconische stadsgezichten, langs ongerepte stranden of te midden van adembenemende landschappen, deze hotels weerspiegelen een toewijding aan uitmuntendheid. Van verwennende voorzieningen tot onberispelijk design, The Leading Hotels of the World belooft een superieure reis waar gasten kunnen genieten van onge\u00ebvenaarde luxe en herinneringen kunnen cre\u00ebren die ook na hun verblijf blijven.<\/p>\n\n\n\n<p class=\"has-text-align-center\"><strong>LID WORDEN VAN LHW<\/strong><\/p>\n\n\n\n<p class=\"has-text-align-center\">Ontgrendel een wereld van exclusieve privileges en sluit je aan bij een loyaliteitsprogramma dat verspreid is over alle Leading Hotels of the World hotels door lid te worden van de Leaders Club. Ons gratis hotelbeloningenprogramma is ontworpen om nieuwsgierige reizigers zoals jij te inspireren om verder op ontdekkingstocht te gaan. In deze voorname club vieren we individualiteit en belonen we onze leden voor het kiezen van een ongewoon pad en het koesteren van de unieke ervaringen die ze onderweg opdoen. Word nu lid en verbeter uw reis met onge\u00ebvenaarde voordelen, niet alleen in De L&#8217;Europe Amsterdam maar in het hele netwerk van Leading Hotels of the World.<\/p>\n<\/div><\/div>\n\n\n\n<div class=\"wp-block-buttons is-content-justification-center is-layout-flex wp-container-core-buttons-is-layout-16018d1d wp-block-buttons-is-layout-flex\">\n<div class=\"wp-block-button is-style-outline book-now is-style-outline--2\" style=\"text-transform:uppercase\"><a class=\"wp-block-button__link has-central-palette-7-color has-central-palette-1-background-color has-text-color has-background has-text-align-center wp-element-button\" href=\"https:\/\/www.lhw.com\/leaders-club\/about\" style=\"border-radius:0px\" target=\"_blank\" rel=\"noreferrer noopener\">meer informatie over leaders club<\/a><\/div>\n<\/div>\n<\/div>\n\n\n\n<div class=\"wp-block-column slider-wrap padding-left-md is-layout-flow wp-block-column-is-layout-flow\" style=\"flex-basis:60%\">\n<figure class=\"wp-block-image size-full\"><img loading=\"lazy\" decoding=\"async\" width=\"1500\" height=\"1000\" src=\"https:\/\/deleurope.com\/wp-content\/uploads\/2024\/01\/LHW-De-LEurope-Amsterdam.jpg\" alt=\"De L'Europe Amsterdam\" class=\"wp-image-1741\" style=\"aspect-ratio:16\/9;object-fit:cover\" srcset=\"https:\/\/www.deleurope.com\/wp-content\/uploads\/2024\/01\/LHW-De-LEurope-Amsterdam.jpg 1500w, https:\/\/www.deleurope.com\/wp-content\/uploads\/2024\/01\/LHW-De-LEurope-Amsterdam-768x512.jpg 768w, https:\/\/www.deleurope.com\/wp-content\/uploads\/2024\/01\/LHW-De-LEurope-Amsterdam-600x400.jpg 600w\" sizes=\"auto, (max-width: 1500px) 100vw, 1500px\" \/><\/figure>\n<\/div>\n<\/div>\n\n<div class=\"wp-block-columns no-border-top with-subheader image_left_text_bg_right wrap-2-columns is-layout-flex wp-container-core-columns-is-layout-9d6595d7 wp-block-columns-is-layout-flex\">\n<div class=\"wp-block-column slider-wrap is-layout-flow wp-block-column-is-layout-flow\" style=\"flex-basis:50%\">\n<figure class=\"wp-block-image size-full\"><img loading=\"lazy\" decoding=\"async\" width=\"2500\" height=\"1703\" src=\"https:\/\/deleurope.com\/wp-content\/uploads\/2024\/02\/De-LEurope-Amsterdam-Lobby-2.jpg\" alt=\"\" class=\"wp-image-2166\" srcset=\"https:\/\/www.deleurope.com\/wp-content\/uploads\/2024\/02\/De-LEurope-Amsterdam-Lobby-2.jpg 2500w, https:\/\/www.deleurope.com\/wp-content\/uploads\/2024\/02\/De-LEurope-Amsterdam-Lobby-2-768x523.jpg 768w, https:\/\/www.deleurope.com\/wp-content\/uploads\/2024\/02\/De-LEurope-Amsterdam-Lobby-2-1536x1046.jpg 1536w, https:\/\/www.deleurope.com\/wp-content\/uploads\/2024\/02\/De-LEurope-Amsterdam-Lobby-2-2048x1395.jpg 2048w\" sizes=\"auto, (max-width: 2500px) 100vw, 2500px\" \/><\/figure>\n<\/div>\n\n\n\n<div class=\"wp-block-column is-vertically-aligned-center middle-align is-layout-flow wp-block-column-is-layout-flow\" style=\"flex-basis:50%\">\n<div class=\"wp-block-columns is-layout-flex wp-container-core-columns-is-layout-9d6595d7 wp-block-columns-is-layout-flex\">\n<div class=\"wp-block-column has-central-palette-4-background-color has-background is-layout-flow wp-block-column-is-layout-flow\">\n<h2 class=\"wp-block-heading has-text-align-center has-extra-large-font-size\">DE VOORDELEN<\/h2>\n\n\n\n<p><\/p>\n\n\n\n<ul class=\"wp-block-list\">\n<li><strong>Pre-arrival upgrades |<\/strong> Ga op een reis van verbeterde luxe met upgrades v\u00f3\u00f3r aankomst. Bij het voltooien van uw eerste betaalde verblijf dat in aanmerking komt, ontgrendelt u \u00e9\u00e9n upgrade v\u00f3\u00f3r aankomst en geniet u van een extra upgrade in januari van uw lidmaatschap. Vraag je upgrade aan wanneer je boekt via de daarvoor in aanmerking komende kanalen en indien mogelijk zullen we het voor je aankomst bevestigen.<\/li>\n\n\n\n<li><strong>Leaders Club Points |<\/strong> Beloon jezelf voor het nastreven van buitengewone bestemmingen en authentieke ervaringen. Verdien 1 punt voor elke USD 1 die u uitgeeft aan een verblijf dat in aanmerking komt, zodat u gratis nachten kunt sparen binnen onze gerenommeerde collectie. Met aflossingen vanaf ongeveer 4.000 punten is uw volgende gratis overnachting binnen handbereik.<\/li>\n\n\n\n<li><strong>On-property benefits |<\/strong> Ervaar een warmer welkom op elke bestemming met on-property voordelen. Geniet van prioriteitsupgrades bij aankomst, dagelijks continentaal ontbijt voor twee personen, overwegingen voor vroeg inchecken en laat uitchecken.<\/li>\n\n\n\n<li><strong>Members only savings | <\/strong>Ontdek exclusieve privileges die alleen zijn voorbehouden aan leden van de Leaders Club, waaronder seizoensuitverkopen en toegang tot de laagst beschikbare tarieven. Geniet bovendien van speciale mogelijkheden om onze nieuwste hotels te bekijken en krijg toegang tot exclusieve extra&#8217;s voor leden, waardoor je reiservaring wordt verrijkt met toegevoegde waarde. Begin aan een reis waarin je passie voor reizen wordt gevierd en beloond. Word nu lid van de Leaders Club en geniet van deze uitzonderlijke voordelen, niet alleen in De L&#8217;Europe Amsterdam maar in het hele netwerk van Leading Hotels of the World.<\/li>\n<\/ul>\n\n\n\n<div class=\"wp-block-buttons is-content-justification-center is-layout-flex wp-container-core-buttons-is-layout-16018d1d wp-block-buttons-is-layout-flex\">\n<div class=\"wp-block-button is-style-outline not-italic is-style-outline--3\" style=\"text-transform:uppercase\"><a class=\"wp-block-button__link wp-element-button\" href=\"https:\/\/www.lhw.com\/account\/membership-signup\" style=\"border-radius:0px\" target=\"_blank\" rel=\"noreferrer noopener\">Word lid van de leidersclub<\/a><\/div>\n<\/div>\n<\/div>\n<\/div>\n<\/div>\n<\/div>\n\n<div class=\"wp-block-columns special-request is-layout-flex wp-container-core-columns-is-layout-9d6595d7 wp-block-columns-is-layout-flex\">\n<div class=\"wp-block-column has-central-palette-11-background-color has-background is-layout-flow wp-block-column-is-layout-flow\">\n<h2 class=\"wp-block-heading has-text-align-center has-extra-large-font-size\">Speciaal verzoek<\/h2>\n\n\n\n<p class=\"has-text-align-center\">Graag assisteren we je bij je speciale verzoek. Uw comfort staat voorop, en we kijken ernaar uit om te zorgen voor een aangename ervaring voor u.<\/p>\n\n\n\n<div class=\"wp-block-buttons is-content-justification-center is-layout-flex wp-container-core-buttons-is-layout-16018d1d wp-block-buttons-is-layout-flex\">\n<div class=\"wp-block-button is-style-outline not-italic is-style-outline--4\" style=\"text-transform:uppercase\"><a class=\"wp-block-button__link wp-element-button\" href=\"mailto:reservations@deleurope.com\" style=\"border-radius:0px\">INFORMATIE AANVRAGEN<\/a><\/div>\n<\/div>\n<\/div>\n<\/div>\n\n<div class=\"wp-block-columns faq-section has-central-palette-9-background-color has-background is-layout-flex wp-container-core-columns-is-layout-9d6595d7 wp-block-columns-is-layout-flex\">\n<div class=\"wp-block-column is-layout-flow wp-block-column-is-layout-flow\">\n<div class=\"wp-block-columns is-layout-flex wp-container-core-columns-is-layout-9d6595d7 wp-block-columns-is-layout-flex\">\n<div class=\"wp-block-column is-layout-flow wp-block-column-is-layout-flow\" style=\"flex-basis:24%\">\n<h2 class=\"wp-block-heading has-text-align-center has-extra-large-font-size\">F.A.Q<\/h2>\n\n\n\n<ul class=\"tab-faq-menu wp-block-list\">\n<li class=\"active-li\" style=\"text-transform:uppercase\">LEADERS CLUB<\/li>\n<\/ul>\n<\/div>\n\n\n\n<div class=\"wp-block-column is-layout-flow wp-block-column-is-layout-flow\" style=\"flex-basis:76%\">\n<div class=\"schema-faq wp-block-yoast-faq-block\"><div class=\"schema-faq-section\" id=\"faq-question-1697826231715\"><strong class=\"schema-faq-question\">Wat is de Leaders Club? <\/strong> <p class=\"schema-faq-answer\">Leaders Club is het gratis lidmaatschapsprogramma voor gasten van de meer dan 400 opmerkelijk ongebruikelijke hotels die samen The Leading Hotels of the World vormen. Als lid van de Leaders Club ontvang je speciale voordelen, aanbiedingen en besparingen wanneer je boekt via <a href=\"https:\/\/www.lhw.com\/customer-care\">LHW.com, an LHW Worldwide Reservations and Service Center<\/a>, websites for <a href=\"https:\/\/www.lhw.com\/leaders-club\/hotel-direct\">select Member Hotels<\/a>, of je plaatselijke reisbureau. Meer informatie <a href=\"https:\/\/www.lhw.com\/leaders-club\/faqs\">About Leaders Club<\/a>.<\/p> <\/div> <div class=\"schema-faq-section\" id=\"faq-question-1697827306389\"><strong class=\"schema-faq-question\">Hoe word ik lid van de Leaders Club?<\/strong> <p class=\"schema-faq-answer\">Ga om lid te worden van de Leaders Club naar <a href=\"https:\/\/www.lhw.com\/account\/membership-signup\">membership sign-up<\/a> of bel een LHW wereldwijd <a href=\"https:\/\/www.lhw.com\/leaders-club\/hotel-direct\">Reservations and Service Center<\/a>. Je kunt ook lid worden van de Leaders Club door de websites te bezoeken van <a href=\"https:\/\/www.lhw.com\/leaders-club\/hotel-direct\">select Member Hotels<\/a>.<\/p> <\/div> <\/div>\n\n\n\n<div class=\"schema-faq wp-block-yoast-faq-block\"><div class=\"schema-faq-section\" id=\"faq-question-1706200967255\"><strong class=\"schema-faq-question\"><\/strong> <p class=\"schema-faq-answer\"><\/p> <\/div> <\/div>\n<\/div>\n<\/div>\n<\/div>\n<\/div>\n","protected":false},"excerpt":{"rendered":"<p>OPMERKELIJKE KWALITEIT &amp; ONGEWONE ERVARINGEN Welkom bij De L&#8217;Europe Amsterdam, een fascinerende mix van luxe en erfgoed. Als vooraanstaand lid van The Leading Hotels of the World vertegenwoordigt ons Home of Original Amsterdam Luxury de essentie van tijdloze verfijning en verbindt ons met een wereldwijde gemeenschap die zich al sinds 1928 inzet voor de unieke [&hellip;]<\/p>\n","protected":false},"author":17,"featured_media":3265,"parent":0,"menu_order":3,"comment_status":"closed","ping_status":"closed","template":"","meta":{"_acf_changed":false,"footnotes":""},"class_list":["post-3263","page","type-page","status-publish","has-post-thumbnail","hentry"],"acf":[],"yoast_head":"<!-- This site is optimized with the Yoast SEO plugin v27.3 - https:\/\/yoast.com\/product\/yoast-seo-wordpress\/ -->\n<title>De toonaangevende hotels van de wereld - De L&#039;Europe Amsterdam<\/title>\n<meta name=\"description\" content=\"Word nu lid en verbeter uw reis met onge\u00ebvenaarde voordelen in het hele netwerk van Leading Hotels of the World.\" \/>\n<meta name=\"robots\" content=\"index, follow, max-snippet:-1, max-image-preview:large, max-video-preview:-1\" \/>\n<link rel=\"canonical\" href=\"https:\/\/www.deleurope.com\/nl\/the-leading-hotels-of-the-world\/\" \/>\n<meta property=\"og:locale\" content=\"nl_NL\" \/>\n<meta property=\"og:type\" content=\"article\" \/>\n<meta property=\"og:title\" content=\"De toonaangevende hotels van de wereld - De L&#039;Europe Amsterdam\" \/>\n<meta property=\"og:description\" content=\"Word nu lid en verbeter uw reis met onge\u00ebvenaarde voordelen in het hele netwerk van Leading Hotels of the World.\" \/>\n<meta property=\"og:url\" content=\"https:\/\/www.deleurope.com\/nl\/the-leading-hotels-of-the-world\/\" \/>\n<meta property=\"og:site_name\" content=\"De L&#039;Europe Amsterdam\" \/>\n<meta property=\"article:modified_time\" content=\"2024-12-11T13:32:17+00:00\" \/>\n<meta property=\"og:image\" content=\"https:\/\/www.deleurope.com\/wp-content\/uploads\/2024\/01\/DELEUROPE_Lowres_City-10.jpg\" \/>\n\t<meta property=\"og:image:width\" content=\"1680\" \/>\n\t<meta property=\"og:image:height\" content=\"727\" \/>\n\t<meta property=\"og:image:type\" content=\"image\/jpeg\" \/>\n<meta name=\"twitter:card\" content=\"summary_large_image\" \/>\n<meta name=\"twitter:label1\" content=\"Geschatte leestijd\" \/>\n\t<meta name=\"twitter:data1\" content=\"3 minuten\" \/>\n<script type=\"application\/ld+json\" class=\"yoast-schema-graph\">{\"@context\":\"https:\\\/\\\/schema.org\",\"@graph\":[{\"@type\":[\"WebPage\",\"FAQPage\"],\"@id\":\"https:\\\/\\\/www.deleurope.com\\\/nl\\\/the-leading-hotels-of-the-world\\\/\",\"url\":\"https:\\\/\\\/www.deleurope.com\\\/nl\\\/the-leading-hotels-of-the-world\\\/\",\"name\":\"De toonaangevende hotels van de wereld - De L&#039;Europe Amsterdam\",\"isPartOf\":{\"@id\":\"https:\\\/\\\/www.deleurope.com\\\/nl\\\/#website\"},\"primaryImageOfPage\":{\"@id\":\"https:\\\/\\\/www.deleurope.com\\\/nl\\\/the-leading-hotels-of-the-world\\\/#primaryimage\"},\"image\":{\"@id\":\"https:\\\/\\\/www.deleurope.com\\\/nl\\\/the-leading-hotels-of-the-world\\\/#primaryimage\"},\"thumbnailUrl\":\"https:\\\/\\\/www.deleurope.com\\\/wp-content\\\/uploads\\\/2024\\\/01\\\/DELEUROPE_Lowres_City-10.jpg\",\"datePublished\":\"2024-01-23T10:46:03+00:00\",\"dateModified\":\"2024-12-11T13:32:17+00:00\",\"description\":\"Word nu lid en verbeter uw reis met onge\u00ebvenaarde voordelen in het hele netwerk van Leading Hotels of the World.\",\"breadcrumb\":{\"@id\":\"https:\\\/\\\/www.deleurope.com\\\/nl\\\/the-leading-hotels-of-the-world\\\/#breadcrumb\"},\"mainEntity\":[{\"@id\":\"https:\\\/\\\/www.deleurope.com\\\/nl\\\/the-leading-hotels-of-the-world\\\/#faq-question-1697826231715\"},{\"@id\":\"https:\\\/\\\/www.deleurope.com\\\/nl\\\/the-leading-hotels-of-the-world\\\/#faq-question-1697827306389\"}],\"inLanguage\":\"nl-NL\",\"potentialAction\":[{\"@type\":\"ReadAction\",\"target\":[\"https:\\\/\\\/www.deleurope.com\\\/nl\\\/the-leading-hotels-of-the-world\\\/\"]}]},{\"@type\":\"ImageObject\",\"inLanguage\":\"nl-NL\",\"@id\":\"https:\\\/\\\/www.deleurope.com\\\/nl\\\/the-leading-hotels-of-the-world\\\/#primaryimage\",\"url\":\"https:\\\/\\\/www.deleurope.com\\\/wp-content\\\/uploads\\\/2024\\\/01\\\/DELEUROPE_Lowres_City-10.jpg\",\"contentUrl\":\"https:\\\/\\\/www.deleurope.com\\\/wp-content\\\/uploads\\\/2024\\\/01\\\/DELEUROPE_Lowres_City-10.jpg\",\"width\":1680,\"height\":727},{\"@type\":\"BreadcrumbList\",\"@id\":\"https:\\\/\\\/www.deleurope.com\\\/nl\\\/the-leading-hotels-of-the-world\\\/#breadcrumb\",\"itemListElement\":[{\"@type\":\"ListItem\",\"position\":1,\"name\":\"Home\",\"item\":\"https:\\\/\\\/www.deleurope.com\\\/nl\\\/\"},{\"@type\":\"ListItem\",\"position\":2,\"name\":\"De toonaangevende hotels van de wereld\"}]},{\"@type\":\"WebSite\",\"@id\":\"https:\\\/\\\/www.deleurope.com\\\/nl\\\/#website\",\"url\":\"https:\\\/\\\/www.deleurope.com\\\/nl\\\/\",\"name\":\"De L&#039;Europe Amsterdam\",\"description\":\"Home of original Amsterdam luxury.\",\"potentialAction\":[{\"@type\":\"SearchAction\",\"target\":{\"@type\":\"EntryPoint\",\"urlTemplate\":\"https:\\\/\\\/www.deleurope.com\\\/nl\\\/?s={search_term_string}\"},\"query-input\":{\"@type\":\"PropertyValueSpecification\",\"valueRequired\":true,\"valueName\":\"search_term_string\"}}],\"inLanguage\":\"nl-NL\"},{\"@type\":\"Question\",\"@id\":\"https:\\\/\\\/www.deleurope.com\\\/nl\\\/the-leading-hotels-of-the-world\\\/#faq-question-1697826231715\",\"position\":1,\"url\":\"https:\\\/\\\/www.deleurope.com\\\/nl\\\/the-leading-hotels-of-the-world\\\/#faq-question-1697826231715\",\"name\":\"What is Leaders Club?\",\"answerCount\":1,\"acceptedAnswer\":{\"@type\":\"Answer\",\"text\":\"Leaders Club is the complimentary guest membership program of the more than 400 remarkably uncommon hotels that comprise The Leading Hotels of the World. As a Leaders Club member, you\u2019ll receive special benefits, offers, and savings when you book through\u202f <a href=\\\"https:\\\/\\\/www.lhw.com\\\/customer-care\\\">LHW.com, an\u202fLHW Worldwide Reservations and Service Center<\\\/a>, websites for <a href=\\\"https:\\\/\\\/www.lhw.com\\\/leaders-club\\\/hotel-direct\\\">select Member Hotels<\\\/a>, or your local travel agent. Learn more <a href=\\\"https:\\\/\\\/www.lhw.com\\\/leaders-club\\\/faqs\\\">About Leaders Club<\\\/a>.\",\"inLanguage\":\"nl-NL\"},\"inLanguage\":\"nl-NL\"},{\"@type\":\"Question\",\"@id\":\"https:\\\/\\\/www.deleurope.com\\\/nl\\\/the-leading-hotels-of-the-world\\\/#faq-question-1697827306389\",\"position\":2,\"url\":\"https:\\\/\\\/www.deleurope.com\\\/nl\\\/the-leading-hotels-of-the-world\\\/#faq-question-1697827306389\",\"name\":\"How do I join Leaders Club?\",\"answerCount\":1,\"acceptedAnswer\":{\"@type\":\"Answer\",\"text\":\"To join Leaders Club, visit <a href=\\\"https:\\\/\\\/www.lhw.com\\\/account\\\/membership-signup\\\">membership sign-up<\\\/a> or call an LHW Worldwide <a href=\\\"https:\\\/\\\/www.lhw.com\\\/leaders-club\\\/hotel-direct\\\">Reservations and Service Center<\\\/a>. You can also join Leaders Club by visiting websites for <a href=\\\"https:\\\/\\\/www.lhw.com\\\/leaders-club\\\/hotel-direct\\\">select Member Hotels<\\\/a>.\",\"inLanguage\":\"nl-NL\"},\"inLanguage\":\"nl-NL\"}]}<\/script>\n<!-- \/ Yoast SEO plugin. -->","yoast_head_json":{"title":"De toonaangevende hotels van de wereld - De L&#039;Europe Amsterdam","description":"Word nu lid en verbeter uw reis met onge\u00ebvenaarde voordelen in het hele netwerk van Leading Hotels of the World.","robots":{"index":"index","follow":"follow","max-snippet":"max-snippet:-1","max-image-preview":"max-image-preview:large","max-video-preview":"max-video-preview:-1"},"canonical":"https:\/\/www.deleurope.com\/nl\/the-leading-hotels-of-the-world\/","og_locale":"nl_NL","og_type":"article","og_title":"De toonaangevende hotels van de wereld - De L&#039;Europe Amsterdam","og_description":"Word nu lid en verbeter uw reis met onge\u00ebvenaarde voordelen in het hele netwerk van Leading Hotels of the World.","og_url":"https:\/\/www.deleurope.com\/nl\/the-leading-hotels-of-the-world\/","og_site_name":"De L&#039;Europe Amsterdam","article_modified_time":"2024-12-11T13:32:17+00:00","og_image":[{"width":1680,"height":727,"url":"https:\/\/www.deleurope.com\/wp-content\/uploads\/2024\/01\/DELEUROPE_Lowres_City-10.jpg","type":"image\/jpeg"}],"twitter_card":"summary_large_image","twitter_misc":{"Geschatte leestijd":"3 minuten"},"schema":{"@context":"https:\/\/schema.org","@graph":[{"@type":["WebPage","FAQPage"],"@id":"https:\/\/www.deleurope.com\/nl\/the-leading-hotels-of-the-world\/","url":"https:\/\/www.deleurope.com\/nl\/the-leading-hotels-of-the-world\/","name":"De toonaangevende hotels van de wereld - De L&#039;Europe Amsterdam","isPartOf":{"@id":"https:\/\/www.deleurope.com\/nl\/#website"},"primaryImageOfPage":{"@id":"https:\/\/www.deleurope.com\/nl\/the-leading-hotels-of-the-world\/#primaryimage"},"image":{"@id":"https:\/\/www.deleurope.com\/nl\/the-leading-hotels-of-the-world\/#primaryimage"},"thumbnailUrl":"https:\/\/www.deleurope.com\/wp-content\/uploads\/2024\/01\/DELEUROPE_Lowres_City-10.jpg","datePublished":"2024-01-23T10:46:03+00:00","dateModified":"2024-12-11T13:32:17+00:00","description":"Word nu lid en verbeter uw reis met onge\u00ebvenaarde voordelen in het hele netwerk van Leading Hotels of the World.","breadcrumb":{"@id":"https:\/\/www.deleurope.com\/nl\/the-leading-hotels-of-the-world\/#breadcrumb"},"mainEntity":[{"@id":"https:\/\/www.deleurope.com\/nl\/the-leading-hotels-of-the-world\/#faq-question-1697826231715"},{"@id":"https:\/\/www.deleurope.com\/nl\/the-leading-hotels-of-the-world\/#faq-question-1697827306389"}],"inLanguage":"nl-NL","potentialAction":[{"@type":"ReadAction","target":["https:\/\/www.deleurope.com\/nl\/the-leading-hotels-of-the-world\/"]}]},{"@type":"ImageObject","inLanguage":"nl-NL","@id":"https:\/\/www.deleurope.com\/nl\/the-leading-hotels-of-the-world\/#primaryimage","url":"https:\/\/www.deleurope.com\/wp-content\/uploads\/2024\/01\/DELEUROPE_Lowres_City-10.jpg","contentUrl":"https:\/\/www.deleurope.com\/wp-content\/uploads\/2024\/01\/DELEUROPE_Lowres_City-10.jpg","width":1680,"height":727},{"@type":"BreadcrumbList","@id":"https:\/\/www.deleurope.com\/nl\/the-leading-hotels-of-the-world\/#breadcrumb","itemListElement":[{"@type":"ListItem","position":1,"name":"Home","item":"https:\/\/www.deleurope.com\/nl\/"},{"@type":"ListItem","position":2,"name":"De toonaangevende hotels van de wereld"}]},{"@type":"WebSite","@id":"https:\/\/www.deleurope.com\/nl\/#website","url":"https:\/\/www.deleurope.com\/nl\/","name":"De L&#039;Europe Amsterdam","description":"Home of original Amsterdam luxury.","potentialAction":[{"@type":"SearchAction","target":{"@type":"EntryPoint","urlTemplate":"https:\/\/www.deleurope.com\/nl\/?s={search_term_string}"},"query-input":{"@type":"PropertyValueSpecification","valueRequired":true,"valueName":"search_term_string"}}],"inLanguage":"nl-NL"},{"@type":"Question","@id":"https:\/\/www.deleurope.com\/nl\/the-leading-hotels-of-the-world\/#faq-question-1697826231715","position":1,"url":"https:\/\/www.deleurope.com\/nl\/the-leading-hotels-of-the-world\/#faq-question-1697826231715","name":"What is Leaders Club?","answerCount":1,"acceptedAnswer":{"@type":"Answer","text":"Leaders Club is the complimentary guest membership program of the more than 400 remarkably uncommon hotels that comprise The Leading Hotels of the World. As a Leaders Club member, you\u2019ll receive special benefits, offers, and savings when you book through\u202f <a href=\"https:\/\/www.lhw.com\/customer-care\">LHW.com, an\u202fLHW Worldwide Reservations and Service Center<\/a>, websites for <a href=\"https:\/\/www.lhw.com\/leaders-club\/hotel-direct\">select Member Hotels<\/a>, or your local travel agent. Learn more <a href=\"https:\/\/www.lhw.com\/leaders-club\/faqs\">About Leaders Club<\/a>.","inLanguage":"nl-NL"},"inLanguage":"nl-NL"},{"@type":"Question","@id":"https:\/\/www.deleurope.com\/nl\/the-leading-hotels-of-the-world\/#faq-question-1697827306389","position":2,"url":"https:\/\/www.deleurope.com\/nl\/the-leading-hotels-of-the-world\/#faq-question-1697827306389","name":"How do I join Leaders Club?","answerCount":1,"acceptedAnswer":{"@type":"Answer","text":"To join Leaders Club, visit <a href=\"https:\/\/www.lhw.com\/account\/membership-signup\">membership sign-up<\/a> or call an LHW Worldwide <a href=\"https:\/\/www.lhw.com\/leaders-club\/hotel-direct\">Reservations and Service Center<\/a>. You can also join Leaders Club by visiting websites for <a href=\"https:\/\/www.lhw.com\/leaders-club\/hotel-direct\">select Member Hotels<\/a>.","inLanguage":"nl-NL"},"inLanguage":"nl-NL"}]}},"featured_image_src":"https:\/\/www.deleurope.com\/wp-content\/uploads\/2024\/01\/DELEUROPE_Lowres_City-10-600x400.jpg","featured_image_src_square":"https:\/\/www.deleurope.com\/wp-content\/uploads\/2024\/01\/DELEUROPE_Lowres_City-10-600x600.jpg","_links":{"self":[{"href":"https:\/\/www.deleurope.com\/nl\/wp-json\/wp\/v2\/pages\/3263","targetHints":{"allow":["GET"]}}],"collection":[{"href":"https:\/\/www.deleurope.com\/nl\/wp-json\/wp\/v2\/pages"}],"about":[{"href":"https:\/\/www.deleurope.com\/nl\/wp-json\/wp\/v2\/types\/page"}],"author":[{"embeddable":true,"href":"https:\/\/www.deleurope.com\/nl\/wp-json\/wp\/v2\/users\/17"}],"replies":[{"embeddable":true,"href":"https:\/\/www.deleurope.com\/nl\/wp-json\/wp\/v2\/comments?post=3263"}],"version-history":[{"count":0,"href":"https:\/\/www.deleurope.com\/nl\/wp-json\/wp\/v2\/pages\/3263\/revisions"}],"wp:featuredmedia":[{"embeddable":true,"href":"https:\/\/www.deleurope.com\/nl\/wp-json\/wp\/v2\/media\/3265"}],"wp:attachment":[{"href":"https:\/\/www.deleurope.com\/nl\/wp-json\/wp\/v2\/media?parent=3263"}],"curies":[{"name":"wp","href":"https:\/\/api.w.org\/{rel}","templated":true}]}}